{"id":4644,"date":"2025-09-23T16:05:04","date_gmt":"2025-09-23T15:05:04","guid":{"rendered":"https:\/\/medicaltravel.ch\/hasta-raporlari\/erfahrungsberichte-empfehlungen-behandlungen-beurteilung-tuerkei-istanbul\/antalya-tuerkiyede-diyaliz-tedavisine-iliskin-deneyim-raporu\/"},"modified":"2026-01-12T17:12:15","modified_gmt":"2026-01-12T16:12:15","slug":"antalya-tuerkiyede-diyaliz-tedavisine-iliskin-deneyim-raporu","status":"publish","type":"page","link":"https:\/\/medicaltravel.ch\/tr\/hasta-raporlari\/referanslar-tavsiyeler-tedaviler-degerlendirmeler-turkiye-istanbul\/antalya-tuerkiyede-diyaliz-tedavisine-iliskin-deneyim-raporu\/","title":{"rendered":"Antalya, T\u00fcrkiye&#8217;de diyaliz tedavisine ili\u015fkin deneyim raporu"},"content":{"rendered":"\n<p>Manavgat, Antalya, T\u00fcrkiye&#8217;deki Diyaliz Tedavisi Deneyimim<br>Manavgat&#8217;ta tatil d\u00f6neminde ald\u0131\u011f\u0131m diyaliz tedavisi deneyimimi payla\u015fmak istiyorum. \u0130lkbaharda iki seans rezervasyonu yapt\u0131rd\u0131m ve <a href=\"https:\/\/medicaltravel.ch\/tr\/\" data-type=\"page\" data-id=\"6\">MedicalTravel <\/a>taraf\u0131ndan bir g\u00fcn i\u00e7inde onayland\u0131. <\/p>\n\n\n\n<p>Aufgrund einer Verschlechterung der Krankheit musste innert Tagen neu 3 Termine aushandeln. Auch dies wurde umgehend best\u00e4tigt. <\/p>\n\n\n\n<p>Teslim alma hizmeti kusursuz \u00e7al\u0131\u015ft\u0131.<\/p>\n\n\n\n<p>Diyaliz y\u00f6neticisiyle Almanca ileti\u015fim m\u00fckemmeldi. Doktor ziyareti terc\u00fcme edildi.<\/p>\n\n\n\n<p>Side&#8217;ye 4 km uzakl\u0131ktaki <a href=\"https:\/\/medicaltravel.ch\/tr\/dializ-tatili\/dializ-tatili\/\" data-type=\"page\" data-id=\"195\">Manavgat&#8217;ta tatil diyalizini<\/a> \u015fiddetle tavsiye ederim.<\/p>\n\n\n\n<p>Sayg\u0131lar\u0131mla,<br>Arnold Reinhard<\/p>\n\n\n\n<div class=\"wp-block-group is-layout-grid wp-container-core-group-is-layout-baef362d wp-block-group-is-layout-grid\">\n<p><a href=\"https:\/\/medicaltravel.at\/home\/agb\/\" data-type=\"page\" data-id=\"2191\" rel=\"nofollow noopener\" target=\"_blank\"><\/a><a href=\"https:\/\/medicaltravel.ch\/tr\/hasta-raporlari\/referanslar-tavsiyeler-tedaviler-degerlendirmeler-turkiye-istanbul\/istanbulda-yaptirdigim-meme-ameliyati-hakkindaki-degerlendirmem\/\" data-type=\"link\" data-id=\"https:\/\/medicaltravel.ch\/tr\/hasta-raporlari\/referanslar-tavsiyeler-tedaviler-degerlendirmeler-turkiye-istanbul\/istanbulda-yaptirdigim-meme-ameliyati-hakkindaki-degerlendirmem\/\">\u00d6nceki rapor<\/a><\/p>\n\n\n\n<p class=\"has-text-align-right wp-container-content-5e2576f9\"><a href=\"https:\/\/medicaltravel.at\/home\/impressum\/\" data-type=\"page\" data-id=\"2193\" rel=\"nofollow noopener\" target=\"_blank\"><\/a><a href=\"https:\/\/medicaltravel.at\/home\/berichte-von-patienten\/erfahrungsberichte\/erfahrungsbericht-zahnbehandlung-in-istanbul\/\" data-type=\"page\" data-id=\"981\" rel=\"nofollow noopener\" target=\"_blank\"><\/a><a href=\"https:\/\/medicaltravel.ch\/tr\/hasta-raporlari\/referanslar-tavsiyeler-tedaviler-degerlendirmeler-turkiye-istanbul\/kaygili-hastalar-icin-deneyim-raporu-tuerkiyede-ortodontik-tedavi\/\" data-type=\"link\" data-id=\"https:\/\/medicaltravel.ch\/tr\/hasta-raporlari\/referanslar-tavsiyeler-tedaviler-degerlendirmeler-turkiye-istanbul\/kaygili-hastalar-icin-deneyim-raporu-tuerkiyede-ortodontik-tedavi\/\">Bir sonraki rapor<\/a><\/p>\n<\/div>\n","protected":false},"excerpt":{"rendered":"<p>Manavgat, Antalya, T\u00fcrkiye&#8217;deki Diyaliz Tedavisi DeneyimimManavgat&#8217;ta tatil d\u00f6neminde ald\u0131\u011f\u0131m diyaliz tedavisi deneyimimi payla\u015fmak istiyorum. \u0130lkbaharda iki seans rezervasyonu yapt\u0131rd\u0131m ve MedicalTravel taraf\u0131ndan bir g\u00fcn i\u00e7inde onayland\u0131. Aufgrund einer Verschlechterung der Krankheit musste innert Tagen neu 3 Termine aushandeln. Auch dies wurde umgehend best\u00e4tigt. Teslim alma hizmeti kusursuz \u00e7al\u0131\u015ft\u0131. Diyaliz y\u00f6neticisiyle Almanca ileti\u015fim m\u00fckemmeldi. Doktor ziyareti terc\u00fcme edildi. Side&#8217;ye 4 km uzakl\u0131ktaki Manavgat&#8217;ta tatil diyalizini \u015fiddetle tavsiye ederim. Sayg\u0131lar\u0131mla,Arnold Reinhard \u00d6nceki rapor Bir sonraki rapor<\/p>\n","protected":false},"author":4,"featured_media":0,"parent":4587,"menu_order":0,"comment_status":"closed","ping_status":"closed","template":"","meta":{"_joinchat":[],"footnotes":""},"class_list":["post-4644","page","type-page","status-publish","hentry"],"acf":[],"_links":{"self":[{"href":"https:\/\/medicaltravel.ch\/tr\/wp-json\/wp\/v2\/pages\/4644","targetHints":{"allow":["GET"]}}],"collection":[{"href":"https:\/\/medicaltravel.ch\/tr\/wp-json\/wp\/v2\/pages"}],"about":[{"href":"https:\/\/medicaltravel.ch\/tr\/wp-json\/wp\/v2\/types\/page"}],"author":[{"embeddable":true,"href":"https:\/\/medicaltravel.ch\/tr\/wp-json\/wp\/v2\/users\/4"}],"replies":[{"embeddable":true,"href":"https:\/\/medicaltravel.ch\/tr\/wp-json\/wp\/v2\/comments?post=4644"}],"version-history":[{"count":0,"href":"https:\/\/medicaltravel.ch\/tr\/wp-json\/wp\/v2\/pages\/4644\/revisions"}],"up":[{"embeddable":true,"href":"https:\/\/medicaltravel.ch\/tr\/wp-json\/wp\/v2\/pages\/4587"}],"wp:attachment":[{"href":"https:\/\/medicaltravel.ch\/tr\/wp-json\/wp\/v2\/media?parent=4644"}],"curies":[{"name":"wp","href":"https:\/\/api.w.org\/{rel}","templated":true}]}}