{"id":4646,"date":"2025-09-23T17:47:35","date_gmt":"2025-09-23T16:47:35","guid":{"rendered":"https:\/\/medicaltravel.ch\/hasta-raporlari\/erfahrungsberichte-empfehlungen-behandlungen-beurteilung-tuerkei-istanbul\/istanbul-tuerkiyede-sac-ekimi-deneyim-raporu-10-agustos-2015-pazartesi-tarihli-rapor\/"},"modified":"2026-01-12T19:25:27","modified_gmt":"2026-01-12T18:25:27","slug":"istanbul-tuerkiyede-sac-ekimi-deneyim-raporu-10-agustos-2015-pazartesi-tarihli-rapor","status":"publish","type":"page","link":"https:\/\/medicaltravel.ch\/tr\/hasta-raporlari\/referanslar-tavsiyeler-tedaviler-degerlendirmeler-turkiye-istanbul\/istanbul-tuerkiyede-sac-ekimi-deneyim-raporu-10-agustos-2015-pazartesi-tarihli-rapor\/","title":{"rendered":"\u0130stanbul, T\u00fcrkiye&#8217;de Sa\u00e7 Ekimi Deneyim Raporu \u2013 10 A\u011fustos 2015 Pazartesi Tarihli Rapor"},"content":{"rendered":"\n<p>\u0130stanbul, T\u00fcrkiye&#8217;de Sa\u00e7 Ekimi Deneyim Raporu \u2013 10 A\u011fustos 2015 Pazartesi Tarihli Rapor<\/p>\n\n\n\n<p>26 Ocak 2015&#8217;te Z\u00fcrih&#8217;ten \u0130stanbul&#8217;a u\u00e7tum ve 29 Ocak 2015&#8217;te geri d\u00f6nd\u00fcm.<\/p>\n\n\n\n<p>26 Ocak 2015&#8217;te havaalan\u0131nda \u00e7ok nazik\u00e7e kar\u015f\u0131land\u0131m, ard\u0131ndan do\u011frudan Ac\u0131badem hastanesine gittim, orada \u00f6nleyici bir muayene oldum ve hemen PRP (mevcut sa\u00e7 k\u00f6klerini g\u00fc\u00e7lendirmek i\u00e7in) uygulamas\u0131 yap\u0131ld\u0131.<\/p>\n\n\n\n<p>Ertesi g\u00fcn 3200 greft implante edildi. PRP i\u015fleminde, a\u011fr\u0131ya neden olan ancak dayan\u0131labilir d\u00fczeyde olan enjeksiyonlar yap\u0131l\u0131r. \u0130\u015flem \u00f6ncesi a\u011fr\u0131, PRP i\u015flemindekiyle ayn\u0131d\u0131r. <\/p>\n\n\n\n<p>\u0130\u015flem s\u0131ras\u0131nda kesinlikle hi\u00e7bir a\u011fr\u0131 hissetmiyorsunuz; sadece personelin konu\u015fmalar\u0131n\u0131 duyabiliyorsunuz. Tedavi yakla\u015f\u0131k 4 dakika 30 saniye s\u00fcrd\u00fc. <\/p>\n\n\n\n<p>28 Ocak 2015&#8217;te kontrol randevum vard\u0131 ve doktor pansuman\u0131 de\u011fi\u015ftirdi; her \u015fey yolunda gitti. Bana bak\u0131m \u00fcr\u00fcnleri verildi ve bunlar\u0131n nas\u0131l kullan\u0131laca\u011f\u0131na dair ayr\u0131nt\u0131l\u0131 talimatlar verildi. <\/p>\n\n\n\n<p>29 Ocak 2015&#8217;te eve geri d\u00f6nd\u00fcm.<\/p>\n\n\n\n<p>30 Ocak 2015&#8217;ten itibaren a\u011fr\u0131 hissetmeye ba\u015flad\u0131m ve y\u00fcz\u00fcm hafif\u00e7e \u015fi\u015fti; a\u011fr\u0131n\u0131n yakla\u015f\u0131k 10 g\u00fcn s\u00fcrece\u011fini tahmin ediyorum.<\/p>\n\n\n\n<p>Hastane taraf\u0131ndan sa\u011flanan losyon ve \u015fampuan 14 g\u00fcn boyunca her g\u00fcn kullan\u0131lmal\u0131d\u0131r.<\/p>\n\n\n\n<p>MedicalTravel bana \u00e7ok profesyonel tavsiyelerde bulundu ve kendimi \u00e7ok iyi desteklenmi\u015f hissetmemi sa\u011flad\u0131.<\/p>\n\n\n\n<p>Bu t\u00fcr bir i\u015flemi MedicalTravel ile tekrar yapt\u0131rmaktan memnuniyet duyar\u0131m; MedicalTravel&#8217;a tam g\u00fcvenim var.<\/p>\n\n\n\n<p>Sayg\u0131lar\u0131mla<\/p>\n\n\n\n<p>Patrick Fluder<\/p>\n\n\n\n<div class=\"wp-block-group is-layout-grid wp-container-core-group-is-layout-baef362d wp-block-group-is-layout-grid\">\n<p><a href=\"https:\/\/medicaltravel.at\/home\/agb\/\" data-type=\"page\" data-id=\"2191\" rel=\"nofollow noopener\" target=\"_blank\"><\/a><a href=\"https:\/\/medicaltravel.ch\/tr\/hasta-raporlari\/referanslar-tavsiyeler-tedaviler-degerlendirmeler-turkiye-istanbul\/istanbulda-meme-diklestirme-ameliyatim-nisan-2015-27-agustos-2015-persembe-tarihli-rapor\/\" data-type=\"link\" data-id=\"https:\/\/medicaltravel.ch\/tr\/hasta-raporlari\/referanslar-tavsiyeler-tedaviler-degerlendirmeler-turkiye-istanbul\/istanbulda-meme-diklestirme-ameliyatim-nisan-2015-27-agustos-2015-persembe-tarihli-rapor\/\">\u00d6nceki rapor<\/a><\/p>\n\n\n\n<p class=\"has-text-align-right wp-container-content-5e2576f9\"><a href=\"https:\/\/medicaltravel.at\/home\/impressum\/\" data-type=\"page\" data-id=\"2193\" rel=\"nofollow noopener\" target=\"_blank\"><\/a><a href=\"https:\/\/medicaltravel.at\/home\/berichte-von-patienten\/erfahrungsberichte\/erfahrungsbericht-zahnbehandlung-in-istanbul\/\" data-type=\"page\" data-id=\"981\" rel=\"nofollow noopener\" target=\"_blank\"><\/a><a href=\"https:\/\/medicaltravel.ch\/tr\/hasta-raporlari\/referanslar-tavsiyeler-tedaviler-degerlendirmeler-turkiye-istanbul\/istanbuldaki-ortodontik-tedavim-icin-muekemmel-organizasyon-ve-oezen-23-haziran-2015-sali-tarihli-rapor\/\" data-type=\"link\" data-id=\"https:\/\/medicaltravel.ch\/tr\/hasta-raporlari\/referanslar-tavsiyeler-tedaviler-degerlendirmeler-turkiye-istanbul\/istanbuldaki-ortodontik-tedavim-icin-muekemmel-organizasyon-ve-oezen-23-haziran-2015-sali-tarihli-rapor\/\">Bir sonraki rapor<\/a><\/p>\n<\/div>\n","protected":false},"excerpt":{"rendered":"<p>\u0130stanbul, T\u00fcrkiye&#8217;de Sa\u00e7 Ekimi Deneyim Raporu \u2013 10 A\u011fustos 2015 Pazartesi Tarihli Rapor 26 Ocak 2015&#8217;te Z\u00fcrih&#8217;ten \u0130stanbul&#8217;a u\u00e7tum ve 29 Ocak 2015&#8217;te geri d\u00f6nd\u00fcm. 26 Ocak 2015&#8217;te havaalan\u0131nda \u00e7ok nazik\u00e7e kar\u015f\u0131land\u0131m, ard\u0131ndan do\u011frudan Ac\u0131badem hastanesine gittim, orada \u00f6nleyici bir muayene oldum ve hemen PRP (mevcut sa\u00e7 k\u00f6klerini g\u00fc\u00e7lendirmek i\u00e7in) uygulamas\u0131 yap\u0131ld\u0131. Ertesi g\u00fcn 3200 greft implante edildi. PRP i\u015fleminde, a\u011fr\u0131ya neden olan ancak dayan\u0131labilir d\u00fczeyde olan enjeksiyonlar yap\u0131l\u0131r. \u0130\u015flem \u00f6ncesi a\u011fr\u0131, PRP i\u015flemindekiyle ayn\u0131d\u0131r. \u0130\u015flem s\u0131ras\u0131nda kesinlikle hi\u00e7bir a\u011fr\u0131 hissetmiyorsunuz; sadece personelin konu\u015fmalar\u0131n\u0131 duyabiliyorsunuz. Tedavi yakla\u015f\u0131k 4 dakika 30 saniye s\u00fcrd\u00fc. 28 Ocak 2015&#8217;te kontrol randevum vard\u0131 ve doktor pansuman\u0131 de\u011fi\u015ftirdi; her \u015fey yolunda gitti. Bana bak\u0131m \u00fcr\u00fcnleri verildi ve bunlar\u0131n nas\u0131l kullan\u0131laca\u011f\u0131na dair ayr\u0131nt\u0131l\u0131 talimatlar verildi. 29 Ocak 2015&#8217;te eve geri d\u00f6nd\u00fcm. 30 Ocak 2015&#8217;ten itibaren a\u011fr\u0131 hissetmeye ba\u015flad\u0131m ve y\u00fcz\u00fcm hafif\u00e7e \u015fi\u015fti; a\u011fr\u0131n\u0131n yakla\u015f\u0131k 10 g\u00fcn s\u00fcrece\u011fini tahmin ediyorum. Hastane taraf\u0131ndan sa\u011flanan losyon ve \u015fampuan 14 g\u00fcn boyunca her g\u00fcn kullan\u0131lmal\u0131d\u0131r. MedicalTravel bana \u00e7ok profesyonel tavsiyelerde bulundu ve kendimi \u00e7ok iyi desteklenmi\u015f hissetmemi sa\u011flad\u0131. Bu t\u00fcr bir i\u015flemi MedicalTravel ile tekrar yapt\u0131rmaktan memnuniyet duyar\u0131m; MedicalTravel&#8217;a tam g\u00fcvenim var. Sayg\u0131lar\u0131mla Patrick Fluder \u00d6nceki rapor Bir sonraki rapor<\/p>\n","protected":false},"author":4,"featured_media":0,"parent":4587,"menu_order":0,"comment_status":"closed","ping_status":"closed","template":"","meta":{"_joinchat":[],"footnotes":""},"class_list":["post-4646","page","type-page","status-publish","hentry"],"acf":[],"_links":{"self":[{"href":"https:\/\/medicaltravel.ch\/tr\/wp-json\/wp\/v2\/pages\/4646","targetHints":{"allow":["GET"]}}],"collection":[{"href":"https:\/\/medicaltravel.ch\/tr\/wp-json\/wp\/v2\/pages"}],"about":[{"href":"https:\/\/medicaltravel.ch\/tr\/wp-json\/wp\/v2\/types\/page"}],"author":[{"embeddable":true,"href":"https:\/\/medicaltravel.ch\/tr\/wp-json\/wp\/v2\/users\/4"}],"replies":[{"embeddable":true,"href":"https:\/\/medicaltravel.ch\/tr\/wp-json\/wp\/v2\/comments?post=4646"}],"version-history":[{"count":2,"href":"https:\/\/medicaltravel.ch\/tr\/wp-json\/wp\/v2\/pages\/4646\/revisions"}],"predecessor-version":[{"id":6424,"href":"https:\/\/medicaltravel.ch\/tr\/wp-json\/wp\/v2\/pages\/4646\/revisions\/6424"}],"up":[{"embeddable":true,"href":"https:\/\/medicaltravel.ch\/tr\/wp-json\/wp\/v2\/pages\/4587"}],"wp:attachment":[{"href":"https:\/\/medicaltravel.ch\/tr\/wp-json\/wp\/v2\/media?parent=4646"}],"curies":[{"name":"wp","href":"https:\/\/api.w.org\/{rel}","templated":true}]}}