{"id":4654,"date":"2025-09-23T15:52:49","date_gmt":"2025-09-23T14:52:49","guid":{"rendered":"https:\/\/medicaltravel.ch\/hasta-raporlari\/erfahrungsberichte-empfehlungen-behandlungen-beurteilung-tuerkei-istanbul\/deneyim-raporu-istanbulda-kadinlar-icin-sac-ekimi-hasta-yorumu\/"},"modified":"2026-01-12T17:06:34","modified_gmt":"2026-01-12T16:06:34","slug":"deneyim-raporu-istanbulda-kadinlar-icin-sac-ekimi-hasta-yorumu","status":"publish","type":"page","link":"https:\/\/medicaltravel.ch\/tr\/hasta-raporlari\/referanslar-tavsiyeler-tedaviler-degerlendirmeler-turkiye-istanbul\/deneyim-raporu-istanbulda-kadinlar-icin-sac-ekimi-hasta-yorumu\/","title":{"rendered":"Deneyim raporu: \u0130stanbul&#8217;da kad\u0131nlar i\u00e7in sa\u00e7 ekimi &#8211; Hasta yorumu"},"content":{"rendered":"\n<p><strong>Aral\u0131k 2023&#8217;te MedicalTravel arac\u0131l\u0131\u011f\u0131yla \u0130stanbul&#8217;da bir kad\u0131na yap\u0131lan sa\u00e7 ekimi hakk\u0131nda yap\u0131lan referans.<\/strong><\/p>\n\n\n\n<p>Uzun zamand\u0131r seyrek sa\u00e7lardan \u015fikayet\u00e7iydim. \u00d6zellikle tepe ve arka k\u0131sm\u0131 etkileyen bir sorundu. Bir foto\u011frafta, video g\u00f6r\u00fc\u015fmesinde ya da \u00e7evrimi\u00e7i bir toplant\u0131da ekranda kendimi g\u00f6rd\u00fc\u011f\u00fcmde her seferinde \u00e7ok rahats\u0131z oluyordum. Yakla\u015f\u0131k on y\u0131l \u00f6nce, miyopimi lazer tedavisiyle tedavi etmek i\u00e7in <a href=\"https:\/\/medicaltravel.ch\/tr\/tibbi-seyahat\/\" data-type=\"page\" data-id=\"10\">MedicalTravel <\/a>ile <a href=\"https:\/\/medicaltravel.ch\/tr\/neden-tuerkiye\/tuerkiyenin-sehirleri\/istanbul-bir-sehir-olarak\/\" data-type=\"page\" data-id=\"20\">\u0130stanbul&#8217;a <\/a>gitmi\u015ftim. O zamanki seyahatimde, MedicalTravel&#8217;in organizasyonu ve tedavi sonu\u00e7lar\u0131yla \u00e7ok memnun kalm\u0131\u015ft\u0131m. Bu nedenle, planlad\u0131\u011f\u0131m sa\u00e7 ekimini de yine MedicalTravel \u00fczerinden organize ettirece\u011fime karar vermi\u015ftim.     <\/p>\n\n\n\n<p>Zug\u2019daki \u00f6n muayene gayet iyi ge\u00e7ti, \u0130stanbul\u2019dan gelen dan\u0131\u015fman doktor \u0130ngilizce konu\u015fabiliyordu, ancak ayn\u0131 zamanda orada bir Almanca terc\u00fcman\u0131 da vard\u0131. B\u00f6ylece herhangi bir yanl\u0131\u015f anlaman\u0131n \u00f6n\u00fcne ge\u00e7ildi ve t\u00fcm sorular\u0131m\u0131 sorabildim. MedicalTravel, yap\u0131lan kons\u00fcltasyona dayanarak bana bir teklif sundu. <a href=\"https:\/\/medicaltravel.ch\/tr\/yil-2020\/ay-nisan-2020\/tarih-23-nisan-2020\/23-nisan-2020-yorum-yok\/\" data-type=\"page\" data-id=\"247\">Zug&#8217;daki dan\u0131\u015fmanl\u0131k randevusu ise<\/a> tamamen \u00fccretsiz ve ba\u011flay\u0131c\u0131 de\u011fildi.  <\/p>\n\n\n\n<p>Sonunda bu tedaviyi yapt\u0131rmaya karar verdim. Bana, sa\u00e7 ekimi i\u00e7in mutlaka tam t\u0131ra\u015f olman\u0131n gerekti\u011fi s\u00f6ylendi. O zaman dedim ki, &#8220;\u015eimdi bir kez kel bir kafa, yoksa hayat\u0131m boyunca sa\u00e7lar\u0131mla rahats\u0131z hissetmeye devam edece\u011fim.&#8221;  <\/p>\n\n\n\n<p>Organizasyon, on y\u0131l \u00f6nce oldu\u011fu gibi, yine sorunsuz bir \u015fekilde ger\u00e7ekle\u015fti. \u0130stanbul&#8217;a seyahatimden bir g\u00fcn \u00f6nce, \u015fof\u00f6r\u00fcm WhatsApp \u00fczerinden benimle ileti\u015fime ge\u00e7ti. Havaalan\u0131n\u0131 terk etti\u011fimde gitmem gereken yeri bir videoyla g\u00f6sterdi ve u\u00e7u\u015f numaram\u0131 sordu. Ertesi g\u00fcn \u0130stanbul&#8217;a indi\u011fimde, iyi bir \u015fekilde var\u0131p varmad\u0131\u011f\u0131m\u0131 sordular ve bulu\u015fma noktas\u0131n\u0131 bir kez daha tekrarlad\u0131lar. Oraya vard\u0131\u011f\u0131mda, di\u011fer hastalar i\u00e7in biraz daha bekledik. Bu arada bir T\u00fcrk \u00e7ay\u0131 ikram edildi. \u015eof\u00f6r ne Almanca ne de \u0130ngilizce konu\u015fabiliyordu, ama Google Translate sayesinde ileti\u015fimde hi\u00e7bir problem ya\u015fanmad\u0131. Ayr\u0131ca, geldi\u011fimde yak\u0131nda bir terc\u00fcman taraf\u0131ndan arand\u0131m ve ertesi g\u00fcn yap\u0131lacak tedavi hakk\u0131nda bilgilendirildim.       <\/p>\n\n\n\n<p>Ertesi g\u00fcn, terc\u00fcman\u0131m beni zaman\u0131nda almak i\u00e7in taksiyle geldi. As\u0131l \u015fof\u00f6r, trafikte s\u0131k\u0131\u015f\u0131p kald\u0131 (\u0130stanbul gibi bir \u015fehirde bu \u00e7ok normal). Klinik ve hastaya vard\u0131\u011f\u0131m\u0131zda, hemen doktordan (Zug&#8217;dakiyle ayn\u0131) bir muayene yap\u0131ld\u0131. Sa\u00e7 \u00e7izgimi \u00e7izdi ve sa\u011fl\u0131k durumum, alerjilerim ya da kulland\u0131\u011f\u0131m ila\u00e7lar hakk\u0131nda tekrar sorular sordu. Tedaviye engel olabilecek bir \u015fey olmad\u0131\u011f\u0131 i\u00e7in i\u015flem hemen devam etti. Ard\u0131ndan, sanki 100 sayfal\u0131k bir onay formunu (Almanca) imzalad\u0131ktan sonra, bir operasyon asistan\u0131 ba\u015f\u0131m\u0131 t\u0131ra\u015f etti. Sonras\u0131nda foto\u011fraflar \u00e7ekildi ve asistan lokal anesteziyi enjekte etmeye ba\u015flad\u0131. Bu biraz ac\u0131l\u0131yd\u0131 \u00e7\u00fcnk\u00fc ila\u00e7 olduk\u00e7a yan\u0131c\u0131yd\u0131. Neyse ki, ilac\u0131n etkisi k\u0131sa s\u00fcrede ba\u015flad\u0131. Sonraki i\u015flem biraz sab\u0131r gerektirdi. \u00d6ncelikle, arka kafa b\u00f6lgesindeki greftler al\u0131nd\u0131. Bunun i\u00e7in karn\u0131ma y\u00fcz\u00fcst\u00fc yatmam gerekiyordu. Ba\u015far\u0131l\u0131 bir \u015fekilde greftler al\u0131nd\u0131ktan sonra, \u015femsiye ve tepe b\u00f6lgelerine yerle\u015ftirme i\u015flemine ge\u00e7ildi. Yerle\u015ftirme i\u015flemi s\u0131rt \u00fcst\u00fc rahat bir \u015fekilde yap\u0131ld\u0131. Bu esnada, yan\u0131mda getirdi\u011fim kulakl\u0131kla hikaye dinleyebildim. Terc\u00fcman\u0131m her zaman klinikteydi, bazen de operasyon odas\u0131nda yer alarak bana tedavi ad\u0131mlar\u0131n\u0131 a\u00e7\u0131klad\u0131. Operasyon ekibi i\u015fini bitirip bandaj\u0131m\u0131 yapt\u0131ktan sonra, terc\u00fcman\u0131m bana nas\u0131l davranmam gerekti\u011fini anlatt\u0131 ve ila\u00e7lar\u0131m\u0131, bak\u0131m \u00fcr\u00fcnlerimi verdi. Son olarak, yeniden foto\u011fraflar \u00e7ekildi ve doktor tedavinin nas\u0131l ge\u00e7ti\u011fini a\u00e7\u0131klad\u0131.                 <\/p>\n\n\n\n<p>Ger\u00e7ekten de, tedavi \u00f6ncesinde b\u00f6yle bir \u00f6neri alsayd\u0131m \u00e7ok daha rahat ederdim. Ameliyat\u0131n ard\u0131ndan ilk birka\u00e7 geceyi ge\u00e7irebilmek i\u00e7in bir boyun yast\u0131\u011f\u0131 veya boyun halkas\u0131 almak olduk\u00e7a pratik olurdu. Yat\u0131\u015f pozisyonunun dik olmas\u0131 gerekti\u011fini ve greftlerin yerle\u015ftirildi\u011fi b\u00f6lgenin yast\u0131kla temas etmemesi gerekti\u011fini bilmek \u00e7ok \u00f6nemli. Bu, greftlerin tutunmas\u0131n\u0131 ve yara iyile\u015fmesini engellememek i\u00e7in kritik bir nokta.  <\/p>\n\n\n\n<p>Ameliyat\u0131n ard\u0131ndan beni tekrar otele g\u00f6t\u00fcrd\u00fcler ve biraz dinlenmeye \u00e7ekildim. Zaten bandajl\u0131 ba\u015f\u0131mla \u015fehri gezme iste\u011fim yoktu. O y\u00fczden otelde rahat\u00e7a dinlenmeyi tercih ettim. <\/p>\n\n\n\n<p>Birka\u00e7 g\u00fcn sonra yine zaman\u0131nda al\u0131nd\u0131m ve klini\u011fe g\u00f6t\u00fcr\u00fcld\u00fcm. Orada bandaj\u0131m \u00e7\u0131kar\u0131ld\u0131 ve ba\u015f\u0131m nazik\u00e7e temizlendi. Bu, klinikteki son randevumdu. Ard\u0131ndan \u015fehirde kalan g\u00fcn\u00fc ge\u00e7irdim, \u00e7ocuklar\u0131m i\u00e7in hediyeler ald\u0131m ve bir fincan T\u00fcrk kahvesi i\u00e7tim. Ertesi g\u00fcn ise havaalan\u0131na g\u00f6t\u00fcr\u00fcld\u00fcm ve eve d\u00f6nmeyi d\u00f6rt g\u00f6zle bekliyordum.    <\/p>\n\n\n\n<p>Organizasyon bu sefer de \u00e7ok iyi oldu. <a href=\"https:\/\/medicaltravel.ch\/tr\/sac-ekimi\/hizmet-yelpazesi\/kadinlar-icin-fue\/\" data-type=\"page\" data-id=\"133\">Sa\u00e7 ekimi<\/a> gibi bir tedavinin sonucunu, sa\u00e7lar tekrar b\u00fcy\u00fcd\u00fc\u011f\u00fcnde g\u00f6rmek m\u00fcmk\u00fcn oluyor. Ama \u015fimdiden iyi bir hisse sahibim ve bu m\u00fcdahaleyi yapt\u0131rmaya karar verdi\u011fim i\u00e7in mutluyum.  <\/p>\n\n\n\n<p>Sabrina M\u00fchlhaus<\/p>\n\n\n\n<div class=\"wp-block-group is-layout-grid wp-container-core-group-is-layout-baef362d wp-block-group-is-layout-grid\">\n<p><a href=\"https:\/\/medicaltravel.at\/home\/agb\/\" data-type=\"page\" data-id=\"2191\" rel=\"nofollow noopener\" target=\"_blank\"><\/a><a href=\"https:\/\/medicaltravel.ch\/tr\/hasta-raporlari\/referanslar-tavsiyeler-tedaviler-degerlendirmeler-turkiye-istanbul\/deneyim-raporu-goez-kapagi-kaldirma-istanbulda-goez-kapagi-ameliyati-hasta-yorumu\/\" data-type=\"link\" data-id=\"https:\/\/medicaltravel.ch\/tr\/hasta-raporlari\/referanslar-tavsiyeler-tedaviler-degerlendirmeler-turkiye-istanbul\/deneyim-raporu-goez-kapagi-kaldirma-istanbulda-goez-kapagi-ameliyati-hasta-yorumu\/\">\u00d6nceki rapor<\/a><\/p>\n\n\n\n<p class=\"has-text-align-right wp-container-content-5e2576f9\"><a href=\"https:\/\/medicaltravel.at\/home\/impressum\/\" data-type=\"page\" data-id=\"2193\" rel=\"nofollow noopener\" target=\"_blank\"><\/a><a href=\"https:\/\/medicaltravel.at\/home\/berichte-von-patienten\/erfahrungsberichte\/erfahrungsbericht-zahnbehandlung-in-istanbul\/\" data-type=\"page\" data-id=\"981\" rel=\"nofollow noopener\" target=\"_blank\"><\/a><a href=\"https:\/\/medicaltravel.ch\/tr\/hasta-raporlari\/referanslar-tavsiyeler-tedaviler-degerlendirmeler-turkiye-istanbul\/dhi-istanbulda-sac-ekimi-deneyimim-hakkinda-hasta-yorumu\/\" data-type=\"link\" data-id=\"https:\/\/medicaltravel.ch\/tr\/hasta-raporlari\/referanslar-tavsiyeler-tedaviler-degerlendirmeler-turkiye-istanbul\/dhi-istanbulda-sac-ekimi-deneyimim-hakkinda-hasta-yorumu\/\">Bir sonraki rapor<\/a><\/p>\n<\/div>\n","protected":false},"excerpt":{"rendered":"<p>Aral\u0131k 2023&#8217;te MedicalTravel arac\u0131l\u0131\u011f\u0131yla \u0130stanbul&#8217;da bir kad\u0131na yap\u0131lan sa\u00e7 ekimi hakk\u0131nda yap\u0131lan referans. Uzun zamand\u0131r seyrek sa\u00e7lardan \u015fikayet\u00e7iydim. \u00d6zellikle tepe ve arka k\u0131sm\u0131 etkileyen bir sorundu. Bir foto\u011frafta, video g\u00f6r\u00fc\u015fmesinde ya da \u00e7evrimi\u00e7i bir toplant\u0131da ekranda kendimi g\u00f6rd\u00fc\u011f\u00fcmde her seferinde \u00e7ok rahats\u0131z oluyordum. Yakla\u015f\u0131k on y\u0131l \u00f6nce, miyopimi lazer tedavisiyle tedavi etmek i\u00e7in MedicalTravel ile \u0130stanbul&#8217;a gitmi\u015ftim. O zamanki seyahatimde, MedicalTravel&#8217;in organizasyonu ve tedavi sonu\u00e7lar\u0131yla \u00e7ok memnun kalm\u0131\u015ft\u0131m. Bu nedenle, planlad\u0131\u011f\u0131m sa\u00e7 ekimini de yine MedicalTravel \u00fczerinden organize ettirece\u011fime karar vermi\u015ftim. Zug\u2019daki \u00f6n muayene gayet iyi ge\u00e7ti, \u0130stanbul\u2019dan gelen dan\u0131\u015fman doktor \u0130ngilizce konu\u015fabiliyordu, ancak ayn\u0131 zamanda orada bir Almanca terc\u00fcman\u0131 da vard\u0131. B\u00f6ylece herhangi bir yanl\u0131\u015f anlaman\u0131n \u00f6n\u00fcne ge\u00e7ildi ve t\u00fcm sorular\u0131m\u0131 sorabildim. MedicalTravel, yap\u0131lan kons\u00fcltasyona dayanarak bana bir teklif sundu. Zug&#8217;daki dan\u0131\u015fmanl\u0131k randevusu ise tamamen \u00fccretsiz ve ba\u011flay\u0131c\u0131 de\u011fildi. Sonunda bu tedaviyi yapt\u0131rmaya karar verdim. Bana, sa\u00e7 ekimi i\u00e7in mutlaka tam t\u0131ra\u015f olman\u0131n gerekti\u011fi s\u00f6ylendi. O zaman dedim ki, &#8220;\u015eimdi bir kez kel bir kafa, yoksa hayat\u0131m boyunca sa\u00e7lar\u0131mla rahats\u0131z hissetmeye devam edece\u011fim.&#8221; Organizasyon, on y\u0131l \u00f6nce oldu\u011fu gibi, yine sorunsuz bir \u015fekilde ger\u00e7ekle\u015fti. \u0130stanbul&#8217;a seyahatimden bir g\u00fcn \u00f6nce, \u015fof\u00f6r\u00fcm WhatsApp \u00fczerinden benimle ileti\u015fime ge\u00e7ti. Havaalan\u0131n\u0131 terk etti\u011fimde gitmem gereken yeri bir videoyla g\u00f6sterdi ve u\u00e7u\u015f numaram\u0131 sordu. Ertesi g\u00fcn \u0130stanbul&#8217;a indi\u011fimde, iyi bir \u015fekilde var\u0131p varmad\u0131\u011f\u0131m\u0131 sordular ve bulu\u015fma noktas\u0131n\u0131 bir kez daha tekrarlad\u0131lar. Oraya vard\u0131\u011f\u0131mda, di\u011fer hastalar i\u00e7in biraz daha bekledik. Bu arada bir T\u00fcrk \u00e7ay\u0131 ikram edildi. \u015eof\u00f6r ne Almanca ne de \u0130ngilizce konu\u015fabiliyordu, ama Google Translate sayesinde ileti\u015fimde hi\u00e7bir problem ya\u015fanmad\u0131. Ayr\u0131ca, geldi\u011fimde yak\u0131nda bir terc\u00fcman taraf\u0131ndan arand\u0131m ve ertesi g\u00fcn yap\u0131lacak tedavi hakk\u0131nda bilgilendirildim. Ertesi g\u00fcn, terc\u00fcman\u0131m beni zaman\u0131nda almak i\u00e7in taksiyle geldi. As\u0131l \u015fof\u00f6r, trafikte s\u0131k\u0131\u015f\u0131p kald\u0131 (\u0130stanbul gibi bir \u015fehirde bu \u00e7ok normal). Klinik ve hastaya vard\u0131\u011f\u0131m\u0131zda, hemen doktordan (Zug&#8217;dakiyle ayn\u0131) bir muayene yap\u0131ld\u0131. Sa\u00e7 \u00e7izgimi \u00e7izdi ve sa\u011fl\u0131k durumum, alerjilerim ya da kulland\u0131\u011f\u0131m ila\u00e7lar hakk\u0131nda tekrar sorular sordu. Tedaviye engel olabilecek bir \u015fey olmad\u0131\u011f\u0131 i\u00e7in i\u015flem hemen devam etti. Ard\u0131ndan, sanki 100 sayfal\u0131k bir onay formunu (Almanca) imzalad\u0131ktan sonra, bir operasyon asistan\u0131 ba\u015f\u0131m\u0131 t\u0131ra\u015f etti. Sonras\u0131nda foto\u011fraflar \u00e7ekildi ve asistan lokal anesteziyi enjekte etmeye ba\u015flad\u0131. Bu biraz ac\u0131l\u0131yd\u0131 \u00e7\u00fcnk\u00fc ila\u00e7 olduk\u00e7a yan\u0131c\u0131yd\u0131. Neyse ki, ilac\u0131n etkisi k\u0131sa s\u00fcrede ba\u015flad\u0131. Sonraki i\u015flem biraz sab\u0131r gerektirdi. \u00d6ncelikle, arka kafa b\u00f6lgesindeki greftler al\u0131nd\u0131. Bunun i\u00e7in karn\u0131ma y\u00fcz\u00fcst\u00fc yatmam gerekiyordu. Ba\u015far\u0131l\u0131 bir \u015fekilde greftler al\u0131nd\u0131ktan sonra, \u015femsiye ve tepe b\u00f6lgelerine yerle\u015ftirme i\u015flemine ge\u00e7ildi. Yerle\u015ftirme i\u015flemi s\u0131rt \u00fcst\u00fc rahat bir \u015fekilde yap\u0131ld\u0131. Bu esnada, yan\u0131mda getirdi\u011fim kulakl\u0131kla hikaye dinleyebildim. Terc\u00fcman\u0131m her zaman klinikteydi, bazen de operasyon odas\u0131nda yer alarak bana tedavi ad\u0131mlar\u0131n\u0131 a\u00e7\u0131klad\u0131. Operasyon ekibi i\u015fini bitirip bandaj\u0131m\u0131 yapt\u0131ktan sonra, terc\u00fcman\u0131m bana nas\u0131l davranmam gerekti\u011fini anlatt\u0131 ve ila\u00e7lar\u0131m\u0131, bak\u0131m \u00fcr\u00fcnlerimi verdi. Son olarak, yeniden foto\u011fraflar \u00e7ekildi ve doktor tedavinin nas\u0131l ge\u00e7ti\u011fini a\u00e7\u0131klad\u0131. Ger\u00e7ekten de, tedavi \u00f6ncesinde b\u00f6yle bir \u00f6neri alsayd\u0131m \u00e7ok daha rahat ederdim. Ameliyat\u0131n ard\u0131ndan ilk birka\u00e7 geceyi ge\u00e7irebilmek i\u00e7in bir boyun yast\u0131\u011f\u0131 veya boyun halkas\u0131 almak olduk\u00e7a pratik olurdu. Yat\u0131\u015f pozisyonunun dik olmas\u0131 gerekti\u011fini ve greftlerin yerle\u015ftirildi\u011fi b\u00f6lgenin yast\u0131kla temas etmemesi gerekti\u011fini bilmek \u00e7ok \u00f6nemli. Bu, greftlerin tutunmas\u0131n\u0131 ve yara iyile\u015fmesini engellememek i\u00e7in kritik bir nokta. Ameliyat\u0131n ard\u0131ndan beni tekrar otele g\u00f6t\u00fcrd\u00fcler ve biraz dinlenmeye \u00e7ekildim. Zaten bandajl\u0131 ba\u015f\u0131mla \u015fehri gezme iste\u011fim yoktu. O y\u00fczden otelde rahat\u00e7a dinlenmeyi tercih ettim. Birka\u00e7 g\u00fcn sonra yine zaman\u0131nda al\u0131nd\u0131m ve klini\u011fe g\u00f6t\u00fcr\u00fcld\u00fcm. Orada bandaj\u0131m \u00e7\u0131kar\u0131ld\u0131 ve ba\u015f\u0131m nazik\u00e7e temizlendi. Bu, klinikteki son randevumdu. Ard\u0131ndan \u015fehirde kalan g\u00fcn\u00fc ge\u00e7irdim, \u00e7ocuklar\u0131m i\u00e7in hediyeler ald\u0131m ve bir fincan T\u00fcrk kahvesi i\u00e7tim. Ertesi g\u00fcn ise havaalan\u0131na g\u00f6t\u00fcr\u00fcld\u00fcm ve eve d\u00f6nmeyi d\u00f6rt g\u00f6zle bekliyordum. Organizasyon bu sefer de \u00e7ok iyi oldu. Sa\u00e7 ekimi gibi bir tedavinin sonucunu, sa\u00e7lar tekrar b\u00fcy\u00fcd\u00fc\u011f\u00fcnde g\u00f6rmek m\u00fcmk\u00fcn oluyor. Ama \u015fimdiden iyi bir hisse sahibim ve bu m\u00fcdahaleyi yapt\u0131rmaya karar verdi\u011fim i\u00e7in mutluyum. Sabrina M\u00fchlhaus \u00d6nceki rapor Bir sonraki rapor<\/p>\n","protected":false},"author":4,"featured_media":0,"parent":4587,"menu_order":0,"comment_status":"closed","ping_status":"closed","template":"","meta":{"_joinchat":[],"footnotes":""},"class_list":["post-4654","page","type-page","status-publish","hentry"],"acf":[],"_links":{"self":[{"href":"https:\/\/medicaltravel.ch\/tr\/wp-json\/wp\/v2\/pages\/4654","targetHints":{"allow":["GET"]}}],"collection":[{"href":"https:\/\/medicaltravel.ch\/tr\/wp-json\/wp\/v2\/pages"}],"about":[{"href":"https:\/\/medicaltravel.ch\/tr\/wp-json\/wp\/v2\/types\/page"}],"author":[{"embeddable":true,"href":"https:\/\/medicaltravel.ch\/tr\/wp-json\/wp\/v2\/users\/4"}],"replies":[{"embeddable":true,"href":"https:\/\/medicaltravel.ch\/tr\/wp-json\/wp\/v2\/comments?post=4654"}],"version-history":[{"count":5,"href":"https:\/\/medicaltravel.ch\/tr\/wp-json\/wp\/v2\/pages\/4654\/revisions"}],"predecessor-version":[{"id":6325,"href":"https:\/\/medicaltravel.ch\/tr\/wp-json\/wp\/v2\/pages\/4654\/revisions\/6325"}],"up":[{"embeddable":true,"href":"https:\/\/medicaltravel.ch\/tr\/wp-json\/wp\/v2\/pages\/4587"}],"wp:attachment":[{"href":"https:\/\/medicaltravel.ch\/tr\/wp-json\/wp\/v2\/media?parent=4654"}],"curies":[{"name":"wp","href":"https:\/\/api.w.org\/{rel}","templated":true}]}}