{"id":4656,"date":"2025-09-23T17:28:43","date_gmt":"2025-09-23T16:28:43","guid":{"rendered":"https:\/\/medicaltravel.ch\/hasta-raporlari\/erfahrungsberichte-empfehlungen-behandlungen-beurteilung-tuerkei-istanbul\/istanbulda-sac-ekimi-deneyim-raporu-28-aralik-2016-carsamba-tarihli-rapor\/"},"modified":"2026-01-12T19:13:14","modified_gmt":"2026-01-12T18:13:14","slug":"istanbulda-sac-ekimi-deneyim-raporu-28-aralik-2016-carsamba-tarihli-rapor","status":"publish","type":"page","link":"https:\/\/medicaltravel.ch\/tr\/hasta-raporlari\/referanslar-tavsiyeler-tedaviler-degerlendirmeler-turkiye-istanbul\/istanbulda-sac-ekimi-deneyim-raporu-28-aralik-2016-carsamba-tarihli-rapor\/","title":{"rendered":"\u0130stanbul&#8217;da Sa\u00e7 Ekimi Deneyim Raporu \u2013 28 Aral\u0131k 2016 \u00c7ar\u015famba Tarihli Rapor"},"content":{"rendered":"\n<p>\u0130stanbul&#8217;da Sa\u00e7 Ekimi Deneyim Raporu \u2013 28 Aral\u0131k 2016 \u00c7ar\u015famba Tarihli Rapor<\/p>\n\n\n\n<p>52 ya\u015f\u0131nday\u0131m ve yakla\u015f\u0131k iki\/\u00fc\u00e7 y\u0131ld\u0131r bu konuyu d\u00fc\u015f\u00fcn\u00fcyorum \u00e7\u00fcnk\u00fc olduk\u00e7a belirgin \u015fekilde y\u00fcksek \u015fakaklar\u0131m vard\u0131. Ama ne yapmam gerekti\u011finden emin de\u011fildim, \u00e7\u00fcnk\u00fc bir yandan ameliyatlardan korkuyordum, di\u011fer yandan ise ameliyat sonras\u0131 kel kafayla ge\u00e7irece\u011fim s\u00fcreyi d\u00fc\u015f\u00fcnmek beni tedirgin ediyordu. <\/p>\n\n\n\n<p>Yine de bir noktada, \u0130stanbul&#8217;da sa\u00e7 ekimi i\u00e7in bir sa\u011flay\u0131c\u0131 aramaya karar verdim. \u0130nternette tabii ki bir\u00e7ok sa\u011flay\u0131c\u0131 var, kimisi daha profesyonel g\u00f6r\u00fcn\u00fcyor, kimisi ise daha az g\u00fcven verici. Ancak, bunu daha \u00f6nce deneyimlemi\u015f ki\u015fileri tan\u0131madan do\u011fru sa\u011flay\u0131c\u0131y\u0131 bulmak ger\u00e7ekten \u00e7ok zor. Ayr\u0131ca, konu hakk\u0131nda yazan bir Alman internet forumu da var, ama bu yorumlar\u0131n ger\u00e7ekten reklams\u0131z olup olmad\u0131\u011f\u0131 da \u015f\u00fcpheli.   <\/p>\n\n\n\n<p>Benim i\u00e7in, bir sa\u011flay\u0131c\u0131y\u0131 \u0130svi\u00e7re\u2019den veya belki Almanya\u2019dan se\u00e7mek daha uygun olacakt\u0131. MedicalTravel\u2019a ba\u015fvurdu\u011fumda \u00e7ok h\u0131zl\u0131 bir yan\u0131t ald\u0131m ve bana Zug\u2019daki bir bilgi g\u00fcn\u00fcne kat\u0131lmam \u00f6nerildi. Orada T\u00fcrk doktoru tan\u0131yabilir ve ona sorular\u0131m\u0131 sorabilirdim. Bu, benim i\u00e7in \u00e7ok \u00f6nemli bir fakt\u00f6rd\u00fc \u00e7\u00fcnk\u00fc bu \u015fekilde, operasyonun ba\u015far\u0131l\u0131 ge\u00e7ece\u011fi konusunda iyi bir hisse sahip oldum.  <\/p>\n\n\n\n<p>Maalesef, ameliyat tarihimden bir ay \u00f6nce bu doktor g\u00f6revinden ayr\u0131ld\u0131, bu y\u00fczden MedicalTravel bana yeni bir kad\u0131n doktor \u00f6nerdi. Eh, bu ideal de\u011fildi ama sonu\u00e7ta MedicalTravel\u2019in su\u00e7u de\u011fildi. <\/p>\n\n\n\n<p>21 Aral\u0131k 2016&#8217;da arkada\u015f\u0131m ile \u0130stanbul\u2019a u\u00e7tum ve orada, s\u00f6z verildi\u011fi gibi, havaalan\u0131nda kar\u015f\u0131lan\u0131p hastaneye g\u00f6t\u00fcr\u00fcld\u00fcm. O an biraz garipti \u00e7\u00fcnk\u00fc orada bir rehberin bizi bekleyece\u011fini d\u00fc\u015f\u00fcnm\u00fc\u015ft\u00fcm. Resepsiyona gidip randevum oldu\u011funu s\u00f6yledim. Bunun \u00fczerine birini arad\u0131lar ve telefonu elime verdiler. Neyse ki \u0130ngilizce konu\u015fan bir ki\u015fiyle ileti\u015fim kurdum ve bir dakika i\u00e7inde resepsiyona geldiler. Bizi doktora y\u00f6nlendirdiler, doktor da operasyonu \u0130ngilizce olarak a\u00e7\u0131klad\u0131. Sonras\u0131nda, sadece 200 metre uzakl\u0131ktaki g\u00fczel otele g\u00f6t\u00fcr\u00fcld\u00fck.      <\/p>\n\n\n\n<p>Ertesi sabah saat 08:00&#8217;de hastanede olmam\u0131z gerekiyordu, kan tahlili i\u00e7in, ki bu i\u015flem ger\u00e7ekten hi\u00e7 ac\u0131 vermedi. Ard\u0131ndan kafeteryada kahvalt\u0131 yapt\u0131k ve saat 09:30&#8217;da profesyonel ameliyat odas\u0131na gitmemiz gerekti. Orada bizi iki yeni kad\u0131n doktor bekliyordu, onlar da i\u015flemi tekrar bizimle ayr\u0131nt\u0131l\u0131 bir \u015fekilde konu\u015ftular.  <\/p>\n\n\n\n<p>Sonras\u0131nda bir ameliyat \u00f6nl\u00fc\u011f\u00fc giymem ve sa\u00e7lar\u0131m\u0131 kestirmem gerekti \u2013 maalesef t\u00fcm sa\u00e7lar\u0131m. \u0130lk ba\u015fta, t\u00fcm sa\u00e7lar\u0131n gitmesi gerekmedi\u011fini d\u00fc\u015f\u00fcnd\u00fcm, ancak doktor, i\u015flemin daha kolay ve hassas yap\u0131labilmesi i\u00e7in, ayr\u0131ca sonras\u0131nda yara bak\u0131m\u0131 i\u00e7in \u00e7ok daha pratik olaca\u011f\u0131n\u0131 ikna edici bir \u015fekilde a\u00e7\u0131klad\u0131. Bu y\u00fczden sa\u00e7lar\u0131m\u0131n sadece 2 milimetre uzunlu\u011funda kalmas\u0131n\u0131 kabul ettim.<\/p>\n\n\n\n<p>B\u00fcy\u00fck korkum, lokal anestezi i\u011fneleriydi, \u00f6nce al\u0131nacak b\u00f6lgeye, sonra ise al\u0131c\u0131 b\u00f6lgeye, yani al\u0131n k\u0131sm\u0131na. Ama doktor ger\u00e7ekten harika yapt\u0131!!! Hissediyorsunuz tabii, ancak dayan\u0131labilir bir ac\u0131yd\u0131 \u2013 ger\u00e7ekten \u00e7ok iyi i\u015f \u00e7\u0131kard\u0131! Al\u0131m i\u015flemi iki saat s\u00fcrd\u00fc, al\u0131c\u0131 b\u00f6lgeyi haz\u0131rlamak yakla\u015f\u0131k 45 dakika, yerle\u015ftirme ise yine iki saat s\u00fcrd\u00fc. Toplamda 3000 greft ekildi. Bu beni olduk\u00e7a \u015fa\u015f\u0131rtt\u0131, \u00e7\u00fcnk\u00fc ba\u015fta yakla\u015f\u0131k 2000 greft gerekti\u011fi s\u00f6ylenmi\u015fti, ancak onlar, sonu\u00e7 m\u00fckemmel olana kadar i\u015flem yapmaya devam ediyorlar ve benim i\u00e7in m\u00fckemmel sonu\u00e7 3000 greftle elde edildi. Ve en g\u00fczel yan\u0131: bu tamamen ek bir \u00fccret olmadan yap\u0131ld\u0131!!!     <\/p>\n\n\n\n<p>Sonras\u0131nda, yine bir \u015fof\u00f6r taraf\u0131ndan al\u0131nd\u0131k ve sadece 200 metre uzakl\u0131ktaki otele g\u00f6t\u00fcr\u00fcld\u00fck. Ak\u015fam yeme\u011fimizi odaya sipari\u015f ettik ve o \u015fekilde dinlenmeye ba\u015flad\u0131k. <\/p>\n\n\n\n<p>Ertesi sabah, saat 11:30&#8217;da, ilk doktorumla takip muayenesine gittim. O, bandaj\u0131m\u0131 de\u011fi\u015ftirip, bana antibiyotik kullan\u0131m\u0131 ve losyon ile \u015fampuan uygulamas\u0131 hakk\u0131nda tekrar bilgi verdi.<\/p>\n\n\n\n<p>Ve saat 16:00&#8217;da, havaalan\u0131na gitmek \u00fczere \u015fof\u00f6r\u00fcm\u00fcz otelin \u00f6n\u00fcnde bizi bekliyordu. Bu arada, Turkish Airlines ile u\u00e7u\u015fu kesinlikle tavsiye ederim \u2013 Swiss&#8217;ten \u00e7ok daha iyi, ki ben ger\u00e7ekten \u00e7ok seyahat etmi\u015fimdir. <\/p>\n\n\n\n<p>Her \u015feyin sonunda, ba\u015far\u0131l\u0131 bir seyahatti ve MedicalTravel&#8217;a ger\u00e7ekten b\u00fcy\u00fck bir takdir bor\u00e7luyum. Her \u015feyi \u00e7ok iyi organize ettiler ve seyahat sonras\u0131 her zaman SMS ile gelen sorular\u0131 hemen yan\u0131tlad\u0131lar!<\/p>\n\n\n\n<p>Stefan Dutwyler<\/p>\n\n\n\n<div class=\"wp-block-group is-layout-grid wp-container-core-group-is-layout-baef362d wp-block-group-is-layout-grid\">\n<p><a href=\"https:\/\/medicaltravel.at\/home\/agb\/\" data-type=\"page\" data-id=\"2191\" rel=\"nofollow noopener\" target=\"_blank\"><\/a><a href=\"https:\/\/medicaltravel.ch\/tr\/hasta-raporlari\/referanslar-tavsiyeler-tedaviler-degerlendirmeler-turkiye-istanbul\/istanbuldaki-meme-tedavim-25-ocak-2017-carsamba-tarihli-rapor\/\" data-type=\"link\" data-id=\"https:\/\/medicaltravel.ch\/tr\/hasta-raporlari\/referanslar-tavsiyeler-tedaviler-degerlendirmeler-turkiye-istanbul\/istanbuldaki-meme-tedavim-25-ocak-2017-carsamba-tarihli-rapor\/\">\u00d6nceki rapor<\/a><\/p>\n\n\n\n<p class=\"has-text-align-right wp-container-content-5e2576f9\"><a href=\"https:\/\/medicaltravel.at\/home\/impressum\/\" data-type=\"page\" data-id=\"2193\" rel=\"nofollow noopener\" target=\"_blank\"><\/a><a href=\"https:\/\/medicaltravel.at\/home\/berichte-von-patienten\/erfahrungsberichte\/erfahrungsbericht-zahnbehandlung-in-istanbul\/\" data-type=\"page\" data-id=\"981\" rel=\"nofollow noopener\" target=\"_blank\"><\/a><a href=\"https:\/\/medicaltravel.ch\/tr\/hasta-raporlari\/referanslar-tavsiyeler-tedaviler-degerlendirmeler-turkiye-istanbul\/istanbulda-burun-tedavim-deneyim-raporu-burun-ameliyati-tuerkiye-3-kasim-2016-persembe-tarihli-rapor\/\" data-type=\"link\" data-id=\"https:\/\/medicaltravel.ch\/tr\/hasta-raporlari\/referanslar-tavsiyeler-tedaviler-degerlendirmeler-turkiye-istanbul\/istanbulda-burun-tedavim-deneyim-raporu-burun-ameliyati-tuerkiye-3-kasim-2016-persembe-tarihli-rapor\/\">Bir sonraki rapor<\/a><\/p>\n<\/div>\n","protected":false},"excerpt":{"rendered":"<p>\u0130stanbul&#8217;da Sa\u00e7 Ekimi Deneyim Raporu \u2013 28 Aral\u0131k 2016 \u00c7ar\u015famba Tarihli Rapor 52 ya\u015f\u0131nday\u0131m ve yakla\u015f\u0131k iki\/\u00fc\u00e7 y\u0131ld\u0131r bu konuyu d\u00fc\u015f\u00fcn\u00fcyorum \u00e7\u00fcnk\u00fc olduk\u00e7a belirgin \u015fekilde y\u00fcksek \u015fakaklar\u0131m vard\u0131. Ama ne yapmam gerekti\u011finden emin de\u011fildim, \u00e7\u00fcnk\u00fc bir yandan ameliyatlardan korkuyordum, di\u011fer yandan ise ameliyat sonras\u0131 kel kafayla ge\u00e7irece\u011fim s\u00fcreyi d\u00fc\u015f\u00fcnmek beni tedirgin ediyordu. Yine de bir noktada, \u0130stanbul&#8217;da sa\u00e7 ekimi i\u00e7in bir sa\u011flay\u0131c\u0131 aramaya karar verdim. \u0130nternette tabii ki bir\u00e7ok sa\u011flay\u0131c\u0131 var, kimisi daha profesyonel g\u00f6r\u00fcn\u00fcyor, kimisi ise daha az g\u00fcven verici. Ancak, bunu daha \u00f6nce deneyimlemi\u015f ki\u015fileri tan\u0131madan do\u011fru sa\u011flay\u0131c\u0131y\u0131 bulmak ger\u00e7ekten \u00e7ok zor. Ayr\u0131ca, konu hakk\u0131nda yazan bir Alman internet forumu da var, ama bu yorumlar\u0131n ger\u00e7ekten reklams\u0131z olup olmad\u0131\u011f\u0131 da \u015f\u00fcpheli. Benim i\u00e7in, bir sa\u011flay\u0131c\u0131y\u0131 \u0130svi\u00e7re\u2019den veya belki Almanya\u2019dan se\u00e7mek daha uygun olacakt\u0131. MedicalTravel\u2019a ba\u015fvurdu\u011fumda \u00e7ok h\u0131zl\u0131 bir yan\u0131t ald\u0131m ve bana Zug\u2019daki bir bilgi g\u00fcn\u00fcne kat\u0131lmam \u00f6nerildi. Orada T\u00fcrk doktoru tan\u0131yabilir ve ona sorular\u0131m\u0131 sorabilirdim. Bu, benim i\u00e7in \u00e7ok \u00f6nemli bir fakt\u00f6rd\u00fc \u00e7\u00fcnk\u00fc bu \u015fekilde, operasyonun ba\u015far\u0131l\u0131 ge\u00e7ece\u011fi konusunda iyi bir hisse sahip oldum. Maalesef, ameliyat tarihimden bir ay \u00f6nce bu doktor g\u00f6revinden ayr\u0131ld\u0131, bu y\u00fczden MedicalTravel bana yeni bir kad\u0131n doktor \u00f6nerdi. Eh, bu ideal de\u011fildi ama sonu\u00e7ta MedicalTravel\u2019in su\u00e7u de\u011fildi. 21 Aral\u0131k 2016&#8217;da arkada\u015f\u0131m ile \u0130stanbul\u2019a u\u00e7tum ve orada, s\u00f6z verildi\u011fi gibi, havaalan\u0131nda kar\u015f\u0131lan\u0131p hastaneye g\u00f6t\u00fcr\u00fcld\u00fcm. O an biraz garipti \u00e7\u00fcnk\u00fc orada bir rehberin bizi bekleyece\u011fini d\u00fc\u015f\u00fcnm\u00fc\u015ft\u00fcm. Resepsiyona gidip randevum oldu\u011funu s\u00f6yledim. Bunun \u00fczerine birini arad\u0131lar ve telefonu elime verdiler. Neyse ki \u0130ngilizce konu\u015fan bir ki\u015fiyle ileti\u015fim kurdum ve bir dakika i\u00e7inde resepsiyona geldiler. Bizi doktora y\u00f6nlendirdiler, doktor da operasyonu \u0130ngilizce olarak a\u00e7\u0131klad\u0131. Sonras\u0131nda, sadece 200 metre uzakl\u0131ktaki g\u00fczel otele g\u00f6t\u00fcr\u00fcld\u00fck. Ertesi sabah saat 08:00&#8217;de hastanede olmam\u0131z gerekiyordu, kan tahlili i\u00e7in, ki bu i\u015flem ger\u00e7ekten hi\u00e7 ac\u0131 vermedi. Ard\u0131ndan kafeteryada kahvalt\u0131 yapt\u0131k ve saat 09:30&#8217;da profesyonel ameliyat odas\u0131na gitmemiz gerekti. Orada bizi iki yeni kad\u0131n doktor bekliyordu, onlar da i\u015flemi tekrar bizimle ayr\u0131nt\u0131l\u0131 bir \u015fekilde konu\u015ftular. Sonras\u0131nda bir ameliyat \u00f6nl\u00fc\u011f\u00fc giymem ve sa\u00e7lar\u0131m\u0131 kestirmem gerekti \u2013 maalesef t\u00fcm sa\u00e7lar\u0131m. \u0130lk ba\u015fta, t\u00fcm sa\u00e7lar\u0131n gitmesi gerekmedi\u011fini d\u00fc\u015f\u00fcnd\u00fcm, ancak doktor, i\u015flemin daha kolay ve hassas yap\u0131labilmesi i\u00e7in, ayr\u0131ca sonras\u0131nda yara bak\u0131m\u0131 i\u00e7in \u00e7ok daha pratik olaca\u011f\u0131n\u0131 ikna edici bir \u015fekilde a\u00e7\u0131klad\u0131. Bu y\u00fczden sa\u00e7lar\u0131m\u0131n sadece 2 milimetre uzunlu\u011funda kalmas\u0131n\u0131 kabul ettim. B\u00fcy\u00fck korkum, lokal anestezi i\u011fneleriydi, \u00f6nce al\u0131nacak b\u00f6lgeye, sonra ise al\u0131c\u0131 b\u00f6lgeye, yani al\u0131n k\u0131sm\u0131na. Ama doktor ger\u00e7ekten harika yapt\u0131!!! Hissediyorsunuz tabii, ancak dayan\u0131labilir bir ac\u0131yd\u0131 \u2013 ger\u00e7ekten \u00e7ok iyi i\u015f \u00e7\u0131kard\u0131! Al\u0131m i\u015flemi iki saat s\u00fcrd\u00fc, al\u0131c\u0131 b\u00f6lgeyi haz\u0131rlamak yakla\u015f\u0131k 45 dakika, yerle\u015ftirme ise yine iki saat s\u00fcrd\u00fc. Toplamda 3000 greft ekildi. Bu beni olduk\u00e7a \u015fa\u015f\u0131rtt\u0131, \u00e7\u00fcnk\u00fc ba\u015fta yakla\u015f\u0131k 2000 greft gerekti\u011fi s\u00f6ylenmi\u015fti, ancak onlar, sonu\u00e7 m\u00fckemmel olana kadar i\u015flem yapmaya devam ediyorlar ve benim i\u00e7in m\u00fckemmel sonu\u00e7 3000 greftle elde edildi. Ve en g\u00fczel yan\u0131: bu tamamen ek bir \u00fccret olmadan yap\u0131ld\u0131!!! Sonras\u0131nda, yine bir \u015fof\u00f6r taraf\u0131ndan al\u0131nd\u0131k ve sadece 200 metre uzakl\u0131ktaki otele g\u00f6t\u00fcr\u00fcld\u00fck. Ak\u015fam yeme\u011fimizi odaya sipari\u015f ettik ve o \u015fekilde dinlenmeye ba\u015flad\u0131k. Ertesi sabah, saat 11:30&#8217;da, ilk doktorumla takip muayenesine gittim. O, bandaj\u0131m\u0131 de\u011fi\u015ftirip, bana antibiyotik kullan\u0131m\u0131 ve losyon ile \u015fampuan uygulamas\u0131 hakk\u0131nda tekrar bilgi verdi. Ve saat 16:00&#8217;da, havaalan\u0131na gitmek \u00fczere \u015fof\u00f6r\u00fcm\u00fcz otelin \u00f6n\u00fcnde bizi bekliyordu. Bu arada, Turkish Airlines ile u\u00e7u\u015fu kesinlikle tavsiye ederim \u2013 Swiss&#8217;ten \u00e7ok daha iyi, ki ben ger\u00e7ekten \u00e7ok seyahat etmi\u015fimdir. Her \u015feyin sonunda, ba\u015far\u0131l\u0131 bir seyahatti ve MedicalTravel&#8217;a ger\u00e7ekten b\u00fcy\u00fck bir takdir bor\u00e7luyum. Her \u015feyi \u00e7ok iyi organize ettiler ve seyahat sonras\u0131 her zaman SMS ile gelen sorular\u0131 hemen yan\u0131tlad\u0131lar! Stefan Dutwyler \u00d6nceki rapor Bir sonraki rapor<\/p>\n","protected":false},"author":4,"featured_media":0,"parent":4587,"menu_order":0,"comment_status":"closed","ping_status":"closed","template":"","meta":{"_joinchat":[],"footnotes":""},"class_list":["post-4656","page","type-page","status-publish","hentry"],"acf":[],"_links":{"self":[{"href":"https:\/\/medicaltravel.ch\/tr\/wp-json\/wp\/v2\/pages\/4656","targetHints":{"allow":["GET"]}}],"collection":[{"href":"https:\/\/medicaltravel.ch\/tr\/wp-json\/wp\/v2\/pages"}],"about":[{"href":"https:\/\/medicaltravel.ch\/tr\/wp-json\/wp\/v2\/types\/page"}],"author":[{"embeddable":true,"href":"https:\/\/medicaltravel.ch\/tr\/wp-json\/wp\/v2\/users\/4"}],"replies":[{"embeddable":true,"href":"https:\/\/medicaltravel.ch\/tr\/wp-json\/wp\/v2\/comments?post=4656"}],"version-history":[{"count":0,"href":"https:\/\/medicaltravel.ch\/tr\/wp-json\/wp\/v2\/pages\/4656\/revisions"}],"up":[{"embeddable":true,"href":"https:\/\/medicaltravel.ch\/tr\/wp-json\/wp\/v2\/pages\/4587"}],"wp:attachment":[{"href":"https:\/\/medicaltravel.ch\/tr\/wp-json\/wp\/v2\/media?parent=4656"}],"curies":[{"name":"wp","href":"https:\/\/api.w.org\/{rel}","templated":true}]}}