{"id":4658,"date":"2025-09-23T16:54:43","date_gmt":"2025-09-23T15:54:43","guid":{"rendered":"https:\/\/medicaltravel.ch\/hasta-raporlari\/erfahrungsberichte-empfehlungen-behandlungen-beurteilung-tuerkei-istanbul\/deneyim-raporu-istanbulda-burun-ameliyati\/"},"modified":"2026-01-12T17:56:34","modified_gmt":"2026-01-12T16:56:34","slug":"deneyim-raporu-istanbulda-burun-ameliyati","status":"publish","type":"page","link":"https:\/\/medicaltravel.ch\/tr\/hasta-raporlari\/referanslar-tavsiyeler-tedaviler-degerlendirmeler-turkiye-istanbul\/deneyim-raporu-istanbulda-burun-ameliyati\/","title":{"rendered":"Deneyim raporu: \u0130stanbul&#8217;da burun ameliyat\u0131"},"content":{"rendered":"\n<p>Tanja S.&#8217;nin deneyim raporu, ameliyat tarihi 8.10.2019, Prof. Dr. Yazar, Ac\u0131badem Maslak<\/p>\n\n\n\n<p>Aral\u0131k 2017&#8217;de ilk rinoplasti\u011fimi Prof. Dr. Yazar ile yapt\u0131rm\u0131\u015ft\u0131m. Ancak iyile\u015fen sonu\u00e7 estetik a\u00e7\u0131dan tam olarak bekledi\u011fim gibi de\u011fildi, bu y\u00fczden bir d\u00fczeltme i\u015flemine karar verdim. Bu d\u00fczeltmeyi ba\u015fka bir cerrah ile mi yapt\u0131rmal\u0131y\u0131m yoksa tekrar Say\u0131n Yazar\u2019a m\u0131 gitmeliyim diye uzun s\u00fcre d\u00fc\u015f\u00fcnd\u00fcm. Bu konuda, \u00fcnl\u00fc bir cerrah ile Viyana&#8217;da bir dan\u0131\u015fmanl\u0131k g\u00f6r\u00fc\u015fmesi bile yapt\u0131m. Ancak, birka\u00e7 dakika i\u00e7inde bana bunun m\u00fcmk\u00fcn olmad\u0131\u011f\u0131n\u0131 ve yapmay\u0131 istemedi\u011fini s\u00f6yledi. Bu ger\u00e7ekten y\u0131k\u0131c\u0131 bir haberdi. \u0130svi\u00e7re\u2019den Viyana\u2019ya \u00f6zel olarak gitmi\u015ftim ve \u015fimdi bu hayal k\u0131r\u0131kl\u0131\u011f\u0131 verici yan\u0131t\u0131 almak zorunda kalm\u0131\u015ft\u0131m. Oysa, aradaki sonu\u00e7 asl\u0131nda ba\u015flang\u0131\u00e7taki halden \u00e7ok daha iyi bir \u015fekilde iyile\u015fmi\u015fti, ancak burun ucum iyile\u015fme sonras\u0131nda e\u011friydi ve bununla ya\u015famam m\u00fcmk\u00fcn de\u011fildi. Sonras\u0131nda tekrar Prof. Dr. Yazar ile \u0130svi\u00e7re\u2019de bir dan\u0131\u015fmanl\u0131k g\u00f6r\u00fc\u015fmesi yapmaya karar verdim. Konu\u015fma, bana b\u00fcy\u00fck bir rahatlama sa\u011flad\u0131! Direkt olarak, e\u011fer bundan memnun de\u011filseniz, bunu d\u00fczeltebilece\u011fimizi s\u00f6yledi. Hasta memnuniyetinin \u00e7ok \u00f6nemli oldu\u011funu belirtti. Bu g\u00f6r\u00fc\u015fmeden sonra, karar\u0131m netle\u015fti: D\u00fczeltme ameliyat\u0131m\u0131 tekrar kendisiyle, T\u00fcrkiye\u2019de yapaca\u011f\u0131m.            <\/p>\n\n\n\n<p>\u0130lk deneyimimden dolay\u0131 Swiss Medical Travel ile her \u015feyin nas\u0131l ilerleyece\u011fini zaten biliyordum ve klini\u011fi de \u00f6nceden tan\u0131yordum, bu y\u00fczden endi\u015felerim, ilk seferime k\u0131yasla \u00e7ok daha k\u00fc\u00e7\u00fckt\u00fc. Tabii ki, i\u015flemle ilgili baz\u0131 endi\u015felerim vard\u0131 \u2013 sonu\u00e7ta her cerrahi m\u00fcdahale bir risk ta\u015f\u0131r. Ancak endi\u015felerim kesinlikle organizasyonla ya da cerrah\u0131n yetenekleriyle ilgili de\u011fildi.  <\/p>\n\n\n\n<p>Ameliyat\u0131m 8 Ekim 2019 Sal\u0131&#8217;ya planlanm\u0131\u015ft\u0131. Anestezi de\u011ferlendirmesinin ise 7 Ekim 2019&#8217;da yap\u0131lmas\u0131 gerekiyordu. Hem e\u015fim i\u00e7in hem de kendim i\u00e7in Pazar sabah\u0131 bir u\u00e7u\u015f ald\u0131m, b\u00f6ylece biraz turistik gezi de yapma f\u0131rsat\u0131m\u0131z oldu. \u0130stanbul ger\u00e7ekten gezip g\u00f6r\u00fclmeye de\u011fer bir \u015fehir ve e\u011fer imkan\u0131n\u0131z varsa, mutlaka ke\u015ffedin! <a href=\"https:\/\/medicaltravel.ch\/tr\/\" data-type=\"page\" data-id=\"6\">MedicalTravel <\/a>ile ileti\u015fim, benim i\u00e7in her zaman en iyi \u015fekilde WhatsApp \u00fczerinden oldu. Say\u0131n Kara ve ekibi her zaman \u00e7ok h\u0131zl\u0131 ve yetkin bir \u015fekilde yan\u0131t verdiler. Verebilece\u011fim tek olumsuz puan, klinikten otele d\u00f6n\u00fc\u015fteki ula\u015f\u0131m oldu. Anestezi de\u011ferlendirmesinin ard\u0131ndan bir \u015fof\u00f6r gelmemi\u015fti. Ayr\u0131ca bize tahsis edilen terc\u00fcman da yan\u0131m\u0131zda de\u011fildi, bu nedenle 2,5 saatlik bir bekleme s\u00fcresinin ard\u0131ndan taksiyle otele d\u00f6nd\u00fck. Ancak taksi \u00fccretini kaydettik ve bize geri \u00f6denece\u011fi belirtildi. Bu y\u00fczden bekleme s\u00fcresi d\u0131\u015f\u0131nda bir problem ya\u015famad\u0131k. Swiss Medical Travel ile iki kez \u0130stanbul\u2019da operasyon ge\u00e7irmi\u015f biri olarak, bunun talihsiz bir tesad\u00fcf oldu\u011funu ve genellikle ya\u015fanmad\u0131\u011f\u0131n\u0131 s\u00f6yleyebilirim. Genel organizasyon ise her zaman m\u00fckemmel i\u015fledi. Ayr\u0131ca burada Esra isimli terc\u00fcmana b\u00fcy\u00fck bir \u00f6vg\u00fc de sunmak istiyorum. Kendisi \u00e7ok yetkin, ilgili ve dost\u00e7a bir ki\u015fi. Bizi m\u00fckemmel \u015fekilde bilgilendirdi ve operasyon s\u0131ras\u0131nda ve sonras\u0131nda e\u015fimle bile s\u00fcrekli ileti\u015fimdeydi.               <\/p>\n\n\n\n<p>\u0130lk burun ameliyat\u0131m \u00e7ok daha b\u00fcy\u00fck bir m\u00fcdahaleydi ve dolay\u0131s\u0131yla o zamanlar iyile\u015fme s\u00fcrecim bu seferkinden \u00e7ok daha uzun olmu\u015ftu. \u015eimdi 20 g\u00fcn ge\u00e7ti ve burun deliklerindeki ince izler d\u0131\u015f\u0131nda hi\u00e7 bir \u015fey kalmad\u0131. \u0130lk operasyonda, o kadar \u015fi\u015f ve renkli y\u00fczle otelden d\u0131\u015far\u0131 \u00e7\u0131kmaya cesaret edememi\u015ftim. Ama bu sefer sadece ameliyat\u0131n ilk 2-3 g\u00fcn\u00fc b\u00f6yleydi. A\u011fr\u0131lar her iki durumda da tamamen dayan\u0131labilir seviyedeydi \u2013 asl\u0131nda ila\u00e7lar sayesinde neredeyse hi\u00e7 a\u011fr\u0131 hissetmedim. Tabii ki dikkatli olmak laz\u0131m; burnunuzu \u00e7arpt\u0131\u011f\u0131n\u0131zda ger\u00e7ekten \u00e7ok ac\u0131yabilir ve bu, sonucunuzu da etkileyebilir. Kendinize yeterli zaman\u0131 tan\u0131y\u0131n ve baz\u0131 \u015feylerden ka\u00e7\u0131n\u0131n. \u0130yile\u015fme s\u00fcreci birka\u00e7 g\u00fcn i\u00e7inde olduk\u00e7a iyi ilerledi\u011fi i\u00e7in birka\u00e7 kez d\u0131\u015far\u0131 \u00e7\u0131k\u0131p k\u0131sa y\u00fcr\u00fcy\u00fc\u015fler yapabildik. 14 Ekim\u2019de al\u00e7\u0131 band\u0131m \u00e7\u0131kar\u0131ld\u0131 ve sonucu g\u00f6rd\u00fcm. L\u00fctfen bundan dolay\u0131 moralinizi bozmay\u0131n, burun \u015fi\u015fer ve ba\u015flang\u0131\u00e7ta nihai sonucu pek g\u00f6remezsiniz.<br>Ameliyat\u0131n ilk g\u00fcnleri i\u00e7in bir \u00f6neri: Y\u00fcz\u00fcn\u00fcz\u00fc so\u011futun (sadece burnu de\u011fil, \u00e7evresini dikkatlice) morluklar\u0131 ve \u015fi\u015flikleri kontrol alt\u0131na almak i\u00e7in ve ger\u00e7ekten rahatlat\u0131c\u0131 oluyor! Ayr\u0131ca, m\u00fcmk\u00fcn oldu\u011funca s\u0131k burun du\u015fu yap\u0131n (klinikte verilen spreyi kullanabilirsiniz) ve burun spreyi \u00e7ok s\u0131k kullanmamaya \u00e7al\u0131\u015f\u0131n (\u00e7abucak ba\u011f\u0131ml\u0131l\u0131k yapabiliyor). Birka\u00e7 g\u00fcn boyunca hi\u00e7 koku ya da tat alamazsan\u0131z, endi\u015felenmeyin. Bu geri gelecek. \u0130lk ameliyat\u0131mda bu durum uzun s\u00fcre s\u00fcrd\u00fc ve ger\u00e7ekten korkmu\u015ftum. Ama geri geliyor! Ayr\u0131ca, internetteki daha h\u0131zl\u0131 iyile\u015fme s\u00fcre\u00e7lerine aldanmamaya \u00e7al\u0131\u015f\u0131n. \u0130lk seferde beni ger\u00e7ekten \u00e7\u0131ld\u0131rtm\u0131\u015ft\u0131. Her ameliyat ve her v\u00fccut farkl\u0131d\u0131r. Kendinize zaman tan\u0131y\u0131n!                   <\/p>\n\n\n\n<p>Son olarak, MedicalTravel\u2019i, Say\u0131n Yazar\u2019\u0131 ve ekibini, klini\u011fi ve \u0130stanbul\u2019u g\u00f6n\u00fcl rahatl\u0131\u011f\u0131yla tavsiye ediyorum. Klinik, ikinci binan\u0131n in\u015fas\u0131ndan \u00f6nce bile \u00e7ok modern ve inan\u0131lmaz derecede g\u00fczeldi. Hem\u015fireler \u00e7ok yetkin ve inan\u0131lmaz derecede dost\u00e7a. Onlar\u0131n ellerindesiniz, en iyi \u015fekilde bak\u0131laca\u011f\u0131n\u0131z kesin. Hijyen standartlar\u0131, bir hasta olarak de\u011ferlendirebilece\u011fim kadar\u0131yla m\u00fckemmeldi ve genel olarak \u0130svi\u00e7re ile kar\u015f\u0131la\u015ft\u0131r\u0131ld\u0131\u011f\u0131nda eksiklik konusunda endi\u015felenmenize gerek yok!    <\/p>\n\n\n\n<div class=\"wp-block-group is-layout-grid wp-container-core-group-is-layout-baef362d wp-block-group-is-layout-grid\">\n<p><a href=\"https:\/\/medicaltravel.at\/home\/agb\/\" data-type=\"page\" data-id=\"2191\" rel=\"nofollow noopener\" target=\"_blank\"><\/a><a href=\"https:\/\/medicaltravel.ch\/tr\/hasta-raporlari\/referanslar-tavsiyeler-tedaviler-degerlendirmeler-turkiye-istanbul\/hasta-raporu-dis-tedavisi-istanbulda\/\" data-type=\"link\" data-id=\"https:\/\/medicaltravel.ch\/tr\/hasta-raporlari\/referanslar-tavsiyeler-tedaviler-degerlendirmeler-turkiye-istanbul\/hasta-raporu-dis-tedavisi-istanbulda\/\">\u00d6nceki rapor<\/a><\/p>\n\n\n\n<p class=\"has-text-align-right wp-container-content-5e2576f9\"><a href=\"https:\/\/medicaltravel.at\/home\/impressum\/\" data-type=\"page\" data-id=\"2193\" rel=\"nofollow noopener\" target=\"_blank\"><\/a><a href=\"https:\/\/medicaltravel.at\/home\/berichte-von-patienten\/erfahrungsberichte\/erfahrungsbericht-zahnbehandlung-in-istanbul\/\" data-type=\"page\" data-id=\"981\" rel=\"nofollow noopener\" target=\"_blank\"><\/a><a href=\"https:\/\/medicaltravel.ch\/tr\/hasta-raporlari\/referanslar-tavsiyeler-tedaviler-degerlendirmeler-turkiye-istanbul\/istanbulda-yapilan-rinoplasti-ile-ilgili-hasta-raporu\/\" data-type=\"link\" data-id=\"https:\/\/medicaltravel.ch\/tr\/hasta-raporlari\/referanslar-tavsiyeler-tedaviler-degerlendirmeler-turkiye-istanbul\/istanbulda-yapilan-rinoplasti-ile-ilgili-hasta-raporu\/\">Bir sonraki rapor<\/a><\/p>\n<\/div>\n","protected":false},"excerpt":{"rendered":"<p>Tanja S.&#8217;nin deneyim raporu, ameliyat tarihi 8.10.2019, Prof. Dr. Yazar, Ac\u0131badem Maslak Aral\u0131k 2017&#8217;de ilk rinoplasti\u011fimi Prof. Dr. Yazar ile yapt\u0131rm\u0131\u015ft\u0131m. Ancak iyile\u015fen sonu\u00e7 estetik a\u00e7\u0131dan tam olarak bekledi\u011fim gibi de\u011fildi, bu y\u00fczden bir d\u00fczeltme i\u015flemine karar verdim. Bu d\u00fczeltmeyi ba\u015fka bir cerrah ile mi yapt\u0131rmal\u0131y\u0131m yoksa tekrar Say\u0131n Yazar\u2019a m\u0131 gitmeliyim diye uzun s\u00fcre d\u00fc\u015f\u00fcnd\u00fcm. Bu konuda, \u00fcnl\u00fc bir cerrah ile Viyana&#8217;da bir dan\u0131\u015fmanl\u0131k g\u00f6r\u00fc\u015fmesi bile yapt\u0131m. Ancak, birka\u00e7 dakika i\u00e7inde bana bunun m\u00fcmk\u00fcn olmad\u0131\u011f\u0131n\u0131 ve yapmay\u0131 istemedi\u011fini s\u00f6yledi. Bu ger\u00e7ekten y\u0131k\u0131c\u0131 bir haberdi. \u0130svi\u00e7re\u2019den Viyana\u2019ya \u00f6zel olarak gitmi\u015ftim ve \u015fimdi bu hayal k\u0131r\u0131kl\u0131\u011f\u0131 verici yan\u0131t\u0131 almak zorunda kalm\u0131\u015ft\u0131m. Oysa, aradaki sonu\u00e7 asl\u0131nda ba\u015flang\u0131\u00e7taki halden \u00e7ok daha iyi bir \u015fekilde iyile\u015fmi\u015fti, ancak burun ucum iyile\u015fme sonras\u0131nda e\u011friydi ve bununla ya\u015famam m\u00fcmk\u00fcn de\u011fildi. Sonras\u0131nda tekrar Prof. Dr. Yazar ile \u0130svi\u00e7re\u2019de bir dan\u0131\u015fmanl\u0131k g\u00f6r\u00fc\u015fmesi yapmaya karar verdim. Konu\u015fma, bana b\u00fcy\u00fck bir rahatlama sa\u011flad\u0131! Direkt olarak, e\u011fer bundan memnun de\u011filseniz, bunu d\u00fczeltebilece\u011fimizi s\u00f6yledi. Hasta memnuniyetinin \u00e7ok \u00f6nemli oldu\u011funu belirtti. Bu g\u00f6r\u00fc\u015fmeden sonra, karar\u0131m netle\u015fti: D\u00fczeltme ameliyat\u0131m\u0131 tekrar kendisiyle, T\u00fcrkiye\u2019de yapaca\u011f\u0131m. \u0130lk deneyimimden dolay\u0131 Swiss Medical Travel ile her \u015feyin nas\u0131l ilerleyece\u011fini zaten biliyordum ve klini\u011fi de \u00f6nceden tan\u0131yordum, bu y\u00fczden endi\u015felerim, ilk seferime k\u0131yasla \u00e7ok daha k\u00fc\u00e7\u00fckt\u00fc. Tabii ki, i\u015flemle ilgili baz\u0131 endi\u015felerim vard\u0131 \u2013 sonu\u00e7ta her cerrahi m\u00fcdahale bir risk ta\u015f\u0131r. Ancak endi\u015felerim kesinlikle organizasyonla ya da cerrah\u0131n yetenekleriyle ilgili de\u011fildi. Ameliyat\u0131m 8 Ekim 2019 Sal\u0131&#8217;ya planlanm\u0131\u015ft\u0131. Anestezi de\u011ferlendirmesinin ise 7 Ekim 2019&#8217;da yap\u0131lmas\u0131 gerekiyordu. Hem e\u015fim i\u00e7in hem de kendim i\u00e7in Pazar sabah\u0131 bir u\u00e7u\u015f ald\u0131m, b\u00f6ylece biraz turistik gezi de yapma f\u0131rsat\u0131m\u0131z oldu. \u0130stanbul ger\u00e7ekten gezip g\u00f6r\u00fclmeye de\u011fer bir \u015fehir ve e\u011fer imkan\u0131n\u0131z varsa, mutlaka ke\u015ffedin! MedicalTravel ile ileti\u015fim, benim i\u00e7in her zaman en iyi \u015fekilde WhatsApp \u00fczerinden oldu. Say\u0131n Kara ve ekibi her zaman \u00e7ok h\u0131zl\u0131 ve yetkin bir \u015fekilde yan\u0131t verdiler. Verebilece\u011fim tek olumsuz puan, klinikten otele d\u00f6n\u00fc\u015fteki ula\u015f\u0131m oldu. Anestezi de\u011ferlendirmesinin ard\u0131ndan bir \u015fof\u00f6r gelmemi\u015fti. Ayr\u0131ca bize tahsis edilen terc\u00fcman da yan\u0131m\u0131zda de\u011fildi, bu nedenle 2,5 saatlik bir bekleme s\u00fcresinin ard\u0131ndan taksiyle otele d\u00f6nd\u00fck. Ancak taksi \u00fccretini kaydettik ve bize geri \u00f6denece\u011fi belirtildi. Bu y\u00fczden bekleme s\u00fcresi d\u0131\u015f\u0131nda bir problem ya\u015famad\u0131k. Swiss Medical Travel ile iki kez \u0130stanbul\u2019da operasyon ge\u00e7irmi\u015f biri olarak, bunun talihsiz bir tesad\u00fcf oldu\u011funu ve genellikle ya\u015fanmad\u0131\u011f\u0131n\u0131 s\u00f6yleyebilirim. Genel organizasyon ise her zaman m\u00fckemmel i\u015fledi. Ayr\u0131ca burada Esra isimli terc\u00fcmana b\u00fcy\u00fck bir \u00f6vg\u00fc de sunmak istiyorum. Kendisi \u00e7ok yetkin, ilgili ve dost\u00e7a bir ki\u015fi. Bizi m\u00fckemmel \u015fekilde bilgilendirdi ve operasyon s\u0131ras\u0131nda ve sonras\u0131nda e\u015fimle bile s\u00fcrekli ileti\u015fimdeydi. \u0130lk burun ameliyat\u0131m \u00e7ok daha b\u00fcy\u00fck bir m\u00fcdahaleydi ve dolay\u0131s\u0131yla o zamanlar iyile\u015fme s\u00fcrecim bu seferkinden \u00e7ok daha uzun olmu\u015ftu. \u015eimdi 20 g\u00fcn ge\u00e7ti ve burun deliklerindeki ince izler d\u0131\u015f\u0131nda hi\u00e7 bir \u015fey kalmad\u0131. \u0130lk operasyonda, o kadar \u015fi\u015f ve renkli y\u00fczle otelden d\u0131\u015far\u0131 \u00e7\u0131kmaya cesaret edememi\u015ftim. Ama bu sefer sadece ameliyat\u0131n ilk 2-3 g\u00fcn\u00fc b\u00f6yleydi. A\u011fr\u0131lar her iki durumda da tamamen dayan\u0131labilir seviyedeydi \u2013 asl\u0131nda ila\u00e7lar sayesinde neredeyse hi\u00e7 a\u011fr\u0131 hissetmedim. Tabii ki dikkatli olmak laz\u0131m; burnunuzu \u00e7arpt\u0131\u011f\u0131n\u0131zda ger\u00e7ekten \u00e7ok ac\u0131yabilir ve bu, sonucunuzu da etkileyebilir. Kendinize yeterli zaman\u0131 tan\u0131y\u0131n ve baz\u0131 \u015feylerden ka\u00e7\u0131n\u0131n. \u0130yile\u015fme s\u00fcreci birka\u00e7 g\u00fcn i\u00e7inde olduk\u00e7a iyi ilerledi\u011fi i\u00e7in birka\u00e7 kez d\u0131\u015far\u0131 \u00e7\u0131k\u0131p k\u0131sa y\u00fcr\u00fcy\u00fc\u015fler yapabildik. 14 Ekim\u2019de al\u00e7\u0131 band\u0131m \u00e7\u0131kar\u0131ld\u0131 ve sonucu g\u00f6rd\u00fcm. L\u00fctfen bundan dolay\u0131 moralinizi bozmay\u0131n, burun \u015fi\u015fer ve ba\u015flang\u0131\u00e7ta nihai sonucu pek g\u00f6remezsiniz.Ameliyat\u0131n ilk g\u00fcnleri i\u00e7in bir \u00f6neri: Y\u00fcz\u00fcn\u00fcz\u00fc so\u011futun (sadece burnu de\u011fil, \u00e7evresini dikkatlice) morluklar\u0131 ve \u015fi\u015flikleri kontrol alt\u0131na almak i\u00e7in ve ger\u00e7ekten rahatlat\u0131c\u0131 oluyor! Ayr\u0131ca, m\u00fcmk\u00fcn oldu\u011funca s\u0131k burun du\u015fu yap\u0131n (klinikte verilen spreyi kullanabilirsiniz) ve burun spreyi \u00e7ok s\u0131k kullanmamaya \u00e7al\u0131\u015f\u0131n (\u00e7abucak ba\u011f\u0131ml\u0131l\u0131k yapabiliyor). Birka\u00e7 g\u00fcn boyunca hi\u00e7 koku ya da tat alamazsan\u0131z, endi\u015felenmeyin. Bu geri gelecek. \u0130lk ameliyat\u0131mda bu durum uzun s\u00fcre s\u00fcrd\u00fc ve ger\u00e7ekten korkmu\u015ftum. Ama geri geliyor! Ayr\u0131ca, internetteki daha h\u0131zl\u0131 iyile\u015fme s\u00fcre\u00e7lerine aldanmamaya \u00e7al\u0131\u015f\u0131n. \u0130lk seferde beni ger\u00e7ekten \u00e7\u0131ld\u0131rtm\u0131\u015ft\u0131. Her ameliyat ve her v\u00fccut farkl\u0131d\u0131r. Kendinize zaman tan\u0131y\u0131n! Son olarak, MedicalTravel\u2019i, Say\u0131n Yazar\u2019\u0131 ve ekibini, klini\u011fi ve \u0130stanbul\u2019u g\u00f6n\u00fcl rahatl\u0131\u011f\u0131yla tavsiye ediyorum. Klinik, ikinci binan\u0131n in\u015fas\u0131ndan \u00f6nce bile \u00e7ok modern ve inan\u0131lmaz derecede g\u00fczeldi. Hem\u015fireler \u00e7ok yetkin ve inan\u0131lmaz derecede dost\u00e7a. Onlar\u0131n ellerindesiniz, en iyi \u015fekilde bak\u0131laca\u011f\u0131n\u0131z kesin. Hijyen standartlar\u0131, bir hasta olarak de\u011ferlendirebilece\u011fim kadar\u0131yla m\u00fckemmeldi ve genel olarak \u0130svi\u00e7re ile kar\u015f\u0131la\u015ft\u0131r\u0131ld\u0131\u011f\u0131nda eksiklik konusunda endi\u015felenmenize gerek yok! \u00d6nceki rapor Bir sonraki rapor<\/p>\n","protected":false},"author":4,"featured_media":0,"parent":4587,"menu_order":0,"comment_status":"closed","ping_status":"closed","template":"","meta":{"_joinchat":[],"footnotes":""},"class_list":["post-4658","page","type-page","status-publish","hentry"],"acf":[],"_links":{"self":[{"href":"https:\/\/medicaltravel.ch\/tr\/wp-json\/wp\/v2\/pages\/4658","targetHints":{"allow":["GET"]}}],"collection":[{"href":"https:\/\/medicaltravel.ch\/tr\/wp-json\/wp\/v2\/pages"}],"about":[{"href":"https:\/\/medicaltravel.ch\/tr\/wp-json\/wp\/v2\/types\/page"}],"author":[{"embeddable":true,"href":"https:\/\/medicaltravel.ch\/tr\/wp-json\/wp\/v2\/users\/4"}],"replies":[{"embeddable":true,"href":"https:\/\/medicaltravel.ch\/tr\/wp-json\/wp\/v2\/comments?post=4658"}],"version-history":[{"count":0,"href":"https:\/\/medicaltravel.ch\/tr\/wp-json\/wp\/v2\/pages\/4658\/revisions"}],"up":[{"embeddable":true,"href":"https:\/\/medicaltravel.ch\/tr\/wp-json\/wp\/v2\/pages\/4587"}],"wp:attachment":[{"href":"https:\/\/medicaltravel.ch\/tr\/wp-json\/wp\/v2\/media?parent=4658"}],"curies":[{"name":"wp","href":"https:\/\/api.w.org\/{rel}","templated":true}]}}