{"id":4660,"date":"2025-09-23T15:47:02","date_gmt":"2025-09-23T14:47:02","guid":{"rendered":"https:\/\/medicaltravel.ch\/hasta-raporlari\/erfahrungsberichte-empfehlungen-behandlungen-beurteilung-tuerkei-istanbul\/deneyim-raporu-burun-ameliyati-rinoplasti-istanbul-hasta-yorumu\/"},"modified":"2026-01-12T17:00:23","modified_gmt":"2026-01-12T16:00:23","slug":"deneyim-raporu-burun-ameliyati-rinoplasti-istanbul-hasta-yorumu","status":"publish","type":"page","link":"https:\/\/medicaltravel.ch\/tr\/hasta-raporlari\/referanslar-tavsiyeler-tedaviler-degerlendirmeler-turkiye-istanbul\/deneyim-raporu-burun-ameliyati-rinoplasti-istanbul-hasta-yorumu\/","title":{"rendered":"Deneyim raporu: Burun ameliyat\u0131, rinoplasti \u0130stanbul, hasta yorumu"},"content":{"rendered":"\n<p><strong>\u0130stanbul&#8217;daki olumlu burun esteti\u011fi deneyimim<\/strong><\/p>\n\n\n\n<p><a href=\"https:\/\/medicaltravel.ch\/tr\/tibbi-seyahat\/\" data-type=\"page\" data-id=\"10\">MedicalTravel <\/a>ile tan\u0131\u015fmam, g\u00f6zlerini lazerle tedavi ettiren bir tan\u0131d\u0131\u011f\u0131mdan oldu. Kendisi, organizasyon, hizmet ve sonu\u00e7lardan o kadar memnun kalm\u0131\u015ft\u0131 ki, 10 y\u0131l sonra bile hala \u00e7ok tatmin oldu\u011funu s\u00f6yl\u00fcyordu. <\/p>\n\n\n\n<p>Benim durumumda ise, burnum her zaman en b\u00fcy\u00fck g\u00fcvensizli\u011fim olmu\u015ftu, bu y\u00fczden 2021 y\u0131l\u0131nda Zug\u2019a \u00fccretsiz bir dan\u0131\u015fmanl\u0131k randevusuna gittim. MedicalTravel ekibiyle ileti\u015fim ba\u015ftan itibaren \u00e7ok iyi oldu. Ancak \u00e7e\u015fitli ki\u015fisel sebeplerden dolay\u0131, i\u015flemi yapmama karar verdim. Ard\u0131ndan 2023\u2019\u00fcn sonlar\u0131na do\u011fru tekrar ekiple ileti\u015fime ge\u00e7tim ve onlar da bana h\u0131zl\u0131 ve sorunsuz bir \u015fekilde bir teklif g\u00f6nderdiler.  <\/p>\n\n\n\n<p>Ocak 2024&#8217;\u00fcn sonunda \u0130stanbul&#8217;a u\u00e7tum, u\u00e7ak biletlerimi ve otel rezervasyonumu kendim yapt\u0131m. Havaalan\u0131 kar\u015f\u0131lama servisi zaman\u0131nda geldi. Ertesi g\u00fcn klini\u011fe gittim ve terc\u00fcman anestezi g\u00f6r\u00fc\u015fmesi ve kan alma i\u015flemleri s\u0131ras\u0131nda bana e\u015flik etti ve duygusal destek sa\u011flad\u0131. Ameliyattan \u00f6nce <a href=\"https:\/\/medicaltravel.ch\/wp-content\/uploads\/2025\/09\/Lebenslauf_Prof_Dr_Oguz-Kayiran.pdf\" data-type=\"link\" data-id=\"https:\/\/medicaltravel.ch\/wp-content\/uploads\/2025\/09\/Lebenslauf_Prof_Dr_Oguz-Kayiran.pdf\">doktor <\/a>tekrar geldi ve son detaylar\u0131 g\u00f6r\u00fc\u015ft\u00fck. \u015eunu da belirtmeliyim ki, 2021&#8217;deki Zug randevumdan beri doktoru g\u00f6rmemi\u015ftim, ancak g\u00f6r\u00fc\u015fmemizin notlar\u0131 hala elindeydi ve ameliyat\u0131n amac\u0131n\u0131n ne oldu\u011funu tam olarak biliyorduk.  <\/p>\n\n\n\n<p>Hastaneye gelirsek, ger\u00e7ekten \u00e7ok g\u00fczel bir yer. Tek ki\u015filik odalar geni\u015f ve \u0131\u015f\u0131k al\u0131yor. Personel son derece nazik, ancak \u00e7o\u011funlukla \u0130ngilizce konu\u015fam\u0131yorlar ve \u00e7ok zay\u0131f. Ancak, eller ve Google Translate ile <a href=\"https:\/\/medicaltravel.ch\/tr\/kozmetik-cerrahi\/hastaneler\/istanbuldaki-guezellik-klinigi\/\" data-type=\"page\" data-id=\"78\">ileti\u015fim <\/a>kurmak hi\u00e7 sorun olmad\u0131. Enjeksiyonlardan korktu\u011fumu a\u00e7\u0131k\u00e7a belirttim ve herkes \u00e7ok empatikti, kan al\u0131m\u0131 ise \u015fimdiye kadar yapt\u0131\u011f\u0131m en iyi kan al\u0131m\u0131yd\u0131. Ameliyat sonras\u0131nda doktor tekrar geldi ve operasyonun gidi\u015fat\u0131yla ilgili k\u0131sa bir bilgi verdi.   <\/p>\n\n\n\n<p>Hastanede bir gece kalmam gerekti, bu da iyi bir deneyim oldu. Taburcu oldu\u011fum g\u00fcn tekrar bir doktor ziyareti yap\u0131ld\u0131 ve takip randevum belirlendi. <\/p>\n\n\n\n<p>\u015eof\u00f6r tam zaman\u0131nda geldi ve \u00f6n\u00fcm\u00fczdeki g\u00fcnler i\u00e7in gerekli ila\u00e7lar\u0131 da yan\u0131nda getirdi.<\/p>\n\n\n\n<p>Yap\u0131lan i\u015flem olduk\u00e7a invazivdi ve beklendi\u011fi gibi ilk 72 saat rahats\u0131z ediciydi. Ameliyat\u0131n hemen sonras\u0131nda MedicalTravel ekibiyle \u0130svi\u00e7re&#8217;de bir kontrol randevusu ayarlad\u0131m, her zamanki gibi \u00e7ok kolayd\u0131. <\/p>\n\n\n\n<p>\u00c7ok uyudum ve bu y\u00fczden sadece otelde kald\u0131m. Livinton Hotel iyi bir oteldi, personel \u00e7ok arkada\u015f\u00e7ayd\u0131 ama maalesef \u00e7ok k\u00f6t\u00fc \u0130ngilizce konu\u015fuyorlard\u0131. Bandajla d\u0131\u015far\u0131 \u00e7\u0131kmak istemedi\u011fim i\u00e7in genellikle otel restoran\u0131nda yemek yedim.  <\/p>\n\n\n\n<p>\u0130stanbul&#8217;da Hagia Sophia ve Kapal\u0131 \u00c7ar\u015f\u0131 ile yap\u0131lan gezi g\u00fcn\u00fc de tavsiye edilir. D\u00f6n\u00fc\u015f yolculu\u011fu da sorunsuzdu, ancak havaliman\u0131nda (SAW) yeterli zaman\u0131 planlamak gerekiyor \u00e7\u00fcnk\u00fc pasaport kontrol\u00fcnde olduk\u00e7a uzun bekleniyor.<\/p>\n\n\n\n<p><strong>Bu harika deneyim i\u00e7in \u00e7ok te\u015fekk\u00fcr ederim!<\/strong><\/p>\n\n\n\n<p>Jessica, 29.01.2024 tarihinde d\u00fczeltilmemi\u015f.<\/p>\n\n\n\n<div class=\"wp-block-group is-layout-grid wp-container-core-group-is-layout-baef362d wp-block-group-is-layout-grid\">\n<p><a href=\"https:\/\/medicaltravel.at\/home\/agb\/\" data-type=\"page\" data-id=\"2191\" rel=\"nofollow noopener\" target=\"_blank\"><\/a><a href=\"https:\/\/medicaltravel.ch\/tr\/hasta-raporlari\/referanslar-tavsiyeler-tedaviler-degerlendirmeler-turkiye-istanbul\/istanbulda-meme-kuecueltme-liposuctioni-hakkinda-hasta-yorumu\/\" data-type=\"link\" data-id=\"https:\/\/medicaltravel.ch\/tr\/hasta-raporlari\/referanslar-tavsiyeler-tedaviler-degerlendirmeler-turkiye-istanbul\/istanbulda-meme-kuecueltme-liposuctioni-hakkinda-hasta-yorumu\/\">\u00d6nceki rapor<\/a><\/p>\n\n\n\n<p class=\"has-text-align-right wp-container-content-5e2576f9\"><a href=\"https:\/\/medicaltravel.at\/home\/impressum\/\" data-type=\"page\" data-id=\"2193\" rel=\"nofollow noopener\" target=\"_blank\"><\/a><a href=\"https:\/\/medicaltravel.at\/home\/berichte-von-patienten\/erfahrungsberichte\/erfahrungsbericht-zahnbehandlung-in-istanbul\/\" data-type=\"page\" data-id=\"981\" rel=\"nofollow noopener\" target=\"_blank\"><\/a><a href=\"https:\/\/medicaltravel.ch\/tr\/hasta-raporlari\/referanslar-tavsiyeler-tedaviler-degerlendirmeler-turkiye-istanbul\/deneyim-raporu-goez-kapagi-kaldirma-istanbulda-goez-kapagi-ameliyati-hasta-yorumu\/\" data-type=\"link\" data-id=\"https:\/\/medicaltravel.ch\/tr\/hasta-raporlari\/referanslar-tavsiyeler-tedaviler-degerlendirmeler-turkiye-istanbul\/deneyim-raporu-goez-kapagi-kaldirma-istanbulda-goez-kapagi-ameliyati-hasta-yorumu\/\">Bir sonraki rapor<\/a><\/p>\n<\/div>\n","protected":false},"excerpt":{"rendered":"<p>\u0130stanbul&#8217;daki olumlu burun esteti\u011fi deneyimim MedicalTravel ile tan\u0131\u015fmam, g\u00f6zlerini lazerle tedavi ettiren bir tan\u0131d\u0131\u011f\u0131mdan oldu. Kendisi, organizasyon, hizmet ve sonu\u00e7lardan o kadar memnun kalm\u0131\u015ft\u0131 ki, 10 y\u0131l sonra bile hala \u00e7ok tatmin oldu\u011funu s\u00f6yl\u00fcyordu. Benim durumumda ise, burnum her zaman en b\u00fcy\u00fck g\u00fcvensizli\u011fim olmu\u015ftu, bu y\u00fczden 2021 y\u0131l\u0131nda Zug\u2019a \u00fccretsiz bir dan\u0131\u015fmanl\u0131k randevusuna gittim. MedicalTravel ekibiyle ileti\u015fim ba\u015ftan itibaren \u00e7ok iyi oldu. Ancak \u00e7e\u015fitli ki\u015fisel sebeplerden dolay\u0131, i\u015flemi yapmama karar verdim. Ard\u0131ndan 2023\u2019\u00fcn sonlar\u0131na do\u011fru tekrar ekiple ileti\u015fime ge\u00e7tim ve onlar da bana h\u0131zl\u0131 ve sorunsuz bir \u015fekilde bir teklif g\u00f6nderdiler. Ocak 2024&#8217;\u00fcn sonunda \u0130stanbul&#8217;a u\u00e7tum, u\u00e7ak biletlerimi ve otel rezervasyonumu kendim yapt\u0131m. Havaalan\u0131 kar\u015f\u0131lama servisi zaman\u0131nda geldi. Ertesi g\u00fcn klini\u011fe gittim ve terc\u00fcman anestezi g\u00f6r\u00fc\u015fmesi ve kan alma i\u015flemleri s\u0131ras\u0131nda bana e\u015flik etti ve duygusal destek sa\u011flad\u0131. Ameliyattan \u00f6nce doktor tekrar geldi ve son detaylar\u0131 g\u00f6r\u00fc\u015ft\u00fck. \u015eunu da belirtmeliyim ki, 2021&#8217;deki Zug randevumdan beri doktoru g\u00f6rmemi\u015ftim, ancak g\u00f6r\u00fc\u015fmemizin notlar\u0131 hala elindeydi ve ameliyat\u0131n amac\u0131n\u0131n ne oldu\u011funu tam olarak biliyorduk. Hastaneye gelirsek, ger\u00e7ekten \u00e7ok g\u00fczel bir yer. Tek ki\u015filik odalar geni\u015f ve \u0131\u015f\u0131k al\u0131yor. Personel son derece nazik, ancak \u00e7o\u011funlukla \u0130ngilizce konu\u015fam\u0131yorlar ve \u00e7ok zay\u0131f. Ancak, eller ve Google Translate ile ileti\u015fim kurmak hi\u00e7 sorun olmad\u0131. Enjeksiyonlardan korktu\u011fumu a\u00e7\u0131k\u00e7a belirttim ve herkes \u00e7ok empatikti, kan al\u0131m\u0131 ise \u015fimdiye kadar yapt\u0131\u011f\u0131m en iyi kan al\u0131m\u0131yd\u0131. Ameliyat sonras\u0131nda doktor tekrar geldi ve operasyonun gidi\u015fat\u0131yla ilgili k\u0131sa bir bilgi verdi. Hastanede bir gece kalmam gerekti, bu da iyi bir deneyim oldu. Taburcu oldu\u011fum g\u00fcn tekrar bir doktor ziyareti yap\u0131ld\u0131 ve takip randevum belirlendi. \u015eof\u00f6r tam zaman\u0131nda geldi ve \u00f6n\u00fcm\u00fczdeki g\u00fcnler i\u00e7in gerekli ila\u00e7lar\u0131 da yan\u0131nda getirdi. Yap\u0131lan i\u015flem olduk\u00e7a invazivdi ve beklendi\u011fi gibi ilk 72 saat rahats\u0131z ediciydi. Ameliyat\u0131n hemen sonras\u0131nda MedicalTravel ekibiyle \u0130svi\u00e7re&#8217;de bir kontrol randevusu ayarlad\u0131m, her zamanki gibi \u00e7ok kolayd\u0131. \u00c7ok uyudum ve bu y\u00fczden sadece otelde kald\u0131m. Livinton Hotel iyi bir oteldi, personel \u00e7ok arkada\u015f\u00e7ayd\u0131 ama maalesef \u00e7ok k\u00f6t\u00fc \u0130ngilizce konu\u015fuyorlard\u0131. Bandajla d\u0131\u015far\u0131 \u00e7\u0131kmak istemedi\u011fim i\u00e7in genellikle otel restoran\u0131nda yemek yedim. \u0130stanbul&#8217;da Hagia Sophia ve Kapal\u0131 \u00c7ar\u015f\u0131 ile yap\u0131lan gezi g\u00fcn\u00fc de tavsiye edilir. D\u00f6n\u00fc\u015f yolculu\u011fu da sorunsuzdu, ancak havaliman\u0131nda (SAW) yeterli zaman\u0131 planlamak gerekiyor \u00e7\u00fcnk\u00fc pasaport kontrol\u00fcnde olduk\u00e7a uzun bekleniyor. Bu harika deneyim i\u00e7in \u00e7ok te\u015fekk\u00fcr ederim! Jessica, 29.01.2024 tarihinde d\u00fczeltilmemi\u015f. \u00d6nceki rapor Bir sonraki rapor<\/p>\n","protected":false},"author":4,"featured_media":0,"parent":4587,"menu_order":0,"comment_status":"closed","ping_status":"closed","template":"","meta":{"_joinchat":[],"footnotes":""},"class_list":["post-4660","page","type-page","status-publish","hentry"],"acf":[],"_links":{"self":[{"href":"https:\/\/medicaltravel.ch\/tr\/wp-json\/wp\/v2\/pages\/4660","targetHints":{"allow":["GET"]}}],"collection":[{"href":"https:\/\/medicaltravel.ch\/tr\/wp-json\/wp\/v2\/pages"}],"about":[{"href":"https:\/\/medicaltravel.ch\/tr\/wp-json\/wp\/v2\/types\/page"}],"author":[{"embeddable":true,"href":"https:\/\/medicaltravel.ch\/tr\/wp-json\/wp\/v2\/users\/4"}],"replies":[{"embeddable":true,"href":"https:\/\/medicaltravel.ch\/tr\/wp-json\/wp\/v2\/comments?post=4660"}],"version-history":[{"count":0,"href":"https:\/\/medicaltravel.ch\/tr\/wp-json\/wp\/v2\/pages\/4660\/revisions"}],"up":[{"embeddable":true,"href":"https:\/\/medicaltravel.ch\/tr\/wp-json\/wp\/v2\/pages\/4587"}],"wp:attachment":[{"href":"https:\/\/medicaltravel.ch\/tr\/wp-json\/wp\/v2\/media?parent=4660"}],"curies":[{"name":"wp","href":"https:\/\/api.w.org\/{rel}","templated":true}]}}