{"id":4662,"date":"2025-09-23T17:42:22","date_gmt":"2025-09-23T16:42:22","guid":{"rendered":"https:\/\/medicaltravel.ch\/hasta-raporlari\/erfahrungsberichte-empfehlungen-behandlungen-beurteilung-tuerkei-istanbul\/istanbulda-dis-tedavisi-ve-implantlarla-ilgili-deneyim-raporu-10-kasim-2015-sali-tarihli-rapor\/"},"modified":"2026-01-12T19:22:27","modified_gmt":"2026-01-12T18:22:27","slug":"istanbulda-dis-tedavisi-ve-implantlarla-ilgili-deneyim-raporu-10-kasim-2015-sali-tarihli-rapor","status":"publish","type":"page","link":"https:\/\/medicaltravel.ch\/tr\/hasta-raporlari\/referanslar-tavsiyeler-tedaviler-degerlendirmeler-turkiye-istanbul\/istanbulda-dis-tedavisi-ve-implantlarla-ilgili-deneyim-raporu-10-kasim-2015-sali-tarihli-rapor\/","title":{"rendered":"\u0130stanbul&#8217;da di\u015f tedavisi ve implantlarla ilgili deneyim raporu \u2013 10 Kas\u0131m 2015 Sal\u0131 tarihli rapor"},"content":{"rendered":"\n<p>\u0130stanbul&#8217;da di\u015f tedavisi ve implantlarla ilgili deneyim raporu \u2013 10 Kas\u0131m 2015 Sal\u0131 tarihli rapor<\/p>\n\n\n\n<p>Nisan 2015&#8217;te Z\u00fcrih&#8217;te bir bilgilendirme g\u00fcn\u00fcne kat\u0131ld\u0131m; burada ilk sorular\u0131m\u0131 sordum ve \u0130stanbul&#8217;daki t\u00fcm s\u00fcre\u00e7 bana a\u00e7\u0131kland\u0131.<\/p>\n\n\n\n<p>Di\u015flerim \u00e7ok k\u00f6t\u00fc g\u00f6r\u00fcn\u00fcyordu, art\u0131k rahat\u00e7a g\u00fcl\u00fcp, kar\u015f\u0131mda biriyle uzun uzun konu\u015fam\u0131yordum. Yava\u015f\u00e7a \u00e7evremden uzakla\u015fmaya ba\u015flad\u0131m \u00e7\u00fcnk\u00fc gittik\u00e7e daha \u00e7ok utan\u0131yordum. Arkada\u015f\u0131m ve \u00e7ocu\u011fumla tatil yapmay\u0131 ve sonunda di\u015flerimi uygun bir fiyata yapt\u0131rmay\u0131 d\u00f6rt g\u00f6zle bekliyordum!  <\/p>\n\n\n\n<p>Arkada\u015f\u0131m ve ben oteli ve u\u00e7a\u011f\u0131 kendimiz rezervasyon yapt\u0131k. 7 Ekim 2015&#8217;te Z\u00fcrih&#8217;ten \u0130stanbul&#8217;a u\u00e7tuk. \u0130stanbul Havaliman\u0131&#8217;nda hemen ad\u0131m\u0131 ta\u015f\u0131yan bir tabela ile Acibadem al\u0131m hizmetinden biri kar\u015f\u0131lad\u0131. Hemen Acibadem Fulya Hastanesi&#8217;ne gittik. Beni, \u00e7ok iyi Almanca konu\u015fan bir T\u00fcrk terc\u00fcman\u0131 \u00e7ok s\u0131cak bir \u015fekilde kar\u015f\u0131lad\u0131.    <\/p>\n\n\n\n<p>Tedavi hemen ba\u015flad\u0131. \u0130lk olarak tekrar r\u00f6ntgen \u00e7ekildi, sonra a\u011fz\u0131ma uyu\u015fturucu i\u00e7in birka\u00e7 i\u011fne yap\u0131ld\u0131. \u0130lk i\u011fne biraz ac\u0131tt\u0131, geri kalanlar\u0131 neredeyse hi\u00e7 hissetmedim. D\u00f6rt di\u015fim \u00e7ekildi ve implantlar i\u00e7in vidalar tak\u0131ld\u0131, b\u00f6ylece b\u00fcy\u00fck bir k\u0131sm\u0131 tamamlanm\u0131\u015f oldu. Tedavi s\u0131ras\u0131nda a\u011fr\u0131lar olduk\u00e7a dayan\u0131labilirdi, ama e\u011fer a\u011fr\u0131 \u00e7ekmek zor olursa hemen bildirilmesi gerekti\u011fi s\u00f6yleniyor, doktor da hemen tekrar i\u011fne yaparak a\u011fr\u0131y\u0131 kesiyor. Terc\u00fcman s\u00fcrekli yan\u0131mdayd\u0131.     <\/p>\n\n\n\n<p>Ameliyat sonras\u0131, a\u011fr\u0131lar i\u00e7in kal\u00e7ama bir i\u011fne yap\u0131ld\u0131, bu benim i\u00e7in en zor k\u0131sm\u0131yd\u0131, \u00e7\u00fcnk\u00fc yanmaya ba\u015flad\u0131 ve neredeyse do\u011fru d\u00fcr\u00fcst y\u00fcr\u00fcyemedim. Ama bu durum 10-15 dakika i\u00e7inde ge\u00e7ti. Bunu tercih ederim, \u00e7\u00fcnk\u00fc sonradan ger\u00e7ekten ameliyat sonras\u0131 a\u011fr\u0131 \u00e7ekmektense bu daha iyi. Sonras\u0131nda beni otele geri g\u00f6t\u00fcrd\u00fcler. Ne yaz\u0131k ki o andan itibaren sadece \u00e7orba, yo\u011furt, lor peyniri gibi \u015feyler yiyebildim.    <\/p>\n\n\n\n<p>8 Ekim 2015&#8217;te \u00f6\u011fleden sonra otelimden al\u0131nd\u0131m ve hastaneye g\u00f6t\u00fcr\u00fcld\u00fcm. Yine a\u011fz\u0131ma uyu\u015fturma i\u00e7in i\u011fneler yap\u0131ld\u0131, birka\u00e7 k\u00f6k tedavisi ve dolgu yap\u0131ld\u0131. Sonras\u0131nda transfer servisi beni tekrar otele geri g\u00f6t\u00fcrd\u00fc.  <\/p>\n\n\n\n<p>9 Ekim 2015&#8217;te bir randevum yoktu ve ailemle birlikte g\u00fczel \u0130stanbul&#8217;u ke\u015ffetme f\u0131rsat\u0131m oldu. 10 Ekim&#8217;de de bir randevum yoktu. Sultanahmet Camii&#8217;yi gezmeye gittik. 11 Ekim&#8217;de de randevum yoktu, bu y\u00fczden yine \u015fehri gezmek i\u00e7in bolca vaktimiz oldu. Araba olmadan da \u00e7ok rahat ilerlenebiliyor, gezilecek ve deneyimlenecek \u00e7ok \u015fey var.       <\/p>\n\n\n\n<p>Otelsiz Taksim Meydan\u0131&#8217;na olduk\u00e7a yak\u0131n, \u0130stanbul&#8217;un merkezine yerle\u015fmi\u015fti. 12 Ekim&#8217;de yine otelimden al\u0131nd\u0131m. Hastaneye gidip \u00fc\u00e7 di\u015fim daha \u00e7ekildi ve implantlar i\u00e7in vidalar tak\u0131ld\u0131. Terc\u00fcman\u0131m da s\u00fcrekli yan\u0131mdayd\u0131 ve her \u015feyi terc\u00fcme etti. Tedavi sonras\u0131nda hastanenin transfer servisi beni tekrar otele g\u00f6t\u00fcrd\u00fc ve geri kalan g\u00fcn\u00fc ailemle birlikte tatilin tad\u0131n\u0131 \u00e7\u0131kararak ge\u00e7irebildim.    <\/p>\n\n\n\n<p>13 Ekim&#8217;de, Acibadem Hastanesi&#8217;nin transfer servisi yine otelimden alarak Acibadem Fulya Hastanesi&#8217;ne g\u00f6t\u00fcrd\u00fc. Yine birka\u00e7 k\u00f6k tedavisi ve dolgu yap\u0131ld\u0131, sonras\u0131nda beni tekrar otele g\u00f6t\u00fcrd\u00fcler. 14 Ekim&#8217;de ge\u00e7ici di\u015f protezimi ald\u0131m. Tabii ki \u00f6nce yine otelden al\u0131nd\u0131m ve i\u015flemler sonras\u0131 tekrar otele b\u0131rak\u0131ld\u0131m.     <\/p>\n\n\n\n<p>Sonunda tekrar g\u00fclebiliyordum\u2026 15 Ekim&#8217;de Acibadem&#8217;in transfer servisi bizi otelden al\u0131p tekrar \u0130stanbul Havaliman\u0131&#8217;na g\u00f6t\u00fcrd\u00fc. \u00d6\u011fleden sonra Z\u00fcrih&#8217;e vard\u0131k. \u00dc\u00e7 ay sonra tekrar gidece\u011fim, buna ger\u00e7ekten \u00e7ok seviniyorum.  <\/p>\n\n\n\n<p>MedicalTravel&#8217;den \u00e7ok memnunum ve herkese tavsiye edebilirim. Havaliman\u0131-Hastane-Otel aras\u0131ndaki m\u00fckemmel transfer hizmeti. Hastanede terc\u00fcman e\u015fli\u011finde \u00e7ok arkada\u015f\u00e7a bir muamele g\u00f6rd\u00fcm. Sonunda di\u015flerimi yapt\u0131rabildim, tatilimi yapt\u0131m ve buna ra\u011fmen binlerce frank tasarruf ettim.   <\/p>\n\n\n\n<p>Philipp Obrecht&#8217;ten selamlar.<\/p>\n\n\n\n<div class=\"wp-block-group is-layout-grid wp-container-core-group-is-layout-baef362d wp-block-group-is-layout-grid\">\n<p><a href=\"https:\/\/medicaltravel.at\/home\/agb\/\" data-type=\"page\" data-id=\"2191\" rel=\"nofollow noopener\" target=\"_blank\"><\/a><a href=\"https:\/\/medicaltravel.ch\/tr\/hasta-raporlari\/referanslar-tavsiyeler-tedaviler-degerlendirmeler-turkiye-istanbul\/hasta-goeruesue-istanbulda-sac-ekimi-13-kasim-2015-cuma-tarihli-rapor\/\" data-type=\"link\" data-id=\"https:\/\/medicaltravel.ch\/tr\/hasta-raporlari\/referanslar-tavsiyeler-tedaviler-degerlendirmeler-turkiye-istanbul\/hasta-goeruesue-istanbulda-sac-ekimi-13-kasim-2015-cuma-tarihli-rapor\/\">\u00d6nceki rapor<\/a><\/p>\n\n\n\n<p class=\"has-text-align-right wp-container-content-5e2576f9\"><a href=\"https:\/\/medicaltravel.at\/home\/impressum\/\" data-type=\"page\" data-id=\"2193\" rel=\"nofollow noopener\" target=\"_blank\"><\/a><a href=\"https:\/\/medicaltravel.at\/home\/berichte-von-patienten\/erfahrungsberichte\/erfahrungsbericht-zahnbehandlung-in-istanbul\/\" data-type=\"page\" data-id=\"981\" rel=\"nofollow noopener\" target=\"_blank\"><\/a><a href=\"https:\/\/medicaltravel.ch\/tr\/hasta-raporlari\/referanslar-tavsiyeler-tedaviler-degerlendirmeler-turkiye-istanbul\/istanbuldaki-dis-tedavisi-deneyimim-31-ekim-2015-cumartesi-tarihli-raporum\/\" data-type=\"link\" data-id=\"https:\/\/medicaltravel.ch\/tr\/hasta-raporlari\/referanslar-tavsiyeler-tedaviler-degerlendirmeler-turkiye-istanbul\/istanbuldaki-dis-tedavisi-deneyimim-31-ekim-2015-cumartesi-tarihli-raporum\/\">Bir sonraki rapor<\/a><\/p>\n<\/div>\n","protected":false},"excerpt":{"rendered":"<p>\u0130stanbul&#8217;da di\u015f tedavisi ve implantlarla ilgili deneyim raporu \u2013 10 Kas\u0131m 2015 Sal\u0131 tarihli rapor Nisan 2015&#8217;te Z\u00fcrih&#8217;te bir bilgilendirme g\u00fcn\u00fcne kat\u0131ld\u0131m; burada ilk sorular\u0131m\u0131 sordum ve \u0130stanbul&#8217;daki t\u00fcm s\u00fcre\u00e7 bana a\u00e7\u0131kland\u0131. Di\u015flerim \u00e7ok k\u00f6t\u00fc g\u00f6r\u00fcn\u00fcyordu, art\u0131k rahat\u00e7a g\u00fcl\u00fcp, kar\u015f\u0131mda biriyle uzun uzun konu\u015fam\u0131yordum. Yava\u015f\u00e7a \u00e7evremden uzakla\u015fmaya ba\u015flad\u0131m \u00e7\u00fcnk\u00fc gittik\u00e7e daha \u00e7ok utan\u0131yordum. Arkada\u015f\u0131m ve \u00e7ocu\u011fumla tatil yapmay\u0131 ve sonunda di\u015flerimi uygun bir fiyata yapt\u0131rmay\u0131 d\u00f6rt g\u00f6zle bekliyordum! Arkada\u015f\u0131m ve ben oteli ve u\u00e7a\u011f\u0131 kendimiz rezervasyon yapt\u0131k. 7 Ekim 2015&#8217;te Z\u00fcrih&#8217;ten \u0130stanbul&#8217;a u\u00e7tuk. \u0130stanbul Havaliman\u0131&#8217;nda hemen ad\u0131m\u0131 ta\u015f\u0131yan bir tabela ile Acibadem al\u0131m hizmetinden biri kar\u015f\u0131lad\u0131. Hemen Acibadem Fulya Hastanesi&#8217;ne gittik. Beni, \u00e7ok iyi Almanca konu\u015fan bir T\u00fcrk terc\u00fcman\u0131 \u00e7ok s\u0131cak bir \u015fekilde kar\u015f\u0131lad\u0131. Tedavi hemen ba\u015flad\u0131. \u0130lk olarak tekrar r\u00f6ntgen \u00e7ekildi, sonra a\u011fz\u0131ma uyu\u015fturucu i\u00e7in birka\u00e7 i\u011fne yap\u0131ld\u0131. \u0130lk i\u011fne biraz ac\u0131tt\u0131, geri kalanlar\u0131 neredeyse hi\u00e7 hissetmedim. D\u00f6rt di\u015fim \u00e7ekildi ve implantlar i\u00e7in vidalar tak\u0131ld\u0131, b\u00f6ylece b\u00fcy\u00fck bir k\u0131sm\u0131 tamamlanm\u0131\u015f oldu. Tedavi s\u0131ras\u0131nda a\u011fr\u0131lar olduk\u00e7a dayan\u0131labilirdi, ama e\u011fer a\u011fr\u0131 \u00e7ekmek zor olursa hemen bildirilmesi gerekti\u011fi s\u00f6yleniyor, doktor da hemen tekrar i\u011fne yaparak a\u011fr\u0131y\u0131 kesiyor. Terc\u00fcman s\u00fcrekli yan\u0131mdayd\u0131. Ameliyat sonras\u0131, a\u011fr\u0131lar i\u00e7in kal\u00e7ama bir i\u011fne yap\u0131ld\u0131, bu benim i\u00e7in en zor k\u0131sm\u0131yd\u0131, \u00e7\u00fcnk\u00fc yanmaya ba\u015flad\u0131 ve neredeyse do\u011fru d\u00fcr\u00fcst y\u00fcr\u00fcyemedim. Ama bu durum 10-15 dakika i\u00e7inde ge\u00e7ti. Bunu tercih ederim, \u00e7\u00fcnk\u00fc sonradan ger\u00e7ekten ameliyat sonras\u0131 a\u011fr\u0131 \u00e7ekmektense bu daha iyi. Sonras\u0131nda beni otele geri g\u00f6t\u00fcrd\u00fcler. Ne yaz\u0131k ki o andan itibaren sadece \u00e7orba, yo\u011furt, lor peyniri gibi \u015feyler yiyebildim. 8 Ekim 2015&#8217;te \u00f6\u011fleden sonra otelimden al\u0131nd\u0131m ve hastaneye g\u00f6t\u00fcr\u00fcld\u00fcm. Yine a\u011fz\u0131ma uyu\u015fturma i\u00e7in i\u011fneler yap\u0131ld\u0131, birka\u00e7 k\u00f6k tedavisi ve dolgu yap\u0131ld\u0131. Sonras\u0131nda transfer servisi beni tekrar otele geri g\u00f6t\u00fcrd\u00fc. 9 Ekim 2015&#8217;te bir randevum yoktu ve ailemle birlikte g\u00fczel \u0130stanbul&#8217;u ke\u015ffetme f\u0131rsat\u0131m oldu. 10 Ekim&#8217;de de bir randevum yoktu. Sultanahmet Camii&#8217;yi gezmeye gittik. 11 Ekim&#8217;de de randevum yoktu, bu y\u00fczden yine \u015fehri gezmek i\u00e7in bolca vaktimiz oldu. Araba olmadan da \u00e7ok rahat ilerlenebiliyor, gezilecek ve deneyimlenecek \u00e7ok \u015fey var. Otelsiz Taksim Meydan\u0131&#8217;na olduk\u00e7a yak\u0131n, \u0130stanbul&#8217;un merkezine yerle\u015fmi\u015fti. 12 Ekim&#8217;de yine otelimden al\u0131nd\u0131m. Hastaneye gidip \u00fc\u00e7 di\u015fim daha \u00e7ekildi ve implantlar i\u00e7in vidalar tak\u0131ld\u0131. Terc\u00fcman\u0131m da s\u00fcrekli yan\u0131mdayd\u0131 ve her \u015feyi terc\u00fcme etti. Tedavi sonras\u0131nda hastanenin transfer servisi beni tekrar otele g\u00f6t\u00fcrd\u00fc ve geri kalan g\u00fcn\u00fc ailemle birlikte tatilin tad\u0131n\u0131 \u00e7\u0131kararak ge\u00e7irebildim. 13 Ekim&#8217;de, Acibadem Hastanesi&#8217;nin transfer servisi yine otelimden alarak Acibadem Fulya Hastanesi&#8217;ne g\u00f6t\u00fcrd\u00fc. Yine birka\u00e7 k\u00f6k tedavisi ve dolgu yap\u0131ld\u0131, sonras\u0131nda beni tekrar otele g\u00f6t\u00fcrd\u00fcler. 14 Ekim&#8217;de ge\u00e7ici di\u015f protezimi ald\u0131m. Tabii ki \u00f6nce yine otelden al\u0131nd\u0131m ve i\u015flemler sonras\u0131 tekrar otele b\u0131rak\u0131ld\u0131m. Sonunda tekrar g\u00fclebiliyordum\u2026 15 Ekim&#8217;de Acibadem&#8217;in transfer servisi bizi otelden al\u0131p tekrar \u0130stanbul Havaliman\u0131&#8217;na g\u00f6t\u00fcrd\u00fc. \u00d6\u011fleden sonra Z\u00fcrih&#8217;e vard\u0131k. \u00dc\u00e7 ay sonra tekrar gidece\u011fim, buna ger\u00e7ekten \u00e7ok seviniyorum. MedicalTravel&#8217;den \u00e7ok memnunum ve herkese tavsiye edebilirim. Havaliman\u0131-Hastane-Otel aras\u0131ndaki m\u00fckemmel transfer hizmeti. Hastanede terc\u00fcman e\u015fli\u011finde \u00e7ok arkada\u015f\u00e7a bir muamele g\u00f6rd\u00fcm. Sonunda di\u015flerimi yapt\u0131rabildim, tatilimi yapt\u0131m ve buna ra\u011fmen binlerce frank tasarruf ettim. Philipp Obrecht&#8217;ten selamlar. \u00d6nceki rapor Bir sonraki rapor<\/p>\n","protected":false},"author":4,"featured_media":0,"parent":4587,"menu_order":0,"comment_status":"closed","ping_status":"closed","template":"","meta":{"_joinchat":[],"footnotes":""},"class_list":["post-4662","page","type-page","status-publish","hentry"],"acf":[],"_links":{"self":[{"href":"https:\/\/medicaltravel.ch\/tr\/wp-json\/wp\/v2\/pages\/4662","targetHints":{"allow":["GET"]}}],"collection":[{"href":"https:\/\/medicaltravel.ch\/tr\/wp-json\/wp\/v2\/pages"}],"about":[{"href":"https:\/\/medicaltravel.ch\/tr\/wp-json\/wp\/v2\/types\/page"}],"author":[{"embeddable":true,"href":"https:\/\/medicaltravel.ch\/tr\/wp-json\/wp\/v2\/users\/4"}],"replies":[{"embeddable":true,"href":"https:\/\/medicaltravel.ch\/tr\/wp-json\/wp\/v2\/comments?post=4662"}],"version-history":[{"count":0,"href":"https:\/\/medicaltravel.ch\/tr\/wp-json\/wp\/v2\/pages\/4662\/revisions"}],"up":[{"embeddable":true,"href":"https:\/\/medicaltravel.ch\/tr\/wp-json\/wp\/v2\/pages\/4587"}],"wp:attachment":[{"href":"https:\/\/medicaltravel.ch\/tr\/wp-json\/wp\/v2\/media?parent=4662"}],"curies":[{"name":"wp","href":"https:\/\/api.w.org\/{rel}","templated":true}]}}