{"id":4672,"date":"2025-09-23T17:07:41","date_gmt":"2025-09-23T16:07:41","guid":{"rendered":"https:\/\/medicaltravel.ch\/hasta-raporlari\/erfahrungsberichte-empfehlungen-behandlungen-beurteilung-tuerkei-istanbul\/istanbuldaki-bir-dis-kliniginin-degerlendirmesi\/"},"modified":"2026-01-12T18:52:20","modified_gmt":"2026-01-12T17:52:20","slug":"istanbuldaki-bir-dis-kliniginin-degerlendirmesi","status":"publish","type":"page","link":"https:\/\/medicaltravel.ch\/tr\/hasta-raporlari\/referanslar-tavsiyeler-tedaviler-degerlendirmeler-turkiye-istanbul\/istanbuldaki-bir-dis-kliniginin-degerlendirmesi\/","title":{"rendered":"\u0130stanbul&#8217;daki bir di\u015f klini\u011finin de\u011ferlendirmesi"},"content":{"rendered":"\n<p>Di\u015flerimi yenilettirmek i\u00e7in bir maliyet teklifi ald\u0131m. Ancak bu teklif bana \u00e7ok pahal\u0131 geldi\u011fi i\u00e7in alternatiflere y\u00f6neldim. Bir arkada\u015f\u0131m\u0131n o\u011flu sayesinde T\u00fcrkiye&#8217;de di\u015f tedavisi imkan\u0131 hakk\u0131nda bilgi edindim. \u0130nternet \u00fczerinden MedicalTravel hakk\u0131nda olduk\u00e7a kapsaml\u0131 bir \u015fekilde bilgi edindim. Bu nedenle Z\u00fcrih&#8217;te bir \u00f6n muayene yapt\u0131rd\u0131m ve bana bir maliyet teklifi sunuldu. Teklif beni ikna etti ve paket tur teklifiyle birlikte &#8220;macera&#8221;ya k\u0131sa s\u00fcrede at\u0131lmaya karar verdim.    <\/p>\n\n\n\n<p>MedicalTravel, WhatsApp ve e-posta arac\u0131l\u0131\u011f\u0131yla bana her zaman h\u0131zl\u0131, \u00e7ok dostane ve profesyonel bir \u015fekilde bilgi verdi. \u0130\u015flemler h\u0131zl\u0131 ve sorunsuz bir \u015fekilde yap\u0131ld\u0131. U\u00e7u\u015f ve transfer, \u00e7ok nazik ve yerel bir \u00f6zel \u015fof\u00f6rle (maalesef \u0130ngilizce konu\u015fam\u0131yordu) \u015f\u0131k, beyaz, klimal\u0131 bir Mercedes ile m\u00fckemmel \u015fekilde ger\u00e7ekle\u015fti. Naz City Taksim Oteli de ger\u00e7ekten \u00e7ok ho\u015fuma gitti, modern, temiz, dostane ve yard\u0131mc\u0131 personel ile olduk\u00e7a keyifli k\u00fc\u00e7\u00fck bir wellness alan\u0131 ve spor salonu vard\u0131. Kahvalt\u0131 b\u00fcfesi inan\u0131lmaz derecede \u00e7e\u015fitlilik g\u00f6steriyor ve \u00e7ok lezzetliydi. Ayr\u0131ca, otelin her zaman \u00fccretsiz sundu\u011fu 3 farkl\u0131 noktaya shuttle hizmeti de takdire \u015fayan. Bu noktalara y\u00fcr\u00fcyerek de 20-30 dakikada ula\u015f\u0131labiliyor. Tek k\u00fc\u00e7\u00fck olumsuz nokta ise, ana caddeye bakan odan\u0131n penceresinin, sokak g\u00fcr\u00fclt\u00fcs\u00fcn\u00fc tamamen engelleyememi\u015f olmas\u0131yd\u0131.       <\/p>\n\n\n\n<p>Alt\u0131 g\u00fcnl\u00fck kal\u0131\u015f\u0131m boyunca Zorlu Center&#8217;da bulunan modern di\u015f klini\u011fine yap\u0131lan t\u00fcm transferler sorunsuz, keyifli ve her zaman zaman\u0131nda ger\u00e7ekle\u015fti. Her zaman \u00e7ok dostane ve ho\u015f olan di\u015f hekimi Dr. Dizdar, ki bu ayn\u0131 zamanda di\u015f asistanlar\u0131 i\u00e7in de ge\u00e7erli, her zaman bir sonraki ad\u0131m hakk\u0131nda bilgi verdi ve \u00e7ok yetkin ve profesyoneldi. Hi\u00e7bir zaman a\u011fr\u0131 hissetmedim.  <\/p>\n\n\n\n<p>Tedaviler aras\u0131nda, bu devasa, canl\u0131, \u00e7ok ilgin\u00e7 ve b\u00fcy\u00fck \u00f6l\u00e7\u00fcde temiz olan d\u00fcnya \u015fehrini, say\u0131s\u0131z etkileyici turistik mekan\u0131 ke\u015ffetmek i\u00e7in yeterince zaman vard\u0131. Hem y\u00fcr\u00fcyerek hem de tramvay, metro ve vapur gibi uygun fiyatl\u0131 toplu ta\u015f\u0131ma ara\u00e7lar\u0131yla \u015fehri gezebilirdim. B\u00fcy\u00fck pazar, ger\u00e7ekten \u00e7ok \u00f6zel bir yer ve her ziyaret\u00e7inin g\u00f6rmesi gereken bir yer. Ayn\u0131 \u015fekilde, Bo\u011faz&#8217;da bir tekne turu yapmak da olduk\u00e7a keyifli. Taksim&#8217;den ba\u015flayarak, say\u0131s\u0131z al\u0131\u015fveri\u015f imkan\u0131 ve Flan\u00f6r Caddesi&#8217;nde ve yan sokaklarda canl\u0131 m\u00fczik e\u015fli\u011finde yemek yiyebilece\u011finiz \u015firin k\u00fc\u00e7\u00fck restoranlar ve at\u0131\u015ft\u0131rmal\u0131k tezgahlar\u0131 bulunuyor. \u0130stanbul&#8217;u Avrupa ve Asya olarak b\u00f6len bu bo\u011faz, \u015fehre kendine has bir \u00f6zellik kat\u0131yor ve onu d\u00fcnyada benzersiz k\u0131l\u0131yor.   <\/p>\n\n\n\n<p>\u0130stanbul&#8217;un topografyas\u0131, \u015fehirde y\u00f6n bulmay\u0131 da kolayla\u015ft\u0131r\u0131yor. Di\u015f tedavimi \u0130stanbul&#8217;da yapt\u0131rma ve ayn\u0131 zamanda harika bir \u015fehri ve dost canl\u0131s\u0131 insanlar\u0131 tan\u0131ma karar\u0131m\u0131 hi\u00e7bir an pi\u015fmanl\u0131k duymadan verdim.<\/p>\n\n\n\n<p>Yeni \u0130stanbul Havaliman\u0131, 25.06.2019<br>Daniel M\u00fcller, 1957<\/p>\n\n\n\n<figure class=\"wp-block-image size-full\"><img fetchpriority=\"high\" decoding=\"async\" width=\"768\" height=\"576\" src=\"https:\/\/medicaltravel.ch\/wp-content\/uploads\/2025\/09\/IMG_6319_klein-768x576-1.jpg\" alt=\"\" class=\"wp-image-696\" srcset=\"https:\/\/medicaltravel.ch\/wp-content\/uploads\/2025\/09\/IMG_6319_klein-768x576-1.jpg 768w, https:\/\/medicaltravel.ch\/wp-content\/uploads\/2025\/09\/IMG_6319_klein-768x576-1-300x225.jpg 300w\" sizes=\"(max-width: 768px) 100vw, 768px\" \/><\/figure>\n\n\n\n<p id=\"caption-attachment-6711\">Yeni \u0130stanbul Havaliman\u0131<\/p>\n\n\n\n<figure class=\"wp-block-image size-full\"><img decoding=\"async\" width=\"768\" height=\"1024\" src=\"https:\/\/medicaltravel.ch\/wp-content\/uploads\/2025\/09\/IMG_6317_klein-768x1024-1.jpg\" alt=\"\" class=\"wp-image-697\" srcset=\"https:\/\/medicaltravel.ch\/wp-content\/uploads\/2025\/09\/IMG_6317_klein-768x1024-1.jpg 768w, https:\/\/medicaltravel.ch\/wp-content\/uploads\/2025\/09\/IMG_6317_klein-768x1024-1-225x300.jpg 225w\" sizes=\"(max-width: 768px) 100vw, 768px\" \/><\/figure>\n\n\n\n<p id=\"caption-attachment-6710\">Yeni \u0130stanbul Havaliman\u0131<\/p>\n\n\n\n<figure class=\"wp-block-image size-full\"><img decoding=\"async\" width=\"768\" height=\"576\" src=\"https:\/\/medicaltravel.ch\/wp-content\/uploads\/2025\/09\/IMG_6300_klein-768x576-1.jpg\" alt=\"\" class=\"wp-image-698\" srcset=\"https:\/\/medicaltravel.ch\/wp-content\/uploads\/2025\/09\/IMG_6300_klein-768x576-1.jpg 768w, https:\/\/medicaltravel.ch\/wp-content\/uploads\/2025\/09\/IMG_6300_klein-768x576-1-300x225.jpg 300w\" sizes=\"(max-width: 768px) 100vw, 768px\" \/><\/figure>\n\n\n\n<p id=\"caption-attachment-6709\">Bo\u011faz Feribotu<\/p>\n\n\n\n<figure class=\"wp-block-image size-full\"><img loading=\"lazy\" decoding=\"async\" width=\"768\" height=\"576\" src=\"https:\/\/medicaltravel.ch\/wp-content\/uploads\/2025\/09\/IMG_6267_klein-768x576-1.jpg\" alt=\"\" class=\"wp-image-699\" srcset=\"https:\/\/medicaltravel.ch\/wp-content\/uploads\/2025\/09\/IMG_6267_klein-768x576-1.jpg 768w, https:\/\/medicaltravel.ch\/wp-content\/uploads\/2025\/09\/IMG_6267_klein-768x576-1-300x225.jpg 300w\" sizes=\"(max-width: 768px) 100vw, 768px\" \/><\/figure>\n\n\n\n<p id=\"caption-attachment-6708\">Di\u015f klini\u011finin bulundu\u011fu Zorlu al\u0131\u015fveri\u015f merkezi.<\/p>\n\n\n\n<figure class=\"wp-block-image size-full\"><img loading=\"lazy\" decoding=\"async\" width=\"768\" height=\"576\" src=\"https:\/\/medicaltravel.ch\/wp-content\/uploads\/2025\/09\/IMG_6220_klein-768x576-1.jpg\" alt=\"\" class=\"wp-image-700\" srcset=\"https:\/\/medicaltravel.ch\/wp-content\/uploads\/2025\/09\/IMG_6220_klein-768x576-1.jpg 768w, https:\/\/medicaltravel.ch\/wp-content\/uploads\/2025\/09\/IMG_6220_klein-768x576-1-300x225.jpg 300w\" sizes=\"(max-width: 768px) 100vw, 768px\" \/><\/figure>\n\n\n\n<p id=\"caption-attachment-6707\">Dolmabah\u00e7e Palast<\/p>\n\n\n\n<figure class=\"wp-block-image size-full\"><img loading=\"lazy\" decoding=\"async\" width=\"768\" height=\"576\" src=\"https:\/\/medicaltravel.ch\/wp-content\/uploads\/2025\/09\/IMG_6205_klein-768x576-1.jpg\" alt=\"\" class=\"wp-image-701\" srcset=\"https:\/\/medicaltravel.ch\/wp-content\/uploads\/2025\/09\/IMG_6205_klein-768x576-1.jpg 768w, https:\/\/medicaltravel.ch\/wp-content\/uploads\/2025\/09\/IMG_6205_klein-768x576-1-300x225.jpg 300w\" sizes=\"(max-width: 768px) 100vw, 768px\" \/><\/figure>\n\n\n\n<p id=\"caption-attachment-6706\">B\u00fcy\u00fck \u00c7ar\u015f\u0131<\/p>\n\n\n\n<figure class=\"wp-block-image size-full\"><img loading=\"lazy\" decoding=\"async\" width=\"768\" height=\"576\" src=\"https:\/\/medicaltravel.ch\/wp-content\/uploads\/2025\/09\/IMG_6244-1-768x576-1.jpg\" alt=\"\" class=\"wp-image-702\" srcset=\"https:\/\/medicaltravel.ch\/wp-content\/uploads\/2025\/09\/IMG_6244-1-768x576-1.jpg 768w, https:\/\/medicaltravel.ch\/wp-content\/uploads\/2025\/09\/IMG_6244-1-768x576-1-300x225.jpg 300w\" sizes=\"(max-width: 768px) 100vw, 768px\" \/><\/figure>\n\n\n\n<p id=\"caption-attachment-6703\">Jungfrauturm<\/p>\n\n\n\n<p><\/p>\n\n\n\n<figure class=\"wp-block-image size-full\"><img loading=\"lazy\" decoding=\"async\" width=\"768\" height=\"576\" src=\"https:\/\/medicaltravel.ch\/wp-content\/uploads\/2025\/09\/IMG_6215-1-768x576-1.jpg\" alt=\"\" class=\"wp-image-703\" srcset=\"https:\/\/medicaltravel.ch\/wp-content\/uploads\/2025\/09\/IMG_6215-1-768x576-1.jpg 768w, https:\/\/medicaltravel.ch\/wp-content\/uploads\/2025\/09\/IMG_6215-1-768x576-1-300x225.jpg 300w\" sizes=\"(max-width: 768px) 100vw, 768px\" \/><\/figure>\n\n\n\n<p id=\"caption-attachment-6702\">Emin\u00f6n\u00fc Moschee<\/p>\n\n\n\n<div class=\"wp-block-group is-layout-grid wp-container-core-group-is-layout-baef362d wp-block-group-is-layout-grid\">\n<p><a href=\"https:\/\/medicaltravel.at\/home\/agb\/\" data-type=\"page\" data-id=\"2191\" rel=\"nofollow noopener\" target=\"_blank\"><\/a><a href=\"https:\/\/medicaltravel.ch\/tr\/hasta-raporlari\/referanslar-tavsiyeler-tedaviler-degerlendirmeler-turkiye-istanbul\/istanbulda-uygulanan-ortodontik-tedaviye-iliskin-deneyim-raporu\/\" data-type=\"link\" data-id=\"https:\/\/medicaltravel.ch\/tr\/hasta-raporlari\/referanslar-tavsiyeler-tedaviler-degerlendirmeler-turkiye-istanbul\/istanbulda-uygulanan-ortodontik-tedaviye-iliskin-deneyim-raporu\/\">\u00d6nceki rapor<\/a><\/p>\n\n\n\n<p class=\"has-text-align-right wp-container-content-5e2576f9\"><a href=\"https:\/\/medicaltravel.at\/home\/impressum\/\" data-type=\"page\" data-id=\"2193\" rel=\"nofollow noopener\" target=\"_blank\"><\/a><a href=\"https:\/\/medicaltravel.at\/home\/berichte-von-patienten\/erfahrungsberichte\/erfahrungsbericht-zahnbehandlung-in-istanbul\/\" data-type=\"page\" data-id=\"981\" rel=\"nofollow noopener\" target=\"_blank\"><\/a><a href=\"https:\/\/medicaltravel.ch\/tr\/hasta-raporlari\/referanslar-tavsiyeler-tedaviler-degerlendirmeler-turkiye-istanbul\/istanbul-dis-kliniginde-gecirdigim-dis-tedavim\/\" data-type=\"link\" data-id=\"https:\/\/medicaltravel.ch\/tr\/hasta-raporlari\/referanslar-tavsiyeler-tedaviler-degerlendirmeler-turkiye-istanbul\/istanbul-dis-kliniginde-gecirdigim-dis-tedavim\/\">Bir sonraki rapor<\/a><\/p>\n<\/div>\n","protected":false},"excerpt":{"rendered":"<p>Di\u015flerimi yenilettirmek i\u00e7in bir maliyet teklifi ald\u0131m. Ancak bu teklif bana \u00e7ok pahal\u0131 geldi\u011fi i\u00e7in alternatiflere y\u00f6neldim. Bir arkada\u015f\u0131m\u0131n o\u011flu sayesinde T\u00fcrkiye&#8217;de di\u015f tedavisi imkan\u0131 hakk\u0131nda bilgi edindim. \u0130nternet \u00fczerinden MedicalTravel hakk\u0131nda olduk\u00e7a kapsaml\u0131 bir \u015fekilde bilgi edindim. Bu nedenle Z\u00fcrih&#8217;te bir \u00f6n muayene yapt\u0131rd\u0131m ve bana bir maliyet teklifi sunuldu. Teklif beni ikna etti ve paket tur teklifiyle birlikte &#8220;macera&#8221;ya k\u0131sa s\u00fcrede at\u0131lmaya karar verdim. MedicalTravel, WhatsApp ve e-posta arac\u0131l\u0131\u011f\u0131yla bana her zaman h\u0131zl\u0131, \u00e7ok dostane ve profesyonel bir \u015fekilde bilgi verdi. \u0130\u015flemler h\u0131zl\u0131 ve sorunsuz bir \u015fekilde yap\u0131ld\u0131. U\u00e7u\u015f ve transfer, \u00e7ok nazik ve yerel bir \u00f6zel \u015fof\u00f6rle (maalesef \u0130ngilizce konu\u015fam\u0131yordu) \u015f\u0131k, beyaz, klimal\u0131 bir Mercedes ile m\u00fckemmel \u015fekilde ger\u00e7ekle\u015fti. Naz City Taksim Oteli de ger\u00e7ekten \u00e7ok ho\u015fuma gitti, modern, temiz, dostane ve yard\u0131mc\u0131 personel ile olduk\u00e7a keyifli k\u00fc\u00e7\u00fck bir wellness alan\u0131 ve spor salonu vard\u0131. Kahvalt\u0131 b\u00fcfesi inan\u0131lmaz derecede \u00e7e\u015fitlilik g\u00f6steriyor ve \u00e7ok lezzetliydi. Ayr\u0131ca, otelin her zaman \u00fccretsiz sundu\u011fu 3 farkl\u0131 noktaya shuttle hizmeti de takdire \u015fayan. Bu noktalara y\u00fcr\u00fcyerek de 20-30 dakikada ula\u015f\u0131labiliyor. Tek k\u00fc\u00e7\u00fck olumsuz nokta ise, ana caddeye bakan odan\u0131n penceresinin, sokak g\u00fcr\u00fclt\u00fcs\u00fcn\u00fc tamamen engelleyememi\u015f olmas\u0131yd\u0131. Alt\u0131 g\u00fcnl\u00fck kal\u0131\u015f\u0131m boyunca Zorlu Center&#8217;da bulunan modern di\u015f klini\u011fine yap\u0131lan t\u00fcm transferler sorunsuz, keyifli ve her zaman zaman\u0131nda ger\u00e7ekle\u015fti. Her zaman \u00e7ok dostane ve ho\u015f olan di\u015f hekimi Dr. Dizdar, ki bu ayn\u0131 zamanda di\u015f asistanlar\u0131 i\u00e7in de ge\u00e7erli, her zaman bir sonraki ad\u0131m hakk\u0131nda bilgi verdi ve \u00e7ok yetkin ve profesyoneldi. Hi\u00e7bir zaman a\u011fr\u0131 hissetmedim. Tedaviler aras\u0131nda, bu devasa, canl\u0131, \u00e7ok ilgin\u00e7 ve b\u00fcy\u00fck \u00f6l\u00e7\u00fcde temiz olan d\u00fcnya \u015fehrini, say\u0131s\u0131z etkileyici turistik mekan\u0131 ke\u015ffetmek i\u00e7in yeterince zaman vard\u0131. Hem y\u00fcr\u00fcyerek hem de tramvay, metro ve vapur gibi uygun fiyatl\u0131 toplu ta\u015f\u0131ma ara\u00e7lar\u0131yla \u015fehri gezebilirdim. B\u00fcy\u00fck pazar, ger\u00e7ekten \u00e7ok \u00f6zel bir yer ve her ziyaret\u00e7inin g\u00f6rmesi gereken bir yer. Ayn\u0131 \u015fekilde, Bo\u011faz&#8217;da bir tekne turu yapmak da olduk\u00e7a keyifli. Taksim&#8217;den ba\u015flayarak, say\u0131s\u0131z al\u0131\u015fveri\u015f imkan\u0131 ve Flan\u00f6r Caddesi&#8217;nde ve yan sokaklarda canl\u0131 m\u00fczik e\u015fli\u011finde yemek yiyebilece\u011finiz \u015firin k\u00fc\u00e7\u00fck restoranlar ve at\u0131\u015ft\u0131rmal\u0131k tezgahlar\u0131 bulunuyor. \u0130stanbul&#8217;u Avrupa ve Asya olarak b\u00f6len bu bo\u011faz, \u015fehre kendine has bir \u00f6zellik kat\u0131yor ve onu d\u00fcnyada benzersiz k\u0131l\u0131yor. \u0130stanbul&#8217;un topografyas\u0131, \u015fehirde y\u00f6n bulmay\u0131 da kolayla\u015ft\u0131r\u0131yor. Di\u015f tedavimi \u0130stanbul&#8217;da yapt\u0131rma ve ayn\u0131 zamanda harika bir \u015fehri ve dost canl\u0131s\u0131 insanlar\u0131 tan\u0131ma karar\u0131m\u0131 hi\u00e7bir an pi\u015fmanl\u0131k duymadan verdim. Yeni \u0130stanbul Havaliman\u0131, 25.06.2019Daniel M\u00fcller, 1957 Yeni \u0130stanbul Havaliman\u0131 Yeni \u0130stanbul Havaliman\u0131 Bo\u011faz Feribotu Di\u015f klini\u011finin bulundu\u011fu Zorlu al\u0131\u015fveri\u015f merkezi. Dolmabah\u00e7e Palast B\u00fcy\u00fck \u00c7ar\u015f\u0131 Jungfrauturm Emin\u00f6n\u00fc Moschee \u00d6nceki rapor Bir sonraki rapor<\/p>\n","protected":false},"author":4,"featured_media":0,"parent":4587,"menu_order":0,"comment_status":"closed","ping_status":"closed","template":"","meta":{"_joinchat":[],"footnotes":""},"class_list":["post-4672","page","type-page","status-publish","hentry"],"acf":[],"_links":{"self":[{"href":"https:\/\/medicaltravel.ch\/tr\/wp-json\/wp\/v2\/pages\/4672","targetHints":{"allow":["GET"]}}],"collection":[{"href":"https:\/\/medicaltravel.ch\/tr\/wp-json\/wp\/v2\/pages"}],"about":[{"href":"https:\/\/medicaltravel.ch\/tr\/wp-json\/wp\/v2\/types\/page"}],"author":[{"embeddable":true,"href":"https:\/\/medicaltravel.ch\/tr\/wp-json\/wp\/v2\/users\/4"}],"replies":[{"embeddable":true,"href":"https:\/\/medicaltravel.ch\/tr\/wp-json\/wp\/v2\/comments?post=4672"}],"version-history":[{"count":4,"href":"https:\/\/medicaltravel.ch\/tr\/wp-json\/wp\/v2\/pages\/4672\/revisions"}],"predecessor-version":[{"id":6427,"href":"https:\/\/medicaltravel.ch\/tr\/wp-json\/wp\/v2\/pages\/4672\/revisions\/6427"}],"up":[{"embeddable":true,"href":"https:\/\/medicaltravel.ch\/tr\/wp-json\/wp\/v2\/pages\/4587"}],"wp:attachment":[{"href":"https:\/\/medicaltravel.ch\/tr\/wp-json\/wp\/v2\/media?parent=4672"}],"curies":[{"name":"wp","href":"https:\/\/api.w.org\/{rel}","templated":true}]}}