{"id":4674,"date":"2025-09-23T17:04:44","date_gmt":"2025-09-23T16:04:44","guid":{"rendered":"https:\/\/medicaltravel.ch\/hasta-raporlari\/erfahrungsberichte-empfehlungen-behandlungen-beurteilung-tuerkei-istanbul\/istanbulda-uygulanan-ortodontik-tedaviye-iliskin-deneyim-raporu\/"},"modified":"2026-01-12T18:51:42","modified_gmt":"2026-01-12T17:51:42","slug":"istanbulda-uygulanan-ortodontik-tedaviye-iliskin-deneyim-raporu","status":"publish","type":"page","link":"https:\/\/medicaltravel.ch\/tr\/hasta-raporlari\/referanslar-tavsiyeler-tedaviler-degerlendirmeler-turkiye-istanbul\/istanbulda-uygulanan-ortodontik-tedaviye-iliskin-deneyim-raporu\/","title":{"rendered":"\u0130stanbul&#8217;da uygulanan ortodontik tedaviye ili\u015fkin deneyim raporu"},"content":{"rendered":"\n<p>\u0130stanbul&#8217;da Di\u015f Tedavisi, Temmuz 2019 Sonu<br>\u0130stanbul&#8217;da di\u015f tedavisi yapt\u0131rmay\u0131 planlamam\u0131\u015ft\u0131m. Ancak seyahatimden k\u0131sa bir s\u00fcre \u00f6nce arkada\u015flar\u0131m iptal etti ve ben de yaln\u0131z gittim. Di\u015flerim her zaman benim i\u00e7in bir endi\u015fe kayna\u011f\u0131 olmu\u015ftu.  <\/p>\n\n\n\n<p>Peki \u0130stanbul&#8217;da zaman\u0131n\u0131z\u0131 nas\u0131l ge\u00e7irebilirsiniz? Ben orada tam bir ay ge\u00e7irdim ve \u015fehre a\u015f\u0131k oldum. \u0130nsanlar cana yak\u0131n, toplu ta\u015f\u0131ma m\u00fckemmel \u00e7al\u0131\u015f\u0131yor ve \u015fehri Z\u00fcrih&#8217;ten daha temiz buluyorum.  <\/p>\n\n\n\n<p>Bu y\u00fczden T\u00fcrk arkada\u015flar\u0131mdan tavsiye istedim. Ancak onlar da bana Almanca veya \u0130ngilizce konu\u015fan doktorlar konusunda yard\u0131mc\u0131 olamad\u0131lar. <\/p>\n\n\n\n<p>Ben de Google&#8217;da arad\u0131m. \u0130lk sonu\u00e7: <a href=\"https:\/\/medicaltravel.ch\/tr\/disci-gezileri\/dis-klinikleri\/istanbuldaki-swiss-dis-klinigi\/\" data-type=\"page\" data-id=\"46\">Swiss Center Dent.<\/a> Detayl\u0131 a\u00e7\u0131klama ve ileti\u015fim bilgileri: <a href=\"https:\/\/medicaltravel.ch\/tr\/\" data-type=\"page\" data-id=\"6\">MEDICALTRAVEL.CH<\/a>. Bir talep g\u00f6nderdim \u2013 h\u0131zl\u0131 yan\u0131t ve randevu ald\u0131m.   <\/p>\n\n\n\n<p>Swiss Center Dent&#8217;teki di\u015f hekimim, Z\u00fcrit\u00fcsch (Z\u00fcrih Almancas\u0131) ile kendini tan\u0131tt\u0131\u011f\u0131nda ger\u00e7ekten \u00e7ok \u015fa\u015f\u0131rd\u0131m. Son derece modern bir klinik, t\u0131bbi gerekliliklere odaklanan titiz bir DOKTOR \u2013 bu kadar derinlemesine bir muayeneyi \u0130svi\u00e7re&#8217;de hi\u00e7 ya\u015famam\u0131\u015ft\u0131m. Karar\u0131m hemen verildi. Ayn\u0131 g\u00fcn \u00f6\u011fleden sonra &#8220;yenileme&#8221; i\u015flemine ba\u015flad\u0131k. Bu s\u00fcre\u00e7te dental teknikerle de tan\u0131\u015ft\u0131m ve g\u00fcven duygum bir kez daha peki\u015fti. 8 g\u00fcn\u00fcn sonunda neredeyse tamamen onar\u0131lm\u0131\u015f bir a\u011f\u0131zla ayr\u0131ld\u0131m ve her an Z\u00fcrih&#8217;teki klini\u011fi ziyaret edebilece\u011fimi bilerek ayr\u0131ld\u0131m.     <\/p>\n\n\n\n<p>\u00dc\u00e7 hafta sonra orada son kontrol de yap\u0131ld\u0131. Genel olarak \u00e7ok memnundum! Hatta mutluydum. Doktorun ola\u011fan\u00fcst\u00fc bir profesyonellik, hassasiyet ve dostluk anlay\u0131\u015f\u0131 vard\u0131. Her ad\u0131m\u0131 a\u00e7\u0131kl\u0131yor; hi\u00e7 belirsiz bir durumda kalm\u0131yorsunuz. Ve son ama en \u00f6nemli nokta, t\u00fcm bunlar m\u00fckemmel bir fiyatla ger\u00e7ekle\u015fti. Tedavi sonunda Swiss Center Dent&#8217;in \u015fof\u00f6r\u00fc beni do\u011frudan havaliman\u0131na g\u00f6t\u00fcrd\u00fc, ve mutlu bir \u015fekilde evime d\u00f6nd\u00fcm. Bu arada, Turkish Airlines&#8217;a da bir \u00f6vg\u00fc yapmak gerek.       <\/p>\n\n\n\n<p>Ulrich Neidhart<\/p>\n\n\n\n<div class=\"wp-block-group is-layout-grid wp-container-core-group-is-layout-baef362d wp-block-group-is-layout-grid\">\n<p><a href=\"https:\/\/medicaltravel.at\/home\/agb\/\" data-type=\"page\" data-id=\"2191\" rel=\"nofollow noopener\" target=\"_blank\"><\/a><a href=\"https:\/\/medicaltravel.ch\/tr\/hasta-raporlari\/referanslar-tavsiyeler-tedaviler-degerlendirmeler-turkiye-istanbul\/istanbulda-yapilan-rinoplasti-ile-ilgili-hasta-raporu\/\" data-type=\"link\" data-id=\"https:\/\/medicaltravel.ch\/tr\/hasta-raporlari\/referanslar-tavsiyeler-tedaviler-degerlendirmeler-turkiye-istanbul\/istanbulda-yapilan-rinoplasti-ile-ilgili-hasta-raporu\/\">\u00d6nceki rapor<\/a><\/p>\n\n\n\n<p class=\"has-text-align-right wp-container-content-5e2576f9\"><a href=\"https:\/\/medicaltravel.at\/home\/impressum\/\" data-type=\"page\" data-id=\"2193\" rel=\"nofollow noopener\" target=\"_blank\"><\/a><a href=\"https:\/\/medicaltravel.at\/home\/berichte-von-patienten\/erfahrungsberichte\/erfahrungsbericht-zahnbehandlung-in-istanbul\/\" data-type=\"page\" data-id=\"981\" rel=\"nofollow noopener\" target=\"_blank\"><\/a><a href=\"https:\/\/medicaltravel.ch\/tr\/hasta-raporlari\/referanslar-tavsiyeler-tedaviler-degerlendirmeler-turkiye-istanbul\/istanbuldaki-bir-dis-kliniginin-degerlendirmesi\/\" data-type=\"link\" data-id=\"https:\/\/medicaltravel.ch\/tr\/hasta-raporlari\/referanslar-tavsiyeler-tedaviler-degerlendirmeler-turkiye-istanbul\/istanbuldaki-bir-dis-kliniginin-degerlendirmesi\/\">Bir sonraki rapor<\/a><\/p>\n<\/div>\n","protected":false},"excerpt":{"rendered":"<p>\u0130stanbul&#8217;da Di\u015f Tedavisi, Temmuz 2019 Sonu\u0130stanbul&#8217;da di\u015f tedavisi yapt\u0131rmay\u0131 planlamam\u0131\u015ft\u0131m. Ancak seyahatimden k\u0131sa bir s\u00fcre \u00f6nce arkada\u015flar\u0131m iptal etti ve ben de yaln\u0131z gittim. Di\u015flerim her zaman benim i\u00e7in bir endi\u015fe kayna\u011f\u0131 olmu\u015ftu. Peki \u0130stanbul&#8217;da zaman\u0131n\u0131z\u0131 nas\u0131l ge\u00e7irebilirsiniz? Ben orada tam bir ay ge\u00e7irdim ve \u015fehre a\u015f\u0131k oldum. \u0130nsanlar cana yak\u0131n, toplu ta\u015f\u0131ma m\u00fckemmel \u00e7al\u0131\u015f\u0131yor ve \u015fehri Z\u00fcrih&#8217;ten daha temiz buluyorum. Bu y\u00fczden T\u00fcrk arkada\u015flar\u0131mdan tavsiye istedim. Ancak onlar da bana Almanca veya \u0130ngilizce konu\u015fan doktorlar konusunda yard\u0131mc\u0131 olamad\u0131lar. Ben de Google&#8217;da arad\u0131m. \u0130lk sonu\u00e7: Swiss Center Dent. Detayl\u0131 a\u00e7\u0131klama ve ileti\u015fim bilgileri: MEDICALTRAVEL.CH. Bir talep g\u00f6nderdim \u2013 h\u0131zl\u0131 yan\u0131t ve randevu ald\u0131m. Swiss Center Dent&#8217;teki di\u015f hekimim, Z\u00fcrit\u00fcsch (Z\u00fcrih Almancas\u0131) ile kendini tan\u0131tt\u0131\u011f\u0131nda ger\u00e7ekten \u00e7ok \u015fa\u015f\u0131rd\u0131m. Son derece modern bir klinik, t\u0131bbi gerekliliklere odaklanan titiz bir DOKTOR \u2013 bu kadar derinlemesine bir muayeneyi \u0130svi\u00e7re&#8217;de hi\u00e7 ya\u015famam\u0131\u015ft\u0131m. Karar\u0131m hemen verildi. Ayn\u0131 g\u00fcn \u00f6\u011fleden sonra &#8220;yenileme&#8221; i\u015flemine ba\u015flad\u0131k. Bu s\u00fcre\u00e7te dental teknikerle de tan\u0131\u015ft\u0131m ve g\u00fcven duygum bir kez daha peki\u015fti. 8 g\u00fcn\u00fcn sonunda neredeyse tamamen onar\u0131lm\u0131\u015f bir a\u011f\u0131zla ayr\u0131ld\u0131m ve her an Z\u00fcrih&#8217;teki klini\u011fi ziyaret edebilece\u011fimi bilerek ayr\u0131ld\u0131m. \u00dc\u00e7 hafta sonra orada son kontrol de yap\u0131ld\u0131. Genel olarak \u00e7ok memnundum! Hatta mutluydum. Doktorun ola\u011fan\u00fcst\u00fc bir profesyonellik, hassasiyet ve dostluk anlay\u0131\u015f\u0131 vard\u0131. Her ad\u0131m\u0131 a\u00e7\u0131kl\u0131yor; hi\u00e7 belirsiz bir durumda kalm\u0131yorsunuz. Ve son ama en \u00f6nemli nokta, t\u00fcm bunlar m\u00fckemmel bir fiyatla ger\u00e7ekle\u015fti. Tedavi sonunda Swiss Center Dent&#8217;in \u015fof\u00f6r\u00fc beni do\u011frudan havaliman\u0131na g\u00f6t\u00fcrd\u00fc, ve mutlu bir \u015fekilde evime d\u00f6nd\u00fcm. Bu arada, Turkish Airlines&#8217;a da bir \u00f6vg\u00fc yapmak gerek. Ulrich Neidhart \u00d6nceki rapor Bir sonraki rapor<\/p>\n","protected":false},"author":4,"featured_media":0,"parent":4587,"menu_order":0,"comment_status":"closed","ping_status":"closed","template":"","meta":{"_joinchat":[],"footnotes":""},"class_list":["post-4674","page","type-page","status-publish","hentry"],"acf":[],"_links":{"self":[{"href":"https:\/\/medicaltravel.ch\/tr\/wp-json\/wp\/v2\/pages\/4674","targetHints":{"allow":["GET"]}}],"collection":[{"href":"https:\/\/medicaltravel.ch\/tr\/wp-json\/wp\/v2\/pages"}],"about":[{"href":"https:\/\/medicaltravel.ch\/tr\/wp-json\/wp\/v2\/types\/page"}],"author":[{"embeddable":true,"href":"https:\/\/medicaltravel.ch\/tr\/wp-json\/wp\/v2\/users\/4"}],"replies":[{"embeddable":true,"href":"https:\/\/medicaltravel.ch\/tr\/wp-json\/wp\/v2\/comments?post=4674"}],"version-history":[{"count":3,"href":"https:\/\/medicaltravel.ch\/tr\/wp-json\/wp\/v2\/pages\/4674\/revisions"}],"predecessor-version":[{"id":6368,"href":"https:\/\/medicaltravel.ch\/tr\/wp-json\/wp\/v2\/pages\/4674\/revisions\/6368"}],"up":[{"embeddable":true,"href":"https:\/\/medicaltravel.ch\/tr\/wp-json\/wp\/v2\/pages\/4587"}],"wp:attachment":[{"href":"https:\/\/medicaltravel.ch\/tr\/wp-json\/wp\/v2\/media?parent=4674"}],"curies":[{"name":"wp","href":"https:\/\/api.w.org\/{rel}","templated":true}]}}