{"id":4676,"date":"2025-09-23T17:34:38","date_gmt":"2025-09-23T16:34:38","guid":{"rendered":"https:\/\/medicaltravel.ch\/hasta-raporlari\/erfahrungsberichte-empfehlungen-behandlungen-beurteilung-tuerkei-istanbul\/deneyim-raporu-istanbulda-meme-bueyuetme-ameliyati-tuerkiye-12-mayis-2016-persembe-tarihli-rapor\/"},"modified":"2026-01-12T19:17:27","modified_gmt":"2026-01-12T18:17:27","slug":"deneyim-raporu-istanbulda-meme-bueyuetme-ameliyati-tuerkiye-12-mayis-2016-persembe-tarihli-rapor","status":"publish","type":"page","link":"https:\/\/medicaltravel.ch\/tr\/hasta-raporlari\/referanslar-tavsiyeler-tedaviler-degerlendirmeler-turkiye-istanbul\/deneyim-raporu-istanbulda-meme-bueyuetme-ameliyati-tuerkiye-12-mayis-2016-persembe-tarihli-rapor\/","title":{"rendered":"Deneyim Raporu &#8211; \u0130stanbul&#8217;da Meme B\u00fcy\u00fctme Ameliyat\u0131 &#8211; T\u00fcrkiye &#8211; 12 May\u0131s 2016 Per\u015fembe Tarihli Rapor"},"content":{"rendered":"\n<p>Deneyim Raporu &#8211; \u0130stanbul&#8217;da Meme B\u00fcy\u00fctme Ameliyat\u0131 &#8211; T\u00fcrkiye &#8211; 12 May\u0131s 2016 Per\u015fembe Tarihli Rapor<\/p>\n\n\n\n<p>Karar \u2013 Merhaba herkese. Benim ad\u0131m Simone, 30 ya\u015f\u0131nday\u0131m ve \u00fc\u00e7 \u00e7ocuk annesiyim. \u00dc\u00e7\u00fcnc\u00fc \u00e7ocu\u011fumu emzirmeyi bitirdikten k\u0131sa bir s\u00fcre sonra, g\u00f6\u011f\u00fcs b\u00fcy\u00fctme iste\u011fim giderek daha da artt\u0131. Ancak b\u00f6yle bir operasyonun maliyeti beni hep biraz tedirgin ediyordu. Bu y\u00fczden internette ve arkada\u015flar\u0131mda ara\u015ft\u0131rmalar yaparak ba\u015fka alternatifler olup olmad\u0131\u011f\u0131n\u0131 \u00f6\u011frenmeye karar verdim. K\u0131sa bir s\u00fcre \u00f6nce g\u00f6\u011f\u00fcs b\u00fcy\u00fctme ameliyat\u0131 olmu\u015f tan\u0131d\u0131klar\u0131m\u0131n tavsiyesiyle MedicalTravel ile tan\u0131\u015ft\u0131m. \u0130nternet sitesine kayd\u0131m\u0131 yapt\u0131m ve foto\u011fraflar\u0131m\u0131 g\u00f6nderdim. Birka\u00e7 e-posta ile yap\u0131lan ara\u015ft\u0131rmalar\u0131n ard\u0131ndan, dan\u0131\u015fmanl\u0131k randevusu alabilece\u011fim bir tarih belirlendi. Tesad\u00fcfen, \u00f6n muayene bulundu\u011fum yere olduk\u00e7a yak\u0131nd\u0131. Orada, MedicalTravel&#8217;dan Serdar Kara Bey ve Dr. Yazar ile tan\u0131\u015ft\u0131m, her ikisi de \u00e7ok dost canl\u0131s\u0131yd\u0131. Dr. Yazar, beni \u00e7ok iyi bir \u015fekilde bilgilendirdi ve s\u00fcre\u00e7 hakk\u0131nda tam olarak ne olaca\u011f\u0131 konusunda net bir fikrim olmad\u0131\u011f\u0131 i\u00e7in kendimi ger\u00e7ekten g\u00fcvende hissettim.          <\/p>\n\n\n\n<p>Seyahat \u2013 \u0130stanbul&#8217;a yap\u0131lacak seyahat i\u00e7in her \u015fey MedicalTravel taraf\u0131ndan organize edildi. Travelpass (\u00e7antada ta\u015f\u0131yabilece\u011finiz k\u00fc\u00e7\u00fck bir kitap\u00e7\u0131k) sayesinde t\u00fcm bilgiler tek bir yerde topland\u0131. Havaliman\u0131ndan otele ve hastaneye yap\u0131lan transferler de dahil olmak \u00fczere her \u015fey kapsamd\u0131.  <\/p>\n\n\n\n<p>Otel \u2013 Levent Hotel k\u00fc\u00e7\u00fck ama \u00e7ok \u015f\u0131k, \u00e7ok temiz ve personel son derece dost canl\u0131s\u0131. Otelde \u0130ngilizce konu\u015fuluyor ve sahiplerden biri hatta ak\u0131c\u0131 bir \u015fekilde Almanca da konu\u015fabiliyor. \u015eehir merkezine taksiyle ya da metro ile \u00e7ok kolay ula\u015f\u0131labiliyor. Otel, biraz \u015fehir d\u0131\u015f\u0131nda oldu\u011fu i\u00e7in olduk\u00e7a sakin (b\u00fcy\u00fck bir \u015fehir i\u00e7in). Kendimi \u00e7ok rahat hissettim. Otelde kimse seni garip bir \u015fekilde izlemez, \u00e7\u00fcnk\u00fc \u00e7o\u011fu ki\u015fi oraya operasyon yapt\u0131rmaya geliyor.     <\/p>\n\n\n\n<p>Ameliyat \u2013 Ameliyat \u00f6ncesinde Dr. Yazar bana her \u015feyi \u00e7ok detayl\u0131 bir \u015fekilde a\u00e7\u0131klad\u0131. Sabah erken saatlerde ameliyat oldum ve her \u015fey \u00e7ok h\u0131zl\u0131 bir \u015fekilde ger\u00e7ekle\u015fti. Ameliyat sonras\u0131, \u00e7ok g\u00fczel bir tek ki\u015filik odam vard\u0131 ve hem\u015fireler taraf\u0131ndan \u00e7ok nazik bir \u015fekilde tedavi edildim.  <\/p>\n\n\n\n<p>Bir gece kald\u0131ktan sonra, ertesi g\u00fcn otele geri d\u00f6nebildim. A\u011fr\u0131 kesici ve antibiyotiklerle donat\u0131lm\u0131\u015f bir \u015fekilde, t\u00fcm g\u00fcn\u00fcm\u00fc m\u00fcmk\u00fcn oldu\u011funca dinlenerek ge\u00e7irdim. Drenajlar olduk\u00e7a rahats\u0131z ediciydi, ancak ilk kontrol s\u0131ras\u0131nda ertesi g\u00fcn bunlar \u00e7\u0131kar\u0131ld\u0131. Ondan sonra a\u011fr\u0131lar da daha tolerable hale geldi.   <\/p>\n\n\n\n<p>G\u00fcn ge\u00e7tik\u00e7e daha iyi hissetmeye ba\u015flad\u0131m ve k\u00fc\u00e7\u00fck y\u00fcr\u00fcy\u00fc\u015fler yaparak \u0130stanbul&#8217;u ke\u015ffetmeye ba\u015flad\u0131m. Hediyelik e\u015fya almak ve al\u0131\u015fveri\u015f yapmak d\u0131\u015f\u0131nda, T\u00fcrkiye&#8217;nin \u00fcnl\u00fc oldu\u011fu manik\u00fcr ve pedik\u00fcr hizmetlerinden de faydaland\u0131m. <\/p>\n\n\n\n<p>Sonu\u00e7 \u2013 \u015eimdi 3 hafta oldu, evime d\u00f6nd\u00fcm ve her ge\u00e7en g\u00fcn sonu\u00e7tan daha fazla memnun kal\u0131yorum. Tabii ki hala biraz \u015fi\u015flik var ve arada s\u0131rada hafif s\u0131zlamalar oluyor, ama art\u0131k a\u011fr\u0131 kesici kullanm\u0131yorum. MedicalTravel ve Dr. Yazar&#8217;\u0131 tercih etti\u011fime \u00e7ok sevindim ve onlar\u0131 her zaman tavsiye ederim. Ancak yaln\u0131z seyahat etmenizi tavsiye etmem, \u00e7\u00fcnk\u00fc ilk birka\u00e7 g\u00fcn birine, size yard\u0131mc\u0131 olabilecek birine ihtiyac\u0131n\u0131z olacak. \u00d6rne\u011fin, giyinmek ve du\u015f almak gibi \u015feyler bu durumda yaln\u0131z ba\u015f\u0131n\u0131za kolay olmuyor.     <\/p>\n\n\n\n<p>Bu kurulu\u015f, paran\u0131z\u0131n kar\u015f\u0131l\u0131\u011f\u0131n\u0131 fazlas\u0131yla veriyor!<\/p>\n\n\n\n<p>H\u00fcnenberg, 12.05.2016, S. Mulmer<\/p>\n\n\n\n<div class=\"wp-block-group is-layout-grid wp-container-core-group-is-layout-baef362d wp-block-group-is-layout-grid\">\n<p><a href=\"https:\/\/medicaltravel.at\/home\/agb\/\" data-type=\"page\" data-id=\"2191\" rel=\"nofollow noopener\" target=\"_blank\"><\/a><a href=\"https:\/\/medicaltravel.ch\/tr\/hasta-raporlari\/referanslar-tavsiyeler-tedaviler-degerlendirmeler-turkiye-istanbul\/istanbuldaki-meme-ameliyatim-deneyimim-26-mayis-2016-persembe-raporu\/\" data-type=\"link\" data-id=\"https:\/\/medicaltravel.ch\/tr\/hasta-raporlari\/referanslar-tavsiyeler-tedaviler-degerlendirmeler-turkiye-istanbul\/istanbuldaki-meme-ameliyatim-deneyimim-26-mayis-2016-persembe-raporu\/\">\u00d6nceki rapor<\/a><\/p>\n\n\n\n<p class=\"has-text-align-right wp-container-content-5e2576f9\"><a href=\"https:\/\/medicaltravel.at\/home\/impressum\/\" data-type=\"page\" data-id=\"2193\" rel=\"nofollow noopener\" target=\"_blank\"><\/a><a href=\"https:\/\/medicaltravel.at\/home\/berichte-von-patienten\/erfahrungsberichte\/erfahrungsbericht-zahnbehandlung-in-istanbul\/\" data-type=\"page\" data-id=\"981\" rel=\"nofollow noopener\" target=\"_blank\"><\/a><a href=\"https:\/\/medicaltravel.ch\/tr\/hasta-raporlari\/referanslar-tavsiyeler-tedaviler-degerlendirmeler-turkiye-istanbul\/istanbulda-nisan-2016da-gecirdigim-dis-tedavim-11-mayis-2016-carsamba-tarihli-rapor\/\" data-type=\"link\" data-id=\"https:\/\/medicaltravel.ch\/tr\/hasta-raporlari\/referanslar-tavsiyeler-tedaviler-degerlendirmeler-turkiye-istanbul\/istanbulda-nisan-2016da-gecirdigim-dis-tedavim-11-mayis-2016-carsamba-tarihli-rapor\/\">Bir sonraki rapor<\/a><\/p>\n<\/div>\n","protected":false},"excerpt":{"rendered":"<p>Deneyim Raporu &#8211; \u0130stanbul&#8217;da Meme B\u00fcy\u00fctme Ameliyat\u0131 &#8211; T\u00fcrkiye &#8211; 12 May\u0131s 2016 Per\u015fembe Tarihli Rapor Karar \u2013 Merhaba herkese. Benim ad\u0131m Simone, 30 ya\u015f\u0131nday\u0131m ve \u00fc\u00e7 \u00e7ocuk annesiyim. \u00dc\u00e7\u00fcnc\u00fc \u00e7ocu\u011fumu emzirmeyi bitirdikten k\u0131sa bir s\u00fcre sonra, g\u00f6\u011f\u00fcs b\u00fcy\u00fctme iste\u011fim giderek daha da artt\u0131. Ancak b\u00f6yle bir operasyonun maliyeti beni hep biraz tedirgin ediyordu. Bu y\u00fczden internette ve arkada\u015flar\u0131mda ara\u015ft\u0131rmalar yaparak ba\u015fka alternatifler olup olmad\u0131\u011f\u0131n\u0131 \u00f6\u011frenmeye karar verdim. K\u0131sa bir s\u00fcre \u00f6nce g\u00f6\u011f\u00fcs b\u00fcy\u00fctme ameliyat\u0131 olmu\u015f tan\u0131d\u0131klar\u0131m\u0131n tavsiyesiyle MedicalTravel ile tan\u0131\u015ft\u0131m. \u0130nternet sitesine kayd\u0131m\u0131 yapt\u0131m ve foto\u011fraflar\u0131m\u0131 g\u00f6nderdim. Birka\u00e7 e-posta ile yap\u0131lan ara\u015ft\u0131rmalar\u0131n ard\u0131ndan, dan\u0131\u015fmanl\u0131k randevusu alabilece\u011fim bir tarih belirlendi. Tesad\u00fcfen, \u00f6n muayene bulundu\u011fum yere olduk\u00e7a yak\u0131nd\u0131. Orada, MedicalTravel&#8217;dan Serdar Kara Bey ve Dr. Yazar ile tan\u0131\u015ft\u0131m, her ikisi de \u00e7ok dost canl\u0131s\u0131yd\u0131. Dr. Yazar, beni \u00e7ok iyi bir \u015fekilde bilgilendirdi ve s\u00fcre\u00e7 hakk\u0131nda tam olarak ne olaca\u011f\u0131 konusunda net bir fikrim olmad\u0131\u011f\u0131 i\u00e7in kendimi ger\u00e7ekten g\u00fcvende hissettim. Seyahat \u2013 \u0130stanbul&#8217;a yap\u0131lacak seyahat i\u00e7in her \u015fey MedicalTravel taraf\u0131ndan organize edildi. Travelpass (\u00e7antada ta\u015f\u0131yabilece\u011finiz k\u00fc\u00e7\u00fck bir kitap\u00e7\u0131k) sayesinde t\u00fcm bilgiler tek bir yerde topland\u0131. Havaliman\u0131ndan otele ve hastaneye yap\u0131lan transferler de dahil olmak \u00fczere her \u015fey kapsamd\u0131. Otel \u2013 Levent Hotel k\u00fc\u00e7\u00fck ama \u00e7ok \u015f\u0131k, \u00e7ok temiz ve personel son derece dost canl\u0131s\u0131. Otelde \u0130ngilizce konu\u015fuluyor ve sahiplerden biri hatta ak\u0131c\u0131 bir \u015fekilde Almanca da konu\u015fabiliyor. \u015eehir merkezine taksiyle ya da metro ile \u00e7ok kolay ula\u015f\u0131labiliyor. Otel, biraz \u015fehir d\u0131\u015f\u0131nda oldu\u011fu i\u00e7in olduk\u00e7a sakin (b\u00fcy\u00fck bir \u015fehir i\u00e7in). Kendimi \u00e7ok rahat hissettim. Otelde kimse seni garip bir \u015fekilde izlemez, \u00e7\u00fcnk\u00fc \u00e7o\u011fu ki\u015fi oraya operasyon yapt\u0131rmaya geliyor. Ameliyat \u2013 Ameliyat \u00f6ncesinde Dr. Yazar bana her \u015feyi \u00e7ok detayl\u0131 bir \u015fekilde a\u00e7\u0131klad\u0131. Sabah erken saatlerde ameliyat oldum ve her \u015fey \u00e7ok h\u0131zl\u0131 bir \u015fekilde ger\u00e7ekle\u015fti. Ameliyat sonras\u0131, \u00e7ok g\u00fczel bir tek ki\u015filik odam vard\u0131 ve hem\u015fireler taraf\u0131ndan \u00e7ok nazik bir \u015fekilde tedavi edildim. Bir gece kald\u0131ktan sonra, ertesi g\u00fcn otele geri d\u00f6nebildim. A\u011fr\u0131 kesici ve antibiyotiklerle donat\u0131lm\u0131\u015f bir \u015fekilde, t\u00fcm g\u00fcn\u00fcm\u00fc m\u00fcmk\u00fcn oldu\u011funca dinlenerek ge\u00e7irdim. Drenajlar olduk\u00e7a rahats\u0131z ediciydi, ancak ilk kontrol s\u0131ras\u0131nda ertesi g\u00fcn bunlar \u00e7\u0131kar\u0131ld\u0131. Ondan sonra a\u011fr\u0131lar da daha tolerable hale geldi. G\u00fcn ge\u00e7tik\u00e7e daha iyi hissetmeye ba\u015flad\u0131m ve k\u00fc\u00e7\u00fck y\u00fcr\u00fcy\u00fc\u015fler yaparak \u0130stanbul&#8217;u ke\u015ffetmeye ba\u015flad\u0131m. Hediyelik e\u015fya almak ve al\u0131\u015fveri\u015f yapmak d\u0131\u015f\u0131nda, T\u00fcrkiye&#8217;nin \u00fcnl\u00fc oldu\u011fu manik\u00fcr ve pedik\u00fcr hizmetlerinden de faydaland\u0131m. Sonu\u00e7 \u2013 \u015eimdi 3 hafta oldu, evime d\u00f6nd\u00fcm ve her ge\u00e7en g\u00fcn sonu\u00e7tan daha fazla memnun kal\u0131yorum. Tabii ki hala biraz \u015fi\u015flik var ve arada s\u0131rada hafif s\u0131zlamalar oluyor, ama art\u0131k a\u011fr\u0131 kesici kullanm\u0131yorum. MedicalTravel ve Dr. Yazar&#8217;\u0131 tercih etti\u011fime \u00e7ok sevindim ve onlar\u0131 her zaman tavsiye ederim. Ancak yaln\u0131z seyahat etmenizi tavsiye etmem, \u00e7\u00fcnk\u00fc ilk birka\u00e7 g\u00fcn birine, size yard\u0131mc\u0131 olabilecek birine ihtiyac\u0131n\u0131z olacak. \u00d6rne\u011fin, giyinmek ve du\u015f almak gibi \u015feyler bu durumda yaln\u0131z ba\u015f\u0131n\u0131za kolay olmuyor. Bu kurulu\u015f, paran\u0131z\u0131n kar\u015f\u0131l\u0131\u011f\u0131n\u0131 fazlas\u0131yla veriyor! H\u00fcnenberg, 12.05.2016, S. Mulmer \u00d6nceki rapor Bir sonraki rapor<\/p>\n","protected":false},"author":4,"featured_media":0,"parent":4587,"menu_order":0,"comment_status":"closed","ping_status":"closed","template":"","meta":{"_joinchat":[],"footnotes":""},"class_list":["post-4676","page","type-page","status-publish","hentry"],"acf":[],"_links":{"self":[{"href":"https:\/\/medicaltravel.ch\/tr\/wp-json\/wp\/v2\/pages\/4676","targetHints":{"allow":["GET"]}}],"collection":[{"href":"https:\/\/medicaltravel.ch\/tr\/wp-json\/wp\/v2\/pages"}],"about":[{"href":"https:\/\/medicaltravel.ch\/tr\/wp-json\/wp\/v2\/types\/page"}],"author":[{"embeddable":true,"href":"https:\/\/medicaltravel.ch\/tr\/wp-json\/wp\/v2\/users\/4"}],"replies":[{"embeddable":true,"href":"https:\/\/medicaltravel.ch\/tr\/wp-json\/wp\/v2\/comments?post=4676"}],"version-history":[{"count":0,"href":"https:\/\/medicaltravel.ch\/tr\/wp-json\/wp\/v2\/pages\/4676\/revisions"}],"up":[{"embeddable":true,"href":"https:\/\/medicaltravel.ch\/tr\/wp-json\/wp\/v2\/pages\/4587"}],"wp:attachment":[{"href":"https:\/\/medicaltravel.ch\/tr\/wp-json\/wp\/v2\/media?parent=4676"}],"curies":[{"name":"wp","href":"https:\/\/api.w.org\/{rel}","templated":true}]}}