{"id":4678,"date":"2025-09-23T17:37:18","date_gmt":"2025-09-23T16:37:18","guid":{"rendered":"https:\/\/medicaltravel.ch\/hasta-raporlari\/erfahrungsberichte-empfehlungen-behandlungen-beurteilung-tuerkei-istanbul\/deneyim-raporu-istanbulda-sac-ekimi-17-subat-2016-carsamba-tarihli-rapor\/"},"modified":"2026-01-12T19:19:04","modified_gmt":"2026-01-12T18:19:04","slug":"deneyim-raporu-istanbulda-sac-ekimi-17-subat-2016-carsamba-tarihli-rapor","status":"publish","type":"page","link":"https:\/\/medicaltravel.ch\/tr\/hasta-raporlari\/referanslar-tavsiyeler-tedaviler-degerlendirmeler-turkiye-istanbul\/deneyim-raporu-istanbulda-sac-ekimi-17-subat-2016-carsamba-tarihli-rapor\/","title":{"rendered":"Deneyim Raporu &#8211; \u0130stanbul&#8217;da Sa\u00e7 Ekimi &#8211; 17 \u015eubat 2016 \u00c7ar\u015famba Tarihli Rapor"},"content":{"rendered":"\n<p>Deneyim Raporu &#8211; \u0130stanbul&#8217;da Sa\u00e7 Ekimi &#8211; 17 \u015eubat 2016 \u00c7ar\u015famba Tarihli Rapor<\/p>\n\n\n\n<p>Sa\u00e7 ekimi ameliyat\u0131m ve \u015fu anki sa\u011fl\u0131k durumumla ilgili size biraz geri bildirim vermek istedim.<\/p>\n\n\n\n<p>Cuma g\u00fcn\u00fc \u0130stanbul&#8217;a olan u\u00e7u\u015fum, ufak bir gecikme d\u0131\u015f\u0131nda sorunsuz ge\u00e7ti. Bagaj teslim alma b\u00f6l\u00fcm\u00fcne vard\u0131\u011f\u0131mda telefonum \u00e7ald\u0131 ve g\u00fcler y\u00fczl\u00fc bir kad\u0131n her \u015feyin yolunda olup olmad\u0131\u011f\u0131n\u0131 sordu ve g\u00fcmr\u00fckten ge\u00e7tikten sonra nereye gitmem gerekti\u011fini a\u00e7\u0131klad\u0131. &#8220;Ac\u0131badem Yard\u0131m Noktas\u0131&#8221;nda k\u0131sa bir mola verip bir \u015feyler at\u0131\u015ft\u0131rd\u0131ktan sonra yola koyuldum.  <\/p>\n\n\n\n<p>\u015eof\u00f6r bizi do\u011frudan &#8220;Ac\u0131badem Fulya&#8221; hastanesine g\u00f6t\u00fcrd\u00fc.<br>Hastanenin giri\u015f hol\u00fcnde durdu\u011fumuzda, ho\u015f bir s\u00fcrprizle kar\u015f\u0131la\u015ft\u0131m. Her \u015fey yeni ve \u00e7ok temiz g\u00f6r\u00fcn\u00fcyordu, 5 y\u0131ld\u0131zl\u0131 bir otelle k\u0131yaslanabilir d\u00fczeydeydi. <\/p>\n\n\n\n<p>Sonras\u0131nda bilgi masas\u0131na ba\u015fvurdum ve nerede kayd\u0131m\u0131 yapmam gerekti\u011fini \u00f6\u011frenmeye \u00e7al\u0131\u015ft\u0131m. Ne yaz\u0131k ki ilk ba\u015fta yard\u0131mc\u0131 olamad\u0131lar ve beni ikinci kata y\u00f6nlendirdiler. Hen\u00fcz oraya gitmeye ba\u015flam\u0131\u015ft\u0131m ki, \u00e7ok nazik ve dostane bir kad\u0131n olan Merve &#8220;terc\u00fcman&#8221; yan\u0131ma geldi ve bana A.G. Bey olup olmad\u0131\u011f\u0131m\u0131 sordu. Yani, hi\u00e7 vakit kaybetmeden her \u015fey harika bir \u015fekilde ilerledi. U\u00e7u\u015fumuzun gecikmesi nedeniyle doktor zaten haz\u0131rd\u0131 ve i\u015fler h\u0131zla ilerlemek zorunda kald\u0131. \u00d6ncelikle PRP i\u00e7in kan verdim, ard\u0131ndan hemen sa\u00e7 kesim i\u015flemine ge\u00e7ildi.    <\/p>\n\n\n\n<p>Yakla\u015f\u0131k 15 dakika sonra bir odaya uzanabildim ve hem\u015fire \u00f6n tedaviye ba\u015flad\u0131. Ba\u015f\u0131m\u0131n \u00fczerine krem \u200b\u200bk\u0131vam\u0131nda bir macun s\u00fcrd\u00fc ve bunun anestezi oldu\u011funu a\u00e7\u0131klad\u0131.  <\/p>\n\n\n\n<p>\u015eimdi 30 dakika boyunca \u00fcr\u00fcn\u00fcn etki etmesini beklemem gerekti ve o s\u00fcre zarf\u0131nda bir \u015feyler i\u00e7ip yiyebildim. Harika olan \u015fey, Merve Han\u0131m &#8220;terc\u00fcman&#8221;\u0131n her zaman yan\u0131m\u0131zda olmas\u0131 ve bizi her ad\u0131mda yaln\u0131z b\u0131rakmam\u0131\u015f olmas\u0131yd\u0131. Zaman doldu ve tekrar \u00f6nceki odada bulu\u015fmak \u00fczere geri d\u00f6nd\u00fck. Doktor zaten oradayd\u0131 ve PRP tedavisine ba\u015fland\u0131.    <\/p>\n\n\n\n<p>Doktor, al\u0131nan kan\u0131, ertesi g\u00fcn sa\u00e7 ekimi yap\u0131lacak olan b\u00f6lgelere enjekte etti. Bu, hastanede ge\u00e7irdi\u011fim ilk g\u00fcn\u00fcn sonuydu. Bize, Orya Otele gitmek i\u00e7in transfer teklif ettiler, ki bu otel sadece 2 dakika y\u00fcr\u00fcme mesafesindeydi, ancak kendimi iyi hissetti\u011fim i\u00e7in (biraz bavulla olsa da) y\u00fcr\u00fcyerek gitmeye karar verdim. Otelde check-in i\u015flemi sorunsuz ge\u00e7ti.   <\/p>\n\n\n\n<p>Cumartesi b\u00fcy\u00fck g\u00fcn gelmi\u015fti ve yava\u015f\u00e7a heyecanlanmaya ba\u015flam\u0131\u015ft\u0131m. Saat 10&#8217;da hastanede olmam gerekiyordu. Yine Merve Han\u0131m taraf\u0131ndan kar\u015f\u0131land\u0131m ve do\u011frudan operasyon salonuna g\u00f6t\u00fcr\u00fcld\u00fcm. Operasyon odas\u0131na geldi\u011fimizde, iki doktor zaten oradayd\u0131 ve beni kar\u015f\u0131lad\u0131lar. Bana her \u015feyin nas\u0131l ilerleyece\u011fini detayl\u0131 bir \u015fekilde a\u00e7\u0131klad\u0131lar.   <\/p>\n\n\n\n<p>\u0130stedi\u011fim sa\u00e7 \u00e7izgisi \u00fczerinde konu\u015ftuktan sonra, FUE sa\u00e7 ekimi i\u015flemine ba\u015fland\u0131. Arka kafamdaki sa\u00e7 k\u00f6k\u00fc al\u0131m b\u00f6lgesi uyu\u015fturuldu, ba\u015flang\u0131\u00e7ta biraz rahats\u0131z ediciydi ama uyu\u015fturucunun etkisiyle bu hissiyat kayboldu. Tahminen 5-6 saat s\u00fcren i\u015flem sonunda, \u015f\u00fck\u00fcr ki operasyon tamamland\u0131. Herhangi bir a\u011fr\u0131 hissetmedim \u00e7\u00fcnk\u00fc her \u015fey uyu\u015fturulmu\u015ftu. Sa\u00e7 ekiminden sonra, g\u00fc\u00e7lendirici bir \u00f6\u011f\u00fcn ald\u0131m ve ard\u0131ndan doktor bana ne yapmam gerekti\u011fini, neleri yapmamam gerekti\u011fini ve nas\u0131l uygulamam gerekti\u011fini ayr\u0131nt\u0131l\u0131 bir \u015fekilde a\u00e7\u0131klad\u0131. Her \u015fey netti ve otelime geri d\u00f6nebildim. Pazar g\u00fcn\u00fc herhangi bir randevum yoktu. Pazartesi sabah\u0131, Ac\u0131badem Maslak Hastanesi&#8217;ne gidip kontrol ve bandaj de\u011fi\u015fimi i\u00e7in tekrar hastaneye gitmem gerekti.       <\/p>\n\n\n\n<p>Giri\u015f salonuna vard\u0131\u011f\u0131mda, Tolgay Bey beni kar\u015f\u0131lad\u0131 ve bana e\u015flik etti. Doktor bandaj\u0131m\u0131 de\u011fi\u015ftirdi ve beni tekrar Orya Otel&#8217;e g\u00f6t\u00fcrd\u00fc. K\u0131sa bir s\u00fcreli\u011fine bavulumu toparlay\u0131p \u00e7\u0131k\u0131\u015f i\u015flemini yaparken, aln\u0131mda bir \u015fi\u015flik fark ettim. A\u011fr\u0131m yoktu ama yine de g\u00fcvenlik i\u00e7in doktoruma tekrar g\u00f6stermek istedim, \u00f6zellikle geri d\u00f6nmeden \u00f6nce. Maalesef o anda t\u00fcm doktorlar ya me\u015fguld\u00fc ya da operasyondayd\u0131lar, bu y\u00fczden Merve Han\u0131m ve biz ne yapaca\u011f\u0131m\u0131z\u0131 bilemedik. Bir \u015fey kesindi, bandaj \u00e7ok s\u0131k\u0131yd\u0131 ve bu y\u00fczden aln\u0131mda \u015fi\u015flik olu\u015fmu\u015ftu. Merve Han\u0131m, durumu tabii ki sorumluluk alarak de\u011ferlendirdi ve \u00e7\u00f6z\u00fcm aramaya ba\u015flad\u0131.     <\/p>\n\n\n\n<p>Bir s\u00fcre sonra, beni ameliyat eden doktorlardan birini ula\u015fmay\u0131 ba\u015fard\u0131. Doktor, \u015fi\u015fliklerin ilk 3-4 g\u00fcn i\u00e7inde ortaya \u00e7\u0131kabilece\u011fini ve bunun endi\u015fe edilecek bir durum olmad\u0131\u011f\u0131n\u0131 a\u00e7\u0131klad\u0131. Ayr\u0131ca, bandaj\u0131n aln\u0131m\u0131n kenar k\u0131sm\u0131n\u0131 kesebilece\u011fimizi belirtti. Biraz rahatlad\u0131m ve nihayet geri d\u00f6n\u00fc\u015f yolculu\u011fuma \u00e7\u0131kabildim. <\/p>\n\n\n\n<p>Seyahatin genelinden %90 oran\u0131nda memnunum.<br>Elbette iyile\u015ftirilebilecek birka\u00e7 \u00f6nemsiz nokta da var.<\/p>\n\n\n\n<p>San\u0131r\u0131m deneyimimi ayr\u0131nt\u0131l\u0131 bir \u015fekilde anlatabildim.<\/p>\n\n\n\n<p>Sayg\u0131lar\u0131mla,<br>Alp G\u00fcren<\/p>\n\n\n\n<div class=\"wp-block-group is-layout-grid wp-container-core-group-is-layout-baef362d wp-block-group-is-layout-grid\">\n<p><a href=\"https:\/\/medicaltravel.at\/home\/agb\/\" data-type=\"page\" data-id=\"2191\" rel=\"nofollow noopener\" target=\"_blank\"><\/a><a href=\"https:\/\/medicaltravel.ch\/tr\/hasta-raporlari\/referanslar-tavsiyeler-tedaviler-degerlendirmeler-turkiye-istanbul\/goezlerim-ve-ben-istanbulda-lazer-goez-ameliyati-24-mart-2016-persembe-raporu\/\" data-type=\"link\" data-id=\"https:\/\/medicaltravel.ch\/tr\/hasta-raporlari\/referanslar-tavsiyeler-tedaviler-degerlendirmeler-turkiye-istanbul\/goezlerim-ve-ben-istanbulda-lazer-goez-ameliyati-24-mart-2016-persembe-raporu\/\">\u00d6nceki rapor<\/a><\/p>\n\n\n\n<p class=\"has-text-align-right wp-container-content-5e2576f9\"><a href=\"https:\/\/medicaltravel.at\/home\/impressum\/\" data-type=\"page\" data-id=\"2193\" rel=\"nofollow noopener\" target=\"_blank\"><\/a><a href=\"https:\/\/medicaltravel.at\/home\/berichte-von-patienten\/erfahrungsberichte\/erfahrungsbericht-zahnbehandlung-in-istanbul\/\" data-type=\"page\" data-id=\"981\" rel=\"nofollow noopener\" target=\"_blank\"><\/a><a href=\"https:\/\/medicaltravel.ch\/tr\/hasta-raporlari\/referanslar-tavsiyeler-tedaviler-degerlendirmeler-turkiye-istanbul\/hasta-raporu-istanbulda-fue-yoentemiyle-sac-ekimi-8-ocak-2016-cuma-tarihli-rapor\/\" data-type=\"link\" data-id=\"https:\/\/medicaltravel.ch\/tr\/hasta-raporlari\/referanslar-tavsiyeler-tedaviler-degerlendirmeler-turkiye-istanbul\/hasta-raporu-istanbulda-fue-yoentemiyle-sac-ekimi-8-ocak-2016-cuma-tarihli-rapor\/\">Bir sonraki rapor<\/a><\/p>\n<\/div>\n","protected":false},"excerpt":{"rendered":"<p>Deneyim Raporu &#8211; \u0130stanbul&#8217;da Sa\u00e7 Ekimi &#8211; 17 \u015eubat 2016 \u00c7ar\u015famba Tarihli Rapor Sa\u00e7 ekimi ameliyat\u0131m ve \u015fu anki sa\u011fl\u0131k durumumla ilgili size biraz geri bildirim vermek istedim. Cuma g\u00fcn\u00fc \u0130stanbul&#8217;a olan u\u00e7u\u015fum, ufak bir gecikme d\u0131\u015f\u0131nda sorunsuz ge\u00e7ti. Bagaj teslim alma b\u00f6l\u00fcm\u00fcne vard\u0131\u011f\u0131mda telefonum \u00e7ald\u0131 ve g\u00fcler y\u00fczl\u00fc bir kad\u0131n her \u015feyin yolunda olup olmad\u0131\u011f\u0131n\u0131 sordu ve g\u00fcmr\u00fckten ge\u00e7tikten sonra nereye gitmem gerekti\u011fini a\u00e7\u0131klad\u0131. &#8220;Ac\u0131badem Yard\u0131m Noktas\u0131&#8221;nda k\u0131sa bir mola verip bir \u015feyler at\u0131\u015ft\u0131rd\u0131ktan sonra yola koyuldum. \u015eof\u00f6r bizi do\u011frudan &#8220;Ac\u0131badem Fulya&#8221; hastanesine g\u00f6t\u00fcrd\u00fc.Hastanenin giri\u015f hol\u00fcnde durdu\u011fumuzda, ho\u015f bir s\u00fcrprizle kar\u015f\u0131la\u015ft\u0131m. Her \u015fey yeni ve \u00e7ok temiz g\u00f6r\u00fcn\u00fcyordu, 5 y\u0131ld\u0131zl\u0131 bir otelle k\u0131yaslanabilir d\u00fczeydeydi. Sonras\u0131nda bilgi masas\u0131na ba\u015fvurdum ve nerede kayd\u0131m\u0131 yapmam gerekti\u011fini \u00f6\u011frenmeye \u00e7al\u0131\u015ft\u0131m. Ne yaz\u0131k ki ilk ba\u015fta yard\u0131mc\u0131 olamad\u0131lar ve beni ikinci kata y\u00f6nlendirdiler. Hen\u00fcz oraya gitmeye ba\u015flam\u0131\u015ft\u0131m ki, \u00e7ok nazik ve dostane bir kad\u0131n olan Merve &#8220;terc\u00fcman&#8221; yan\u0131ma geldi ve bana A.G. Bey olup olmad\u0131\u011f\u0131m\u0131 sordu. Yani, hi\u00e7 vakit kaybetmeden her \u015fey harika bir \u015fekilde ilerledi. U\u00e7u\u015fumuzun gecikmesi nedeniyle doktor zaten haz\u0131rd\u0131 ve i\u015fler h\u0131zla ilerlemek zorunda kald\u0131. \u00d6ncelikle PRP i\u00e7in kan verdim, ard\u0131ndan hemen sa\u00e7 kesim i\u015flemine ge\u00e7ildi. Yakla\u015f\u0131k 15 dakika sonra bir odaya uzanabildim ve hem\u015fire \u00f6n tedaviye ba\u015flad\u0131. Ba\u015f\u0131m\u0131n \u00fczerine krem \u200b\u200bk\u0131vam\u0131nda bir macun s\u00fcrd\u00fc ve bunun anestezi oldu\u011funu a\u00e7\u0131klad\u0131. \u015eimdi 30 dakika boyunca \u00fcr\u00fcn\u00fcn etki etmesini beklemem gerekti ve o s\u00fcre zarf\u0131nda bir \u015feyler i\u00e7ip yiyebildim. Harika olan \u015fey, Merve Han\u0131m &#8220;terc\u00fcman&#8221;\u0131n her zaman yan\u0131m\u0131zda olmas\u0131 ve bizi her ad\u0131mda yaln\u0131z b\u0131rakmam\u0131\u015f olmas\u0131yd\u0131. Zaman doldu ve tekrar \u00f6nceki odada bulu\u015fmak \u00fczere geri d\u00f6nd\u00fck. Doktor zaten oradayd\u0131 ve PRP tedavisine ba\u015fland\u0131. Doktor, al\u0131nan kan\u0131, ertesi g\u00fcn sa\u00e7 ekimi yap\u0131lacak olan b\u00f6lgelere enjekte etti. Bu, hastanede ge\u00e7irdi\u011fim ilk g\u00fcn\u00fcn sonuydu. Bize, Orya Otele gitmek i\u00e7in transfer teklif ettiler, ki bu otel sadece 2 dakika y\u00fcr\u00fcme mesafesindeydi, ancak kendimi iyi hissetti\u011fim i\u00e7in (biraz bavulla olsa da) y\u00fcr\u00fcyerek gitmeye karar verdim. Otelde check-in i\u015flemi sorunsuz ge\u00e7ti. Cumartesi b\u00fcy\u00fck g\u00fcn gelmi\u015fti ve yava\u015f\u00e7a heyecanlanmaya ba\u015flam\u0131\u015ft\u0131m. Saat 10&#8217;da hastanede olmam gerekiyordu. Yine Merve Han\u0131m taraf\u0131ndan kar\u015f\u0131land\u0131m ve do\u011frudan operasyon salonuna g\u00f6t\u00fcr\u00fcld\u00fcm. Operasyon odas\u0131na geldi\u011fimizde, iki doktor zaten oradayd\u0131 ve beni kar\u015f\u0131lad\u0131lar. Bana her \u015feyin nas\u0131l ilerleyece\u011fini detayl\u0131 bir \u015fekilde a\u00e7\u0131klad\u0131lar. \u0130stedi\u011fim sa\u00e7 \u00e7izgisi \u00fczerinde konu\u015ftuktan sonra, FUE sa\u00e7 ekimi i\u015flemine ba\u015fland\u0131. Arka kafamdaki sa\u00e7 k\u00f6k\u00fc al\u0131m b\u00f6lgesi uyu\u015fturuldu, ba\u015flang\u0131\u00e7ta biraz rahats\u0131z ediciydi ama uyu\u015fturucunun etkisiyle bu hissiyat kayboldu. Tahminen 5-6 saat s\u00fcren i\u015flem sonunda, \u015f\u00fck\u00fcr ki operasyon tamamland\u0131. Herhangi bir a\u011fr\u0131 hissetmedim \u00e7\u00fcnk\u00fc her \u015fey uyu\u015fturulmu\u015ftu. Sa\u00e7 ekiminden sonra, g\u00fc\u00e7lendirici bir \u00f6\u011f\u00fcn ald\u0131m ve ard\u0131ndan doktor bana ne yapmam gerekti\u011fini, neleri yapmamam gerekti\u011fini ve nas\u0131l uygulamam gerekti\u011fini ayr\u0131nt\u0131l\u0131 bir \u015fekilde a\u00e7\u0131klad\u0131. Her \u015fey netti ve otelime geri d\u00f6nebildim. Pazar g\u00fcn\u00fc herhangi bir randevum yoktu. Pazartesi sabah\u0131, Ac\u0131badem Maslak Hastanesi&#8217;ne gidip kontrol ve bandaj de\u011fi\u015fimi i\u00e7in tekrar hastaneye gitmem gerekti. Giri\u015f salonuna vard\u0131\u011f\u0131mda, Tolgay Bey beni kar\u015f\u0131lad\u0131 ve bana e\u015flik etti. Doktor bandaj\u0131m\u0131 de\u011fi\u015ftirdi ve beni tekrar Orya Otel&#8217;e g\u00f6t\u00fcrd\u00fc. K\u0131sa bir s\u00fcreli\u011fine bavulumu toparlay\u0131p \u00e7\u0131k\u0131\u015f i\u015flemini yaparken, aln\u0131mda bir \u015fi\u015flik fark ettim. A\u011fr\u0131m yoktu ama yine de g\u00fcvenlik i\u00e7in doktoruma tekrar g\u00f6stermek istedim, \u00f6zellikle geri d\u00f6nmeden \u00f6nce. Maalesef o anda t\u00fcm doktorlar ya me\u015fguld\u00fc ya da operasyondayd\u0131lar, bu y\u00fczden Merve Han\u0131m ve biz ne yapaca\u011f\u0131m\u0131z\u0131 bilemedik. Bir \u015fey kesindi, bandaj \u00e7ok s\u0131k\u0131yd\u0131 ve bu y\u00fczden aln\u0131mda \u015fi\u015flik olu\u015fmu\u015ftu. Merve Han\u0131m, durumu tabii ki sorumluluk alarak de\u011ferlendirdi ve \u00e7\u00f6z\u00fcm aramaya ba\u015flad\u0131. Bir s\u00fcre sonra, beni ameliyat eden doktorlardan birini ula\u015fmay\u0131 ba\u015fard\u0131. Doktor, \u015fi\u015fliklerin ilk 3-4 g\u00fcn i\u00e7inde ortaya \u00e7\u0131kabilece\u011fini ve bunun endi\u015fe edilecek bir durum olmad\u0131\u011f\u0131n\u0131 a\u00e7\u0131klad\u0131. Ayr\u0131ca, bandaj\u0131n aln\u0131m\u0131n kenar k\u0131sm\u0131n\u0131 kesebilece\u011fimizi belirtti. Biraz rahatlad\u0131m ve nihayet geri d\u00f6n\u00fc\u015f yolculu\u011fuma \u00e7\u0131kabildim. Seyahatin genelinden %90 oran\u0131nda memnunum.Elbette iyile\u015ftirilebilecek birka\u00e7 \u00f6nemsiz nokta da var. San\u0131r\u0131m deneyimimi ayr\u0131nt\u0131l\u0131 bir \u015fekilde anlatabildim. Sayg\u0131lar\u0131mla,Alp G\u00fcren \u00d6nceki rapor Bir sonraki rapor<\/p>\n","protected":false},"author":4,"featured_media":0,"parent":4587,"menu_order":0,"comment_status":"closed","ping_status":"closed","template":"","meta":{"_joinchat":[],"footnotes":""},"class_list":["post-4678","page","type-page","status-publish","hentry"],"acf":[],"_links":{"self":[{"href":"https:\/\/medicaltravel.ch\/tr\/wp-json\/wp\/v2\/pages\/4678","targetHints":{"allow":["GET"]}}],"collection":[{"href":"https:\/\/medicaltravel.ch\/tr\/wp-json\/wp\/v2\/pages"}],"about":[{"href":"https:\/\/medicaltravel.ch\/tr\/wp-json\/wp\/v2\/types\/page"}],"author":[{"embeddable":true,"href":"https:\/\/medicaltravel.ch\/tr\/wp-json\/wp\/v2\/users\/4"}],"replies":[{"embeddable":true,"href":"https:\/\/medicaltravel.ch\/tr\/wp-json\/wp\/v2\/comments?post=4678"}],"version-history":[{"count":0,"href":"https:\/\/medicaltravel.ch\/tr\/wp-json\/wp\/v2\/pages\/4678\/revisions"}],"up":[{"embeddable":true,"href":"https:\/\/medicaltravel.ch\/tr\/wp-json\/wp\/v2\/pages\/4587"}],"wp:attachment":[{"href":"https:\/\/medicaltravel.ch\/tr\/wp-json\/wp\/v2\/media?parent=4678"}],"curies":[{"name":"wp","href":"https:\/\/api.w.org\/{rel}","templated":true}]}}