{"id":4680,"date":"2025-09-23T17:32:43","date_gmt":"2025-09-23T16:32:43","guid":{"rendered":"https:\/\/medicaltravel.ch\/hasta-raporlari\/erfahrungsberichte-empfehlungen-behandlungen-beurteilung-tuerkei-istanbul\/kisisel-rapor-istanbuldaki-burun-ameliyatim-30-mayis-2016-pazartesi-tarihli-rapor\/"},"modified":"2026-01-12T19:16:02","modified_gmt":"2026-01-12T18:16:02","slug":"kisisel-rapor-istanbuldaki-burun-ameliyatim-30-mayis-2016-pazartesi-tarihli-rapor","status":"publish","type":"page","link":"https:\/\/medicaltravel.ch\/tr\/hasta-raporlari\/referanslar-tavsiyeler-tedaviler-degerlendirmeler-turkiye-istanbul\/kisisel-rapor-istanbuldaki-burun-ameliyatim-30-mayis-2016-pazartesi-tarihli-rapor\/","title":{"rendered":"K\u0130\u015e\u0130SEL RAPOR: \u0130STANBUL&#8217;DAK\u0130 BURUN AMEL\u0130YATIM \u2013 30 May\u0131s 2016 Pazartesi tarihli rapor"},"content":{"rendered":"\n<p>K\u0130\u015e\u0130SEL RAPOR: \u0130STANBUL&#8217;DAK\u0130 BURUN AMEL\u0130YATIM \u2013 30 May\u0131s 2016 Pazartesi tarihli rapor<\/p>\n\n\n\n<p>Bir s\u00fcredir burnumla ilgili rahats\u0131zl\u0131k hissediyordum. Bir noktada, cerrahi bir m\u00fcdahaleye karar verdim. Ba\u015flang\u0131\u00e7tan itibaren bu i\u015flemi \u0130svi\u00e7re veya Avrupa&#8217;da yapt\u0131rmay\u0131 d\u00fc\u015f\u00fcnmedim. Bu karar\u0131 almam\u0131n sebebi, Avrupa&#8217;daki doktorlar\u0131n bu t\u00fcr m\u00fcdahalelerde yeterli deneyime sahip olmad\u0131\u011f\u0131n\u0131 d\u00fc\u015f\u00fcnmemdi. Tabii ki fiyat da \u00f6nemli bir fakt\u00f6rd\u00fc, ancak Do\u011fu Avrupa&#8217;da daha uygun bir fiyata da ameliyat olabilirdim, ama san\u0131r\u0131m orada ald\u0131\u011f\u0131m sonu\u00e7tan memnun olmazd\u0131m. \u015eu an T\u00fcrkiye&#8217;deki m\u00fcdahaleden sonra \u00e7ok daha memnunum.    <\/p>\n\n\n\n<p>\u0130nternette Medical Travel ile kar\u015f\u0131la\u015ft\u0131m ve hemen onlarla ileti\u015fime ge\u00e7tim. \u015eans\u0131m o ki, birka\u00e7 g\u00fcn sonra \u0130svi\u00e7re&#8217;de, T\u00fcrkiye&#8217;den gelen tedavi uzman\u0131 Dr. Ferit Demirkan ile bir &#8220;bilgilendirme etkinli\u011fi&#8221; d\u00fczenlenecekti. Bir arkada\u015f\u0131m\u0131 da ikna ettim ve kendisi de sa\u00e7 ekimi hakk\u0131nda bilgi almak i\u00e7in benimle geldi. Dr. Demirkan, son derece profesyonel ve deneyimli bir izlenim b\u0131rakt\u0131. Hemen anlad\u0131m ki, i\u015finin ehli birisi \u00e7\u00fcnk\u00fc \u00f6rne\u011fin arkada\u015f\u0131m\u0131n sa\u00e7 ekimiyle ilgili, sonu\u00e7 hakk\u0131nda \u00f6nceden bo\u015f vaatlerde bulunmad\u0131. Orada, hemen bir provisional randevu belirledik ve birka\u00e7 g\u00fcn daha d\u00fc\u015f\u00fcnmeye karar verdik. Sonras\u0131nda randevuyu onaylad\u0131k ve yakla\u015f\u0131k iki hafta sonra T\u00fcrkiye&#8217;ye u\u00e7tuk.      <\/p>\n\n\n\n<p>Havaliman\u0131nda Acibadem Hastanesi&#8217;nin bilgilendirme noktas\u0131ndan bizi \u00e7ok s\u0131cak bir \u015fekilde kar\u015f\u0131lad\u0131lar, \u015fof\u00f6r\u00fcm\u00fcz gelene kadar bekledik. Sonras\u0131nda bizi otele b\u0131rak\u0131p, i\u015flemin yap\u0131laca\u011f\u0131 g\u00fcne kadar bir g\u00fcn\u00fcm\u00fcz vard\u0131. Bu zaman\u0131, \u0130stanbul&#8217;u biraz ke\u015ffetmek i\u00e7in de\u011ferlendirdik. Ertesi g\u00fcn hastaneye gittim ve \u00e7ok modern ve temiz olan tek ki\u015filik odamda, doktorla yap\u0131lacak \u00f6n g\u00f6r\u00fc\u015fmeye kadar bekledim. K\u0131sa bir s\u00fcre sonra Prof. Dr. Demirkan ile g\u00f6r\u00fc\u015fmeye ba\u015flad\u0131k ve foto\u011fraf sim\u00fclasyonu \u00fczerinden nas\u0131l bir burun d\u00fczeltmesi yapmak istedi\u011fimi konu\u015ftuk. Doktora beklentilerimi ilettim, o da bana ek baz\u0131 iyile\u015ftirme \u00f6nerileri sundu. Ba\u015flang\u0131\u00e7ta sadece burnumdaki kemeri d\u00fczeltmek istiyordum, ancak Dr. Demirkan, burnun ucunu biraz kald\u0131rman\u0131n ve yanlardan burnu d\u00fczeltmenin daha g\u00fczel olaca\u011f\u0131n\u0131 g\u00f6sterdi.       <\/p>\n\n\n\n<p>Foto\u011fraf sim\u00fclasyonu tamamland\u0131\u011f\u0131nda odam\u0131za geri d\u00f6nd\u00fcm ve operasyon i\u00e7in haz\u0131rlanmaya ba\u015flad\u0131m. Yakla\u015f\u0131k 4 saatlik hastane s\u00fcrecinin ard\u0131ndan, operasyon ba\u015flad\u0131. Tam anestezi sonras\u0131 uyand\u0131\u011f\u0131mda, t\u00fcm i\u015flem tamamlanm\u0131\u015ft\u0131.  <\/p>\n\n\n\n<p>Hastanede bir gece daha kald\u0131m ve hem\u015fireler taraf\u0131ndan \u00e7ok nazik ve yard\u0131msever bir \u015fekilde kar\u015f\u0131land\u0131m.<\/p>\n\n\n\n<p>Ertesi g\u00fcn, \u015fof\u00f6r\u00fcm beni otele g\u00f6t\u00fcrd\u00fc. Ameliyattan iki g\u00fcn sonra, tamponlar\u0131n al\u0131nmas\u0131 i\u00e7in hastaneye tekrar gittim ve be\u015f g\u00fcn sonra diki\u015flerim al\u0131nd\u0131. Bir hafta sonra, d\u00f6n\u00fc\u015f u\u00e7u\u015fumdan \u00f6nce, tekrar doktora gittim ve al\u00e7\u0131 kald\u0131r\u0131ld\u0131, yerine yeni bir al\u00e7\u0131 tak\u0131ld\u0131.  <\/p>\n\n\n\n<p>O g\u00fcn, sonu\u00e7lar\u0131 tam olarak kavrayamam\u0131\u015ft\u0131m \u00e7\u00fcnk\u00fc tamamen yeni bir g\u00f6r\u00fcn\u00fcm vard\u0131. Ancak, ameliyat\u0131n 11. g\u00fcn\u00fcnde burnumdan ikinci al\u00e7\u0131y\u0131 kald\u0131rd\u0131\u011f\u0131mda, sonuca ger\u00e7ekten \u00e7ok mutlu oldum. <\/p>\n\n\n\n<p>\u015eimdi burnumu korumam ve bak\u0131m yapmam gerekiyor, birka\u00e7 ay sonra ise nihai sonucu g\u00f6rece\u011fim. T\u00fcm seyahat ger\u00e7ekten b\u00fcy\u00fck bir ba\u015far\u0131yd\u0131 ve Orya Oteli hastaneye yakla\u015f\u0131k 300 metre uzakl\u0131kta oldu\u011fu i\u00e7in m\u00fckemmel bir konumdayd\u0131. <\/p>\n\n\n\n<p>D. Mihandust. 27.05.16<\/p>\n\n\n\n<div class=\"wp-block-group is-layout-grid wp-container-core-group-is-layout-baef362d wp-block-group-is-layout-grid\">\n<p><a href=\"https:\/\/medicaltravel.at\/home\/agb\/\" data-type=\"page\" data-id=\"2191\" rel=\"nofollow noopener\" target=\"_blank\"><\/a><a href=\"https:\/\/medicaltravel.ch\/tr\/hasta-raporlari\/referanslar-tavsiyeler-tedaviler-degerlendirmeler-turkiye-istanbul\/istanbulda-gecmis-zamanlarda-nasil-bir-deneyim-yasadim-3-agustos-2016-carsamba-tarihli-rapor\/\" data-type=\"link\" data-id=\"https:\/\/medicaltravel.ch\/tr\/hasta-raporlari\/referanslar-tavsiyeler-tedaviler-degerlendirmeler-turkiye-istanbul\/istanbulda-gecmis-zamanlarda-nasil-bir-deneyim-yasadim-3-agustos-2016-carsamba-tarihli-rapor\/\">\u00d6nceki rapor<\/a><\/p>\n\n\n\n<p class=\"has-text-align-right wp-container-content-5e2576f9\"><a href=\"https:\/\/medicaltravel.at\/home\/impressum\/\" data-type=\"page\" data-id=\"2193\" rel=\"nofollow noopener\" target=\"_blank\"><\/a><a href=\"https:\/\/medicaltravel.at\/home\/berichte-von-patienten\/erfahrungsberichte\/erfahrungsbericht-zahnbehandlung-in-istanbul\/\" data-type=\"page\" data-id=\"981\" rel=\"nofollow noopener\" target=\"_blank\"><\/a><a href=\"https:\/\/medicaltravel.ch\/tr\/hasta-raporlari\/referanslar-tavsiyeler-tedaviler-degerlendirmeler-turkiye-istanbul\/istanbuldaki-meme-ameliyatim-deneyimim-26-mayis-2016-persembe-raporu\/\" data-type=\"link\" data-id=\"https:\/\/medicaltravel.ch\/tr\/hasta-raporlari\/referanslar-tavsiyeler-tedaviler-degerlendirmeler-turkiye-istanbul\/istanbuldaki-meme-ameliyatim-deneyimim-26-mayis-2016-persembe-raporu\/\">Bir sonraki rapor<\/a><\/p>\n<\/div>\n","protected":false},"excerpt":{"rendered":"<p>K\u0130\u015e\u0130SEL RAPOR: \u0130STANBUL&#8217;DAK\u0130 BURUN AMEL\u0130YATIM \u2013 30 May\u0131s 2016 Pazartesi tarihli rapor Bir s\u00fcredir burnumla ilgili rahats\u0131zl\u0131k hissediyordum. Bir noktada, cerrahi bir m\u00fcdahaleye karar verdim. Ba\u015flang\u0131\u00e7tan itibaren bu i\u015flemi \u0130svi\u00e7re veya Avrupa&#8217;da yapt\u0131rmay\u0131 d\u00fc\u015f\u00fcnmedim. Bu karar\u0131 almam\u0131n sebebi, Avrupa&#8217;daki doktorlar\u0131n bu t\u00fcr m\u00fcdahalelerde yeterli deneyime sahip olmad\u0131\u011f\u0131n\u0131 d\u00fc\u015f\u00fcnmemdi. Tabii ki fiyat da \u00f6nemli bir fakt\u00f6rd\u00fc, ancak Do\u011fu Avrupa&#8217;da daha uygun bir fiyata da ameliyat olabilirdim, ama san\u0131r\u0131m orada ald\u0131\u011f\u0131m sonu\u00e7tan memnun olmazd\u0131m. \u015eu an T\u00fcrkiye&#8217;deki m\u00fcdahaleden sonra \u00e7ok daha memnunum. \u0130nternette Medical Travel ile kar\u015f\u0131la\u015ft\u0131m ve hemen onlarla ileti\u015fime ge\u00e7tim. \u015eans\u0131m o ki, birka\u00e7 g\u00fcn sonra \u0130svi\u00e7re&#8217;de, T\u00fcrkiye&#8217;den gelen tedavi uzman\u0131 Dr. Ferit Demirkan ile bir &#8220;bilgilendirme etkinli\u011fi&#8221; d\u00fczenlenecekti. Bir arkada\u015f\u0131m\u0131 da ikna ettim ve kendisi de sa\u00e7 ekimi hakk\u0131nda bilgi almak i\u00e7in benimle geldi. Dr. Demirkan, son derece profesyonel ve deneyimli bir izlenim b\u0131rakt\u0131. Hemen anlad\u0131m ki, i\u015finin ehli birisi \u00e7\u00fcnk\u00fc \u00f6rne\u011fin arkada\u015f\u0131m\u0131n sa\u00e7 ekimiyle ilgili, sonu\u00e7 hakk\u0131nda \u00f6nceden bo\u015f vaatlerde bulunmad\u0131. Orada, hemen bir provisional randevu belirledik ve birka\u00e7 g\u00fcn daha d\u00fc\u015f\u00fcnmeye karar verdik. Sonras\u0131nda randevuyu onaylad\u0131k ve yakla\u015f\u0131k iki hafta sonra T\u00fcrkiye&#8217;ye u\u00e7tuk. Havaliman\u0131nda Acibadem Hastanesi&#8217;nin bilgilendirme noktas\u0131ndan bizi \u00e7ok s\u0131cak bir \u015fekilde kar\u015f\u0131lad\u0131lar, \u015fof\u00f6r\u00fcm\u00fcz gelene kadar bekledik. Sonras\u0131nda bizi otele b\u0131rak\u0131p, i\u015flemin yap\u0131laca\u011f\u0131 g\u00fcne kadar bir g\u00fcn\u00fcm\u00fcz vard\u0131. Bu zaman\u0131, \u0130stanbul&#8217;u biraz ke\u015ffetmek i\u00e7in de\u011ferlendirdik. Ertesi g\u00fcn hastaneye gittim ve \u00e7ok modern ve temiz olan tek ki\u015filik odamda, doktorla yap\u0131lacak \u00f6n g\u00f6r\u00fc\u015fmeye kadar bekledim. K\u0131sa bir s\u00fcre sonra Prof. Dr. Demirkan ile g\u00f6r\u00fc\u015fmeye ba\u015flad\u0131k ve foto\u011fraf sim\u00fclasyonu \u00fczerinden nas\u0131l bir burun d\u00fczeltmesi yapmak istedi\u011fimi konu\u015ftuk. Doktora beklentilerimi ilettim, o da bana ek baz\u0131 iyile\u015ftirme \u00f6nerileri sundu. Ba\u015flang\u0131\u00e7ta sadece burnumdaki kemeri d\u00fczeltmek istiyordum, ancak Dr. Demirkan, burnun ucunu biraz kald\u0131rman\u0131n ve yanlardan burnu d\u00fczeltmenin daha g\u00fczel olaca\u011f\u0131n\u0131 g\u00f6sterdi. Foto\u011fraf sim\u00fclasyonu tamamland\u0131\u011f\u0131nda odam\u0131za geri d\u00f6nd\u00fcm ve operasyon i\u00e7in haz\u0131rlanmaya ba\u015flad\u0131m. Yakla\u015f\u0131k 4 saatlik hastane s\u00fcrecinin ard\u0131ndan, operasyon ba\u015flad\u0131. Tam anestezi sonras\u0131 uyand\u0131\u011f\u0131mda, t\u00fcm i\u015flem tamamlanm\u0131\u015ft\u0131. Hastanede bir gece daha kald\u0131m ve hem\u015fireler taraf\u0131ndan \u00e7ok nazik ve yard\u0131msever bir \u015fekilde kar\u015f\u0131land\u0131m. Ertesi g\u00fcn, \u015fof\u00f6r\u00fcm beni otele g\u00f6t\u00fcrd\u00fc. Ameliyattan iki g\u00fcn sonra, tamponlar\u0131n al\u0131nmas\u0131 i\u00e7in hastaneye tekrar gittim ve be\u015f g\u00fcn sonra diki\u015flerim al\u0131nd\u0131. Bir hafta sonra, d\u00f6n\u00fc\u015f u\u00e7u\u015fumdan \u00f6nce, tekrar doktora gittim ve al\u00e7\u0131 kald\u0131r\u0131ld\u0131, yerine yeni bir al\u00e7\u0131 tak\u0131ld\u0131. O g\u00fcn, sonu\u00e7lar\u0131 tam olarak kavrayamam\u0131\u015ft\u0131m \u00e7\u00fcnk\u00fc tamamen yeni bir g\u00f6r\u00fcn\u00fcm vard\u0131. Ancak, ameliyat\u0131n 11. g\u00fcn\u00fcnde burnumdan ikinci al\u00e7\u0131y\u0131 kald\u0131rd\u0131\u011f\u0131mda, sonuca ger\u00e7ekten \u00e7ok mutlu oldum. \u015eimdi burnumu korumam ve bak\u0131m yapmam gerekiyor, birka\u00e7 ay sonra ise nihai sonucu g\u00f6rece\u011fim. T\u00fcm seyahat ger\u00e7ekten b\u00fcy\u00fck bir ba\u015far\u0131yd\u0131 ve Orya Oteli hastaneye yakla\u015f\u0131k 300 metre uzakl\u0131kta oldu\u011fu i\u00e7in m\u00fckemmel bir konumdayd\u0131. D. Mihandust. 27.05.16 \u00d6nceki rapor Bir sonraki rapor<\/p>\n","protected":false},"author":4,"featured_media":0,"parent":4587,"menu_order":0,"comment_status":"closed","ping_status":"closed","template":"","meta":{"_joinchat":[],"footnotes":""},"class_list":["post-4680","page","type-page","status-publish","hentry"],"acf":[],"_links":{"self":[{"href":"https:\/\/medicaltravel.ch\/tr\/wp-json\/wp\/v2\/pages\/4680","targetHints":{"allow":["GET"]}}],"collection":[{"href":"https:\/\/medicaltravel.ch\/tr\/wp-json\/wp\/v2\/pages"}],"about":[{"href":"https:\/\/medicaltravel.ch\/tr\/wp-json\/wp\/v2\/types\/page"}],"author":[{"embeddable":true,"href":"https:\/\/medicaltravel.ch\/tr\/wp-json\/wp\/v2\/users\/4"}],"replies":[{"embeddable":true,"href":"https:\/\/medicaltravel.ch\/tr\/wp-json\/wp\/v2\/comments?post=4680"}],"version-history":[{"count":0,"href":"https:\/\/medicaltravel.ch\/tr\/wp-json\/wp\/v2\/pages\/4680\/revisions"}],"up":[{"embeddable":true,"href":"https:\/\/medicaltravel.ch\/tr\/wp-json\/wp\/v2\/pages\/4587"}],"wp:attachment":[{"href":"https:\/\/medicaltravel.ch\/tr\/wp-json\/wp\/v2\/media?parent=4680"}],"curies":[{"name":"wp","href":"https:\/\/api.w.org\/{rel}","templated":true}]}}