{"id":4682,"date":"2025-09-23T17:48:17","date_gmt":"2025-09-23T16:48:17","guid":{"rendered":"https:\/\/medicaltravel.ch\/hasta-raporlari\/erfahrungsberichte-empfehlungen-behandlungen-beurteilung-tuerkei-istanbul\/istanbuldaki-ortodontik-tedavim-icin-muekemmel-organizasyon-ve-oezen-23-haziran-2015-sali-tarihli-rapor\/"},"modified":"2026-01-12T19:27:10","modified_gmt":"2026-01-12T18:27:10","slug":"istanbuldaki-ortodontik-tedavim-icin-muekemmel-organizasyon-ve-oezen-23-haziran-2015-sali-tarihli-rapor","status":"publish","type":"page","link":"https:\/\/medicaltravel.ch\/tr\/hasta-raporlari\/referanslar-tavsiyeler-tedaviler-degerlendirmeler-turkiye-istanbul\/istanbuldaki-ortodontik-tedavim-icin-muekemmel-organizasyon-ve-oezen-23-haziran-2015-sali-tarihli-rapor\/","title":{"rendered":"\u0130stanbul&#8217;daki ortodontik tedavim i\u00e7in m\u00fckemmel organizasyon ve \u00f6zen \u2013 23 Haziran 2015 Sal\u0131 tarihli rapor"},"content":{"rendered":"\n<p>\u0130stanbul&#8217;daki ortodontik tedavim i\u00e7in m\u00fckemmel organizasyon ve \u00f6zen \u2013 23 Haziran 2015 Sal\u0131 tarihli rapor<\/p>\n\n\n\n<p>Say\u0131n Kara Bey<\/p>\n\n\n\n<p>\u0130stanbul&#8217;a yapt\u0131\u011f\u0131m seyahatin m\u00fckemmel bir \u015fekilde organize edilmesi ve benimle ilgilenilmesi i\u00e7in \u00e7ok te\u015fekk\u00fcr ederim. \u015eirketiniz ger\u00e7ekten son derece m\u00fc\u015fteri odakl\u0131 bir yakla\u015f\u0131m sergiliyor. Bunun yan\u0131 s\u0131ra, ki\u015fisel dostane tavr\u0131n\u0131z da olduk\u00e7a etkileyiciydi; her \u015fey bir araya geldi\u011finde, hizmetlerinizi potansiyel m\u00fc\u015fterilere kesinlikle tavsiye edebilirim.  <\/p>\n\n\n\n<p>Sonunda, Z\u00fcrih&#8217;teki Dr. \u00d6zt\u00fcrk ile yap\u0131lan g\u00f6r\u00fc\u015fme s\u0131ras\u0131nda \u0130stanbul&#8217;daki Acibadem Klini\u011fi&#8217;ni tercih etmeye karar verdim. Detayl\u0131 ve titiz dan\u0131\u015fmanl\u0131k, ki\u015fisel isteklerime ve ihtiya\u00e7lar\u0131ma odaklanarak beni ikna etti. Ayr\u0131ca, doktorun en yeni di\u015f hekimli\u011fi ve di\u015f teknolojisi prosed\u00fcrlerine dikkat etmesi de g\u00fcvenimi kazand\u0131. Sonu\u00e7 ise tam anlam\u0131yla tatmin ediciydi! Ta\u00e7lar ve implantlarla ger\u00e7ekten \u00e7ok ama \u00e7ok mutluyum. Tedavi ayr\u0131ca \u00e7ok iyi organize edilmi\u015fti ve gerekli dinlenme molalar\u0131yla desteklenmi\u015fti. T\u00fcm ekip (doktor, asistanlar ve yerel destek) o kadar hassas ve dost canl\u0131s\u0131yd\u0131 ki, hepsini kalbime kazand\u0131rd\u0131m.      <\/p>\n\n\n\n<p>Orya Oteli, klinik yak\u0131n\u0131nda m\u00fckemmel bir konumdayd\u0131. Tarihi yerlere ve al\u0131\u015fveri\u015f caddelerine olan yak\u0131nl\u0131k ise idealdi. Bir sonraki b\u00fcy\u00fck di\u015f tedavimi (alt di\u015f s\u0131ras\u0131ndaki d\u00fczeltmeler) \u0130stanbul&#8217;da, tam bir g\u00fcvenle yine burada yapt\u0131raca\u011f\u0131m. Son olarak, \u0130stanbul halk\u0131n\u0131n misafirperverli\u011fini de unutmamal\u0131y\u0131m; ger\u00e7ekten takdire \u015fayan bir yakla\u015f\u0131m sergiliyorlar.   <\/p>\n\n\n\n<p>Potansiyel m\u00fc\u015fterilerden referans talepleriniz varsa, l\u00fctfen \u00f6nceden g\u00f6r\u00fc\u015fme yaparak benimle ileti\u015fime ge\u00e7mekten \u00e7ekinmeyin.<\/p>\n\n\n\n<p>Harika bir yaz ge\u00e7irmenizi ve en iyi dileklerimi sunar\u0131m!<\/p>\n\n\n\n<p>Pia Messerli<\/p>\n\n\n\n<div class=\"wp-block-group is-layout-grid wp-container-core-group-is-layout-baef362d wp-block-group-is-layout-grid\">\n<p><a href=\"https:\/\/medicaltravel.at\/home\/agb\/\" data-type=\"page\" data-id=\"2191\" rel=\"nofollow noopener\" target=\"_blank\"><\/a><a href=\"https:\/\/medicaltravel.ch\/tr\/hasta-raporlari\/referanslar-tavsiyeler-tedaviler-degerlendirmeler-turkiye-istanbul\/istanbul-tuerkiyede-sac-ekimi-deneyim-raporu-10-agustos-2015-pazartesi-tarihli-rapor\/\" data-type=\"link\" data-id=\"https:\/\/medicaltravel.ch\/tr\/hasta-raporlari\/referanslar-tavsiyeler-tedaviler-degerlendirmeler-turkiye-istanbul\/istanbul-tuerkiyede-sac-ekimi-deneyim-raporu-10-agustos-2015-pazartesi-tarihli-rapor\/\">\u00d6nceki rapor<\/a><\/p>\n\n\n\n<p class=\"has-text-align-right wp-container-content-5e2576f9\"><\/p>\n<\/div>\n","protected":false},"excerpt":{"rendered":"<p>\u0130stanbul&#8217;daki ortodontik tedavim i\u00e7in m\u00fckemmel organizasyon ve \u00f6zen \u2013 23 Haziran 2015 Sal\u0131 tarihli rapor Say\u0131n Kara Bey \u0130stanbul&#8217;a yapt\u0131\u011f\u0131m seyahatin m\u00fckemmel bir \u015fekilde organize edilmesi ve benimle ilgilenilmesi i\u00e7in \u00e7ok te\u015fekk\u00fcr ederim. \u015eirketiniz ger\u00e7ekten son derece m\u00fc\u015fteri odakl\u0131 bir yakla\u015f\u0131m sergiliyor. Bunun yan\u0131 s\u0131ra, ki\u015fisel dostane tavr\u0131n\u0131z da olduk\u00e7a etkileyiciydi; her \u015fey bir araya geldi\u011finde, hizmetlerinizi potansiyel m\u00fc\u015fterilere kesinlikle tavsiye edebilirim. Sonunda, Z\u00fcrih&#8217;teki Dr. \u00d6zt\u00fcrk ile yap\u0131lan g\u00f6r\u00fc\u015fme s\u0131ras\u0131nda \u0130stanbul&#8217;daki Acibadem Klini\u011fi&#8217;ni tercih etmeye karar verdim. Detayl\u0131 ve titiz dan\u0131\u015fmanl\u0131k, ki\u015fisel isteklerime ve ihtiya\u00e7lar\u0131ma odaklanarak beni ikna etti. Ayr\u0131ca, doktorun en yeni di\u015f hekimli\u011fi ve di\u015f teknolojisi prosed\u00fcrlerine dikkat etmesi de g\u00fcvenimi kazand\u0131. Sonu\u00e7 ise tam anlam\u0131yla tatmin ediciydi! Ta\u00e7lar ve implantlarla ger\u00e7ekten \u00e7ok ama \u00e7ok mutluyum. Tedavi ayr\u0131ca \u00e7ok iyi organize edilmi\u015fti ve gerekli dinlenme molalar\u0131yla desteklenmi\u015fti. T\u00fcm ekip (doktor, asistanlar ve yerel destek) o kadar hassas ve dost canl\u0131s\u0131yd\u0131 ki, hepsini kalbime kazand\u0131rd\u0131m. Orya Oteli, klinik yak\u0131n\u0131nda m\u00fckemmel bir konumdayd\u0131. Tarihi yerlere ve al\u0131\u015fveri\u015f caddelerine olan yak\u0131nl\u0131k ise idealdi. Bir sonraki b\u00fcy\u00fck di\u015f tedavimi (alt di\u015f s\u0131ras\u0131ndaki d\u00fczeltmeler) \u0130stanbul&#8217;da, tam bir g\u00fcvenle yine burada yapt\u0131raca\u011f\u0131m. Son olarak, \u0130stanbul halk\u0131n\u0131n misafirperverli\u011fini de unutmamal\u0131y\u0131m; ger\u00e7ekten takdire \u015fayan bir yakla\u015f\u0131m sergiliyorlar. Potansiyel m\u00fc\u015fterilerden referans talepleriniz varsa, l\u00fctfen \u00f6nceden g\u00f6r\u00fc\u015fme yaparak benimle ileti\u015fime ge\u00e7mekten \u00e7ekinmeyin. Harika bir yaz ge\u00e7irmenizi ve en iyi dileklerimi sunar\u0131m! Pia Messerli \u00d6nceki rapor<\/p>\n","protected":false},"author":4,"featured_media":0,"parent":4587,"menu_order":0,"comment_status":"closed","ping_status":"closed","template":"","meta":{"_joinchat":[],"footnotes":""},"class_list":["post-4682","page","type-page","status-publish","hentry"],"acf":[],"_links":{"self":[{"href":"https:\/\/medicaltravel.ch\/tr\/wp-json\/wp\/v2\/pages\/4682","targetHints":{"allow":["GET"]}}],"collection":[{"href":"https:\/\/medicaltravel.ch\/tr\/wp-json\/wp\/v2\/pages"}],"about":[{"href":"https:\/\/medicaltravel.ch\/tr\/wp-json\/wp\/v2\/types\/page"}],"author":[{"embeddable":true,"href":"https:\/\/medicaltravel.ch\/tr\/wp-json\/wp\/v2\/users\/4"}],"replies":[{"embeddable":true,"href":"https:\/\/medicaltravel.ch\/tr\/wp-json\/wp\/v2\/comments?post=4682"}],"version-history":[{"count":3,"href":"https:\/\/medicaltravel.ch\/tr\/wp-json\/wp\/v2\/pages\/4682\/revisions"}],"predecessor-version":[{"id":6441,"href":"https:\/\/medicaltravel.ch\/tr\/wp-json\/wp\/v2\/pages\/4682\/revisions\/6441"}],"up":[{"embeddable":true,"href":"https:\/\/medicaltravel.ch\/tr\/wp-json\/wp\/v2\/pages\/4587"}],"wp:attachment":[{"href":"https:\/\/medicaltravel.ch\/tr\/wp-json\/wp\/v2\/media?parent=4682"}],"curies":[{"name":"wp","href":"https:\/\/api.w.org\/{rel}","templated":true}]}}