{"id":4684,"date":"2025-09-23T17:10:05","date_gmt":"2025-09-23T16:10:05","guid":{"rendered":"https:\/\/medicaltravel.ch\/hasta-raporlari\/erfahrungsberichte-empfehlungen-behandlungen-beurteilung-tuerkei-istanbul\/istanbulda-sac-ekimi-deneyim-raporu-15-subat-2019-cuma-tarihli-rapor\/"},"modified":"2026-01-12T18:53:34","modified_gmt":"2026-01-12T17:53:34","slug":"istanbulda-sac-ekimi-deneyim-raporu-15-subat-2019-cuma-tarihli-rapor","status":"publish","type":"page","link":"https:\/\/medicaltravel.ch\/tr\/hasta-raporlari\/referanslar-tavsiyeler-tedaviler-degerlendirmeler-turkiye-istanbul\/istanbulda-sac-ekimi-deneyim-raporu-15-subat-2019-cuma-tarihli-rapor\/","title":{"rendered":"\u0130STANBUL&#8217;DA SA\u00c7 EK\u0130M\u0130 &#8211; DENEY\u0130M RAPORU &#8211; 15 \u015eubat 2019 Cuma Tarihli Rapor"},"content":{"rendered":"\n<p>\u0130STANBUL&#8217;DA SA\u00c7 EK\u0130M\u0130 &#8211; DENEY\u0130M RAPORU &#8211; 15 \u015eubat 2019 Cuma Tarihli Rapor<\/p>\n\n\n\n<p>Yakla\u015f\u0131k 21 ya\u015f\u0131mda sa\u00e7 d\u00f6k\u00fclmesi ya\u015famaya ba\u015flad\u0131m. Sa\u00e7 d\u00f6k\u00fclmesine kar\u015f\u0131 her t\u00fcrl\u00fc y\u00f6ntemi denedim, \u00e7e\u015fitli \u00fcr\u00fcnlerle bu soruna \u00e7\u00f6z\u00fcm bulmaya \u00e7al\u0131\u015ft\u0131m, ancak her \u015fey sadece s\u0131n\u0131rl\u0131 bir ba\u015far\u0131 sa\u011flad\u0131. Bir noktada, bu \u00fcr\u00fcnleri kullanmak istemedim \u00e7\u00fcnk\u00fc her sabah ve ak\u015fam bu kadar u\u011fra\u015fmak bana ger\u00e7ekten \u00e7ok zor gelmeye ba\u015flam\u0131\u015ft\u0131. Yakla\u015f\u0131k 24 ya\u015f\u0131mda, tek uzun vadeli \u00e7\u00f6z\u00fcm olarak sa\u00e7 ekimini d\u00fc\u015f\u00fcnmeye ba\u015flad\u0131m ve bu konuya y\u00f6neldim.   <\/p>\n\n\n\n<p>\u0130nternette ara\u015ft\u0131rma yapmaya ba\u015flad\u0131m. Bu i\u015flemi b\u00fcy\u00fck bir m\u00fcdahale olarak g\u00f6rd\u00fc\u011f\u00fcm i\u00e7in her ayr\u0131nt\u0131y\u0131 \u00f6\u011frenmek istedim. \u0130svi\u00e7re&#8217;deki tedavi fiyatlar\u0131n\u0131n benim i\u00e7in \u00e7ok y\u00fcksek oldu\u011funu d\u00fc\u015f\u00fcnd\u00fcm, bu y\u00fczden sa\u00e7 ekimini T\u00fcrkiye&#8217;de yapt\u0131rmaya karar verdim ve bu y\u00fczden yurtd\u0131\u015f\u0131nda bir i\u015flem olaca\u011f\u0131 i\u00e7in daha fazla ara\u015ft\u0131rma yapmam gerekti\u011fini hissettim. T\u00fcrkiye&#8217;de estetik bir operasyon ge\u00e7iren bir tan\u0131d\u0131\u011f\u0131mdan, MedicalTravel hakk\u0131nda bilgi edindim. Tan\u0131d\u0131\u011f\u0131m ki\u015fi, MedicalTravel&#8217;in Zug&#8217;da dan\u0131\u015fmanl\u0131k g\u00fcnleri d\u00fczenledi\u011finden bahsetti, burada operasyonu ve t\u00fcm a\u00e7\u0131k sorular\u0131 do\u011frudan tedavi eden doktorla konu\u015fabilece\u011fimizi s\u00f6yledi. Bu benim i\u00e7in \u00e7ok \u00f6nemliydi \u00e7\u00fcnk\u00fc \u201c\u015f\u00fcphelerimi\u201d ortadan kald\u0131rmak istiyordum.    <\/p>\n\n\n\n<p>Zug&#8217;daki dan\u0131\u015fmanl\u0131k g\u00fcn\u00fcne kaydoldum ve orada, her \u015feyi detayl\u0131 bir \u015fekilde konu\u015fabilece\u011fim doktorla tan\u0131\u015ft\u0131m. Bu g\u00f6r\u00fc\u015fmeden sonra, sa\u00e7 ekimimi kesinlikle Medical Travel \u00fczerinden yapt\u0131rmaya karar verdi\u011fimden hi\u00e7 \u015f\u00fcphem kalmad\u0131. <\/p>\n\n\n\n<p>25 Aral\u0131k ak\u015fam\u0131, beni yaln\u0131z b\u0131rakmayan partnerimle birlikte \u0130stanbul&#8217;a u\u00e7tum. Otel servisi ve check-in i\u015flemleri m\u00fckemmel bir \u015fekilde ger\u00e7ekle\u015fti. Ertesi sabah saat 08:00&#8217;de otelden al\u0131nd\u0131m ve klini\u011fe g\u00f6t\u00fcr\u00fcld\u00fcm. Orada, \u00e7ok nazik ki\u015fisel terc\u00fcman\u0131m taraf\u0131ndan kar\u015f\u0131land\u0131m (terc\u00fcman, i\u015flem boyunca hep yan\u0131mdayd\u0131, hatta operasyon s\u0131ras\u0131nda da bana yard\u0131mc\u0131 oldu). Doktorla ve terc\u00fcmanla birlikte operasyonun detaylar\u0131n\u0131 konu\u015ftuk. Ancak tek ho\u015fuma gitmeyen \u015fey, Zug&#8217;da g\u00f6r\u00fc\u015ft\u00fc\u011f\u00fcm doktorun orada olmam\u0131\u015f olmas\u0131yd\u0131 ve yerine ba\u015fka bir doktor verilmi\u015fti. Sordu\u011fumda, sadece &#8220;burada de\u011fil&#8221; denildi. Yine de tedavi eden doktor \u00e7ok nazik ve profesyonel bir izlenim b\u0131rakt\u0131, ayn\u0131 \u015fekilde Ac\u0131badem Klini\u011fi de olduk\u00e7a modern bir yerdi.      <\/p>\n\n\n\n<p>Yerle\u015ftirildikten sonra doktor, lokal anestezi i\u015flemine ba\u015flad\u0131; bu, tedavinin tek ac\u0131l\u0131 k\u0131sm\u0131yd\u0131, ancak a\u011fr\u0131 \u00e7ok k\u0131sa s\u00fcrede ge\u00e7ti \u00e7\u00fcnk\u00fc anestezi hemen etkisini g\u00f6sterdi. Anestezi etkisini test ettikten sonra, don\u00f6r b\u00f6lgeden sa\u00e7 k\u00f6kleri al\u0131m\u0131na ba\u015fland\u0131. Bu i\u015flem yakla\u015f\u0131k 3 saat s\u00fcrd\u00fc. \u00d6\u011fle yeme\u011finden sonra, sa\u00e7 ekimi yap\u0131lacak b\u00f6lgeye de anestezi uyguland\u0131; bu da k\u0131sa s\u00fcreli ac\u0131 vericiydi, ancak sonras\u0131nda i\u015flem ba\u015flad\u0131. Sa\u00e7 ekimi i\u015flemi yakla\u015f\u0131k 5 saat s\u00fcrd\u00fc. Toplamda 4000 graft (sa\u00e7 folik\u00fcl\u00fc) nakledildi.   <\/p>\n\n\n\n<p>\u015eimdi yorucu ameliyat\u0131n ard\u0131ndan toparlanabilece\u011fim otele geri d\u00f6nd\u00fcm.<\/p>\n\n\n\n<p>Ertesi g\u00fcn saat 08:00&#8217;de tekrar al\u0131nd\u0131m ve kontroller i\u00e7in klini\u011fe g\u00f6t\u00fcr\u00fcld\u00fcm. Operasyon sonras\u0131 dikkat etmem gerekenler ve ekilen b\u00f6lgenin nas\u0131l bak\u0131lmas\u0131 gerekti\u011fi konusunda bana bilgiler verildi, b\u00f6ylece sa\u00e7lar\u0131n sa\u011fl\u0131kl\u0131 bir \u015fekilde \u00e7\u0131kabilmesi i\u00e7in gerekli bak\u0131m ad\u0131mlar\u0131n\u0131 \u00f6\u011frendim. <\/p>\n\n\n\n<p>Operasyondan sonra, do\u011frudan eve d\u00f6nmek istemedi\u011fim i\u00e7in \u0130stanbul&#8217;da \u00fc\u00e7 g\u00fcn daha kald\u0131m ve biraz daha dinlenmek istedim. \u0130stanbul&#8217;da, sa\u00e7 ekimi sonras\u0131 etrafta dola\u015fmak hi\u00e7 bana utand\u0131r\u0131c\u0131 gelmedi \u00e7\u00fcnk\u00fc \u00e7ok say\u0131da insan ayn\u0131 \u015fekilde dola\u015f\u0131yor ve oradaki insanlar bu duruma al\u0131\u015fm\u0131\u015flar. <\/p>\n\n\n\n<p>\u015eimdi, operasyondan yakla\u015f\u0131k 1,5 ay ge\u00e7ti ve \u015fu ana kadar t\u00fcm s\u00fcrecin gidi\u015fat\u0131ndan \u00e7ok memnunum. Nihai sonuca ula\u015fmak i\u00e7in biraz daha sabretmem gerekecek \u00e7\u00fcnk\u00fc sonu\u00e7lar ancak operasyonun 9-12 ay sonras\u0131nda tam olarak g\u00f6r\u00fcnmeye ba\u015fl\u0131yor. <\/p>\n\n\n\n<p>MedicalTravel ekibine her \u015feyin benim memnuniyetime uygun \u015fekilde ger\u00e7ekle\u015fti\u011fi i\u00e7in te\u015fekk\u00fcr etmek istiyorum.<\/p>\n\n\n\n<p>Luca, 26 ya\u015f\u0131nda.<\/p>\n\n\n\n<div class=\"wp-block-group is-layout-grid wp-container-core-group-is-layout-baef362d wp-block-group-is-layout-grid\">\n<p><a href=\"https:\/\/medicaltravel.at\/home\/agb\/\" data-type=\"page\" data-id=\"2191\" rel=\"nofollow noopener\" target=\"_blank\"><\/a><a href=\"https:\/\/medicaltravel.ch\/tr\/hasta-raporlari\/referanslar-tavsiyeler-tedaviler-degerlendirmeler-turkiye-istanbul\/istanbul-dis-kliniginde-gecirdigim-dis-tedavim\/\" data-type=\"link\" data-id=\"https:\/\/medicaltravel.ch\/tr\/hasta-raporlari\/referanslar-tavsiyeler-tedaviler-degerlendirmeler-turkiye-istanbul\/istanbul-dis-kliniginde-gecirdigim-dis-tedavim\/\">\u00d6nceki rapor<\/a><\/p>\n\n\n\n<p class=\"has-text-align-right wp-container-content-5e2576f9\"><a href=\"https:\/\/medicaltravel.at\/home\/impressum\/\" data-type=\"page\" data-id=\"2193\" rel=\"nofollow noopener\" target=\"_blank\"><\/a><a href=\"https:\/\/medicaltravel.at\/home\/berichte-von-patienten\/erfahrungsberichte\/erfahrungsbericht-zahnbehandlung-in-istanbul\/\" data-type=\"page\" data-id=\"981\" rel=\"nofollow noopener\" target=\"_blank\"><\/a><a href=\"https:\/\/medicaltravel.ch\/tr\/hasta-raporlari\/referanslar-tavsiyeler-tedaviler-degerlendirmeler-turkiye-istanbul\/deneyim-raporu-istanbulda-meme-bueyuetme-5-subat-2019-sali-tarihli-rapor\/\" data-type=\"link\" data-id=\"https:\/\/medicaltravel.ch\/tr\/hasta-raporlari\/referanslar-tavsiyeler-tedaviler-degerlendirmeler-turkiye-istanbul\/deneyim-raporu-istanbulda-meme-bueyuetme-5-subat-2019-sali-tarihli-rapor\/\">Bir sonraki rapor<\/a><\/p>\n<\/div>\n","protected":false},"excerpt":{"rendered":"<p>\u0130STANBUL&#8217;DA SA\u00c7 EK\u0130M\u0130 &#8211; DENEY\u0130M RAPORU &#8211; 15 \u015eubat 2019 Cuma Tarihli Rapor Yakla\u015f\u0131k 21 ya\u015f\u0131mda sa\u00e7 d\u00f6k\u00fclmesi ya\u015famaya ba\u015flad\u0131m. Sa\u00e7 d\u00f6k\u00fclmesine kar\u015f\u0131 her t\u00fcrl\u00fc y\u00f6ntemi denedim, \u00e7e\u015fitli \u00fcr\u00fcnlerle bu soruna \u00e7\u00f6z\u00fcm bulmaya \u00e7al\u0131\u015ft\u0131m, ancak her \u015fey sadece s\u0131n\u0131rl\u0131 bir ba\u015far\u0131 sa\u011flad\u0131. Bir noktada, bu \u00fcr\u00fcnleri kullanmak istemedim \u00e7\u00fcnk\u00fc her sabah ve ak\u015fam bu kadar u\u011fra\u015fmak bana ger\u00e7ekten \u00e7ok zor gelmeye ba\u015flam\u0131\u015ft\u0131. Yakla\u015f\u0131k 24 ya\u015f\u0131mda, tek uzun vadeli \u00e7\u00f6z\u00fcm olarak sa\u00e7 ekimini d\u00fc\u015f\u00fcnmeye ba\u015flad\u0131m ve bu konuya y\u00f6neldim. \u0130nternette ara\u015ft\u0131rma yapmaya ba\u015flad\u0131m. Bu i\u015flemi b\u00fcy\u00fck bir m\u00fcdahale olarak g\u00f6rd\u00fc\u011f\u00fcm i\u00e7in her ayr\u0131nt\u0131y\u0131 \u00f6\u011frenmek istedim. \u0130svi\u00e7re&#8217;deki tedavi fiyatlar\u0131n\u0131n benim i\u00e7in \u00e7ok y\u00fcksek oldu\u011funu d\u00fc\u015f\u00fcnd\u00fcm, bu y\u00fczden sa\u00e7 ekimini T\u00fcrkiye&#8217;de yapt\u0131rmaya karar verdim ve bu y\u00fczden yurtd\u0131\u015f\u0131nda bir i\u015flem olaca\u011f\u0131 i\u00e7in daha fazla ara\u015ft\u0131rma yapmam gerekti\u011fini hissettim. T\u00fcrkiye&#8217;de estetik bir operasyon ge\u00e7iren bir tan\u0131d\u0131\u011f\u0131mdan, MedicalTravel hakk\u0131nda bilgi edindim. Tan\u0131d\u0131\u011f\u0131m ki\u015fi, MedicalTravel&#8217;in Zug&#8217;da dan\u0131\u015fmanl\u0131k g\u00fcnleri d\u00fczenledi\u011finden bahsetti, burada operasyonu ve t\u00fcm a\u00e7\u0131k sorular\u0131 do\u011frudan tedavi eden doktorla konu\u015fabilece\u011fimizi s\u00f6yledi. Bu benim i\u00e7in \u00e7ok \u00f6nemliydi \u00e7\u00fcnk\u00fc \u201c\u015f\u00fcphelerimi\u201d ortadan kald\u0131rmak istiyordum. Zug&#8217;daki dan\u0131\u015fmanl\u0131k g\u00fcn\u00fcne kaydoldum ve orada, her \u015feyi detayl\u0131 bir \u015fekilde konu\u015fabilece\u011fim doktorla tan\u0131\u015ft\u0131m. Bu g\u00f6r\u00fc\u015fmeden sonra, sa\u00e7 ekimimi kesinlikle Medical Travel \u00fczerinden yapt\u0131rmaya karar verdi\u011fimden hi\u00e7 \u015f\u00fcphem kalmad\u0131. 25 Aral\u0131k ak\u015fam\u0131, beni yaln\u0131z b\u0131rakmayan partnerimle birlikte \u0130stanbul&#8217;a u\u00e7tum. Otel servisi ve check-in i\u015flemleri m\u00fckemmel bir \u015fekilde ger\u00e7ekle\u015fti. Ertesi sabah saat 08:00&#8217;de otelden al\u0131nd\u0131m ve klini\u011fe g\u00f6t\u00fcr\u00fcld\u00fcm. Orada, \u00e7ok nazik ki\u015fisel terc\u00fcman\u0131m taraf\u0131ndan kar\u015f\u0131land\u0131m (terc\u00fcman, i\u015flem boyunca hep yan\u0131mdayd\u0131, hatta operasyon s\u0131ras\u0131nda da bana yard\u0131mc\u0131 oldu). Doktorla ve terc\u00fcmanla birlikte operasyonun detaylar\u0131n\u0131 konu\u015ftuk. Ancak tek ho\u015fuma gitmeyen \u015fey, Zug&#8217;da g\u00f6r\u00fc\u015ft\u00fc\u011f\u00fcm doktorun orada olmam\u0131\u015f olmas\u0131yd\u0131 ve yerine ba\u015fka bir doktor verilmi\u015fti. Sordu\u011fumda, sadece &#8220;burada de\u011fil&#8221; denildi. Yine de tedavi eden doktor \u00e7ok nazik ve profesyonel bir izlenim b\u0131rakt\u0131, ayn\u0131 \u015fekilde Ac\u0131badem Klini\u011fi de olduk\u00e7a modern bir yerdi. Yerle\u015ftirildikten sonra doktor, lokal anestezi i\u015flemine ba\u015flad\u0131; bu, tedavinin tek ac\u0131l\u0131 k\u0131sm\u0131yd\u0131, ancak a\u011fr\u0131 \u00e7ok k\u0131sa s\u00fcrede ge\u00e7ti \u00e7\u00fcnk\u00fc anestezi hemen etkisini g\u00f6sterdi. Anestezi etkisini test ettikten sonra, don\u00f6r b\u00f6lgeden sa\u00e7 k\u00f6kleri al\u0131m\u0131na ba\u015fland\u0131. Bu i\u015flem yakla\u015f\u0131k 3 saat s\u00fcrd\u00fc. \u00d6\u011fle yeme\u011finden sonra, sa\u00e7 ekimi yap\u0131lacak b\u00f6lgeye de anestezi uyguland\u0131; bu da k\u0131sa s\u00fcreli ac\u0131 vericiydi, ancak sonras\u0131nda i\u015flem ba\u015flad\u0131. Sa\u00e7 ekimi i\u015flemi yakla\u015f\u0131k 5 saat s\u00fcrd\u00fc. Toplamda 4000 graft (sa\u00e7 folik\u00fcl\u00fc) nakledildi. \u015eimdi yorucu ameliyat\u0131n ard\u0131ndan toparlanabilece\u011fim otele geri d\u00f6nd\u00fcm. Ertesi g\u00fcn saat 08:00&#8217;de tekrar al\u0131nd\u0131m ve kontroller i\u00e7in klini\u011fe g\u00f6t\u00fcr\u00fcld\u00fcm. Operasyon sonras\u0131 dikkat etmem gerekenler ve ekilen b\u00f6lgenin nas\u0131l bak\u0131lmas\u0131 gerekti\u011fi konusunda bana bilgiler verildi, b\u00f6ylece sa\u00e7lar\u0131n sa\u011fl\u0131kl\u0131 bir \u015fekilde \u00e7\u0131kabilmesi i\u00e7in gerekli bak\u0131m ad\u0131mlar\u0131n\u0131 \u00f6\u011frendim. Operasyondan sonra, do\u011frudan eve d\u00f6nmek istemedi\u011fim i\u00e7in \u0130stanbul&#8217;da \u00fc\u00e7 g\u00fcn daha kald\u0131m ve biraz daha dinlenmek istedim. \u0130stanbul&#8217;da, sa\u00e7 ekimi sonras\u0131 etrafta dola\u015fmak hi\u00e7 bana utand\u0131r\u0131c\u0131 gelmedi \u00e7\u00fcnk\u00fc \u00e7ok say\u0131da insan ayn\u0131 \u015fekilde dola\u015f\u0131yor ve oradaki insanlar bu duruma al\u0131\u015fm\u0131\u015flar. \u015eimdi, operasyondan yakla\u015f\u0131k 1,5 ay ge\u00e7ti ve \u015fu ana kadar t\u00fcm s\u00fcrecin gidi\u015fat\u0131ndan \u00e7ok memnunum. Nihai sonuca ula\u015fmak i\u00e7in biraz daha sabretmem gerekecek \u00e7\u00fcnk\u00fc sonu\u00e7lar ancak operasyonun 9-12 ay sonras\u0131nda tam olarak g\u00f6r\u00fcnmeye ba\u015fl\u0131yor. MedicalTravel ekibine her \u015feyin benim memnuniyetime uygun \u015fekilde ger\u00e7ekle\u015fti\u011fi i\u00e7in te\u015fekk\u00fcr etmek istiyorum. Luca, 26 ya\u015f\u0131nda. \u00d6nceki rapor Bir sonraki rapor<\/p>\n","protected":false},"author":4,"featured_media":0,"parent":4587,"menu_order":0,"comment_status":"closed","ping_status":"closed","template":"","meta":{"_joinchat":[],"footnotes":""},"class_list":["post-4684","page","type-page","status-publish","hentry"],"acf":[],"_links":{"self":[{"href":"https:\/\/medicaltravel.ch\/tr\/wp-json\/wp\/v2\/pages\/4684","targetHints":{"allow":["GET"]}}],"collection":[{"href":"https:\/\/medicaltravel.ch\/tr\/wp-json\/wp\/v2\/pages"}],"about":[{"href":"https:\/\/medicaltravel.ch\/tr\/wp-json\/wp\/v2\/types\/page"}],"author":[{"embeddable":true,"href":"https:\/\/medicaltravel.ch\/tr\/wp-json\/wp\/v2\/users\/4"}],"replies":[{"embeddable":true,"href":"https:\/\/medicaltravel.ch\/tr\/wp-json\/wp\/v2\/comments?post=4684"}],"version-history":[{"count":2,"href":"https:\/\/medicaltravel.ch\/tr\/wp-json\/wp\/v2\/pages\/4684\/revisions"}],"predecessor-version":[{"id":6405,"href":"https:\/\/medicaltravel.ch\/tr\/wp-json\/wp\/v2\/pages\/4684\/revisions\/6405"}],"up":[{"embeddable":true,"href":"https:\/\/medicaltravel.ch\/tr\/wp-json\/wp\/v2\/pages\/4587"}],"wp:attachment":[{"href":"https:\/\/medicaltravel.ch\/tr\/wp-json\/wp\/v2\/media?parent=4684"}],"curies":[{"name":"wp","href":"https:\/\/api.w.org\/{rel}","templated":true}]}}