{"id":4686,"date":"2025-09-23T17:35:59","date_gmt":"2025-09-23T16:35:59","guid":{"rendered":"https:\/\/medicaltravel.ch\/hasta-raporlari\/erfahrungsberichte-empfehlungen-behandlungen-beurteilung-tuerkei-istanbul\/istanbulda-gercekten-bir-prenses-gibi-muamele-goerduem-istanbulda-ortodontik-tedavi-22-nisan-2016-cuma-tarihli-rapor\/"},"modified":"2026-01-12T19:18:12","modified_gmt":"2026-01-12T18:18:12","slug":"istanbulda-gercekten-bir-prenses-gibi-muamele-goerduem-istanbulda-ortodontik-tedavi-22-nisan-2016-cuma-tarihli-rapor","status":"publish","type":"page","link":"https:\/\/medicaltravel.ch\/tr\/hasta-raporlari\/referanslar-tavsiyeler-tedaviler-degerlendirmeler-turkiye-istanbul\/istanbulda-gercekten-bir-prenses-gibi-muamele-goerduem-istanbulda-ortodontik-tedavi-22-nisan-2016-cuma-tarihli-rapor\/","title":{"rendered":"\u0130stanbul&#8217;da ger\u00e7ekten bir prenses gibi muamele g\u00f6rd\u00fcm! (\u0130stanbul&#8217;da ortodontik tedavi) \u2013 22 Nisan 2016 Cuma tarihli rapor"},"content":{"rendered":"\n<p>\u0130stanbul&#8217;da ger\u00e7ekten bir prenses gibi muamele g\u00f6rd\u00fcm! (\u0130stanbul&#8217;da ortodontik tedavi) \u2013 22 Nisan 2016 Cuma tarihli rapor<\/p>\n\n\n\n<p>Arkada\u015f \u00e7evremde yurt d\u0131\u015f\u0131ndaki di\u015f tedavileri hakk\u0131nda yapt\u0131\u011f\u0131m\u0131z konu\u015fmalar sonucu, Swisslasik ile ilk ileti\u015fimi e-posta \u00fczerinden ba\u015flatmaya karar verdim. Web sitesi beni \u00e7ok etkiledi \u00e7\u00fcnk\u00fc \u00e7ok profesyonel, dostane ve m\u00fc\u015fteri odakl\u0131 bir yakla\u015f\u0131m sergiliyordu. Bir sonraki ad\u0131mda \u2013 \u00e7\u00fcnk\u00fc yurt d\u0131\u015f\u0131 tedavileri hakk\u0131nda deneyimim yoktu \u2013 g\u00fcvenli ve g\u00fcvenilir bir ileti\u015fim s\u00fcreci ya\u015famak benim i\u00e7in \u00e7ok \u00f6nemliydi, Swisslasik&#8217;ten ger\u00e7ekten g\u00fcvenilir bir partner beklentim vard\u0131. \u0130leti\u015fim s\u00fcreci m\u00fckemmel bir \u015fekilde ilerledi. Sadece 1 saat i\u00e7inde detayl\u0131 bir ihtiya\u00e7 de\u011ferlendirmesi i\u00e7in telefon ald\u0131m, \u00e7ok verimli bir \u015fekilde. Randevu teyidi gibi di\u011fer ad\u0131mlar ayn\u0131 sabah ger\u00e7ekle\u015fti ve \u00f6\u011fleden sonra t\u00fcm seyahat belgelerim, \u0130stanbul&#8217;daki ileti\u015fim bilgilerim ve planlanan tarih i\u00e7in g\u00fcvenceyi ald\u0131m. Ger\u00e7ekten ola\u011fan\u00fcst\u00fc hizmet, 5 y\u0131ld\u0131z\u0131 hak ediyor!      <\/p>\n\n\n\n<p>\u0130stanbul&#8217;da ger\u00e7ekten bir &#8220;Prenses Tedavisi&#8221; deneyimi ya\u015fad\u0131m! T\u00fcm yeni hastalar gibi, i\u00e7sel olarak her \u015feyin yolunda gidip gitmeyece\u011fi konusunda bir miktar belirsizlik vard\u0131 ve bu t\u00fcr kayg\u0131lar\u0131 anl\u0131yorum. Ama emin olun, bunlar\u0131 bir kenara b\u0131rakabilirsiniz. Havaalan\u0131ndan kiralad\u0131\u011f\u0131m daireye beni g\u00f6t\u00fcren bir \u015fof\u00f6r\u00fcm vard\u0131 ve o g\u00fcn di\u015f hekimi randevuma da zaman\u0131nda al\u0131nd\u0131m (11 milyonluk bir \u015fehirdeki trafik, 5-10 dakikal\u0131k k\u00fc\u00e7\u00fck gecikmelere yol a\u00e7abiliyor). Ayn\u0131 \u015fekilde, tedavi sonras\u0131 geri de g\u00f6t\u00fcr\u00fcld\u00fcm ve son kontrol randevusundan sonra tekrar havaalan\u0131na b\u0131rak\u0131ld\u0131m. Daha g\u00fczel bir deneyim olamazd\u0131.     <\/p>\n\n\n\n<p>Ac\u0131badem Klini\u011fi, T\u00fcrkiye&#8217;nin en tan\u0131nm\u0131\u015f kliniklerinden biridir ve ger\u00e7ekten \u00e7ok iyi bir \u00fcne sahiptir. Bir\u00e7ok nazik yerli, klinikte kendi akademilerinde e\u011fitim yat\u0131r\u0131mlar\u0131n\u0131n nas\u0131l yap\u0131ld\u0131\u011f\u0131n\u0131 ve sadece en iyi doktorlar\u0131n Ac\u0131badem Klinik&#8217;te i\u015fe al\u0131nd\u0131\u011f\u0131n\u0131 bana anlatt\u0131lar, bu tamamen do\u011fru! Dr. \u00d6zt\u00fcrk, \u00e7ok iyi bir \u0130ngilizce konu\u015fuyor ve e\u011fer sadece Almanca biliyorsan\u0131z, size \u00e7ok nazik ve sayg\u0131l\u0131 bir terc\u00fcman e\u015flik ediyor, t\u00fcm klinik s\u00fcreciniz boyunca yan\u0131n\u0131zda olacak. Ayr\u0131ca, her t\u00fcrl\u00fc talebinizle ilgilenen \u00e7ok kibar bir konsiyerj de mevcut (\u015fof\u00f6r d\u00fczenliyor, klinikte sizi y\u00f6nlendiriyor, r\u00f6ntgen b\u00f6l\u00fcm\u00fcn\u00fc bilgilendiriyor).<br>Dr. \u00d6zt\u00fcrk, klinikteki r\u00f6ntgen g\u00f6r\u00fcnt\u00fcs\u00fcne dayanarak her bir di\u015fimi detayl\u0131 bir \u015fekilde analiz etti. Bu kadar yetkin, zaman ay\u0131rarak ve ayr\u0131nt\u0131l\u0131 uzun vadeli \u00f6nerilerle yap\u0131lan bir dan\u0131\u015fmanl\u0131k, 43 y\u0131l\u0131mda hi\u00e7 g\u00f6rmedi\u011fim bir \u015feydi. B\u00f6ylece, kendi \u201cprogram\u0131m\u0131\u201d olu\u015fturma f\u0131rsat\u0131m oldu. Birka\u00e7 a\u015famada ilerlemeye karar verdim \u00e7\u00fcnk\u00fc baz\u0131 di\u015f sorunlar\u0131m vard\u0131. \u0130lk a\u015fama olarak 2 dolgu ve gece pla\u011f\u0131 yapt\u0131rmaya karar verdim \u00e7\u00fcnk\u00fc \u00e7ok fazla di\u015f g\u0131c\u0131rdat\u0131yorum ve bu da di\u015flerime zarar veriyor (di\u015f a\u015f\u0131nmas\u0131). Ayr\u0131ca bir di\u015fim tamamen de\u011fi\u015ftirilmesi gerekti.<br>Daha sonra, 3D yaz\u0131c\u0131n\u0131n m\u00fckemmel bir \u015fekilde uyarlanm\u0131\u015f porselen di\u015fimi nas\u0131l \u00fcretti\u011fini bizzat izleyip deneyimledim. Klinik, en yeni teknolojilerle donat\u0131lm\u0131\u015ft\u0131, asl\u0131nda otel gibi bir ortamda hissettiren, ayd\u0131nl\u0131k, a\u00e7\u0131k, modern ve l\u00fcks bir yerdi. Giri\u015fte Starbucks vard\u0131 ve hatta Bach ve Mozart eserleri \u00e7alan bir piyano sanat\u00e7\u0131s\u0131 bile vard\u0131. Sonu\u00e7 olarak, tam r\u00f6ntgen, analiz, dolgular, porselen di\u015f ve gece pla\u011f\u0131 i\u015flemleri 4 saat i\u00e7inde tek bir seansta tamamland\u0131. Ertesi g\u00fcn ise, beni havaalan\u0131na direkt g\u00f6t\u00fcrebilecek \u015fekilde bir takip randevusuna \u00e7a\u011fr\u0131ld\u0131m. Zeki de\u011fil mi :-)?                <\/p>\n\n\n\n<p>Fiyat a\u00e7\u0131s\u0131ndan ger\u00e7ekten %70&#8217;e kadar tasarruf sa\u011flamak m\u00fcmk\u00fcn. Dr. \u00d6zt\u00fcrk ile yapt\u0131\u011f\u0131m g\u00f6r\u00fc\u015fmede t\u00fcm maliyetler a\u00e7\u0131k\u00e7a ve net bir \u015fekilde bana sunuldu ve t\u00fcm i\u015flemler ve randevu a\u015famalar\u0131 hakk\u0131nda kendim karar verebildim. \u015eeffaf, a\u00e7\u0131k ve d\u00fczenli bir yakla\u015f\u0131m vard\u0131. M\u00fc\u015fteri ger\u00e7ekten h\u00e2l\u00e2 kral! Bekleme s\u00fcreleri yok, hastay\u0131 sadece sandalyeye oturtup bekletmek gibi bir \u015fey s\u00f6z konusu de\u011fil, tam tersine s\u00fcre\u00e7 olduk\u00e7a verimli ilerliyor. Doktor, m\u00fc\u015fteri\/p hasta ile birlikte uyumlu bir \u015fekilde dan\u0131\u015fmanl\u0131k yap\u0131yor ve \u00e7al\u0131\u015f\u0131yor.<br>\u015eimdi birka\u00e7 g\u00fcnd\u00fcr tekrar \u0130svi\u00e7re&#8217;deyim. Gece pla\u011f\u0131m m\u00fckemmel bir \u015fekilde uyuyor, di\u015flerim taze ve parlak \u015fekilde parl\u0131yor, dolgular\u0131m ve yeni porselen di\u015fim ger\u00e7ekten harika bir sonu\u00e7 verdi. En iyi malzemeler \u0130svi\u00e7re ve Avusturya&#8217;dan temin edilmi\u015f; \u00fcreticilerin isimlerini hat\u0131rlam\u0131yorum ama ambalajlar g\u00f6sterildi ve bro\u015f\u00fcrlerde, kullan\u0131lan t\u00fcm malzemelerin kalite sertifikalar\u0131n\u0131 ve \u00fcreticilerin kimlik bilgilerini kendim inceleyebildim.           <\/p>\n\n\n\n<p>Gelecek ay, planland\u0131\u011f\u0131 gibi Ac\u0131badem Klini\u011fi&#8217;ne bir kez daha \u0130stanbul&#8217;a u\u00e7aca\u011f\u0131m, bir sonraki tedavi a\u015famas\u0131 i\u00e7in. Benim i\u00e7in bir \u015fey \u00e7ok net: Art\u0131k \u0130svi\u00e7re&#8217;de bir di\u015f hekimine gitmeyece\u011fim. Her zaman i\u015f toplant\u0131lar\u0131m\u0131 ka\u00e7\u0131rmak ya da \u00e7ocuklar\u0131 kom\u015fudan almak zorunda kalmak beni ger\u00e7ekten rahats\u0131z ediyordu, \u00e7\u00fcnk\u00fc di\u015f hekimi beni her zaman bekletirdi (30-60 dakika, her randevudan \u00f6nce k\u0131sa bir telefon a\u00e7arak \u2013 b\u00fcy\u00fck gecikmelerde ba\u015fka randevular\u0131m\u0131 da ertelememi istemek zorunda kal\u0131yordum). Hi\u00e7bir di\u015f hekimi, \u00f6n\u00fcm\u00fczdeki 10 y\u0131l i\u00e7in tam bir analiz yapmam\u0131\u015ft\u0131. \u015eimdi ise riskler hakk\u0131nda bilgi sahibiyim ve buna g\u00f6re uzun vadeli bir planlama yapabiliyorum, b\u00f6ylece aniden y\u00fcksek maliyetlerle kar\u015f\u0131la\u015fm\u0131yorum.    <\/p>\n\n\n\n<p>Bundan daha iyisi, daha keyiflisi, daha yeteneklisi veya daha \u00e7ekicisi olamaz!<\/p>\n\n\n\n<p>Ayr\u0131ca, \u0130stanbul&#8217;un b\u00fcy\u00fcleyici g\u00fczelli\u011fini t\u00fcm y\u00f6nleriyle deneyimlemek i\u00e7in bolca zaman\u0131m oldu! Tek ba\u015f\u0131ma bir kad\u0131n olarak seyahat ettim ve o d\u00f6rt g\u00fcn boyunca kendimi tamamen rahat hissettim. <\/p>\n\n\n\n<p>Esthi Bichler, Z\u00fcrih<\/p>\n\n\n\n<div class=\"wp-block-group is-layout-grid wp-container-core-group-is-layout-baef362d wp-block-group-is-layout-grid\">\n<p><a href=\"https:\/\/medicaltravel.at\/home\/agb\/\" data-type=\"page\" data-id=\"2191\" rel=\"nofollow noopener\" target=\"_blank\"><\/a><a href=\"https:\/\/medicaltravel.ch\/tr\/hasta-raporlari\/referanslar-tavsiyeler-tedaviler-degerlendirmeler-turkiye-istanbul\/istanbulda-nisan-2016da-gecirdigim-dis-tedavim-11-mayis-2016-carsamba-tarihli-rapor\/\" data-type=\"link\" data-id=\"https:\/\/medicaltravel.ch\/tr\/hasta-raporlari\/referanslar-tavsiyeler-tedaviler-degerlendirmeler-turkiye-istanbul\/istanbulda-nisan-2016da-gecirdigim-dis-tedavim-11-mayis-2016-carsamba-tarihli-rapor\/\">\u00d6nceki rapor<\/a><\/p>\n\n\n\n<p class=\"has-text-align-right wp-container-content-5e2576f9\"><a href=\"https:\/\/medicaltravel.at\/home\/impressum\/\" data-type=\"page\" data-id=\"2193\" rel=\"nofollow noopener\" target=\"_blank\"><\/a><a href=\"https:\/\/medicaltravel.at\/home\/berichte-von-patienten\/erfahrungsberichte\/erfahrungsbericht-zahnbehandlung-in-istanbul\/\" data-type=\"page\" data-id=\"981\" rel=\"nofollow noopener\" target=\"_blank\"><\/a><a href=\"https:\/\/medicaltravel.ch\/tr\/hasta-raporlari\/referanslar-tavsiyeler-tedaviler-degerlendirmeler-turkiye-istanbul\/goezlerim-ve-ben-istanbulda-lazer-goez-ameliyati-24-mart-2016-persembe-raporu\/\" data-type=\"link\" data-id=\"https:\/\/medicaltravel.ch\/tr\/hasta-raporlari\/referanslar-tavsiyeler-tedaviler-degerlendirmeler-turkiye-istanbul\/goezlerim-ve-ben-istanbulda-lazer-goez-ameliyati-24-mart-2016-persembe-raporu\/\">Bir sonraki rapor<\/a><\/p>\n<\/div>\n","protected":false},"excerpt":{"rendered":"<p>\u0130stanbul&#8217;da ger\u00e7ekten bir prenses gibi muamele g\u00f6rd\u00fcm! (\u0130stanbul&#8217;da ortodontik tedavi) \u2013 22 Nisan 2016 Cuma tarihli rapor Arkada\u015f \u00e7evremde yurt d\u0131\u015f\u0131ndaki di\u015f tedavileri hakk\u0131nda yapt\u0131\u011f\u0131m\u0131z konu\u015fmalar sonucu, Swisslasik ile ilk ileti\u015fimi e-posta \u00fczerinden ba\u015flatmaya karar verdim. Web sitesi beni \u00e7ok etkiledi \u00e7\u00fcnk\u00fc \u00e7ok profesyonel, dostane ve m\u00fc\u015fteri odakl\u0131 bir yakla\u015f\u0131m sergiliyordu. Bir sonraki ad\u0131mda \u2013 \u00e7\u00fcnk\u00fc yurt d\u0131\u015f\u0131 tedavileri hakk\u0131nda deneyimim yoktu \u2013 g\u00fcvenli ve g\u00fcvenilir bir ileti\u015fim s\u00fcreci ya\u015famak benim i\u00e7in \u00e7ok \u00f6nemliydi, Swisslasik&#8217;ten ger\u00e7ekten g\u00fcvenilir bir partner beklentim vard\u0131. \u0130leti\u015fim s\u00fcreci m\u00fckemmel bir \u015fekilde ilerledi. Sadece 1 saat i\u00e7inde detayl\u0131 bir ihtiya\u00e7 de\u011ferlendirmesi i\u00e7in telefon ald\u0131m, \u00e7ok verimli bir \u015fekilde. Randevu teyidi gibi di\u011fer ad\u0131mlar ayn\u0131 sabah ger\u00e7ekle\u015fti ve \u00f6\u011fleden sonra t\u00fcm seyahat belgelerim, \u0130stanbul&#8217;daki ileti\u015fim bilgilerim ve planlanan tarih i\u00e7in g\u00fcvenceyi ald\u0131m. Ger\u00e7ekten ola\u011fan\u00fcst\u00fc hizmet, 5 y\u0131ld\u0131z\u0131 hak ediyor! \u0130stanbul&#8217;da ger\u00e7ekten bir &#8220;Prenses Tedavisi&#8221; deneyimi ya\u015fad\u0131m! T\u00fcm yeni hastalar gibi, i\u00e7sel olarak her \u015feyin yolunda gidip gitmeyece\u011fi konusunda bir miktar belirsizlik vard\u0131 ve bu t\u00fcr kayg\u0131lar\u0131 anl\u0131yorum. Ama emin olun, bunlar\u0131 bir kenara b\u0131rakabilirsiniz. Havaalan\u0131ndan kiralad\u0131\u011f\u0131m daireye beni g\u00f6t\u00fcren bir \u015fof\u00f6r\u00fcm vard\u0131 ve o g\u00fcn di\u015f hekimi randevuma da zaman\u0131nda al\u0131nd\u0131m (11 milyonluk bir \u015fehirdeki trafik, 5-10 dakikal\u0131k k\u00fc\u00e7\u00fck gecikmelere yol a\u00e7abiliyor). Ayn\u0131 \u015fekilde, tedavi sonras\u0131 geri de g\u00f6t\u00fcr\u00fcld\u00fcm ve son kontrol randevusundan sonra tekrar havaalan\u0131na b\u0131rak\u0131ld\u0131m. Daha g\u00fczel bir deneyim olamazd\u0131. Ac\u0131badem Klini\u011fi, T\u00fcrkiye&#8217;nin en tan\u0131nm\u0131\u015f kliniklerinden biridir ve ger\u00e7ekten \u00e7ok iyi bir \u00fcne sahiptir. Bir\u00e7ok nazik yerli, klinikte kendi akademilerinde e\u011fitim yat\u0131r\u0131mlar\u0131n\u0131n nas\u0131l yap\u0131ld\u0131\u011f\u0131n\u0131 ve sadece en iyi doktorlar\u0131n Ac\u0131badem Klinik&#8217;te i\u015fe al\u0131nd\u0131\u011f\u0131n\u0131 bana anlatt\u0131lar, bu tamamen do\u011fru! Dr. \u00d6zt\u00fcrk, \u00e7ok iyi bir \u0130ngilizce konu\u015fuyor ve e\u011fer sadece Almanca biliyorsan\u0131z, size \u00e7ok nazik ve sayg\u0131l\u0131 bir terc\u00fcman e\u015flik ediyor, t\u00fcm klinik s\u00fcreciniz boyunca yan\u0131n\u0131zda olacak. Ayr\u0131ca, her t\u00fcrl\u00fc talebinizle ilgilenen \u00e7ok kibar bir konsiyerj de mevcut (\u015fof\u00f6r d\u00fczenliyor, klinikte sizi y\u00f6nlendiriyor, r\u00f6ntgen b\u00f6l\u00fcm\u00fcn\u00fc bilgilendiriyor).Dr. \u00d6zt\u00fcrk, klinikteki r\u00f6ntgen g\u00f6r\u00fcnt\u00fcs\u00fcne dayanarak her bir di\u015fimi detayl\u0131 bir \u015fekilde analiz etti. Bu kadar yetkin, zaman ay\u0131rarak ve ayr\u0131nt\u0131l\u0131 uzun vadeli \u00f6nerilerle yap\u0131lan bir dan\u0131\u015fmanl\u0131k, 43 y\u0131l\u0131mda hi\u00e7 g\u00f6rmedi\u011fim bir \u015feydi. B\u00f6ylece, kendi \u201cprogram\u0131m\u0131\u201d olu\u015fturma f\u0131rsat\u0131m oldu. Birka\u00e7 a\u015famada ilerlemeye karar verdim \u00e7\u00fcnk\u00fc baz\u0131 di\u015f sorunlar\u0131m vard\u0131. \u0130lk a\u015fama olarak 2 dolgu ve gece pla\u011f\u0131 yapt\u0131rmaya karar verdim \u00e7\u00fcnk\u00fc \u00e7ok fazla di\u015f g\u0131c\u0131rdat\u0131yorum ve bu da di\u015flerime zarar veriyor (di\u015f a\u015f\u0131nmas\u0131). Ayr\u0131ca bir di\u015fim tamamen de\u011fi\u015ftirilmesi gerekti.Daha sonra, 3D yaz\u0131c\u0131n\u0131n m\u00fckemmel bir \u015fekilde uyarlanm\u0131\u015f porselen di\u015fimi nas\u0131l \u00fcretti\u011fini bizzat izleyip deneyimledim. Klinik, en yeni teknolojilerle donat\u0131lm\u0131\u015ft\u0131, asl\u0131nda otel gibi bir ortamda hissettiren, ayd\u0131nl\u0131k, a\u00e7\u0131k, modern ve l\u00fcks bir yerdi. Giri\u015fte Starbucks vard\u0131 ve hatta Bach ve Mozart eserleri \u00e7alan bir piyano sanat\u00e7\u0131s\u0131 bile vard\u0131. Sonu\u00e7 olarak, tam r\u00f6ntgen, analiz, dolgular, porselen di\u015f ve gece pla\u011f\u0131 i\u015flemleri 4 saat i\u00e7inde tek bir seansta tamamland\u0131. Ertesi g\u00fcn ise, beni havaalan\u0131na direkt g\u00f6t\u00fcrebilecek \u015fekilde bir takip randevusuna \u00e7a\u011fr\u0131ld\u0131m. Zeki de\u011fil mi :-)? Fiyat a\u00e7\u0131s\u0131ndan ger\u00e7ekten %70&#8217;e kadar tasarruf sa\u011flamak m\u00fcmk\u00fcn. Dr. \u00d6zt\u00fcrk ile yapt\u0131\u011f\u0131m g\u00f6r\u00fc\u015fmede t\u00fcm maliyetler a\u00e7\u0131k\u00e7a ve net bir \u015fekilde bana sunuldu ve t\u00fcm i\u015flemler ve randevu a\u015famalar\u0131 hakk\u0131nda kendim karar verebildim. \u015eeffaf, a\u00e7\u0131k ve d\u00fczenli bir yakla\u015f\u0131m vard\u0131. M\u00fc\u015fteri ger\u00e7ekten h\u00e2l\u00e2 kral! Bekleme s\u00fcreleri yok, hastay\u0131 sadece sandalyeye oturtup bekletmek gibi bir \u015fey s\u00f6z konusu de\u011fil, tam tersine s\u00fcre\u00e7 olduk\u00e7a verimli ilerliyor. Doktor, m\u00fc\u015fteri\/p hasta ile birlikte uyumlu bir \u015fekilde dan\u0131\u015fmanl\u0131k yap\u0131yor ve \u00e7al\u0131\u015f\u0131yor.\u015eimdi birka\u00e7 g\u00fcnd\u00fcr tekrar \u0130svi\u00e7re&#8217;deyim. Gece pla\u011f\u0131m m\u00fckemmel bir \u015fekilde uyuyor, di\u015flerim taze ve parlak \u015fekilde parl\u0131yor, dolgular\u0131m ve yeni porselen di\u015fim ger\u00e7ekten harika bir sonu\u00e7 verdi. En iyi malzemeler \u0130svi\u00e7re ve Avusturya&#8217;dan temin edilmi\u015f; \u00fcreticilerin isimlerini hat\u0131rlam\u0131yorum ama ambalajlar g\u00f6sterildi ve bro\u015f\u00fcrlerde, kullan\u0131lan t\u00fcm malzemelerin kalite sertifikalar\u0131n\u0131 ve \u00fcreticilerin kimlik bilgilerini kendim inceleyebildim. Gelecek ay, planland\u0131\u011f\u0131 gibi Ac\u0131badem Klini\u011fi&#8217;ne bir kez daha \u0130stanbul&#8217;a u\u00e7aca\u011f\u0131m, bir sonraki tedavi a\u015famas\u0131 i\u00e7in. Benim i\u00e7in bir \u015fey \u00e7ok net: Art\u0131k \u0130svi\u00e7re&#8217;de bir di\u015f hekimine gitmeyece\u011fim. Her zaman i\u015f toplant\u0131lar\u0131m\u0131 ka\u00e7\u0131rmak ya da \u00e7ocuklar\u0131 kom\u015fudan almak zorunda kalmak beni ger\u00e7ekten rahats\u0131z ediyordu, \u00e7\u00fcnk\u00fc di\u015f hekimi beni her zaman bekletirdi (30-60 dakika, her randevudan \u00f6nce k\u0131sa bir telefon a\u00e7arak \u2013 b\u00fcy\u00fck gecikmelerde ba\u015fka randevular\u0131m\u0131 da ertelememi istemek zorunda kal\u0131yordum). Hi\u00e7bir di\u015f hekimi, \u00f6n\u00fcm\u00fczdeki 10 y\u0131l i\u00e7in tam bir analiz yapmam\u0131\u015ft\u0131. \u015eimdi ise riskler hakk\u0131nda bilgi sahibiyim ve buna g\u00f6re uzun vadeli bir planlama yapabiliyorum, b\u00f6ylece aniden y\u00fcksek maliyetlerle kar\u015f\u0131la\u015fm\u0131yorum. Bundan daha iyisi, daha keyiflisi, daha yeteneklisi veya daha \u00e7ekicisi olamaz! Ayr\u0131ca, \u0130stanbul&#8217;un b\u00fcy\u00fcleyici g\u00fczelli\u011fini t\u00fcm y\u00f6nleriyle deneyimlemek i\u00e7in bolca zaman\u0131m oldu! Tek ba\u015f\u0131ma bir kad\u0131n olarak seyahat ettim ve o d\u00f6rt g\u00fcn boyunca kendimi tamamen rahat hissettim. Esthi Bichler, Z\u00fcrih \u00d6nceki rapor Bir sonraki rapor<\/p>\n","protected":false},"author":4,"featured_media":0,"parent":4587,"menu_order":0,"comment_status":"closed","ping_status":"closed","template":"","meta":{"_joinchat":[],"footnotes":""},"class_list":["post-4686","page","type-page","status-publish","hentry"],"acf":[],"_links":{"self":[{"href":"https:\/\/medicaltravel.ch\/tr\/wp-json\/wp\/v2\/pages\/4686","targetHints":{"allow":["GET"]}}],"collection":[{"href":"https:\/\/medicaltravel.ch\/tr\/wp-json\/wp\/v2\/pages"}],"about":[{"href":"https:\/\/medicaltravel.ch\/tr\/wp-json\/wp\/v2\/types\/page"}],"author":[{"embeddable":true,"href":"https:\/\/medicaltravel.ch\/tr\/wp-json\/wp\/v2\/users\/4"}],"replies":[{"embeddable":true,"href":"https:\/\/medicaltravel.ch\/tr\/wp-json\/wp\/v2\/comments?post=4686"}],"version-history":[{"count":0,"href":"https:\/\/medicaltravel.ch\/tr\/wp-json\/wp\/v2\/pages\/4686\/revisions"}],"up":[{"embeddable":true,"href":"https:\/\/medicaltravel.ch\/tr\/wp-json\/wp\/v2\/pages\/4587"}],"wp:attachment":[{"href":"https:\/\/medicaltravel.ch\/tr\/wp-json\/wp\/v2\/media?parent=4686"}],"curies":[{"name":"wp","href":"https:\/\/api.w.org\/{rel}","templated":true}]}}