{"id":4688,"date":"2025-09-23T17:43:59","date_gmt":"2025-09-23T16:43:59","guid":{"rendered":"https:\/\/medicaltravel.ch\/hasta-raporlari\/erfahrungsberichte-empfehlungen-behandlungen-beurteilung-tuerkei-istanbul\/medicaltravel-ile-istanbulda-yaptirdigim-fue-sac-ekimi-deneyimim-hakkinda-raporum-28-ekim-2015-carsamba-tarihli-rapor\/"},"modified":"2026-01-12T19:23:26","modified_gmt":"2026-01-12T18:23:26","slug":"medicaltravel-ile-istanbulda-yaptirdigim-fue-sac-ekimi-deneyimim-hakkinda-raporum-28-ekim-2015-carsamba-tarihli-rapor","status":"publish","type":"page","link":"https:\/\/medicaltravel.ch\/tr\/hasta-raporlari\/referanslar-tavsiyeler-tedaviler-degerlendirmeler-turkiye-istanbul\/medicaltravel-ile-istanbulda-yaptirdigim-fue-sac-ekimi-deneyimim-hakkinda-raporum-28-ekim-2015-carsamba-tarihli-rapor\/","title":{"rendered":"MedicalTravel ile \u0130stanbul&#8217;da yapt\u0131rd\u0131\u011f\u0131m FUE sa\u00e7 ekimi deneyimim hakk\u0131nda raporum \u2013 28 Ekim 2015 \u00c7ar\u015famba tarihli rapor."},"content":{"rendered":"\n<p>MedicalTravel ile \u0130stanbul&#8217;da yapt\u0131rd\u0131\u011f\u0131m FUE sa\u00e7 ekimi deneyimim hakk\u0131nda raporum \u2013 28 Ekim 2015 \u00c7ar\u015famba tarihli rapor.<\/p>\n\n\n\n<p>Haziran ay\u0131nda Bern&#8217;de bir bilgilendirme g\u00fcn\u00fcne kat\u0131ld\u0131m, burada bana t\u00fcm s\u00fcrecin nas\u0131l i\u015fledi\u011fi anlat\u0131ld\u0131. Ba\u015flang\u0131\u00e7ta \u00e7ok \u015f\u00fcpheciydim ve her \u015feyi internetten ara\u015ft\u0131rd\u0131m. Ancak Dr. Demirkan, \u00e7ok sempatik bir \u015fekilde ihtiyac\u0131m olan t\u00fcm bilgileri sa\u011flad\u0131. Ard\u0131ndan hemen randevumu ald\u0131m ve 3 ay sonra i\u015flemler ba\u015flad\u0131.   <\/p>\n\n\n\n<p>27.09.2015 tarihinde Z\u00fcrich&#8217;den \u0130stanbul&#8217;a u\u00e7tum, havaalan\u0131nda \u00f6nceden anla\u015fm\u0131\u015f oldu\u011fumuz gibi nazik bir \u015fekilde kar\u015f\u0131land\u0131m ve otele g\u00f6t\u00fcr\u00fcld\u00fcm.<\/p>\n\n\n\n<p>28.09.2015&#8217;te saat 09:00&#8217;da hastaneye y\u00fcr\u00fcyerek gittim. Bu arada otel, Ac\u0131badem Hastanesi&#8217;ne sadece 200 metre uzakl\u0131ktayd\u0131, yani y\u00fcr\u00fcyerek rahat\u00e7a ula\u015f\u0131labiliyordu. Hastaneye vard\u0131\u011f\u0131mda, bir han\u0131m (terc\u00fcman) taraf\u0131ndan kar\u015f\u0131land\u0131m ve Dr. Demirkan&#8217;a g\u00f6t\u00fcr\u00fcld\u00fcm. FUE s\u00fcrecinin tamam\u0131n\u0131 konu\u015ftuk. Sonras\u0131nda, Dr. Demirkan sa\u00e7lar\u0131m\u0131 \u00f6l\u00e7meye ve yeni sa\u00e7lar\u0131n nereye ekilece\u011fini g\u00f6rmek i\u00e7in bir cihaz kullanmaya ba\u015flad\u0131. Ard\u0131ndan PRP tedavisinin ba\u015flad\u0131\u011f\u0131 odaya g\u00f6t\u00fcr\u00fcld\u00fcm.     <\/p>\n\n\n\n<p>\u00d6\u011fleden sonra kendime vakit ay\u0131rd\u0131m ve g\u00fczel \u0130stanbul \u015fehrini gezmeye gittim.<\/p>\n\n\n\n<p>29.09.2015&#8217;te de bir \u00f6nceki g\u00fcn oldu\u011fu gibi saat 09:00&#8217;da hastaneye y\u00fcr\u00fcyerek gittim. Var\u0131nca, resepsiyonun yak\u0131n\u0131nda bir beyefendi piyano \u00e7alarak rahatlat\u0131c\u0131 bir m\u00fczik \u00e7al\u0131yordu; bu ger\u00e7ekten \u00e7ok rahatlat\u0131c\u0131yd\u0131 ve beni olduk\u00e7a sakinle\u015ftirdi. <\/p>\n\n\n\n<p>Sonra i\u015flem ba\u015flad\u0131; bir doktor kan \u00f6rnekleri ald\u0131 ve ard\u0131ndan beni tedavi yap\u0131lacak odaya g\u00f6t\u00fcrd\u00fc. \u00dc\u00e7 doktor yan\u0131ma geldi ve kendilerini tan\u0131tt\u0131lar. Ard\u0131ndan, sa\u00e7 ekimi yap\u0131lacak hatt\u0131 \u00e7izdiler ve bana hangi noktaya kadar ekim yap\u0131laca\u011f\u0131n\u0131 g\u00f6sterdiler. Sa\u00e7 \u00e7izgisini kendim se\u00e7ebildim ve onlar da o \u00e7izgiyi dikkatlice i\u015faretlediler. Ayr\u0131ca, kendi deneyimlerinden de baz\u0131 \u00f6nerilerde bulundular, b\u00f6ylece sonras\u0131nda m\u00fcmk\u00fcn oldu\u011funca do\u011fal ve dikkat \u00e7ekmeyen bir sonu\u00e7 elde edilebilirdi.    <\/p>\n\n\n\n<p>Sonra i\u015flem ba\u015flad\u0131, kafam\u0131n \u00fcst\u00fcndeki sa\u00e7lar tamamen t\u0131ra\u015f edildi ve lokal anestezi i\u00e7in birka\u00e7 i\u011fne yap\u0131ld\u0131. Bu i\u011fneler, normalde yap\u0131lan i\u011fnelerden \u00e7ok daha az hissediliyordu. Anestezi d\u0131\u015f\u0131nda, tedavi s\u0131ras\u0131nda hi\u00e7bir \u015fey hissetmedim, ger\u00e7ekten hi\u00e7bir \u015fey. Sa\u00e7 ekimi toplamda 5 saat s\u00fcrd\u00fc ve 3000 graft (sa\u00e7 folik\u00fcl\u00fc) ekildi.   <\/p>\n\n\n\n<p>Tedavi sorunsuz ve a\u011fr\u0131s\u0131z bir \u015fekilde ilerledi, zaman\u0131n nas\u0131l ge\u00e7ti\u011fini bile anlamad\u0131m. Tedaviye kat\u0131lan 3 ki\u015fi vard\u0131. Ayr\u0131ca, odada bir televizyon a\u00e7\u0131k \u015fekilde \u00e7al\u0131\u015f\u0131yordu ama yatarken ekran\u0131 izlemek olduk\u00e7a zordu.  <\/p>\n\n\n\n<p>FUE i\u015fleminden sonra dinlenmem i\u00e7in bir otele g\u00f6t\u00fcr\u00fcld\u00fcm; hi\u00e7 a\u011fr\u0131m yoktu.<\/p>\n\n\n\n<p>Ertesi g\u00fcn, 30.09.2015&#8217;te saat 11:00&#8217;de arka kafamdaki bandaj\u0131n de\u011fi\u015ftirilmesi i\u00e7in bir randevum vard\u0131 ve saat 14:00&#8217;te beni havaalan\u0131na g\u00f6t\u00fcrd\u00fcler, b\u00f6ylece eve d\u00f6n\u00fc\u015f yolculu\u011fum ba\u015flad\u0131.<\/p>\n\n\n\n<p>Tedaviyi \u0130stanbul&#8217;da MedicalTravel ile hemen tekrar yapt\u0131r\u0131r\u0131m. Her \u015fey plana g\u00f6re ilerledi ve hi\u00e7 a\u011fr\u0131 hissetmedim. \u015eu ana kadar sonu\u00e7 harika g\u00f6r\u00fcn\u00fcyor. Ac\u0131badem Hastanesi son derece modern (bir l\u00fcks otel gibi), personel \u00e7ok nazikti, hijyen m\u00fckemmeldi ve transfer hizmeti sorunsuz \u00e7al\u0131\u015ft\u0131.   <\/p>\n\n\n\n<p>Eve d\u00f6nd\u00fc\u011f\u00fcmde 3 g\u00fcn bekledim ve sonra yeni sa\u00e7lar\u0131 nazik\u00e7e y\u0131kamaya ba\u015flamak i\u00e7in losyon ve \u015fampuan kullanmaya ba\u015flad\u0131m.<\/p>\n\n\n\n<p>Bunu 10 g\u00fcn boyunca tekrarlad\u0131m. Sonras\u0131nda kabuk tamamen ge\u00e7ti ve yaln\u0131zca ekim yap\u0131lan alanda \u00e7ok k\u00fc\u00e7\u00fck bir k\u0131zar\u0131kl\u0131k kald\u0131. Don\u00f6r b\u00f6lgesi ise neredeyse tamamen iyile\u015fmi\u015fti ve yeni \u00e7\u0131kan sa\u00e7lar sayesinde neredeyse hi\u00e7bir \u015fey g\u00f6r\u00fcnm\u00fcyor.  <\/p>\n\n\n\n<p>FUE tedavisini \u00e7ok daha a\u011fr\u0131l\u0131 ve zor bir s\u00fcre\u00e7 olarak hayal etmi\u015ftim. Ancak hi\u00e7 a\u011fr\u0131 hissetmedim ve her \u015fey plana g\u00f6re gitti. \u015eimdi 4 hafta ge\u00e7ti ve ekilen sa\u00e7lar d\u00f6k\u00fclmeye ba\u015flad\u0131. Sonu\u00e7 i\u00e7in sab\u0131rs\u0131zlan\u0131yorum, ancak \u015fimdiden harika olaca\u011f\u0131na kesinlikle inan\u0131yorum.   <\/p>\n\n\n\n<p>Bana sa\u011flad\u0131\u011f\u0131n\u0131z harika destek i\u00e7in \u00e7ok te\u015fekk\u00fcr ederim. MEDICALTRAVEL ve FUE tedavisini herkese tavsiye ederim. Sevgiler, Marco S. <\/p>\n\n\n\n<div class=\"wp-block-group is-layout-grid wp-container-core-group-is-layout-baef362d wp-block-group-is-layout-grid\">\n<p><a href=\"https:\/\/medicaltravel.at\/home\/agb\/\" data-type=\"page\" data-id=\"2191\" rel=\"nofollow noopener\" target=\"_blank\"><\/a><a href=\"https:\/\/medicaltravel.ch\/tr\/hasta-raporlari\/referanslar-tavsiyeler-tedaviler-degerlendirmeler-turkiye-istanbul\/istanbuldaki-dis-tedavisi-deneyimim-31-ekim-2015-cumartesi-tarihli-raporum\/\" data-type=\"link\" data-id=\"https:\/\/medicaltravel.ch\/tr\/hasta-raporlari\/referanslar-tavsiyeler-tedaviler-degerlendirmeler-turkiye-istanbul\/istanbuldaki-dis-tedavisi-deneyimim-31-ekim-2015-cumartesi-tarihli-raporum\/\">\u00d6nceki rapor<\/a><\/p>\n\n\n\n<p class=\"has-text-align-right wp-container-content-5e2576f9\"><a href=\"https:\/\/medicaltravel.at\/home\/impressum\/\" data-type=\"page\" data-id=\"2193\" rel=\"nofollow noopener\" target=\"_blank\"><\/a><a href=\"https:\/\/medicaltravel.at\/home\/berichte-von-patienten\/erfahrungsberichte\/erfahrungsbericht-zahnbehandlung-in-istanbul\/\" data-type=\"page\" data-id=\"981\" rel=\"nofollow noopener\" target=\"_blank\"><\/a><a href=\"https:\/\/medicaltravel.ch\/tr\/hasta-raporlari\/referanslar-tavsiyeler-tedaviler-degerlendirmeler-turkiye-istanbul\/hasta-raporu-tuerkiyede-meme-bueyuetme-16-eyluel-2015-carsamba-tarihli-rapor\/\" data-type=\"link\" data-id=\"https:\/\/medicaltravel.ch\/tr\/hasta-raporlari\/referanslar-tavsiyeler-tedaviler-degerlendirmeler-turkiye-istanbul\/hasta-raporu-tuerkiyede-meme-bueyuetme-16-eyluel-2015-carsamba-tarihli-rapor\/\">Bir sonraki rapor<\/a><\/p>\n<\/div>\n","protected":false},"excerpt":{"rendered":"<p>MedicalTravel ile \u0130stanbul&#8217;da yapt\u0131rd\u0131\u011f\u0131m FUE sa\u00e7 ekimi deneyimim hakk\u0131nda raporum \u2013 28 Ekim 2015 \u00c7ar\u015famba tarihli rapor. Haziran ay\u0131nda Bern&#8217;de bir bilgilendirme g\u00fcn\u00fcne kat\u0131ld\u0131m, burada bana t\u00fcm s\u00fcrecin nas\u0131l i\u015fledi\u011fi anlat\u0131ld\u0131. Ba\u015flang\u0131\u00e7ta \u00e7ok \u015f\u00fcpheciydim ve her \u015feyi internetten ara\u015ft\u0131rd\u0131m. Ancak Dr. Demirkan, \u00e7ok sempatik bir \u015fekilde ihtiyac\u0131m olan t\u00fcm bilgileri sa\u011flad\u0131. Ard\u0131ndan hemen randevumu ald\u0131m ve 3 ay sonra i\u015flemler ba\u015flad\u0131. 27.09.2015 tarihinde Z\u00fcrich&#8217;den \u0130stanbul&#8217;a u\u00e7tum, havaalan\u0131nda \u00f6nceden anla\u015fm\u0131\u015f oldu\u011fumuz gibi nazik bir \u015fekilde kar\u015f\u0131land\u0131m ve otele g\u00f6t\u00fcr\u00fcld\u00fcm. 28.09.2015&#8217;te saat 09:00&#8217;da hastaneye y\u00fcr\u00fcyerek gittim. Bu arada otel, Ac\u0131badem Hastanesi&#8217;ne sadece 200 metre uzakl\u0131ktayd\u0131, yani y\u00fcr\u00fcyerek rahat\u00e7a ula\u015f\u0131labiliyordu. Hastaneye vard\u0131\u011f\u0131mda, bir han\u0131m (terc\u00fcman) taraf\u0131ndan kar\u015f\u0131land\u0131m ve Dr. Demirkan&#8217;a g\u00f6t\u00fcr\u00fcld\u00fcm. FUE s\u00fcrecinin tamam\u0131n\u0131 konu\u015ftuk. Sonras\u0131nda, Dr. Demirkan sa\u00e7lar\u0131m\u0131 \u00f6l\u00e7meye ve yeni sa\u00e7lar\u0131n nereye ekilece\u011fini g\u00f6rmek i\u00e7in bir cihaz kullanmaya ba\u015flad\u0131. Ard\u0131ndan PRP tedavisinin ba\u015flad\u0131\u011f\u0131 odaya g\u00f6t\u00fcr\u00fcld\u00fcm. \u00d6\u011fleden sonra kendime vakit ay\u0131rd\u0131m ve g\u00fczel \u0130stanbul \u015fehrini gezmeye gittim. 29.09.2015&#8217;te de bir \u00f6nceki g\u00fcn oldu\u011fu gibi saat 09:00&#8217;da hastaneye y\u00fcr\u00fcyerek gittim. Var\u0131nca, resepsiyonun yak\u0131n\u0131nda bir beyefendi piyano \u00e7alarak rahatlat\u0131c\u0131 bir m\u00fczik \u00e7al\u0131yordu; bu ger\u00e7ekten \u00e7ok rahatlat\u0131c\u0131yd\u0131 ve beni olduk\u00e7a sakinle\u015ftirdi. Sonra i\u015flem ba\u015flad\u0131; bir doktor kan \u00f6rnekleri ald\u0131 ve ard\u0131ndan beni tedavi yap\u0131lacak odaya g\u00f6t\u00fcrd\u00fc. \u00dc\u00e7 doktor yan\u0131ma geldi ve kendilerini tan\u0131tt\u0131lar. Ard\u0131ndan, sa\u00e7 ekimi yap\u0131lacak hatt\u0131 \u00e7izdiler ve bana hangi noktaya kadar ekim yap\u0131laca\u011f\u0131n\u0131 g\u00f6sterdiler. Sa\u00e7 \u00e7izgisini kendim se\u00e7ebildim ve onlar da o \u00e7izgiyi dikkatlice i\u015faretlediler. Ayr\u0131ca, kendi deneyimlerinden de baz\u0131 \u00f6nerilerde bulundular, b\u00f6ylece sonras\u0131nda m\u00fcmk\u00fcn oldu\u011funca do\u011fal ve dikkat \u00e7ekmeyen bir sonu\u00e7 elde edilebilirdi. Sonra i\u015flem ba\u015flad\u0131, kafam\u0131n \u00fcst\u00fcndeki sa\u00e7lar tamamen t\u0131ra\u015f edildi ve lokal anestezi i\u00e7in birka\u00e7 i\u011fne yap\u0131ld\u0131. Bu i\u011fneler, normalde yap\u0131lan i\u011fnelerden \u00e7ok daha az hissediliyordu. Anestezi d\u0131\u015f\u0131nda, tedavi s\u0131ras\u0131nda hi\u00e7bir \u015fey hissetmedim, ger\u00e7ekten hi\u00e7bir \u015fey. Sa\u00e7 ekimi toplamda 5 saat s\u00fcrd\u00fc ve 3000 graft (sa\u00e7 folik\u00fcl\u00fc) ekildi. Tedavi sorunsuz ve a\u011fr\u0131s\u0131z bir \u015fekilde ilerledi, zaman\u0131n nas\u0131l ge\u00e7ti\u011fini bile anlamad\u0131m. Tedaviye kat\u0131lan 3 ki\u015fi vard\u0131. Ayr\u0131ca, odada bir televizyon a\u00e7\u0131k \u015fekilde \u00e7al\u0131\u015f\u0131yordu ama yatarken ekran\u0131 izlemek olduk\u00e7a zordu. FUE i\u015fleminden sonra dinlenmem i\u00e7in bir otele g\u00f6t\u00fcr\u00fcld\u00fcm; hi\u00e7 a\u011fr\u0131m yoktu. Ertesi g\u00fcn, 30.09.2015&#8217;te saat 11:00&#8217;de arka kafamdaki bandaj\u0131n de\u011fi\u015ftirilmesi i\u00e7in bir randevum vard\u0131 ve saat 14:00&#8217;te beni havaalan\u0131na g\u00f6t\u00fcrd\u00fcler, b\u00f6ylece eve d\u00f6n\u00fc\u015f yolculu\u011fum ba\u015flad\u0131. Tedaviyi \u0130stanbul&#8217;da MedicalTravel ile hemen tekrar yapt\u0131r\u0131r\u0131m. Her \u015fey plana g\u00f6re ilerledi ve hi\u00e7 a\u011fr\u0131 hissetmedim. \u015eu ana kadar sonu\u00e7 harika g\u00f6r\u00fcn\u00fcyor. Ac\u0131badem Hastanesi son derece modern (bir l\u00fcks otel gibi), personel \u00e7ok nazikti, hijyen m\u00fckemmeldi ve transfer hizmeti sorunsuz \u00e7al\u0131\u015ft\u0131. Eve d\u00f6nd\u00fc\u011f\u00fcmde 3 g\u00fcn bekledim ve sonra yeni sa\u00e7lar\u0131 nazik\u00e7e y\u0131kamaya ba\u015flamak i\u00e7in losyon ve \u015fampuan kullanmaya ba\u015flad\u0131m. Bunu 10 g\u00fcn boyunca tekrarlad\u0131m. Sonras\u0131nda kabuk tamamen ge\u00e7ti ve yaln\u0131zca ekim yap\u0131lan alanda \u00e7ok k\u00fc\u00e7\u00fck bir k\u0131zar\u0131kl\u0131k kald\u0131. Don\u00f6r b\u00f6lgesi ise neredeyse tamamen iyile\u015fmi\u015fti ve yeni \u00e7\u0131kan sa\u00e7lar sayesinde neredeyse hi\u00e7bir \u015fey g\u00f6r\u00fcnm\u00fcyor. FUE tedavisini \u00e7ok daha a\u011fr\u0131l\u0131 ve zor bir s\u00fcre\u00e7 olarak hayal etmi\u015ftim. Ancak hi\u00e7 a\u011fr\u0131 hissetmedim ve her \u015fey plana g\u00f6re gitti. \u015eimdi 4 hafta ge\u00e7ti ve ekilen sa\u00e7lar d\u00f6k\u00fclmeye ba\u015flad\u0131. Sonu\u00e7 i\u00e7in sab\u0131rs\u0131zlan\u0131yorum, ancak \u015fimdiden harika olaca\u011f\u0131na kesinlikle inan\u0131yorum. Bana sa\u011flad\u0131\u011f\u0131n\u0131z harika destek i\u00e7in \u00e7ok te\u015fekk\u00fcr ederim. MEDICALTRAVEL ve FUE tedavisini herkese tavsiye ederim. Sevgiler, Marco S. \u00d6nceki rapor Bir sonraki rapor<\/p>\n","protected":false},"author":4,"featured_media":0,"parent":4587,"menu_order":0,"comment_status":"closed","ping_status":"closed","template":"","meta":{"_joinchat":[],"footnotes":""},"class_list":["post-4688","page","type-page","status-publish","hentry"],"acf":[],"_links":{"self":[{"href":"https:\/\/medicaltravel.ch\/tr\/wp-json\/wp\/v2\/pages\/4688","targetHints":{"allow":["GET"]}}],"collection":[{"href":"https:\/\/medicaltravel.ch\/tr\/wp-json\/wp\/v2\/pages"}],"about":[{"href":"https:\/\/medicaltravel.ch\/tr\/wp-json\/wp\/v2\/types\/page"}],"author":[{"embeddable":true,"href":"https:\/\/medicaltravel.ch\/tr\/wp-json\/wp\/v2\/users\/4"}],"replies":[{"embeddable":true,"href":"https:\/\/medicaltravel.ch\/tr\/wp-json\/wp\/v2\/comments?post=4688"}],"version-history":[{"count":0,"href":"https:\/\/medicaltravel.ch\/tr\/wp-json\/wp\/v2\/pages\/4688\/revisions"}],"up":[{"embeddable":true,"href":"https:\/\/medicaltravel.ch\/tr\/wp-json\/wp\/v2\/pages\/4587"}],"wp:attachment":[{"href":"https:\/\/medicaltravel.ch\/tr\/wp-json\/wp\/v2\/media?parent=4688"}],"curies":[{"name":"wp","href":"https:\/\/api.w.org\/{rel}","templated":true}]}}