{"id":4690,"date":"2025-09-23T17:43:00","date_gmt":"2025-09-23T16:43:00","guid":{"rendered":"https:\/\/medicaltravel.ch\/hasta-raporlari\/erfahrungsberichte-empfehlungen-behandlungen-beurteilung-tuerkei-istanbul\/istanbuldaki-dis-tedavisi-deneyimim-31-ekim-2015-cumartesi-tarihli-raporum\/"},"modified":"2026-01-12T19:23:01","modified_gmt":"2026-01-12T18:23:01","slug":"istanbuldaki-dis-tedavisi-deneyimim-31-ekim-2015-cumartesi-tarihli-raporum","status":"publish","type":"page","link":"https:\/\/medicaltravel.ch\/tr\/hasta-raporlari\/referanslar-tavsiyeler-tedaviler-degerlendirmeler-turkiye-istanbul\/istanbuldaki-dis-tedavisi-deneyimim-31-ekim-2015-cumartesi-tarihli-raporum\/","title":{"rendered":"\u0130stanbul&#8217;daki di\u015f tedavisi deneyimim \u2013 31 Ekim 2015 Cumartesi tarihli raporum."},"content":{"rendered":"\n<p>\u0130stanbul&#8217;daki di\u015f tedavisi deneyimim \u2013 31 Ekim 2015 Cumartesi tarihli raporum.<\/p>\n\n\n\n<p>Haziran ay\u0131nda Bern&#8217;de Dr. \u00d6zt\u00fcrk ile \u0130stanbul&#8217;daki di\u015f tedavisi hakk\u0131nda bir g\u00f6r\u00fc\u015fme ger\u00e7ekle\u015ftirdim.<\/p>\n\n\n\n<p>Kaza sonucu \u00e7ene kemiklerimde olu\u015fan koyu renk de\u011fi\u015fimi nedeniyle bana 8 adet seramik kaplama \u00f6nerdi.<\/p>\n\n\n\n<p>Doktor \u00d6zt\u00fcrk, di\u015flerimi \u00e7ok yak\u0131ndan muayene etmek i\u00e7in yan\u0131nda steril aletler bulundurdu.<\/p>\n\n\n\n<p>Randevu bulma konusunda uzun bir s\u00fcredir teredd\u00fct ettikten ve pek \u00e7ok sorum olduktan sonra, tedaviyi T\u00fcrkiye&#8217;de yapmaya bir hafta \u00f6nceden tamamen spontane bir \u015fekilde karar verdim. K\u0131sa ba\u015fvuru s\u00fcresine ra\u011fmen her \u015feyin m\u00fckemmel bir \u015fekilde organize edilmi\u015f olmas\u0131na ger\u00e7ekten hayran kald\u0131m! <\/p>\n\n\n\n<p>Onay\u0131m\u0131n hemen ard\u0131ndan seyahatimle ilgili t\u00fcm bilgi ve belgeleri ald\u0131m.<\/p>\n\n\n\n<p>Pazar ak\u015fam\u0131 \u0130stanbul&#8217;a vard\u0131\u011f\u0131mda yakla\u015f\u0131k 40 dakika gecikmi\u015ftim. Di\u011fer hastalar ara\u00e7ta beklerken, servis arac\u0131 beni bekledi. <\/p>\n\n\n\n<p>Ertesi sabah otelden 5 dakikadan k\u0131sa bir mesafede oldu\u011fu i\u00e7in klini\u011fe y\u00fcr\u00fcyerek gittim.<\/p>\n\n\n\n<p>\u00c7ok s\u0131cak bir kar\u015f\u0131lama ald\u0131m. Ba\u015flang\u0131\u00e7ta, di\u011fer hastalarla ilgilendi\u011fi i\u00e7in terc\u00fcman\u0131m yoktu. Ancak di\u015f hekimi \u00e7ok iyi \u0130ngilizce konu\u015ftu\u011fu i\u00e7in bu benim i\u00e7in sorun olmad\u0131.  <\/p>\n\n\n\n<p>Tedavi s\u00fcrecini ve sonraki ad\u0131mlar\u0131 bana ayr\u0131nt\u0131l\u0131 ve sab\u0131rl\u0131 bir \u015fekilde a\u00e7\u0131klad\u0131 ve isteklerimi dikkate ald\u0131.<\/p>\n\n\n\n<p>Di\u015flerim t\u00f6rp\u00fclendikten ve \u00f6l\u00e7\u00fcleri al\u0131nd\u0131ktan sonra, bir sonraki randevum \u00c7ar\u015famba g\u00fcn\u00fc oldu\u011fu i\u00e7in ge\u00e7ici bir kaplama tak\u0131ld\u0131.<\/p>\n\n\n\n<p>\u0130stanbul&#8217;u ke\u015ffetmek i\u00e7in 2,5 g\u00fcn\u00fcm vard\u0131. Ba\u015flang\u0131\u00e7ta, bir kad\u0131n olarak \u0130stanbul&#8217;a yaln\u0131z seyahat etmekten korkuyordum, ancak bu korku h\u0131zla ge\u00e7ti. <\/p>\n\n\n\n<p>Otelimden \u00e7ok kez yaln\u0131z ba\u015f\u0131ma y\u00fcr\u00fcyerek gezdim, \u00f6rne\u011fin Taksim Meydan\u0131&#8217;na veya Cevahi Al\u0131\u015fveri\u015f Merkezi&#8217;ne gittim. Yan\u0131mda bir harita ta\u015f\u0131yordum, yolu sormak i\u00e7in (herkes \u00e7ok yard\u0131mc\u0131yd\u0131, sadece T\u00fcrk\u00e7e konu\u015fsalar da :)). Hi\u00e7bir zaman rahats\u0131z hissetmedim ve \u00e7ok iyi bir \u015fekilde yolumu buldum.  <\/p>\n\n\n\n<p>\u00c7ar\u015famba ve Per\u015fembe g\u00fcn\u00fc tekrar veneer&#8217;lerimi denedim ve arada kalan zamanda ise bir\u00e7ok turistik yeri gezmek i\u00e7in bolca vaktim oldu.<\/p>\n\n\n\n<p>Cuma g\u00fcn\u00fc nihayet veneer&#8217;lerim tak\u0131ld\u0131. Cumartesi sabah\u0131 ise bir kontrol randevum daha vard\u0131. <\/p>\n\n\n\n<p>Ve sonu\u00e7 tek kelimeyle M\u00dcKEMMEL!<\/p>\n\n\n\n<p>Her zaman tekrar MedicalTravel \u00fczerinden rezervasyon yapar ve \u0130stanbul&#8217;da Dr. \u00d6zt\u00fcrk&#8217;ten tedavi al\u0131r\u0131m, kesinlikle herkese de tavsiye ederim!<\/p>\n\n\n\n<p>MedicalTravel&#8217;\u0131n sundu\u011fu sorunsuz ve m\u00fckemmel hizmet i\u00e7in \u00e7ok te\u015fekk\u00fcr ederim!<\/p>\n\n\n\n<p>Sayg\u0131lar\u0131mla<\/p>\n\n\n\n<p>Reina Rajane<\/p>\n\n\n\n<div class=\"wp-block-group is-layout-grid wp-container-core-group-is-layout-baef362d wp-block-group-is-layout-grid\">\n<p><a href=\"https:\/\/medicaltravel.at\/home\/agb\/\" data-type=\"page\" data-id=\"2191\" rel=\"nofollow noopener\" target=\"_blank\"><\/a><a href=\"https:\/\/medicaltravel.ch\/tr\/hasta-raporlari\/referanslar-tavsiyeler-tedaviler-degerlendirmeler-turkiye-istanbul\/istanbulda-dis-tedavisi-ve-implantlarla-ilgili-deneyim-raporu-10-kasim-2015-sali-tarihli-rapor\/\" data-type=\"link\" data-id=\"https:\/\/medicaltravel.ch\/tr\/hasta-raporlari\/referanslar-tavsiyeler-tedaviler-degerlendirmeler-turkiye-istanbul\/istanbulda-dis-tedavisi-ve-implantlarla-ilgili-deneyim-raporu-10-kasim-2015-sali-tarihli-rapor\/\">\u00d6nceki rapor<\/a><\/p>\n\n\n\n<p class=\"has-text-align-right wp-container-content-5e2576f9\"><a href=\"https:\/\/medicaltravel.at\/home\/impressum\/\" data-type=\"page\" data-id=\"2193\" rel=\"nofollow noopener\" target=\"_blank\"><\/a><a href=\"https:\/\/medicaltravel.at\/home\/berichte-von-patienten\/erfahrungsberichte\/erfahrungsbericht-zahnbehandlung-in-istanbul\/\" data-type=\"page\" data-id=\"981\" rel=\"nofollow noopener\" target=\"_blank\"><\/a><a href=\"https:\/\/medicaltravel.ch\/tr\/hasta-raporlari\/referanslar-tavsiyeler-tedaviler-degerlendirmeler-turkiye-istanbul\/medicaltravel-ile-istanbulda-yaptirdigim-fue-sac-ekimi-deneyimim-hakkinda-raporum-28-ekim-2015-carsamba-tarihli-rapor\/\" data-type=\"link\" data-id=\"https:\/\/medicaltravel.ch\/tr\/hasta-raporlari\/referanslar-tavsiyeler-tedaviler-degerlendirmeler-turkiye-istanbul\/medicaltravel-ile-istanbulda-yaptirdigim-fue-sac-ekimi-deneyimim-hakkinda-raporum-28-ekim-2015-carsamba-tarihli-rapor\/\">Bir sonraki rapor<\/a><\/p>\n<\/div>\n","protected":false},"excerpt":{"rendered":"<p>\u0130stanbul&#8217;daki di\u015f tedavisi deneyimim \u2013 31 Ekim 2015 Cumartesi tarihli raporum. Haziran ay\u0131nda Bern&#8217;de Dr. \u00d6zt\u00fcrk ile \u0130stanbul&#8217;daki di\u015f tedavisi hakk\u0131nda bir g\u00f6r\u00fc\u015fme ger\u00e7ekle\u015ftirdim. Kaza sonucu \u00e7ene kemiklerimde olu\u015fan koyu renk de\u011fi\u015fimi nedeniyle bana 8 adet seramik kaplama \u00f6nerdi. Doktor \u00d6zt\u00fcrk, di\u015flerimi \u00e7ok yak\u0131ndan muayene etmek i\u00e7in yan\u0131nda steril aletler bulundurdu. Randevu bulma konusunda uzun bir s\u00fcredir teredd\u00fct ettikten ve pek \u00e7ok sorum olduktan sonra, tedaviyi T\u00fcrkiye&#8217;de yapmaya bir hafta \u00f6nceden tamamen spontane bir \u015fekilde karar verdim. K\u0131sa ba\u015fvuru s\u00fcresine ra\u011fmen her \u015feyin m\u00fckemmel bir \u015fekilde organize edilmi\u015f olmas\u0131na ger\u00e7ekten hayran kald\u0131m! Onay\u0131m\u0131n hemen ard\u0131ndan seyahatimle ilgili t\u00fcm bilgi ve belgeleri ald\u0131m. Pazar ak\u015fam\u0131 \u0130stanbul&#8217;a vard\u0131\u011f\u0131mda yakla\u015f\u0131k 40 dakika gecikmi\u015ftim. Di\u011fer hastalar ara\u00e7ta beklerken, servis arac\u0131 beni bekledi. Ertesi sabah otelden 5 dakikadan k\u0131sa bir mesafede oldu\u011fu i\u00e7in klini\u011fe y\u00fcr\u00fcyerek gittim. \u00c7ok s\u0131cak bir kar\u015f\u0131lama ald\u0131m. Ba\u015flang\u0131\u00e7ta, di\u011fer hastalarla ilgilendi\u011fi i\u00e7in terc\u00fcman\u0131m yoktu. Ancak di\u015f hekimi \u00e7ok iyi \u0130ngilizce konu\u015ftu\u011fu i\u00e7in bu benim i\u00e7in sorun olmad\u0131. Tedavi s\u00fcrecini ve sonraki ad\u0131mlar\u0131 bana ayr\u0131nt\u0131l\u0131 ve sab\u0131rl\u0131 bir \u015fekilde a\u00e7\u0131klad\u0131 ve isteklerimi dikkate ald\u0131. Di\u015flerim t\u00f6rp\u00fclendikten ve \u00f6l\u00e7\u00fcleri al\u0131nd\u0131ktan sonra, bir sonraki randevum \u00c7ar\u015famba g\u00fcn\u00fc oldu\u011fu i\u00e7in ge\u00e7ici bir kaplama tak\u0131ld\u0131. \u0130stanbul&#8217;u ke\u015ffetmek i\u00e7in 2,5 g\u00fcn\u00fcm vard\u0131. Ba\u015flang\u0131\u00e7ta, bir kad\u0131n olarak \u0130stanbul&#8217;a yaln\u0131z seyahat etmekten korkuyordum, ancak bu korku h\u0131zla ge\u00e7ti. Otelimden \u00e7ok kez yaln\u0131z ba\u015f\u0131ma y\u00fcr\u00fcyerek gezdim, \u00f6rne\u011fin Taksim Meydan\u0131&#8217;na veya Cevahi Al\u0131\u015fveri\u015f Merkezi&#8217;ne gittim. Yan\u0131mda bir harita ta\u015f\u0131yordum, yolu sormak i\u00e7in (herkes \u00e7ok yard\u0131mc\u0131yd\u0131, sadece T\u00fcrk\u00e7e konu\u015fsalar da :)). Hi\u00e7bir zaman rahats\u0131z hissetmedim ve \u00e7ok iyi bir \u015fekilde yolumu buldum. \u00c7ar\u015famba ve Per\u015fembe g\u00fcn\u00fc tekrar veneer&#8217;lerimi denedim ve arada kalan zamanda ise bir\u00e7ok turistik yeri gezmek i\u00e7in bolca vaktim oldu. Cuma g\u00fcn\u00fc nihayet veneer&#8217;lerim tak\u0131ld\u0131. Cumartesi sabah\u0131 ise bir kontrol randevum daha vard\u0131. Ve sonu\u00e7 tek kelimeyle M\u00dcKEMMEL! Her zaman tekrar MedicalTravel \u00fczerinden rezervasyon yapar ve \u0130stanbul&#8217;da Dr. \u00d6zt\u00fcrk&#8217;ten tedavi al\u0131r\u0131m, kesinlikle herkese de tavsiye ederim! MedicalTravel&#8217;\u0131n sundu\u011fu sorunsuz ve m\u00fckemmel hizmet i\u00e7in \u00e7ok te\u015fekk\u00fcr ederim! Sayg\u0131lar\u0131mla Reina Rajane \u00d6nceki rapor Bir sonraki rapor<\/p>\n","protected":false},"author":4,"featured_media":0,"parent":4587,"menu_order":0,"comment_status":"closed","ping_status":"closed","template":"","meta":{"_joinchat":[],"footnotes":""},"class_list":["post-4690","page","type-page","status-publish","hentry"],"acf":[],"_links":{"self":[{"href":"https:\/\/medicaltravel.ch\/tr\/wp-json\/wp\/v2\/pages\/4690","targetHints":{"allow":["GET"]}}],"collection":[{"href":"https:\/\/medicaltravel.ch\/tr\/wp-json\/wp\/v2\/pages"}],"about":[{"href":"https:\/\/medicaltravel.ch\/tr\/wp-json\/wp\/v2\/types\/page"}],"author":[{"embeddable":true,"href":"https:\/\/medicaltravel.ch\/tr\/wp-json\/wp\/v2\/users\/4"}],"replies":[{"embeddable":true,"href":"https:\/\/medicaltravel.ch\/tr\/wp-json\/wp\/v2\/comments?post=4690"}],"version-history":[{"count":0,"href":"https:\/\/medicaltravel.ch\/tr\/wp-json\/wp\/v2\/pages\/4690\/revisions"}],"up":[{"embeddable":true,"href":"https:\/\/medicaltravel.ch\/tr\/wp-json\/wp\/v2\/pages\/4587"}],"wp:attachment":[{"href":"https:\/\/medicaltravel.ch\/tr\/wp-json\/wp\/v2\/media?parent=4690"}],"curies":[{"name":"wp","href":"https:\/\/api.w.org\/{rel}","templated":true}]}}