{"id":4692,"date":"2025-09-23T17:33:34","date_gmt":"2025-09-23T16:33:34","guid":{"rendered":"https:\/\/medicaltravel.ch\/hasta-raporlari\/erfahrungsberichte-empfehlungen-behandlungen-beurteilung-tuerkei-istanbul\/istanbuldaki-meme-ameliyatim-deneyimim-26-mayis-2016-persembe-raporu\/"},"modified":"2026-01-12T19:16:36","modified_gmt":"2026-01-12T18:16:36","slug":"istanbuldaki-meme-ameliyatim-deneyimim-26-mayis-2016-persembe-raporu","status":"publish","type":"page","link":"https:\/\/medicaltravel.ch\/tr\/hasta-raporlari\/referanslar-tavsiyeler-tedaviler-degerlendirmeler-turkiye-istanbul\/istanbuldaki-meme-ameliyatim-deneyimim-26-mayis-2016-persembe-raporu\/","title":{"rendered":"\u0130STANBUL&#8217;DAK\u0130 MEME AMEL\u0130YATIM DENEY\u0130M\u0130M \u2013 26 May\u0131s 2016 Per\u015fembe Raporu"},"content":{"rendered":"\n<p>\u0130STANBUL&#8217;DAK\u0130 MEME AMEL\u0130YATIM DENEY\u0130M\u0130M \u2013 26 May\u0131s 2016 Per\u015fembe Raporu<\/p>\n\n\n\n<p>\u00dc\u00e7 \u00e7ocuk annesiyim ve her bir \u00e7ocuktan sonra g\u00f6\u011f\u00fcslerim daha k\u00fc\u00e7\u00fck ve sark\u0131k hale geldi, bu durum beni ger\u00e7ekten \u00e7ok rahats\u0131z ediyordu ve hep Push Up s\u00fctyenleriyle bu durumu gizlemeye \u00e7al\u0131\u015f\u0131yordum. Ama o s\u00fctyeni \u00e7\u0131kard\u0131\u011f\u0131mda ger\u00e7ek yine ortaya \u00e7\u0131k\u0131yordu ve bu durum beni daha da rahats\u0131z etmeye ba\u015flam\u0131\u015ft\u0131. <\/p>\n\n\n\n<p>Bunu arkada\u015f\u0131m ile konu\u015ftum ve birlikte Medical Travel \u00fczerinden Dr. Yazar ile Mulhouse&#8217;da bir \u00f6n g\u00f6r\u00fc\u015fme randevusu ald\u0131k. G\u00f6r\u00fc\u015fme s\u0131ras\u0131nda bu yolu h\u0131zl\u0131 bir \u015fekilde se\u00e7mek istedi\u011fime karar verdim. Dr. Yazar beni \u00e7ok ikna etti ve kendimi g\u00fcvende hissettim.  <\/p>\n\n\n\n<p>\u0130ki ay sonra bir randevu ald\u0131k. Her \u015feyin ne kadar m\u00fckemmel organize edildi\u011fine ger\u00e7ekten \u00e7ok \u015fa\u015f\u0131rd\u0131m. Hi\u00e7bir \u015feyle ilgilenmek zorunda kalmad\u0131k.  <\/p>\n\n\n\n<p>U\u00e7ak biletlerini ve otele yerle\u015fmeyi kendi ba\u015f\u0131m\u0131za ayarlad\u0131k, \u00e7\u00fcnk\u00fc bunu biz istedik.<\/p>\n\n\n\n<p>28 Ocak 2016&#8217;da \u0130stanbul&#8217;a vard\u0131\u011f\u0131m\u0131zda, bizi hastaneye \u00f6n g\u00f6r\u00fc\u015fmeye g\u00f6t\u00fcrecek bir kar\u015f\u0131lama servisi zaten oradayd\u0131.<\/p>\n\n\n\n<p>Hastaneye vard\u0131\u011f\u0131m\u0131zda, dilimizde bizi s\u0131cak bir \u015fekilde kar\u015f\u0131lad\u0131lar. Ard\u0131ndan bir mamografi \u00e7ektirdik ve ertesi g\u00fcn yap\u0131lacak operasyon i\u00e7in \u00f6n g\u00f6r\u00fc\u015fmeyi de hemen ger\u00e7ekle\u015ftirdik. Bize her \u015fey \u00e7ok ayr\u0131nt\u0131l\u0131 bir \u015fekilde anlat\u0131ld\u0131 ve hi\u00e7bir sorumuz kalmad\u0131.  <\/p>\n\n\n\n<p>Sonras\u0131nda otele g\u00f6t\u00fcr\u00fcld\u00fck ve ertesi sabah tam zaman\u0131nda tekrar al\u0131nd\u0131k. M\u00fckemmel hizmet!!! <\/p>\n\n\n\n<p>29 Ocak 2016&#8217;da operasyon yap\u0131ld\u0131. S\u00fcrekli bir rehber e\u015fli\u011finde, operasyon i\u00e7in haz\u0131rland\u0131k. Operasyon sorunsuz ge\u00e7ti. <\/p>\n\n\n\n<p>Uyan\u0131nca \u00e7ok \u015fiddetli a\u011fr\u0131lar\u0131m vard\u0131. Ancak bunlar olduk\u00e7a h\u0131zl\u0131 bir \u015fekilde ge\u00e7ti ve a\u011fr\u0131 daha katlan\u0131labilir hale geldi. Ard\u0131ndan bir gece daha hastanede g\u00f6zlem alt\u0131nda kald\u0131k. Sonraki g\u00fcnlerdeki kontrollerin ard\u0131ndan, bizi tekrar otele g\u00f6t\u00fcrd\u00fcler, burada iki g\u00fcn daha dinlenip, yeni siluetimize al\u0131\u015fmaya \u00e7al\u0131\u015ft\u0131k.   <\/p>\n\n\n\n<p>A bedeninden C bedenine ge\u00e7i\u015f yapt\u0131m. \u0130mplantlar kas alt\u0131na yerle\u015ftirildi. <\/p>\n\n\n\n<p>Harika g\u00f6r\u00fcn\u00fcyor ve kendimi m\u00fckemmel hissediyorum. Art\u0131k \u00e7\u0131plak halde kendimi rahat\u00e7a g\u00f6rebiliyorum ve daha fazlas\u0131n\u0131 beklemiyordum. Otelde ge\u00e7irdi\u011fimiz iki g\u00fcn boyunca yatakta uzan\u0131p, televizyon izleyip ve oda servisi sipari\u015f ederek dinlendik. Ard\u0131ndan, eve d\u00f6n\u00fc\u015f yolculu\u011fumuzdan \u00f6nce son muayene i\u00e7in tekrar al\u0131nd\u0131k. Dr. Yazar memnundu.   <\/p>\n\n\n\n<p>Bize harika ipu\u00e7lar\u0131 ve \u00f6neriler verildi; 3 ay boyunca a\u011f\u0131r kald\u0131rmamak (maksimum 4 kg), spor yapmamak, g\u00fcne\u015fe \u00e7\u0131kmamak vb.<\/p>\n\n\n\n<p>Eve d\u00f6nd\u00fc\u011f\u00fcmde, verilen \u00f6nerilere \u00e7ok dikkat ettim. Her hafta a\u011fr\u0131lar\u0131m azald\u0131, daha hareketli olmaya ba\u015flad\u0131m ve kendimi giderek daha fazla eski halime d\u00f6nm\u00fc\u015f gibi hissettim. <\/p>\n\n\n\n<p>Bug\u00fcn 4 ay ge\u00e7ti ve tekrar her \u015feyi yapabiliyorum, kendimi harika hissediyorum. G\u00f6\u011f\u00fcslerim m\u00fckemmel g\u00f6r\u00fcn\u00fcyor. Harika organizasyona ve Dr. Yazar&#8217;\u0131n inan\u0131lmaz iyi i\u015fine hayran kald\u0131m.  <\/p>\n\n\n\n<p>Doktora ve MedicalTravel ekibine \u00e7ok, \u00e7ok te\u015fekk\u00fcr ederim!!!!!!!<\/p>\n\n\n\n<p>C. Marrotti<\/p>\n\n\n\n<div class=\"wp-block-group is-layout-grid wp-container-core-group-is-layout-baef362d wp-block-group-is-layout-grid\">\n<p><a href=\"https:\/\/medicaltravel.at\/home\/agb\/\" data-type=\"page\" data-id=\"2191\" rel=\"nofollow noopener\" target=\"_blank\"><\/a><a href=\"https:\/\/medicaltravel.ch\/tr\/hasta-raporlari\/referanslar-tavsiyeler-tedaviler-degerlendirmeler-turkiye-istanbul\/kisisel-rapor-istanbuldaki-burun-ameliyatim-30-mayis-2016-pazartesi-tarihli-rapor\/\" data-type=\"link\" data-id=\"https:\/\/medicaltravel.ch\/tr\/hasta-raporlari\/referanslar-tavsiyeler-tedaviler-degerlendirmeler-turkiye-istanbul\/kisisel-rapor-istanbuldaki-burun-ameliyatim-30-mayis-2016-pazartesi-tarihli-rapor\/\">\u00d6nceki rapor<\/a><\/p>\n\n\n\n<p class=\"has-text-align-right wp-container-content-5e2576f9\"><a href=\"https:\/\/medicaltravel.at\/home\/impressum\/\" data-type=\"page\" data-id=\"2193\" rel=\"nofollow noopener\" target=\"_blank\"><\/a><a href=\"https:\/\/medicaltravel.at\/home\/berichte-von-patienten\/erfahrungsberichte\/erfahrungsbericht-zahnbehandlung-in-istanbul\/\" data-type=\"page\" data-id=\"981\" rel=\"nofollow noopener\" target=\"_blank\"><\/a><a href=\"https:\/\/medicaltravel.ch\/tr\/hasta-raporlari\/referanslar-tavsiyeler-tedaviler-degerlendirmeler-turkiye-istanbul\/deneyim-raporu-istanbulda-meme-bueyuetme-ameliyati-tuerkiye-12-mayis-2016-persembe-tarihli-rapor\/\" data-type=\"link\" data-id=\"https:\/\/medicaltravel.ch\/tr\/hasta-raporlari\/referanslar-tavsiyeler-tedaviler-degerlendirmeler-turkiye-istanbul\/deneyim-raporu-istanbulda-meme-bueyuetme-ameliyati-tuerkiye-12-mayis-2016-persembe-tarihli-rapor\/\">Bir sonraki rapor<\/a><\/p>\n<\/div>\n","protected":false},"excerpt":{"rendered":"<p>\u0130STANBUL&#8217;DAK\u0130 MEME AMEL\u0130YATIM DENEY\u0130M\u0130M \u2013 26 May\u0131s 2016 Per\u015fembe Raporu \u00dc\u00e7 \u00e7ocuk annesiyim ve her bir \u00e7ocuktan sonra g\u00f6\u011f\u00fcslerim daha k\u00fc\u00e7\u00fck ve sark\u0131k hale geldi, bu durum beni ger\u00e7ekten \u00e7ok rahats\u0131z ediyordu ve hep Push Up s\u00fctyenleriyle bu durumu gizlemeye \u00e7al\u0131\u015f\u0131yordum. Ama o s\u00fctyeni \u00e7\u0131kard\u0131\u011f\u0131mda ger\u00e7ek yine ortaya \u00e7\u0131k\u0131yordu ve bu durum beni daha da rahats\u0131z etmeye ba\u015flam\u0131\u015ft\u0131. Bunu arkada\u015f\u0131m ile konu\u015ftum ve birlikte Medical Travel \u00fczerinden Dr. Yazar ile Mulhouse&#8217;da bir \u00f6n g\u00f6r\u00fc\u015fme randevusu ald\u0131k. G\u00f6r\u00fc\u015fme s\u0131ras\u0131nda bu yolu h\u0131zl\u0131 bir \u015fekilde se\u00e7mek istedi\u011fime karar verdim. Dr. Yazar beni \u00e7ok ikna etti ve kendimi g\u00fcvende hissettim. \u0130ki ay sonra bir randevu ald\u0131k. Her \u015feyin ne kadar m\u00fckemmel organize edildi\u011fine ger\u00e7ekten \u00e7ok \u015fa\u015f\u0131rd\u0131m. Hi\u00e7bir \u015feyle ilgilenmek zorunda kalmad\u0131k. U\u00e7ak biletlerini ve otele yerle\u015fmeyi kendi ba\u015f\u0131m\u0131za ayarlad\u0131k, \u00e7\u00fcnk\u00fc bunu biz istedik. 28 Ocak 2016&#8217;da \u0130stanbul&#8217;a vard\u0131\u011f\u0131m\u0131zda, bizi hastaneye \u00f6n g\u00f6r\u00fc\u015fmeye g\u00f6t\u00fcrecek bir kar\u015f\u0131lama servisi zaten oradayd\u0131. Hastaneye vard\u0131\u011f\u0131m\u0131zda, dilimizde bizi s\u0131cak bir \u015fekilde kar\u015f\u0131lad\u0131lar. Ard\u0131ndan bir mamografi \u00e7ektirdik ve ertesi g\u00fcn yap\u0131lacak operasyon i\u00e7in \u00f6n g\u00f6r\u00fc\u015fmeyi de hemen ger\u00e7ekle\u015ftirdik. Bize her \u015fey \u00e7ok ayr\u0131nt\u0131l\u0131 bir \u015fekilde anlat\u0131ld\u0131 ve hi\u00e7bir sorumuz kalmad\u0131. Sonras\u0131nda otele g\u00f6t\u00fcr\u00fcld\u00fck ve ertesi sabah tam zaman\u0131nda tekrar al\u0131nd\u0131k. M\u00fckemmel hizmet!!! 29 Ocak 2016&#8217;da operasyon yap\u0131ld\u0131. S\u00fcrekli bir rehber e\u015fli\u011finde, operasyon i\u00e7in haz\u0131rland\u0131k. Operasyon sorunsuz ge\u00e7ti. Uyan\u0131nca \u00e7ok \u015fiddetli a\u011fr\u0131lar\u0131m vard\u0131. Ancak bunlar olduk\u00e7a h\u0131zl\u0131 bir \u015fekilde ge\u00e7ti ve a\u011fr\u0131 daha katlan\u0131labilir hale geldi. Ard\u0131ndan bir gece daha hastanede g\u00f6zlem alt\u0131nda kald\u0131k. Sonraki g\u00fcnlerdeki kontrollerin ard\u0131ndan, bizi tekrar otele g\u00f6t\u00fcrd\u00fcler, burada iki g\u00fcn daha dinlenip, yeni siluetimize al\u0131\u015fmaya \u00e7al\u0131\u015ft\u0131k. A bedeninden C bedenine ge\u00e7i\u015f yapt\u0131m. \u0130mplantlar kas alt\u0131na yerle\u015ftirildi. Harika g\u00f6r\u00fcn\u00fcyor ve kendimi m\u00fckemmel hissediyorum. Art\u0131k \u00e7\u0131plak halde kendimi rahat\u00e7a g\u00f6rebiliyorum ve daha fazlas\u0131n\u0131 beklemiyordum. Otelde ge\u00e7irdi\u011fimiz iki g\u00fcn boyunca yatakta uzan\u0131p, televizyon izleyip ve oda servisi sipari\u015f ederek dinlendik. Ard\u0131ndan, eve d\u00f6n\u00fc\u015f yolculu\u011fumuzdan \u00f6nce son muayene i\u00e7in tekrar al\u0131nd\u0131k. Dr. Yazar memnundu. Bize harika ipu\u00e7lar\u0131 ve \u00f6neriler verildi; 3 ay boyunca a\u011f\u0131r kald\u0131rmamak (maksimum 4 kg), spor yapmamak, g\u00fcne\u015fe \u00e7\u0131kmamak vb. Eve d\u00f6nd\u00fc\u011f\u00fcmde, verilen \u00f6nerilere \u00e7ok dikkat ettim. Her hafta a\u011fr\u0131lar\u0131m azald\u0131, daha hareketli olmaya ba\u015flad\u0131m ve kendimi giderek daha fazla eski halime d\u00f6nm\u00fc\u015f gibi hissettim. Bug\u00fcn 4 ay ge\u00e7ti ve tekrar her \u015feyi yapabiliyorum, kendimi harika hissediyorum. G\u00f6\u011f\u00fcslerim m\u00fckemmel g\u00f6r\u00fcn\u00fcyor. Harika organizasyona ve Dr. Yazar&#8217;\u0131n inan\u0131lmaz iyi i\u015fine hayran kald\u0131m. Doktora ve MedicalTravel ekibine \u00e7ok, \u00e7ok te\u015fekk\u00fcr ederim!!!!!!! C. Marrotti \u00d6nceki rapor Bir sonraki rapor<\/p>\n","protected":false},"author":4,"featured_media":0,"parent":4587,"menu_order":0,"comment_status":"closed","ping_status":"closed","template":"","meta":{"_joinchat":[],"footnotes":""},"class_list":["post-4692","page","type-page","status-publish","hentry"],"acf":[],"_links":{"self":[{"href":"https:\/\/medicaltravel.ch\/tr\/wp-json\/wp\/v2\/pages\/4692","targetHints":{"allow":["GET"]}}],"collection":[{"href":"https:\/\/medicaltravel.ch\/tr\/wp-json\/wp\/v2\/pages"}],"about":[{"href":"https:\/\/medicaltravel.ch\/tr\/wp-json\/wp\/v2\/types\/page"}],"author":[{"embeddable":true,"href":"https:\/\/medicaltravel.ch\/tr\/wp-json\/wp\/v2\/users\/4"}],"replies":[{"embeddable":true,"href":"https:\/\/medicaltravel.ch\/tr\/wp-json\/wp\/v2\/comments?post=4692"}],"version-history":[{"count":0,"href":"https:\/\/medicaltravel.ch\/tr\/wp-json\/wp\/v2\/pages\/4692\/revisions"}],"up":[{"embeddable":true,"href":"https:\/\/medicaltravel.ch\/tr\/wp-json\/wp\/v2\/pages\/4587"}],"wp:attachment":[{"href":"https:\/\/medicaltravel.ch\/tr\/wp-json\/wp\/v2\/media?parent=4692"}],"curies":[{"name":"wp","href":"https:\/\/api.w.org\/{rel}","templated":true}]}}