{"id":4694,"date":"2025-09-23T17:19:33","date_gmt":"2025-09-23T16:19:33","guid":{"rendered":"https:\/\/medicaltravel.ch\/hasta-raporlari\/erfahrungsberichte-empfehlungen-behandlungen-beurteilung-tuerkei-istanbul\/bodrumdaki-goez-kapagi-duezeltme-ameliyatim\/"},"modified":"2026-01-12T18:16:08","modified_gmt":"2026-01-12T17:16:08","slug":"bodrumdaki-goez-kapagi-duezeltme-ameliyatim","status":"publish","type":"page","link":"https:\/\/medicaltravel.ch\/tr\/hasta-raporlari\/referanslar-tavsiyeler-tedaviler-degerlendirmeler-turkiye-istanbul\/bodrumdaki-goez-kapagi-duezeltme-ameliyatim\/","title":{"rendered":"BODRUM&#8217;DAK\u0130 G\u00d6Z KAPA\u011eI D\u00dcZELTME AMEL\u0130YATIM"},"content":{"rendered":"\n<p>BODRUM&#8217;DAK\u0130 G\u00d6Z KAPA\u011eI D\u00dcZELTME AMEL\u0130YATIM \u2013 19 Aral\u0131k 2017 Sal\u0131 G\u00fcn\u00fc Raporu<\/p>\n\n\n\n<p>MedicalTravel&#8217;den tamamen \u00e7ok memnunum! Organizasyonunuz sayesinde \u00e7ok iyi bir deneyim ya\u015fad\u0131m, beni en \u00e7ok etkileyen \u015fey ise sizden ald\u0131\u011f\u0131m hemen geri d\u00f6n\u00fc\u015flerdi! <\/p>\n\n\n\n<p>Dr. Mezili ile yapt\u0131\u011f\u0131m operasyon da \u00e7ok harika bir deneyimdi, kendisi ger\u00e7ekten \u00e7ok sempatik bir doktordu. Bodrum Acibadem Hastanesi m\u00fckemmeldi, terc\u00fcman\u0131n ilgisi ve s\u0131cakl\u0131\u011f\u0131 \u00e7ok samimiydi! Oda kusursuz durumdayd\u0131, bir s\u00fcitten bile daha iyiydi! Acibadem Hastanesi&#8217;ndeki herkese b\u00fcy\u00fck bir te\u015fekk\u00fcr ve \u00f6vg\u00fc! Bu kadar \u00e7ok dostane ve dikkatli bir ilgi kar\u015f\u0131s\u0131nda ger\u00e7ekten \u00e7ok etkilendim!    <\/p>\n\n\n\n<p>Bir kuaf\u00f6r i\u015fletmesi i\u015fletiyorum ve s\u00fcrekli olarak organizasyonunuzdan bahsediyorum, herkes buna hayran kal\u0131yor. Ge\u00e7en \u00e7ar\u015famba gitti\u011fim g\u00f6z doktorum, ba\u015far\u0131y\u0131 duydu\u011funda neredeyse \u015fa\u015fk\u0131nl\u0131k i\u00e7inde kald\u0131. M\u00fcdahale m\u00fckemmel ge\u00e7ti ve g\u00f6zlerimde herhangi bir komplikasyon olmadan iyile\u015fme s\u00fcreci harika ilerledi!  <\/p>\n\n\n\n<p>Bunu hemen tekrar yapar\u0131m! Tabii ki, sizin yard\u0131m\u0131n\u0131zla! Her \u015fey m\u00fckemmel bir \u015fekilde ilerledi. Ayr\u0131ca g\u00f6sterdi\u011finiz t\u00fcm \u00e7aba i\u00e7in size \u00e7ok te\u015fekk\u00fcr ederim.   <\/p>\n\n\n\n<p>Harika bir ekipsiniz! \u00c7ok te\u015fekk\u00fcrler, Carmen Hauser. <\/p>\n\n\n\n<div class=\"wp-block-group is-layout-grid wp-container-core-group-is-layout-baef362d wp-block-group-is-layout-grid\">\n<p><a href=\"https:\/\/medicaltravel.at\/home\/agb\/\" data-type=\"page\" data-id=\"2191\" rel=\"nofollow noopener\" target=\"_blank\"><\/a><a href=\"https:\/\/medicaltravel.ch\/tr\/hasta-raporlari\/referanslar-tavsiyeler-tedaviler-degerlendirmeler-turkiye-istanbul\/istanbuldaki-liposuksiyonum\/\" data-type=\"link\" data-id=\"https:\/\/medicaltravel.ch\/tr\/hasta-raporlari\/referanslar-tavsiyeler-tedaviler-degerlendirmeler-turkiye-istanbul\/istanbuldaki-liposuksiyonum\/\">\u00d6nceki rapor<\/a><\/p>\n\n\n\n<p class=\"has-text-align-right wp-container-content-5e2576f9\"><a href=\"https:\/\/medicaltravel.at\/home\/impressum\/\" data-type=\"page\" data-id=\"2193\" rel=\"nofollow noopener\" target=\"_blank\"><\/a><a href=\"https:\/\/medicaltravel.at\/home\/berichte-von-patienten\/erfahrungsberichte\/erfahrungsbericht-zahnbehandlung-in-istanbul\/\" data-type=\"page\" data-id=\"981\" rel=\"nofollow noopener\" target=\"_blank\"><\/a><a href=\"https:\/\/medicaltravel.ch\/tr\/hasta-raporlari\/referanslar-tavsiyeler-tedaviler-degerlendirmeler-turkiye-istanbul\/istanbuldaki-meme-ameliyatim\/\" data-type=\"link\" data-id=\"https:\/\/medicaltravel.ch\/tr\/hasta-raporlari\/referanslar-tavsiyeler-tedaviler-degerlendirmeler-turkiye-istanbul\/istanbuldaki-meme-ameliyatim\/\">Bir sonraki rapor<\/a><\/p>\n<\/div>\n\n\n\n<p><\/p>\n","protected":false},"excerpt":{"rendered":"<p>BODRUM&#8217;DAK\u0130 G\u00d6Z KAPA\u011eI D\u00dcZELTME AMEL\u0130YATIM \u2013 19 Aral\u0131k 2017 Sal\u0131 G\u00fcn\u00fc Raporu MedicalTravel&#8217;den tamamen \u00e7ok memnunum! Organizasyonunuz sayesinde \u00e7ok iyi bir deneyim ya\u015fad\u0131m, beni en \u00e7ok etkileyen \u015fey ise sizden ald\u0131\u011f\u0131m hemen geri d\u00f6n\u00fc\u015flerdi! Dr. Mezili ile yapt\u0131\u011f\u0131m operasyon da \u00e7ok harika bir deneyimdi, kendisi ger\u00e7ekten \u00e7ok sempatik bir doktordu. Bodrum Acibadem Hastanesi m\u00fckemmeldi, terc\u00fcman\u0131n ilgisi ve s\u0131cakl\u0131\u011f\u0131 \u00e7ok samimiydi! Oda kusursuz durumdayd\u0131, bir s\u00fcitten bile daha iyiydi! Acibadem Hastanesi&#8217;ndeki herkese b\u00fcy\u00fck bir te\u015fekk\u00fcr ve \u00f6vg\u00fc! Bu kadar \u00e7ok dostane ve dikkatli bir ilgi kar\u015f\u0131s\u0131nda ger\u00e7ekten \u00e7ok etkilendim! Bir kuaf\u00f6r i\u015fletmesi i\u015fletiyorum ve s\u00fcrekli olarak organizasyonunuzdan bahsediyorum, herkes buna hayran kal\u0131yor. Ge\u00e7en \u00e7ar\u015famba gitti\u011fim g\u00f6z doktorum, ba\u015far\u0131y\u0131 duydu\u011funda neredeyse \u015fa\u015fk\u0131nl\u0131k i\u00e7inde kald\u0131. M\u00fcdahale m\u00fckemmel ge\u00e7ti ve g\u00f6zlerimde herhangi bir komplikasyon olmadan iyile\u015fme s\u00fcreci harika ilerledi! Bunu hemen tekrar yapar\u0131m! Tabii ki, sizin yard\u0131m\u0131n\u0131zla! Her \u015fey m\u00fckemmel bir \u015fekilde ilerledi. Ayr\u0131ca g\u00f6sterdi\u011finiz t\u00fcm \u00e7aba i\u00e7in size \u00e7ok te\u015fekk\u00fcr ederim. Harika bir ekipsiniz! \u00c7ok te\u015fekk\u00fcrler, Carmen Hauser. \u00d6nceki rapor Bir sonraki rapor<\/p>\n","protected":false},"author":4,"featured_media":0,"parent":4587,"menu_order":0,"comment_status":"closed","ping_status":"closed","template":"","meta":{"_joinchat":[],"footnotes":""},"class_list":["post-4694","page","type-page","status-publish","hentry"],"acf":[],"_links":{"self":[{"href":"https:\/\/medicaltravel.ch\/tr\/wp-json\/wp\/v2\/pages\/4694","targetHints":{"allow":["GET"]}}],"collection":[{"href":"https:\/\/medicaltravel.ch\/tr\/wp-json\/wp\/v2\/pages"}],"about":[{"href":"https:\/\/medicaltravel.ch\/tr\/wp-json\/wp\/v2\/types\/page"}],"author":[{"embeddable":true,"href":"https:\/\/medicaltravel.ch\/tr\/wp-json\/wp\/v2\/users\/4"}],"replies":[{"embeddable":true,"href":"https:\/\/medicaltravel.ch\/tr\/wp-json\/wp\/v2\/comments?post=4694"}],"version-history":[{"count":0,"href":"https:\/\/medicaltravel.ch\/tr\/wp-json\/wp\/v2\/pages\/4694\/revisions"}],"up":[{"embeddable":true,"href":"https:\/\/medicaltravel.ch\/tr\/wp-json\/wp\/v2\/pages\/4587"}],"wp:attachment":[{"href":"https:\/\/medicaltravel.ch\/tr\/wp-json\/wp\/v2\/media?parent=4694"}],"curies":[{"name":"wp","href":"https:\/\/api.w.org\/{rel}","templated":true}]}}