{"id":4696,"date":"2025-09-23T17:13:02","date_gmt":"2025-09-23T16:13:02","guid":{"rendered":"https:\/\/medicaltravel.ch\/hasta-raporlari\/erfahrungsberichte-empfehlungen-behandlungen-beurteilung-tuerkei-istanbul\/istanbulda-goez-kapagi-kaldirma-ve-otolog-yag-enjeksiyonu-islemim\/"},"modified":"2026-01-12T18:56:07","modified_gmt":"2026-01-12T17:56:07","slug":"istanbulda-goez-kapagi-kaldirma-ve-otolog-yag-enjeksiyonu-islemim","status":"publish","type":"page","link":"https:\/\/medicaltravel.ch\/tr\/hasta-raporlari\/referanslar-tavsiyeler-tedaviler-degerlendirmeler-turkiye-istanbul\/istanbulda-goez-kapagi-kaldirma-ve-otolog-yag-enjeksiyonu-islemim\/","title":{"rendered":"\u0130stanbul&#8217;da g\u00f6z kapa\u011f\u0131 kald\u0131rma ve otolog ya\u011f enjeksiyonu i\u015flemim."},"content":{"rendered":"\n<p>\u0130stanbul&#8217;da ger\u00e7ekle\u015ftirdi\u011fim g\u00f6z kapa\u011f\u0131 kald\u0131rma ve otolog ya\u011f enjeksiyonu operasyonumdan bir rapor (13 Haziran 2018, \u00c7ar\u015famba).<\/p>\n\n\n\n<p>\u0130stanbul&#8217;a ikinci kez seyahat ettim, bu sefer sadece y\u00fcz\u00fcmdeki k\u0131r\u0131\u015f\u0131kl\u0131klar i\u00e7in kendi ya\u011f\u0131m ile yap\u0131lan tedavi de\u011fil, ayn\u0131 zamanda g\u00f6z kapa\u011f\u0131 ve \u015fakak germe i\u015flemleri de yapt\u0131rd\u0131m. <\/p>\n\n\n\n<p>T\u0131pk\u0131 Ekim 2017&#8217;de oldu\u011fu gibi, havaliman\u0131nda kar\u015f\u0131land\u0131m. Oradan taksiyle hastaneye g\u00f6t\u00fcr\u00fcld\u00fcm. \u0130lk muayene o g\u00fcn yap\u0131ld\u0131. Ard\u0131ndan otele yerle\u015ftirildim. Otel \u00e7ok yak\u0131nd\u0131, yakla\u015f\u0131k 7 dakikal\u0131k y\u00fcr\u00fcme mesafesindeydi. Elite-World-Hotel&#8217;de konaklad\u0131m ve kesinlikle tavsiye ederim. M\u00fckemmel bir oteldi, y\u00fczme havuzu, sauna, fitness salonu vard\u0131 ve \u00f6zellikle b\u00fcy\u00fck, harika bir kahvalt\u0131 b\u00fcfesi sunuyorlard\u0131. T\u00fcm alanlar \u00e7ok temizdi ve yetkililer \u00e7ok dost canl\u0131s\u0131yd\u0131.        <\/p>\n\n\n\n<p>Ertesi g\u00fcn sabah operasyonum planlanm\u0131\u015ft\u0131. Cerrah Dr. Tatlidede her \u015feyi tekrar a\u00e7\u0131klad\u0131 ve y\u00fcz\u00fcmdeki b\u00f6lgeleri i\u015faretledi. K\u0131sa bir s\u00fcre sonra, zorunlu k\u0131yafetleri giydikten (hastane \u00f6nl\u00fc\u011f\u00fc, sa\u00e7 koruyucu vb.) ve gerekli inf\u00fczyon \u00f6nlemleri al\u0131nd\u0131ktan sonra, ameliyat odas\u0131na al\u0131nd\u0131m. Ancak orada, art\u0131k hi\u00e7bir \u015fey hissetmedim.   <\/p>\n\n\n\n<p>G\u00f6zlerimi a\u00e7t\u0131\u011f\u0131mda hastane odas\u0131nda oldu\u011fumu fark ettim. Al\u0131n b\u00f6lgesinde, yap\u0131lan kesilerle birlikte bantlar vard\u0131. Kendi ya\u011f\u0131m al\u0131nd\u0131 (maalesef benim i\u00e7in biraz zor bulunacak kadar azd\u0131), bu i\u015flem belimden yan taraftan yap\u0131ld\u0131. O b\u00f6lgede de k\u00fc\u00e7\u00fck bir bandaj vard\u0131. Bu alanlar bende olduk\u00e7a \u015fi\u015fti. Bu durumu \u00f6nceki tedaviden biliyordum. Ger\u00e7ekten \u00e7ok rahats\u0131z edici ve dokunuldu\u011funda ya da yatarken olduk\u00e7a a\u011fr\u0131yor. Hatta \u015fimdi, bir ay sonra bile hala hissediyorum. Bu b\u00f6lgelerin iyile\u015fmesi ger\u00e7ekten uzun bir s\u00fcre al\u0131yor.        <\/p>\n\n\n\n<p>\u0130lk gece hastanede kald\u0131m. Ba\u015f\u0131m a\u011fr\u0131yordu ve olduk\u00e7a k\u00f6t\u00fc hissediyordum. Neyse ki her zaman \u00e7a\u011f\u0131rabilece\u011finiz birileri vard\u0131. Bulant\u0131 hissi ba\u015flad\u0131. Bunun nedeni, operasyon nedeniyle saatlerce hi\u00e7bir \u015fey yiyememi\u015f olmamd\u0131. Operasyonun ard\u0131ndan ak\u015fam hastanede ak\u015fam yeme\u011fi verdiler. Yedim ama tad\u0131 tam olarak bana hitap etmedi. Gece boyunca ba\u015fka bir \u015fey yememi istedi\u011fimde, sa\u011f olsunlar bana ba\u015fka bir yemek getirdiler ve o zaman kendimi daha iyi hissetmeye ba\u015flad\u0131m.<br>Uyuyamad\u0131m. A\u011fr\u0131lara kar\u015f\u0131 inf\u00fczyon ald\u0131\u011f\u0131m halde rahatlayamad\u0131m. Sonu\u00e7ta \u00fc\u00e7 farkl\u0131 i\u015flem yap\u0131lm\u0131\u015ft\u0131; sa\u00e7lar\u0131n alt\u0131nda iki b\u00fcy\u00fck kesik, g\u00f6z kapaklar\u0131 ve ka\u015flarda da kesikler vard\u0131. Ya\u011f enjeksiyonunun izleri ise neredeyse hi\u00e7 belli olmuyor. K\u0131r\u0131\u015f\u0131kl\u0131klar kayboldu. Ama bildi\u011fim ve bana da s\u00f6ylenen \u015fey, nihai sonucun yakla\u015f\u0131k 3 ay sonra belirginle\u015fece\u011fi. \u015eimdiden ya\u011f\u0131n biraz azald\u0131\u011f\u0131n\u0131 g\u00f6r\u00fcyorum. Ne yaz\u0131k ki v\u00fccudum nereye olursa olsun pek fazla ya\u011f depolam\u0131yor. Ama en az\u0131ndan \u00f6nceki tedaviden kalan ya\u011flar y\u00fcz\u00fcmde biraz daha dolgunluk sa\u011flam\u0131\u015ft\u0131. Bu sefer de biraz daha eklenmi\u015f oldu.                <\/p>\n\n\n\n<p>\u015eakak germe i\u015fleminin sonucunu hen\u00fcz de\u011ferlendiremiyorum, \u00e7\u00fcnk\u00fc ka\u015flar\u0131n \u00fczerinde k\u00fc\u00e7\u00fck izler h\u00e2l\u00e2 g\u00f6r\u00fcnmekte. San\u0131r\u0131m bu izler zamanla kaybolacak. G\u00f6z kapaklar\u0131 ise sarkan deriden kurtulmu\u015f durumda, fakat biraz \u015fi\u015fmi\u015f gibi g\u00f6r\u00fcn\u00fcyorlar. Bu da zamanla d\u00fczelecek. A\u011fustos ay\u0131nda Zug&#8217;da Dr. Tatlidede ile yap\u0131lacak olan takip muayenemde bu sorular\u0131 kendisine soraca\u011f\u0131m.   <\/p>\n\n\n\n<p>\u0130stanbul&#8217;da toplamda 9 g\u00fcn kald\u0131m. \u0130lk g\u00fcnlerde neredeyse hi\u00e7 bir \u015fey yapmad\u0131m. Ameliyat beni ger\u00e7ekten zorlad\u0131. A\u011fr\u0131 kesicilere ra\u011fmen ba\u015f\u0131m a\u011fr\u0131yordu. Sonraki g\u00fcnlerde biraz \u0130stanbul&#8217;u ke\u015ffetmeye ba\u015flad\u0131m, \u00e7o\u011funlukla y\u00fcr\u00fcyerek ama baz\u0131 yerlerde taksiyle de gezdim. Tek ba\u015f\u0131ma bir kad\u0131n olarak seyahat ediyordum, ama bu kesinlikle bir sorun olmad\u0131. Her yerde rahat\u00e7a hareket edebiliyorsunuz.       <\/p>\n\n\n\n<p>Bu arada, t\u00fcm g\u00f6r\u00fc\u015fmelerimde yan\u0131mda bir terc\u00fcman vard\u0131. Ancak \u0130ngilizce ile de bu s\u00fcre\u00e7te terc\u00fcmana ihtiya\u00e7 duymadan devam edilebilir. <\/p>\n\n\n\n<p>Her \u015fey, ger\u00e7ekten her \u015fey, m\u00fckemmel bir \u015fekilde organize edilmi\u015fti. Ele\u015ftirebilece\u011fim hi\u00e7bir nokta yok. <\/p>\n\n\n\n<p>Herhangi bir sorunuz olursa, her zaman bana ba\u015fvurabilirsiniz.<\/p>\n\n\n\n<p>Jennifer Boligan.<br>8 Haziran 2018<\/p>\n\n\n\n<div class=\"wp-block-group is-layout-grid wp-container-core-group-is-layout-baef362d wp-block-group-is-layout-grid\">\n<p><a href=\"https:\/\/medicaltravel.at\/home\/agb\/\" data-type=\"page\" data-id=\"2191\" rel=\"nofollow noopener\" target=\"_blank\"><\/a><a href=\"https:\/\/medicaltravel.ch\/tr\/hasta-raporlari\/referanslar-tavsiyeler-tedaviler-degerlendirmeler-turkiye-istanbul\/istanbuldaki-dis-tedavim-deneyim-raporu\/\" data-type=\"link\" data-id=\"https:\/\/medicaltravel.ch\/tr\/hasta-raporlari\/referanslar-tavsiyeler-tedaviler-degerlendirmeler-turkiye-istanbul\/istanbuldaki-dis-tedavim-deneyim-raporu\/\">\u00d6nceki rapor<\/a><\/p>\n\n\n\n<p class=\"has-text-align-right wp-container-content-5e2576f9\"><a href=\"https:\/\/medicaltravel.at\/home\/impressum\/\" data-type=\"page\" data-id=\"2193\" rel=\"nofollow noopener\" target=\"_blank\"><\/a><a href=\"https:\/\/medicaltravel.at\/home\/berichte-von-patienten\/erfahrungsberichte\/erfahrungsbericht-zahnbehandlung-in-istanbul\/\" data-type=\"page\" data-id=\"981\" rel=\"nofollow noopener\" target=\"_blank\"><\/a><a href=\"https:\/\/medicaltravel.ch\/tr\/hasta-raporlari\/referanslar-tavsiyeler-tedaviler-degerlendirmeler-turkiye-istanbul\/aci-gecer-sonuc-kalir\/\" data-type=\"link\" data-id=\"https:\/\/medicaltravel.ch\/tr\/hasta-raporlari\/referanslar-tavsiyeler-tedaviler-degerlendirmeler-turkiye-istanbul\/aci-gecer-sonuc-kalir\/\">Bir sonraki rapor<\/a><\/p>\n<\/div>\n","protected":false},"excerpt":{"rendered":"<p>\u0130stanbul&#8217;da ger\u00e7ekle\u015ftirdi\u011fim g\u00f6z kapa\u011f\u0131 kald\u0131rma ve otolog ya\u011f enjeksiyonu operasyonumdan bir rapor (13 Haziran 2018, \u00c7ar\u015famba). \u0130stanbul&#8217;a ikinci kez seyahat ettim, bu sefer sadece y\u00fcz\u00fcmdeki k\u0131r\u0131\u015f\u0131kl\u0131klar i\u00e7in kendi ya\u011f\u0131m ile yap\u0131lan tedavi de\u011fil, ayn\u0131 zamanda g\u00f6z kapa\u011f\u0131 ve \u015fakak germe i\u015flemleri de yapt\u0131rd\u0131m. T\u0131pk\u0131 Ekim 2017&#8217;de oldu\u011fu gibi, havaliman\u0131nda kar\u015f\u0131land\u0131m. Oradan taksiyle hastaneye g\u00f6t\u00fcr\u00fcld\u00fcm. \u0130lk muayene o g\u00fcn yap\u0131ld\u0131. Ard\u0131ndan otele yerle\u015ftirildim. Otel \u00e7ok yak\u0131nd\u0131, yakla\u015f\u0131k 7 dakikal\u0131k y\u00fcr\u00fcme mesafesindeydi. Elite-World-Hotel&#8217;de konaklad\u0131m ve kesinlikle tavsiye ederim. M\u00fckemmel bir oteldi, y\u00fczme havuzu, sauna, fitness salonu vard\u0131 ve \u00f6zellikle b\u00fcy\u00fck, harika bir kahvalt\u0131 b\u00fcfesi sunuyorlard\u0131. T\u00fcm alanlar \u00e7ok temizdi ve yetkililer \u00e7ok dost canl\u0131s\u0131yd\u0131. Ertesi g\u00fcn sabah operasyonum planlanm\u0131\u015ft\u0131. Cerrah Dr. Tatlidede her \u015feyi tekrar a\u00e7\u0131klad\u0131 ve y\u00fcz\u00fcmdeki b\u00f6lgeleri i\u015faretledi. K\u0131sa bir s\u00fcre sonra, zorunlu k\u0131yafetleri giydikten (hastane \u00f6nl\u00fc\u011f\u00fc, sa\u00e7 koruyucu vb.) ve gerekli inf\u00fczyon \u00f6nlemleri al\u0131nd\u0131ktan sonra, ameliyat odas\u0131na al\u0131nd\u0131m. Ancak orada, art\u0131k hi\u00e7bir \u015fey hissetmedim. G\u00f6zlerimi a\u00e7t\u0131\u011f\u0131mda hastane odas\u0131nda oldu\u011fumu fark ettim. Al\u0131n b\u00f6lgesinde, yap\u0131lan kesilerle birlikte bantlar vard\u0131. Kendi ya\u011f\u0131m al\u0131nd\u0131 (maalesef benim i\u00e7in biraz zor bulunacak kadar azd\u0131), bu i\u015flem belimden yan taraftan yap\u0131ld\u0131. O b\u00f6lgede de k\u00fc\u00e7\u00fck bir bandaj vard\u0131. Bu alanlar bende olduk\u00e7a \u015fi\u015fti. Bu durumu \u00f6nceki tedaviden biliyordum. Ger\u00e7ekten \u00e7ok rahats\u0131z edici ve dokunuldu\u011funda ya da yatarken olduk\u00e7a a\u011fr\u0131yor. Hatta \u015fimdi, bir ay sonra bile hala hissediyorum. Bu b\u00f6lgelerin iyile\u015fmesi ger\u00e7ekten uzun bir s\u00fcre al\u0131yor. \u0130lk gece hastanede kald\u0131m. Ba\u015f\u0131m a\u011fr\u0131yordu ve olduk\u00e7a k\u00f6t\u00fc hissediyordum. Neyse ki her zaman \u00e7a\u011f\u0131rabilece\u011finiz birileri vard\u0131. Bulant\u0131 hissi ba\u015flad\u0131. Bunun nedeni, operasyon nedeniyle saatlerce hi\u00e7bir \u015fey yiyememi\u015f olmamd\u0131. Operasyonun ard\u0131ndan ak\u015fam hastanede ak\u015fam yeme\u011fi verdiler. Yedim ama tad\u0131 tam olarak bana hitap etmedi. Gece boyunca ba\u015fka bir \u015fey yememi istedi\u011fimde, sa\u011f olsunlar bana ba\u015fka bir yemek getirdiler ve o zaman kendimi daha iyi hissetmeye ba\u015flad\u0131m.Uyuyamad\u0131m. A\u011fr\u0131lara kar\u015f\u0131 inf\u00fczyon ald\u0131\u011f\u0131m halde rahatlayamad\u0131m. Sonu\u00e7ta \u00fc\u00e7 farkl\u0131 i\u015flem yap\u0131lm\u0131\u015ft\u0131; sa\u00e7lar\u0131n alt\u0131nda iki b\u00fcy\u00fck kesik, g\u00f6z kapaklar\u0131 ve ka\u015flarda da kesikler vard\u0131. Ya\u011f enjeksiyonunun izleri ise neredeyse hi\u00e7 belli olmuyor. K\u0131r\u0131\u015f\u0131kl\u0131klar kayboldu. Ama bildi\u011fim ve bana da s\u00f6ylenen \u015fey, nihai sonucun yakla\u015f\u0131k 3 ay sonra belirginle\u015fece\u011fi. \u015eimdiden ya\u011f\u0131n biraz azald\u0131\u011f\u0131n\u0131 g\u00f6r\u00fcyorum. Ne yaz\u0131k ki v\u00fccudum nereye olursa olsun pek fazla ya\u011f depolam\u0131yor. Ama en az\u0131ndan \u00f6nceki tedaviden kalan ya\u011flar y\u00fcz\u00fcmde biraz daha dolgunluk sa\u011flam\u0131\u015ft\u0131. Bu sefer de biraz daha eklenmi\u015f oldu. \u015eakak germe i\u015fleminin sonucunu hen\u00fcz de\u011ferlendiremiyorum, \u00e7\u00fcnk\u00fc ka\u015flar\u0131n \u00fczerinde k\u00fc\u00e7\u00fck izler h\u00e2l\u00e2 g\u00f6r\u00fcnmekte. San\u0131r\u0131m bu izler zamanla kaybolacak. G\u00f6z kapaklar\u0131 ise sarkan deriden kurtulmu\u015f durumda, fakat biraz \u015fi\u015fmi\u015f gibi g\u00f6r\u00fcn\u00fcyorlar. Bu da zamanla d\u00fczelecek. A\u011fustos ay\u0131nda Zug&#8217;da Dr. Tatlidede ile yap\u0131lacak olan takip muayenemde bu sorular\u0131 kendisine soraca\u011f\u0131m. \u0130stanbul&#8217;da toplamda 9 g\u00fcn kald\u0131m. \u0130lk g\u00fcnlerde neredeyse hi\u00e7 bir \u015fey yapmad\u0131m. Ameliyat beni ger\u00e7ekten zorlad\u0131. A\u011fr\u0131 kesicilere ra\u011fmen ba\u015f\u0131m a\u011fr\u0131yordu. Sonraki g\u00fcnlerde biraz \u0130stanbul&#8217;u ke\u015ffetmeye ba\u015flad\u0131m, \u00e7o\u011funlukla y\u00fcr\u00fcyerek ama baz\u0131 yerlerde taksiyle de gezdim. Tek ba\u015f\u0131ma bir kad\u0131n olarak seyahat ediyordum, ama bu kesinlikle bir sorun olmad\u0131. Her yerde rahat\u00e7a hareket edebiliyorsunuz. Bu arada, t\u00fcm g\u00f6r\u00fc\u015fmelerimde yan\u0131mda bir terc\u00fcman vard\u0131. Ancak \u0130ngilizce ile de bu s\u00fcre\u00e7te terc\u00fcmana ihtiya\u00e7 duymadan devam edilebilir. Her \u015fey, ger\u00e7ekten her \u015fey, m\u00fckemmel bir \u015fekilde organize edilmi\u015fti. Ele\u015ftirebilece\u011fim hi\u00e7bir nokta yok. Herhangi bir sorunuz olursa, her zaman bana ba\u015fvurabilirsiniz. Jennifer Boligan.8 Haziran 2018 \u00d6nceki rapor Bir sonraki rapor<\/p>\n","protected":false},"author":4,"featured_media":0,"parent":4587,"menu_order":0,"comment_status":"closed","ping_status":"closed","template":"","meta":{"_joinchat":[],"footnotes":""},"class_list":["post-4696","page","type-page","status-publish","hentry"],"acf":[],"_links":{"self":[{"href":"https:\/\/medicaltravel.ch\/tr\/wp-json\/wp\/v2\/pages\/4696","targetHints":{"allow":["GET"]}}],"collection":[{"href":"https:\/\/medicaltravel.ch\/tr\/wp-json\/wp\/v2\/pages"}],"about":[{"href":"https:\/\/medicaltravel.ch\/tr\/wp-json\/wp\/v2\/types\/page"}],"author":[{"embeddable":true,"href":"https:\/\/medicaltravel.ch\/tr\/wp-json\/wp\/v2\/users\/4"}],"replies":[{"embeddable":true,"href":"https:\/\/medicaltravel.ch\/tr\/wp-json\/wp\/v2\/comments?post=4696"}],"version-history":[{"count":3,"href":"https:\/\/medicaltravel.ch\/tr\/wp-json\/wp\/v2\/pages\/4696\/revisions"}],"predecessor-version":[{"id":6428,"href":"https:\/\/medicaltravel.ch\/tr\/wp-json\/wp\/v2\/pages\/4696\/revisions\/6428"}],"up":[{"embeddable":true,"href":"https:\/\/medicaltravel.ch\/tr\/wp-json\/wp\/v2\/pages\/4587"}],"wp:attachment":[{"href":"https:\/\/medicaltravel.ch\/tr\/wp-json\/wp\/v2\/media?parent=4696"}],"curies":[{"name":"wp","href":"https:\/\/api.w.org\/{rel}","templated":true}]}}