{"id":4698,"date":"2025-09-23T17:36:45","date_gmt":"2025-09-23T16:36:45","guid":{"rendered":"https:\/\/medicaltravel.ch\/hasta-raporlari\/erfahrungsberichte-empfehlungen-behandlungen-beurteilung-tuerkei-istanbul\/goezlerim-ve-ben-istanbulda-lazer-goez-ameliyati-24-mart-2016-persembe-raporu\/"},"modified":"2026-01-12T19:18:32","modified_gmt":"2026-01-12T18:18:32","slug":"goezlerim-ve-ben-istanbulda-lazer-goez-ameliyati-24-mart-2016-persembe-raporu","status":"publish","type":"page","link":"https:\/\/medicaltravel.ch\/tr\/hasta-raporlari\/referanslar-tavsiyeler-tedaviler-degerlendirmeler-turkiye-istanbul\/goezlerim-ve-ben-istanbulda-lazer-goez-ameliyati-24-mart-2016-persembe-raporu\/","title":{"rendered":"G\u00f6zlerim ve Ben \u2013 \u0130stanbul&#8217;da Lazer G\u00f6z Ameliyat\u0131 \u2013 24 Mart 2016 Per\u015fembe Raporu"},"content":{"rendered":"\n<p>G\u00f6zlerim ve Ben \u2013 \u0130stanbul&#8217;da Lazer G\u00f6z Ameliyat\u0131 \u2013 24 Mart 2016 Per\u015fembe Raporu<\/p>\n\n\n\n<p>Y\u0131llard\u0131r g\u00f6zl\u00fck takmak zorundayd\u0131m ve bir s\u00fcre sonra kontakt lenslere ge\u00e7tim. Ama hi\u00e7bir zaman %100 memnun kalmad\u0131m \u00e7\u00fcnk\u00fc \u00f6zellikle hastaland\u0131\u011f\u0131mda lensler g\u00f6zlerimi kurutuyordu. Tabii ki soruyorsunuz, neden g\u00f6zl\u00fck takm\u0131yorsun? \u00c7\u00fcnk\u00fc g\u00f6zl\u00fckle etraf\u0131 tam olarak g\u00f6remiyorum.   <\/p>\n\n\n\n<p>Yakla\u015f\u0131k 10 y\u0131l \u00f6nce g\u00f6z lazeri hakk\u0131nda bir g\u00f6z doktorundan bilgi alm\u0131\u015ft\u0131m. Gen\u00e7ken, g\u00f6zlerin tam geli\u015febilmesi i\u00e7in b\u00fcy\u00fcm\u00fc\u015f olmam gerekti\u011fi s\u00f6ylenmi\u015fti. Tabii ki, maliyetler konusunda pek bir \u015fey s\u00f6ylememe gerek yok. 5 y\u0131l sonra bir arkada\u015f\u0131m\u0131n g\u00f6zlerini lazerle tedavi ettirdi\u011fini \u00f6\u011frendim. Nerede? Tabii ki \u0130stanbul&#8217;da. Oras\u0131 \u00e7ok uygun fiyatl\u0131 ve bir\u00e7ok avantaj\u0131 da var. Arkada\u015f\u0131m lazer tedavisi s\u0131ras\u0131nda pek \u015fansl\u0131 de\u011fildi \u00e7\u00fcnk\u00fc makine \u00e7al\u0131\u015fmam\u0131\u015f. Bunun nedeni yaz\u0131l\u0131m sorunuymu\u015f. Bu y\u00fczden tedavi uzun s\u00fcrd\u00fc, cihaz tamir edilip tekrar \u00e7al\u0131\u015ft\u0131r\u0131ld\u0131ktan sonra i\u015flemi tamamlayabildiler. Tabii, o noktada biraz teredd\u00fct ettim, acaba ger\u00e7ekten T\u00fcrkiye&#8217;de lazer yapt\u0131rmal\u0131 m\u0131y\u0131m? \u0130svi\u00e7re daha g\u00fcvenli de\u011fil mi? Ama arkada\u015f\u0131m, b\u00f6yle bir sorunla kar\u015f\u0131la\u015f\u0131lacaksa, doktorlar\u0131n bunu daha h\u0131zl\u0131 \u00e7\u00f6zebilece\u011fini s\u00f6yledi. Sonu\u00e7ta bir ilk olmak zorundayd\u0131m ve hatalar her yerde olabilir. Herkesin ba\u015f\u0131na gelmez tabii. Sonunda, lazer sonras\u0131 \u00e7ok iyi sonu\u00e7lar ald\u0131\u011f\u0131n\u0131 g\u00f6rd\u00fcm, \u00fcstelik o daha y\u00fcksek bir g\u00f6z bozuklu\u011funa sahipti. 3-4 y\u0131l sonra, ben de g\u00f6z lazeri hakk\u0131nda ciddi \u015fekilde ara\u015ft\u0131rma yapmaya ba\u015flad\u0131\u011f\u0131mda, ben de \u0130stanbul&#8217;da lazer yapt\u0131rmaya karar verdim. Sonu\u00e7ta, do\u011frudan tan\u0131d\u0131\u011f\u0131m ve dolayl\u0131 olarak birka\u00e7 ki\u015fiyi tan\u0131yorum ki, onlar da orada lazer yapt\u0131rm\u0131\u015f ve \u015fu ana kadar \u00e7ok iyi sonu\u00e7lar alm\u0131\u015flar. Okudu\u011fum kadar\u0131yla, T\u00fcrkiye&#8217;deki doktorlar \u00e7ok daha deneyimli \u00e7\u00fcnk\u00fc s\u00fcrekli olarak g\u00f6z lazeri yap\u0131yorlar. Ayr\u0131ca, bir avantaj daha var: Takip kontrollerini \u0130svi\u00e7re&#8217;de yapt\u0131rabiliyorsunuz.                      <\/p>\n\n\n\n<p>B\u00f6ylece, detaylar hakk\u0131nda daha fazla bilgi almak istedim ve telefonla olduk\u00e7a nazik bir \u015fekilde bana her \u015feyi a\u00e7\u0131klayan Say\u0131n Kara ile g\u00f6r\u00fc\u015ft\u00fcm. \u0130lk \u00f6n muayenemi Dr. Banu Co\u015far ile yapt\u0131m. G\u00f6z lazerine girmeden \u00f6nce doktoru g\u00f6rmek ger\u00e7ekten \u00e7ok g\u00fczel bir \u015feydi. Bir terc\u00fcman da t\u00fcm g\u00f6r\u00fc\u015fmeyi dikkatlice \u00e7evirdi. Aram\u0131zda hi\u00e7bir ileti\u015fim sorunu hissetmedim, bu benim i\u00e7in \u00e7ok \u00f6nemliydi \u00e7\u00fcnk\u00fc g\u00f6zler ger\u00e7ekten v\u00fccudun en \u00f6nemli organlar\u0131ndan biri. En \u00f6nemli sorular\u0131mdan biri de, lazer tedavisi sonucu k\u00f6r olma riskim olup olmad\u0131\u011f\u0131yd\u0131. Cevap ise kesinlikle hay\u0131r, garantili olarak k\u00f6rl\u00fck riski yoktu.       <\/p>\n\n\n\n<p>Ne lazer hakk\u0131nda ara\u015ft\u0131rma yapt\u0131m ne de hasta yorumlar\u0131n\u0131 okudum. \u00c7\u00fcnk\u00fc ben hen\u00fcz d\u00fc\u015f\u00fcnme a\u015famas\u0131nda de\u011fildim, tam tersine, kesinlikle yapt\u0131rmak istedi\u011fime karar vermi\u015ftim ve sadece olumlu d\u00fc\u015f\u00fcnmeye odakland\u0131m. Lasik&#8217;i ne zaman yapt\u0131rmak istedi\u011fimi belirttikten sonra, her \u015fey organize edildi (u\u00e7u\u015f, otel, kar\u015f\u0131lama servisi) ve ard\u0131ndan gerekli belgeler bana g\u00f6nderildi. Bunlardan biri Swisslasik Pass&#8217;t\u0131. Bu pass harika \u00e7\u00fcnk\u00fc t\u00fcm bilgiler, e-u\u00e7ak bileti dahil, i\u00e7inde yer al\u0131yor.     <\/p>\n\n\n\n<p>\u0130ki g\u00fcn \u00f6nce, yani seyahatten iki g\u00fcn \u00f6nce, 39.5\u00b0C ate\u015fle angina oldum. Ameliyat\u0131 iptal etmek istemedi\u011fim i\u00e7in \u00e7ok stresliydim. Antibiyotik ve ate\u015f d\u00fc\u015f\u00fcr\u00fcc\u00fc gibi ila\u00e7lar kullanmam gerekti\u011fi i\u00e7in lazer tedavisinin yap\u0131labilir mi, yap\u0131labilir mi diye \u015f\u00fcpheye d\u00fc\u015ft\u00fcm. Ancak, seyahatten bir g\u00fcn \u00f6nce, yani sal\u0131 g\u00fcn\u00fc, biraz dinlenebildim. Hi\u00e7 heyecanlanmad\u0131m \u00e7\u00fcnk\u00fc tek iste\u011fim sa\u011fl\u0131\u011f\u0131ma kavu\u015fmak ve g\u00f6z lazerini ba\u015far\u0131yla atlatmakt\u0131.    <\/p>\n\n\n\n<p>\u00c7ar\u015famba sabah\u0131 havaalan\u0131nda tekrar ate\u015fim \u00e7\u0131kt\u0131. Ate\u015fim y\u00fckselip d\u00fc\u015f\u00fcyordu. Bitkin bir \u015fekilde, yan\u0131mdaki arkada\u015f\u0131m ile u\u00e7a\u011fa bindim ve sadece her \u015feyin yolunda gitmesini umut ettim. T\u00fcrkiye&#8217;deki havaalan\u0131nda pasaport kontrol\u00fc uzun s\u00fcrd\u00fc, \u00e7\u00fcnk\u00fc bir bilgisayar sistem hatas\u0131 vard\u0131. Birbirimizi anlayamad\u0131\u011f\u0131m\u0131z i\u00e7in neyin problem oldu\u011funu da bilemedik. Ben sadece otele gitmek ve dinlenmek istiyordum. Nihayet valizlerimizi almak i\u00e7in gitti\u011fimizde, valizlerimiz orada de\u011fildi. Bu s\u0131rada Acibadem&#8217;den bir kad\u0131n beni arayarak nerede oldu\u011fumuzu sordu. Uzun bir s\u00fcre sonra, iki kaybolmu\u015f valizi kenarda bulduk. Ard\u0131ndan &#8220;Acibadem Health Point&#8221; bulu\u015fma noktas\u0131na gidebildik. Taksi birka\u00e7 dakika i\u00e7inde gelecekti, dediler. Sonunda taksiye bindik ve \u015fof\u00f6r bizi otele g\u00f6t\u00fcrd\u00fc. Otelde saat 19:00 civar\u0131ndayd\u0131 ve hava kararm\u0131\u015ft\u0131. Ger\u00e7ekten yorucu bir g\u00fcnd\u00fc.              <\/p>\n\n\n\n<p>H\u00e2l\u00e2 bo\u011faz\u0131m a\u011fr\u0131yordu. \u0130la\u00e7lar\u0131m\u0131 d\u00fczenli olarak almaya devam ettim. <\/p>\n\n\n\n<p>Bug\u00fcn g\u00f6z lazeri g\u00fcn\u00fcyd\u00fc. \u00c7ok k\u00f6t\u00fc uyumu\u015ftum. Bir k\u0131sm\u0131 hastal\u0131\u011f\u0131mdan dolay\u0131yd\u0131, di\u011fer k\u0131sm\u0131 ise kesinlikle lazer konusunda i\u00e7sel bir huzursuzluktu. Yine de hala sinirlenmemi\u015ftim. Sadece her \u015feyin yolunda gidece\u011fini pozitif d\u00fc\u015f\u00fcnerek ge\u00e7irdim. Saat 9&#8217;da k\u00fc\u00e7\u00fck Acibadem otob\u00fcs\u00fc bizi ald\u0131. Acibadem Hastanesi&#8217;nde detayl\u0131 \u00f6n muayene yap\u0131ld\u0131. Terc\u00fcman Tolga Bey her \u015feyi iyi bir \u015fekilde \u00e7evirdi. G\u00f6zlerimin lazer i\u00e7in uygun oldu\u011fu ve \u00f6\u011fleden sonra lazer tedavisinin yap\u0131laca\u011f\u0131 s\u00f6ylendi. \u00d6\u011fle saatlerinde hastanede yemek yiyebildik. H\u00e2l\u00e2 bo\u011faz\u0131m a\u011fr\u0131yordu ama ate\u015fim nihayet d\u00fc\u015ft\u00fc ve umar\u0131m \u00f6yle kal\u0131r diye \u00e7ok dua ettim. Sonras\u0131nda Tolga Bey bizi ald\u0131. Lazer hakk\u0131nda bir \u015feyler okumam ve imzalamam gerekiyordu. Arkada\u015f\u0131m bekleme odas\u0131nda bekledi ve ben bir \u00f6n odaya ge\u00e7tim. Orada hijyen korumas\u0131 i\u00e7in ye\u015fil ameliyat k\u0131yafetleri giydim ve ameliyat salonuna g\u00f6t\u00fcr\u00fcld\u00fcm. Yatakta uzan\u0131rken biraz korkmaya ba\u015flad\u0131m. Dr. Co\u015far g\u00f6zlerimi a\u00e7maya ba\u015flad\u0131\u011f\u0131nda, bir saniye boyunca her \u015feyi b\u0131rak\u0131p gitmeyi d\u00fc\u015f\u00fcnd\u00fcm. Ama hay\u0131r, bunu ba\u015farabilirim. Hatta di\u015f\u00e7iye gitmek bile g\u00f6z doktorundan \u00e7ok daha k\u00f6t\u00fc olurdu. Ama g\u00f6z lazerinde, lazer yap\u0131l\u0131rken hi\u00e7bir \u015fey g\u00f6rm\u00fcyorsunuz. Bu beni \u00e7ok korkutuyordu. Ama \u015f\u00f6yle d\u00fc\u015f\u00fcn\u00fcn: Siyah bir zemin \u00fczerinde ger\u00e7ekten g\u00fczel desenler g\u00f6r\u00fcyorsunuz, hareket ediyorlar. \u00d6rne\u011fin, bazen g\u00f6zlerinizi s\u0131k\u0131ca ovu\u015fturdu\u011funuzda da benzer desenler g\u00f6r\u00fcrs\u00fcn\u00fcz. Hi\u00e7 rahats\u0131z edici de\u011fildi. Sadece korku vard\u0131. Korkudan kendi kolumu s\u0131ms\u0131k\u0131 tuttum. Birka\u00e7 dakika sonra sa\u011f g\u00f6z\u00fcm i\u00e7in lazer i\u015fleminin tamamland\u0131\u011f\u0131 s\u00f6ylendi. \u00c7ok \u015fa\u015f\u0131rd\u0131m. Ard\u0131ndan sol g\u00f6z\u00fcm de tamamland\u0131. Hi\u00e7bir \u015fey hissetmedim. Ne a\u011fr\u0131, ne de ba\u015fka bir \u015fey. Kendimi \u00e7ok iyi hissediyordum. Biraz bulan\u0131k g\u00f6rebiliyordum tabii, ama olduk\u00e7a iyi g\u00f6r\u00fcyordum. G\u00f6zlerimi ovu\u015fturup ya da ba\u015fka bir \u015fey yapmamak i\u00e7in koruyucu g\u00fcne\u015f g\u00f6zl\u00fc\u011f\u00fc verildi, ad\u0131 \u00fcst\u00fcnde, bu g\u00f6zl\u00fc\u011f\u00fc gece boyunca takmam gerekti. Ertesi g\u00fcn normal g\u00fcne\u015f g\u00f6zl\u00fc\u011f\u00fcm\u00fc takabilecektim. Otele giderken arabada zaten rahat\u00e7a g\u00f6rebiliyordum ama g\u00f6zlerimde bir miktar yabanc\u0131 cisim varm\u0131\u015f gibi hissettim. Bu y\u00fczden g\u00f6zlerimi kapal\u0131 tutuyordum. Ama o kadar da k\u00f6t\u00fc de\u011fildi. Otelde biraz dinlendim. Arkada\u015f\u0131m, doktorun \u00f6nerdi\u011fi gibi her saat ba\u015f\u0131 bana g\u00f6z damlas\u0131 uygulad\u0131. Bu benim i\u00e7in \u00e7ok b\u00fcy\u00fck bir yard\u0131mc\u0131yd\u0131 \u00e7\u00fcnk\u00fc s\u00fcrekli saati kontrol etmek zorunda kalmad\u0131m. Yakla\u015f\u0131k 1-2 saat sonra yabanc\u0131 cisim hissi ge\u00e7meye ba\u015flad\u0131 ve gayet iyi g\u00f6r\u00fcyordum. Ama yine de 2 saat daha dinlenmeye karar verdim, \u00e7\u00fcnk\u00fc bu da bir \u00f6neriydi. Ak\u015fam, hava karard\u0131\u011f\u0131nda d\u0131\u015far\u0131 \u00e7\u0131kt\u0131k. Her \u015fey m\u00fckemmel gitti. Koruyucu g\u00f6zl\u00fckle rahat\u00e7a uyudum. <\/p>\n\n\n\n<p>Sabah uyand\u0131\u011f\u0131mda, ilk i\u015fim g\u00f6zl\u00fc\u011f\u00fcm\u00fc takmak istedim, ama her \u015feyi m\u00fckemmel bir \u015fekilde g\u00f6rd\u00fc\u011f\u00fcm\u00fc fark ettim. Ak\u015fam ise neredeyse kontakt lenslerimi \u00e7\u0131karacak gibi oldum, halbuki art\u0131k onlar\u0131 takm\u0131yordum. \u00c7ok garipti, \u00e7\u00fcnk\u00fc g\u00f6zl\u00fcklerimi \u00e7\u0131kar\u0131p yatmak olan ak\u015fam rutinim bir anda kaybolmu\u015ftu. Ger\u00e7ekten bamba\u015fka bir d\u00fcnya, bamba\u015fka bir ya\u015fam. Nihayet!!! \ud83d\ude42<\/p>\n\n\n\n<p>Cuma sabah\u0131 Acibadem Hastanesi&#8217;nde ilk kontrol\u00fcm yap\u0131ld\u0131. Her \u015feyin \u00e7ok iyi g\u00f6r\u00fcnd\u00fc\u011f\u00fc s\u00f6ylendi. <\/p>\n\n\n\n<p>Otel \u00e7ok g\u00fczeldi. Ayr\u0131ca otelde birka\u00e7 ki\u015fi de Almanca konu\u015fuyordu. <\/p>\n\n\n\n<p>Otelde, \u00f6zellikle g\u00f6z lazeri veya sa\u00e7 ekimi, estetik ameliyatlar gibi \u00e7e\u015fitli operasyonlar i\u00e7in gelen \u00e7ok say\u0131da insan vard\u0131. Bu sayede di\u011fer hastalarla tan\u0131\u015fma f\u0131rsat\u0131m oldu, bu da benim i\u00e7in \u00e7ok ho\u015f bir deneyimdi. Birka\u00e7 g\u00fcn daha kald\u0131k ve \u015fehri gezdik. \u015eehir de ger\u00e7ekten \u00e7ok ho\u015fuma gitti.    <\/p>\n\n\n\n<p>\u0130lk ay boyunca s\u00fcrekli g\u00f6rme keskinli\u011fi de\u011fi\u015fimleri ya\u015fad\u0131m, bu da g\u00f6zlerimin stabille\u015fmesi i\u00e7in 1-3 ay daha zamana ihtiyac\u0131 oldu\u011fu anlam\u0131na geliyordu. Sol g\u00f6z\u00fcm s\u00fcrekli olarak tahri\u015f oldu ve sol g\u00f6zle daha k\u00f6t\u00fc g\u00f6r\u00fcyordum, sa\u011f g\u00f6z\u00fcme g\u00f6re. Bir ay sonra \u0130svi\u00e7re&#8217;deki ilk takip muayenemi yapt\u0131rd\u0131m. G\u00f6zlerim h\u00e2l\u00e2 kuru, bu da normal bir durum. Bu y\u00fczden sol g\u00f6z\u00fcm de zaman zaman tahri\u015f oluyordu. Ancak de\u011ferler, sol g\u00f6z\u00fcm\u00fcn sa\u011f g\u00f6z\u00fcmden \u00e7ok daha iyi g\u00f6rd\u00fc\u011f\u00fcn\u00fc g\u00f6sterdi, bu da beni olduk\u00e7a \u015fa\u015f\u0131rtt\u0131. Bu durum beni rahatlatt\u0131. \u0130ki ay i\u00e7inde g\u00f6zlerin daha da stabille\u015fmesi bekleniyor. Her durumda, her \u015fey gayet iyi g\u00f6r\u00fcn\u00fcyor ve art\u0131k g\u00f6zl\u00fc\u011fe ihtiyac\u0131m yok. Yine de g\u00f6z damlalar\u0131m\u0131 d\u00fczenli olarak kullanmaya devam ediyorum. Birka\u00e7 ay i\u00e7inde bu damlalara da ihtiyac\u0131m kalmayacak.           <\/p>\n\n\n\n<p>G\u00f6z lazeri i\u00e7in Dr. Co\u015far&#8217;a, terc\u00fcman Tolga Bey&#8217;e, ve tabii ki i\u015fyeri m\u00fcd\u00fcr\u00fc Say\u0131n Kara&#8217;ya ve idari i\u015fler sorumlusu Say\u0131n Lamas&#8217;a \u00e7ok te\u015fekk\u00fcr ederim. Her zaman i\u015fbirli\u011fi i\u00e7inde oldular ve sorular\u0131m\u0131 her zaman g\u00fczel bir \u015fekilde yan\u0131tlad\u0131lar.<\/p>\n\n\n\n<p>\u0130svi\u00e7re&#8217;den Lahvannjah<\/p>\n\n\n\n<div class=\"wp-block-group is-layout-grid wp-container-core-group-is-layout-baef362d wp-block-group-is-layout-grid\">\n<p><a href=\"https:\/\/medicaltravel.at\/home\/agb\/\" data-type=\"page\" data-id=\"2191\" rel=\"nofollow noopener\" target=\"_blank\"><\/a><a href=\"https:\/\/medicaltravel.ch\/tr\/hasta-raporlari\/referanslar-tavsiyeler-tedaviler-degerlendirmeler-turkiye-istanbul\/istanbulda-gercekten-bir-prenses-gibi-muamele-goerduem-istanbulda-ortodontik-tedavi-22-nisan-2016-cuma-tarihli-rapor\/\" data-type=\"link\" data-id=\"https:\/\/medicaltravel.ch\/tr\/hasta-raporlari\/referanslar-tavsiyeler-tedaviler-degerlendirmeler-turkiye-istanbul\/istanbulda-gercekten-bir-prenses-gibi-muamele-goerduem-istanbulda-ortodontik-tedavi-22-nisan-2016-cuma-tarihli-rapor\/\">\u00d6nceki rapor<\/a><\/p>\n\n\n\n<p class=\"has-text-align-right wp-container-content-5e2576f9\"><a href=\"https:\/\/medicaltravel.at\/home\/impressum\/\" data-type=\"page\" data-id=\"2193\" rel=\"nofollow noopener\" target=\"_blank\"><\/a><a href=\"https:\/\/medicaltravel.at\/home\/berichte-von-patienten\/erfahrungsberichte\/erfahrungsbericht-zahnbehandlung-in-istanbul\/\" data-type=\"page\" data-id=\"981\" rel=\"nofollow noopener\" target=\"_blank\"><\/a><a href=\"https:\/\/medicaltravel.ch\/tr\/hasta-raporlari\/referanslar-tavsiyeler-tedaviler-degerlendirmeler-turkiye-istanbul\/deneyim-raporu-istanbulda-sac-ekimi-17-subat-2016-carsamba-tarihli-rapor\/\" data-type=\"link\" data-id=\"https:\/\/medicaltravel.ch\/tr\/hasta-raporlari\/referanslar-tavsiyeler-tedaviler-degerlendirmeler-turkiye-istanbul\/deneyim-raporu-istanbulda-sac-ekimi-17-subat-2016-carsamba-tarihli-rapor\/\">Bir sonraki rapor<\/a><\/p>\n<\/div>\n","protected":false},"excerpt":{"rendered":"<p>G\u00f6zlerim ve Ben \u2013 \u0130stanbul&#8217;da Lazer G\u00f6z Ameliyat\u0131 \u2013 24 Mart 2016 Per\u015fembe Raporu Y\u0131llard\u0131r g\u00f6zl\u00fck takmak zorundayd\u0131m ve bir s\u00fcre sonra kontakt lenslere ge\u00e7tim. Ama hi\u00e7bir zaman %100 memnun kalmad\u0131m \u00e7\u00fcnk\u00fc \u00f6zellikle hastaland\u0131\u011f\u0131mda lensler g\u00f6zlerimi kurutuyordu. Tabii ki soruyorsunuz, neden g\u00f6zl\u00fck takm\u0131yorsun? \u00c7\u00fcnk\u00fc g\u00f6zl\u00fckle etraf\u0131 tam olarak g\u00f6remiyorum. Yakla\u015f\u0131k 10 y\u0131l \u00f6nce g\u00f6z lazeri hakk\u0131nda bir g\u00f6z doktorundan bilgi alm\u0131\u015ft\u0131m. Gen\u00e7ken, g\u00f6zlerin tam geli\u015febilmesi i\u00e7in b\u00fcy\u00fcm\u00fc\u015f olmam gerekti\u011fi s\u00f6ylenmi\u015fti. Tabii ki, maliyetler konusunda pek bir \u015fey s\u00f6ylememe gerek yok. 5 y\u0131l sonra bir arkada\u015f\u0131m\u0131n g\u00f6zlerini lazerle tedavi ettirdi\u011fini \u00f6\u011frendim. Nerede? Tabii ki \u0130stanbul&#8217;da. Oras\u0131 \u00e7ok uygun fiyatl\u0131 ve bir\u00e7ok avantaj\u0131 da var. Arkada\u015f\u0131m lazer tedavisi s\u0131ras\u0131nda pek \u015fansl\u0131 de\u011fildi \u00e7\u00fcnk\u00fc makine \u00e7al\u0131\u015fmam\u0131\u015f. Bunun nedeni yaz\u0131l\u0131m sorunuymu\u015f. Bu y\u00fczden tedavi uzun s\u00fcrd\u00fc, cihaz tamir edilip tekrar \u00e7al\u0131\u015ft\u0131r\u0131ld\u0131ktan sonra i\u015flemi tamamlayabildiler. Tabii, o noktada biraz teredd\u00fct ettim, acaba ger\u00e7ekten T\u00fcrkiye&#8217;de lazer yapt\u0131rmal\u0131 m\u0131y\u0131m? \u0130svi\u00e7re daha g\u00fcvenli de\u011fil mi? Ama arkada\u015f\u0131m, b\u00f6yle bir sorunla kar\u015f\u0131la\u015f\u0131lacaksa, doktorlar\u0131n bunu daha h\u0131zl\u0131 \u00e7\u00f6zebilece\u011fini s\u00f6yledi. Sonu\u00e7ta bir ilk olmak zorundayd\u0131m ve hatalar her yerde olabilir. Herkesin ba\u015f\u0131na gelmez tabii. Sonunda, lazer sonras\u0131 \u00e7ok iyi sonu\u00e7lar ald\u0131\u011f\u0131n\u0131 g\u00f6rd\u00fcm, \u00fcstelik o daha y\u00fcksek bir g\u00f6z bozuklu\u011funa sahipti. 3-4 y\u0131l sonra, ben de g\u00f6z lazeri hakk\u0131nda ciddi \u015fekilde ara\u015ft\u0131rma yapmaya ba\u015flad\u0131\u011f\u0131mda, ben de \u0130stanbul&#8217;da lazer yapt\u0131rmaya karar verdim. Sonu\u00e7ta, do\u011frudan tan\u0131d\u0131\u011f\u0131m ve dolayl\u0131 olarak birka\u00e7 ki\u015fiyi tan\u0131yorum ki, onlar da orada lazer yapt\u0131rm\u0131\u015f ve \u015fu ana kadar \u00e7ok iyi sonu\u00e7lar alm\u0131\u015flar. Okudu\u011fum kadar\u0131yla, T\u00fcrkiye&#8217;deki doktorlar \u00e7ok daha deneyimli \u00e7\u00fcnk\u00fc s\u00fcrekli olarak g\u00f6z lazeri yap\u0131yorlar. Ayr\u0131ca, bir avantaj daha var: Takip kontrollerini \u0130svi\u00e7re&#8217;de yapt\u0131rabiliyorsunuz. B\u00f6ylece, detaylar hakk\u0131nda daha fazla bilgi almak istedim ve telefonla olduk\u00e7a nazik bir \u015fekilde bana her \u015feyi a\u00e7\u0131klayan Say\u0131n Kara ile g\u00f6r\u00fc\u015ft\u00fcm. \u0130lk \u00f6n muayenemi Dr. Banu Co\u015far ile yapt\u0131m. G\u00f6z lazerine girmeden \u00f6nce doktoru g\u00f6rmek ger\u00e7ekten \u00e7ok g\u00fczel bir \u015feydi. Bir terc\u00fcman da t\u00fcm g\u00f6r\u00fc\u015fmeyi dikkatlice \u00e7evirdi. Aram\u0131zda hi\u00e7bir ileti\u015fim sorunu hissetmedim, bu benim i\u00e7in \u00e7ok \u00f6nemliydi \u00e7\u00fcnk\u00fc g\u00f6zler ger\u00e7ekten v\u00fccudun en \u00f6nemli organlar\u0131ndan biri. En \u00f6nemli sorular\u0131mdan biri de, lazer tedavisi sonucu k\u00f6r olma riskim olup olmad\u0131\u011f\u0131yd\u0131. Cevap ise kesinlikle hay\u0131r, garantili olarak k\u00f6rl\u00fck riski yoktu. Ne lazer hakk\u0131nda ara\u015ft\u0131rma yapt\u0131m ne de hasta yorumlar\u0131n\u0131 okudum. \u00c7\u00fcnk\u00fc ben hen\u00fcz d\u00fc\u015f\u00fcnme a\u015famas\u0131nda de\u011fildim, tam tersine, kesinlikle yapt\u0131rmak istedi\u011fime karar vermi\u015ftim ve sadece olumlu d\u00fc\u015f\u00fcnmeye odakland\u0131m. Lasik&#8217;i ne zaman yapt\u0131rmak istedi\u011fimi belirttikten sonra, her \u015fey organize edildi (u\u00e7u\u015f, otel, kar\u015f\u0131lama servisi) ve ard\u0131ndan gerekli belgeler bana g\u00f6nderildi. Bunlardan biri Swisslasik Pass&#8217;t\u0131. Bu pass harika \u00e7\u00fcnk\u00fc t\u00fcm bilgiler, e-u\u00e7ak bileti dahil, i\u00e7inde yer al\u0131yor. \u0130ki g\u00fcn \u00f6nce, yani seyahatten iki g\u00fcn \u00f6nce, 39.5\u00b0C ate\u015fle angina oldum. Ameliyat\u0131 iptal etmek istemedi\u011fim i\u00e7in \u00e7ok stresliydim. Antibiyotik ve ate\u015f d\u00fc\u015f\u00fcr\u00fcc\u00fc gibi ila\u00e7lar kullanmam gerekti\u011fi i\u00e7in lazer tedavisinin yap\u0131labilir mi, yap\u0131labilir mi diye \u015f\u00fcpheye d\u00fc\u015ft\u00fcm. Ancak, seyahatten bir g\u00fcn \u00f6nce, yani sal\u0131 g\u00fcn\u00fc, biraz dinlenebildim. Hi\u00e7 heyecanlanmad\u0131m \u00e7\u00fcnk\u00fc tek iste\u011fim sa\u011fl\u0131\u011f\u0131ma kavu\u015fmak ve g\u00f6z lazerini ba\u015far\u0131yla atlatmakt\u0131. \u00c7ar\u015famba sabah\u0131 havaalan\u0131nda tekrar ate\u015fim \u00e7\u0131kt\u0131. Ate\u015fim y\u00fckselip d\u00fc\u015f\u00fcyordu. Bitkin bir \u015fekilde, yan\u0131mdaki arkada\u015f\u0131m ile u\u00e7a\u011fa bindim ve sadece her \u015feyin yolunda gitmesini umut ettim. T\u00fcrkiye&#8217;deki havaalan\u0131nda pasaport kontrol\u00fc uzun s\u00fcrd\u00fc, \u00e7\u00fcnk\u00fc bir bilgisayar sistem hatas\u0131 vard\u0131. Birbirimizi anlayamad\u0131\u011f\u0131m\u0131z i\u00e7in neyin problem oldu\u011funu da bilemedik. Ben sadece otele gitmek ve dinlenmek istiyordum. Nihayet valizlerimizi almak i\u00e7in gitti\u011fimizde, valizlerimiz orada de\u011fildi. Bu s\u0131rada Acibadem&#8217;den bir kad\u0131n beni arayarak nerede oldu\u011fumuzu sordu. Uzun bir s\u00fcre sonra, iki kaybolmu\u015f valizi kenarda bulduk. Ard\u0131ndan &#8220;Acibadem Health Point&#8221; bulu\u015fma noktas\u0131na gidebildik. Taksi birka\u00e7 dakika i\u00e7inde gelecekti, dediler. Sonunda taksiye bindik ve \u015fof\u00f6r bizi otele g\u00f6t\u00fcrd\u00fc. Otelde saat 19:00 civar\u0131ndayd\u0131 ve hava kararm\u0131\u015ft\u0131. Ger\u00e7ekten yorucu bir g\u00fcnd\u00fc. H\u00e2l\u00e2 bo\u011faz\u0131m a\u011fr\u0131yordu. \u0130la\u00e7lar\u0131m\u0131 d\u00fczenli olarak almaya devam ettim. Bug\u00fcn g\u00f6z lazeri g\u00fcn\u00fcyd\u00fc. \u00c7ok k\u00f6t\u00fc uyumu\u015ftum. Bir k\u0131sm\u0131 hastal\u0131\u011f\u0131mdan dolay\u0131yd\u0131, di\u011fer k\u0131sm\u0131 ise kesinlikle lazer konusunda i\u00e7sel bir huzursuzluktu. Yine de hala sinirlenmemi\u015ftim. Sadece her \u015feyin yolunda gidece\u011fini pozitif d\u00fc\u015f\u00fcnerek ge\u00e7irdim. Saat 9&#8217;da k\u00fc\u00e7\u00fck Acibadem otob\u00fcs\u00fc bizi ald\u0131. Acibadem Hastanesi&#8217;nde detayl\u0131 \u00f6n muayene yap\u0131ld\u0131. Terc\u00fcman Tolga Bey her \u015feyi iyi bir \u015fekilde \u00e7evirdi. G\u00f6zlerimin lazer i\u00e7in uygun oldu\u011fu ve \u00f6\u011fleden sonra lazer tedavisinin yap\u0131laca\u011f\u0131 s\u00f6ylendi. \u00d6\u011fle saatlerinde hastanede yemek yiyebildik. H\u00e2l\u00e2 bo\u011faz\u0131m a\u011fr\u0131yordu ama ate\u015fim nihayet d\u00fc\u015ft\u00fc ve umar\u0131m \u00f6yle kal\u0131r diye \u00e7ok dua ettim. Sonras\u0131nda Tolga Bey bizi ald\u0131. Lazer hakk\u0131nda bir \u015feyler okumam ve imzalamam gerekiyordu. Arkada\u015f\u0131m bekleme odas\u0131nda bekledi ve ben bir \u00f6n odaya ge\u00e7tim. Orada hijyen korumas\u0131 i\u00e7in ye\u015fil ameliyat k\u0131yafetleri giydim ve ameliyat salonuna g\u00f6t\u00fcr\u00fcld\u00fcm. Yatakta uzan\u0131rken biraz korkmaya ba\u015flad\u0131m. Dr. Co\u015far g\u00f6zlerimi a\u00e7maya ba\u015flad\u0131\u011f\u0131nda, bir saniye boyunca her \u015feyi b\u0131rak\u0131p gitmeyi d\u00fc\u015f\u00fcnd\u00fcm. Ama hay\u0131r, bunu ba\u015farabilirim. Hatta di\u015f\u00e7iye gitmek bile g\u00f6z doktorundan \u00e7ok daha k\u00f6t\u00fc olurdu. Ama g\u00f6z lazerinde, lazer yap\u0131l\u0131rken hi\u00e7bir \u015fey g\u00f6rm\u00fcyorsunuz. Bu beni \u00e7ok korkutuyordu. Ama \u015f\u00f6yle d\u00fc\u015f\u00fcn\u00fcn: Siyah bir zemin \u00fczerinde ger\u00e7ekten g\u00fczel desenler g\u00f6r\u00fcyorsunuz, hareket ediyorlar. \u00d6rne\u011fin, bazen g\u00f6zlerinizi s\u0131k\u0131ca ovu\u015fturdu\u011funuzda da benzer desenler g\u00f6r\u00fcrs\u00fcn\u00fcz. Hi\u00e7 rahats\u0131z edici de\u011fildi. Sadece korku vard\u0131. Korkudan kendi kolumu s\u0131ms\u0131k\u0131 tuttum. Birka\u00e7 dakika sonra sa\u011f g\u00f6z\u00fcm i\u00e7in lazer i\u015fleminin tamamland\u0131\u011f\u0131 s\u00f6ylendi. \u00c7ok \u015fa\u015f\u0131rd\u0131m. Ard\u0131ndan sol g\u00f6z\u00fcm de tamamland\u0131. Hi\u00e7bir \u015fey hissetmedim. Ne a\u011fr\u0131, ne de ba\u015fka bir \u015fey. Kendimi \u00e7ok iyi hissediyordum. Biraz bulan\u0131k g\u00f6rebiliyordum tabii, ama olduk\u00e7a iyi g\u00f6r\u00fcyordum. G\u00f6zlerimi ovu\u015fturup ya da ba\u015fka bir \u015fey yapmamak i\u00e7in koruyucu g\u00fcne\u015f g\u00f6zl\u00fc\u011f\u00fc verildi, ad\u0131 \u00fcst\u00fcnde, bu g\u00f6zl\u00fc\u011f\u00fc gece boyunca takmam gerekti. Ertesi g\u00fcn normal g\u00fcne\u015f g\u00f6zl\u00fc\u011f\u00fcm\u00fc takabilecektim. Otele giderken arabada zaten rahat\u00e7a g\u00f6rebiliyordum ama g\u00f6zlerimde bir miktar yabanc\u0131 cisim varm\u0131\u015f gibi hissettim. Bu y\u00fczden g\u00f6zlerimi kapal\u0131 tutuyordum. Ama o kadar da k\u00f6t\u00fc de\u011fildi. Otelde biraz dinlendim. Arkada\u015f\u0131m, doktorun \u00f6nerdi\u011fi gibi her saat ba\u015f\u0131 bana g\u00f6z damlas\u0131 uygulad\u0131. Bu benim i\u00e7in \u00e7ok b\u00fcy\u00fck bir yard\u0131mc\u0131yd\u0131 \u00e7\u00fcnk\u00fc s\u00fcrekli saati kontrol etmek zorunda kalmad\u0131m. Yakla\u015f\u0131k 1-2 saat sonra yabanc\u0131 cisim hissi ge\u00e7meye ba\u015flad\u0131 ve gayet iyi g\u00f6r\u00fcyordum. Ama yine de 2 saat daha dinlenmeye karar verdim, \u00e7\u00fcnk\u00fc bu da bir \u00f6neriydi. Ak\u015fam, hava karard\u0131\u011f\u0131nda d\u0131\u015far\u0131 \u00e7\u0131kt\u0131k. Her \u015fey m\u00fckemmel gitti. Koruyucu g\u00f6zl\u00fckle rahat\u00e7a uyudum. Sabah uyand\u0131\u011f\u0131mda, ilk i\u015fim g\u00f6zl\u00fc\u011f\u00fcm\u00fc takmak istedim, ama her \u015feyi m\u00fckemmel bir \u015fekilde g\u00f6rd\u00fc\u011f\u00fcm\u00fc fark ettim. Ak\u015fam ise neredeyse kontakt lenslerimi \u00e7\u0131karacak gibi oldum, halbuki art\u0131k onlar\u0131 takm\u0131yordum. \u00c7ok garipti, \u00e7\u00fcnk\u00fc g\u00f6zl\u00fcklerimi \u00e7\u0131kar\u0131p yatmak olan ak\u015fam rutinim bir anda kaybolmu\u015ftu. Ger\u00e7ekten bamba\u015fka bir d\u00fcnya, bamba\u015fka bir ya\u015fam. Nihayet!!! \ud83d\ude42 Cuma sabah\u0131 Acibadem Hastanesi&#8217;nde ilk<\/p>\n","protected":false},"author":4,"featured_media":0,"parent":4587,"menu_order":0,"comment_status":"closed","ping_status":"closed","template":"","meta":{"_joinchat":[],"footnotes":""},"class_list":["post-4698","page","type-page","status-publish","hentry"],"acf":[],"_links":{"self":[{"href":"https:\/\/medicaltravel.ch\/tr\/wp-json\/wp\/v2\/pages\/4698","targetHints":{"allow":["GET"]}}],"collection":[{"href":"https:\/\/medicaltravel.ch\/tr\/wp-json\/wp\/v2\/pages"}],"about":[{"href":"https:\/\/medicaltravel.ch\/tr\/wp-json\/wp\/v2\/types\/page"}],"author":[{"embeddable":true,"href":"https:\/\/medicaltravel.ch\/tr\/wp-json\/wp\/v2\/users\/4"}],"replies":[{"embeddable":true,"href":"https:\/\/medicaltravel.ch\/tr\/wp-json\/wp\/v2\/comments?post=4698"}],"version-history":[{"count":0,"href":"https:\/\/medicaltravel.ch\/tr\/wp-json\/wp\/v2\/pages\/4698\/revisions"}],"up":[{"embeddable":true,"href":"https:\/\/medicaltravel.ch\/tr\/wp-json\/wp\/v2\/pages\/4587"}],"wp:attachment":[{"href":"https:\/\/medicaltravel.ch\/tr\/wp-json\/wp\/v2\/media?parent=4698"}],"curies":[{"name":"wp","href":"https:\/\/api.w.org\/{rel}","templated":true}]}}