{"id":4700,"date":"2025-09-23T16:03:46","date_gmt":"2025-09-23T15:03:46","guid":{"rendered":"https:\/\/medicaltravel.ch\/hasta-raporlari\/erfahrungsberichte-empfehlungen-behandlungen-beurteilung-tuerkei-istanbul\/istanbulda-yaptirdigim-meme-ameliyati-hakkindaki-degerlendirmem\/"},"modified":"2026-01-12T17:10:47","modified_gmt":"2026-01-12T16:10:47","slug":"istanbulda-yaptirdigim-meme-ameliyati-hakkindaki-degerlendirmem","status":"publish","type":"page","link":"https:\/\/medicaltravel.ch\/tr\/hasta-raporlari\/referanslar-tavsiyeler-tedaviler-degerlendirmeler-turkiye-istanbul\/istanbulda-yaptirdigim-meme-ameliyati-hakkindaki-degerlendirmem\/","title":{"rendered":"\u0130stanbul&#8217;da yapt\u0131rd\u0131\u011f\u0131m meme ameliyat\u0131 hakk\u0131ndaki de\u011ferlendirmem"},"content":{"rendered":"\n<p><strong>6 Ekim 2023 tarihinde ge\u00e7irdi\u011fim meme ameliyat\u0131 (implantl\u0131 meme dikle\u015ftirme\/b\u00fcy\u00fctme) hakk\u0131ndaki deneyim raporum.<\/strong><\/p>\n\n\n\n<p>Y\u0131llar s\u00fcren memnuniyetsizlikten sonra, 40. do\u011fum g\u00fcn\u00fcme kendime bir <a href=\"https:\/\/medicaltravel.ch\/tr\/kozmetik-cerrahi\/tedavi-yelpazesi\/meme-ameliyati-meme-diklestirme-meme-kucultme\/\" data-type=\"page\" data-id=\"88\">meme diklemesi<\/a> ve g\u00fczel C bedenimi yeniden kazand\u0131rma karar\u0131 verdim. 5 y\u0131l \u00f6nce, iyi bir arkada\u015f\u0131m Medical Travel GmbH&#8217;nin linkini g\u00f6ndermi\u015fti ve ben bu linki o zamandan beri saklad\u0131m. <\/p>\n\n\n\n<p>Ge\u00e7en y\u0131l &#8220;ta\u015f\u0131 harekete ge\u00e7irdim&#8221;, foto\u011fraflar\u0131m\u0131 \u00e7ektim ve g\u00f6nderdim, ard\u0131ndan <a href=\"https:\/\/medicaltravel.ch\/wp-content\/uploads\/2025\/09\/Lebenslauf_Prof_Dr_Oguz-Kayiran.pdf\" data-type=\"link\" data-id=\"https:\/\/medicaltravel.ch\/wp-content\/uploads\/2025\/09\/Lebenslauf_Prof_Dr_Oguz-Kayiran.pdf\">Prof. Dr. Kayiran<\/a> ile bir terc\u00fcman e\u015fli\u011finde ilk g\u00f6r\u00fc\u015fmeyi yapt\u0131m. Bana, istedi\u011fimi ger\u00e7ekle\u015ftirebilmem i\u00e7in neler gerekti\u011fini ve g\u00fczel bir C bedenine tekrar sahip olabilmem i\u00e7in neler yapmam gerekti\u011fini anlatt\u0131. Bu g\u00f6r\u00fc\u015fmede ihtiya\u00e7lar\u0131ma y\u00f6nelik detayl\u0131 bir yakla\u015f\u0131m sergiledi ve t\u00fcm sorular\u0131m\u0131 yan\u0131tlad\u0131.  <\/p>\n\n\n\n<p>Sonra her \u015fey \u00e7ok h\u0131zl\u0131 ilerledi ve 6.10.2023&#8217;teki operasyon tarihi belirlendi. \u0130stanbul&#8217;daki seyahatimi k\u0131z karde\u015fimle birlikte planlad\u0131k, bu y\u00fczden u\u00e7u\u015f ve konaklama d\u00fczenlemelerini kendimiz yapt\u0131k. Yine de, <a href=\"https:\/\/medicaltravel.ch\/tr\/\" data-type=\"page\" data-id=\"6\">Medical Travel GmbH,<\/a> havaalan\u0131na transferler, konaklama ve klinik ziyaretlerimizi organize etti. Ameliyat g\u00fcn\u00fc al\u0131nd\u0131k ve terc\u00fcman, g\u00fcn\u00fcn nas\u0131l ge\u00e7ece\u011fi hakk\u0131nda bilgi verdi. Klinik kayd\u0131m\u0131 birlikte yapt\u0131k.    <\/p>\n\n\n\n<p>Sonra odam\u0131za g\u00f6t\u00fcr\u00fcld\u00fcm ve kan testleri ile bir EKG yap\u0131ld\u0131. Kompresyon \u00e7oraplar\u0131m giydirildi ve anestezi uzman\u0131 operasyon \u00f6ncesi g\u00f6r\u00fc\u015fme i\u00e7in geldi. Ard\u0131ndan Prof. Dr. Kayiran geldi ve operasyon alan\u0131n\u0131 i\u015faretledi. Her ad\u0131m\u0131 detayl\u0131 bir \u015fekilde a\u00e7\u0131klad\u0131, bu da bana hi\u00e7 rahats\u0131zl\u0131k duymamama sebep oldu. Terc\u00fcman yan\u0131mdan ayr\u0131lmad\u0131 ve inan\u0131lmaz bir huzur yayarak bana destek oldu.   <\/p>\n\n\n\n<p>Saat 9:30&#8217;da klinikteydim ve saat 12:00&#8217;de operasyonum yap\u0131ld\u0131. Her \u015fey \u00e7ok h\u0131zl\u0131 bir \u015fekilde ilerledi, uzun beklemeler olmad\u0131. Terc\u00fcman, t\u00fcm sorular\u0131m\u0131 sormam i\u00e7in beni ameliyat salonuna kadar e\u015flik etti. Saat 15:30&#8217;da uyand\u0131m ve her \u015fey bitmi\u015fti.  <\/p>\n\n\n\n<p>\u0130lk kez \u00f6rt\u00fcy\u00fc kald\u0131r\u0131p bakt\u0131\u011f\u0131mda harika bir manzara g\u00f6rd\u00fcm. Yakla\u015f\u0131k bir saat uyanma odas\u0131nda kald\u0131m, ard\u0131ndan nihayet odam\u0131za g\u00f6t\u00fcr\u00fcld\u00fcm. Ameliyat sonras\u0131 kendimi ger\u00e7ekten \u00e7ok iyi hissettim, anesteziden hi\u00e7 rahats\u0131zl\u0131k duymad\u0131m ve olduk\u00e7a h\u0131zl\u0131 bir \u015fekilde kalkabildim, nihayet bir \u015feyler i\u00e7ebildim ve saat 18:00 civar\u0131 nihayet yemek yiyebildim. K\u0131z karde\u015fimin benim i\u00e7in beklemesi ve yan\u0131mda olmas\u0131 beni \u00e7ok mutlu etti. Herkese tavsiye ederim \u2013 b\u00f6yle bir \u015fey yaparken yaln\u0131z kalmay\u0131n ve size de\u011ferli olan biriyle gelin.    <\/p>\n\n\n\n<p>Tabii ki \u00e7ok yorgundum ve a\u011fr\u0131lar\u0131m vard\u0131, ilk gece ger\u00e7ekten kolay ge\u00e7medi. Ger\u00e7ekten \u015fiddetli a\u011fr\u0131lar\u0131m oldu\u011fu i\u00e7in s\u0131k s\u0131k uyand\u0131m. Ama \u00e7ok nazik bir hem\u015fire beni s\u00fcrekli olarak ilgilendi ve a\u011fr\u0131lar\u0131m\u0131 hafifletmek i\u00e7in ila\u00e7larla destek verdi, ayr\u0131ca d\u00fczenli olarak kan bas\u0131nc\u0131m \u00f6l\u00e7\u00fcld\u00fc. Benim \u0130ngilizcem pek iyi olmad\u0131\u011f\u0131 i\u00e7in ve klinikteki t\u00fcm personelin de \u0130ngilizce bilmedi\u011fi i\u00e7in, ileti\u015fimimizi Google Translate ile sa\u011flad\u0131k.  <\/p>\n\n\n\n<p>Cumartesi g\u00fcn\u00fc Prof. Dr. Kayiran takip muayenesi i\u00e7in geldi, inf\u00fczyonum al\u0131nd\u0131 ve hemen evime gitmeme izin verildi. Ger\u00e7ekten harika bir \u015feydi, \u015fof\u00f6r, doktorun re\u00e7ete etti\u011fi ila\u00e7lar\u0131 benim i\u00e7in ald\u0131. <\/p>\n\n\n\n<p>Cumartesi ve Pazar g\u00fcn\u00fc ger\u00e7ekten \u00e7ok a\u011fr\u0131l\u0131 ve hareket etmekte zorlan\u0131yordum, anestezinin etkisinden kurtulabilmek i\u00e7in bolca dinlenmeye ihtiyac\u0131m vard\u0131 ve \u00e7ok \u00e7ok \u015fansl\u0131yd\u0131m ki k\u0131z karde\u015fim yan\u0131mdayd\u0131. Bana kalkmamda, giyinmemde yard\u0131mc\u0131 oldu ve duygusal olarak bana en b\u00fcy\u00fck destek oldu. Pazartesi g\u00fcn\u00fc takip muayenesi yap\u0131ld\u0131, 10 dakikal\u0131k bir i\u015flemdi. Prof. Dr. Kayiran sonucun iyi oldu\u011funu s\u00f6yledi ve beni &#8220;\u00f6zg\u00fcrl\u00fc\u011fe&#8221; sald\u0131.   <\/p>\n\n\n\n<p>\u0130lk hafta biraz zorluydu \u00e7\u00fcnk\u00fc ger\u00e7ekten k\u0131s\u0131tlanm\u0131\u015ft\u0131m ve a\u011fr\u0131lar\u0131m vard\u0131. Ama beni ger\u00e7ekten etkileyen \u015fey, her ge\u00e7en g\u00fcn nas\u0131l daha iyi hissetti\u011fimdi, her g\u00fcn biraz daha fazlas\u0131n\u0131 yapabiliyor ve her g\u00fcn daha az rahats\u0131zl\u0131k hissediyordum. Tabii ki v\u00fccudun yabanc\u0131 cisimlere al\u0131\u015fmas\u0131 gerekiyor ve yaralar\u0131n iyile\u015fmesi zaman al\u0131yor, ama genel olarak \u015fu anda, ameliyat\u0131n 1.5 hafta sonras\u0131nda kendimi ger\u00e7ekten \u00e7ok iyi hissediyorum. H\u00e2l\u00e2 baz\u0131 k\u0131s\u0131tlamalar\u0131m var ve baz\u0131 \u015feyleri (spor, kollar\u0131 ba\u015f\u0131n \u00fczerine kald\u0131rma, a\u011f\u0131r \u015feyler ta\u015f\u0131ma vb.) yapamam, ama \u015fu an bununla gayet iyi bir \u015fekilde ya\u015f\u0131yorum \ud83d\ude42  <\/p>\n\n\n\n<p><strong>Ameliyat\u0131, kendini rahat hissetmeyen her kad\u0131na kesinlikle tavsiye ederim. E\u011fer g\u00f6\u011f\u00fcslerinizden memnun de\u011filseniz, y\u0131llarca kendinizi zorlamay\u0131n. <\/strong><\/p>\n\n\n\n<p>Sayg\u0131lar\u0131mla, Sarah Villigens<\/p>\n\n\n\n<div class=\"wp-block-group is-layout-grid wp-container-core-group-is-layout-baef362d wp-block-group-is-layout-grid\">\n<p><a href=\"https:\/\/medicaltravel.at\/home\/agb\/\" data-type=\"page\" data-id=\"2191\" rel=\"nofollow noopener\" target=\"_blank\"><\/a><a href=\"https:\/\/medicaltravel.ch\/tr\/hasta-raporlari\/referanslar-tavsiyeler-tedaviler-degerlendirmeler-turkiye-istanbul\/dhi-istanbulda-sac-ekimi-deneyimim-hakkinda-hasta-yorumu\/\" data-type=\"link\" data-id=\"https:\/\/medicaltravel.ch\/tr\/hasta-raporlari\/referanslar-tavsiyeler-tedaviler-degerlendirmeler-turkiye-istanbul\/dhi-istanbulda-sac-ekimi-deneyimim-hakkinda-hasta-yorumu\/\">\u00d6nceki rapor<\/a><\/p>\n\n\n\n<p class=\"has-text-align-right wp-container-content-5e2576f9\"><a href=\"https:\/\/medicaltravel.at\/home\/impressum\/\" data-type=\"page\" data-id=\"2193\" rel=\"nofollow noopener\" target=\"_blank\"><\/a><a href=\"https:\/\/medicaltravel.at\/home\/berichte-von-patienten\/erfahrungsberichte\/erfahrungsbericht-zahnbehandlung-in-istanbul\/\" data-type=\"page\" data-id=\"981\" rel=\"nofollow noopener\" target=\"_blank\"><\/a><a href=\"https:\/\/medicaltravel.ch\/tr\/hasta-raporlari\/referanslar-tavsiyeler-tedaviler-degerlendirmeler-turkiye-istanbul\/antalya-tuerkiyede-diyaliz-tedavisine-iliskin-deneyim-raporu\/\" data-type=\"link\" data-id=\"https:\/\/medicaltravel.ch\/tr\/hasta-raporlari\/referanslar-tavsiyeler-tedaviler-degerlendirmeler-turkiye-istanbul\/antalya-tuerkiyede-diyaliz-tedavisine-iliskin-deneyim-raporu\/\">Bir sonraki rapor<\/a><\/p>\n<\/div>\n","protected":false},"excerpt":{"rendered":"<p>6 Ekim 2023 tarihinde ge\u00e7irdi\u011fim meme ameliyat\u0131 (implantl\u0131 meme dikle\u015ftirme\/b\u00fcy\u00fctme) hakk\u0131ndaki deneyim raporum. Y\u0131llar s\u00fcren memnuniyetsizlikten sonra, 40. do\u011fum g\u00fcn\u00fcme kendime bir meme diklemesi ve g\u00fczel C bedenimi yeniden kazand\u0131rma karar\u0131 verdim. 5 y\u0131l \u00f6nce, iyi bir arkada\u015f\u0131m Medical Travel GmbH&#8217;nin linkini g\u00f6ndermi\u015fti ve ben bu linki o zamandan beri saklad\u0131m. Ge\u00e7en y\u0131l &#8220;ta\u015f\u0131 harekete ge\u00e7irdim&#8221;, foto\u011fraflar\u0131m\u0131 \u00e7ektim ve g\u00f6nderdim, ard\u0131ndan Prof. Dr. Kayiran ile bir terc\u00fcman e\u015fli\u011finde ilk g\u00f6r\u00fc\u015fmeyi yapt\u0131m. Bana, istedi\u011fimi ger\u00e7ekle\u015ftirebilmem i\u00e7in neler gerekti\u011fini ve g\u00fczel bir C bedenine tekrar sahip olabilmem i\u00e7in neler yapmam gerekti\u011fini anlatt\u0131. Bu g\u00f6r\u00fc\u015fmede ihtiya\u00e7lar\u0131ma y\u00f6nelik detayl\u0131 bir yakla\u015f\u0131m sergiledi ve t\u00fcm sorular\u0131m\u0131 yan\u0131tlad\u0131. Sonra her \u015fey \u00e7ok h\u0131zl\u0131 ilerledi ve 6.10.2023&#8217;teki operasyon tarihi belirlendi. \u0130stanbul&#8217;daki seyahatimi k\u0131z karde\u015fimle birlikte planlad\u0131k, bu y\u00fczden u\u00e7u\u015f ve konaklama d\u00fczenlemelerini kendimiz yapt\u0131k. Yine de, Medical Travel GmbH, havaalan\u0131na transferler, konaklama ve klinik ziyaretlerimizi organize etti. Ameliyat g\u00fcn\u00fc al\u0131nd\u0131k ve terc\u00fcman, g\u00fcn\u00fcn nas\u0131l ge\u00e7ece\u011fi hakk\u0131nda bilgi verdi. Klinik kayd\u0131m\u0131 birlikte yapt\u0131k. Sonra odam\u0131za g\u00f6t\u00fcr\u00fcld\u00fcm ve kan testleri ile bir EKG yap\u0131ld\u0131. Kompresyon \u00e7oraplar\u0131m giydirildi ve anestezi uzman\u0131 operasyon \u00f6ncesi g\u00f6r\u00fc\u015fme i\u00e7in geldi. Ard\u0131ndan Prof. Dr. Kayiran geldi ve operasyon alan\u0131n\u0131 i\u015faretledi. Her ad\u0131m\u0131 detayl\u0131 bir \u015fekilde a\u00e7\u0131klad\u0131, bu da bana hi\u00e7 rahats\u0131zl\u0131k duymamama sebep oldu. Terc\u00fcman yan\u0131mdan ayr\u0131lmad\u0131 ve inan\u0131lmaz bir huzur yayarak bana destek oldu. Saat 9:30&#8217;da klinikteydim ve saat 12:00&#8217;de operasyonum yap\u0131ld\u0131. Her \u015fey \u00e7ok h\u0131zl\u0131 bir \u015fekilde ilerledi, uzun beklemeler olmad\u0131. Terc\u00fcman, t\u00fcm sorular\u0131m\u0131 sormam i\u00e7in beni ameliyat salonuna kadar e\u015flik etti. Saat 15:30&#8217;da uyand\u0131m ve her \u015fey bitmi\u015fti. \u0130lk kez \u00f6rt\u00fcy\u00fc kald\u0131r\u0131p bakt\u0131\u011f\u0131mda harika bir manzara g\u00f6rd\u00fcm. Yakla\u015f\u0131k bir saat uyanma odas\u0131nda kald\u0131m, ard\u0131ndan nihayet odam\u0131za g\u00f6t\u00fcr\u00fcld\u00fcm. Ameliyat sonras\u0131 kendimi ger\u00e7ekten \u00e7ok iyi hissettim, anesteziden hi\u00e7 rahats\u0131zl\u0131k duymad\u0131m ve olduk\u00e7a h\u0131zl\u0131 bir \u015fekilde kalkabildim, nihayet bir \u015feyler i\u00e7ebildim ve saat 18:00 civar\u0131 nihayet yemek yiyebildim. K\u0131z karde\u015fimin benim i\u00e7in beklemesi ve yan\u0131mda olmas\u0131 beni \u00e7ok mutlu etti. Herkese tavsiye ederim \u2013 b\u00f6yle bir \u015fey yaparken yaln\u0131z kalmay\u0131n ve size de\u011ferli olan biriyle gelin. Tabii ki \u00e7ok yorgundum ve a\u011fr\u0131lar\u0131m vard\u0131, ilk gece ger\u00e7ekten kolay ge\u00e7medi. Ger\u00e7ekten \u015fiddetli a\u011fr\u0131lar\u0131m oldu\u011fu i\u00e7in s\u0131k s\u0131k uyand\u0131m. Ama \u00e7ok nazik bir hem\u015fire beni s\u00fcrekli olarak ilgilendi ve a\u011fr\u0131lar\u0131m\u0131 hafifletmek i\u00e7in ila\u00e7larla destek verdi, ayr\u0131ca d\u00fczenli olarak kan bas\u0131nc\u0131m \u00f6l\u00e7\u00fcld\u00fc. Benim \u0130ngilizcem pek iyi olmad\u0131\u011f\u0131 i\u00e7in ve klinikteki t\u00fcm personelin de \u0130ngilizce bilmedi\u011fi i\u00e7in, ileti\u015fimimizi Google Translate ile sa\u011flad\u0131k. Cumartesi g\u00fcn\u00fc Prof. Dr. Kayiran takip muayenesi i\u00e7in geldi, inf\u00fczyonum al\u0131nd\u0131 ve hemen evime gitmeme izin verildi. Ger\u00e7ekten harika bir \u015feydi, \u015fof\u00f6r, doktorun re\u00e7ete etti\u011fi ila\u00e7lar\u0131 benim i\u00e7in ald\u0131. Cumartesi ve Pazar g\u00fcn\u00fc ger\u00e7ekten \u00e7ok a\u011fr\u0131l\u0131 ve hareket etmekte zorlan\u0131yordum, anestezinin etkisinden kurtulabilmek i\u00e7in bolca dinlenmeye ihtiyac\u0131m vard\u0131 ve \u00e7ok \u00e7ok \u015fansl\u0131yd\u0131m ki k\u0131z karde\u015fim yan\u0131mdayd\u0131. Bana kalkmamda, giyinmemde yard\u0131mc\u0131 oldu ve duygusal olarak bana en b\u00fcy\u00fck destek oldu. Pazartesi g\u00fcn\u00fc takip muayenesi yap\u0131ld\u0131, 10 dakikal\u0131k bir i\u015flemdi. Prof. Dr. Kayiran sonucun iyi oldu\u011funu s\u00f6yledi ve beni &#8220;\u00f6zg\u00fcrl\u00fc\u011fe&#8221; sald\u0131. \u0130lk hafta biraz zorluydu \u00e7\u00fcnk\u00fc ger\u00e7ekten k\u0131s\u0131tlanm\u0131\u015ft\u0131m ve a\u011fr\u0131lar\u0131m vard\u0131. Ama beni ger\u00e7ekten etkileyen \u015fey, her ge\u00e7en g\u00fcn nas\u0131l daha iyi hissetti\u011fimdi, her g\u00fcn biraz daha fazlas\u0131n\u0131 yapabiliyor ve her g\u00fcn daha az rahats\u0131zl\u0131k hissediyordum. Tabii ki v\u00fccudun yabanc\u0131 cisimlere al\u0131\u015fmas\u0131 gerekiyor ve yaralar\u0131n iyile\u015fmesi zaman al\u0131yor, ama genel olarak \u015fu anda, ameliyat\u0131n 1.5 hafta sonras\u0131nda kendimi ger\u00e7ekten \u00e7ok iyi hissediyorum. H\u00e2l\u00e2 baz\u0131 k\u0131s\u0131tlamalar\u0131m var ve baz\u0131 \u015feyleri (spor, kollar\u0131 ba\u015f\u0131n \u00fczerine kald\u0131rma, a\u011f\u0131r \u015feyler ta\u015f\u0131ma vb.) yapamam, ama \u015fu an bununla gayet iyi bir \u015fekilde ya\u015f\u0131yorum \ud83d\ude42 Ameliyat\u0131, kendini rahat hissetmeyen her kad\u0131na kesinlikle tavsiye ederim. E\u011fer g\u00f6\u011f\u00fcslerinizden memnun de\u011filseniz, y\u0131llarca kendinizi zorlamay\u0131n. Sayg\u0131lar\u0131mla, Sarah Villigens \u00d6nceki rapor Bir sonraki rapor<\/p>\n","protected":false},"author":4,"featured_media":0,"parent":4587,"menu_order":0,"comment_status":"closed","ping_status":"closed","template":"","meta":{"_joinchat":[],"footnotes":""},"class_list":["post-4700","page","type-page","status-publish","hentry"],"acf":[],"_links":{"self":[{"href":"https:\/\/medicaltravel.ch\/tr\/wp-json\/wp\/v2\/pages\/4700","targetHints":{"allow":["GET"]}}],"collection":[{"href":"https:\/\/medicaltravel.ch\/tr\/wp-json\/wp\/v2\/pages"}],"about":[{"href":"https:\/\/medicaltravel.ch\/tr\/wp-json\/wp\/v2\/types\/page"}],"author":[{"embeddable":true,"href":"https:\/\/medicaltravel.ch\/tr\/wp-json\/wp\/v2\/users\/4"}],"replies":[{"embeddable":true,"href":"https:\/\/medicaltravel.ch\/tr\/wp-json\/wp\/v2\/comments?post=4700"}],"version-history":[{"count":0,"href":"https:\/\/medicaltravel.ch\/tr\/wp-json\/wp\/v2\/pages\/4700\/revisions"}],"up":[{"embeddable":true,"href":"https:\/\/medicaltravel.ch\/tr\/wp-json\/wp\/v2\/pages\/4587"}],"wp:attachment":[{"href":"https:\/\/medicaltravel.ch\/tr\/wp-json\/wp\/v2\/media?parent=4700"}],"curies":[{"name":"wp","href":"https:\/\/api.w.org\/{rel}","templated":true}]}}