{"id":4709,"date":"2025-09-23T15:02:41","date_gmt":"2025-09-23T14:02:41","guid":{"rendered":"https:\/\/medicaltravel.ch\/hasta-raporlari\/erfahrungsberichte-empfehlungen-behandlungen-beurteilung-tuerkei-istanbul\/antalyada-aldigim-ortodontik-tedavi-hakkindaki-degerlendirmem\/"},"modified":"2026-01-12T16:54:36","modified_gmt":"2026-01-12T15:54:36","slug":"antalyada-aldigim-ortodontik-tedavi-hakkindaki-degerlendirmem","status":"publish","type":"page","link":"https:\/\/medicaltravel.ch\/tr\/hasta-raporlari\/referanslar-tavsiyeler-tedaviler-degerlendirmeler-turkiye-istanbul\/antalyada-aldigim-ortodontik-tedavi-hakkindaki-degerlendirmem\/","title":{"rendered":"Antalya&#8217;da ald\u0131\u011f\u0131m ortodontik tedavi hakk\u0131ndaki de\u011ferlendirmem"},"content":{"rendered":"<p><strong>Antalya&#8217;da Di\u015f Tedavisi De\u011ferlendirmem<\/strong><\/p>\n<p><a href=\"https:\/\/medicaltravel.ch\/tr\/tibbi-seyahat\/\" data-type=\"page\" data-id=\"10\">MedicalTravel <\/a>ve <a href=\"https:\/\/medicaltravel.ch\/tr\/disci-gezileri\/dis-klinikleri\/antalyada-dis-klinigi\/\" data-type=\"page\" data-id=\"52\">MedicAntalya <\/a>ile m\u00fckemmel bir deneyim \u2013 Kesinlikle tavsiye ederim!<\/p>\n<p><a href=\"https:\/\/medicaltravel.ch\/tr\/tibbi-seyahat\/\" data-type=\"page\" data-id=\"10\">MedicalTravel <\/a>ve <a href=\"https:\/\/medicaltravel.ch\/tr\/disci-gezileri\/dis-klinikleri\/antalyada-dis-klinigi\/\" data-type=\"page\" data-id=\"52\">MedicAntalya <\/a>di\u015f klini\u011fi ile ya\u015fad\u0131\u011f\u0131m son deneyimden tamamen etkilenmi\u015f durumday\u0131m.<\/p>\n<p>\u0130lk ileti\u015fime ge\u00e7i\u015ften sonraki tedavi s\u00fcrecine kadar her \u015fey tamamen sorunsuz ve profesyonel bir \u015fekilde ilerledi.<\/p>\n<p>MedicalTravel&#8217;in organizasyonu ba\u015ftan sona m\u00fckemmeldi. T\u00fcm sorular\u0131m h\u0131zl\u0131 ve profesyonel bir \u015fekilde yan\u0131tland\u0131, ve rezervasyon s\u00fcreci sorunsuz ge\u00e7ti. Burada her detay\u0131 \u00f6nemseyen profesyonellerin \u00e7al\u0131\u015ft\u0131\u011f\u0131 hemen belli oluyor.  <\/p>\n<p>MedicAntalya&#8217;daki tedavi ger\u00e7ekten ola\u011fan\u00fcst\u00fcyd\u00fc. Klinik sadece modern ve do\u011fal \u0131\u015f\u0131kla dolu olmakla kalm\u0131yor, ayn\u0131 zamanda \u00e7ok ho\u015f bir atmosfer yay\u0131yor. \u00d6zellikle di\u015f hekiminin uzmanl\u0131\u011f\u0131na ve y\u00fcksek kaliteli i\u015fine dikkat \u00e7ekmek isterim. O, i\u015fine b\u00fcy\u00fck bir heyecanla yakla\u015ft\u0131 ve sonu\u00e7 \u2013 t\u00fcm a\u011f\u0131z i\u00e7in yapt\u0131rd\u0131\u011f\u0131m zirkonyum kaplamalar \u2013 ger\u00e7ekten harika oldu, bu da g\u00fcl\u00fc\u015f\u00fcm\u00fc geri kazand\u0131rd\u0131. Bir di\u011fer b\u00fcy\u00fck art\u0131 ise, t\u00fcm tedavinin %100 a\u011fr\u0131s\u0131z olmas\u0131yd\u0131; bu benim i\u00e7in inan\u0131lmaz derecede \u00f6nemliydi.    <\/p>\n<p>Birinci s\u0131n\u0131f di\u015f tedavisinin yan\u0131 s\u0131ra, harika bir \u015fekilde dinlenme f\u0131rsat\u0131 buldum. MedicalTravel&#8217;in m\u00fckemmel organizasyonu, <a href=\"https:\/\/medicaltravel.ch\/tr\/neden-tuerkiye\/tuerkiyenin-sehirleri\/antalya-sehri\/\" data-type=\"page\" data-id=\"24\">Antalya&#8217;da <\/a>uzun y\u00fcr\u00fcy\u00fc\u015fler yapma ve denizde ferahlat\u0131c\u0131 y\u00fczmeler i\u00e7in zaman\u0131 de\u011ferlendirmemi sa\u011flad\u0131, bu da konaklamay\u0131 ekstra zenginle\u015ftirdi. <\/p>\n<p>Sonu\u00e7tan ve t\u00fcm yolculuktan son derece mutluyum. Ger\u00e7ekten her \u015fey m\u00fckemmel organize edildi\u011fi i\u00e7in, MedicalTravel&#8217;da bir tedaviye her zaman tekrar ba\u015fvururum. Harika bir g\u00fcl\u00fc\u015fle evime d\u00f6nd\u00fcm \u2013 bu harika deneyim i\u00e7in t\u00fcm ekibe \u00e7ok te\u015fekk\u00fcr ederim!  <\/p>\n<p>C. Ried<\/p>\n<figure><img decoding=\"async\" src=\"https:\/\/medicaltravel.ch\/wp-content\/uploads\/2025\/09\/Rieder_Antalya_1.jpg\" alt=\"\"><\/figure>\n<p id=\"caption-attachment-12743\">Antalya&#8217;da di\u015f tedavisi<\/p>\n<figure><img decoding=\"async\" src=\"https:\/\/medicaltravel.ch\/wp-content\/uploads\/2025\/09\/Rieder_Antalya_2-768x1024-1.jpg\" alt=\"\"><\/figure>\n<p id=\"caption-attachment-12744\">Antalya&#8217;da Di\u015f Tedavisi<\/p>\n<figure><img decoding=\"async\" src=\"https:\/\/medicaltravel.ch\/wp-content\/uploads\/2025\/09\/Rieder_Antalya_3.jpg\" alt=\"\"><\/figure>\n<p id=\"caption-attachment-12745\">Antalya&#8217;da di\u015f tedavisi ve plaj tatili<\/p>\n<figure><img decoding=\"async\" src=\"https:\/\/medicaltravel.ch\/wp-content\/uploads\/2025\/09\/Rieder_Antalya_4.jpg\" alt=\"\"><\/figure>\n<p id=\"caption-attachment-12746\">Antalya \u015fehri \u00e7ok g\u00fczel.<\/p>\n<figure><img decoding=\"async\" src=\"https:\/\/medicaltravel.ch\/wp-content\/uploads\/2025\/09\/Rieder_Antalya_5.jpg\" alt=\"\"><\/figure>\n<p id=\"caption-attachment-12747\">Antalya&#8217;da Zirkon Kaplamalar<\/p>\n\n\n<div class=\"wp-block-group is-layout-grid wp-container-core-group-is-layout-baef362d wp-block-group-is-layout-grid\">\n<p><a href=\"https:\/\/medicaltravel.at\/home\/agb\/\" data-type=\"page\" data-id=\"2191\" rel=\"nofollow noopener\" target=\"_blank\"><\/a><a href=\"https:\/\/medicaltravel.ch\/tr\/hasta-raporlari\/referanslar-tavsiyeler-tedaviler-degerlendirmeler-turkiye-istanbul\/istanbulda-yuez-ve-boyun-germe-deneyim-raporu\/\" data-type=\"link\" data-id=\"https:\/\/medicaltravel.ch\/tr\/hasta-raporlari\/referanslar-tavsiyeler-tedaviler-degerlendirmeler-turkiye-istanbul\/istanbulda-yuez-ve-boyun-germe-deneyim-raporu\/\">\u00d6nceki rapor<\/a><\/p>\n\n\n\n<p class=\"has-text-align-right wp-container-content-5e2576f9\"><a href=\"https:\/\/medicaltravel.at\/home\/impressum\/\" data-type=\"page\" data-id=\"2193\" rel=\"nofollow noopener\" target=\"_blank\"><\/a><a href=\"https:\/\/medicaltravel.at\/home\/berichte-von-patienten\/erfahrungsberichte\/erfahrungsbericht-zahnbehandlung-in-istanbul\/\" data-type=\"page\" data-id=\"981\" rel=\"nofollow noopener\" target=\"_blank\"><\/a><a href=\"https:\/\/medicaltravel.ch\/tr\/hasta-raporlari\/referanslar-tavsiyeler-tedaviler-degerlendirmeler-turkiye-istanbul\/istanbulun-en-iyi-dis-klinigi-en-yueksek-puan\/\" data-type=\"link\" data-id=\"https:\/\/medicaltravel.ch\/tr\/hasta-raporlari\/referanslar-tavsiyeler-tedaviler-degerlendirmeler-turkiye-istanbul\/istanbulun-en-iyi-dis-klinigi-en-yueksek-puan\/\">Bir sonraki rapor<\/a><\/p>\n\n\n\n<p><\/p>\n<\/div>\n","protected":false},"excerpt":{"rendered":"<p>Antalya&#8217;da Di\u015f Tedavisi De\u011ferlendirmem MedicalTravel ve MedicAntalya ile m\u00fckemmel bir deneyim \u2013 Kesinlikle tavsiye ederim! MedicalTravel ve MedicAntalya di\u015f klini\u011fi ile ya\u015fad\u0131\u011f\u0131m son deneyimden tamamen etkilenmi\u015f durumday\u0131m. \u0130lk ileti\u015fime ge\u00e7i\u015ften sonraki tedavi s\u00fcrecine kadar her \u015fey tamamen sorunsuz ve profesyonel bir \u015fekilde ilerledi. MedicalTravel&#8217;in organizasyonu ba\u015ftan sona m\u00fckemmeldi. T\u00fcm sorular\u0131m h\u0131zl\u0131 ve profesyonel bir \u015fekilde yan\u0131tland\u0131, ve rezervasyon s\u00fcreci sorunsuz ge\u00e7ti. Burada her detay\u0131 \u00f6nemseyen profesyonellerin \u00e7al\u0131\u015ft\u0131\u011f\u0131 hemen belli oluyor. MedicAntalya&#8217;daki tedavi ger\u00e7ekten ola\u011fan\u00fcst\u00fcyd\u00fc. Klinik sadece modern ve do\u011fal \u0131\u015f\u0131kla dolu olmakla kalm\u0131yor, ayn\u0131 zamanda \u00e7ok ho\u015f bir atmosfer yay\u0131yor. \u00d6zellikle di\u015f hekiminin uzmanl\u0131\u011f\u0131na ve y\u00fcksek kaliteli i\u015fine dikkat \u00e7ekmek isterim. O, i\u015fine b\u00fcy\u00fck bir heyecanla yakla\u015ft\u0131 ve sonu\u00e7 \u2013 t\u00fcm a\u011f\u0131z i\u00e7in yapt\u0131rd\u0131\u011f\u0131m zirkonyum kaplamalar \u2013 ger\u00e7ekten harika oldu, bu da g\u00fcl\u00fc\u015f\u00fcm\u00fc geri kazand\u0131rd\u0131. Bir di\u011fer b\u00fcy\u00fck art\u0131 ise, t\u00fcm tedavinin %100 a\u011fr\u0131s\u0131z olmas\u0131yd\u0131; bu benim i\u00e7in inan\u0131lmaz derecede \u00f6nemliydi. Birinci s\u0131n\u0131f di\u015f tedavisinin yan\u0131 s\u0131ra, harika bir \u015fekilde dinlenme f\u0131rsat\u0131 buldum. MedicalTravel&#8217;in m\u00fckemmel organizasyonu, Antalya&#8217;da uzun y\u00fcr\u00fcy\u00fc\u015fler yapma ve denizde ferahlat\u0131c\u0131 y\u00fczmeler i\u00e7in zaman\u0131 de\u011ferlendirmemi sa\u011flad\u0131, bu da konaklamay\u0131 ekstra zenginle\u015ftirdi. Sonu\u00e7tan ve t\u00fcm yolculuktan son derece mutluyum. Ger\u00e7ekten her \u015fey m\u00fckemmel organize edildi\u011fi i\u00e7in, MedicalTravel&#8217;da bir tedaviye her zaman tekrar ba\u015fvururum. Harika bir g\u00fcl\u00fc\u015fle evime d\u00f6nd\u00fcm \u2013 bu harika deneyim i\u00e7in t\u00fcm ekibe \u00e7ok te\u015fekk\u00fcr ederim! C. Ried Antalya&#8217;da di\u015f tedavisi Antalya&#8217;da Di\u015f Tedavisi Antalya&#8217;da di\u015f tedavisi ve plaj tatili Antalya \u015fehri \u00e7ok g\u00fczel. Antalya&#8217;da Zirkon Kaplamalar \u00d6nceki rapor Bir sonraki rapor<\/p>\n","protected":false},"author":4,"featured_media":0,"parent":4587,"menu_order":0,"comment_status":"closed","ping_status":"closed","template":"","meta":{"_joinchat":[],"footnotes":""},"class_list":["post-4709","page","type-page","status-publish","hentry"],"acf":[],"_links":{"self":[{"href":"https:\/\/medicaltravel.ch\/tr\/wp-json\/wp\/v2\/pages\/4709","targetHints":{"allow":["GET"]}}],"collection":[{"href":"https:\/\/medicaltravel.ch\/tr\/wp-json\/wp\/v2\/pages"}],"about":[{"href":"https:\/\/medicaltravel.ch\/tr\/wp-json\/wp\/v2\/types\/page"}],"author":[{"embeddable":true,"href":"https:\/\/medicaltravel.ch\/tr\/wp-json\/wp\/v2\/users\/4"}],"replies":[{"embeddable":true,"href":"https:\/\/medicaltravel.ch\/tr\/wp-json\/wp\/v2\/comments?post=4709"}],"version-history":[{"count":0,"href":"https:\/\/medicaltravel.ch\/tr\/wp-json\/wp\/v2\/pages\/4709\/revisions"}],"up":[{"embeddable":true,"href":"https:\/\/medicaltravel.ch\/tr\/wp-json\/wp\/v2\/pages\/4587"}],"wp:attachment":[{"href":"https:\/\/medicaltravel.ch\/tr\/wp-json\/wp\/v2\/media?parent=4709"}],"curies":[{"name":"wp","href":"https:\/\/api.w.org\/{rel}","templated":true}]}}