{"id":4711,"date":"2025-09-23T17:26:31","date_gmt":"2025-09-23T16:26:31","guid":{"rendered":"https:\/\/medicaltravel.ch\/hasta-raporlari\/erfahrungsberichte-empfehlungen-behandlungen-beurteilung-tuerkei-istanbul\/iki-kitadaki-sehirde-gecirdigim-meme-ameliyatim\/"},"modified":"2026-01-12T19:11:44","modified_gmt":"2026-01-12T18:11:44","slug":"iki-kitadaki-sehirde-gecirdigim-meme-ameliyatim","status":"publish","type":"page","link":"https:\/\/medicaltravel.ch\/tr\/hasta-raporlari\/referanslar-tavsiyeler-tedaviler-degerlendirmeler-turkiye-istanbul\/iki-kitadaki-sehirde-gecirdigim-meme-ameliyatim\/","title":{"rendered":"\u0130ki k\u0131tadaki \u015fehirde ge\u00e7irdi\u011fim meme ameliyat\u0131m"},"content":{"rendered":"\n<p>\u0130ki k\u0131tadaki \u015fehirde ge\u00e7irdi\u011fim meme ameliyat\u0131m \u2013 27 Nisan 2017 Per\u015fembe tarihli rapor<\/p>\n\n\n\n<p>Kilomun artmas\u0131 nedeniyle evimde art\u0131k kendimi rahat hissetmiyordum. \u00c7evremdeki bir\u00e7ok kad\u0131n benzer bir i\u015flem ge\u00e7irmi\u015fti. Ve bu kad\u0131nlar\u0131n \u00e7o\u011fu \u0130stanbul&#8217;da ameliyat olmu\u015ftu. Bu \u015fekilde MedicalTravel ile tan\u0131\u015ft\u0131m. \u015eirketin \u0130svi\u00e7re&#8217;de bulunmas\u0131 ve T\u00fcrkiye&#8217;deki Ac\u0131badem hastaneleriyle yak\u0131n bir ileti\u015fimi olmas\u0131 nedeniyle bir randevu ald\u0131m.    <\/p>\n\n\n\n<p>Bern&#8217;deki g\u00f6r\u00fc\u015fme \u00e7ok bilgilendiriciydi. Foto\u011fraflar \u00e7ekildi ve do\u011frudan \u0130stanbul&#8217;daki ilgili doktora g\u00f6nderildi. Her \u015fey \u00fccretsiz ve herhangi bir y\u00fck\u00fcml\u00fcl\u00fck olmadan ger\u00e7ekle\u015fti! Vay!   <\/p>\n\n\n\n<p>Bir s\u00fcre boyunca s\u00fcrekli olarak MedicalTravel ile ileti\u015fimde kald\u0131m ve yeniden d\u00fc\u015f\u00fcnmek i\u00e7in yeterli zaman\u0131m oldu. Binlerce sorum her zaman h\u0131zl\u0131ca yan\u0131tland\u0131 ve bu bana b\u00fcy\u00fck bir g\u00fcven sa\u011flad\u0131. <\/p>\n\n\n\n<p>Bu y\u00fczden Aral\u0131k 2016&#8217;da karar\u0131m kesinle\u015fti. \u0130stanbul&#8217;a gitmek istiyordum ve bu ameliyat\u0131 mutlaka yapt\u0131rmak istiyordum. Kararl\u0131 bir \u015fekilde MedicalTravel&#8217;a bilgi verdim, onlar da her \u015feyi organize ettiler. T\u00fcm seyahatimi d\u00fczenlediler ve olas\u0131 bir program g\u00f6nderdiler. \u0130stanbul&#8217;da tan\u0131d\u0131klar\u0131m oldu\u011fu i\u00e7in u\u00e7u\u015f ve otelimi zaten ba\u015fka bir \u015fekilde rezerve ettim, ancak bu da sorun olmad\u0131. MedicalTravel sadece transferin ne zaman ve nerede olaca\u011f\u0131n\u0131 bilmek istiyordu, b\u00f6ylece havaalan\u0131ndan otele sorunsuz ve risksiz bir \u015fekilde ula\u015fabilecektim.     <\/p>\n\n\n\n<p>Ve i\u015fte o an geldi. 10 \u015eubat 2017&#8217;de annem ve iyi bir arkada\u015f\u0131mla birlikte Turkish Airlines u\u00e7a\u011f\u0131na bindim. \u0130stanbul&#8217;a vard\u0131\u011f\u0131m\u0131zda, Ac\u0131badem Hastanesi&#8217;nin \u00e7al\u0131\u015fanlar\u0131 da bizi bekliyordu. Bizi Taksim&#8217;deki otelimize g\u00f6t\u00fcrd\u00fcler. Ertesi sabah al\u0131nd\u0131k ve Maslak&#8217;taki hastaneye, ameliyat g\u00f6r\u00fc\u015fmesi i\u00e7in g\u00f6t\u00fcr\u00fcld\u00fck. Maslak&#8217;a vard\u0131\u011f\u0131m\u0131zda, Almanca-T\u00fcrk\u00e7e konu\u015fan terc\u00fcmam\u0131z Tolga bizi kar\u015f\u0131lad\u0131. \u00c7ok arkada\u015f canl\u0131s\u0131 ve pozitif birisiydi. \u015eimdi anestezi uzman\u0131 ile g\u00f6r\u00fc\u015fmeye ba\u015flad\u0131k ve \u00e7e\u015fitli testler yap\u0131ld\u0131. Her \u015fey m\u00fckemmeldi, ameliyat olabilirim. Ard\u0131ndan k\u0131sa bir ziyaret doktor Yazar S\u00fckr\u00fc Bey&#8217;in ofisine yap\u0131ld\u0131. Kendisi biraz Almanca da konu\u015fabiliyordu. Kendisine hayran kald\u0131m ve bu g\u00f6r\u00fc\u015fmeden sonra kendimi daha da g\u00fcvende hissettim.           <\/p>\n\n\n\n<p>13 \u015eubat 2017, Ameliyat G\u00fcn\u00fc. O kadar gergindim ki, ama her \u015fey o kadar h\u0131zl\u0131 geli\u015fti ki. Hastaneye vard\u0131\u011f\u0131mda, sevgili doktorum Yazar Bey beni tekrar kar\u015f\u0131lad\u0131. G\u00fcl\u00fcmseyerek ve Almanca &#8220;Merhaba!&#8221; dedi. Odada v\u00fccudum \u00fczerinde \u00e7izimler yapmaya ba\u015flad\u0131. Her \u015fey tam olarak \u00f6l\u00e7\u00fcl\u00fcp i\u015faretlendi. Ameliyat ba\u015flamak \u00fczereydi. \u0130\u011fne, anestezi, 1\u20262\u2026 ve hemen bay\u0131ld\u0131m.      <\/p>\n\n\n\n<p>\u2026Hen\u00fcz \u00e7ok zay\u0131ft\u0131m ama sonunda kendime geldi\u011fimde, o g\u00fczel tek ki\u015filik odada uyand\u0131m. Unutmamak gerek ki, Ac\u0131badem bir \u00f6zel hastane ve en g\u00fczel yan\u0131, kendinizi bir otelde gibi hissetmeniz. Ac\u0131 hissediyordum, ancak etraf\u0131mda \u00e7ok sevimli hem\u015fireler vard\u0131, 24 saat boyunca yan\u0131mda oldular, beni s\u00fcrekli desteklediler ve bana \u00e7ok iyi bakt\u0131lar.  <\/p>\n\n\n\n<p>Her \u015fey tam anlam\u0131yla beklentilerimi kar\u015f\u0131lad\u0131. Daha \u00e7ok \u015fey anlatabilirim, ama bunu kendiniz ya\u015famal\u0131s\u0131n\u0131z. Cesaret edin. \u0130stanbul&#8217;a ad\u0131m at\u0131n ve hayalinizi ger\u00e7e\u011fe d\u00f6n\u00fc\u015ft\u00fcr\u00fcn. Sadece tavsiye edebilirim.    <\/p>\n\n\n\n<p>Doktor Yazar, ameliyat\u0131mdan bir ay sonra \u0130svi\u00e7re&#8217;ye bile geldi ve onunla ek bir kontrol randevusu ayarlayabildim. Bu ger\u00e7ekten harika bir hizmet ve bu doktor ger\u00e7ekten s\u00fcper. G\u00f6\u011f\u00fcs ameliyat\u0131m\u0131n sonucunu bir\u00e7ok arkada\u015f\u0131ma g\u00f6sterdim ve ger\u00e7ekten sadece olumlu geri d\u00f6n\u00fc\u015fler ald\u0131m. Benim dile\u011fim ger\u00e7ekle\u015fti ve ayn\u0131 \u015feyi sizlere de diliyorum!  <\/p>\n\n\n\n<p>\u00c7ok te\u015fekk\u00fcrler MedicalTravel, Ac\u0131badem ve tabii ki Doktor Yazar!<\/p>\n\n\n\n<p>V. Norderley<\/p>\n\n\n\n<div class=\"wp-block-group is-layout-grid wp-container-core-group-is-layout-baef362d wp-block-group-is-layout-grid\">\n<p><a href=\"https:\/\/medicaltravel.at\/home\/agb\/\" data-type=\"page\" data-id=\"2191\" rel=\"nofollow noopener\" target=\"_blank\"><\/a><a href=\"https:\/\/medicaltravel.ch\/tr\/hasta-raporlari\/referanslar-tavsiyeler-tedaviler-degerlendirmeler-turkiye-istanbul\/deneyim-raporu-istanbul-tuerkiyede-goez-kapagi-kaldirma\/\" data-type=\"link\" data-id=\"https:\/\/medicaltravel.ch\/tr\/hasta-raporlari\/referanslar-tavsiyeler-tedaviler-degerlendirmeler-turkiye-istanbul\/deneyim-raporu-istanbul-tuerkiyede-goez-kapagi-kaldirma\/\">\u00d6nceki rapor<\/a><\/p>\n\n\n\n<p class=\"has-text-align-right wp-container-content-5e2576f9\"><a href=\"https:\/\/medicaltravel.at\/home\/impressum\/\" data-type=\"page\" data-id=\"2193\" rel=\"nofollow noopener\" target=\"_blank\"><\/a><a href=\"https:\/\/medicaltravel.at\/home\/berichte-von-patienten\/erfahrungsberichte\/erfahrungsbericht-zahnbehandlung-in-istanbul\/\" data-type=\"page\" data-id=\"981\" rel=\"nofollow noopener\" target=\"_blank\"><\/a><a href=\"https:\/\/medicaltravel.ch\/tr\/hasta-raporlari\/referanslar-tavsiyeler-tedaviler-degerlendirmeler-turkiye-istanbul\/istanbuldaki-tam-dis-revizyonum-kesinlikle-muekemmel-7-subat-2017-sali-tarihli-rapor\/\" data-type=\"link\" data-id=\"https:\/\/medicaltravel.ch\/tr\/hasta-raporlari\/referanslar-tavsiyeler-tedaviler-degerlendirmeler-turkiye-istanbul\/istanbuldaki-tam-dis-revizyonum-kesinlikle-muekemmel-7-subat-2017-sali-tarihli-rapor\/\">Bir sonraki rapor<\/a><\/p>\n<\/div>\n","protected":false},"excerpt":{"rendered":"<p>\u0130ki k\u0131tadaki \u015fehirde ge\u00e7irdi\u011fim meme ameliyat\u0131m \u2013 27 Nisan 2017 Per\u015fembe tarihli rapor Kilomun artmas\u0131 nedeniyle evimde art\u0131k kendimi rahat hissetmiyordum. \u00c7evremdeki bir\u00e7ok kad\u0131n benzer bir i\u015flem ge\u00e7irmi\u015fti. Ve bu kad\u0131nlar\u0131n \u00e7o\u011fu \u0130stanbul&#8217;da ameliyat olmu\u015ftu. Bu \u015fekilde MedicalTravel ile tan\u0131\u015ft\u0131m. \u015eirketin \u0130svi\u00e7re&#8217;de bulunmas\u0131 ve T\u00fcrkiye&#8217;deki Ac\u0131badem hastaneleriyle yak\u0131n bir ileti\u015fimi olmas\u0131 nedeniyle bir randevu ald\u0131m. Bern&#8217;deki g\u00f6r\u00fc\u015fme \u00e7ok bilgilendiriciydi. Foto\u011fraflar \u00e7ekildi ve do\u011frudan \u0130stanbul&#8217;daki ilgili doktora g\u00f6nderildi. Her \u015fey \u00fccretsiz ve herhangi bir y\u00fck\u00fcml\u00fcl\u00fck olmadan ger\u00e7ekle\u015fti! Vay! Bir s\u00fcre boyunca s\u00fcrekli olarak MedicalTravel ile ileti\u015fimde kald\u0131m ve yeniden d\u00fc\u015f\u00fcnmek i\u00e7in yeterli zaman\u0131m oldu. Binlerce sorum her zaman h\u0131zl\u0131ca yan\u0131tland\u0131 ve bu bana b\u00fcy\u00fck bir g\u00fcven sa\u011flad\u0131. Bu y\u00fczden Aral\u0131k 2016&#8217;da karar\u0131m kesinle\u015fti. \u0130stanbul&#8217;a gitmek istiyordum ve bu ameliyat\u0131 mutlaka yapt\u0131rmak istiyordum. Kararl\u0131 bir \u015fekilde MedicalTravel&#8217;a bilgi verdim, onlar da her \u015feyi organize ettiler. T\u00fcm seyahatimi d\u00fczenlediler ve olas\u0131 bir program g\u00f6nderdiler. \u0130stanbul&#8217;da tan\u0131d\u0131klar\u0131m oldu\u011fu i\u00e7in u\u00e7u\u015f ve otelimi zaten ba\u015fka bir \u015fekilde rezerve ettim, ancak bu da sorun olmad\u0131. MedicalTravel sadece transferin ne zaman ve nerede olaca\u011f\u0131n\u0131 bilmek istiyordu, b\u00f6ylece havaalan\u0131ndan otele sorunsuz ve risksiz bir \u015fekilde ula\u015fabilecektim. Ve i\u015fte o an geldi. 10 \u015eubat 2017&#8217;de annem ve iyi bir arkada\u015f\u0131mla birlikte Turkish Airlines u\u00e7a\u011f\u0131na bindim. \u0130stanbul&#8217;a vard\u0131\u011f\u0131m\u0131zda, Ac\u0131badem Hastanesi&#8217;nin \u00e7al\u0131\u015fanlar\u0131 da bizi bekliyordu. Bizi Taksim&#8217;deki otelimize g\u00f6t\u00fcrd\u00fcler. Ertesi sabah al\u0131nd\u0131k ve Maslak&#8217;taki hastaneye, ameliyat g\u00f6r\u00fc\u015fmesi i\u00e7in g\u00f6t\u00fcr\u00fcld\u00fck. Maslak&#8217;a vard\u0131\u011f\u0131m\u0131zda, Almanca-T\u00fcrk\u00e7e konu\u015fan terc\u00fcmam\u0131z Tolga bizi kar\u015f\u0131lad\u0131. \u00c7ok arkada\u015f canl\u0131s\u0131 ve pozitif birisiydi. \u015eimdi anestezi uzman\u0131 ile g\u00f6r\u00fc\u015fmeye ba\u015flad\u0131k ve \u00e7e\u015fitli testler yap\u0131ld\u0131. Her \u015fey m\u00fckemmeldi, ameliyat olabilirim. Ard\u0131ndan k\u0131sa bir ziyaret doktor Yazar S\u00fckr\u00fc Bey&#8217;in ofisine yap\u0131ld\u0131. Kendisi biraz Almanca da konu\u015fabiliyordu. Kendisine hayran kald\u0131m ve bu g\u00f6r\u00fc\u015fmeden sonra kendimi daha da g\u00fcvende hissettim. 13 \u015eubat 2017, Ameliyat G\u00fcn\u00fc. O kadar gergindim ki, ama her \u015fey o kadar h\u0131zl\u0131 geli\u015fti ki. Hastaneye vard\u0131\u011f\u0131mda, sevgili doktorum Yazar Bey beni tekrar kar\u015f\u0131lad\u0131. G\u00fcl\u00fcmseyerek ve Almanca &#8220;Merhaba!&#8221; dedi. Odada v\u00fccudum \u00fczerinde \u00e7izimler yapmaya ba\u015flad\u0131. Her \u015fey tam olarak \u00f6l\u00e7\u00fcl\u00fcp i\u015faretlendi. Ameliyat ba\u015flamak \u00fczereydi. \u0130\u011fne, anestezi, 1\u20262\u2026 ve hemen bay\u0131ld\u0131m. \u2026Hen\u00fcz \u00e7ok zay\u0131ft\u0131m ama sonunda kendime geldi\u011fimde, o g\u00fczel tek ki\u015filik odada uyand\u0131m. Unutmamak gerek ki, Ac\u0131badem bir \u00f6zel hastane ve en g\u00fczel yan\u0131, kendinizi bir otelde gibi hissetmeniz. Ac\u0131 hissediyordum, ancak etraf\u0131mda \u00e7ok sevimli hem\u015fireler vard\u0131, 24 saat boyunca yan\u0131mda oldular, beni s\u00fcrekli desteklediler ve bana \u00e7ok iyi bakt\u0131lar. Her \u015fey tam anlam\u0131yla beklentilerimi kar\u015f\u0131lad\u0131. Daha \u00e7ok \u015fey anlatabilirim, ama bunu kendiniz ya\u015famal\u0131s\u0131n\u0131z. Cesaret edin. \u0130stanbul&#8217;a ad\u0131m at\u0131n ve hayalinizi ger\u00e7e\u011fe d\u00f6n\u00fc\u015ft\u00fcr\u00fcn. Sadece tavsiye edebilirim. Doktor Yazar, ameliyat\u0131mdan bir ay sonra \u0130svi\u00e7re&#8217;ye bile geldi ve onunla ek bir kontrol randevusu ayarlayabildim. Bu ger\u00e7ekten harika bir hizmet ve bu doktor ger\u00e7ekten s\u00fcper. G\u00f6\u011f\u00fcs ameliyat\u0131m\u0131n sonucunu bir\u00e7ok arkada\u015f\u0131ma g\u00f6sterdim ve ger\u00e7ekten sadece olumlu geri d\u00f6n\u00fc\u015fler ald\u0131m. Benim dile\u011fim ger\u00e7ekle\u015fti ve ayn\u0131 \u015feyi sizlere de diliyorum! \u00c7ok te\u015fekk\u00fcrler MedicalTravel, Ac\u0131badem ve tabii ki Doktor Yazar! V. Norderley \u00d6nceki rapor Bir sonraki rapor<\/p>\n","protected":false},"author":4,"featured_media":0,"parent":4587,"menu_order":0,"comment_status":"closed","ping_status":"closed","template":"","meta":{"_joinchat":[],"footnotes":""},"class_list":["post-4711","page","type-page","status-publish","hentry"],"acf":[],"_links":{"self":[{"href":"https:\/\/medicaltravel.ch\/tr\/wp-json\/wp\/v2\/pages\/4711","targetHints":{"allow":["GET"]}}],"collection":[{"href":"https:\/\/medicaltravel.ch\/tr\/wp-json\/wp\/v2\/pages"}],"about":[{"href":"https:\/\/medicaltravel.ch\/tr\/wp-json\/wp\/v2\/types\/page"}],"author":[{"embeddable":true,"href":"https:\/\/medicaltravel.ch\/tr\/wp-json\/wp\/v2\/users\/4"}],"replies":[{"embeddable":true,"href":"https:\/\/medicaltravel.ch\/tr\/wp-json\/wp\/v2\/comments?post=4711"}],"version-history":[{"count":0,"href":"https:\/\/medicaltravel.ch\/tr\/wp-json\/wp\/v2\/pages\/4711\/revisions"}],"up":[{"embeddable":true,"href":"https:\/\/medicaltravel.ch\/tr\/wp-json\/wp\/v2\/pages\/4587"}],"wp:attachment":[{"href":"https:\/\/medicaltravel.ch\/tr\/wp-json\/wp\/v2\/media?parent=4711"}],"curies":[{"name":"wp","href":"https:\/\/api.w.org\/{rel}","templated":true}]}}