{"id":4713,"date":"2025-09-23T17:28:08","date_gmt":"2025-09-23T16:28:08","guid":{"rendered":"https:\/\/medicaltravel.ch\/hasta-raporlari\/erfahrungsberichte-empfehlungen-behandlungen-beurteilung-tuerkei-istanbul\/istanbuldaki-meme-tedavim-25-ocak-2017-carsamba-tarihli-rapor\/"},"modified":"2026-01-12T19:12:47","modified_gmt":"2026-01-12T18:12:47","slug":"istanbuldaki-meme-tedavim-25-ocak-2017-carsamba-tarihli-rapor","status":"publish","type":"page","link":"https:\/\/medicaltravel.ch\/tr\/hasta-raporlari\/referanslar-tavsiyeler-tedaviler-degerlendirmeler-turkiye-istanbul\/istanbuldaki-meme-tedavim-25-ocak-2017-carsamba-tarihli-rapor\/","title":{"rendered":"\u0130STANBUL&#8217;DAK\u0130 MEME TEDAV\u0130M \u2013 25 Ocak 2017 \u00c7ar\u015famba tarihli rapor"},"content":{"rendered":"\n<p>\u0130STANBUL&#8217;DAK\u0130 MEME TEDAV\u0130M \u2013 25 Ocak 2017 \u00c7ar\u015famba tarihli rapor<\/p>\n\n\n\n<p><strong>\u0130stanbul&#8217;da meme implantlar\u0131 hakk\u0131nda deneyim raporu<\/strong><\/p>\n\n\n\n<p>35 ya\u015f\u0131nday\u0131m ve 7 ve 4,5 ya\u015flar\u0131nda iki \u00e7ocu\u011fum var. Hamilelik ve emzirme nedeniyle g\u00f6\u011f\u00fcslerim zarar g\u00f6rd\u00fc. Uzun bir s\u00fcredir bir i\u015flem yapt\u0131rmam gerekti\u011fi a\u00e7\u0131kt\u0131. Son 6 y\u0131l boyunca bu konuyu s\u00fcrekli d\u00fc\u015f\u00fcnd\u00fcm ve jinekologumla da konu\u015ftum. Bana birini tavsiye etti, ancak o ki\u015fi 11.000 CHF \u00fccret istiyordu. Bu ger\u00e7ekten \u00e7ok pahal\u0131yd\u0131. \u0130nternet \u00fczerinden MedicalTravel ile tan\u0131\u015ft\u0131m. Web sitesi beni etkiledi ve fiyatlar\u0131 g\u00f6r\u00fcnce ger\u00e7ekten \u015fa\u015f\u0131rd\u0131m. Hemen Eyl\u00fcl 2016&#8217;da bir dan\u0131\u015fmanl\u0131k i\u00e7in kaydoldum.        <\/p>\n\n\n\n<p>Merakla, e\u015fim ve hatta \u00e7ocuklar\u0131m (\u00e7\u00fcnk\u00fc onlara bakacak kimsem yoktu ve Say\u0131n Kara, onlar\u0131 yan\u0131mda getirebilece\u011fimi nazik\u00e7e belirtti) ile bulu\u015fmaya gittim. Bizi \u00e7ok samimi bir \u015fekilde kar\u015f\u0131lad\u0131lar. Dan\u0131\u015fmanl\u0131k s\u0131ras\u0131nda bir terc\u00fcman vard\u0131. Doktor beni muayene etti ve yap\u0131lacak i\u015flemi, nas\u0131l olaca\u011f\u0131n\u0131 vs. \u00e7ok net bir \u015fekilde a\u00e7\u0131klad\u0131. T\u00fcm sorular\u0131m\u0131z uzmanl\u0131kla yan\u0131tland\u0131. G\u00f6r\u00fc\u015fmenin sonunda, 2017&#8217;nin ba\u015f\u0131 i\u00e7in ge\u00e7ici bir randevu ald\u0131m. Eve d\u00f6nd\u00fckten sonra, ba\u015fka hi\u00e7bir \u015fey d\u00fc\u015f\u00fcnemedim. Bu i\u015flemi orada yapt\u0131rmaya karar vermi\u015ftim. Bir hafta sonra, 2 Ocak 2017&#8217;deki i\u015flemi kesin olarak kaydettirdim. \u00c7ok merak ediyordum ama hi\u00e7 sinirli de\u011fildim.        <\/p>\n\n\n\n<p>1 Ocak&#8217;ta o an geldi, ailem beni \u0130stanbul&#8217;a g\u00f6t\u00fcrd\u00fc. Havaalan\u0131nda \u00e7ok samimi bir \u015fekilde kar\u015f\u0131land\u0131k ve ard\u0131ndan otele g\u00f6t\u00fcr\u00fcld\u00fck. <\/p>\n\n\n\n<p>Otel, Ac\u0131badem Hastanesi&#8217;ne yakla\u015f\u0131k 50 metre uzakl\u0131kta k\u00fc\u00e7\u00fck ve \u015firin bir oteldi. 2 Ocak 2017&#8217;de saat 7:30&#8217;da \u015fof\u00f6r taraf\u0131ndan al\u0131nd\u0131k. Annem biraz gergindi, ben ise hi\u00e7 de\u011filim. Hastaneye geldi\u011fimizde, bizi kar\u015f\u0131lad\u0131lar ve hemen kan al\u0131m\u0131na ba\u015fland\u0131. Ard\u0131ndan, \u00e7ok sevimli bir gen\u00e7 han\u0131m olan terc\u00fcman\u0131m\u0131zla tan\u0131\u015ft\u0131k. O g\u00fcnden itibaren her ad\u0131mda bize e\u015flik etti.     <\/p>\n\n\n\n<p>Sonra cerrah\u0131m\u0131z Bayan \u00dcnal ile g\u00f6r\u00fc\u015fmemiz oldu. Bayan \u00dcnal, g\u00f6\u011f\u00fcslerimin foto\u011fraflar\u0131n\u0131 \u00e7ekti ve her \u015feyi bir kez daha ayr\u0131nt\u0131l\u0131 bir \u015fekilde a\u00e7\u0131klad\u0131. K\u0131sa s\u00fcre i\u00e7inde g\u00fcvenimi kazand\u0131. Ameliyat saat 9:00&#8217;da ba\u015flad\u0131. Beni b\u00fcy\u00fck ve \u00e7ok g\u00fczel bir odaya g\u00f6t\u00fcrd\u00fcler, burada baz\u0131 genel sorulara cevap verdim. Ard\u0131ndan anestezist geldi, her \u015feyi haz\u0131rlad\u0131, ben de k\u0131yafetlerimi \u00e7\u0131kard\u0131m, hastane \u00f6nl\u00fc\u011f\u00fcn\u00fc ve ba\u015fl\u0131k giymem gerekti ve yata\u011fa uzand\u0131m.     <\/p>\n\n\n\n<p>Ailemle vedala\u015ft\u0131m ve i\u015flem ba\u015flad\u0131. H\u00e2l\u00e2 hi\u00e7 sinirli de\u011fildim. Sadece, asans\u00f6re binip yukar\u0131 \u00e7\u0131kt\u0131\u011f\u0131m\u0131z\u0131 hat\u0131rl\u0131yorum ve sonra saatler sonra uyand\u0131\u011f\u0131mda her \u015feyin \u00e7oktan bitmi\u015f oldu\u011funu fark ettim.  <\/p>\n\n\n\n<p>Sonra odaya g\u00f6t\u00fcr\u00fcld\u00fcm ve ailem beni bekliyordu. Ameliyat ba\u015far\u0131l\u0131 ge\u00e7mi\u015fti. Yatakta, yeni g\u00f6\u011f\u00fcslerimle, \u00f6zel bir sutyen ve \u00fczerine elastik bir bandajla yat\u0131yordum, ayn\u0131 zamanda damar yolumdan serum al\u0131yordum. H\u00e2l\u00e2 \u00e7ok yorgundum ve neredeyse sadece uyudum.   <\/p>\n\n\n\n<p>Annem hastanede benimle kalabildi. Hem\u015fireler son derece yard\u0131mc\u0131yd\u0131lar ve \u00e7ok sevimliydiler. Hastanedeki geceyi sorunsuz ge\u00e7irdim. Her saat ba\u015f\u0131 bir hem\u015fire gelip g\u00f6\u011f\u00fcslerimi kontrol etti. Bak\u0131m hizmetinden ger\u00e7ekten \u00e7ok etkilendim.    <\/p>\n\n\n\n<p>Annem, \u0130svi\u00e7re&#8217;de zaten bir k\u00f6k kanal tedavisine ba\u015flam\u0131\u015ft\u0131 ve birka\u00e7 i\u015flem daha yap\u0131lmas\u0131 gerekiyordu. Bu y\u00fczden terc\u00fcman\u0131m\u0131za Ac\u0131badem&#8217;de ayn\u0131 tedaviyi yapt\u0131rma imkan\u0131 olup olmad\u0131\u011f\u0131n\u0131 sorduk.<\/p>\n\n\n\n<p>Terc\u00fcman annemi hemen elinden tutarak di\u015f b\u00f6l\u00fcm\u00fcne g\u00f6t\u00fcrd\u00fc. Annem hemen bir randevu ald\u0131 ve tedavi \u00e7ok memnuniyetle tamamland\u0131. \u00dcstelik \u00e7ok uygun bir fiyata. Annem \u00e7ok \u015fa\u015f\u0131rm\u0131\u015ft\u0131, \u0130svi\u00e7re&#8217;de b\u00f6yle bir altyap\u0131y\u0131 hi\u00e7 g\u00f6rmedi\u011fini s\u00f6yledi.   <\/p>\n\n\n\n<p>B\u00fct\u00fcn g\u00fcn\u00fc hastanede ge\u00e7irdim ve sabah erken saatlerde yataktan kalkabildim. Annem bana yard\u0131mc\u0131 oldu, \u00e7\u00fcnk\u00fc hareket kabiliyetim olduk\u00e7a s\u0131n\u0131rl\u0131yd\u0131 ve tabii ki a\u011fr\u0131m da vard\u0131! Hissedilen a\u011fr\u0131, a\u015f\u0131r\u0131 yo\u011fun bir kas a\u011fr\u0131s\u0131 gibiydi. Do\u011fum yapm\u0131\u015f olanlar i\u00e7in, epidural anestezi kullanmadan do\u011fumun daha ac\u0131 verici oldu\u011funu s\u00f6yleyebilirim.   <\/p>\n\n\n\n<p>Ak\u015fam hastaneden taburcu oldum ve otelimize g\u00f6t\u00fcr\u00fcld\u00fck. Oteldeki gece \u00e7ok rahat de\u011fildi, nas\u0131l uyuyaca\u011f\u0131m\u0131 bilemedim. Hastanede yatak yukar\u0131 ve a\u015fa\u011f\u0131 hareket edebiliyordu, ama otelde bu imkan \u00e7ok s\u0131n\u0131rl\u0131yd\u0131. Bir de koltuk alt\u0131mda kan\u0131n hala akmas\u0131n\u0131 sa\u011flayan iki t\u00fcp vard\u0131. Bunlar olduk\u00e7a a\u011fr\u0131yordu ve rahats\u0131z ediciydi. Ancak ayn\u0131 g\u00fcn cerrah taraf\u0131ndan \u00e7\u0131kar\u0131ld\u0131lar. \u00c7\u0131karma i\u015flemi biraz ac\u0131l\u0131yd\u0131 \u00e7\u00fcnk\u00fc yakla\u015f\u0131k 10 cm deri alt\u0131na yerle\u015fmi\u015flerdi. Bu kontrolden sonra, \u00e7ok yak\u0131n bir mesafede bulunan Cevahir Al\u0131\u015fveri\u015f Merkezi&#8217;ne gittik. Sa\u00e7lar\u0131m\u0131 kendim y\u0131kamak imkans\u0131z oldu\u011fu i\u00e7in bir kuaf\u00f6r arad\u0131m ve orada kendimi \u015f\u0131martt\u0131m. Hastaneden ald\u0131\u011f\u0131m ila\u00e7lar\u0131 d\u00fczenli olarak kulland\u0131m.         <\/p>\n\n\n\n<p>Bu s\u00fcre zarf\u0131nda, Cuma g\u00fcn\u00fc bir kontrol\u00fcm daha vard\u0131. Doktorum memnundu. Bu \u00f6zel sutyeni \u00fc\u00e7 hafta daha takmam gerekti. A\u011fr\u0131lar gittik\u00e7e azald\u0131 ve art\u0131k hareketlilik s\u0131n\u0131rlamalar\u0131 da neredeyse tamamen kalkt\u0131.   <\/p>\n\n\n\n<p>Ge\u00e7en hafta jinekologumdayd\u0131m ve sonu\u00e7tan \u00e7ok etkilendi. Ayr\u0131ca, her \u015feyin v\u00fccuduma m\u00fckemmel bir \u015fekilde uydu\u011funu s\u00f6yledi. <\/p>\n\n\n\n<p>Bayan \u00dcnal, 22 Ocak&#8217;ta \u0130svi\u00e7re&#8217;ye geldi ve dan\u0131\u015fmanl\u0131k g\u00fcnleri d\u00fczenledi. Bu benim i\u00e7in \u00e7ok uygun oldu \u00e7\u00fcnk\u00fc \u00fc\u00e7 hafta sonra kendisinden bir kez daha \u00fccretsiz dan\u0131\u015fmanl\u0131k alm\u0131\u015f oldum. Kendisi memnundu, ancak bana 3 hafta daha sutyen ve bandaj\u0131 takmam\u0131 \u00f6nerdi.  <\/p>\n\n\n\n<p>Hen\u00fcz emin olmayan ve \u0130stanbul&#8217;da bir i\u015flem yapt\u0131rmaktan korkanlar i\u00e7in umar\u0131m endi\u015felerinizi giderebilmi\u015fimdir ve sizi ikna edebilmi\u015fimdir. Ben her zaman orada yapt\u0131r\u0131r\u0131m. Buradaki doktorlar, biraz ders alabilirler.  <\/p>\n\n\n\n<p>Sayg\u0131lar\u0131mla<\/p>\n\n\n\n<p>Fabiannne Helzikon<\/p>\n\n\n\n<div class=\"wp-block-group is-layout-grid wp-container-core-group-is-layout-baef362d wp-block-group-is-layout-grid\">\n<p><a href=\"https:\/\/medicaltravel.at\/home\/agb\/\" data-type=\"page\" data-id=\"2191\" rel=\"nofollow noopener\" target=\"_blank\"><\/a><a href=\"https:\/\/medicaltravel.ch\/tr\/hasta-raporlari\/referanslar-tavsiyeler-tedaviler-degerlendirmeler-turkiye-istanbul\/istanbuldaki-tam-dis-revizyonum-kesinlikle-muekemmel-7-subat-2017-sali-tarihli-rapor\/\" data-type=\"link\" data-id=\"https:\/\/medicaltravel.ch\/tr\/hasta-raporlari\/referanslar-tavsiyeler-tedaviler-degerlendirmeler-turkiye-istanbul\/istanbuldaki-tam-dis-revizyonum-kesinlikle-muekemmel-7-subat-2017-sali-tarihli-rapor\/\">\u00d6nceki rapor<\/a><\/p>\n\n\n\n<p class=\"has-text-align-right wp-container-content-5e2576f9\"><a href=\"https:\/\/medicaltravel.at\/home\/impressum\/\" data-type=\"page\" data-id=\"2193\" rel=\"nofollow noopener\" target=\"_blank\"><\/a><a href=\"https:\/\/medicaltravel.at\/home\/berichte-von-patienten\/erfahrungsberichte\/erfahrungsbericht-zahnbehandlung-in-istanbul\/\" data-type=\"page\" data-id=\"981\" rel=\"nofollow noopener\" target=\"_blank\"><\/a><a href=\"https:\/\/medicaltravel.ch\/tr\/hasta-raporlari\/referanslar-tavsiyeler-tedaviler-degerlendirmeler-turkiye-istanbul\/istanbulda-sac-ekimi-deneyim-raporu-28-aralik-2016-carsamba-tarihli-rapor\/\" data-type=\"link\" data-id=\"https:\/\/medicaltravel.ch\/tr\/hasta-raporlari\/referanslar-tavsiyeler-tedaviler-degerlendirmeler-turkiye-istanbul\/istanbulda-sac-ekimi-deneyim-raporu-28-aralik-2016-carsamba-tarihli-rapor\/\">Bir sonraki rapor<\/a><\/p>\n<\/div>\n","protected":false},"excerpt":{"rendered":"<p>\u0130STANBUL&#8217;DAK\u0130 MEME TEDAV\u0130M \u2013 25 Ocak 2017 \u00c7ar\u015famba tarihli rapor \u0130stanbul&#8217;da meme implantlar\u0131 hakk\u0131nda deneyim raporu 35 ya\u015f\u0131nday\u0131m ve 7 ve 4,5 ya\u015flar\u0131nda iki \u00e7ocu\u011fum var. Hamilelik ve emzirme nedeniyle g\u00f6\u011f\u00fcslerim zarar g\u00f6rd\u00fc. Uzun bir s\u00fcredir bir i\u015flem yapt\u0131rmam gerekti\u011fi a\u00e7\u0131kt\u0131. Son 6 y\u0131l boyunca bu konuyu s\u00fcrekli d\u00fc\u015f\u00fcnd\u00fcm ve jinekologumla da konu\u015ftum. Bana birini tavsiye etti, ancak o ki\u015fi 11.000 CHF \u00fccret istiyordu. Bu ger\u00e7ekten \u00e7ok pahal\u0131yd\u0131. \u0130nternet \u00fczerinden MedicalTravel ile tan\u0131\u015ft\u0131m. Web sitesi beni etkiledi ve fiyatlar\u0131 g\u00f6r\u00fcnce ger\u00e7ekten \u015fa\u015f\u0131rd\u0131m. Hemen Eyl\u00fcl 2016&#8217;da bir dan\u0131\u015fmanl\u0131k i\u00e7in kaydoldum. Merakla, e\u015fim ve hatta \u00e7ocuklar\u0131m (\u00e7\u00fcnk\u00fc onlara bakacak kimsem yoktu ve Say\u0131n Kara, onlar\u0131 yan\u0131mda getirebilece\u011fimi nazik\u00e7e belirtti) ile bulu\u015fmaya gittim. Bizi \u00e7ok samimi bir \u015fekilde kar\u015f\u0131lad\u0131lar. Dan\u0131\u015fmanl\u0131k s\u0131ras\u0131nda bir terc\u00fcman vard\u0131. Doktor beni muayene etti ve yap\u0131lacak i\u015flemi, nas\u0131l olaca\u011f\u0131n\u0131 vs. \u00e7ok net bir \u015fekilde a\u00e7\u0131klad\u0131. T\u00fcm sorular\u0131m\u0131z uzmanl\u0131kla yan\u0131tland\u0131. G\u00f6r\u00fc\u015fmenin sonunda, 2017&#8217;nin ba\u015f\u0131 i\u00e7in ge\u00e7ici bir randevu ald\u0131m. Eve d\u00f6nd\u00fckten sonra, ba\u015fka hi\u00e7bir \u015fey d\u00fc\u015f\u00fcnemedim. Bu i\u015flemi orada yapt\u0131rmaya karar vermi\u015ftim. Bir hafta sonra, 2 Ocak 2017&#8217;deki i\u015flemi kesin olarak kaydettirdim. \u00c7ok merak ediyordum ama hi\u00e7 sinirli de\u011fildim. 1 Ocak&#8217;ta o an geldi, ailem beni \u0130stanbul&#8217;a g\u00f6t\u00fcrd\u00fc. Havaalan\u0131nda \u00e7ok samimi bir \u015fekilde kar\u015f\u0131land\u0131k ve ard\u0131ndan otele g\u00f6t\u00fcr\u00fcld\u00fck. Otel, Ac\u0131badem Hastanesi&#8217;ne yakla\u015f\u0131k 50 metre uzakl\u0131kta k\u00fc\u00e7\u00fck ve \u015firin bir oteldi. 2 Ocak 2017&#8217;de saat 7:30&#8217;da \u015fof\u00f6r taraf\u0131ndan al\u0131nd\u0131k. Annem biraz gergindi, ben ise hi\u00e7 de\u011filim. Hastaneye geldi\u011fimizde, bizi kar\u015f\u0131lad\u0131lar ve hemen kan al\u0131m\u0131na ba\u015fland\u0131. Ard\u0131ndan, \u00e7ok sevimli bir gen\u00e7 han\u0131m olan terc\u00fcman\u0131m\u0131zla tan\u0131\u015ft\u0131k. O g\u00fcnden itibaren her ad\u0131mda bize e\u015flik etti. Sonra cerrah\u0131m\u0131z Bayan \u00dcnal ile g\u00f6r\u00fc\u015fmemiz oldu. Bayan \u00dcnal, g\u00f6\u011f\u00fcslerimin foto\u011fraflar\u0131n\u0131 \u00e7ekti ve her \u015feyi bir kez daha ayr\u0131nt\u0131l\u0131 bir \u015fekilde a\u00e7\u0131klad\u0131. K\u0131sa s\u00fcre i\u00e7inde g\u00fcvenimi kazand\u0131. Ameliyat saat 9:00&#8217;da ba\u015flad\u0131. Beni b\u00fcy\u00fck ve \u00e7ok g\u00fczel bir odaya g\u00f6t\u00fcrd\u00fcler, burada baz\u0131 genel sorulara cevap verdim. Ard\u0131ndan anestezist geldi, her \u015feyi haz\u0131rlad\u0131, ben de k\u0131yafetlerimi \u00e7\u0131kard\u0131m, hastane \u00f6nl\u00fc\u011f\u00fcn\u00fc ve ba\u015fl\u0131k giymem gerekti ve yata\u011fa uzand\u0131m. Ailemle vedala\u015ft\u0131m ve i\u015flem ba\u015flad\u0131. H\u00e2l\u00e2 hi\u00e7 sinirli de\u011fildim. Sadece, asans\u00f6re binip yukar\u0131 \u00e7\u0131kt\u0131\u011f\u0131m\u0131z\u0131 hat\u0131rl\u0131yorum ve sonra saatler sonra uyand\u0131\u011f\u0131mda her \u015feyin \u00e7oktan bitmi\u015f oldu\u011funu fark ettim. Sonra odaya g\u00f6t\u00fcr\u00fcld\u00fcm ve ailem beni bekliyordu. Ameliyat ba\u015far\u0131l\u0131 ge\u00e7mi\u015fti. Yatakta, yeni g\u00f6\u011f\u00fcslerimle, \u00f6zel bir sutyen ve \u00fczerine elastik bir bandajla yat\u0131yordum, ayn\u0131 zamanda damar yolumdan serum al\u0131yordum. H\u00e2l\u00e2 \u00e7ok yorgundum ve neredeyse sadece uyudum. Annem hastanede benimle kalabildi. Hem\u015fireler son derece yard\u0131mc\u0131yd\u0131lar ve \u00e7ok sevimliydiler. Hastanedeki geceyi sorunsuz ge\u00e7irdim. Her saat ba\u015f\u0131 bir hem\u015fire gelip g\u00f6\u011f\u00fcslerimi kontrol etti. Bak\u0131m hizmetinden ger\u00e7ekten \u00e7ok etkilendim. Annem, \u0130svi\u00e7re&#8217;de zaten bir k\u00f6k kanal tedavisine ba\u015flam\u0131\u015ft\u0131 ve birka\u00e7 i\u015flem daha yap\u0131lmas\u0131 gerekiyordu. Bu y\u00fczden terc\u00fcman\u0131m\u0131za Ac\u0131badem&#8217;de ayn\u0131 tedaviyi yapt\u0131rma imkan\u0131 olup olmad\u0131\u011f\u0131n\u0131 sorduk. Terc\u00fcman annemi hemen elinden tutarak di\u015f b\u00f6l\u00fcm\u00fcne g\u00f6t\u00fcrd\u00fc. Annem hemen bir randevu ald\u0131 ve tedavi \u00e7ok memnuniyetle tamamland\u0131. \u00dcstelik \u00e7ok uygun bir fiyata. Annem \u00e7ok \u015fa\u015f\u0131rm\u0131\u015ft\u0131, \u0130svi\u00e7re&#8217;de b\u00f6yle bir altyap\u0131y\u0131 hi\u00e7 g\u00f6rmedi\u011fini s\u00f6yledi. B\u00fct\u00fcn g\u00fcn\u00fc hastanede ge\u00e7irdim ve sabah erken saatlerde yataktan kalkabildim. Annem bana yard\u0131mc\u0131 oldu, \u00e7\u00fcnk\u00fc hareket kabiliyetim olduk\u00e7a s\u0131n\u0131rl\u0131yd\u0131 ve tabii ki a\u011fr\u0131m da vard\u0131! Hissedilen a\u011fr\u0131, a\u015f\u0131r\u0131 yo\u011fun bir kas a\u011fr\u0131s\u0131 gibiydi. Do\u011fum yapm\u0131\u015f olanlar i\u00e7in, epidural anestezi kullanmadan do\u011fumun daha ac\u0131 verici oldu\u011funu s\u00f6yleyebilirim. Ak\u015fam hastaneden taburcu oldum ve otelimize g\u00f6t\u00fcr\u00fcld\u00fck. Oteldeki gece \u00e7ok rahat de\u011fildi, nas\u0131l uyuyaca\u011f\u0131m\u0131 bilemedim. Hastanede yatak yukar\u0131 ve a\u015fa\u011f\u0131 hareket edebiliyordu, ama otelde bu imkan \u00e7ok s\u0131n\u0131rl\u0131yd\u0131. Bir de koltuk alt\u0131mda kan\u0131n hala akmas\u0131n\u0131 sa\u011flayan iki t\u00fcp vard\u0131. Bunlar olduk\u00e7a a\u011fr\u0131yordu ve rahats\u0131z ediciydi. Ancak ayn\u0131 g\u00fcn cerrah taraf\u0131ndan \u00e7\u0131kar\u0131ld\u0131lar. \u00c7\u0131karma i\u015flemi biraz ac\u0131l\u0131yd\u0131 \u00e7\u00fcnk\u00fc yakla\u015f\u0131k 10 cm deri alt\u0131na yerle\u015fmi\u015flerdi. Bu kontrolden sonra, \u00e7ok yak\u0131n bir mesafede bulunan Cevahir Al\u0131\u015fveri\u015f Merkezi&#8217;ne gittik. Sa\u00e7lar\u0131m\u0131 kendim y\u0131kamak imkans\u0131z oldu\u011fu i\u00e7in bir kuaf\u00f6r arad\u0131m ve orada kendimi \u015f\u0131martt\u0131m. Hastaneden ald\u0131\u011f\u0131m ila\u00e7lar\u0131 d\u00fczenli olarak kulland\u0131m. Bu s\u00fcre zarf\u0131nda, Cuma g\u00fcn\u00fc bir kontrol\u00fcm daha vard\u0131. Doktorum memnundu. Bu \u00f6zel sutyeni \u00fc\u00e7 hafta daha takmam gerekti. A\u011fr\u0131lar gittik\u00e7e azald\u0131 ve art\u0131k hareketlilik s\u0131n\u0131rlamalar\u0131 da neredeyse tamamen kalkt\u0131. Ge\u00e7en hafta jinekologumdayd\u0131m ve sonu\u00e7tan \u00e7ok etkilendi. Ayr\u0131ca, her \u015feyin v\u00fccuduma m\u00fckemmel bir \u015fekilde uydu\u011funu s\u00f6yledi. Bayan \u00dcnal, 22 Ocak&#8217;ta \u0130svi\u00e7re&#8217;ye geldi ve dan\u0131\u015fmanl\u0131k g\u00fcnleri d\u00fczenledi. Bu benim i\u00e7in \u00e7ok uygun oldu \u00e7\u00fcnk\u00fc \u00fc\u00e7 hafta sonra kendisinden bir kez daha \u00fccretsiz dan\u0131\u015fmanl\u0131k alm\u0131\u015f oldum. Kendisi memnundu, ancak bana 3 hafta daha sutyen ve bandaj\u0131 takmam\u0131 \u00f6nerdi. Hen\u00fcz emin olmayan ve \u0130stanbul&#8217;da bir i\u015flem yapt\u0131rmaktan korkanlar i\u00e7in umar\u0131m endi\u015felerinizi giderebilmi\u015fimdir ve sizi ikna edebilmi\u015fimdir. Ben her zaman orada yapt\u0131r\u0131r\u0131m. Buradaki doktorlar, biraz ders alabilirler. Sayg\u0131lar\u0131mla Fabiannne Helzikon \u00d6nceki rapor Bir sonraki rapor<\/p>\n","protected":false},"author":4,"featured_media":0,"parent":4587,"menu_order":0,"comment_status":"closed","ping_status":"closed","template":"","meta":{"_joinchat":[],"footnotes":""},"class_list":["post-4713","page","type-page","status-publish","hentry"],"acf":[],"_links":{"self":[{"href":"https:\/\/medicaltravel.ch\/tr\/wp-json\/wp\/v2\/pages\/4713","targetHints":{"allow":["GET"]}}],"collection":[{"href":"https:\/\/medicaltravel.ch\/tr\/wp-json\/wp\/v2\/pages"}],"about":[{"href":"https:\/\/medicaltravel.ch\/tr\/wp-json\/wp\/v2\/types\/page"}],"author":[{"embeddable":true,"href":"https:\/\/medicaltravel.ch\/tr\/wp-json\/wp\/v2\/users\/4"}],"replies":[{"embeddable":true,"href":"https:\/\/medicaltravel.ch\/tr\/wp-json\/wp\/v2\/comments?post=4713"}],"version-history":[{"count":0,"href":"https:\/\/medicaltravel.ch\/tr\/wp-json\/wp\/v2\/pages\/4713\/revisions"}],"up":[{"embeddable":true,"href":"https:\/\/medicaltravel.ch\/tr\/wp-json\/wp\/v2\/pages\/4587"}],"wp:attachment":[{"href":"https:\/\/medicaltravel.ch\/tr\/wp-json\/wp\/v2\/media?parent=4713"}],"curies":[{"name":"wp","href":"https:\/\/api.w.org\/{rel}","templated":true}]}}