{"id":4715,"date":"2025-09-23T17:13:43","date_gmt":"2025-09-23T16:13:43","guid":{"rendered":"https:\/\/medicaltravel.ch\/hasta-raporlari\/erfahrungsberichte-empfehlungen-behandlungen-beurteilung-tuerkei-istanbul\/istanbulda-meme-implant-ameliyatim\/"},"modified":"2026-01-12T18:10:44","modified_gmt":"2026-01-12T17:10:44","slug":"istanbulda-meme-implant-ameliyatim","status":"publish","type":"page","link":"https:\/\/medicaltravel.ch\/tr\/hasta-raporlari\/referanslar-tavsiyeler-tedaviler-degerlendirmeler-turkiye-istanbul\/istanbulda-meme-implant-ameliyatim\/","title":{"rendered":"\u0130STANBUL&#8217;DA MEME \u0130MPLANT AMEL\u0130YATIM"},"content":{"rendered":"\n<p>\u0130STANBUL&#8217;DAK\u0130 MEME \u0130MPLANT AMEL\u0130YATIM \u2013 31 Mart 2018 Cumartesi Raporu<\/p>\n\n\n\n<p>6 \u015eubat 2018 tarihinde \u0130stanbul&#8217;da g\u00f6\u011f\u00fcs b\u00fcy\u00fctme (g\u00f6\u011f\u00fcs kas\u0131 alt\u0131) operasyonumla ilgili deneyim raporum \/ Cerrah Dr. Soner Tatlidede<\/p>\n\n\n\n<p>35 ya\u015f\u0131nday\u0131m ve bir o\u011flum var. Hamilelik ve emzirme nedeniyle g\u00f6\u011f\u00fcslerim zarar g\u00f6rd\u00fc. Uzun zamand\u0131r, bir g\u00fcn mutlaka bir i\u015flem yapt\u0131rmam gerekti\u011fi a\u00e7\u0131kt\u0131. Son 2 y\u0131l boyunca bu konuyu s\u00fcrekli olarak d\u00fc\u015f\u00fcnd\u00fcm.   <\/p>\n\n\n\n<p>K\u0131z karde\u015fim sayesinde MedicalTravel ile tan\u0131\u015ft\u0131m ve ge\u00e7en y\u0131l 2017&#8217;de \u0130stanbul&#8217;daki Ac\u0131badem Fulya Hastanesi&#8217;nde Dr. \u00d6zt\u00fcrk&#8217;\u00fcn yapt\u0131\u011f\u0131 ilk (di\u015f) tedavimi ge\u00e7irdim. \u00c7ok memnun kald\u0131m ve ger\u00e7ekten \u00e7ok etkilendim. Bu y\u00fczden g\u00f6\u011f\u00fcs tedavimi de \u0130stanbul&#8217;da yapt\u0131rmaya karar verdim. Ekim 2017&#8217;de hemen bir dan\u0131\u015fmanl\u0131k i\u00e7in kaydoldum.   <\/p>\n\n\n\n<p>Merakla, e\u015fim ve hatta arkada\u015f\u0131m ve e\u015fiyle birlikte g\u00f6r\u00fc\u015fmeye gittim. Arkada\u015f\u0131m da her zaman bir g\u00f6\u011f\u00fcs b\u00fcy\u00fctme i\u015flemi yapt\u0131rmak istemi\u015fti, e\u015fi ise bir di\u015f tedavisi. Doktorlarla yap\u0131lan dan\u0131\u015fmanl\u0131k sonras\u0131, onlar da tamamen etkilendiler ve \u0130stanbul&#8217;da tedavi yapt\u0131rmaya karar verdiler.  <\/p>\n\n\n\n<p>Bizi \u00e7ok samimi bir \u015fekilde kar\u015f\u0131lad\u0131lar. Dr. Tatlidede ile yap\u0131lan dan\u0131\u015fmanl\u0131k s\u0131ras\u0131nda bir terc\u00fcman vard\u0131. Doktor beni muayene etti ve yap\u0131lacak i\u015flemi, nas\u0131l yap\u0131laca\u011f\u0131n\u0131 vs. \u00e7ok net bir \u015fekilde a\u00e7\u0131klad\u0131. T\u00fcm sorular\u0131m\u0131za profesyonelce yan\u0131t verildi. G\u00f6r\u00fc\u015fme s\u0131ras\u0131nda, 2018 \u015eubat ba\u015f\u0131 i\u00e7in ge\u00e7ici bir randevu ald\u0131m. Bu i\u015flemi orada yapt\u0131rmaya karar verdi\u011fimden olduk\u00e7a emindim. Bir hafta sonra, 6 \u015eubat 2018 i\u00e7in i\u015flemi kesin olarak kaydettirdim. \u00c7ok merak ediyordum ama hi\u00e7 sinirli de\u011fildim. \u00dc\u00e7 ki\u015fi birlikte seyahat ettik, yani arkada\u015f\u0131m ve e\u015fiyle. \u00dc\u00e7\u00fcm\u00fcz de \u0130stanbul&#8217;da bir hafta kalmam\u0131z gerekti. Bu s\u00fcre \u00e7ok iyi oldu \u00e7\u00fcnk\u00fc destek ald\u0131m. Tek ba\u015f\u0131ma bu tedaviyi yapt\u0131rmazd\u0131m, \u00e7\u00fcnk\u00fc ilk hafta ger\u00e7ekten olduk\u00e7a a\u011fr\u0131l\u0131 ge\u00e7iyor ve ger\u00e7ekten deste\u011fe ihtiyac\u0131n\u0131z oluyor.           <\/p>\n\n\n\n<p>4 \u015eubat&#8217;ta o an geldi! Havaalan\u0131nda \u00e7ok samimi bir \u015fekilde kar\u015f\u0131land\u0131k ve sonra otelimize g\u00f6t\u00fcr\u00fcld\u00fck. Havaalan\u0131nda bir Ac\u0131badem Point olmas\u0131 ger\u00e7ekten harika bir \u015fey.  <\/p>\n\n\n\n<p>Kendimiz Taksim&#8217;de k\u00fc\u00e7\u00fck, modern bir otel rezervasyonu yapt\u0131k. Ac\u0131badem Hastanesi&#8217;ne \u00e7ok yak\u0131n ve 2 dakikada al\u0131\u015fveri\u015f caddesine y\u00fcr\u00fcyerek ula\u015fabiliyorduk. 5 \u015eubat 2018&#8217;de, \u015fof\u00f6r\u00fcm\u00fcz saat 7:30&#8217;da bizi ald\u0131. Hastaneye geldi\u011fimizde, \u00e7ok sevimli bir gen\u00e7 han\u0131m olan terc\u00fcman\u0131m\u0131zla tan\u0131\u015ft\u0131k.   <\/p>\n\n\n\n<p>Hemen kan al\u0131m\u0131, genel anestezi ile ilgili g\u00f6r\u00fc\u015fme ve cerrah Dr. Soner Tatlidede ile sohbet ba\u015flad\u0131. Doktor, g\u00f6\u011f\u00fcslerimin foto\u011fraflar\u0131n\u0131 \u00e7ekti, her \u015feyi \u00f6l\u00e7t\u00fc, implantlar\u0131n boyutunu denedi ve tekrar her \u015feyi \u00e7ok ayr\u0131nt\u0131l\u0131 bir \u015fekilde a\u00e7\u0131klad\u0131. K\u0131sa s\u00fcrede g\u00fcvenimi kazand\u0131.  <\/p>\n\n\n\n<p>Ameliyat ertesi g\u00fcn saat 9:00&#8217;da ba\u015flad\u0131. Beni harika bir manzaraya sahip b\u00fcy\u00fck bir odaya g\u00f6t\u00fcrd\u00fcler, burada baz\u0131 genel sorulara cevap verdim. Ard\u0131ndan anestezist geldi, her \u015feyi haz\u0131rlad\u0131, ben de k\u0131yafetlerimi \u00e7\u0131kard\u0131m, hastane \u00f6nl\u00fc\u011f\u00fcn\u00fc ve ba\u015fl\u0131k takarak yata\u011fa uzand\u0131m.  <\/p>\n\n\n\n<p>Arkada\u015f\u0131mla vedala\u015ft\u0131m ve i\u015flem ba\u015flad\u0131. Arkada\u015f\u0131m, benim ameliyat\u0131mdan sonra ayn\u0131 zamanda ameliyat oldu. Bu \u015fekilde birbirimize s\u00fcrekli destek olabildik. H\u00e2l\u00e2 hi\u00e7 sinirli de\u011fildim. Sadece, asans\u00f6re binip yukar\u0131 gitti\u011fimizi hat\u0131rl\u0131yorum ve sonra saatler sonra uyand\u0131\u011f\u0131mda her \u015feyin \u00e7oktan bitmi\u015f oldu\u011funu fark ettim.    <\/p>\n\n\n\n<p>Sonra odaya g\u00f6t\u00fcr\u00fcld\u00fcm. Ameliyat ba\u015far\u0131l\u0131 ge\u00e7ti. Yatakta, yeni g\u00f6\u011f\u00fcslerimle, \u00f6zel bir sutyen ve \u00fczerine elastik bir bandajla yat\u0131yordum, ayn\u0131 zamanda serum al\u0131yordum. H\u00e2l\u00e2 \u00e7ok yorgundum ve a\u011fr\u0131lar\u0131m vard\u0131. Hemen a\u011fr\u0131 kesici ald\u0131m ve sonra kendimi daha iyi hissettim. Ayn\u0131 g\u00fcn, genel anestezi nedeniyle bir refakat\u00e7i e\u015fli\u011finde, arkada\u015f\u0131m\u0131 odas\u0131nda ziyaret etmemize izin verildi.<br>Hastanedeki geceyi rahat ge\u00e7irdim. Her saat ba\u015f\u0131 bir hem\u015fire gelip g\u00f6\u011f\u00fcslerimi ve genel durumumu kontrol etti. Bak\u0131m hizmetinden ger\u00e7ekten \u00e7ok etkilendim.       <\/p>\n\n\n\n<p>Ertesi g\u00fcn \u00f6\u011fle saatlerinde hastaneden taburcu olduk ve otele g\u00f6t\u00fcr\u00fcld\u00fck. H\u00e2l\u00e2 olduk\u00e7a s\u0131n\u0131rl\u0131yd\u0131m ve tabii ki a\u011fr\u0131lar\u0131m vard\u0131! Hissedilen a\u011fr\u0131, a\u015f\u0131r\u0131 yo\u011fun bir kas a\u011fr\u0131s\u0131 gibiydi. Oteldeki gece \u00e7ok rahat ge\u00e7medi, nas\u0131l uyuyaca\u011f\u0131m\u0131 bilemedim. Hastanede yatak yukar\u0131 ve a\u015fa\u011f\u0131 hareket edebiliyordu, ama otelde bu imk\u00e2n daha s\u0131n\u0131rl\u0131yd\u0131. Bir de koltuk alt\u0131mda kan\u0131n akmas\u0131n\u0131 sa\u011flayan iki t\u00fcp vard\u0131, bunlar da a\u011fr\u0131yordu ve rahats\u0131z ediciydi. \u0130lk 3 g\u00fcn ger\u00e7ekten en zorlu d\u00f6nemdi, ama sonras\u0131nda ger\u00e7ekten h\u0131zla iyile\u015fmeye ba\u015flad\u0131m\u2026 Her ge\u00e7en g\u00fcn daha iyi oldum ve a\u011fr\u0131lar\u0131m giderek azald\u0131. Sa\u00e7lar\u0131m\u0131 kendim y\u0131kamak imkans\u0131z oldu\u011fu i\u00e7in bir kuaf\u00f6r arad\u0131m ve orada kendimi \u015f\u0131martt\u0131m. Hastaneden ald\u0131\u011f\u0131m ila\u00e7lar\u0131 d\u00fczenli olarak kulland\u0131m.<\/p>\n\n\n\n<p>Bu s\u00fcre zarf\u0131nda, iki kez daha kontrol\u00fcm oldu ve son g\u00fcn t\u00fcpler \u00e7\u0131kar\u0131ld\u0131. Doktor memnundu. Bu \u00f6zel sutyeni ve bandaj\u0131 \u00fc\u00e7 hafta daha takmam gerekti, sonras\u0131nda ise spor sutyeni ve bandaj takmam gerekti. A\u011fr\u0131lar gittik\u00e7e azald\u0131 ve art\u0131k hareketlili\u011fim de k\u0131s\u0131tlanmam\u0131\u015ft\u0131.   <\/p>\n\n\n\n<p>\u015eimdi neredeyse 2 ay ge\u00e7ti ve art\u0131k hi\u00e7 a\u011fr\u0131m yok. \u0130zimi kremle d\u00fczenli olarak bak\u0131m yap\u0131yorum. Son derece memnunum, her \u015fey v\u00fccuduma m\u00fckemmel uydu. Dr. Soner Tatlidede, 28 Nisan 2018&#8217;de \u0130svi\u00e7re&#8217;de olacak ve dan\u0131\u015fmanl\u0131k g\u00fcnleri d\u00fczenleyecek. Bu, bir sonraki kontrol ve dan\u0131\u015fmanl\u0131k i\u00e7in harika bir f\u0131rsat.    <\/p>\n\n\n\n<p>\u0130stanbul&#8217;da bir i\u015flem yapt\u0131rmaktan hala emin olmayan ve korkanlar i\u00e7in umar\u0131m endi\u015felerinizi giderebilmi\u015fimdir ve sizi ikna edebilmi\u015fimdir. Ben her zaman orada yapt\u0131r\u0131r\u0131m \u00e7\u00fcnk\u00fc ger\u00e7ekten harikalar.  <\/p>\n\n\n\n<p>MedicalTravel&#8217;e ve Ac\u0131badem&#8217;e i\u00e7ten te\u015fekk\u00fcrlerimi sunmak istiyorum. Hizmetlerinden ve sonu\u00e7tan \u00e7ok memnun kald\u0131m ve ger\u00e7ekten herkese tavsiye edebilirim. <\/p>\n\n\n\n<p>Sayg\u0131lar\u0131mla<\/p>\n\n\n\n<p>C. Kukaren<\/p>\n\n\n\n<div class=\"wp-block-group is-layout-grid wp-container-core-group-is-layout-baef362d wp-block-group-is-layout-grid\">\n<p><a href=\"https:\/\/medicaltravel.at\/home\/agb\/\" data-type=\"page\" data-id=\"2191\" rel=\"nofollow noopener\" target=\"_blank\"><\/a><a href=\"https:\/\/medicaltravel.ch\/tr\/hasta-raporlari\/referanslar-tavsiyeler-tedaviler-degerlendirmeler-turkiye-istanbul\/istanbulda-goez-kapagi-kaldirma-ve-otolog-yag-enjeksiyonu-islemim\/\" data-type=\"link\" data-id=\"https:\/\/medicaltravel.ch\/tr\/hasta-raporlari\/referanslar-tavsiyeler-tedaviler-degerlendirmeler-turkiye-istanbul\/istanbulda-goez-kapagi-kaldirma-ve-otolog-yag-enjeksiyonu-islemim\/\">\u00d6nceki rapor<\/a><\/p>\n\n\n\n<p class=\"has-text-align-right wp-container-content-5e2576f9\"><a href=\"https:\/\/medicaltravel.at\/home\/impressum\/\" data-type=\"page\" data-id=\"2193\" rel=\"nofollow noopener\" target=\"_blank\"><\/a><a href=\"https:\/\/medicaltravel.at\/home\/berichte-von-patienten\/erfahrungsberichte\/erfahrungsbericht-zahnbehandlung-in-istanbul\/\" data-type=\"page\" data-id=\"981\" rel=\"nofollow noopener\" target=\"_blank\"><\/a><a href=\"https:\/\/medicaltravel.ch\/tr\/hasta-raporlari\/referanslar-tavsiyeler-tedaviler-degerlendirmeler-turkiye-istanbul\/aci-gecer-sonuc-kalir\/\" data-type=\"link\" data-id=\"https:\/\/medicaltravel.ch\/tr\/hasta-raporlari\/referanslar-tavsiyeler-tedaviler-degerlendirmeler-turkiye-istanbul\/aci-gecer-sonuc-kalir\/\">Bir sonraki rapor<\/a><\/p>\n<\/div>\n","protected":false},"excerpt":{"rendered":"<p>\u0130STANBUL&#8217;DAK\u0130 MEME \u0130MPLANT AMEL\u0130YATIM \u2013 31 Mart 2018 Cumartesi Raporu 6 \u015eubat 2018 tarihinde \u0130stanbul&#8217;da g\u00f6\u011f\u00fcs b\u00fcy\u00fctme (g\u00f6\u011f\u00fcs kas\u0131 alt\u0131) operasyonumla ilgili deneyim raporum \/ Cerrah Dr. Soner Tatlidede 35 ya\u015f\u0131nday\u0131m ve bir o\u011flum var. Hamilelik ve emzirme nedeniyle g\u00f6\u011f\u00fcslerim zarar g\u00f6rd\u00fc. Uzun zamand\u0131r, bir g\u00fcn mutlaka bir i\u015flem yapt\u0131rmam gerekti\u011fi a\u00e7\u0131kt\u0131. Son 2 y\u0131l boyunca bu konuyu s\u00fcrekli olarak d\u00fc\u015f\u00fcnd\u00fcm. K\u0131z karde\u015fim sayesinde MedicalTravel ile tan\u0131\u015ft\u0131m ve ge\u00e7en y\u0131l 2017&#8217;de \u0130stanbul&#8217;daki Ac\u0131badem Fulya Hastanesi&#8217;nde Dr. \u00d6zt\u00fcrk&#8217;\u00fcn yapt\u0131\u011f\u0131 ilk (di\u015f) tedavimi ge\u00e7irdim. \u00c7ok memnun kald\u0131m ve ger\u00e7ekten \u00e7ok etkilendim. Bu y\u00fczden g\u00f6\u011f\u00fcs tedavimi de \u0130stanbul&#8217;da yapt\u0131rmaya karar verdim. Ekim 2017&#8217;de hemen bir dan\u0131\u015fmanl\u0131k i\u00e7in kaydoldum. Merakla, e\u015fim ve hatta arkada\u015f\u0131m ve e\u015fiyle birlikte g\u00f6r\u00fc\u015fmeye gittim. Arkada\u015f\u0131m da her zaman bir g\u00f6\u011f\u00fcs b\u00fcy\u00fctme i\u015flemi yapt\u0131rmak istemi\u015fti, e\u015fi ise bir di\u015f tedavisi. Doktorlarla yap\u0131lan dan\u0131\u015fmanl\u0131k sonras\u0131, onlar da tamamen etkilendiler ve \u0130stanbul&#8217;da tedavi yapt\u0131rmaya karar verdiler. Bizi \u00e7ok samimi bir \u015fekilde kar\u015f\u0131lad\u0131lar. Dr. Tatlidede ile yap\u0131lan dan\u0131\u015fmanl\u0131k s\u0131ras\u0131nda bir terc\u00fcman vard\u0131. Doktor beni muayene etti ve yap\u0131lacak i\u015flemi, nas\u0131l yap\u0131laca\u011f\u0131n\u0131 vs. \u00e7ok net bir \u015fekilde a\u00e7\u0131klad\u0131. T\u00fcm sorular\u0131m\u0131za profesyonelce yan\u0131t verildi. G\u00f6r\u00fc\u015fme s\u0131ras\u0131nda, 2018 \u015eubat ba\u015f\u0131 i\u00e7in ge\u00e7ici bir randevu ald\u0131m. Bu i\u015flemi orada yapt\u0131rmaya karar verdi\u011fimden olduk\u00e7a emindim. Bir hafta sonra, 6 \u015eubat 2018 i\u00e7in i\u015flemi kesin olarak kaydettirdim. \u00c7ok merak ediyordum ama hi\u00e7 sinirli de\u011fildim. \u00dc\u00e7 ki\u015fi birlikte seyahat ettik, yani arkada\u015f\u0131m ve e\u015fiyle. \u00dc\u00e7\u00fcm\u00fcz de \u0130stanbul&#8217;da bir hafta kalmam\u0131z gerekti. Bu s\u00fcre \u00e7ok iyi oldu \u00e7\u00fcnk\u00fc destek ald\u0131m. Tek ba\u015f\u0131ma bu tedaviyi yapt\u0131rmazd\u0131m, \u00e7\u00fcnk\u00fc ilk hafta ger\u00e7ekten olduk\u00e7a a\u011fr\u0131l\u0131 ge\u00e7iyor ve ger\u00e7ekten deste\u011fe ihtiyac\u0131n\u0131z oluyor. 4 \u015eubat&#8217;ta o an geldi! Havaalan\u0131nda \u00e7ok samimi bir \u015fekilde kar\u015f\u0131land\u0131k ve sonra otelimize g\u00f6t\u00fcr\u00fcld\u00fck. Havaalan\u0131nda bir Ac\u0131badem Point olmas\u0131 ger\u00e7ekten harika bir \u015fey. Kendimiz Taksim&#8217;de k\u00fc\u00e7\u00fck, modern bir otel rezervasyonu yapt\u0131k. Ac\u0131badem Hastanesi&#8217;ne \u00e7ok yak\u0131n ve 2 dakikada al\u0131\u015fveri\u015f caddesine y\u00fcr\u00fcyerek ula\u015fabiliyorduk. 5 \u015eubat 2018&#8217;de, \u015fof\u00f6r\u00fcm\u00fcz saat 7:30&#8217;da bizi ald\u0131. Hastaneye geldi\u011fimizde, \u00e7ok sevimli bir gen\u00e7 han\u0131m olan terc\u00fcman\u0131m\u0131zla tan\u0131\u015ft\u0131k. Hemen kan al\u0131m\u0131, genel anestezi ile ilgili g\u00f6r\u00fc\u015fme ve cerrah Dr. Soner Tatlidede ile sohbet ba\u015flad\u0131. Doktor, g\u00f6\u011f\u00fcslerimin foto\u011fraflar\u0131n\u0131 \u00e7ekti, her \u015feyi \u00f6l\u00e7t\u00fc, implantlar\u0131n boyutunu denedi ve tekrar her \u015feyi \u00e7ok ayr\u0131nt\u0131l\u0131 bir \u015fekilde a\u00e7\u0131klad\u0131. K\u0131sa s\u00fcrede g\u00fcvenimi kazand\u0131. Ameliyat ertesi g\u00fcn saat 9:00&#8217;da ba\u015flad\u0131. Beni harika bir manzaraya sahip b\u00fcy\u00fck bir odaya g\u00f6t\u00fcrd\u00fcler, burada baz\u0131 genel sorulara cevap verdim. Ard\u0131ndan anestezist geldi, her \u015feyi haz\u0131rlad\u0131, ben de k\u0131yafetlerimi \u00e7\u0131kard\u0131m, hastane \u00f6nl\u00fc\u011f\u00fcn\u00fc ve ba\u015fl\u0131k takarak yata\u011fa uzand\u0131m. Arkada\u015f\u0131mla vedala\u015ft\u0131m ve i\u015flem ba\u015flad\u0131. Arkada\u015f\u0131m, benim ameliyat\u0131mdan sonra ayn\u0131 zamanda ameliyat oldu. Bu \u015fekilde birbirimize s\u00fcrekli destek olabildik. H\u00e2l\u00e2 hi\u00e7 sinirli de\u011fildim. Sadece, asans\u00f6re binip yukar\u0131 gitti\u011fimizi hat\u0131rl\u0131yorum ve sonra saatler sonra uyand\u0131\u011f\u0131mda her \u015feyin \u00e7oktan bitmi\u015f oldu\u011funu fark ettim. Sonra odaya g\u00f6t\u00fcr\u00fcld\u00fcm. Ameliyat ba\u015far\u0131l\u0131 ge\u00e7ti. Yatakta, yeni g\u00f6\u011f\u00fcslerimle, \u00f6zel bir sutyen ve \u00fczerine elastik bir bandajla yat\u0131yordum, ayn\u0131 zamanda serum al\u0131yordum. H\u00e2l\u00e2 \u00e7ok yorgundum ve a\u011fr\u0131lar\u0131m vard\u0131. Hemen a\u011fr\u0131 kesici ald\u0131m ve sonra kendimi daha iyi hissettim. Ayn\u0131 g\u00fcn, genel anestezi nedeniyle bir refakat\u00e7i e\u015fli\u011finde, arkada\u015f\u0131m\u0131 odas\u0131nda ziyaret etmemize izin verildi.Hastanedeki geceyi rahat ge\u00e7irdim. Her saat ba\u015f\u0131 bir hem\u015fire gelip g\u00f6\u011f\u00fcslerimi ve genel durumumu kontrol etti. Bak\u0131m hizmetinden ger\u00e7ekten \u00e7ok etkilendim. Ertesi g\u00fcn \u00f6\u011fle saatlerinde hastaneden taburcu olduk ve otele g\u00f6t\u00fcr\u00fcld\u00fck. H\u00e2l\u00e2 olduk\u00e7a s\u0131n\u0131rl\u0131yd\u0131m ve tabii ki a\u011fr\u0131lar\u0131m vard\u0131! Hissedilen a\u011fr\u0131, a\u015f\u0131r\u0131 yo\u011fun bir kas a\u011fr\u0131s\u0131 gibiydi. Oteldeki gece \u00e7ok rahat ge\u00e7medi, nas\u0131l uyuyaca\u011f\u0131m\u0131 bilemedim. Hastanede yatak yukar\u0131 ve a\u015fa\u011f\u0131 hareket edebiliyordu, ama otelde bu imk\u00e2n daha s\u0131n\u0131rl\u0131yd\u0131. Bir de koltuk alt\u0131mda kan\u0131n akmas\u0131n\u0131 sa\u011flayan iki t\u00fcp vard\u0131, bunlar da a\u011fr\u0131yordu ve rahats\u0131z ediciydi. \u0130lk 3 g\u00fcn ger\u00e7ekten en zorlu d\u00f6nemdi, ama sonras\u0131nda ger\u00e7ekten h\u0131zla iyile\u015fmeye ba\u015flad\u0131m\u2026 Her ge\u00e7en g\u00fcn daha iyi oldum ve a\u011fr\u0131lar\u0131m giderek azald\u0131. Sa\u00e7lar\u0131m\u0131 kendim y\u0131kamak imkans\u0131z oldu\u011fu i\u00e7in bir kuaf\u00f6r arad\u0131m ve orada kendimi \u015f\u0131martt\u0131m. Hastaneden ald\u0131\u011f\u0131m ila\u00e7lar\u0131 d\u00fczenli olarak kulland\u0131m. Bu s\u00fcre zarf\u0131nda, iki kez daha kontrol\u00fcm oldu ve son g\u00fcn t\u00fcpler \u00e7\u0131kar\u0131ld\u0131. Doktor memnundu. Bu \u00f6zel sutyeni ve bandaj\u0131 \u00fc\u00e7 hafta daha takmam gerekti, sonras\u0131nda ise spor sutyeni ve bandaj takmam gerekti. A\u011fr\u0131lar gittik\u00e7e azald\u0131 ve art\u0131k hareketlili\u011fim de k\u0131s\u0131tlanmam\u0131\u015ft\u0131. \u015eimdi neredeyse 2 ay ge\u00e7ti ve art\u0131k hi\u00e7 a\u011fr\u0131m yok. \u0130zimi kremle d\u00fczenli olarak bak\u0131m yap\u0131yorum. Son derece memnunum, her \u015fey v\u00fccuduma m\u00fckemmel uydu. Dr. Soner Tatlidede, 28 Nisan 2018&#8217;de \u0130svi\u00e7re&#8217;de olacak ve dan\u0131\u015fmanl\u0131k g\u00fcnleri d\u00fczenleyecek. Bu, bir sonraki kontrol ve dan\u0131\u015fmanl\u0131k i\u00e7in harika bir f\u0131rsat. \u0130stanbul&#8217;da bir i\u015flem yapt\u0131rmaktan hala emin olmayan ve korkanlar i\u00e7in umar\u0131m endi\u015felerinizi giderebilmi\u015fimdir ve sizi ikna edebilmi\u015fimdir. Ben her zaman orada yapt\u0131r\u0131r\u0131m \u00e7\u00fcnk\u00fc ger\u00e7ekten harikalar. MedicalTravel&#8217;e ve Ac\u0131badem&#8217;e i\u00e7ten te\u015fekk\u00fcrlerimi sunmak istiyorum. Hizmetlerinden ve sonu\u00e7tan \u00e7ok memnun kald\u0131m ve ger\u00e7ekten herkese tavsiye edebilirim. Sayg\u0131lar\u0131mla C. Kukaren \u00d6nceki rapor Bir sonraki rapor<\/p>\n","protected":false},"author":4,"featured_media":0,"parent":4587,"menu_order":0,"comment_status":"closed","ping_status":"closed","template":"","meta":{"_joinchat":[],"footnotes":""},"class_list":["post-4715","page","type-page","status-publish","hentry"],"acf":[],"_links":{"self":[{"href":"https:\/\/medicaltravel.ch\/tr\/wp-json\/wp\/v2\/pages\/4715","targetHints":{"allow":["GET"]}}],"collection":[{"href":"https:\/\/medicaltravel.ch\/tr\/wp-json\/wp\/v2\/pages"}],"about":[{"href":"https:\/\/medicaltravel.ch\/tr\/wp-json\/wp\/v2\/types\/page"}],"author":[{"embeddable":true,"href":"https:\/\/medicaltravel.ch\/tr\/wp-json\/wp\/v2\/users\/4"}],"replies":[{"embeddable":true,"href":"https:\/\/medicaltravel.ch\/tr\/wp-json\/wp\/v2\/comments?post=4715"}],"version-history":[{"count":2,"href":"https:\/\/medicaltravel.ch\/tr\/wp-json\/wp\/v2\/pages\/4715\/revisions"}],"predecessor-version":[{"id":6378,"href":"https:\/\/medicaltravel.ch\/tr\/wp-json\/wp\/v2\/pages\/4715\/revisions\/6378"}],"up":[{"embeddable":true,"href":"https:\/\/medicaltravel.ch\/tr\/wp-json\/wp\/v2\/pages\/4587"}],"wp:attachment":[{"href":"https:\/\/medicaltravel.ch\/tr\/wp-json\/wp\/v2\/media?parent=4715"}],"curies":[{"name":"wp","href":"https:\/\/api.w.org\/{rel}","templated":true}]}}