{"id":4717,"date":"2025-09-23T17:20:08","date_gmt":"2025-09-23T16:20:08","guid":{"rendered":"https:\/\/medicaltravel.ch\/hasta-raporlari\/erfahrungsberichte-empfehlungen-behandlungen-beurteilung-tuerkei-istanbul\/istanbuldaki-meme-ameliyatim\/"},"modified":"2026-01-12T19:03:08","modified_gmt":"2026-01-12T18:03:08","slug":"istanbuldaki-meme-ameliyatim","status":"publish","type":"page","link":"https:\/\/medicaltravel.ch\/tr\/hasta-raporlari\/referanslar-tavsiyeler-tedaviler-degerlendirmeler-turkiye-istanbul\/istanbuldaki-meme-ameliyatim\/","title":{"rendered":"\u0130STANBUL&#8217;DAK\u0130 MEME AMEL\u0130YATIM"},"content":{"rendered":"\n<p>\u0130STANBUL&#8217;DAK\u0130 MEME AMEL\u0130YATIM \u2013 30 Kas\u0131m 2017 Per\u015fembe Raporu<\/p>\n\n\n\n<p>Melanie Irniger, 28. November 2017<\/p>\n\n\n\n<p>Uzun s\u00fcre g\u00f6\u011f\u00fcs b\u00fcy\u00fctme konusundan ka\u00e7\u0131nd\u0131m, \u00e7\u00fcnk\u00fc her zaman \u00e7ok k\u00fc\u00e7\u00fck g\u00f6\u011f\u00fcslerim vard\u0131 ve \u00e7ok fazla spor yapmam nedeniyle sonunda neredeyse hi\u00e7 bir \u015feyim kalmam\u0131\u015ft\u0131. MedicalTravel ile deneyimi olan ve \u00e7ok memnun kalan arkada\u015f\u0131m Vanessa Wunderli sayesinde, Haziran 2017&#8217;de dan\u0131\u015fmanl\u0131k ald\u0131m. \u0130stanbul&#8217;dan gelen doktor bana \u00e7ok say\u0131da soru sordu, ne i\u015f yapt\u0131\u011f\u0131m\u0131, ne kadar spor yapt\u0131\u011f\u0131m\u0131 vb. Bu \u00e7ok bilgi sayesinde, bana uygun implant \u015fekli ve boyutunu \u00f6nerebildi. G\u00f6r\u00fc\u015fme ger\u00e7ekten harikayd\u0131 ve olumlu izlenim nedeniyle Ekim ay\u0131 sonu i\u00e7in tedaviye karar verdim.   <\/p>\n\n\n\n<p>29 Ekim 2017&#8217;de annemle birlikte \u0130stanbul&#8217;a u\u00e7tum, T\u00fcrk Hava Yollar\u0131 ile \u00e7ok keyifli bir u\u00e7u\u015f yapt\u0131k.<\/p>\n\n\n\n<p>Organizasyon m\u00fckemmeldi, \u0130stanbul&#8217;da havaalan\u0131ndan ve otelden Ac\u0131badem Hastanesi&#8217;ne her zaman al\u0131nd\u0131k ve geri g\u00f6t\u00fcr\u00fcld\u00fck.<\/p>\n\n\n\n<p>30 Ekim 2017&#8217;de hastanede bir terc\u00fcman taraf\u0131ndan \u00e7ok samimi bir \u015fekilde kar\u015f\u0131land\u0131k. Onunla Almanca konu\u015fabildim ve her \u015feyi bana \u00e7evirdi, \u00e7ok yard\u0131mc\u0131 oldu. Ameliyat \u00f6ncesinde, i\u015flemin nas\u0131l ilerleyece\u011fiyle ilgili k\u0131sa bir g\u00f6r\u00fc\u015fme yap\u0131ld\u0131. <\/p>\n\n\n\n<p>Annemize, benim yan\u0131mda hastanede kalmak isteyip istemedi\u011fi soruldu. Refakat\u00e7i i\u00e7in ekstra bir gece konaklama \u00fccreti al\u0131nmad\u0131, bu teklif bizi \u00e7ok \u015fa\u015f\u0131rtt\u0131 ve \u00e7ok minnettar kald\u0131k. <\/p>\n\n\n\n<p>Saat 15:00 civar\u0131nda s\u0131ram geldi, olduk\u00e7a heyecanl\u0131yd\u0131m ama anestezi h\u0131zl\u0131 bir \u015fekilde etkisini g\u00f6sterdi ve derin bir uykuya dald\u0131m. 3 saat sonra uyand\u0131m, ilk anda bir \u015fok ya\u015fad\u0131m ama her \u015feyin geride kald\u0131\u011f\u0131n\u0131 bilmek beni rahatlatt\u0131! Asl\u0131nda ac\u0131dan \u00e7ok, v\u00fccudumda yabanc\u0131 bir \u015fey oldu\u011funu hissetmek rahats\u0131z ediciydi, hareket etmekte zorluk \u00e7ekiyordum, olduk\u00e7a al\u0131\u015f\u0131lmad\u0131k ve yeniydi. Hastanedeki geceyi rahat ge\u00e7irdim, doktorlar \u00e7ok yard\u0131mc\u0131 ve \u00e7ok nazikti. Ertesi g\u00fcn otelime d\u00f6nebildim. Kendimi iyi hissediyordum, a\u011fr\u0131 kesiciler ger\u00e7ekten \u00e7ok yard\u0131mc\u0131 oldu. \u00dc\u00e7 g\u00fcn boyunca hafif a\u011fr\u0131lar\u0131m oldu, en rahats\u0131z edici \u015fey ise a\u011f\u0131rl\u0131kt\u0131, 700 gram daha fazlam oldu\u011funu hissetmek ger\u00e7ekten al\u0131\u015fmas\u0131 zor bir \u015feydi. \u0130lk birka\u00e7 g\u00fcn\u00fc atlatt\u0131ktan sonra, g\u00fcnl\u00fck hayata h\u0131zla geri d\u00f6nmek \u00e7ok kolay oldu. Her hareketim g\u00fcn ge\u00e7tik\u00e7e daha iyi oldu.        <\/p>\n\n\n\n<p>Sonu\u00e7tan \u00e7ok memnunum, \u00e7\u00fcnk\u00fc B ve C aras\u0131ndaki bir korse boyutum var ve implant kas alt\u0131na yerle\u015ftirildi\u011fi i\u00e7in olduk\u00e7a do\u011fal g\u00f6r\u00fcn\u00fcyor, tam olarak istedi\u011fim gibi. \u0130z \u00e7ok g\u00fczel bir \u015fekilde dikildi ve iyi bir bak\u0131m ile art\u0131k g\u00f6r\u00fcnm\u00fcyor. <\/p>\n\n\n\n<p>4 Kas\u0131m 2017 Cumartesi sabah\u0131 bir kontrol\u00fcm daha vard\u0131. Doktor, hangi egzersizlerin iyi olaca\u011f\u0131n\u0131 ve g\u00f6\u011f\u00fcslerin birka\u00e7 hafta i\u00e7inde daha yumu\u015fak ve do\u011fal hale gelece\u011fini a\u00e7\u0131klad\u0131. Kendisinin yapt\u0131\u011f\u0131 i\u015ften \u00e7ok memnundu. <\/p>\n\n\n\n<p>Kontrolden sonra do\u011frudan havaalan\u0131na gittik ve \u0130stanbul&#8217;a veda ettik. \u00c7ok rahat bir d\u00f6n\u00fc\u015f u\u00e7u\u015fumuz oldu, a\u011fr\u0131m yoktu ve kendimi harika hissediyordum. <\/p>\n\n\n\n<p>Yurt d\u0131\u015f\u0131nda yap\u0131lan operasyonlardan \u00e7ekinenler i\u00e7in, kendi deneyimime dayanarak her \u015feyin m\u00fckemmel \u015fekilde organize edildi\u011fini ve ger\u00e7ekten tavsiye edilebilece\u011fini s\u00f6yleyebilirim. Benim i\u00e7in en \u00f6nemli \u015fey, hastanenin \u0130svi\u00e7re ile ba\u011flant\u0131s\u0131 olmas\u0131yd\u0131. \u00c7\u00fcnk\u00fc MedicalTravel, Ac\u0131badem Hastanesi ile birlikte \u00e7al\u0131\u015f\u0131yor, bu nedenle herhangi bir sorun oldu\u011funda her zaman ula\u015fabilece\u011finiz bir ileti\u015fim ki\u015fisi var. 16 Aral\u0131k 2017&#8217;de \u0130svi\u00e7re&#8217;deki bir sonraki kontrol\u00fcm olacak. \ud83d\ude0a<br>\u00c7ok memnunum ve kendimi \u00e7ok iyi hissediyorum, \u00e7ok fazla iltifat al\u0131yorum. Her zaman MedicalTravel arac\u0131l\u0131\u011f\u0131yla tekrar organize ederim. <\/p>\n\n\n\n<p>M\u00fckemmel hizmetiniz i\u00e7in \u00e7ok te\u015fekk\u00fcr ederim!<\/p>\n\n\n\n<div class=\"wp-block-group is-layout-grid wp-container-core-group-is-layout-baef362d wp-block-group-is-layout-grid\">\n<p><a href=\"https:\/\/medicaltravel.at\/home\/agb\/\" data-type=\"page\" data-id=\"2191\" rel=\"nofollow noopener\" target=\"_blank\"><\/a><a href=\"https:\/\/medicaltravel.ch\/tr\/hasta-raporlari\/referanslar-tavsiyeler-tedaviler-degerlendirmeler-turkiye-istanbul\/istanbuldaki-meme-ameliyatim\/\" data-type=\"link\" data-id=\"https:\/\/medicaltravel.ch\/tr\/hasta-raporlari\/referanslar-tavsiyeler-tedaviler-degerlendirmeler-turkiye-istanbul\/istanbuldaki-meme-ameliyatim\/\">\u00d6nceki rapor<\/a><\/p>\n\n\n\n<p class=\"has-text-align-right wp-container-content-5e2576f9\"><a href=\"https:\/\/medicaltravel.at\/home\/impressum\/\" data-type=\"page\" data-id=\"2193\" rel=\"nofollow noopener\" target=\"_blank\"><\/a><a href=\"https:\/\/medicaltravel.at\/home\/berichte-von-patienten\/erfahrungsberichte\/erfahrungsbericht-zahnbehandlung-in-istanbul\/\" data-type=\"page\" data-id=\"981\" rel=\"nofollow noopener\" target=\"_blank\"><\/a><a href=\"https:\/\/medicaltravel.ch\/tr\/hasta-raporlari\/referanslar-tavsiyeler-tedaviler-degerlendirmeler-turkiye-istanbul\/yuez-bakimim-otolog-yag-alma-ve-peeling\/\" data-type=\"link\" data-id=\"https:\/\/medicaltravel.ch\/tr\/hasta-raporlari\/referanslar-tavsiyeler-tedaviler-degerlendirmeler-turkiye-istanbul\/yuez-bakimim-otolog-yag-alma-ve-peeling\/\">Bir sonraki rapor<\/a><\/p>\n<\/div>\n","protected":false},"excerpt":{"rendered":"<p>\u0130STANBUL&#8217;DAK\u0130 MEME AMEL\u0130YATIM \u2013 30 Kas\u0131m 2017 Per\u015fembe Raporu Melanie Irniger, 28. November 2017 Uzun s\u00fcre g\u00f6\u011f\u00fcs b\u00fcy\u00fctme konusundan ka\u00e7\u0131nd\u0131m, \u00e7\u00fcnk\u00fc her zaman \u00e7ok k\u00fc\u00e7\u00fck g\u00f6\u011f\u00fcslerim vard\u0131 ve \u00e7ok fazla spor yapmam nedeniyle sonunda neredeyse hi\u00e7 bir \u015feyim kalmam\u0131\u015ft\u0131. MedicalTravel ile deneyimi olan ve \u00e7ok memnun kalan arkada\u015f\u0131m Vanessa Wunderli sayesinde, Haziran 2017&#8217;de dan\u0131\u015fmanl\u0131k ald\u0131m. \u0130stanbul&#8217;dan gelen doktor bana \u00e7ok say\u0131da soru sordu, ne i\u015f yapt\u0131\u011f\u0131m\u0131, ne kadar spor yapt\u0131\u011f\u0131m\u0131 vb. Bu \u00e7ok bilgi sayesinde, bana uygun implant \u015fekli ve boyutunu \u00f6nerebildi. G\u00f6r\u00fc\u015fme ger\u00e7ekten harikayd\u0131 ve olumlu izlenim nedeniyle Ekim ay\u0131 sonu i\u00e7in tedaviye karar verdim. 29 Ekim 2017&#8217;de annemle birlikte \u0130stanbul&#8217;a u\u00e7tum, T\u00fcrk Hava Yollar\u0131 ile \u00e7ok keyifli bir u\u00e7u\u015f yapt\u0131k. Organizasyon m\u00fckemmeldi, \u0130stanbul&#8217;da havaalan\u0131ndan ve otelden Ac\u0131badem Hastanesi&#8217;ne her zaman al\u0131nd\u0131k ve geri g\u00f6t\u00fcr\u00fcld\u00fck. 30 Ekim 2017&#8217;de hastanede bir terc\u00fcman taraf\u0131ndan \u00e7ok samimi bir \u015fekilde kar\u015f\u0131land\u0131k. Onunla Almanca konu\u015fabildim ve her \u015feyi bana \u00e7evirdi, \u00e7ok yard\u0131mc\u0131 oldu. Ameliyat \u00f6ncesinde, i\u015flemin nas\u0131l ilerleyece\u011fiyle ilgili k\u0131sa bir g\u00f6r\u00fc\u015fme yap\u0131ld\u0131. Annemize, benim yan\u0131mda hastanede kalmak isteyip istemedi\u011fi soruldu. Refakat\u00e7i i\u00e7in ekstra bir gece konaklama \u00fccreti al\u0131nmad\u0131, bu teklif bizi \u00e7ok \u015fa\u015f\u0131rtt\u0131 ve \u00e7ok minnettar kald\u0131k. Saat 15:00 civar\u0131nda s\u0131ram geldi, olduk\u00e7a heyecanl\u0131yd\u0131m ama anestezi h\u0131zl\u0131 bir \u015fekilde etkisini g\u00f6sterdi ve derin bir uykuya dald\u0131m. 3 saat sonra uyand\u0131m, ilk anda bir \u015fok ya\u015fad\u0131m ama her \u015feyin geride kald\u0131\u011f\u0131n\u0131 bilmek beni rahatlatt\u0131! Asl\u0131nda ac\u0131dan \u00e7ok, v\u00fccudumda yabanc\u0131 bir \u015fey oldu\u011funu hissetmek rahats\u0131z ediciydi, hareket etmekte zorluk \u00e7ekiyordum, olduk\u00e7a al\u0131\u015f\u0131lmad\u0131k ve yeniydi. Hastanedeki geceyi rahat ge\u00e7irdim, doktorlar \u00e7ok yard\u0131mc\u0131 ve \u00e7ok nazikti. Ertesi g\u00fcn otelime d\u00f6nebildim. Kendimi iyi hissediyordum, a\u011fr\u0131 kesiciler ger\u00e7ekten \u00e7ok yard\u0131mc\u0131 oldu. \u00dc\u00e7 g\u00fcn boyunca hafif a\u011fr\u0131lar\u0131m oldu, en rahats\u0131z edici \u015fey ise a\u011f\u0131rl\u0131kt\u0131, 700 gram daha fazlam oldu\u011funu hissetmek ger\u00e7ekten al\u0131\u015fmas\u0131 zor bir \u015feydi. \u0130lk birka\u00e7 g\u00fcn\u00fc atlatt\u0131ktan sonra, g\u00fcnl\u00fck hayata h\u0131zla geri d\u00f6nmek \u00e7ok kolay oldu. Her hareketim g\u00fcn ge\u00e7tik\u00e7e daha iyi oldu. Sonu\u00e7tan \u00e7ok memnunum, \u00e7\u00fcnk\u00fc B ve C aras\u0131ndaki bir korse boyutum var ve implant kas alt\u0131na yerle\u015ftirildi\u011fi i\u00e7in olduk\u00e7a do\u011fal g\u00f6r\u00fcn\u00fcyor, tam olarak istedi\u011fim gibi. \u0130z \u00e7ok g\u00fczel bir \u015fekilde dikildi ve iyi bir bak\u0131m ile art\u0131k g\u00f6r\u00fcnm\u00fcyor. 4 Kas\u0131m 2017 Cumartesi sabah\u0131 bir kontrol\u00fcm daha vard\u0131. Doktor, hangi egzersizlerin iyi olaca\u011f\u0131n\u0131 ve g\u00f6\u011f\u00fcslerin birka\u00e7 hafta i\u00e7inde daha yumu\u015fak ve do\u011fal hale gelece\u011fini a\u00e7\u0131klad\u0131. Kendisinin yapt\u0131\u011f\u0131 i\u015ften \u00e7ok memnundu. Kontrolden sonra do\u011frudan havaalan\u0131na gittik ve \u0130stanbul&#8217;a veda ettik. \u00c7ok rahat bir d\u00f6n\u00fc\u015f u\u00e7u\u015fumuz oldu, a\u011fr\u0131m yoktu ve kendimi harika hissediyordum. Yurt d\u0131\u015f\u0131nda yap\u0131lan operasyonlardan \u00e7ekinenler i\u00e7in, kendi deneyimime dayanarak her \u015feyin m\u00fckemmel \u015fekilde organize edildi\u011fini ve ger\u00e7ekten tavsiye edilebilece\u011fini s\u00f6yleyebilirim. Benim i\u00e7in en \u00f6nemli \u015fey, hastanenin \u0130svi\u00e7re ile ba\u011flant\u0131s\u0131 olmas\u0131yd\u0131. \u00c7\u00fcnk\u00fc MedicalTravel, Ac\u0131badem Hastanesi ile birlikte \u00e7al\u0131\u015f\u0131yor, bu nedenle herhangi bir sorun oldu\u011funda her zaman ula\u015fabilece\u011finiz bir ileti\u015fim ki\u015fisi var. 16 Aral\u0131k 2017&#8217;de \u0130svi\u00e7re&#8217;deki bir sonraki kontrol\u00fcm olacak. \ud83d\ude0a\u00c7ok memnunum ve kendimi \u00e7ok iyi hissediyorum, \u00e7ok fazla iltifat al\u0131yorum. Her zaman MedicalTravel arac\u0131l\u0131\u011f\u0131yla tekrar organize ederim. M\u00fckemmel hizmetiniz i\u00e7in \u00e7ok te\u015fekk\u00fcr ederim! \u00d6nceki rapor Bir sonraki rapor<\/p>\n","protected":false},"author":4,"featured_media":0,"parent":4587,"menu_order":0,"comment_status":"closed","ping_status":"closed","template":"","meta":{"_joinchat":[],"footnotes":""},"class_list":["post-4717","page","type-page","status-publish","hentry"],"acf":[],"_links":{"self":[{"href":"https:\/\/medicaltravel.ch\/tr\/wp-json\/wp\/v2\/pages\/4717","targetHints":{"allow":["GET"]}}],"collection":[{"href":"https:\/\/medicaltravel.ch\/tr\/wp-json\/wp\/v2\/pages"}],"about":[{"href":"https:\/\/medicaltravel.ch\/tr\/wp-json\/wp\/v2\/types\/page"}],"author":[{"embeddable":true,"href":"https:\/\/medicaltravel.ch\/tr\/wp-json\/wp\/v2\/users\/4"}],"replies":[{"embeddable":true,"href":"https:\/\/medicaltravel.ch\/tr\/wp-json\/wp\/v2\/comments?post=4717"}],"version-history":[{"count":3,"href":"https:\/\/medicaltravel.ch\/tr\/wp-json\/wp\/v2\/pages\/4717\/revisions"}],"predecessor-version":[{"id":6434,"href":"https:\/\/medicaltravel.ch\/tr\/wp-json\/wp\/v2\/pages\/4717\/revisions\/6434"}],"up":[{"embeddable":true,"href":"https:\/\/medicaltravel.ch\/tr\/wp-json\/wp\/v2\/pages\/4587"}],"wp:attachment":[{"href":"https:\/\/medicaltravel.ch\/tr\/wp-json\/wp\/v2\/media?parent=4717"}],"curies":[{"name":"wp","href":"https:\/\/api.w.org\/{rel}","templated":true}]}}