{"id":4719,"date":"2025-09-23T17:46:54","date_gmt":"2025-09-23T16:46:54","guid":{"rendered":"https:\/\/medicaltravel.ch\/hasta-raporlari\/erfahrungsberichte-empfehlungen-behandlungen-beurteilung-tuerkei-istanbul\/istanbulda-meme-diklestirme-ameliyatim-nisan-2015-27-agustos-2015-persembe-tarihli-rapor\/"},"modified":"2026-01-12T19:24:50","modified_gmt":"2026-01-12T18:24:50","slug":"istanbulda-meme-diklestirme-ameliyatim-nisan-2015-27-agustos-2015-persembe-tarihli-rapor","status":"publish","type":"page","link":"https:\/\/medicaltravel.ch\/tr\/hasta-raporlari\/referanslar-tavsiyeler-tedaviler-degerlendirmeler-turkiye-istanbul\/istanbulda-meme-diklestirme-ameliyatim-nisan-2015-27-agustos-2015-persembe-tarihli-rapor\/","title":{"rendered":"\u0130stanbul&#8217;da meme dikle\u015ftirme ameliyat\u0131m, Nisan 2015 \u2013 27 A\u011fustos 2015 Per\u015fembe tarihli rapor"},"content":{"rendered":"\n<p>\u0130stanbul&#8217;da meme dikle\u015ftirme ameliyat\u0131m, Nisan 2015 \u2013 27 A\u011fustos 2015 Per\u015fembe tarihli rapor<\/p>\n\n\n\n<p>Uzun zamand\u0131r g\u00fczel bir g\u00f6\u011fs\u00fcm olmas\u0131n\u0131 istiyordum. Bu y\u00fczden internette ara\u015ft\u0131rma yapmaya ba\u015flad\u0131m ve MedicalTravel ile kar\u015f\u0131la\u015ft\u0131m. <\/p>\n\n\n\n<p>K\u0131sa bir s\u00fcre sonra e-posta yoluyla ileti\u015fime ge\u00e7tim ve \u00e7ok h\u0131zl\u0131 bir \u015fekilde Z\u00fcrich&#8217;teki bir dan\u0131\u015fmanl\u0131k randevusu i\u00e7in cevap ald\u0131m. Bu \u00e7ok yard\u0131mc\u0131 oldu. S\u0131cak kar\u015f\u0131lama, iyi organizasyon ve \u00f6zellikle t\u00fcm sorular\u0131ma yan\u0131t veren doktor, bu i\u015flemi bu firmada yapt\u0131rmaya karar vermemi sa\u011flad\u0131 ve hayalimi \u0130stanbul&#8217;da ger\u00e7ekle\u015ftirmeme cesaret verdi.  <\/p>\n\n\n\n<p>K\u0131sa bir d\u00fc\u015f\u00fcnmenin ard\u0131ndan bu operasyonu yapt\u0131rmaya karar verdi\u011fimi onaylad\u0131m. \u00c7ok h\u0131zl\u0131 bir \u015fekilde her \u015fey benim i\u00e7in organize edildi. U\u00e7u\u015ftan otele kadar her \u015fey m\u00fckemmel bir \u015fekilde d\u00fczenlendi, buna ek olarak bana \u00f6zel haz\u0131rlanm\u0131\u015f bir randevu defteri de verildi; i\u00e7inde zaman, yer, tarih ve \u0130stanbul&#8217;un en g\u00fczel turistik yerleri yer al\u0131yordu.  <\/p>\n\n\n\n<p>Nisan ay\u0131 geldi ve g\u00fczel \u0130stanbul&#8217;a seyahat ba\u015flad\u0131. Havaalan\u0131na vard\u0131\u011f\u0131m\u0131zda (bir arkada\u015f\u0131m bana e\u015flik etti) bizi s\u0131cak bir \u015fekilde kar\u015f\u0131lad\u0131lar ve otele g\u00f6t\u00fcrd\u00fcler. Orada da tekrar arand\u0131m, g\u00fcvenli bir \u015fekilde var\u0131p varmad\u0131\u011f\u0131m\u0131z soruldu ve ertesi g\u00fcn i\u00e7in kalan bilgiler payla\u015f\u0131ld\u0131.  <\/p>\n\n\n\n<p>Ertesi g\u00fcn (operasyon g\u00fcn\u00fc) transfer ile do\u011frudan hastaneye g\u00f6t\u00fcr\u00fcld\u00fck. Orada da herkes \u00e7ok nazik ve profesyoneldi. Bize bir Almanca terc\u00fcman tahsis edildi. Kad\u0131n ger\u00e7ekten harikayd\u0131.   <\/p>\n\n\n\n<p>Beni tekrar doktor (Z\u00fcrih&#8217;te tan\u0131\u015ft\u0131\u011f\u0131m ayn\u0131 doktor) muayene etti. Ona tamamen g\u00fcvendim \u00e7\u00fcnk\u00fc profesyonel yakla\u015f\u0131m\u0131, bu i\u015flemi ilk kez yapmad\u0131\u011f\u0131n\u0131 a\u00e7\u0131k\u00e7a g\u00f6steriyordu. <\/p>\n\n\n\n<p>Operasyon tamamland\u0131 ve odama g\u00f6t\u00fcr\u00fcld\u00fcm. A\u011fr\u0131lar olduk\u00e7a \u015fiddetliydi ama hastane personeli beni m\u00fckemmel bir \u015fekilde ilgilendi. Ayr\u0131ca, benimle gelen arkada\u015f\u0131m i\u00e7in de \u00e7ok iyi bir \u015fekilde ilgilendiler. \u0130svi\u00e7re&#8217;de b\u00f6yle bir \u015fey pek m\u00fcmk\u00fcn olmazd\u0131.   <\/p>\n\n\n\n<p>\u0130ki g\u00fcn sonra tekrar aya\u011fa kalkt\u0131m ve hatta g\u00fczel \u0130stanbul&#8217;u gezmeye yetecek kadar g\u00fc\u00e7l\u00fcyd\u00fcm. Bu kadar h\u0131zl\u0131 iyile\u015fece\u011fimi asla d\u00fc\u015f\u00fcnmezdim. <\/p>\n\n\n\n<p>Bir hafta orada kald\u0131k. Son g\u00fcn, doktorla tekrar bir kontrol\u00fcm vard\u0131. Terc\u00fcman\u0131m\u0131z her zaman yan\u0131m\u0131zdayd\u0131. Doktor, \u0130svi\u00e7re&#8217;ye d\u00f6n\u00fc\u015f u\u00e7u\u015fum i\u00e7in onay verdi.   <\/p>\n\n\n\n<p>Eve d\u00f6nd\u00fc\u011f\u00fcmde hala dinlenmem gerekti. Tedavi eden doktorum daha sonra bana nas\u0131l oldu\u011fumu ve operasyonun sonucunun ne \u015fekilde oldu\u011funu yazd\u0131. Bu beni ger\u00e7ekten \u00e7ok etkiledi \u00e7\u00fcnk\u00fc yakla\u015f\u0131k 2 ay sonra bile unutulmad\u0131m.  <\/p>\n\n\n\n<p>Medical Travel, \u00f6zsayg\u0131m\u0131 yeniden kazanmamda bana yard\u0131mc\u0131 oldu. Her \u015fey m\u00fckemmel bir \u015fekilde organize ve planlanm\u0131\u015ft\u0131. B\u00f6yle bir operasyonun getirdi\u011fi a\u011fr\u0131lara ra\u011fmen, bunu her zaman onlar\u0131n yan\u0131nda yapt\u0131r\u0131rd\u0131m ve kesinlikle tavsiye ederim.  <\/p>\n\n\n\n<p>Bu ba\u011flamda, benim g\u00f6r\u00fc\u015f\u00fcm \u015fu: Kesinlikle g\u00fcvenebilece\u011finiz en iyi \u015firketlerden biri.<\/p>\n\n\n\n<p>Te\u015fekk\u00fcr ederim<\/p>\n\n\n\n<p>\u0130svi\u00e7re&#8217;den Nicole<\/p>\n\n\n\n<div class=\"wp-block-group is-layout-grid wp-container-core-group-is-layout-baef362d wp-block-group-is-layout-grid\">\n<p><a href=\"https:\/\/medicaltravel.at\/home\/agb\/\" data-type=\"page\" data-id=\"2191\" rel=\"nofollow noopener\" target=\"_blank\"><\/a><a href=\"https:\/\/medicaltravel.ch\/tr\/hasta-raporlari\/referanslar-tavsiyeler-tedaviler-degerlendirmeler-turkiye-istanbul\/hasta-raporu-tuerkiyede-meme-bueyuetme-16-eyluel-2015-carsamba-tarihli-rapor\/\" data-type=\"link\" data-id=\"https:\/\/medicaltravel.ch\/tr\/hasta-raporlari\/referanslar-tavsiyeler-tedaviler-degerlendirmeler-turkiye-istanbul\/hasta-raporu-tuerkiyede-meme-bueyuetme-16-eyluel-2015-carsamba-tarihli-rapor\/\">\u00d6nceki rapor<\/a><\/p>\n\n\n\n<p class=\"has-text-align-right wp-container-content-5e2576f9\"><a href=\"https:\/\/medicaltravel.at\/home\/impressum\/\" data-type=\"page\" data-id=\"2193\" rel=\"nofollow noopener\" target=\"_blank\"><\/a><a href=\"https:\/\/medicaltravel.at\/home\/berichte-von-patienten\/erfahrungsberichte\/erfahrungsbericht-zahnbehandlung-in-istanbul\/\" data-type=\"page\" data-id=\"981\" rel=\"nofollow noopener\" target=\"_blank\"><\/a><a href=\"https:\/\/medicaltravel.ch\/tr\/hasta-raporlari\/referanslar-tavsiyeler-tedaviler-degerlendirmeler-turkiye-istanbul\/istanbul-tuerkiyede-sac-ekimi-deneyim-raporu-10-agustos-2015-pazartesi-tarihli-rapor\/\" data-type=\"link\" data-id=\"https:\/\/medicaltravel.ch\/tr\/hasta-raporlari\/referanslar-tavsiyeler-tedaviler-degerlendirmeler-turkiye-istanbul\/istanbul-tuerkiyede-sac-ekimi-deneyim-raporu-10-agustos-2015-pazartesi-tarihli-rapor\/\">Bir sonraki rapor<\/a><\/p>\n<\/div>\n","protected":false},"excerpt":{"rendered":"<p>\u0130stanbul&#8217;da meme dikle\u015ftirme ameliyat\u0131m, Nisan 2015 \u2013 27 A\u011fustos 2015 Per\u015fembe tarihli rapor Uzun zamand\u0131r g\u00fczel bir g\u00f6\u011fs\u00fcm olmas\u0131n\u0131 istiyordum. Bu y\u00fczden internette ara\u015ft\u0131rma yapmaya ba\u015flad\u0131m ve MedicalTravel ile kar\u015f\u0131la\u015ft\u0131m. K\u0131sa bir s\u00fcre sonra e-posta yoluyla ileti\u015fime ge\u00e7tim ve \u00e7ok h\u0131zl\u0131 bir \u015fekilde Z\u00fcrich&#8217;teki bir dan\u0131\u015fmanl\u0131k randevusu i\u00e7in cevap ald\u0131m. Bu \u00e7ok yard\u0131mc\u0131 oldu. S\u0131cak kar\u015f\u0131lama, iyi organizasyon ve \u00f6zellikle t\u00fcm sorular\u0131ma yan\u0131t veren doktor, bu i\u015flemi bu firmada yapt\u0131rmaya karar vermemi sa\u011flad\u0131 ve hayalimi \u0130stanbul&#8217;da ger\u00e7ekle\u015ftirmeme cesaret verdi. K\u0131sa bir d\u00fc\u015f\u00fcnmenin ard\u0131ndan bu operasyonu yapt\u0131rmaya karar verdi\u011fimi onaylad\u0131m. \u00c7ok h\u0131zl\u0131 bir \u015fekilde her \u015fey benim i\u00e7in organize edildi. U\u00e7u\u015ftan otele kadar her \u015fey m\u00fckemmel bir \u015fekilde d\u00fczenlendi, buna ek olarak bana \u00f6zel haz\u0131rlanm\u0131\u015f bir randevu defteri de verildi; i\u00e7inde zaman, yer, tarih ve \u0130stanbul&#8217;un en g\u00fczel turistik yerleri yer al\u0131yordu. Nisan ay\u0131 geldi ve g\u00fczel \u0130stanbul&#8217;a seyahat ba\u015flad\u0131. Havaalan\u0131na vard\u0131\u011f\u0131m\u0131zda (bir arkada\u015f\u0131m bana e\u015flik etti) bizi s\u0131cak bir \u015fekilde kar\u015f\u0131lad\u0131lar ve otele g\u00f6t\u00fcrd\u00fcler. Orada da tekrar arand\u0131m, g\u00fcvenli bir \u015fekilde var\u0131p varmad\u0131\u011f\u0131m\u0131z soruldu ve ertesi g\u00fcn i\u00e7in kalan bilgiler payla\u015f\u0131ld\u0131. Ertesi g\u00fcn (operasyon g\u00fcn\u00fc) transfer ile do\u011frudan hastaneye g\u00f6t\u00fcr\u00fcld\u00fck. Orada da herkes \u00e7ok nazik ve profesyoneldi. Bize bir Almanca terc\u00fcman tahsis edildi. Kad\u0131n ger\u00e7ekten harikayd\u0131. Beni tekrar doktor (Z\u00fcrih&#8217;te tan\u0131\u015ft\u0131\u011f\u0131m ayn\u0131 doktor) muayene etti. Ona tamamen g\u00fcvendim \u00e7\u00fcnk\u00fc profesyonel yakla\u015f\u0131m\u0131, bu i\u015flemi ilk kez yapmad\u0131\u011f\u0131n\u0131 a\u00e7\u0131k\u00e7a g\u00f6steriyordu. Operasyon tamamland\u0131 ve odama g\u00f6t\u00fcr\u00fcld\u00fcm. A\u011fr\u0131lar olduk\u00e7a \u015fiddetliydi ama hastane personeli beni m\u00fckemmel bir \u015fekilde ilgilendi. Ayr\u0131ca, benimle gelen arkada\u015f\u0131m i\u00e7in de \u00e7ok iyi bir \u015fekilde ilgilendiler. \u0130svi\u00e7re&#8217;de b\u00f6yle bir \u015fey pek m\u00fcmk\u00fcn olmazd\u0131. \u0130ki g\u00fcn sonra tekrar aya\u011fa kalkt\u0131m ve hatta g\u00fczel \u0130stanbul&#8217;u gezmeye yetecek kadar g\u00fc\u00e7l\u00fcyd\u00fcm. Bu kadar h\u0131zl\u0131 iyile\u015fece\u011fimi asla d\u00fc\u015f\u00fcnmezdim. Bir hafta orada kald\u0131k. Son g\u00fcn, doktorla tekrar bir kontrol\u00fcm vard\u0131. Terc\u00fcman\u0131m\u0131z her zaman yan\u0131m\u0131zdayd\u0131. Doktor, \u0130svi\u00e7re&#8217;ye d\u00f6n\u00fc\u015f u\u00e7u\u015fum i\u00e7in onay verdi. Eve d\u00f6nd\u00fc\u011f\u00fcmde hala dinlenmem gerekti. Tedavi eden doktorum daha sonra bana nas\u0131l oldu\u011fumu ve operasyonun sonucunun ne \u015fekilde oldu\u011funu yazd\u0131. Bu beni ger\u00e7ekten \u00e7ok etkiledi \u00e7\u00fcnk\u00fc yakla\u015f\u0131k 2 ay sonra bile unutulmad\u0131m. Medical Travel, \u00f6zsayg\u0131m\u0131 yeniden kazanmamda bana yard\u0131mc\u0131 oldu. Her \u015fey m\u00fckemmel bir \u015fekilde organize ve planlanm\u0131\u015ft\u0131. B\u00f6yle bir operasyonun getirdi\u011fi a\u011fr\u0131lara ra\u011fmen, bunu her zaman onlar\u0131n yan\u0131nda yapt\u0131r\u0131rd\u0131m ve kesinlikle tavsiye ederim. Bu ba\u011flamda, benim g\u00f6r\u00fc\u015f\u00fcm \u015fu: Kesinlikle g\u00fcvenebilece\u011finiz en iyi \u015firketlerden biri. Te\u015fekk\u00fcr ederim \u0130svi\u00e7re&#8217;den Nicole \u00d6nceki rapor Bir sonraki rapor<\/p>\n","protected":false},"author":4,"featured_media":0,"parent":4587,"menu_order":0,"comment_status":"closed","ping_status":"closed","template":"","meta":{"_joinchat":[],"footnotes":""},"class_list":["post-4719","page","type-page","status-publish","hentry"],"acf":[],"_links":{"self":[{"href":"https:\/\/medicaltravel.ch\/tr\/wp-json\/wp\/v2\/pages\/4719","targetHints":{"allow":["GET"]}}],"collection":[{"href":"https:\/\/medicaltravel.ch\/tr\/wp-json\/wp\/v2\/pages"}],"about":[{"href":"https:\/\/medicaltravel.ch\/tr\/wp-json\/wp\/v2\/types\/page"}],"author":[{"embeddable":true,"href":"https:\/\/medicaltravel.ch\/tr\/wp-json\/wp\/v2\/users\/4"}],"replies":[{"embeddable":true,"href":"https:\/\/medicaltravel.ch\/tr\/wp-json\/wp\/v2\/comments?post=4719"}],"version-history":[{"count":0,"href":"https:\/\/medicaltravel.ch\/tr\/wp-json\/wp\/v2\/pages\/4719\/revisions"}],"up":[{"embeddable":true,"href":"https:\/\/medicaltravel.ch\/tr\/wp-json\/wp\/v2\/pages\/4587"}],"wp:attachment":[{"href":"https:\/\/medicaltravel.ch\/tr\/wp-json\/wp\/v2\/media?parent=4719"}],"curies":[{"name":"wp","href":"https:\/\/api.w.org\/{rel}","templated":true}]}}