{"id":4721,"date":"2025-09-23T16:44:08","date_gmt":"2025-09-23T15:44:08","guid":{"rendered":"https:\/\/medicaltravel.ch\/hasta-raporlari\/erfahrungsberichte-empfehlungen-behandlungen-beurteilung-tuerkei-istanbul\/istanbul-tuerkiyede-meme-diklestirme-ameliyati-icin-oenerim\/"},"modified":"2026-01-02T23:55:15","modified_gmt":"2026-01-02T22:55:15","slug":"istanbul-tuerkiyede-meme-diklestirme-ameliyati-icin-oenerim","status":"publish","type":"page","link":"https:\/\/medicaltravel.ch\/tr\/hasta-raporlari\/referanslar-tavsiyeler-tedaviler-degerlendirmeler-turkiye-istanbul\/istanbul-tuerkiyede-meme-diklestirme-ameliyati-icin-oenerim\/","title":{"rendered":"\u0130stanbul, T\u00fcrkiye&#8217;de meme dikle\u015ftirme ameliyat\u0131 i\u00e7in \u00f6nerim"},"content":{"rendered":"\n<p><strong>\u0130stanbul&#8217;da yapt\u0131rd\u0131\u011f\u0131m meme dikle\u015ftirme operasyonu i\u00e7in tavsiyem:<\/strong><\/p>\n\n<p>Barsha Bachmann&#8217;dan referans<\/p>\n\n<p>24 Temmuz 2021&#8217;de, neredeyse 20 y\u0131ld\u0131r hayalini kurdu\u011fum kalp iste\u011fimi yerine getirdim ve meme dikle\u015ftirme yapt\u0131rd\u0131m.<\/p>\n\n<p><a href=\"https:\/\/medicaltravel.ch\/tr\/\" data-type=\"page\" data-id=\"6\">MedicalTravel <\/a>hakk\u0131nda, e\u015fimin bir tan\u0131d\u0131\u011f\u0131 ve internet arac\u0131l\u0131\u011f\u0131yla bilgi edindim. 13 Haziran 2021&#8217;de MedicalTravel ile telefonla ileti\u015fime ge\u00e7tim ve Say\u0131n Kara&#8217;dan \u00e7ok nazik ve profesyonel bir \u015fekilde dan\u0131\u015fmanl\u0131k ald\u0131m. B\u00f6ylece, 10 Temmuz 2021&#8217;de Zug&#8217;da y\u00fcz y\u00fcze bir dan\u0131\u015fmanl\u0131k randevusu da hemen ayarlad\u0131m. <\/p>\n\n<p>Say\u0131n Kara ile yapt\u0131\u011f\u0131m telefon g\u00f6r\u00fc\u015fmesi ve kalp iste\u011fimin ger\u00e7ekle\u015fme olas\u0131l\u0131\u011f\u0131, o hafta boyunca akl\u0131mdan \u00e7\u0131kmad\u0131. Bu y\u00fczden Say\u0131n Kara, randevudan \u00f6nce meme foto\u011fraflar\u0131m\u0131 WhatsApp \u00fczerinden g\u00f6ndermemi ve bunlar\u0131 \u0130stanbul&#8217;daki tedavi edici doktorum Dr. Kayran&#8217;a de\u011ferlendirmesi i\u00e7in g\u00f6ndermemi \u00f6nerdi. Dr. Kayran, meme k\u00fc\u00e7\u00fcltme olmadan sadece dikle\u015ftirme talebimi kabul edebilece\u011fini belirtti, bu y\u00fczden art\u0131k teredd\u00fct etmedim ve seyahatimi kesin olarak rezerve ettim. 10 Temmuz&#8217;daki Zug randevuma yine de gittim \u00e7\u00fcnk\u00fc tedavi eden doktorumla y\u00fcz y\u00fcze tan\u0131\u015fman\u0131n benim i\u00e7in \u00e7ok \u00f6nemli oldu\u011funu d\u00fc\u015f\u00fcnd\u00fcm.  <\/p>\n\n<p>Maalesef, partnerim benimle gelemeyecekti, bu y\u00fczden seyahate iyi bir arkada\u015f\u0131m\u0131 davet ettim. K\u0131sa ama yo\u011fun bir planlaman\u0131n ard\u0131ndan 23 Temmuz 2021&#8217;de sonunda yola \u00e7\u0131kt\u0131k. Hala \u0130svi\u00e7re&#8217;deyken, \u0130stanbul&#8217;dan bizi alacak olan \u015fof\u00f6r\u00fcm arayarak haber verdi. Saat 19:00&#8217;da \u0130stanbul&#8217;a vard\u0131k ve s\u00f6z verildi\u011fi gibi, bizi zaman\u0131nda \u015fof\u00f6r\u00fcm\u00fcz Say\u0131n Haki kar\u015f\u0131lad\u0131.   <\/p>\n\n<p>\u0130lk olarak hemen Nightingale Hastanesi&#8217;ne gidip COVID-19 testi ve kan al\u0131m\u0131 yap\u0131ld\u0131. Uzun bir yolculuk ve artan heyecanla, saat 22:00&#8217;de nihayet otele vard\u0131k. <\/p>\n\n<p>Nihayet! Uzun zamand\u0131r beklenen tedavi g\u00fcn\u00fc gelmi\u015fti. Saat 10:00&#8217;da \u015fof\u00f6r\u00fcm\u00fcz Say\u0131n Haki taraf\u0131ndan otelden al\u0131nd\u0131k ve klini\u011fe do\u011fru yola \u00e7\u0131kt\u0131k. Klinik \u00f6n\u00fcnde, terc\u00fcman\u0131m\u0131z Feridun zaten bizi bekliyordu.  <\/p>\n\n<p>Bir\u00e7ok formu doldurduktan sonra odaya g\u00f6t\u00fcr\u00fcld\u00fck. Oda i\u00e7inde, e\u011fer istersek, arkada\u015f\u0131m\u0131n da benimle birlikte klinikte geceyi ge\u00e7irebilece\u011fi teklif edildi. Odaya girer girmez, Say\u0131n Dr. Kayiran da hemen geldi. B\u00fct\u00fcn s\u00fcreci tekrar sakin bir \u015fekilde a\u00e7\u0131klay\u0131p, operasyon i\u00e7in gerekli b\u00f6lgeleri i\u015faretledi.  <\/p>\n\n<p>Arkada\u015f\u0131m, operasyonum s\u0131ras\u0131nda odada benim i\u00e7in bekleyebildi. Feridun sayesinde \u00e7ok iyi bir \u015fekilde ilgilenildi ve kendini rahat hissetti. <\/p>\n\n<p>Burada da arkada\u015f\u0131m\u0131n ilgisi i\u00e7in bir kez daha i\u00e7ten te\u015fekk\u00fcrlerimi sunmak istiyorum! Yakla\u015f\u0131k 3.5 saat s\u00fcren operasyonun ard\u0131ndan odaya getirildim, arkada\u015f\u0131m zaten beni bekliyordu. Anesteziden dolay\u0131 kendimi olduk\u00e7a k\u00f6t\u00fc hissetti\u011fim i\u00e7in, arkada\u015f\u0131m beni yaln\u0131z b\u0131rakmak istemedi ve geceyi klinikte ge\u00e7irme teklifini kabul etmeye karar verdi. <\/p>\n\n<p>Benim i\u00e7in bunun m\u00fcmk\u00fcn olmas\u0131 ger\u00e7ekten b\u00fcy\u00fck bir rahatlama ve minnettarl\u0131k kayna\u011f\u0131yd\u0131. Bir operasyon ge\u00e7irme durumu ve \u00fcstelik yurtd\u0131\u015f\u0131nda olmak, hafife al\u0131nacak bir \u015fey de\u011fil, bu y\u00fczden b\u00f6yle bir seyahati yaln\u0131z yapmamay\u0131 herkese tavsiye ederim. Operasyon sonras\u0131 gece boyunca birka\u00e7 kez dola\u015f\u0131m problemi ya\u015fad\u0131m. Doktorlar ve t\u00fcm hem\u015firelik personeli benimle \u00e7ok iyi ilgilendiler.   <\/p>\n\n<p><strong>Bu noktada, t\u00fcm klinik ekibine de i\u00e7ten te\u015fekk\u00fcrlerimi sunuyorum!<br\/><\/strong><br\/>Pazar, 25.07.2021 \u00f6\u011fle saatlerinde Say\u0131n Dr. Kayiran ilk ziyaretini yaparak, operasyonun sonucunu (ilk kez sadece yatarken) g\u00f6rmemi sa\u011flad\u0131. Gece biraz huzursuz ge\u00e7ti\u011fi i\u00e7in, klinikte bir gece daha kalmam \u00f6nerildi. Hemen kabul ettim, sonu\u00e7ta hi\u00e7bir riske girmemek istiyordum. <\/p>\n\n<p>Arkada\u015f\u0131m, pazar \u00f6\u011fle saatlerinde otele geri d\u00f6nmeye karar verdi. Pazar gecesi ile pazartesi aras\u0131ndaki gece \u00e7ok daha iyi ge\u00e7ti ve b\u00f6ylece Dr. Kayran pazartesi g\u00fcn\u00fc drenajlar\u0131 kald\u0131rd\u0131 ve ben de otele d\u00f6nebildim. <\/p>\n\n<p>Sal\u0131 \u00f6\u011fle saatlerinde Feridun&#8217;dan, \u00e7ar\u015famba ve per\u015fembe g\u00fcn\u00fc tekrar bir kontrole girece\u011fim haberini ald\u0131m. \u015eof\u00f6r\u00fcm\u00fcz Haki, bizi yine zaman\u0131nda al\u0131p klini\u011fe g\u00f6t\u00fcrd\u00fc. Orada, yine \u00e7ok nazik bir terc\u00fcman (bu sefer G\u00f6khan&#8217;d\u0131) taraf\u0131ndan kar\u015f\u0131land\u0131k. Kontrol olduk\u00e7a iyi ge\u00e7ti ve ard\u0131ndan per\u015fembe g\u00fcn\u00fc, 29.07.2021&#8217;deki d\u00f6n\u00fc\u015f yolculu\u011fum i\u00e7in tekrar bir COVID-19 testi yap\u0131ld\u0131.  <\/p>\n\n<p>Otele geri d\u00f6nd\u00fc\u011f\u00fcm\u00fczde, valiz haz\u0131rlama zaman\u0131 gelmi\u015fti. Hareket kabiliyetim hala olduk\u00e7a s\u0131n\u0131rl\u0131yd\u0131, bu y\u00fczden valizi haz\u0131rlamak ve ta\u015f\u0131mak benim i\u00e7in m\u00fcmk\u00fcn de\u011fildi. Neyse ki, per\u015fembe g\u00fcn\u00fc yine Say\u0131n Haki taraf\u0131ndan zaman\u0131nda al\u0131nd\u0131k ve klini\u011fe g\u00f6t\u00fcr\u00fcld\u00fck. <\/p>\n\n<p>Say\u0131n Dr. Kayran, \u00e7ar\u015famba ile per\u015fembe aras\u0131ndaki gece, iyile\u015fme s\u00fcrecinde ba\u015fka bir iyile\u015fme kaydetti\u011fimi fark etti ve bu y\u00fczden her \u015feyin istedi\u011fim gibi iyile\u015fece\u011finden \u00e7ok umutluydu.<\/p>\n\n<p>Gelecek hafta boyunca her g\u00fcn foto\u011fraf \u00e7ekip, bunlar\u0131 WhatsApp \u00fczerinden Say\u0131n G\u00f6khan&#8217;a g\u00f6ndermem gerekti. G\u00f6khan, bu foto\u011fraflar\u0131 Say\u0131n Dr. Kayran ile inceleyip, memelerimi nas\u0131l daha fazla bak\u0131m yapmam gerekti\u011fini bana bildirecekti.<\/p>\n\n<p>Bug\u00fcn, 24 A\u011fustos, operasyonun \u00fczerinden tam bir ay ge\u00e7ti ve \u015fu \u015fekilde s\u00f6yleyebilirim:<\/p>\n\n<p>\u0130svi\u00e7re&#8217;deki sonras\u0131ndaki bak\u0131m, Say\u0131n G\u00f6khan ve Say\u0131n Dr. Kayran taraf\u0131ndan \u00e7ok iyi bir \u015fekilde ger\u00e7ekle\u015ftirildi, her zaman sorular\u0131ma \u00e7ok h\u0131zl\u0131 ve profesyonel cevaplar ald\u0131m. 4 Eyl\u00fcl&#8217;de ise Zug&#8217;da bir ki\u015fisel kontrol randevum daha olacak.<br\/><strong>Sonu\u00e7tan fazlas\u0131yla memnun ve \u00e7ok mutluyum!<br\/><\/strong><br\/>Bir an bile pi\u015fman olmad\u0131m ve bu ad\u0131m\u0131 her zaman tekrar atar\u0131m!<br\/><strong>MedicalTravel taraf\u0131ndan yap\u0131lan dan\u0131\u015fmanl\u0131k ve bak\u0131m, ayr\u0131ca \u0130stanbul&#8217;daki klinik personeli her zaman nazik, yard\u0131msever ve \u00e7ok ilgiliydi!<br\/><\/strong><br\/>Herkese tekrar her \u015fey i\u00e7in i\u00e7ten te\u015fekk\u00fcrler!<br\/>Barsha Bachmann, 24.08.2021, \u0130svi\u00e7re <\/p>\n\n<div class=\"wp-block-group is-layout-grid wp-container-core-group-is-layout-baef362d wp-block-group-is-layout-grid\">\n<p><a href=\"https:\/\/medicaltravel.at\/home\/agb\/\" data-type=\"page\" data-id=\"2191\" rel=\"nofollow noopener\" target=\"_blank\"><\/a><a href=\"https:\/\/medicaltravel.ch\/home\/berichte-von-patienten-istanbul-turkei\/erfahrungsberichte\/meine-empfehlung-fuer-meine-brustverkleinerung-in-istanbul\/\" data-type=\"link\" data-id=\"https:\/\/medicaltravel.ch\/home\/berichte-von-patienten-istanbul-turkei\/erfahrungsberichte\/meine-empfehlung-fuer-meine-brustverkleinerung-in-istanbul\/\">\u00d6nceki rapor<\/a><\/p>\n\n\n\n<p class=\"has-text-align-right wp-container-content-5e2576f9\"><a href=\"https:\/\/medicaltravel.at\/home\/impressum\/\" data-type=\"page\" data-id=\"2193\" rel=\"nofollow noopener\" target=\"_blank\"><\/a><a href=\"https:\/\/medicaltravel.at\/home\/berichte-von-patienten\/erfahrungsberichte\/erfahrungsbericht-zahnbehandlung-in-istanbul\/\" data-type=\"page\" data-id=\"981\" rel=\"nofollow noopener\" target=\"_blank\"><\/a><a href=\"https:\/\/medicaltravel.ch\/home\/berichte-von-patienten-istanbul-turkei\/erfahrungsberichte\/erfahrung-zahnbehandlung-istanbul\/\" data-type=\"link\" data-id=\"https:\/\/medicaltravel.ch\/home\/berichte-von-patienten-istanbul-turkei\/erfahrungsberichte\/erfahrung-zahnbehandlung-istanbul\/\">Bir sonraki rapor<\/a><\/p>\n<\/div>\n","protected":false},"excerpt":{"rendered":"<p>\u0130stanbul&#8217;da yapt\u0131rd\u0131\u011f\u0131m meme dikle\u015ftirme operasyonu i\u00e7in tavsiyem: Barsha Bachmann&#8217;dan referans 24 Temmuz 2021&#8217;de, neredeyse 20 y\u0131ld\u0131r hayalini kurdu\u011fum kalp iste\u011fimi yerine getirdim ve meme dikle\u015ftirme yapt\u0131rd\u0131m. MedicalTravel hakk\u0131nda, e\u015fimin bir tan\u0131d\u0131\u011f\u0131 ve internet arac\u0131l\u0131\u011f\u0131yla bilgi edindim. 13 Haziran 2021&#8217;de MedicalTravel ile telefonla ileti\u015fime ge\u00e7tim ve Say\u0131n Kara&#8217;dan \u00e7ok nazik ve profesyonel bir \u015fekilde dan\u0131\u015fmanl\u0131k ald\u0131m. B\u00f6ylece, 10 Temmuz 2021&#8217;de Zug&#8217;da y\u00fcz y\u00fcze bir dan\u0131\u015fmanl\u0131k randevusu da hemen ayarlad\u0131m. Say\u0131n Kara ile yapt\u0131\u011f\u0131m telefon g\u00f6r\u00fc\u015fmesi ve kalp iste\u011fimin ger\u00e7ekle\u015fme olas\u0131l\u0131\u011f\u0131, o hafta boyunca akl\u0131mdan \u00e7\u0131kmad\u0131. Bu y\u00fczden Say\u0131n Kara, randevudan \u00f6nce meme foto\u011fraflar\u0131m\u0131 WhatsApp \u00fczerinden g\u00f6ndermemi ve bunlar\u0131 \u0130stanbul&#8217;daki tedavi edici doktorum Dr. Kayran&#8217;a de\u011ferlendirmesi i\u00e7in g\u00f6ndermemi \u00f6nerdi. Dr. Kayran, meme k\u00fc\u00e7\u00fcltme olmadan sadece dikle\u015ftirme talebimi kabul edebilece\u011fini belirtti, bu y\u00fczden art\u0131k teredd\u00fct etmedim ve seyahatimi kesin olarak rezerve ettim. 10 Temmuz&#8217;daki Zug randevuma yine de gittim \u00e7\u00fcnk\u00fc tedavi eden doktorumla y\u00fcz y\u00fcze tan\u0131\u015fman\u0131n benim i\u00e7in \u00e7ok \u00f6nemli oldu\u011funu d\u00fc\u015f\u00fcnd\u00fcm. Maalesef, partnerim benimle gelemeyecekti, bu y\u00fczden seyahate iyi bir arkada\u015f\u0131m\u0131 davet ettim. K\u0131sa ama yo\u011fun bir planlaman\u0131n ard\u0131ndan 23 Temmuz 2021&#8217;de sonunda yola \u00e7\u0131kt\u0131k. Hala \u0130svi\u00e7re&#8217;deyken, \u0130stanbul&#8217;dan bizi alacak olan \u015fof\u00f6r\u00fcm arayarak haber verdi. Saat 19:00&#8217;da \u0130stanbul&#8217;a vard\u0131k ve s\u00f6z verildi\u011fi gibi, bizi zaman\u0131nda \u015fof\u00f6r\u00fcm\u00fcz Say\u0131n Haki kar\u015f\u0131lad\u0131. \u0130lk olarak hemen Nightingale Hastanesi&#8217;ne gidip COVID-19 testi ve kan al\u0131m\u0131 yap\u0131ld\u0131. Uzun bir yolculuk ve artan heyecanla, saat 22:00&#8217;de nihayet otele vard\u0131k. Nihayet! Uzun zamand\u0131r beklenen tedavi g\u00fcn\u00fc gelmi\u015fti. Saat 10:00&#8217;da \u015fof\u00f6r\u00fcm\u00fcz Say\u0131n Haki taraf\u0131ndan otelden al\u0131nd\u0131k ve klini\u011fe do\u011fru yola \u00e7\u0131kt\u0131k. Klinik \u00f6n\u00fcnde, terc\u00fcman\u0131m\u0131z Feridun zaten bizi bekliyordu. Bir\u00e7ok formu doldurduktan sonra odaya g\u00f6t\u00fcr\u00fcld\u00fck. Oda i\u00e7inde, e\u011fer istersek, arkada\u015f\u0131m\u0131n da benimle birlikte klinikte geceyi ge\u00e7irebilece\u011fi teklif edildi. Odaya girer girmez, Say\u0131n Dr. Kayiran da hemen geldi. B\u00fct\u00fcn s\u00fcreci tekrar sakin bir \u015fekilde a\u00e7\u0131klay\u0131p, operasyon i\u00e7in gerekli b\u00f6lgeleri i\u015faretledi. Arkada\u015f\u0131m, operasyonum s\u0131ras\u0131nda odada benim i\u00e7in bekleyebildi. Feridun sayesinde \u00e7ok iyi bir \u015fekilde ilgilenildi ve kendini rahat hissetti. Burada da arkada\u015f\u0131m\u0131n ilgisi i\u00e7in bir kez daha i\u00e7ten te\u015fekk\u00fcrlerimi sunmak istiyorum! Yakla\u015f\u0131k 3.5 saat s\u00fcren operasyonun ard\u0131ndan odaya getirildim, arkada\u015f\u0131m zaten beni bekliyordu. Anesteziden dolay\u0131 kendimi olduk\u00e7a k\u00f6t\u00fc hissetti\u011fim i\u00e7in, arkada\u015f\u0131m beni yaln\u0131z b\u0131rakmak istemedi ve geceyi klinikte ge\u00e7irme teklifini kabul etmeye karar verdi. Benim i\u00e7in bunun m\u00fcmk\u00fcn olmas\u0131 ger\u00e7ekten b\u00fcy\u00fck bir rahatlama ve minnettarl\u0131k kayna\u011f\u0131yd\u0131. Bir operasyon ge\u00e7irme durumu ve \u00fcstelik yurtd\u0131\u015f\u0131nda olmak, hafife al\u0131nacak bir \u015fey de\u011fil, bu y\u00fczden b\u00f6yle bir seyahati yaln\u0131z yapmamay\u0131 herkese tavsiye ederim. Operasyon sonras\u0131 gece boyunca birka\u00e7 kez dola\u015f\u0131m problemi ya\u015fad\u0131m. Doktorlar ve t\u00fcm hem\u015firelik personeli benimle \u00e7ok iyi ilgilendiler. Bu noktada, t\u00fcm klinik ekibine de i\u00e7ten te\u015fekk\u00fcrlerimi sunuyorum!Pazar, 25.07.2021 \u00f6\u011fle saatlerinde Say\u0131n Dr. Kayiran ilk ziyaretini yaparak, operasyonun sonucunu (ilk kez sadece yatarken) g\u00f6rmemi sa\u011flad\u0131. Gece biraz huzursuz ge\u00e7ti\u011fi i\u00e7in, klinikte bir gece daha kalmam \u00f6nerildi. Hemen kabul ettim, sonu\u00e7ta hi\u00e7bir riske girmemek istiyordum. Arkada\u015f\u0131m, pazar \u00f6\u011fle saatlerinde otele geri d\u00f6nmeye karar verdi. Pazar gecesi ile pazartesi aras\u0131ndaki gece \u00e7ok daha iyi ge\u00e7ti ve b\u00f6ylece Dr. Kayran pazartesi g\u00fcn\u00fc drenajlar\u0131 kald\u0131rd\u0131 ve ben de otele d\u00f6nebildim. Sal\u0131 \u00f6\u011fle saatlerinde Feridun&#8217;dan, \u00e7ar\u015famba ve per\u015fembe g\u00fcn\u00fc tekrar bir kontrole girece\u011fim haberini ald\u0131m. \u015eof\u00f6r\u00fcm\u00fcz Haki, bizi yine zaman\u0131nda al\u0131p klini\u011fe g\u00f6t\u00fcrd\u00fc. Orada, yine \u00e7ok nazik bir terc\u00fcman (bu sefer G\u00f6khan&#8217;d\u0131) taraf\u0131ndan kar\u015f\u0131land\u0131k. Kontrol olduk\u00e7a iyi ge\u00e7ti ve ard\u0131ndan per\u015fembe g\u00fcn\u00fc, 29.07.2021&#8217;deki d\u00f6n\u00fc\u015f yolculu\u011fum i\u00e7in tekrar bir COVID-19 testi yap\u0131ld\u0131. Otele geri d\u00f6nd\u00fc\u011f\u00fcm\u00fczde, valiz haz\u0131rlama zaman\u0131 gelmi\u015fti. Hareket kabiliyetim hala olduk\u00e7a s\u0131n\u0131rl\u0131yd\u0131, bu y\u00fczden valizi haz\u0131rlamak ve ta\u015f\u0131mak benim i\u00e7in m\u00fcmk\u00fcn de\u011fildi. Neyse ki, per\u015fembe g\u00fcn\u00fc yine Say\u0131n Haki taraf\u0131ndan zaman\u0131nda al\u0131nd\u0131k ve klini\u011fe g\u00f6t\u00fcr\u00fcld\u00fck. Say\u0131n Dr. Kayran, \u00e7ar\u015famba ile per\u015fembe aras\u0131ndaki gece, iyile\u015fme s\u00fcrecinde ba\u015fka bir iyile\u015fme kaydetti\u011fimi fark etti ve bu y\u00fczden her \u015feyin istedi\u011fim gibi iyile\u015fece\u011finden \u00e7ok umutluydu. Gelecek hafta boyunca her g\u00fcn foto\u011fraf \u00e7ekip, bunlar\u0131 WhatsApp \u00fczerinden Say\u0131n G\u00f6khan&#8217;a g\u00f6ndermem gerekti. G\u00f6khan, bu foto\u011fraflar\u0131 Say\u0131n Dr. Kayran ile inceleyip, memelerimi nas\u0131l daha fazla bak\u0131m yapmam gerekti\u011fini bana bildirecekti. Bug\u00fcn, 24 A\u011fustos, operasyonun \u00fczerinden tam bir ay ge\u00e7ti ve \u015fu \u015fekilde s\u00f6yleyebilirim: \u0130svi\u00e7re&#8217;deki sonras\u0131ndaki bak\u0131m, Say\u0131n G\u00f6khan ve Say\u0131n Dr. Kayran taraf\u0131ndan \u00e7ok iyi bir \u015fekilde ger\u00e7ekle\u015ftirildi, her zaman sorular\u0131ma \u00e7ok h\u0131zl\u0131 ve profesyonel cevaplar ald\u0131m. 4 Eyl\u00fcl&#8217;de ise Zug&#8217;da bir ki\u015fisel kontrol randevum daha olacak.Sonu\u00e7tan fazlas\u0131yla memnun ve \u00e7ok mutluyum!Bir an bile pi\u015fman olmad\u0131m ve bu ad\u0131m\u0131 her zaman tekrar atar\u0131m!MedicalTravel taraf\u0131ndan yap\u0131lan dan\u0131\u015fmanl\u0131k ve bak\u0131m, ayr\u0131ca \u0130stanbul&#8217;daki klinik personeli her zaman nazik, yard\u0131msever ve \u00e7ok ilgiliydi!Herkese tekrar her \u015fey i\u00e7in i\u00e7ten te\u015fekk\u00fcrler!Barsha Bachmann, 24.08.2021, \u0130svi\u00e7re \u00d6nceki rapor Bir sonraki rapor<\/p>\n","protected":false},"author":4,"featured_media":0,"parent":4587,"menu_order":0,"comment_status":"closed","ping_status":"closed","template":"","meta":{"_joinchat":[],"footnotes":""},"class_list":["post-4721","page","type-page","status-publish","hentry"],"acf":[],"_links":{"self":[{"href":"https:\/\/medicaltravel.ch\/tr\/wp-json\/wp\/v2\/pages\/4721","targetHints":{"allow":["GET"]}}],"collection":[{"href":"https:\/\/medicaltravel.ch\/tr\/wp-json\/wp\/v2\/pages"}],"about":[{"href":"https:\/\/medicaltravel.ch\/tr\/wp-json\/wp\/v2\/types\/page"}],"author":[{"embeddable":true,"href":"https:\/\/medicaltravel.ch\/tr\/wp-json\/wp\/v2\/users\/4"}],"replies":[{"embeddable":true,"href":"https:\/\/medicaltravel.ch\/tr\/wp-json\/wp\/v2\/comments?post=4721"}],"version-history":[{"count":1,"href":"https:\/\/medicaltravel.ch\/tr\/wp-json\/wp\/v2\/pages\/4721\/revisions"}],"predecessor-version":[{"id":4722,"href":"https:\/\/medicaltravel.ch\/tr\/wp-json\/wp\/v2\/pages\/4721\/revisions\/4722"}],"up":[{"embeddable":true,"href":"https:\/\/medicaltravel.ch\/tr\/wp-json\/wp\/v2\/pages\/4587"}],"wp:attachment":[{"href":"https:\/\/medicaltravel.ch\/tr\/wp-json\/wp\/v2\/media?parent=4721"}],"curies":[{"name":"wp","href":"https:\/\/api.w.org\/{rel}","templated":true}]}}