{"id":4723,"date":"2025-09-23T16:44:58","date_gmt":"2025-09-23T15:44:58","guid":{"rendered":"https:\/\/medicaltravel.ch\/hasta-raporlari\/erfahrungsberichte-empfehlungen-behandlungen-beurteilung-tuerkei-istanbul\/istanbuldaki-dis-tedavimle-ilgili-deneyimim\/"},"modified":"2026-01-12T17:51:23","modified_gmt":"2026-01-12T16:51:23","slug":"istanbuldaki-dis-tedavimle-ilgili-deneyimim","status":"publish","type":"page","link":"https:\/\/medicaltravel.ch\/tr\/hasta-raporlari\/referanslar-tavsiyeler-tedaviler-degerlendirmeler-turkiye-istanbul\/istanbuldaki-dis-tedavimle-ilgili-deneyimim\/","title":{"rendered":"\u0130stanbul&#8217;daki di\u015f tedavimle ilgili deneyimim"},"content":{"rendered":"\n<p><strong>\u0130STANBUL&#8217;DAK\u0130 D\u0130\u015e TEDAV\u0130MLE \u0130LG\u0130L\u0130 DENEY\u0130M\u0130M<\/strong><\/p>\n\n\n\n<p>MedicalTravel, tan\u0131ma f\u0131rsat\u0131 buldu\u011fum \u00e7ok cazip bir \u015firket. \u0130stanbul ve \u0130svi\u00e7re&#8217;deki \u015fubeleriyle tedavi s\u00fcreci daha ilgin\u00e7 ve tabii ki daha g\u00fcvenli hale geldi. Bu, MedicalTravel ile yapt\u0131\u011f\u0131m ikinci tedavimdi ve \u015fimdi \u00e7ok fazla deneyim kazand\u0131m. En b\u00fcy\u00fck o\u011flum sayesinde sizinle tan\u0131\u015ft\u0131k. \u00dc\u00e7 y\u0131l \u00f6nce g\u00f6z lazeri tedavisiyle ilgilenmeye ba\u015flad\u0131 ve internette ara\u015ft\u0131rma yaparak daha uygun fiyatl\u0131 ancak kaliteli bir tedavi aray\u0131\u015f\u0131na girdi. B\u00f6ylece MedicalTravel ile kar\u015f\u0131la\u015ft\u0131 ve hemen bize de bahsetti. Ba\u015flang\u0131\u00e7ta biraz \u015f\u00fcpheliydik ama giderek daha \u00e7ok ikna olduk, \u00f6zellikle de ilgili \u00e7al\u0131\u015fanlarla ileti\u015fime ge\u00e7tikten sonra. G\u00f6r\u00fc\u015fmelerin ard\u0131ndan ben ve o\u011flum, \u0130stanbul&#8217;da miyopi tedavisi i\u00e7in g\u00f6z lazeri tedavisini rezervasyon yapt\u0131k. May\u0131s 2018&#8217;de Cuma g\u00fcn\u00fc seyahat ettik, Cumartesi g\u00fcn\u00fc tedavi olduk ve Pazar g\u00fcn\u00fc geri d\u00f6nd\u00fck. Olduk\u00e7a k\u0131sa bir s\u00fcreydi ama miyopimiz d\u00fczeltildi. Bug\u00fcn hala \u00e7ok memnunuz ve ayn\u0131 sorunlar\u0131 ya\u015fayan ailemize de hemen tavsiye ettik. O zamanlar bile MedicalTravel\u2019\u0131n fiyat\/performans oran\u0131ndan \u00e7ok etkilenmi\u015ftik ve bu nedenle g\u00fcvenimiz b\u00fcy\u00fck oldu.           <\/p>\n\n\n\n<p>Ayr\u0131ca di\u015flerimde de problemlerim vard\u0131 \u00e7\u00fcnk\u00fc paradontitis (di\u015f eti hastal\u0131\u011f\u0131) ile m\u00fccadele ediyorum. Daha \u00f6nceki ileti\u015fimimde Say\u0131n Serdar Kara ile tan\u0131\u015ft\u0131\u011f\u0131m i\u00e7in, bu sefer di\u015f problemlerim nedeniyle ona ba\u015fvurdum. K\u0131sa s\u00fcre sonra \u0130svi\u00e7re&#8217;de bir \u00f6n muayene i\u00e7in randevu ald\u0131m ve t\u00fcm olas\u0131l\u0131klar\u0131 g\u00f6r\u00fc\u015fmek i\u00e7in bir g\u00f6r\u00fc\u015fme yap\u0131ld\u0131. \u0130svi\u00e7re ve T\u00fcrkiye aras\u0131nda s\u00fcrekli gidip gelen doktordan ald\u0131\u011f\u0131m\u0131z tavsiyeye g\u00f6re, hastal\u0131\u011f\u0131m\u0131 en iyi \u015fekilde tedavi edebilmek i\u00e7in daha uzun bir zaman diliminde, bireysel bir di\u015f tedavisi planlad\u0131k. Gereken basit kontroller ve tedaviler \u0130svi\u00e7re&#8217;de daha avantajl\u0131 bir \u015fekilde yap\u0131labiliyordu. Daha b\u00fcy\u00fck m\u00fcdahaleler ve di\u015f implantlar\u0131 ise \u0130stanbul&#8217;da planland\u0131.     <\/p>\n\n\n\n<p>Randevu g\u00fcn\u00fc \u0130stanbul\u2019a geldi\u011fimizde, e\u015fim ve iki o\u011flumla birlikte seyahat ettik ve ayn\u0131 zamanda \u0130stanbul\u2019da Paskalya tatilimizi biraz uzatarak keyifli bir hafta sonu ge\u00e7irmeyi planlad\u0131k. T\u00fcrk Hava Yollar\u0131 ile Z\u00fcrich\u2019ten \u0130stanbul\u2019a yakla\u015f\u0131k \u00fc\u00e7 saatlik bir u\u00e7u\u015f ger\u00e7ekle\u015ftirdik. U\u00e7u\u015f olduk\u00e7a rahatt\u0131, koltuklar\u0131m\u0131z yan yana s\u0131ralanm\u0131\u015ft\u0131 ve ak\u015fam yeme\u011fi de gayet lezzetliydi. Var\u0131\u015f\u0131m\u0131zda, \u00e7ok nazik bir kad\u0131n taraf\u0131ndan kar\u015f\u0131land\u0131k ve bizi do\u011frudan ilk tedavi i\u00e7in klini\u011fe g\u00f6t\u00fcrd\u00fc.   <\/p>\n\n\n\n<p>Tedavimden sonra, \u00f6n\u00fcm\u00fczdeki g\u00fcnlerde kendimize zaman ay\u0131rd\u0131k. Bunu f\u0131rsat bilerek \u0130stanbul&#8217;daki g\u00fczel turistik yerleri gezdik. Taksim Meydan\u0131&#8217;ndan ba\u015flay\u0131p her k\u00f6\u015fesini ke\u015ffettik, muazzam Sultanahmet Camii&#8217;sine girdik, Grand Bazaar&#8217;da harika bir al\u0131\u015fveri\u015f turu yapt\u0131k ve Galata Kulesi&#8217;nde \u0130stanbul&#8217;un gece manzaras\u0131n\u0131n tad\u0131n\u0131 \u00e7\u0131kard\u0131k. T\u00fcrk mutfa\u011f\u0131ndan \u00f6zellikle tatl\u0131lar\u0131na bay\u0131ld\u0131k, inan\u0131lmaz tatl\u0131 ve lezzetliydiler. Klinik yak\u0131nlar\u0131ndaki otel olduk\u00e7a tatmin ediciydi ve \u00f6zellikle lezzetli kahvalt\u0131s\u0131yla memnun kald\u0131k. G\u00fcnler h\u0131zla ge\u00e7ti ve son g\u00fcn, d\u00f6n\u00fc\u015f zaman\u0131 geldi. D\u00f6nmeden \u00f6nce \u0130stanbul&#8217;da son tedavimi de ger\u00e7ekle\u015ftirdim.      <\/p>\n\n\n\n<p>G\u00fcl\u00fcmseyerek klini\u011fi terk ettim ve bizi bekleyen taksi, klinik taraf\u0131ndan nazik\u00e7e organize edilmi\u015fti. D\u00f6n\u00fc\u015f u\u00e7u\u015fu, hafif t\u00fcrb\u00fclanslar olsa da, yine de olduk\u00e7a rahatt\u0131. \u0130stanbul tatilimiz b\u00f6ylece sona erdi. Tedavim hala devam etmekte olsa da, \u0130stanbul&#8217;daki en b\u00fcy\u00fck m\u00fcdahaleler ba\u015far\u0131yla tamamlanm\u0131\u015ft\u0131.  <\/p>\n\n\n\n<p>\u00c7ok olumlu deneyimlerle \u0130stanbul&#8217;daki harika an\u0131lara geri d\u00f6n\u00fcyorum. Genel olarak, otel, klinik, doktorum, MedicalTravel ve onlar\u0131n organizasyonu ve planlamas\u0131ndan son derece memnun kald\u0131m ve ger\u00e7ekten herkese tavsiye ediyorum. Doktoruma ve MedicalTravel\u2019a t\u00fcm yard\u0131m ve tedaviler i\u00e7in \u00e7ok te\u015fekk\u00fcr ederim.  <\/p>\n\n\n\n<p>Silvija Yusufi<\/p>\n\n\n\n<p>18 Nisan 2021<\/p>\n\n\n\n<div class=\"wp-block-group is-layout-grid wp-container-core-group-is-layout-baef362d wp-block-group-is-layout-grid\">\n<p><a href=\"https:\/\/medicaltravel.at\/home\/agb\/\" data-type=\"page\" data-id=\"2191\" rel=\"nofollow noopener\" target=\"_blank\"><\/a><a href=\"https:\/\/medicaltravel.ch\/tr\/hasta-raporlari\/referanslar-tavsiyeler-tedaviler-degerlendirmeler-turkiye-istanbul\/istanbul-tuerkiyede-liposuction-tavsiyesi\/\" data-type=\"link\" data-id=\"https:\/\/medicaltravel.ch\/tr\/hasta-raporlari\/referanslar-tavsiyeler-tedaviler-degerlendirmeler-turkiye-istanbul\/istanbul-tuerkiyede-liposuction-tavsiyesi\/\">\u00d6nceki rapor<\/a><\/p>\n\n\n\n<p class=\"has-text-align-right wp-container-content-5e2576f9\"><a href=\"https:\/\/medicaltravel.at\/home\/impressum\/\" data-type=\"page\" data-id=\"2193\" rel=\"nofollow noopener\" target=\"_blank\"><\/a><a href=\"https:\/\/medicaltravel.at\/home\/berichte-von-patienten\/erfahrungsberichte\/erfahrungsbericht-zahnbehandlung-in-istanbul\/\" data-type=\"page\" data-id=\"981\" rel=\"nofollow noopener\" target=\"_blank\"><\/a><a href=\"https:\/\/medicaltravel.ch\/tr\/hasta-raporlari\/referanslar-tavsiyeler-tedaviler-degerlendirmeler-turkiye-istanbul\/hasta-raporu-istanbul-tuerkiyede-meme-ameliyati\/\" data-type=\"link\" data-id=\"https:\/\/medicaltravel.ch\/tr\/hasta-raporlari\/referanslar-tavsiyeler-tedaviler-degerlendirmeler-turkiye-istanbul\/hasta-raporu-istanbul-tuerkiyede-meme-ameliyati\/\">Bir sonraki rapor<\/a><\/p>\n<\/div>\n","protected":false},"excerpt":{"rendered":"<p>\u0130STANBUL&#8217;DAK\u0130 D\u0130\u015e TEDAV\u0130MLE \u0130LG\u0130L\u0130 DENEY\u0130M\u0130M MedicalTravel, tan\u0131ma f\u0131rsat\u0131 buldu\u011fum \u00e7ok cazip bir \u015firket. \u0130stanbul ve \u0130svi\u00e7re&#8217;deki \u015fubeleriyle tedavi s\u00fcreci daha ilgin\u00e7 ve tabii ki daha g\u00fcvenli hale geldi. Bu, MedicalTravel ile yapt\u0131\u011f\u0131m ikinci tedavimdi ve \u015fimdi \u00e7ok fazla deneyim kazand\u0131m. En b\u00fcy\u00fck o\u011flum sayesinde sizinle tan\u0131\u015ft\u0131k. \u00dc\u00e7 y\u0131l \u00f6nce g\u00f6z lazeri tedavisiyle ilgilenmeye ba\u015flad\u0131 ve internette ara\u015ft\u0131rma yaparak daha uygun fiyatl\u0131 ancak kaliteli bir tedavi aray\u0131\u015f\u0131na girdi. B\u00f6ylece MedicalTravel ile kar\u015f\u0131la\u015ft\u0131 ve hemen bize de bahsetti. Ba\u015flang\u0131\u00e7ta biraz \u015f\u00fcpheliydik ama giderek daha \u00e7ok ikna olduk, \u00f6zellikle de ilgili \u00e7al\u0131\u015fanlarla ileti\u015fime ge\u00e7tikten sonra. G\u00f6r\u00fc\u015fmelerin ard\u0131ndan ben ve o\u011flum, \u0130stanbul&#8217;da miyopi tedavisi i\u00e7in g\u00f6z lazeri tedavisini rezervasyon yapt\u0131k. May\u0131s 2018&#8217;de Cuma g\u00fcn\u00fc seyahat ettik, Cumartesi g\u00fcn\u00fc tedavi olduk ve Pazar g\u00fcn\u00fc geri d\u00f6nd\u00fck. Olduk\u00e7a k\u0131sa bir s\u00fcreydi ama miyopimiz d\u00fczeltildi. Bug\u00fcn hala \u00e7ok memnunuz ve ayn\u0131 sorunlar\u0131 ya\u015fayan ailemize de hemen tavsiye ettik. O zamanlar bile MedicalTravel\u2019\u0131n fiyat\/performans oran\u0131ndan \u00e7ok etkilenmi\u015ftik ve bu nedenle g\u00fcvenimiz b\u00fcy\u00fck oldu. Ayr\u0131ca di\u015flerimde de problemlerim vard\u0131 \u00e7\u00fcnk\u00fc paradontitis (di\u015f eti hastal\u0131\u011f\u0131) ile m\u00fccadele ediyorum. Daha \u00f6nceki ileti\u015fimimde Say\u0131n Serdar Kara ile tan\u0131\u015ft\u0131\u011f\u0131m i\u00e7in, bu sefer di\u015f problemlerim nedeniyle ona ba\u015fvurdum. K\u0131sa s\u00fcre sonra \u0130svi\u00e7re&#8217;de bir \u00f6n muayene i\u00e7in randevu ald\u0131m ve t\u00fcm olas\u0131l\u0131klar\u0131 g\u00f6r\u00fc\u015fmek i\u00e7in bir g\u00f6r\u00fc\u015fme yap\u0131ld\u0131. \u0130svi\u00e7re ve T\u00fcrkiye aras\u0131nda s\u00fcrekli gidip gelen doktordan ald\u0131\u011f\u0131m\u0131z tavsiyeye g\u00f6re, hastal\u0131\u011f\u0131m\u0131 en iyi \u015fekilde tedavi edebilmek i\u00e7in daha uzun bir zaman diliminde, bireysel bir di\u015f tedavisi planlad\u0131k. Gereken basit kontroller ve tedaviler \u0130svi\u00e7re&#8217;de daha avantajl\u0131 bir \u015fekilde yap\u0131labiliyordu. Daha b\u00fcy\u00fck m\u00fcdahaleler ve di\u015f implantlar\u0131 ise \u0130stanbul&#8217;da planland\u0131. Randevu g\u00fcn\u00fc \u0130stanbul\u2019a geldi\u011fimizde, e\u015fim ve iki o\u011flumla birlikte seyahat ettik ve ayn\u0131 zamanda \u0130stanbul\u2019da Paskalya tatilimizi biraz uzatarak keyifli bir hafta sonu ge\u00e7irmeyi planlad\u0131k. T\u00fcrk Hava Yollar\u0131 ile Z\u00fcrich\u2019ten \u0130stanbul\u2019a yakla\u015f\u0131k \u00fc\u00e7 saatlik bir u\u00e7u\u015f ger\u00e7ekle\u015ftirdik. U\u00e7u\u015f olduk\u00e7a rahatt\u0131, koltuklar\u0131m\u0131z yan yana s\u0131ralanm\u0131\u015ft\u0131 ve ak\u015fam yeme\u011fi de gayet lezzetliydi. Var\u0131\u015f\u0131m\u0131zda, \u00e7ok nazik bir kad\u0131n taraf\u0131ndan kar\u015f\u0131land\u0131k ve bizi do\u011frudan ilk tedavi i\u00e7in klini\u011fe g\u00f6t\u00fcrd\u00fc. Tedavimden sonra, \u00f6n\u00fcm\u00fczdeki g\u00fcnlerde kendimize zaman ay\u0131rd\u0131k. Bunu f\u0131rsat bilerek \u0130stanbul&#8217;daki g\u00fczel turistik yerleri gezdik. Taksim Meydan\u0131&#8217;ndan ba\u015flay\u0131p her k\u00f6\u015fesini ke\u015ffettik, muazzam Sultanahmet Camii&#8217;sine girdik, Grand Bazaar&#8217;da harika bir al\u0131\u015fveri\u015f turu yapt\u0131k ve Galata Kulesi&#8217;nde \u0130stanbul&#8217;un gece manzaras\u0131n\u0131n tad\u0131n\u0131 \u00e7\u0131kard\u0131k. T\u00fcrk mutfa\u011f\u0131ndan \u00f6zellikle tatl\u0131lar\u0131na bay\u0131ld\u0131k, inan\u0131lmaz tatl\u0131 ve lezzetliydiler. Klinik yak\u0131nlar\u0131ndaki otel olduk\u00e7a tatmin ediciydi ve \u00f6zellikle lezzetli kahvalt\u0131s\u0131yla memnun kald\u0131k. G\u00fcnler h\u0131zla ge\u00e7ti ve son g\u00fcn, d\u00f6n\u00fc\u015f zaman\u0131 geldi. D\u00f6nmeden \u00f6nce \u0130stanbul&#8217;da son tedavimi de ger\u00e7ekle\u015ftirdim. G\u00fcl\u00fcmseyerek klini\u011fi terk ettim ve bizi bekleyen taksi, klinik taraf\u0131ndan nazik\u00e7e organize edilmi\u015fti. D\u00f6n\u00fc\u015f u\u00e7u\u015fu, hafif t\u00fcrb\u00fclanslar olsa da, yine de olduk\u00e7a rahatt\u0131. \u0130stanbul tatilimiz b\u00f6ylece sona erdi. Tedavim hala devam etmekte olsa da, \u0130stanbul&#8217;daki en b\u00fcy\u00fck m\u00fcdahaleler ba\u015far\u0131yla tamamlanm\u0131\u015ft\u0131. \u00c7ok olumlu deneyimlerle \u0130stanbul&#8217;daki harika an\u0131lara geri d\u00f6n\u00fcyorum. Genel olarak, otel, klinik, doktorum, MedicalTravel ve onlar\u0131n organizasyonu ve planlamas\u0131ndan son derece memnun kald\u0131m ve ger\u00e7ekten herkese tavsiye ediyorum. Doktoruma ve MedicalTravel\u2019a t\u00fcm yard\u0131m ve tedaviler i\u00e7in \u00e7ok te\u015fekk\u00fcr ederim. Silvija Yusufi 18 Nisan 2021 \u00d6nceki rapor Bir sonraki rapor<\/p>\n","protected":false},"author":4,"featured_media":0,"parent":4587,"menu_order":0,"comment_status":"closed","ping_status":"closed","template":"","meta":{"_joinchat":[],"footnotes":""},"class_list":["post-4723","page","type-page","status-publish","hentry"],"acf":[],"_links":{"self":[{"href":"https:\/\/medicaltravel.ch\/tr\/wp-json\/wp\/v2\/pages\/4723","targetHints":{"allow":["GET"]}}],"collection":[{"href":"https:\/\/medicaltravel.ch\/tr\/wp-json\/wp\/v2\/pages"}],"about":[{"href":"https:\/\/medicaltravel.ch\/tr\/wp-json\/wp\/v2\/types\/page"}],"author":[{"embeddable":true,"href":"https:\/\/medicaltravel.ch\/tr\/wp-json\/wp\/v2\/users\/4"}],"replies":[{"embeddable":true,"href":"https:\/\/medicaltravel.ch\/tr\/wp-json\/wp\/v2\/comments?post=4723"}],"version-history":[{"count":0,"href":"https:\/\/medicaltravel.ch\/tr\/wp-json\/wp\/v2\/pages\/4723\/revisions"}],"up":[{"embeddable":true,"href":"https:\/\/medicaltravel.ch\/tr\/wp-json\/wp\/v2\/pages\/4587"}],"wp:attachment":[{"href":"https:\/\/medicaltravel.ch\/tr\/wp-json\/wp\/v2\/media?parent=4723"}],"curies":[{"name":"wp","href":"https:\/\/api.w.org\/{rel}","templated":true}]}}