{"id":4725,"date":"2025-09-23T17:15:10","date_gmt":"2025-09-23T16:15:10","guid":{"rendered":"https:\/\/medicaltravel.ch\/hasta-raporlari\/erfahrungsberichte-empfehlungen-behandlungen-beurteilung-tuerkei-istanbul\/istanbulda-sac-ekimi-deneyimim\/"},"modified":"2026-01-12T18:57:38","modified_gmt":"2026-01-12T17:57:38","slug":"istanbulda-sac-ekimi-deneyimim","status":"publish","type":"page","link":"https:\/\/medicaltravel.ch\/tr\/hasta-raporlari\/referanslar-tavsiyeler-tedaviler-degerlendirmeler-turkiye-istanbul\/istanbulda-sac-ekimi-deneyimim\/","title":{"rendered":"\u0130stanbul&#8217;da sa\u00e7 ekimi deneyimim"},"content":{"rendered":"\n<p>\u0130stanbul&#8217;daki sa\u00e7 ekimi deneyimim \u2013 9 \u015eubat 2018 Cuma tarihli raporum<\/p>\n\n\n\n<p>Yakla\u015f\u0131k 3-4 y\u0131ld\u0131r sa\u00e7 ekimiyle ilgileniyorum. \u0130nternette \u00e7ok ara\u015ft\u0131rma yapt\u0131m ve konuyla ilgili iyi bir \u015fekilde bilgi edindim. <\/p>\n\n\n\n<p>Yakla\u015f\u0131k 2 y\u0131l \u00f6nce bu ad\u0131m\u0131 atmaya karar verdim ve Z\u00fcrich&#8217;teki bir klinikte dan\u0131\u015fmanl\u0131k g\u00f6r\u00fc\u015fmesine gittim. Burada bana 3000 greft i\u00e7in 13.000 CHF teklif edildi, bu da beni biraz \u015fok etti. \u0130svi\u00e7re&#8217;deki di\u011fer sa\u011flay\u0131c\u0131lara da sa\u00e7lar\u0131mdan foto\u011fraflar g\u00f6ndererek teklif ald\u0131m, ancak burada da fiyatlar 18.000 CHF&#8217;ye kadar \u00e7\u0131k\u0131yordu. Art\u0131k benim i\u00e7in a\u00e7\u0131k\u00e7a belli oldu ki, \u0130svi\u00e7re&#8217;de bir sa\u00e7 ekimi yapt\u0131rmak m\u00fcmk\u00fcn de\u011fildi.   <\/p>\n\n\n\n<p>Tabii ki, internette T\u00fcrkiye&#8217;deki sa\u00e7 ekimleri hakk\u0131nda da \u00e7ok ara\u015ft\u0131rma yapt\u0131m, ancak her zaman biraz \u015f\u00fcpheciydim. Hep, belki T\u00fcrkiye&#8217;de sa\u00e7 ekimi yapt\u0131rm\u0131\u015f biriyle kar\u015f\u0131la\u015fmay\u0131 bekledim, bana g\u00fcvenilir bir klinik \u00f6nerebilir diye d\u00fc\u015f\u00fcnd\u00fcm. <\/p>\n\n\n\n<p>Bir g\u00fcn i\u015fyerimde 20 Minuten gazetesindeki Medical Travel&#8217;in ilan\u0131n\u0131 g\u00f6rd\u00fcm. Hemen ilgimi \u00e7ekti \u00e7\u00fcnk\u00fc arkas\u0131nda bir \u0130svi\u00e7reli \u015firketin oldu\u011funu biliyordum. \u0130ki i\u015f arkada\u015f\u0131mla birlikte hemen Medical Travel ile ileti\u015fime ge\u00e7tik. Sa\u00e7lar\u0131m\u0131z\u0131n foto\u011fraflar\u0131n\u0131 g\u00f6nderdik ve \u00e7ok h\u0131zl\u0131 bir \u015fekilde bize geri d\u00f6n\u00fcld\u00fc, \u00f6neriler ve teklif (\u0130svi\u00e7re&#8217;deki fiyat\u0131n 5 kat\u0131 daha d\u00fc\u015f\u00fck) ald\u0131k. G\u00fcvenlik a\u00e7\u0131s\u0131ndan, Zug&#8217;da \u00fccretsiz bir dan\u0131\u015fmanl\u0131k randevusuna gittik ve burada T\u00fcrkiye&#8217;deki klinikten bir doktorla da tan\u0131\u015fma f\u0131rsat\u0131m\u0131z oldu. O andan itibaren, sa\u00e7 ekimi yapt\u0131rmaya kesin olarak karar vermi\u015ftim.     <\/p>\n\n\n\n<p>Pazar, 22 Ocak 2018&#8217;de T\u00fcrk Hava Yollar\u0131 ile i\u015f arkada\u015f\u0131mla birlikte \u0130stanbul&#8217;a u\u00e7tum. Havaalan\u0131na vard\u0131\u011f\u0131m\u0131zda, Ac\u0131badem ekibi, havaalan\u0131nda kendi stand\u0131na sahip oldu\u011fu i\u00e7in bizi hemen kar\u015f\u0131lad\u0131. Oradan direkt olarak Levent Otel&#8217;e gittik. Ertesi g\u00fcn, bizi bir \u015fof\u00f6r alarak klini\u011fe g\u00f6t\u00fcrd\u00fc. Klinik olduk\u00e7a temiz ve son derece modern g\u00f6r\u00fcn\u00fcyordu. Burada \u00e7ok nazik bir Almanca terc\u00fcman taraf\u0131ndan kar\u015f\u0131land\u0131k. Terc\u00fcman\u0131m\u0131z, tedavi s\u00fcrecimiz boyunca bize e\u015flik etti ve \u00e7ok nazik ve bilgilendirici tav\u0131rlar\u0131 sayesinde kendimi her zaman g\u00fcvende hissettim.      <\/p>\n\n\n\n<p>\u0130lk g\u00fcn PRP tedavisini ger\u00e7ekle\u015ftirdik, doktor, \u0130svi\u00e7re&#8217;deki dan\u0131\u015fmanl\u0131k g\u00f6r\u00fc\u015fmesinde de bulunan ayn\u0131 doktordu. Ertesi g\u00fcn, sa\u00e7 ekimi i\u015flemi yap\u0131lmaya ba\u015fland\u0131. Yakla\u015f\u0131k 5 saat s\u00fcren i\u015flem \u00e7ok ba\u015far\u0131l\u0131 ve \u00f6zellikle ger\u00e7ekten a\u011fr\u0131s\u0131z bir \u015fekilde tamamland\u0131. Bana 3600 greft nakledildi. Tedavi s\u0131ras\u0131nda neredeyse uyuyakald\u0131m \u00e7\u00fcnk\u00fc hi\u00e7 a\u011fr\u0131 hissetmedim. Ameliyat bitince \u00e7ok iyi hissettim. \u00dc\u00e7\u00fcnc\u00fc g\u00fcn tekrar kontrol i\u00e7in gittik ve bandaj\u0131m\u0131z de\u011fi\u015ftirildi. Ak\u015fam ise geri u\u00e7u\u015fumuzla \u0130stanbul&#8217;dan ayr\u0131ld\u0131k.       <\/p>\n\n\n\n<p>\u015eimdi, evde 10 g\u00fcn daha dinlendim ve sonras\u0131nda hi\u00e7 a\u011fr\u0131 hissetmedim. O g\u00fcnden sonra, s\u00fcrekli olarak Almanca konu\u015fan seyahat rehberimle WhatsApp \u00fczerinden ileti\u015fimde kald\u0131m; ona sa\u00e7lar\u0131m\u0131n foto\u011fraflar\u0131n\u0131 g\u00f6nderiyor ve o da bana tavsiyelerde bulunup ilerleyen s\u00fcre\u00e7 hakk\u0131nda bilgi veriyordu. \u015eu an, operasyonun \u00fczerinden 2 hafta ge\u00e7ti ve kendimi \u00e7ok iyi hissediyorum. Art\u0131k insanlar\u0131n aras\u0131na rahat\u00e7a \u00e7\u0131kabilirim \u00e7\u00fcnk\u00fc sadece biraz k\u0131zar\u0131kl\u0131k d\u0131\u015f\u0131nda, operasyonla ilgili hi\u00e7bir iz kalmad\u0131. Sonu\u00e7 hakk\u0131nda hen\u00fcz \u00e7ok \u015fey s\u00f6yleyemem \u00e7\u00fcnk\u00fc sonu\u00e7lar birka\u00e7 ay i\u00e7inde belli olacak, fakat i\u00e7imde \u00e7ok iyi bir his var ve %100 eminim ki harika g\u00f6r\u00fcnecek.   <\/p>\n\n\n\n<p>K\u0131sacas\u0131, t\u00fcm seyahat s\u00fcrecinden ger\u00e7ekten \u00e7ok memnunum ve bunu i\u00e7im rahat bir \u015fekilde herkese tavsiye edebilirim. Klinik ve otel ger\u00e7ekten \u00e7ok iyiydi, ve t\u00fcm seyahat, al\u0131nan hizmetler ve seyahat rehberli\u011fi m\u00fckemmel \u015fekilde organize edilmi\u015fti. <\/p>\n\n\n\n<p>Karars\u0131z kalanlar i\u00e7in tavsiyem: \u0130lk olarak ba\u011flay\u0131c\u0131 olmayan bir teklif alman\u0131z, ard\u0131ndan doktorla bir dan\u0131\u015fmanl\u0131k g\u00f6r\u00fc\u015fmesine kat\u0131lman\u0131z ve sonras\u0131nda hi\u00e7bir \u015f\u00fcpheniz kalmamal\u0131d\u0131r. \u0130stanbul&#8217;da 3 gece yeterli olur, ancak ben yine de evde bir hafta daha kalman\u0131z\u0131 \u00f6neririm. E\u011fer benim gibi her \u015feyi MedicalTravel \u00fczerinden rezerve edip \u00f6derseniz, \u0130stanbul&#8217;da 3-4 g\u00fcn boyunca yemek masraflar\u0131n\u0131z i\u00e7in yakla\u015f\u0131k 100 Euro gayet yeterli olur.  <\/p>\n\n\n\n<p>Pascal B. 07.02.2018<\/p>\n\n\n\n<div class=\"wp-block-group is-layout-grid wp-container-core-group-is-layout-baef362d wp-block-group-is-layout-grid\">\n<p><a href=\"https:\/\/medicaltravel.at\/home\/agb\/\" data-type=\"page\" data-id=\"2191\" rel=\"nofollow noopener\" target=\"_blank\"><\/a><a href=\"https:\/\/medicaltravel.ch\/tr\/hasta-raporlari\/referanslar-tavsiyeler-tedaviler-degerlendirmeler-turkiye-istanbul\/aci-gecer-sonuc-kalir\/\" data-type=\"link\" data-id=\"https:\/\/medicaltravel.ch\/tr\/hasta-raporlari\/referanslar-tavsiyeler-tedaviler-degerlendirmeler-turkiye-istanbul\/aci-gecer-sonuc-kalir\/\">\u00d6nceki rapor<\/a><\/p>\n\n\n\n<p class=\"has-text-align-right wp-container-content-5e2576f9\"><a href=\"https:\/\/medicaltravel.at\/home\/impressum\/\" data-type=\"page\" data-id=\"2193\" rel=\"nofollow noopener\" target=\"_blank\"><\/a><a href=\"https:\/\/medicaltravel.at\/home\/berichte-von-patienten\/erfahrungsberichte\/erfahrungsbericht-zahnbehandlung-in-istanbul\/\" data-type=\"page\" data-id=\"981\" rel=\"nofollow noopener\" target=\"_blank\"><\/a><a href=\"https:\/\/medicaltravel.ch\/tr\/hasta-raporlari\/referanslar-tavsiyeler-tedaviler-degerlendirmeler-turkiye-istanbul\/istanbuldaki-kaplama-disler-sayesinde-sonunda-yeniden-gueluemsueyorum\/\" data-type=\"link\" data-id=\"https:\/\/medicaltravel.ch\/tr\/hasta-raporlari\/referanslar-tavsiyeler-tedaviler-degerlendirmeler-turkiye-istanbul\/istanbuldaki-kaplama-disler-sayesinde-sonunda-yeniden-gueluemsueyorum\/\">Bir sonraki rapor<\/a><\/p>\n<\/div>\n","protected":false},"excerpt":{"rendered":"<p>\u0130stanbul&#8217;daki sa\u00e7 ekimi deneyimim \u2013 9 \u015eubat 2018 Cuma tarihli raporum Yakla\u015f\u0131k 3-4 y\u0131ld\u0131r sa\u00e7 ekimiyle ilgileniyorum. \u0130nternette \u00e7ok ara\u015ft\u0131rma yapt\u0131m ve konuyla ilgili iyi bir \u015fekilde bilgi edindim. Yakla\u015f\u0131k 2 y\u0131l \u00f6nce bu ad\u0131m\u0131 atmaya karar verdim ve Z\u00fcrich&#8217;teki bir klinikte dan\u0131\u015fmanl\u0131k g\u00f6r\u00fc\u015fmesine gittim. Burada bana 3000 greft i\u00e7in 13.000 CHF teklif edildi, bu da beni biraz \u015fok etti. \u0130svi\u00e7re&#8217;deki di\u011fer sa\u011flay\u0131c\u0131lara da sa\u00e7lar\u0131mdan foto\u011fraflar g\u00f6ndererek teklif ald\u0131m, ancak burada da fiyatlar 18.000 CHF&#8217;ye kadar \u00e7\u0131k\u0131yordu. Art\u0131k benim i\u00e7in a\u00e7\u0131k\u00e7a belli oldu ki, \u0130svi\u00e7re&#8217;de bir sa\u00e7 ekimi yapt\u0131rmak m\u00fcmk\u00fcn de\u011fildi. Tabii ki, internette T\u00fcrkiye&#8217;deki sa\u00e7 ekimleri hakk\u0131nda da \u00e7ok ara\u015ft\u0131rma yapt\u0131m, ancak her zaman biraz \u015f\u00fcpheciydim. Hep, belki T\u00fcrkiye&#8217;de sa\u00e7 ekimi yapt\u0131rm\u0131\u015f biriyle kar\u015f\u0131la\u015fmay\u0131 bekledim, bana g\u00fcvenilir bir klinik \u00f6nerebilir diye d\u00fc\u015f\u00fcnd\u00fcm. Bir g\u00fcn i\u015fyerimde 20 Minuten gazetesindeki Medical Travel&#8217;in ilan\u0131n\u0131 g\u00f6rd\u00fcm. Hemen ilgimi \u00e7ekti \u00e7\u00fcnk\u00fc arkas\u0131nda bir \u0130svi\u00e7reli \u015firketin oldu\u011funu biliyordum. \u0130ki i\u015f arkada\u015f\u0131mla birlikte hemen Medical Travel ile ileti\u015fime ge\u00e7tik. Sa\u00e7lar\u0131m\u0131z\u0131n foto\u011fraflar\u0131n\u0131 g\u00f6nderdik ve \u00e7ok h\u0131zl\u0131 bir \u015fekilde bize geri d\u00f6n\u00fcld\u00fc, \u00f6neriler ve teklif (\u0130svi\u00e7re&#8217;deki fiyat\u0131n 5 kat\u0131 daha d\u00fc\u015f\u00fck) ald\u0131k. G\u00fcvenlik a\u00e7\u0131s\u0131ndan, Zug&#8217;da \u00fccretsiz bir dan\u0131\u015fmanl\u0131k randevusuna gittik ve burada T\u00fcrkiye&#8217;deki klinikten bir doktorla da tan\u0131\u015fma f\u0131rsat\u0131m\u0131z oldu. O andan itibaren, sa\u00e7 ekimi yapt\u0131rmaya kesin olarak karar vermi\u015ftim. Pazar, 22 Ocak 2018&#8217;de T\u00fcrk Hava Yollar\u0131 ile i\u015f arkada\u015f\u0131mla birlikte \u0130stanbul&#8217;a u\u00e7tum. Havaalan\u0131na vard\u0131\u011f\u0131m\u0131zda, Ac\u0131badem ekibi, havaalan\u0131nda kendi stand\u0131na sahip oldu\u011fu i\u00e7in bizi hemen kar\u015f\u0131lad\u0131. Oradan direkt olarak Levent Otel&#8217;e gittik. Ertesi g\u00fcn, bizi bir \u015fof\u00f6r alarak klini\u011fe g\u00f6t\u00fcrd\u00fc. Klinik olduk\u00e7a temiz ve son derece modern g\u00f6r\u00fcn\u00fcyordu. Burada \u00e7ok nazik bir Almanca terc\u00fcman taraf\u0131ndan kar\u015f\u0131land\u0131k. Terc\u00fcman\u0131m\u0131z, tedavi s\u00fcrecimiz boyunca bize e\u015flik etti ve \u00e7ok nazik ve bilgilendirici tav\u0131rlar\u0131 sayesinde kendimi her zaman g\u00fcvende hissettim. \u0130lk g\u00fcn PRP tedavisini ger\u00e7ekle\u015ftirdik, doktor, \u0130svi\u00e7re&#8217;deki dan\u0131\u015fmanl\u0131k g\u00f6r\u00fc\u015fmesinde de bulunan ayn\u0131 doktordu. Ertesi g\u00fcn, sa\u00e7 ekimi i\u015flemi yap\u0131lmaya ba\u015fland\u0131. Yakla\u015f\u0131k 5 saat s\u00fcren i\u015flem \u00e7ok ba\u015far\u0131l\u0131 ve \u00f6zellikle ger\u00e7ekten a\u011fr\u0131s\u0131z bir \u015fekilde tamamland\u0131. Bana 3600 greft nakledildi. Tedavi s\u0131ras\u0131nda neredeyse uyuyakald\u0131m \u00e7\u00fcnk\u00fc hi\u00e7 a\u011fr\u0131 hissetmedim. Ameliyat bitince \u00e7ok iyi hissettim. \u00dc\u00e7\u00fcnc\u00fc g\u00fcn tekrar kontrol i\u00e7in gittik ve bandaj\u0131m\u0131z de\u011fi\u015ftirildi. Ak\u015fam ise geri u\u00e7u\u015fumuzla \u0130stanbul&#8217;dan ayr\u0131ld\u0131k. \u015eimdi, evde 10 g\u00fcn daha dinlendim ve sonras\u0131nda hi\u00e7 a\u011fr\u0131 hissetmedim. O g\u00fcnden sonra, s\u00fcrekli olarak Almanca konu\u015fan seyahat rehberimle WhatsApp \u00fczerinden ileti\u015fimde kald\u0131m; ona sa\u00e7lar\u0131m\u0131n foto\u011fraflar\u0131n\u0131 g\u00f6nderiyor ve o da bana tavsiyelerde bulunup ilerleyen s\u00fcre\u00e7 hakk\u0131nda bilgi veriyordu. \u015eu an, operasyonun \u00fczerinden 2 hafta ge\u00e7ti ve kendimi \u00e7ok iyi hissediyorum. Art\u0131k insanlar\u0131n aras\u0131na rahat\u00e7a \u00e7\u0131kabilirim \u00e7\u00fcnk\u00fc sadece biraz k\u0131zar\u0131kl\u0131k d\u0131\u015f\u0131nda, operasyonla ilgili hi\u00e7bir iz kalmad\u0131. Sonu\u00e7 hakk\u0131nda hen\u00fcz \u00e7ok \u015fey s\u00f6yleyemem \u00e7\u00fcnk\u00fc sonu\u00e7lar birka\u00e7 ay i\u00e7inde belli olacak, fakat i\u00e7imde \u00e7ok iyi bir his var ve %100 eminim ki harika g\u00f6r\u00fcnecek. K\u0131sacas\u0131, t\u00fcm seyahat s\u00fcrecinden ger\u00e7ekten \u00e7ok memnunum ve bunu i\u00e7im rahat bir \u015fekilde herkese tavsiye edebilirim. Klinik ve otel ger\u00e7ekten \u00e7ok iyiydi, ve t\u00fcm seyahat, al\u0131nan hizmetler ve seyahat rehberli\u011fi m\u00fckemmel \u015fekilde organize edilmi\u015fti. Karars\u0131z kalanlar i\u00e7in tavsiyem: \u0130lk olarak ba\u011flay\u0131c\u0131 olmayan bir teklif alman\u0131z, ard\u0131ndan doktorla bir dan\u0131\u015fmanl\u0131k g\u00f6r\u00fc\u015fmesine kat\u0131lman\u0131z ve sonras\u0131nda hi\u00e7bir \u015f\u00fcpheniz kalmamal\u0131d\u0131r. \u0130stanbul&#8217;da 3 gece yeterli olur, ancak ben yine de evde bir hafta daha kalman\u0131z\u0131 \u00f6neririm. E\u011fer benim gibi her \u015feyi MedicalTravel \u00fczerinden rezerve edip \u00f6derseniz, \u0130stanbul&#8217;da 3-4 g\u00fcn boyunca yemek masraflar\u0131n\u0131z i\u00e7in yakla\u015f\u0131k 100 Euro gayet yeterli olur. Pascal B. 07.02.2018 \u00d6nceki rapor Bir sonraki rapor<\/p>\n","protected":false},"author":4,"featured_media":0,"parent":4587,"menu_order":0,"comment_status":"closed","ping_status":"closed","template":"","meta":{"_joinchat":[],"footnotes":""},"class_list":["post-4725","page","type-page","status-publish","hentry"],"acf":[],"_links":{"self":[{"href":"https:\/\/medicaltravel.ch\/tr\/wp-json\/wp\/v2\/pages\/4725","targetHints":{"allow":["GET"]}}],"collection":[{"href":"https:\/\/medicaltravel.ch\/tr\/wp-json\/wp\/v2\/pages"}],"about":[{"href":"https:\/\/medicaltravel.ch\/tr\/wp-json\/wp\/v2\/types\/page"}],"author":[{"embeddable":true,"href":"https:\/\/medicaltravel.ch\/tr\/wp-json\/wp\/v2\/users\/4"}],"replies":[{"embeddable":true,"href":"https:\/\/medicaltravel.ch\/tr\/wp-json\/wp\/v2\/comments?post=4725"}],"version-history":[{"count":0,"href":"https:\/\/medicaltravel.ch\/tr\/wp-json\/wp\/v2\/pages\/4725\/revisions"}],"up":[{"embeddable":true,"href":"https:\/\/medicaltravel.ch\/tr\/wp-json\/wp\/v2\/pages\/4587"}],"wp:attachment":[{"href":"https:\/\/medicaltravel.ch\/tr\/wp-json\/wp\/v2\/media?parent=4725"}],"curies":[{"name":"wp","href":"https:\/\/api.w.org\/{rel}","templated":true}]}}