{"id":4727,"date":"2025-09-23T17:20:56","date_gmt":"2025-09-23T16:20:56","guid":{"rendered":"https:\/\/medicaltravel.ch\/hasta-raporlari\/erfahrungsberichte-empfehlungen-behandlungen-beurteilung-tuerkei-istanbul\/yuez-bakimim-otolog-yag-alma-ve-peeling\/"},"modified":"2026-01-12T19:03:34","modified_gmt":"2026-01-12T18:03:34","slug":"yuez-bakimim-otolog-yag-alma-ve-peeling","status":"publish","type":"page","link":"https:\/\/medicaltravel.ch\/tr\/hasta-raporlari\/referanslar-tavsiyeler-tedaviler-degerlendirmeler-turkiye-istanbul\/yuez-bakimim-otolog-yag-alma-ve-peeling\/","title":{"rendered":"Y\u00fcz bak\u0131m\u0131m (otolog ya\u011f alma ve peeling)"},"content":{"rendered":"\n<p>Y\u00fcz bak\u0131m\u0131m (otolog ya\u011f transferi ve peeling) Ekim 2017 \u2013 24 Kas\u0131m 2017 Cuma tarihli rapor<\/p>\n\n\n\n<p>Y\u00fcz bak\u0131m\u0131m (otolog ya\u011f transferi ve peeling) Ekim 2017<\/p>\n\n\n\n<p>Umar\u0131m deneyim raporum, di\u011fer hastalar\u0131n do\u011fru karar\u0131 vermelerine yard\u0131mc\u0131 olur. Benim i\u00e7in de \u00e7ok faydal\u0131 olabilirdi, e\u011fer daha \u00f6nce y\u00fcz tedavisi yapt\u0131rm\u0131\u015f birini tan\u0131m\u0131\u015f olsayd\u0131m. Bu t\u00fcr deneyimleri payla\u015fmak ger\u00e7ekten \u00f6nemli, \u00e7\u00fcnk\u00fc ba\u015fkalar\u0131na rehberlik edebilir ve onlar\u0131 rahatlatabilir. <\/p>\n\n\n\n<p>74 ya\u015f\u0131nda bir kad\u0131n\u0131z ve uzun zamand\u0131r y\u00fcz\u00fcn\u00fczdeki k\u0131r\u0131\u015f\u0131kl\u0131klar sizi rahats\u0131z ediyordu. Bu nedenle bir \u00e7\u00f6z\u00fcm aray\u0131\u015f\u0131na girdiniz ve internet \u00fczerinden ara\u015ft\u0131rma yaparak MedicalTravel ile kar\u015f\u0131la\u015ft\u0131n\u0131z. Peki, tedavi s\u00fcreciniz nas\u0131l geli\u015fti?   <\/p>\n\n\n\n<p>\u0130stanbul Ac\u0131badem Hastanesi&#8217;nde otolog ya\u011f transferi ve peeling i\u00e7eren bir tedavi yapt\u0131rmaya karar verdim. Bu t\u00fcr tedaviler \u0130svi\u00e7re&#8217;de \u00e7ok pahal\u0131. <\/p>\n\n\n\n<p>Her \u015fey \u0130svi\u00e7re&#8217;deki bir kons\u00fcltasyonla ba\u015flad\u0131. Sorumlu doktor olan Dr. Tatlidede ile g\u00f6r\u00fc\u015fmek m\u00fcmk\u00fcnd\u00fc ve ameliyat\u0131 da o ger\u00e7ekle\u015ftirdi. Bu sayede kiminle muhatap oldu\u011funuzu biliyordunuz.  <\/p>\n\n\n\n<p>U\u00e7u\u015f ve otel rezervasyonumu MedicalTravel \u00fczerinden yapt\u0131m. Her \u015fey sorunsuz ge\u00e7ti ve gerekli t\u00fcm belgeleri, ayr\u0131nt\u0131l\u0131 a\u00e7\u0131klamalarla birlikte ald\u0131m. \u0130stanbul Havaalan\u0131&#8217;nda MedicalTravel \u00e7al\u0131\u015fanlar\u0131 taraf\u0131ndan bilgi noktas\u0131nda kar\u015f\u0131land\u0131m. Yaln\u0131z seyahat ediyordum ve bu y\u00fczden hemen bir muhatab\u0131m\u0131n olmas\u0131 beni \u00e7ok rahatlatt\u0131. Havaalan\u0131ndan otele taksiyle gittim.    <\/p>\n\n\n\n<p>Ertesi g\u00fcn sabah, Dr. \u00d6zt\u00fcrk Han\u0131m&#8217;da k\u00fc\u00e7\u00fck bir di\u015f tedavim vard\u0131.<\/p>\n\n\n\n<p>\u00d6\u011fleden sonra y\u00fcz tedavim i\u00e7in \u00f6n muayene yap\u0131ld\u0131. Ertesi g\u00fcn ise ameliyat oldum. Ameliyat s\u0131ras\u0131nda anestezi alt\u0131ndayd\u0131m, yani hi\u00e7bir \u015fey hissetmedim.  <\/p>\n\n\n\n<p>Kar\u0131n b\u00f6lgemden ya\u011f al\u0131nd\u0131 ve bu ya\u011f, k\u0131r\u0131\u015f\u0131kl\u0131klara enjekte edildi. Ameliyat \u00f6ncesinde bulundu\u011fum g\u00fczel odada, yine uyand\u0131m. Y\u00fcz\u00fcm biraz \u015fi\u015fmi\u015fti ve hafif\u00e7e gergindi. K\u0131r\u0131\u015f\u0131kl\u0131klar\u0131n neredeyse tamam\u0131 kaybolmu\u015ftu. Enjekte edilen ya\u011f\u0131n, ne yaz\u0131k ki yaln\u0131zca bir k\u0131sm\u0131 kalacakm\u0131\u015f, bana b\u00f6yle s\u00f6ylendi. Bu y\u00fczden, zamanla baz\u0131 k\u0131r\u0131\u015f\u0131kl\u0131klar tekrar ortaya \u00e7\u0131kmaya ba\u015flad\u0131.      <\/p>\n\n\n\n<p>Ameliyat sonras\u0131 kar\u0131n b\u00f6lgesinde bir bandaj\u0131m vard\u0131. \u00c7ok k\u00fc\u00e7\u00fck kesik yerleri ince bir \u015fekilde diki\u015fle kapat\u0131lm\u0131\u015ft\u0131. Kar\u0131n b\u00f6lgemde, baz\u0131 hareketlerde hafif bir \u00e7ekilme hissediyordum. K\u0131sa s\u00fcre sonra ise kar\u0131n b\u00f6lgemde ka\u015f\u0131nt\u0131 ba\u015flad\u0131. Yakla\u015f\u0131k 2 hafta sonra bu rahats\u0131zl\u0131klar tamamen ge\u00e7mi\u015ftir.    <\/p>\n\n\n\n<p>Ameliyat sonras\u0131 y\u00fcz\u00fcm biraz yara alm\u0131\u015f gibi g\u00f6r\u00fcn\u00fcyordu. Baz\u0131 i\u011fne izlerini kapatan \u015feffaf bandajlar vard\u0131. Ayr\u0131ca kanam\u0131\u015f b\u00f6lgeler de vard\u0131. Bu y\u00fczden neredeyse insan i\u00e7ine \u00e7\u0131kmaya cesaret edemedim.   <\/p>\n\n\n\n<p>Hastanede sabah operasyonum yap\u0131ld\u0131 ve ak\u015fam otele geri g\u00f6t\u00fcr\u00fcld\u00fcm. En az\u0131ndan bir gece hastanede kalmay\u0131 tercih ederdim. Kendimi g\u00fcvensiz hissettim \u00e7\u00fcnk\u00fc sonu\u00e7ta bir ameliyat ge\u00e7irmi\u015ftim. Olas\u0131 bir sorun ya\u015farsam, hastanede hemen yard\u0131m alabilece\u011fimi d\u00fc\u015f\u00fcn\u00fcyordum.    <\/p>\n\n\n\n<p>Otelden memnundum, ancak ke\u015fke hastaneye daha yak\u0131n olsayd\u0131. \u00c7\u00fcnk\u00fc \u0130stanbul&#8217;daki trafik ger\u00e7ekten felaket. Her seferinde taksiden inebildi\u011fimde rahatlad\u0131m. Taksilerdeki yolculuklar benim i\u00e7in olduk\u00e7a korkutucuydu.    <\/p>\n\n\n\n<p>Taksi hizmetinin her zaman organize edilmesi ve sanki bir kral gibi gidip gelmemiz ger\u00e7ekten ideald\u0131. Bu yolculuklar toplam fiyat\u0131n i\u00e7indeydi. <\/p>\n\n\n\n<p>Ameliyat\u0131n \u00fczerinden \u015fimdi 7 hafta ge\u00e7ti. Y\u00fcz\u00fcm daha iyi g\u00f6r\u00fcn\u00fcyor. Peeling sayesinde cildimdeki lekeler daha a\u00e7\u0131k hale geldi, baz\u0131lar\u0131 tamamen kayboldu. K\u0131sa s\u00fcre \u00f6nce burada, \u0130svi\u00e7re&#8217;de Zug&#8217;da bir kontrol muayenesi oldum. Doktor, bu ameliyat\u0131n bir tekrar\u0131n\u0131 \u00f6nerdi. Bu durumda, yeniden eklenen ya\u011f\u0131n yakla\u015f\u0131k %30&#8217;u kalacak ve y\u00fcz\u00fcmde elastikiyetin daha da artaca\u011f\u0131 s\u00f6ylendi. E\u011fer do\u011fru anlam\u0131\u015fsam, asl\u0131nda her zaman bir ikinci ameliyat gerekti\u011fi bana ba\u015flang\u0131\u00e7ta belirtilmemi\u015fti. Bu, \u0130svi\u00e7re&#8217;deki ilk de\u011ferlendirmede daha a\u00e7\u0131k bir \u015fekilde s\u00f6ylenmeliydi.     <\/p>\n\n\n\n<p>Eve d\u00f6nd\u00fc\u011f\u00fcmde \u2013 \u0130stanbul&#8217;da 5 gece kald\u0131m \u2013 y\u00fcz\u00fcm\u00fcn \u00e7e\u015fitli yerlerinden cilt soyulmaya ba\u015flad\u0131. San\u0131r\u0131m bu, peelingin bir sonucu olarak oldu. G\u00f6r\u00fcn\u00fc\u015f\u00fc olduk\u00e7a k\u00f6t\u00fcyd\u00fc, g\u00fcne\u015f yan\u0131\u011f\u0131 sonras\u0131 d\u00f6k\u00fclen ciltle benzer bir durumdu. Her \u015fey eski haline d\u00f6nene kadar 3 haftadan fazla bir s\u00fcre ge\u00e7ti.    <\/p>\n\n\n\n<p>Hastane \u00e7ok g\u00fczel, temiz, modern ve m\u00fckemmel bir \u015fekilde donat\u0131lm\u0131\u015ft\u0131&#8230; Doktorlar, hem\u015fireler ve t\u00fcm personel \u00e7ok dost\u00e7a ve yard\u0131mc\u0131yd\u0131. \u00c7o\u011fu \u0130ngilizce konu\u015fuyordu. Yine de, kendi dilimde kendimi daha iyi ifade edebilece\u011fimi d\u00fc\u015f\u00fcnd\u00fc\u011f\u00fcm i\u00e7in, Almanca terc\u00fcman\u0131m oldu\u011fu i\u00e7in \u00e7ok memnundum.   <\/p>\n\n\n\n<p>Evime d\u00f6nd\u00fc\u011f\u00fcmde, tan\u0131d\u0131klar\u0131m ve arkada\u015flar\u0131m\u0131n de\u011fi\u015fen g\u00f6r\u00fcn\u00fcm\u00fcm hakk\u0131nda bana soru soraca\u011f\u0131n\u0131 d\u00fc\u015f\u00fcnd\u00fcm. Neyse ki, b\u00f6yle bir durum ya\u015fanmad\u0131. Ben de zaten yabanc\u0131 bir \u015fekilde g\u00f6r\u00fcnmek de\u011fil, do\u011fal halimi korumak istemi\u015ftim. Beni daha \u00f6nce dikkatle incelemeyenler, muhtemelen cildimin daha p\u00fcr\u00fczs\u00fcz oldu\u011funu fark etmemi\u015ftir.   <\/p>\n\n\n\n<p>Bu arada, t\u00fcm organizasyon kusursuz bir \u015fekilde, her iki \u00fclkede de (\u0130svi\u00e7re ve T\u00fcrkiye) m\u00fckemmel bir \u015fekilde i\u015fledi.<\/p>\n\n\n\n<p>\u015eimdi, bir sonraki tedaviye ba\u015fvurup ba\u015fvurmam gerekti\u011fini ve ne zaman yapmam gerekti\u011fini d\u00fc\u015f\u00fcn\u00fcyorum. E\u011fer karar verirsem, ayn\u0131 zamanda bir g\u00f6z kapa\u011f\u0131 esteti\u011fi (lidstraffung) de yapt\u0131rmak istiyorum. <\/p>\n\n\n\n<p>Hastane, doktorlar, hem\u015fireler, organizasyon&#8230; Bunlar bana o kadar iyi bir izlenim b\u0131rakt\u0131 ki, bir sonraki ameliyat\u0131mda, ge\u00e7en seferden \u00e7ok daha fazla g\u00fcvenle &#8220;haz\u0131r&#8221; olaca\u011f\u0131m\u0131 d\u00fc\u015f\u00fcn\u00fcyorum. <\/p>\n\n\n\n<p>E\u011fer biri benden ki\u015fisel bilgi almak isterse, elbette MedicalTravel \u00fczerinden benimle ileti\u015fime ge\u00e7ebilir.<\/p>\n\n\n\n<p>Monika B.<\/p>\n\n\n\n<div class=\"wp-block-group is-layout-grid wp-container-core-group-is-layout-baef362d wp-block-group-is-layout-grid\">\n<p><a href=\"https:\/\/medicaltravel.at\/home\/agb\/\" data-type=\"page\" data-id=\"2191\" rel=\"nofollow noopener\" target=\"_blank\"><\/a><a href=\"https:\/\/medicaltravel.ch\/tr\/hasta-raporlari\/referanslar-tavsiyeler-tedaviler-degerlendirmeler-turkiye-istanbul\/istanbuldaki-meme-ameliyatim\/\" data-type=\"link\" data-id=\"https:\/\/medicaltravel.ch\/tr\/hasta-raporlari\/referanslar-tavsiyeler-tedaviler-degerlendirmeler-turkiye-istanbul\/istanbuldaki-meme-ameliyatim\/\">\u00d6nceki rapor<\/a><\/p>\n\n\n\n<p class=\"has-text-align-right wp-container-content-5e2576f9\"><a href=\"https:\/\/medicaltravel.at\/home\/impressum\/\" data-type=\"page\" data-id=\"2193\" rel=\"nofollow noopener\" target=\"_blank\"><\/a><a href=\"https:\/\/medicaltravel.at\/home\/berichte-von-patienten\/erfahrungsberichte\/erfahrungsbericht-zahnbehandlung-in-istanbul\/\" data-type=\"page\" data-id=\"981\" rel=\"nofollow noopener\" target=\"_blank\"><\/a><a href=\"https:\/\/medicaltravel.ch\/tr\/hasta-raporlari\/referanslar-tavsiyeler-tedaviler-degerlendirmeler-turkiye-istanbul\/disci-korkunuz-mu-var-istanbulda-unutun\/\" data-type=\"link\" data-id=\"https:\/\/medicaltravel.ch\/tr\/hasta-raporlari\/referanslar-tavsiyeler-tedaviler-degerlendirmeler-turkiye-istanbul\/disci-korkunuz-mu-var-istanbulda-unutun\/\">Bir sonraki rapor<\/a><\/p>\n<\/div>\n","protected":false},"excerpt":{"rendered":"<p>Y\u00fcz bak\u0131m\u0131m (otolog ya\u011f transferi ve peeling) Ekim 2017 \u2013 24 Kas\u0131m 2017 Cuma tarihli rapor Y\u00fcz bak\u0131m\u0131m (otolog ya\u011f transferi ve peeling) Ekim 2017 Umar\u0131m deneyim raporum, di\u011fer hastalar\u0131n do\u011fru karar\u0131 vermelerine yard\u0131mc\u0131 olur. Benim i\u00e7in de \u00e7ok faydal\u0131 olabilirdi, e\u011fer daha \u00f6nce y\u00fcz tedavisi yapt\u0131rm\u0131\u015f birini tan\u0131m\u0131\u015f olsayd\u0131m. Bu t\u00fcr deneyimleri payla\u015fmak ger\u00e7ekten \u00f6nemli, \u00e7\u00fcnk\u00fc ba\u015fkalar\u0131na rehberlik edebilir ve onlar\u0131 rahatlatabilir. 74 ya\u015f\u0131nda bir kad\u0131n\u0131z ve uzun zamand\u0131r y\u00fcz\u00fcn\u00fczdeki k\u0131r\u0131\u015f\u0131kl\u0131klar sizi rahats\u0131z ediyordu. Bu nedenle bir \u00e7\u00f6z\u00fcm aray\u0131\u015f\u0131na girdiniz ve internet \u00fczerinden ara\u015ft\u0131rma yaparak MedicalTravel ile kar\u015f\u0131la\u015ft\u0131n\u0131z. Peki, tedavi s\u00fcreciniz nas\u0131l geli\u015fti? \u0130stanbul Ac\u0131badem Hastanesi&#8217;nde otolog ya\u011f transferi ve peeling i\u00e7eren bir tedavi yapt\u0131rmaya karar verdim. Bu t\u00fcr tedaviler \u0130svi\u00e7re&#8217;de \u00e7ok pahal\u0131. Her \u015fey \u0130svi\u00e7re&#8217;deki bir kons\u00fcltasyonla ba\u015flad\u0131. Sorumlu doktor olan Dr. Tatlidede ile g\u00f6r\u00fc\u015fmek m\u00fcmk\u00fcnd\u00fc ve ameliyat\u0131 da o ger\u00e7ekle\u015ftirdi. Bu sayede kiminle muhatap oldu\u011funuzu biliyordunuz. U\u00e7u\u015f ve otel rezervasyonumu MedicalTravel \u00fczerinden yapt\u0131m. Her \u015fey sorunsuz ge\u00e7ti ve gerekli t\u00fcm belgeleri, ayr\u0131nt\u0131l\u0131 a\u00e7\u0131klamalarla birlikte ald\u0131m. \u0130stanbul Havaalan\u0131&#8217;nda MedicalTravel \u00e7al\u0131\u015fanlar\u0131 taraf\u0131ndan bilgi noktas\u0131nda kar\u015f\u0131land\u0131m. Yaln\u0131z seyahat ediyordum ve bu y\u00fczden hemen bir muhatab\u0131m\u0131n olmas\u0131 beni \u00e7ok rahatlatt\u0131. Havaalan\u0131ndan otele taksiyle gittim. Ertesi g\u00fcn sabah, Dr. \u00d6zt\u00fcrk Han\u0131m&#8217;da k\u00fc\u00e7\u00fck bir di\u015f tedavim vard\u0131. \u00d6\u011fleden sonra y\u00fcz tedavim i\u00e7in \u00f6n muayene yap\u0131ld\u0131. Ertesi g\u00fcn ise ameliyat oldum. Ameliyat s\u0131ras\u0131nda anestezi alt\u0131ndayd\u0131m, yani hi\u00e7bir \u015fey hissetmedim. Kar\u0131n b\u00f6lgemden ya\u011f al\u0131nd\u0131 ve bu ya\u011f, k\u0131r\u0131\u015f\u0131kl\u0131klara enjekte edildi. Ameliyat \u00f6ncesinde bulundu\u011fum g\u00fczel odada, yine uyand\u0131m. Y\u00fcz\u00fcm biraz \u015fi\u015fmi\u015fti ve hafif\u00e7e gergindi. K\u0131r\u0131\u015f\u0131kl\u0131klar\u0131n neredeyse tamam\u0131 kaybolmu\u015ftu. Enjekte edilen ya\u011f\u0131n, ne yaz\u0131k ki yaln\u0131zca bir k\u0131sm\u0131 kalacakm\u0131\u015f, bana b\u00f6yle s\u00f6ylendi. Bu y\u00fczden, zamanla baz\u0131 k\u0131r\u0131\u015f\u0131kl\u0131klar tekrar ortaya \u00e7\u0131kmaya ba\u015flad\u0131. Ameliyat sonras\u0131 kar\u0131n b\u00f6lgesinde bir bandaj\u0131m vard\u0131. \u00c7ok k\u00fc\u00e7\u00fck kesik yerleri ince bir \u015fekilde diki\u015fle kapat\u0131lm\u0131\u015ft\u0131. Kar\u0131n b\u00f6lgemde, baz\u0131 hareketlerde hafif bir \u00e7ekilme hissediyordum. K\u0131sa s\u00fcre sonra ise kar\u0131n b\u00f6lgemde ka\u015f\u0131nt\u0131 ba\u015flad\u0131. Yakla\u015f\u0131k 2 hafta sonra bu rahats\u0131zl\u0131klar tamamen ge\u00e7mi\u015ftir. Ameliyat sonras\u0131 y\u00fcz\u00fcm biraz yara alm\u0131\u015f gibi g\u00f6r\u00fcn\u00fcyordu. Baz\u0131 i\u011fne izlerini kapatan \u015feffaf bandajlar vard\u0131. Ayr\u0131ca kanam\u0131\u015f b\u00f6lgeler de vard\u0131. Bu y\u00fczden neredeyse insan i\u00e7ine \u00e7\u0131kmaya cesaret edemedim. Hastanede sabah operasyonum yap\u0131ld\u0131 ve ak\u015fam otele geri g\u00f6t\u00fcr\u00fcld\u00fcm. En az\u0131ndan bir gece hastanede kalmay\u0131 tercih ederdim. Kendimi g\u00fcvensiz hissettim \u00e7\u00fcnk\u00fc sonu\u00e7ta bir ameliyat ge\u00e7irmi\u015ftim. Olas\u0131 bir sorun ya\u015farsam, hastanede hemen yard\u0131m alabilece\u011fimi d\u00fc\u015f\u00fcn\u00fcyordum. Otelden memnundum, ancak ke\u015fke hastaneye daha yak\u0131n olsayd\u0131. \u00c7\u00fcnk\u00fc \u0130stanbul&#8217;daki trafik ger\u00e7ekten felaket. Her seferinde taksiden inebildi\u011fimde rahatlad\u0131m. Taksilerdeki yolculuklar benim i\u00e7in olduk\u00e7a korkutucuydu. Taksi hizmetinin her zaman organize edilmesi ve sanki bir kral gibi gidip gelmemiz ger\u00e7ekten ideald\u0131. Bu yolculuklar toplam fiyat\u0131n i\u00e7indeydi. Ameliyat\u0131n \u00fczerinden \u015fimdi 7 hafta ge\u00e7ti. Y\u00fcz\u00fcm daha iyi g\u00f6r\u00fcn\u00fcyor. Peeling sayesinde cildimdeki lekeler daha a\u00e7\u0131k hale geldi, baz\u0131lar\u0131 tamamen kayboldu. K\u0131sa s\u00fcre \u00f6nce burada, \u0130svi\u00e7re&#8217;de Zug&#8217;da bir kontrol muayenesi oldum. Doktor, bu ameliyat\u0131n bir tekrar\u0131n\u0131 \u00f6nerdi. Bu durumda, yeniden eklenen ya\u011f\u0131n yakla\u015f\u0131k %30&#8217;u kalacak ve y\u00fcz\u00fcmde elastikiyetin daha da artaca\u011f\u0131 s\u00f6ylendi. E\u011fer do\u011fru anlam\u0131\u015fsam, asl\u0131nda her zaman bir ikinci ameliyat gerekti\u011fi bana ba\u015flang\u0131\u00e7ta belirtilmemi\u015fti. Bu, \u0130svi\u00e7re&#8217;deki ilk de\u011ferlendirmede daha a\u00e7\u0131k bir \u015fekilde s\u00f6ylenmeliydi. Eve d\u00f6nd\u00fc\u011f\u00fcmde \u2013 \u0130stanbul&#8217;da 5 gece kald\u0131m \u2013 y\u00fcz\u00fcm\u00fcn \u00e7e\u015fitli yerlerinden cilt soyulmaya ba\u015flad\u0131. San\u0131r\u0131m bu, peelingin bir sonucu olarak oldu. G\u00f6r\u00fcn\u00fc\u015f\u00fc olduk\u00e7a k\u00f6t\u00fcyd\u00fc, g\u00fcne\u015f yan\u0131\u011f\u0131 sonras\u0131 d\u00f6k\u00fclen ciltle benzer bir durumdu. Her \u015fey eski haline d\u00f6nene kadar 3 haftadan fazla bir s\u00fcre ge\u00e7ti. Hastane \u00e7ok g\u00fczel, temiz, modern ve m\u00fckemmel bir \u015fekilde donat\u0131lm\u0131\u015ft\u0131&#8230; Doktorlar, hem\u015fireler ve t\u00fcm personel \u00e7ok dost\u00e7a ve yard\u0131mc\u0131yd\u0131. \u00c7o\u011fu \u0130ngilizce konu\u015fuyordu. Yine de, kendi dilimde kendimi daha iyi ifade edebilece\u011fimi d\u00fc\u015f\u00fcnd\u00fc\u011f\u00fcm i\u00e7in, Almanca terc\u00fcman\u0131m oldu\u011fu i\u00e7in \u00e7ok memnundum. Evime d\u00f6nd\u00fc\u011f\u00fcmde, tan\u0131d\u0131klar\u0131m ve arkada\u015flar\u0131m\u0131n de\u011fi\u015fen g\u00f6r\u00fcn\u00fcm\u00fcm hakk\u0131nda bana soru soraca\u011f\u0131n\u0131 d\u00fc\u015f\u00fcnd\u00fcm. Neyse ki, b\u00f6yle bir durum ya\u015fanmad\u0131. Ben de zaten yabanc\u0131 bir \u015fekilde g\u00f6r\u00fcnmek de\u011fil, do\u011fal halimi korumak istemi\u015ftim. Beni daha \u00f6nce dikkatle incelemeyenler, muhtemelen cildimin daha p\u00fcr\u00fczs\u00fcz oldu\u011funu fark etmemi\u015ftir. Bu arada, t\u00fcm organizasyon kusursuz bir \u015fekilde, her iki \u00fclkede de (\u0130svi\u00e7re ve T\u00fcrkiye) m\u00fckemmel bir \u015fekilde i\u015fledi. \u015eimdi, bir sonraki tedaviye ba\u015fvurup ba\u015fvurmam gerekti\u011fini ve ne zaman yapmam gerekti\u011fini d\u00fc\u015f\u00fcn\u00fcyorum. E\u011fer karar verirsem, ayn\u0131 zamanda bir g\u00f6z kapa\u011f\u0131 esteti\u011fi (lidstraffung) de yapt\u0131rmak istiyorum. Hastane, doktorlar, hem\u015fireler, organizasyon&#8230; Bunlar bana o kadar iyi bir izlenim b\u0131rakt\u0131 ki, bir sonraki ameliyat\u0131mda, ge\u00e7en seferden \u00e7ok daha fazla g\u00fcvenle &#8220;haz\u0131r&#8221; olaca\u011f\u0131m\u0131 d\u00fc\u015f\u00fcn\u00fcyorum. E\u011fer biri benden ki\u015fisel bilgi almak isterse, elbette MedicalTravel \u00fczerinden benimle ileti\u015fime ge\u00e7ebilir. Monika B. \u00d6nceki rapor Bir sonraki rapor<\/p>\n","protected":false},"author":4,"featured_media":0,"parent":4587,"menu_order":0,"comment_status":"closed","ping_status":"closed","template":"","meta":{"_joinchat":[],"footnotes":""},"class_list":["post-4727","page","type-page","status-publish","hentry"],"acf":[],"_links":{"self":[{"href":"https:\/\/medicaltravel.ch\/tr\/wp-json\/wp\/v2\/pages\/4727","targetHints":{"allow":["GET"]}}],"collection":[{"href":"https:\/\/medicaltravel.ch\/tr\/wp-json\/wp\/v2\/pages"}],"about":[{"href":"https:\/\/medicaltravel.ch\/tr\/wp-json\/wp\/v2\/types\/page"}],"author":[{"embeddable":true,"href":"https:\/\/medicaltravel.ch\/tr\/wp-json\/wp\/v2\/users\/4"}],"replies":[{"embeddable":true,"href":"https:\/\/medicaltravel.ch\/tr\/wp-json\/wp\/v2\/comments?post=4727"}],"version-history":[{"count":0,"href":"https:\/\/medicaltravel.ch\/tr\/wp-json\/wp\/v2\/pages\/4727\/revisions"}],"up":[{"embeddable":true,"href":"https:\/\/medicaltravel.ch\/tr\/wp-json\/wp\/v2\/pages\/4587"}],"wp:attachment":[{"href":"https:\/\/medicaltravel.ch\/tr\/wp-json\/wp\/v2\/media?parent=4727"}],"curies":[{"name":"wp","href":"https:\/\/api.w.org\/{rel}","templated":true}]}}