{"id":4729,"date":"2025-09-23T17:31:22","date_gmt":"2025-09-23T16:31:22","guid":{"rendered":"https:\/\/medicaltravel.ch\/hasta-raporlari\/erfahrungsberichte-empfehlungen-behandlungen-beurteilung-tuerkei-istanbul\/istanbulda-bir-kadin-olarak-sac-ekimim-3-eyluel-2016-cumartesi-raporu\/"},"modified":"2026-01-12T19:14:52","modified_gmt":"2026-01-12T18:14:52","slug":"istanbulda-bir-kadin-olarak-sac-ekimim-3-eyluel-2016-cumartesi-raporu","status":"publish","type":"page","link":"https:\/\/medicaltravel.ch\/tr\/hasta-raporlari\/referanslar-tavsiyeler-tedaviler-degerlendirmeler-turkiye-istanbul\/istanbulda-bir-kadin-olarak-sac-ekimim-3-eyluel-2016-cumartesi-raporu\/","title":{"rendered":"\u0130STANBUL&#8217;DA B\u0130R KADIN OLARAK SA\u00c7 EK\u0130M\u0130M &#8211; 3 Eyl\u00fcl 2016 Cumartesi Raporu"},"content":{"rendered":"\n<p>\u0130STANBUL&#8217;DA B\u0130R KADIN OLARAK SA\u00c7 EK\u0130M\u0130M &#8211; 3 Eyl\u00fcl 2016 Cumartesi Raporu<\/p>\n\n\n\n<p>Y\u0131llard\u0131r, 20 y\u0131l \u00f6nce bir \u015fok sonucu kaybetti\u011fim sa\u00e7lar\u0131m\u0131 nakil ettirmek ve dengelemek fikriyle u\u011fra\u015f\u0131yordum. Bir kad\u0131n i\u00e7in bu ger\u00e7ekten \u00e7ok zorlay\u0131c\u0131. Z\u00fcrih&#8217;te bir dan\u0131\u015fmanl\u0131k g\u00f6r\u00fc\u015fmesine de gitmi\u015ftim, ancak bu tedaviye maddi olarak katlanmam m\u00fcmk\u00fcn de\u011fildi. O zamanlar, daha uygun bir alternatif arayarak internetten ara\u015ft\u0131rma yapmaya ba\u015flad\u0131m ve MedicalTravel&#8217;in sitesine rastlad\u0131m. K\u0131sa s\u00fcre i\u00e7inde, bu y\u0131l i\u00e7inde sa\u00e7\u0131m\u0131 yeniden kazand\u0131rmak istedi\u011fime karar verdim.     <\/p>\n\n\n\n<p>MedicalTravel&#8217;in g\u00f6nderdi\u011fi bir e-posta \u00fczerine, seyrek \u00fcst sa\u00e7lar\u0131ma ait foto\u011fraflar\u0131 g\u00f6nderdim ve bana \u0130stanbul&#8217;daki hastaneden bir profes\u00f6r taraf\u0131ndan yap\u0131lacak bir \u00f6n muayene i\u00e7in Zug&#8217;a davet g\u00f6nderdiler.<\/p>\n\n\n\n<p>Sa\u00e7 d\u00f6k\u00fcl\u00fcm\u00fcn hormonlarla ilgili olup olmad\u0131\u011f\u0131n\u0131 d\u0131\u015flamak i\u00e7in, sonras\u0131nda aile hekimimden kan testi yapt\u0131rmam gerekti. E\u011fer hormonlarla ilgili bir sorun olsayd\u0131, hormon tedavisiyle sa\u00e7lar\u0131m\u0131n tekrar g\u00fcrle\u015fmesi m\u00fcmk\u00fcn olacakt\u0131. <\/p>\n\n\n\n<p>Ama durum b\u00f6yle de\u011fildi.<\/p>\n\n\n\n<p>\u0130stanbul&#8217;daki hastaneye kan tahlili \u00f6rne\u011fini g\u00f6nderdikten sonra \u015fu cevab\u0131 ald\u0131m:<\/p>\n\n\n\n<p>Sizin test sonu\u00e7lar\u0131n\u0131z, doktorlar\u0131m\u0131z taraf\u0131ndan dikkatlice incelendi. Bu durumda, sa\u00e7 ekiminin sizin i\u00e7in faydal\u0131 olabilece\u011fi d\u00fc\u015f\u00fcn\u00fclmektedir. <\/p>\n\n\n\n<p>Vay, ne \u015fans!<\/p>\n\n\n\n<p>Sa\u00e7 ekimi randevumun, istedi\u011fim \u015fekilde, yan\u0131 s\u0131ra u\u00e7u\u015f ve otel rezervasyonum MedicalTravel taraf\u0131ndan tam memnuniyetle organize edildi.<\/p>\n\n\n\n<p>\u0130\u015fte o an geldi, Cumartesi g\u00fcn\u00fc 13 A\u011fustos&#8217;ta. Saat 5&#8217;te (gece yar\u0131s\u0131) o\u011flum beni havaalan\u0131na g\u00f6t\u00fcrd\u00fc, \u00e7\u00fcnk\u00fc 7:40&#8217;ta Turkish Airlines ile \u0130stanbul&#8217;a u\u00e7acakt\u0131m. U\u00e7u\u015f 3 saat s\u00fcrd\u00fc ve ben, u\u00e7ak penceresinden a\u015fa\u011f\u0131daki do\u011fay\u0131 izleyerek lezzetli yeme\u011fimin tad\u0131n\u0131 \u00e7\u0131kard\u0131m. Televizyonu zaten evde de izleyebilirim.   <\/p>\n\n\n\n<p>\u0130stanbul havaalan\u0131ndaki belirlenen noktada, hastanenin \u00e7ok nazik bir hostesi taraf\u0131ndan kar\u015f\u0131land\u0131m. K\u0131sa bir s\u00fcre sonra beni hastanenin \u015fof\u00f6r\u00fcn\u00fcn arabas\u0131na g\u00f6t\u00fcrd\u00fc ve otelime teslim etti. <\/p>\n\n\n\n<p>Orada da \u00e7ok s\u0131cak bir \u015fekilde kar\u015f\u0131land\u0131m. Otel odas\u0131 basitti ama i\u015flevsel bir \u015fekilde d\u00f6\u015fenmi\u015fti. Personel \u00e7ok arkada\u015f\u00e7a ve yard\u0131mseverdi. Ayr\u0131ca herkes \u0130ngilizceyi \u00e7ok iyi konu\u015fuyordu.   <\/p>\n\n\n\n<p>Kalan Cumartesi ve Pazar g\u00fcn\u00fcm\u00fc, \u00fclkeyi ve halk\u0131 ke\u015ffederek ge\u00e7irdim. \u0130lk izlenimim \u015fuydu: \u015eehir ya\u015fam dolu. Bir\u00e7ok insan d\u0131\u015far\u0131da vakit ge\u00e7iriyor. Her \u015fey \u00e7ok renkli, k\u00fc\u00e7\u00fck restoranlarla dolu ve insanlar ger\u00e7ekten \u00e7ok dost\u00e7a. Y\u00fcr\u00fcy\u00fc\u015f yapmay\u0131 \u00e7ok seviyorum ve muhtemelen her soka\u011fa saparak saatlerce y\u00fcr\u00fcd\u00fcm. Yoku\u015f yukar\u0131 ve a\u015fa\u011f\u0131, bazen tamamen nefes nefese kald\u0131m. (\u0130stanbul\u2019daki insanlar kesinlikle \u00e7ok fit.) Yerel halk\u0131n oldu\u011fu yerlerde durun. Hemen turist olarak tan\u0131nmamak i\u00e7in ba\u015f\u0131ma renkli bir \u015fal sard\u0131m. Biz de yabanc\u0131lar\u0131n kendilerini bize uyum sa\u011flad\u0131\u011f\u0131nda ho\u015flan\u0131yoruz, de\u011fil mi? Ve orada ben yabanc\u0131yd\u0131m. B\u00f6ylece \u00f6zg\u00fcr ve rahat bir \u015fekilde k\u00fc\u00e7\u00fck pazarlara, oynayan \u00e7ocuklara, piknik yapan ne\u015feli insanlara ve yerel yiyecekler ile di\u011fer sunulan \u015feylere eri\u015fim sa\u011flad\u0131m. Ben otantik olan\u0131 seviyorum.            <\/p>\n\n\n\n<p>Pazartesi, 15 A\u011fustos 2016: \u00c7ok heyecanl\u0131yd\u0131m, hastanenin \u015fof\u00f6r\u00fcn\u00fcn beni almas\u0131n\u0131 sab\u0131rs\u0131zl\u0131kla bekliyordum. Hemen hastaneye g\u00f6t\u00fcr\u00fcld\u00fcm ve hastaneye girdi\u011fim anda, neredeyse t\u00fcm zaman\u0131m boyunca yan\u0131mda kalan, \u00e7ok nazik bir Almanca konu\u015fan gen\u00e7 adam taraf\u0131ndan kar\u015f\u0131land\u0131m. Hastane inan\u0131lmaz derecede g\u00fczeldi. Modern ve uyumlu bir \u015fekilde d\u00f6\u015fenmi\u015fti, hemen rahatl\u0131k ve g\u00fcven duygusu hissettim. \u0130lk olarak, kan al\u0131m\u0131na gidip, sa\u00e7 ekimi sonras\u0131 daha h\u0131zl\u0131 iyile\u015fme ve sa\u00e7 b\u00fcy\u00fcmesini te\u015fvik etmek amac\u0131yla plazma (PRP, trombosit a\u00e7\u0131s\u0131ndan zengin plazma) \u00fcretimi i\u00e7in i\u015flem yap\u0131ld\u0131.    <\/p>\n\n\n\n<p>Sonras\u0131nda, yak\u0131\u015f\u0131kl\u0131 ve sempatik doktorum taraf\u0131ndan kar\u015f\u0131land\u0131m. (Siyah sa\u00e7lar ve mavi g\u00f6zler. Vay be!) Ve sa\u00e7 ekimi hakk\u0131nda detayl\u0131 bir \u015fekilde bilgilendirildim. Her \u015feyi anlad\u0131\u011f\u0131mdan emin olmak i\u00e7in, \u00e7ekici terc\u00fcman\u0131m her \u015feyi m\u00fckemmel bir Almanca&#8217;ya \u00e7evirdi.  <\/p>\n\n\n\n<p>Tedavi odas\u0131nda, ekip sa\u00e7lar\u0131m\u0131 haz\u0131rlad\u0131, arka ba\u015f\u0131m tra\u015f edildi ve&#8230; Ah, ne kadar ince sa\u00e7lar\u0131m varm\u0131\u015f, (asl\u0131nda sa\u00e7lar\u0131m Seidenkiste&#8217;ye de\u011fil, sa\u00e7 kutusuna yerle\u015ftirilmi\u015fti) o kadar ki, doktor bu \u015fekilde yaln\u0131zca sorunuma %25&#8217;lik bir iyile\u015fme sa\u011flayabilece\u011fini belirtti. En iyi sonucu, e\u011fer t\u00fcm sa\u00e7lar\u0131m tra\u015f edilirse alabilece\u011fimi s\u00f6yledi. \u0130\u015fte\u2026 Bunu sindirmem bir s\u00fcre ald\u0131. Ama sonunda \u00f6zg\u00fcr olmak, art\u0131k sa\u00e7\u0131m\u0131 gizlemek zorunda kalmamak, denize girmek, ya\u011fmurda y\u00fcr\u00fcmek, sa\u00e7 stilimin t\u00fcm a\u00e7\u0131k yerleri kapat\u0131p kapatmad\u0131\u011f\u0131na dair g\u00fcvensizlik duymamak ve evet, tekrar motosiklet s\u00fcrmek istiyordum; kask\u0131m\u0131 bisikletten sonra halk\u0131n i\u00e7inde kafamdan ge\u00e7irebilmek&#8230; Bir y\u0131l ne ki? 20 y\u0131l boyunca sa\u00e7lar\u0131mla yalan s\u00f6yledim. Yani, kesinlikle evet. Uzun sa\u00e7lar\u0131m t\u0131ra\u015f makinesinin kurban\u0131 oldu ve tam 3500 k\u00f6k sa\u00e7 nakledildi.        <\/p>\n\n\n\n<p>\u0130yi karar \ud83d\ude42<\/p>\n\n\n\n<p>\u00d6nceden, kendi kan plazmam kafama s\u00fcr\u00fclm\u00fc\u015ft\u00fc. Sonra, t\u00fcm kafa b\u00f6lgesi \u00e7ok say\u0131da i\u011fneyle hissizle\u015ftirildi. Bilin\u00e7li bir \u015fekilde rahatlayarak prosed\u00fcr\u00fc olduk\u00e7a iyi bir \u015fekilde tolere edebildim. H\u0131zla ge\u00e7ti zaten. Ard\u0131ndan, arka ve yan ba\u015f\u0131mda sa\u00e7 k\u00f6kleri al\u0131nd\u0131 ve serumda sakland\u0131. Transplantasyon b\u00f6lgesinde yap\u0131lan 3500 (\u00e7ok say\u0131da) i\u011fneyle, iki yorulmak bilmeyen gen\u00e7 bayan ekip \u00fcyeleri, her bir sa\u00e7 k\u00f6k\u00fcn\u00fc haz\u0131rlanan deliklere tek tek ektiler. Ellerim muhtemelen d\u00fc\u015ferdi. 6 saat boyunca yorulmadan \u00e7al\u0131\u015fan bu iki gen\u00e7, gayretli &#8220;peri&#8221; ger\u00e7ekten muazzam bir i\u015f \u00e7\u0131kard\u0131.       <\/p>\n\n\n\n<p>Sonunda bitti. Ve kafa derimi hayranl\u0131kla inceledim. Pek de fena de\u011filmi\u015f. \u015eimdi anl\u0131yorum, neden seyrek sa\u00e7lar\u0131 olan erkekler t\u00fcm sa\u00e7lar\u0131n\u0131 tra\u015f ettiriyor. Al\u0131ndaki biraz daha a\u015fa\u011f\u0131ya inmi\u015f sa\u00e7 \u00e7izgisi olduk\u00e7a dengeli ve ho\u015f bir g\u00f6r\u00fcn\u00fcm veriyor. Belki garip gelebilir ama kendimi be\u011feniyorum. Bu benim.      <\/p>\n\n\n\n<p>Yine de\u2026 Toplum \u2013 ve ben mesle\u011fim gere\u011fi olduk\u00e7a g\u00f6z \u00f6n\u00fcndeyim. Otele d\u00f6ner d\u00f6nmez, hemen internetten ince k\u0131sa ger\u00e7ek sa\u00e7tan bir peruk sipari\u015f ettim. 10 g\u00fcn sonra bunu takabilece\u011fim. O zamana kadar, k\u0131yafetime uygun \u015fekilde ustaca yerle\u015ftirilmi\u015f \u00f6rt\u00fcler ve \u015fapkalarla kendimi sunuyorum. Ve kimse sa\u00e7lar\u0131m\u0131n tra\u015f edildi\u011fini fark etmiyor. Sokakta, hatta yabanc\u0131lardan bile tarz\u0131m hakk\u0131nda \u2013 \u015fapkamla \u2013 iltifatlar al\u0131yorum.     <\/p>\n\n\n\n<p>\u015eimdi, sa\u00e7 ekimi sonras\u0131 ertesi g\u00fcne geri d\u00f6nelim. Sabah otelden \u00e7\u0131k\u0131\u015f yapt\u0131m ve t\u00fcm e\u015fyalar\u0131m ile hastanenin \u015fof\u00f6r\u00fc taraf\u0131ndan kar\u015f\u0131land\u0131m. Sonra kontrol i\u00e7in hastaneye gittik, burada her \u015fey daha ya da az d\u00fczg\u00fcn g\u00f6r\u00fcn\u00fcyordu. Biraz oksijen eksikli\u011fim vard\u0131 \u2013 bu y\u00fczden burnumdan oksijen verildi. Ayr\u0131ca, bana ila\u00e7lar, \u015fampuan ve losyon verildi; bunlar\u0131 tam olarak talimatlara g\u00f6re kullanmam veya s\u00fcrmem gerekiyordu. Davran\u0131\u015f kurallar\u0131 ve eve d\u00f6n\u00fc\u015f yolunda ba\u015f\u0131m\u0131 a\u00e7mamam i\u00e7in verilen mavi bir \u015fapka da verildi.    <\/p>\n\n\n\n<p>Doktorum ve terc\u00fcman\u0131m ile minnettarl\u0131kla vedala\u015ft\u0131m ve bu kez hastanenin ba\u015fka bir \u015fof\u00f6r\u00fcyle havaalan\u0131na do\u011fru yola \u00e7\u0131kt\u0131m.<\/p>\n\n\n\n<p>Eve d\u00f6nd\u00fcm. \u0130lk g\u00fcnlerde, T\u00fcrkiye&#8217;deki tedavi eden doktorumla WhatsApp \u00fczerinden g\u00fcnl\u00fck olarak ileti\u015fimdeydim, kafam\u0131n foto\u011fraflar\u0131n\u0131 g\u00f6nderdim ve doktor, bunlar\u0131 profesyonel ve dost\u00e7a bir \u015fekilde belgeleyip, sa\u00e7lar\u0131m\u0131 losyon ve \u015fampuanla nas\u0131l tedavi etmem gerekti\u011fi konusunda bana tavsiyeler ve videolar g\u00f6nderdi. <\/p>\n\n\n\n<p>10 g\u00fcn sonra tekrar foto\u011fraflar\u0131n\u0131 g\u00f6ndermem gerekti ve kabuklar\u0131 nas\u0131l temizlemem gerekti\u011fiyle ilgili bir video talimat\u0131 ald\u0131m.<\/p>\n\n\n\n<p>Bug\u00fcn, neredeyse 3 hafta sonra, ekim yap\u0131lan b\u00f6lgenin foto\u011fraflar\u0131n\u0131 g\u00f6ndermemi isteyen bir SMS ald\u0131m. T\u00fcm sorular\u0131ma hemen yan\u0131t ald\u0131m ve kafa derimi nas\u0131l tedavi etmem gerekti\u011fi konusunda ek talimatlar ald\u0131m. Belirli bir s\u00fcre sonra tekrar foto\u011fraf g\u00f6ndermem gerekti\u011fi s\u00f6ylendi. Ve&#8230; doktor sonu\u00e7tan \u00e7ok memnun. Ben de \u00f6yle\u2026    <\/p>\n\n\n\n<p>Ger\u00e7ekten tam bir bak\u0131m. \u00d6rnek al\u0131nas\u0131, ger\u00e7ekten. Asla beklemezdim.  <\/p>\n\n\n\n<p>T\u00fcrkiye&#8217;deki profesyonel tedavi ve uyum sa\u011flanm\u0131\u015f ya\u015fam tarz\u0131 sayesinde, yeni sa\u00e7 k\u00f6kleri kafam\u0131n derisinde yerlerini terk etmediler. \u00c7ekilen k\u00f6kler ve ekim yap\u0131lan b\u00f6lgelerdeki kabuklar \u00e7\u00f6z\u00fclm\u00fc\u015f. Neredeyse 3 hafta sonunda, koyu, ipeksi bir t\u00fcy belirgin \u015fekilde uzam\u0131\u015f. Ba\u015fard\u0131m. \u00d6zg\u00fcr\u00fcm.    <\/p>\n\n\n\n<p>Sonsuz minnettarl\u0131kla<\/p>\n\n\n\n<p>M.R. Eng<\/p>\n\n\n\n<div class=\"wp-block-group is-layout-grid wp-container-core-group-is-layout-baef362d wp-block-group-is-layout-grid\">\n<p><a href=\"https:\/\/medicaltravel.at\/home\/agb\/\" data-type=\"page\" data-id=\"2191\" rel=\"nofollow noopener\" target=\"_blank\"><\/a><a href=\"https:\/\/medicaltravel.ch\/tr\/hasta-raporlari\/referanslar-tavsiyeler-tedaviler-degerlendirmeler-turkiye-istanbul\/antalyada-goez-kapagi-kaldirma-deneyim-raporu-31-ekim-2016-pazartesi-tarihli-rapor\/\" data-type=\"link\" data-id=\"https:\/\/medicaltravel.ch\/tr\/hasta-raporlari\/referanslar-tavsiyeler-tedaviler-degerlendirmeler-turkiye-istanbul\/antalyada-goez-kapagi-kaldirma-deneyim-raporu-31-ekim-2016-pazartesi-tarihli-rapor\/\">\u00d6nceki rapor<\/a><\/p>\n\n\n\n<p class=\"has-text-align-right wp-container-content-5e2576f9\"><a href=\"https:\/\/medicaltravel.at\/home\/impressum\/\" data-type=\"page\" data-id=\"2193\" rel=\"nofollow noopener\" target=\"_blank\"><\/a><a href=\"https:\/\/medicaltravel.at\/home\/berichte-von-patienten\/erfahrungsberichte\/erfahrungsbericht-zahnbehandlung-in-istanbul\/\" data-type=\"page\" data-id=\"981\" rel=\"nofollow noopener\" target=\"_blank\"><\/a><a href=\"https:\/\/medicaltravel.ch\/tr\/hasta-raporlari\/referanslar-tavsiyeler-tedaviler-degerlendirmeler-turkiye-istanbul\/istanbulda-gecmis-zamanlarda-nasil-bir-deneyim-yasadim-3-agustos-2016-carsamba-tarihli-rapor\/\" data-type=\"link\" data-id=\"https:\/\/medicaltravel.ch\/tr\/hasta-raporlari\/referanslar-tavsiyeler-tedaviler-degerlendirmeler-turkiye-istanbul\/istanbulda-gecmis-zamanlarda-nasil-bir-deneyim-yasadim-3-agustos-2016-carsamba-tarihli-rapor\/\">Bir sonraki rapor<\/a><\/p>\n<\/div>\n","protected":false},"excerpt":{"rendered":"<p>\u0130STANBUL&#8217;DA B\u0130R KADIN OLARAK SA\u00c7 EK\u0130M\u0130M &#8211; 3 Eyl\u00fcl 2016 Cumartesi Raporu Y\u0131llard\u0131r, 20 y\u0131l \u00f6nce bir \u015fok sonucu kaybetti\u011fim sa\u00e7lar\u0131m\u0131 nakil ettirmek ve dengelemek fikriyle u\u011fra\u015f\u0131yordum. Bir kad\u0131n i\u00e7in bu ger\u00e7ekten \u00e7ok zorlay\u0131c\u0131. Z\u00fcrih&#8217;te bir dan\u0131\u015fmanl\u0131k g\u00f6r\u00fc\u015fmesine de gitmi\u015ftim, ancak bu tedaviye maddi olarak katlanmam m\u00fcmk\u00fcn de\u011fildi. O zamanlar, daha uygun bir alternatif arayarak internetten ara\u015ft\u0131rma yapmaya ba\u015flad\u0131m ve MedicalTravel&#8217;in sitesine rastlad\u0131m. K\u0131sa s\u00fcre i\u00e7inde, bu y\u0131l i\u00e7inde sa\u00e7\u0131m\u0131 yeniden kazand\u0131rmak istedi\u011fime karar verdim. MedicalTravel&#8217;in g\u00f6nderdi\u011fi bir e-posta \u00fczerine, seyrek \u00fcst sa\u00e7lar\u0131ma ait foto\u011fraflar\u0131 g\u00f6nderdim ve bana \u0130stanbul&#8217;daki hastaneden bir profes\u00f6r taraf\u0131ndan yap\u0131lacak bir \u00f6n muayene i\u00e7in Zug&#8217;a davet g\u00f6nderdiler. Sa\u00e7 d\u00f6k\u00fcl\u00fcm\u00fcn hormonlarla ilgili olup olmad\u0131\u011f\u0131n\u0131 d\u0131\u015flamak i\u00e7in, sonras\u0131nda aile hekimimden kan testi yapt\u0131rmam gerekti. E\u011fer hormonlarla ilgili bir sorun olsayd\u0131, hormon tedavisiyle sa\u00e7lar\u0131m\u0131n tekrar g\u00fcrle\u015fmesi m\u00fcmk\u00fcn olacakt\u0131. Ama durum b\u00f6yle de\u011fildi. \u0130stanbul&#8217;daki hastaneye kan tahlili \u00f6rne\u011fini g\u00f6nderdikten sonra \u015fu cevab\u0131 ald\u0131m: Sizin test sonu\u00e7lar\u0131n\u0131z, doktorlar\u0131m\u0131z taraf\u0131ndan dikkatlice incelendi. Bu durumda, sa\u00e7 ekiminin sizin i\u00e7in faydal\u0131 olabilece\u011fi d\u00fc\u015f\u00fcn\u00fclmektedir. Vay, ne \u015fans! Sa\u00e7 ekimi randevumun, istedi\u011fim \u015fekilde, yan\u0131 s\u0131ra u\u00e7u\u015f ve otel rezervasyonum MedicalTravel taraf\u0131ndan tam memnuniyetle organize edildi. \u0130\u015fte o an geldi, Cumartesi g\u00fcn\u00fc 13 A\u011fustos&#8217;ta. Saat 5&#8217;te (gece yar\u0131s\u0131) o\u011flum beni havaalan\u0131na g\u00f6t\u00fcrd\u00fc, \u00e7\u00fcnk\u00fc 7:40&#8217;ta Turkish Airlines ile \u0130stanbul&#8217;a u\u00e7acakt\u0131m. U\u00e7u\u015f 3 saat s\u00fcrd\u00fc ve ben, u\u00e7ak penceresinden a\u015fa\u011f\u0131daki do\u011fay\u0131 izleyerek lezzetli yeme\u011fimin tad\u0131n\u0131 \u00e7\u0131kard\u0131m. Televizyonu zaten evde de izleyebilirim. \u0130stanbul havaalan\u0131ndaki belirlenen noktada, hastanenin \u00e7ok nazik bir hostesi taraf\u0131ndan kar\u015f\u0131land\u0131m. K\u0131sa bir s\u00fcre sonra beni hastanenin \u015fof\u00f6r\u00fcn\u00fcn arabas\u0131na g\u00f6t\u00fcrd\u00fc ve otelime teslim etti. Orada da \u00e7ok s\u0131cak bir \u015fekilde kar\u015f\u0131land\u0131m. Otel odas\u0131 basitti ama i\u015flevsel bir \u015fekilde d\u00f6\u015fenmi\u015fti. Personel \u00e7ok arkada\u015f\u00e7a ve yard\u0131mseverdi. Ayr\u0131ca herkes \u0130ngilizceyi \u00e7ok iyi konu\u015fuyordu. Kalan Cumartesi ve Pazar g\u00fcn\u00fcm\u00fc, \u00fclkeyi ve halk\u0131 ke\u015ffederek ge\u00e7irdim. \u0130lk izlenimim \u015fuydu: \u015eehir ya\u015fam dolu. Bir\u00e7ok insan d\u0131\u015far\u0131da vakit ge\u00e7iriyor. Her \u015fey \u00e7ok renkli, k\u00fc\u00e7\u00fck restoranlarla dolu ve insanlar ger\u00e7ekten \u00e7ok dost\u00e7a. Y\u00fcr\u00fcy\u00fc\u015f yapmay\u0131 \u00e7ok seviyorum ve muhtemelen her soka\u011fa saparak saatlerce y\u00fcr\u00fcd\u00fcm. Yoku\u015f yukar\u0131 ve a\u015fa\u011f\u0131, bazen tamamen nefes nefese kald\u0131m. (\u0130stanbul\u2019daki insanlar kesinlikle \u00e7ok fit.) Yerel halk\u0131n oldu\u011fu yerlerde durun. Hemen turist olarak tan\u0131nmamak i\u00e7in ba\u015f\u0131ma renkli bir \u015fal sard\u0131m. Biz de yabanc\u0131lar\u0131n kendilerini bize uyum sa\u011flad\u0131\u011f\u0131nda ho\u015flan\u0131yoruz, de\u011fil mi? Ve orada ben yabanc\u0131yd\u0131m. B\u00f6ylece \u00f6zg\u00fcr ve rahat bir \u015fekilde k\u00fc\u00e7\u00fck pazarlara, oynayan \u00e7ocuklara, piknik yapan ne\u015feli insanlara ve yerel yiyecekler ile di\u011fer sunulan \u015feylere eri\u015fim sa\u011flad\u0131m. Ben otantik olan\u0131 seviyorum. Pazartesi, 15 A\u011fustos 2016: \u00c7ok heyecanl\u0131yd\u0131m, hastanenin \u015fof\u00f6r\u00fcn\u00fcn beni almas\u0131n\u0131 sab\u0131rs\u0131zl\u0131kla bekliyordum. Hemen hastaneye g\u00f6t\u00fcr\u00fcld\u00fcm ve hastaneye girdi\u011fim anda, neredeyse t\u00fcm zaman\u0131m boyunca yan\u0131mda kalan, \u00e7ok nazik bir Almanca konu\u015fan gen\u00e7 adam taraf\u0131ndan kar\u015f\u0131land\u0131m. Hastane inan\u0131lmaz derecede g\u00fczeldi. Modern ve uyumlu bir \u015fekilde d\u00f6\u015fenmi\u015fti, hemen rahatl\u0131k ve g\u00fcven duygusu hissettim. \u0130lk olarak, kan al\u0131m\u0131na gidip, sa\u00e7 ekimi sonras\u0131 daha h\u0131zl\u0131 iyile\u015fme ve sa\u00e7 b\u00fcy\u00fcmesini te\u015fvik etmek amac\u0131yla plazma (PRP, trombosit a\u00e7\u0131s\u0131ndan zengin plazma) \u00fcretimi i\u00e7in i\u015flem yap\u0131ld\u0131. Sonras\u0131nda, yak\u0131\u015f\u0131kl\u0131 ve sempatik doktorum taraf\u0131ndan kar\u015f\u0131land\u0131m. (Siyah sa\u00e7lar ve mavi g\u00f6zler. Vay be!) Ve sa\u00e7 ekimi hakk\u0131nda detayl\u0131 bir \u015fekilde bilgilendirildim. Her \u015feyi anlad\u0131\u011f\u0131mdan emin olmak i\u00e7in, \u00e7ekici terc\u00fcman\u0131m her \u015feyi m\u00fckemmel bir Almanca&#8217;ya \u00e7evirdi. Tedavi odas\u0131nda, ekip sa\u00e7lar\u0131m\u0131 haz\u0131rlad\u0131, arka ba\u015f\u0131m tra\u015f edildi ve&#8230; Ah, ne kadar ince sa\u00e7lar\u0131m varm\u0131\u015f, (asl\u0131nda sa\u00e7lar\u0131m Seidenkiste&#8217;ye de\u011fil, sa\u00e7 kutusuna yerle\u015ftirilmi\u015fti) o kadar ki, doktor bu \u015fekilde yaln\u0131zca sorunuma %25&#8217;lik bir iyile\u015fme sa\u011flayabilece\u011fini belirtti. En iyi sonucu, e\u011fer t\u00fcm sa\u00e7lar\u0131m tra\u015f edilirse alabilece\u011fimi s\u00f6yledi. \u0130\u015fte\u2026 Bunu sindirmem bir s\u00fcre ald\u0131. Ama sonunda \u00f6zg\u00fcr olmak, art\u0131k sa\u00e7\u0131m\u0131 gizlemek zorunda kalmamak, denize girmek, ya\u011fmurda y\u00fcr\u00fcmek, sa\u00e7 stilimin t\u00fcm a\u00e7\u0131k yerleri kapat\u0131p kapatmad\u0131\u011f\u0131na dair g\u00fcvensizlik duymamak ve evet, tekrar motosiklet s\u00fcrmek istiyordum; kask\u0131m\u0131 bisikletten sonra halk\u0131n i\u00e7inde kafamdan ge\u00e7irebilmek&#8230; Bir y\u0131l ne ki? 20 y\u0131l boyunca sa\u00e7lar\u0131mla yalan s\u00f6yledim. Yani, kesinlikle evet. Uzun sa\u00e7lar\u0131m t\u0131ra\u015f makinesinin kurban\u0131 oldu ve tam 3500 k\u00f6k sa\u00e7 nakledildi. \u0130yi karar \ud83d\ude42 \u00d6nceden, kendi kan plazmam kafama s\u00fcr\u00fclm\u00fc\u015ft\u00fc. Sonra, t\u00fcm kafa b\u00f6lgesi \u00e7ok say\u0131da i\u011fneyle hissizle\u015ftirildi. Bilin\u00e7li bir \u015fekilde rahatlayarak prosed\u00fcr\u00fc olduk\u00e7a iyi bir \u015fekilde tolere edebildim. H\u0131zla ge\u00e7ti zaten. Ard\u0131ndan, arka ve yan ba\u015f\u0131mda sa\u00e7 k\u00f6kleri al\u0131nd\u0131 ve serumda sakland\u0131. Transplantasyon b\u00f6lgesinde yap\u0131lan 3500 (\u00e7ok say\u0131da) i\u011fneyle, iki yorulmak bilmeyen gen\u00e7 bayan ekip \u00fcyeleri, her bir sa\u00e7 k\u00f6k\u00fcn\u00fc haz\u0131rlanan deliklere tek tek ektiler. Ellerim muhtemelen d\u00fc\u015ferdi. 6 saat boyunca yorulmadan \u00e7al\u0131\u015fan bu iki gen\u00e7, gayretli &#8220;peri&#8221; ger\u00e7ekten muazzam bir i\u015f \u00e7\u0131kard\u0131. Sonunda bitti. Ve kafa derimi hayranl\u0131kla inceledim. Pek de fena de\u011filmi\u015f. \u015eimdi anl\u0131yorum, neden seyrek sa\u00e7lar\u0131 olan erkekler t\u00fcm sa\u00e7lar\u0131n\u0131 tra\u015f ettiriyor. Al\u0131ndaki biraz daha a\u015fa\u011f\u0131ya inmi\u015f sa\u00e7 \u00e7izgisi olduk\u00e7a dengeli ve ho\u015f bir g\u00f6r\u00fcn\u00fcm veriyor. Belki garip gelebilir ama kendimi be\u011feniyorum. Bu benim. Yine de\u2026 Toplum \u2013 ve ben mesle\u011fim gere\u011fi olduk\u00e7a g\u00f6z \u00f6n\u00fcndeyim. Otele d\u00f6ner d\u00f6nmez, hemen internetten ince k\u0131sa ger\u00e7ek sa\u00e7tan bir peruk sipari\u015f ettim. 10 g\u00fcn sonra bunu takabilece\u011fim. O zamana kadar, k\u0131yafetime uygun \u015fekilde ustaca yerle\u015ftirilmi\u015f \u00f6rt\u00fcler ve \u015fapkalarla kendimi sunuyorum. Ve kimse sa\u00e7lar\u0131m\u0131n tra\u015f edildi\u011fini fark etmiyor. Sokakta, hatta yabanc\u0131lardan bile tarz\u0131m hakk\u0131nda \u2013 \u015fapkamla \u2013 iltifatlar al\u0131yorum. \u015eimdi, sa\u00e7 ekimi sonras\u0131 ertesi g\u00fcne geri d\u00f6nelim. Sabah otelden \u00e7\u0131k\u0131\u015f yapt\u0131m ve t\u00fcm e\u015fyalar\u0131m ile hastanenin \u015fof\u00f6r\u00fc taraf\u0131ndan kar\u015f\u0131land\u0131m. Sonra kontrol i\u00e7in hastaneye gittik, burada her \u015fey daha ya da az d\u00fczg\u00fcn g\u00f6r\u00fcn\u00fcyordu. Biraz oksijen eksikli\u011fim vard\u0131 \u2013 bu y\u00fczden burnumdan oksijen verildi. Ayr\u0131ca, bana ila\u00e7lar, \u015fampuan ve losyon verildi; bunlar\u0131 tam olarak talimatlara g\u00f6re kullanmam veya s\u00fcrmem gerekiyordu. Davran\u0131\u015f kurallar\u0131 ve eve d\u00f6n\u00fc\u015f yolunda ba\u015f\u0131m\u0131 a\u00e7mamam i\u00e7in verilen mavi bir \u015fapka da verildi. Doktorum ve terc\u00fcman\u0131m ile minnettarl\u0131kla vedala\u015ft\u0131m ve bu kez hastanenin ba\u015fka bir \u015fof\u00f6r\u00fcyle havaalan\u0131na do\u011fru yola \u00e7\u0131kt\u0131m. Eve d\u00f6nd\u00fcm. \u0130lk g\u00fcnlerde, T\u00fcrkiye&#8217;deki tedavi eden doktorumla WhatsApp \u00fczerinden g\u00fcnl\u00fck olarak ileti\u015fimdeydim, kafam\u0131n foto\u011fraflar\u0131n\u0131 g\u00f6nderdim ve doktor, bunlar\u0131 profesyonel ve dost\u00e7a bir \u015fekilde belgeleyip, sa\u00e7lar\u0131m\u0131 losyon ve \u015fampuanla nas\u0131l tedavi etmem gerekti\u011fi konusunda bana tavsiyeler ve videolar g\u00f6nderdi. 10 g\u00fcn sonra tekrar foto\u011fraflar\u0131n\u0131 g\u00f6ndermem gerekti ve kabuklar\u0131 nas\u0131l temizlemem gerekti\u011fiyle ilgili bir video talimat\u0131 ald\u0131m. Bug\u00fcn, neredeyse 3 hafta sonra, ekim yap\u0131lan b\u00f6lgenin foto\u011fraflar\u0131n\u0131 g\u00f6ndermemi isteyen bir SMS ald\u0131m. T\u00fcm sorular\u0131ma hemen yan\u0131t ald\u0131m ve kafa derimi nas\u0131l tedavi etmem gerekti\u011fi konusunda ek talimatlar ald\u0131m. Belirli bir s\u00fcre sonra tekrar foto\u011fraf g\u00f6ndermem gerekti\u011fi s\u00f6ylendi. Ve&#8230; doktor sonu\u00e7tan \u00e7ok memnun. Ben de \u00f6yle\u2026 Ger\u00e7ekten tam bir bak\u0131m. \u00d6rnek<\/p>\n","protected":false},"author":4,"featured_media":0,"parent":4587,"menu_order":0,"comment_status":"closed","ping_status":"closed","template":"","meta":{"_joinchat":[],"footnotes":""},"class_list":["post-4729","page","type-page","status-publish","hentry"],"acf":[],"_links":{"self":[{"href":"https:\/\/medicaltravel.ch\/tr\/wp-json\/wp\/v2\/pages\/4729","targetHints":{"allow":["GET"]}}],"collection":[{"href":"https:\/\/medicaltravel.ch\/tr\/wp-json\/wp\/v2\/pages"}],"about":[{"href":"https:\/\/medicaltravel.ch\/tr\/wp-json\/wp\/v2\/types\/page"}],"author":[{"embeddable":true,"href":"https:\/\/medicaltravel.ch\/tr\/wp-json\/wp\/v2\/users\/4"}],"replies":[{"embeddable":true,"href":"https:\/\/medicaltravel.ch\/tr\/wp-json\/wp\/v2\/comments?post=4729"}],"version-history":[{"count":0,"href":"https:\/\/medicaltravel.ch\/tr\/wp-json\/wp\/v2\/pages\/4729\/revisions"}],"up":[{"embeddable":true,"href":"https:\/\/medicaltravel.ch\/tr\/wp-json\/wp\/v2\/pages\/4587"}],"wp:attachment":[{"href":"https:\/\/medicaltravel.ch\/tr\/wp-json\/wp\/v2\/media?parent=4729"}],"curies":[{"name":"wp","href":"https:\/\/api.w.org\/{rel}","templated":true}]}}