{"id":4731,"date":"2025-09-23T17:27:29","date_gmt":"2025-09-23T16:27:29","guid":{"rendered":"https:\/\/medicaltravel.ch\/hasta-raporlari\/erfahrungsberichte-empfehlungen-behandlungen-beurteilung-tuerkei-istanbul\/istanbuldaki-tam-dis-revizyonum-kesinlikle-muekemmel-7-subat-2017-sali-tarihli-rapor\/"},"modified":"2026-01-12T19:12:08","modified_gmt":"2026-01-12T18:12:08","slug":"istanbuldaki-tam-dis-revizyonum-kesinlikle-muekemmel-7-subat-2017-sali-tarihli-rapor","status":"publish","type":"page","link":"https:\/\/medicaltravel.ch\/tr\/hasta-raporlari\/referanslar-tavsiyeler-tedaviler-degerlendirmeler-turkiye-istanbul\/istanbuldaki-tam-dis-revizyonum-kesinlikle-muekemmel-7-subat-2017-sali-tarihli-rapor\/","title":{"rendered":"\u0130STANBUL&#8217;DAK\u0130 TAM D\u0130\u015e REV\u0130ZYONUM, KES\u0130NL\u0130KLE M\u00dcKEMMEL! \u2013 7 \u015eubat 2017 Sal\u0131 tarihli rapor"},"content":{"rendered":"\n<p>\u0130STANBUL&#8217;DAK\u0130 TAM D\u0130\u015e REV\u0130ZYONUM, KES\u0130NL\u0130KLE M\u00dcKEMMEL! \u2013 7 \u015eubat 2017 Sal\u0131 tarihli rapor<\/p>\n\n\n\n<p>Hareketimden k\u0131sa bir s\u00fcre \u00f6nce, tan\u0131d\u0131klar\u0131m endi\u015feli y\u00fczlerle ve t\u00fcm iyi dilekleriyle benden ayr\u0131ld\u0131lar, sanki do\u011frudan felaketime ko\u015fuyormu\u015fum gibi \ud83d\ude42. Bu, maalesef, bizim &#8216;\u00f6zg\u00fcr&#8217; d\u00fcnyam\u0131zdaki olumsuz medya haberleri ve bir\u00e7ok \u00f6nyarg\u0131n\u0131n yol a\u00e7t\u0131\u011f\u0131 bir yanl\u0131\u015f bilgilendirme durumu. Ancak, uygun fiyatl\u0131 ama yine de y\u00fcksek kaliteli bir di\u015f tedavisi \u00e7\u00f6z\u00fcm\u00fc arayanlar, burada ger\u00e7ekten iyi ve g\u00fcvenli bir teklif bulacaklard\u0131r.  <\/p>\n\n\n\n<p>\u0130stanbul&#8217;a iki kez gittim. Bu \u015fehir ger\u00e7ekten \u00e7ok g\u00fczel ve \u00e7ok ilgin\u00e7. T\u00fcrklerin misafirperverli\u011fi ger\u00e7ekten dikkat \u00e7ekici ve orada turistlerin hala arad\u0131\u011f\u0131n\u0131 bulabilece\u011fi bir \u015feyler var gibi g\u00f6r\u00fcn\u00fcyor. Bunu her iki ziyaretimde de deneyimledim. \u0130lk kez yaz\u0131n, ikinci kez ise k\u0131\u015f\u0131n. \u0130stanbul&#8217;da \u00e7ok fazla kar g\u00f6rd\u00fc\u011f\u00fcm i\u00e7in olduk\u00e7a \u015fa\u015f\u0131rd\u0131m. \u0130svi\u00e7re&#8217;nin i\u00e7 b\u00f6lgelerinde y\u0131llard\u0131r bu kadar kar ya\u011fmam\u0131\u015ft\u0131. Otel konusunda en uygun fiyatl\u0131 se\u00e7ene\u011fi tercih ettim \u00e7\u00fcnk\u00fc sade bir \u015feyler tercih ediyorum. Yine de otel gayet iyiydi ve insanlar \u00e7ok nazikti.        <\/p>\n\n\n\n<p>Tedavim hakk\u0131nda: Y\u0131llarca di\u015fim birer birer d\u00f6k\u00fcl\u00fcyordu ve her y\u0131l, en az\u0131ndan \u00e7i\u011fneyebilmek i\u00e7in, birka\u00e7 bin frank harc\u0131yordum. Di\u015f hekimim bana \u00e7\u0131kar\u0131labilir bir k\u0131sm\u0131 takma di\u015f \u00f6nerdi, ama sadece en temel i\u015flevi sa\u011flamak i\u00e7in, ki bu da bana zaten birka\u00e7 bin franka mal olacakt\u0131. Ancak birka\u00e7 y\u0131l i\u00e7inde yine de tam takma di\u015fe ula\u015facakt\u0131m. Burada \u201c\u00e7ekmece\u201d dedi\u011fimiz \u015fey, bana zaten on binlerce franka mal olacakt\u0131. Yani interneti ara\u015ft\u0131rmaya karar verdim ve MedicalTravel ile kar\u015f\u0131la\u015ft\u0131m.    <\/p>\n\n\n\n<p>Temelde, T\u00fcrkiye&#8217;nin \u00e7ok iyi e\u011fitimli doktorlara sahip oldu\u011funu ve bu doktorlar\u0131n bizim standartlar\u0131m\u0131za uygun \u00e7al\u0131\u015ft\u0131\u011f\u0131n\u0131 biliyordum. \u00dc\u00e7\u00fcnc\u00fc d\u00fcnyada belki daha ucuz teklifler bulunabilir, ama T\u00fcrk doktorlar\u0131n\u0131n i\u015finin daha g\u00fcvenilir oldu\u011fu izlenimine kap\u0131ld\u0131m. MedicalTravel hakk\u0131nda bilgi almak \u00fczere kat\u0131ld\u0131\u011f\u0131m bir etkinlikte, orada bulunan T\u00fcrk di\u015f hekimi Dr. \u00d6. \u00d6zt\u00fcrk taraf\u0131ndan \u00e7ok iyi bilgilendirildim. Beni, implantlarla yap\u0131lacak bir toplam \u00e7\u00f6z\u00fcm konusunda ikna ettiler ve bug\u00fcn buna \u00e7ok memnunum. Yani, kalan t\u00fcm di\u015flerimin \u00e7ekilmesi ve toplamda 16 implant \u00fczerine yeni bir di\u015f tak\u0131m\u0131 yap\u0131lmas\u0131 gerekiyordu, b\u00f6ylece sonunda t\u0131pk\u0131 kendi di\u015flerim gibi hissettirecek bir \u00e7\u00f6z\u00fcm elde edilecekti. \u0130svi\u00e7re&#8217;de bunun i\u00e7in bir servet \u00f6demem gerekecekti, T\u00fcrkiye&#8217;de ise yakla\u015f\u0131k %70 daha az bir maliyetle ger\u00e7ekle\u015fti.      <\/p>\n\n\n\n<p>Bu tedavi 2 a\u015famada ger\u00e7ekle\u015fiyor. \u0130lk a\u015fama, mevcut di\u015flerin tamamen anestezi alt\u0131nda al\u0131nmas\u0131d\u0131r. Hi\u00e7bir \u015fey hissetmedim, ger\u00e7ekten a\u011fr\u0131s\u0131z denebilir, ve hastanede ge\u00e7irdi\u011fim iki g\u00fcnl\u00fck s\u00fcre de olduk\u00e7a rahatt\u0131. Tabii ki, ba\u015flang\u0131\u00e7ta a\u011f\u0131zda di\u015f olmadan olmak biraz garip, ama bunun \u00fcstesinden gelmek gerekiyor. Sonras\u0131nda, implantlar\u0131n tamamen iyile\u015fmesi i\u00e7in 6 ay beklenmesi gerekti\u011fi i\u00e7in ge\u00e7ici bir tam takma di\u015f verildi. Ge\u00e7ici protez olduk\u00e7a iyi g\u00f6r\u00fcn\u00fcyor, ancak benim i\u00e7in ba\u015flang\u0131\u00e7ta kullanmak \u00e7ok zordu, tabi herkes farkl\u0131d\u0131r.     <\/p>\n\n\n\n<p>Birka\u00e7 hafta sonra buna al\u0131\u015ft\u0131m ve neredeyse her \u015feyi yiyebildim. Ayr\u0131ca, bu durumun sadece ge\u00e7ici oldu\u011funu biliyordum. Hi\u00e7bir zaman b\u00fcy\u00fck bir enfeksiyon ya da a\u011fr\u0131 problemi ya\u015famad\u0131m. Nihai \u00e7\u00f6z\u00fcm\u00fc d\u00f6rt g\u00f6zle bekledim ve ger\u00e7ekten bunu se\u00e7ti\u011fime \u00e7ok sevindim.   <\/p>\n\n\n\n<p>\u0130kinci a\u015famada implantlar a\u00e7\u0131\u011fa \u00e7\u0131kar\u0131l\u0131r ve \u00fczerine di\u015f ta\u00e7lar\u0131 yerle\u015ftirilir. Bu biraz daha zahmetli bir i\u015flem. Her \u015fey tam olarak uyarlan\u0131yor, bu da bana bir hasta olarak ger\u00e7ekten avantaj sa\u011fl\u0131yor. \u0130lk ziyarette oldu\u011fu gibi, her ad\u0131m hakk\u0131nda s\u00fcrekli bilgilendirildim ve terc\u00fcman ger\u00e7ekten \u00e7ok iyi bir i\u015f \u00e7\u0131kard\u0131. Dr. \u00d6zt\u00fcrk&#8217;\u00fcn yan\u0131nda da ger\u00e7ekten yetkin ellerde oldu\u011fumu hissediyorsunuz.    <\/p>\n\n\n\n<p>\u015eimdi bir haftad\u0131r t\u00fcm di\u015flerim yerine yerle\u015fti ve bundan ger\u00e7ekten keyif al\u0131yorum. Her \u015fey m\u00fckemmel. Herkese tavsiye edebilirim. Ke\u015fke birka\u00e7 y\u0131l \u00f6nce di\u015flerimi yapt\u0131rm\u0131\u015f olsayd\u0131m, daha da iyi olurdu.   <\/p>\n\n\n\n<p>Christian Linder<\/p>\n\n\n\n<div class=\"wp-block-group is-layout-grid wp-container-core-group-is-layout-baef362d wp-block-group-is-layout-grid\">\n<p><a href=\"https:\/\/medicaltravel.at\/home\/agb\/\" data-type=\"page\" data-id=\"2191\" rel=\"nofollow noopener\" target=\"_blank\"><\/a><a href=\"https:\/\/medicaltravel.ch\/tr\/hasta-raporlari\/referanslar-tavsiyeler-tedaviler-degerlendirmeler-turkiye-istanbul\/iki-kitadaki-sehirde-gecirdigim-meme-ameliyatim\/\" data-type=\"link\" data-id=\"https:\/\/medicaltravel.ch\/tr\/hasta-raporlari\/referanslar-tavsiyeler-tedaviler-degerlendirmeler-turkiye-istanbul\/iki-kitadaki-sehirde-gecirdigim-meme-ameliyatim\/\">\u00d6nceki rapor<\/a><\/p>\n\n\n\n<p class=\"has-text-align-right wp-container-content-5e2576f9\"><a href=\"https:\/\/medicaltravel.at\/home\/impressum\/\" data-type=\"page\" data-id=\"2193\" rel=\"nofollow noopener\" target=\"_blank\"><\/a><a href=\"https:\/\/medicaltravel.at\/home\/berichte-von-patienten\/erfahrungsberichte\/erfahrungsbericht-zahnbehandlung-in-istanbul\/\" data-type=\"page\" data-id=\"981\" rel=\"nofollow noopener\" target=\"_blank\"><\/a><a href=\"https:\/\/medicaltravel.ch\/tr\/hasta-raporlari\/referanslar-tavsiyeler-tedaviler-degerlendirmeler-turkiye-istanbul\/istanbuldaki-meme-tedavim-25-ocak-2017-carsamba-tarihli-rapor\/\" data-type=\"link\" data-id=\"https:\/\/medicaltravel.ch\/tr\/hasta-raporlari\/referanslar-tavsiyeler-tedaviler-degerlendirmeler-turkiye-istanbul\/istanbuldaki-meme-tedavim-25-ocak-2017-carsamba-tarihli-rapor\/\">Bir sonraki rapor<\/a><\/p>\n<\/div>\n","protected":false},"excerpt":{"rendered":"<p>\u0130STANBUL&#8217;DAK\u0130 TAM D\u0130\u015e REV\u0130ZYONUM, KES\u0130NL\u0130KLE M\u00dcKEMMEL! \u2013 7 \u015eubat 2017 Sal\u0131 tarihli rapor Hareketimden k\u0131sa bir s\u00fcre \u00f6nce, tan\u0131d\u0131klar\u0131m endi\u015feli y\u00fczlerle ve t\u00fcm iyi dilekleriyle benden ayr\u0131ld\u0131lar, sanki do\u011frudan felaketime ko\u015fuyormu\u015fum gibi \ud83d\ude42. Bu, maalesef, bizim &#8216;\u00f6zg\u00fcr&#8217; d\u00fcnyam\u0131zdaki olumsuz medya haberleri ve bir\u00e7ok \u00f6nyarg\u0131n\u0131n yol a\u00e7t\u0131\u011f\u0131 bir yanl\u0131\u015f bilgilendirme durumu. Ancak, uygun fiyatl\u0131 ama yine de y\u00fcksek kaliteli bir di\u015f tedavisi \u00e7\u00f6z\u00fcm\u00fc arayanlar, burada ger\u00e7ekten iyi ve g\u00fcvenli bir teklif bulacaklard\u0131r. \u0130stanbul&#8217;a iki kez gittim. Bu \u015fehir ger\u00e7ekten \u00e7ok g\u00fczel ve \u00e7ok ilgin\u00e7. T\u00fcrklerin misafirperverli\u011fi ger\u00e7ekten dikkat \u00e7ekici ve orada turistlerin hala arad\u0131\u011f\u0131n\u0131 bulabilece\u011fi bir \u015feyler var gibi g\u00f6r\u00fcn\u00fcyor. Bunu her iki ziyaretimde de deneyimledim. \u0130lk kez yaz\u0131n, ikinci kez ise k\u0131\u015f\u0131n. \u0130stanbul&#8217;da \u00e7ok fazla kar g\u00f6rd\u00fc\u011f\u00fcm i\u00e7in olduk\u00e7a \u015fa\u015f\u0131rd\u0131m. \u0130svi\u00e7re&#8217;nin i\u00e7 b\u00f6lgelerinde y\u0131llard\u0131r bu kadar kar ya\u011fmam\u0131\u015ft\u0131. Otel konusunda en uygun fiyatl\u0131 se\u00e7ene\u011fi tercih ettim \u00e7\u00fcnk\u00fc sade bir \u015feyler tercih ediyorum. Yine de otel gayet iyiydi ve insanlar \u00e7ok nazikti. Tedavim hakk\u0131nda: Y\u0131llarca di\u015fim birer birer d\u00f6k\u00fcl\u00fcyordu ve her y\u0131l, en az\u0131ndan \u00e7i\u011fneyebilmek i\u00e7in, birka\u00e7 bin frank harc\u0131yordum. Di\u015f hekimim bana \u00e7\u0131kar\u0131labilir bir k\u0131sm\u0131 takma di\u015f \u00f6nerdi, ama sadece en temel i\u015flevi sa\u011flamak i\u00e7in, ki bu da bana zaten birka\u00e7 bin franka mal olacakt\u0131. Ancak birka\u00e7 y\u0131l i\u00e7inde yine de tam takma di\u015fe ula\u015facakt\u0131m. Burada \u201c\u00e7ekmece\u201d dedi\u011fimiz \u015fey, bana zaten on binlerce franka mal olacakt\u0131. Yani interneti ara\u015ft\u0131rmaya karar verdim ve MedicalTravel ile kar\u015f\u0131la\u015ft\u0131m. Temelde, T\u00fcrkiye&#8217;nin \u00e7ok iyi e\u011fitimli doktorlara sahip oldu\u011funu ve bu doktorlar\u0131n bizim standartlar\u0131m\u0131za uygun \u00e7al\u0131\u015ft\u0131\u011f\u0131n\u0131 biliyordum. \u00dc\u00e7\u00fcnc\u00fc d\u00fcnyada belki daha ucuz teklifler bulunabilir, ama T\u00fcrk doktorlar\u0131n\u0131n i\u015finin daha g\u00fcvenilir oldu\u011fu izlenimine kap\u0131ld\u0131m. MedicalTravel hakk\u0131nda bilgi almak \u00fczere kat\u0131ld\u0131\u011f\u0131m bir etkinlikte, orada bulunan T\u00fcrk di\u015f hekimi Dr. \u00d6. \u00d6zt\u00fcrk taraf\u0131ndan \u00e7ok iyi bilgilendirildim. Beni, implantlarla yap\u0131lacak bir toplam \u00e7\u00f6z\u00fcm konusunda ikna ettiler ve bug\u00fcn buna \u00e7ok memnunum. Yani, kalan t\u00fcm di\u015flerimin \u00e7ekilmesi ve toplamda 16 implant \u00fczerine yeni bir di\u015f tak\u0131m\u0131 yap\u0131lmas\u0131 gerekiyordu, b\u00f6ylece sonunda t\u0131pk\u0131 kendi di\u015flerim gibi hissettirecek bir \u00e7\u00f6z\u00fcm elde edilecekti. \u0130svi\u00e7re&#8217;de bunun i\u00e7in bir servet \u00f6demem gerekecekti, T\u00fcrkiye&#8217;de ise yakla\u015f\u0131k %70 daha az bir maliyetle ger\u00e7ekle\u015fti. Bu tedavi 2 a\u015famada ger\u00e7ekle\u015fiyor. \u0130lk a\u015fama, mevcut di\u015flerin tamamen anestezi alt\u0131nda al\u0131nmas\u0131d\u0131r. Hi\u00e7bir \u015fey hissetmedim, ger\u00e7ekten a\u011fr\u0131s\u0131z denebilir, ve hastanede ge\u00e7irdi\u011fim iki g\u00fcnl\u00fck s\u00fcre de olduk\u00e7a rahatt\u0131. Tabii ki, ba\u015flang\u0131\u00e7ta a\u011f\u0131zda di\u015f olmadan olmak biraz garip, ama bunun \u00fcstesinden gelmek gerekiyor. Sonras\u0131nda, implantlar\u0131n tamamen iyile\u015fmesi i\u00e7in 6 ay beklenmesi gerekti\u011fi i\u00e7in ge\u00e7ici bir tam takma di\u015f verildi. Ge\u00e7ici protez olduk\u00e7a iyi g\u00f6r\u00fcn\u00fcyor, ancak benim i\u00e7in ba\u015flang\u0131\u00e7ta kullanmak \u00e7ok zordu, tabi herkes farkl\u0131d\u0131r. Birka\u00e7 hafta sonra buna al\u0131\u015ft\u0131m ve neredeyse her \u015feyi yiyebildim. Ayr\u0131ca, bu durumun sadece ge\u00e7ici oldu\u011funu biliyordum. Hi\u00e7bir zaman b\u00fcy\u00fck bir enfeksiyon ya da a\u011fr\u0131 problemi ya\u015famad\u0131m. Nihai \u00e7\u00f6z\u00fcm\u00fc d\u00f6rt g\u00f6zle bekledim ve ger\u00e7ekten bunu se\u00e7ti\u011fime \u00e7ok sevindim. \u0130kinci a\u015famada implantlar a\u00e7\u0131\u011fa \u00e7\u0131kar\u0131l\u0131r ve \u00fczerine di\u015f ta\u00e7lar\u0131 yerle\u015ftirilir. Bu biraz daha zahmetli bir i\u015flem. Her \u015fey tam olarak uyarlan\u0131yor, bu da bana bir hasta olarak ger\u00e7ekten avantaj sa\u011fl\u0131yor. \u0130lk ziyarette oldu\u011fu gibi, her ad\u0131m hakk\u0131nda s\u00fcrekli bilgilendirildim ve terc\u00fcman ger\u00e7ekten \u00e7ok iyi bir i\u015f \u00e7\u0131kard\u0131. Dr. \u00d6zt\u00fcrk&#8217;\u00fcn yan\u0131nda da ger\u00e7ekten yetkin ellerde oldu\u011fumu hissediyorsunuz. \u015eimdi bir haftad\u0131r t\u00fcm di\u015flerim yerine yerle\u015fti ve bundan ger\u00e7ekten keyif al\u0131yorum. Her \u015fey m\u00fckemmel. Herkese tavsiye edebilirim. Ke\u015fke birka\u00e7 y\u0131l \u00f6nce di\u015flerimi yapt\u0131rm\u0131\u015f olsayd\u0131m, daha da iyi olurdu. Christian Linder \u00d6nceki rapor Bir sonraki rapor<\/p>\n","protected":false},"author":4,"featured_media":0,"parent":4587,"menu_order":0,"comment_status":"closed","ping_status":"closed","template":"","meta":{"_joinchat":[],"footnotes":""},"class_list":["post-4731","page","type-page","status-publish","hentry"],"acf":[],"_links":{"self":[{"href":"https:\/\/medicaltravel.ch\/tr\/wp-json\/wp\/v2\/pages\/4731","targetHints":{"allow":["GET"]}}],"collection":[{"href":"https:\/\/medicaltravel.ch\/tr\/wp-json\/wp\/v2\/pages"}],"about":[{"href":"https:\/\/medicaltravel.ch\/tr\/wp-json\/wp\/v2\/types\/page"}],"author":[{"embeddable":true,"href":"https:\/\/medicaltravel.ch\/tr\/wp-json\/wp\/v2\/users\/4"}],"replies":[{"embeddable":true,"href":"https:\/\/medicaltravel.ch\/tr\/wp-json\/wp\/v2\/comments?post=4731"}],"version-history":[{"count":0,"href":"https:\/\/medicaltravel.ch\/tr\/wp-json\/wp\/v2\/pages\/4731\/revisions"}],"up":[{"embeddable":true,"href":"https:\/\/medicaltravel.ch\/tr\/wp-json\/wp\/v2\/pages\/4587"}],"wp:attachment":[{"href":"https:\/\/medicaltravel.ch\/tr\/wp-json\/wp\/v2\/media?parent=4731"}],"curies":[{"name":"wp","href":"https:\/\/api.w.org\/{rel}","templated":true}]}}