{"id":4733,"date":"2025-09-23T17:24:06","date_gmt":"2025-09-23T16:24:06","guid":{"rendered":"https:\/\/medicaltravel.ch\/hasta-raporlari\/erfahrungsberichte-empfehlungen-behandlungen-beurteilung-tuerkei-istanbul\/istanbuldaki-dis-taci-tedavim\/"},"modified":"2026-01-12T19:05:56","modified_gmt":"2026-01-12T18:05:56","slug":"istanbuldaki-dis-taci-tedavim","status":"publish","type":"page","link":"https:\/\/medicaltravel.ch\/tr\/hasta-raporlari\/referanslar-tavsiyeler-tedaviler-degerlendirmeler-turkiye-istanbul\/istanbuldaki-dis-taci-tedavim\/","title":{"rendered":"\u0130STANBUL&#8217;DAK\u0130 D\u0130\u015e TA\u00c7I TEDAV\u0130M"},"content":{"rendered":"\n<p>\u0130STANBUL&#8217;DAK\u0130 D\u0130\u015e TAKIMI TEDAV\u0130S\u0130 \u2013 2 Eyl\u00fcl 2017 Cumartesi Raporu<\/p>\n\n\n\n<p>Bir s\u00fcredir bruksizm (gece di\u015f g\u0131c\u0131rdatma) hastal\u0131\u011f\u0131 ile m\u00fccadele ediyorum. Ayr\u0131ca ne yaz\u0131k ki, ciddi bir di\u015f\u00e7i fobim var. Di\u015flerim k\u0131r\u0131lgand\u0131 ve di\u015f g\u0131c\u0131rdatma y\u00fcz\u00fcnden olduk\u00e7a a\u015f\u0131nd\u0131.  <\/p>\n\n\n\n<p>Bu tedaviyi \u0130svi\u00e7re&#8217;de kar\u015f\u0131layamayaca\u011f\u0131m\u0131 bildi\u011fim i\u00e7in ve ayr\u0131ca burada di\u015f hekimleriyle \u00e7ok k\u00f6t\u00fc, ac\u0131l\u0131 deneyimler ya\u015fad\u0131\u011f\u0131m i\u00e7in internette bir alternatif aramaya ba\u015flad\u0131m.<\/p>\n\n\n\n<p>Orada MedicalTravel sitesini buldum. Sitede, buran\u0131n bir klinik oldu\u011funu okudum ve bir klinik demek, benim i\u00e7in burada bana genel anestezi veya sedasyon uygulanabilece\u011fi anlam\u0131na geliyordu. Bunun \u00fczerine MedicalTravel Merkezi ile ileti\u015fime ge\u00e7tim. Orada, Bay Kara taraf\u0131ndan \u00e7ok nazik bir \u015fekilde kar\u015f\u0131land\u0131m ve bana her \u015fey hakk\u0131nda bilgi verildi; i\u015flem s\u00fcreci, ihtiya\u00e7 duyaca\u011f\u0131m di\u011fer \u015feyler vb.    <\/p>\n\n\n\n<p>Ayr\u0131ca benim i\u00e7in bir randevu ayarlad\u0131, b\u00f6ylece \u0130svi\u00e7re&#8217;de doktorumla tan\u0131\u015fma f\u0131rsat\u0131m oldu. Bu g\u00f6r\u00fc\u015fme Zug kantonunda ger\u00e7ekle\u015fti. O an zaten \u00e7ok sempatik geldi. \u00c7ok profesyonel bir \u015fekilde davran\u0131yordu ve benimle tedavi s\u00fcrecini detayl\u0131ca konu\u015ftu. Ayr\u0131ca, daha \u00f6nce yapt\u0131\u011f\u0131 di\u015f tedavilerinden foto\u011fraflar g\u00f6sterdi ve t\u00fcm sorular\u0131m\u0131 ve endi\u015felerimi yan\u0131tlad\u0131. Bu, g\u00fcvenimi olduk\u00e7a art\u0131rd\u0131.     <\/p>\n\n\n\n<p>A\u011fustos 2017&#8217;de yakla\u015f\u0131k 1,5 ay sonra \u0130stanbul&#8217;a gittim. \u0130lk randevum ertesi g\u00fcn sabah saat 9:00&#8217;da oldu. Klinikte \u00e7ok s\u0131cak bir \u015fekilde kar\u015f\u0131land\u0131m. Terc\u00fcman\u0131m Burcu, her zaman oradayd\u0131; e\u011fer Dr. \u00d6zt\u00fcrk&#8217;e bir \u015fey sormak istesem ya da Dr. bana bir \u015fey anlatmak istese, yard\u0131mc\u0131 oluyordu.     <\/p>\n\n\n\n<p>\u0130stanbul&#8217;daki 10 g\u00fcnl\u00fck kald\u0131\u011f\u0131m s\u00fcre boyunca \u00e7ok say\u0131da di\u015f randevum oldu. Hi\u00e7bir zaman genel anesteziye ihtiyac\u0131m olmad\u0131. Korkum, ne yaz\u0131k ki hala tam olarak ge\u00e7memi\u015f olsa da, her zaman Dr. \u00d6zt\u00fcrk&#8217;\u00fcn ellerinde g\u00fcvende hissettim. Ayr\u0131ca, a\u011fr\u0131lar da her zaman dayan\u0131labilir seviyedeydi. Sorular\u0131m ve endi\u015felerim konusunda da her zaman anlay\u0131\u015f g\u00f6sterildi.     <\/p>\n\n\n\n<p>\u015eimdi a\u011f\u0131z\u0131mda 25 yeni beyaz zirkonyum ta\u00e7 ve iki az\u0131 di\u015fim eksik. Ayr\u0131ca art\u0131k gece koruma ama\u00e7l\u0131 bir \u00e7ene pla\u011f\u0131m da var. <\/p>\n\n\n\n<p>Sonu\u00e7tan son derece memnun ve mutluyum. Bu klini\u011fi ve MedicalTravel&#8217;den Bay Kara&#8217;y\u0131 g\u00f6n\u00fclden herkese tavsiye ediyorum. <\/p>\n\n\n\n<p>Tekrar \u00e7ok te\u015fekk\u00fcr ederim!<\/p>\n\n\n\n<p>Karin Schafer<\/p>\n\n\n\n<div class=\"wp-block-group is-layout-grid wp-container-core-group-is-layout-baef362d wp-block-group-is-layout-grid\">\n<p><a href=\"https:\/\/medicaltravel.at\/home\/agb\/\" data-type=\"page\" data-id=\"2191\" rel=\"nofollow noopener\" target=\"_blank\"><\/a><a href=\"https:\/\/medicaltravel.ch\/tr\/hasta-raporlari\/referanslar-tavsiyeler-tedaviler-degerlendirmeler-turkiye-istanbul\/istanbulda-burun-duezeltme-islemim\/\" data-type=\"link\" data-id=\"https:\/\/medicaltravel.ch\/tr\/hasta-raporlari\/referanslar-tavsiyeler-tedaviler-degerlendirmeler-turkiye-istanbul\/istanbulda-burun-duezeltme-islemim\/\">\u00d6nceki rapor<\/a><\/p>\n\n\n\n<p class=\"has-text-align-right wp-container-content-5e2576f9\"><a href=\"https:\/\/medicaltravel.at\/home\/impressum\/\" data-type=\"page\" data-id=\"2193\" rel=\"nofollow noopener\" target=\"_blank\"><\/a><a href=\"https:\/\/medicaltravel.at\/home\/berichte-von-patienten\/erfahrungsberichte\/erfahrungsbericht-zahnbehandlung-in-istanbul\/\" data-type=\"page\" data-id=\"981\" rel=\"nofollow noopener\" target=\"_blank\"><\/a><a href=\"https:\/\/medicaltravel.ch\/tr\/hasta-raporlari\/referanslar-tavsiyeler-tedaviler-degerlendirmeler-turkiye-istanbul\/istanbuldaki-kaplama-tedavim\/\" data-type=\"link\" data-id=\"https:\/\/medicaltravel.ch\/tr\/hasta-raporlari\/referanslar-tavsiyeler-tedaviler-degerlendirmeler-turkiye-istanbul\/istanbuldaki-kaplama-tedavim\/\">Bir sonraki rapor<\/a><\/p>\n<\/div>\n","protected":false},"excerpt":{"rendered":"<p>\u0130STANBUL&#8217;DAK\u0130 D\u0130\u015e TAKIMI TEDAV\u0130S\u0130 \u2013 2 Eyl\u00fcl 2017 Cumartesi Raporu Bir s\u00fcredir bruksizm (gece di\u015f g\u0131c\u0131rdatma) hastal\u0131\u011f\u0131 ile m\u00fccadele ediyorum. Ayr\u0131ca ne yaz\u0131k ki, ciddi bir di\u015f\u00e7i fobim var. Di\u015flerim k\u0131r\u0131lgand\u0131 ve di\u015f g\u0131c\u0131rdatma y\u00fcz\u00fcnden olduk\u00e7a a\u015f\u0131nd\u0131. Bu tedaviyi \u0130svi\u00e7re&#8217;de kar\u015f\u0131layamayaca\u011f\u0131m\u0131 bildi\u011fim i\u00e7in ve ayr\u0131ca burada di\u015f hekimleriyle \u00e7ok k\u00f6t\u00fc, ac\u0131l\u0131 deneyimler ya\u015fad\u0131\u011f\u0131m i\u00e7in internette bir alternatif aramaya ba\u015flad\u0131m. Orada MedicalTravel sitesini buldum. Sitede, buran\u0131n bir klinik oldu\u011funu okudum ve bir klinik demek, benim i\u00e7in burada bana genel anestezi veya sedasyon uygulanabilece\u011fi anlam\u0131na geliyordu. Bunun \u00fczerine MedicalTravel Merkezi ile ileti\u015fime ge\u00e7tim. Orada, Bay Kara taraf\u0131ndan \u00e7ok nazik bir \u015fekilde kar\u015f\u0131land\u0131m ve bana her \u015fey hakk\u0131nda bilgi verildi; i\u015flem s\u00fcreci, ihtiya\u00e7 duyaca\u011f\u0131m di\u011fer \u015feyler vb. Ayr\u0131ca benim i\u00e7in bir randevu ayarlad\u0131, b\u00f6ylece \u0130svi\u00e7re&#8217;de doktorumla tan\u0131\u015fma f\u0131rsat\u0131m oldu. Bu g\u00f6r\u00fc\u015fme Zug kantonunda ger\u00e7ekle\u015fti. O an zaten \u00e7ok sempatik geldi. \u00c7ok profesyonel bir \u015fekilde davran\u0131yordu ve benimle tedavi s\u00fcrecini detayl\u0131ca konu\u015ftu. Ayr\u0131ca, daha \u00f6nce yapt\u0131\u011f\u0131 di\u015f tedavilerinden foto\u011fraflar g\u00f6sterdi ve t\u00fcm sorular\u0131m\u0131 ve endi\u015felerimi yan\u0131tlad\u0131. Bu, g\u00fcvenimi olduk\u00e7a art\u0131rd\u0131. A\u011fustos 2017&#8217;de yakla\u015f\u0131k 1,5 ay sonra \u0130stanbul&#8217;a gittim. \u0130lk randevum ertesi g\u00fcn sabah saat 9:00&#8217;da oldu. Klinikte \u00e7ok s\u0131cak bir \u015fekilde kar\u015f\u0131land\u0131m. Terc\u00fcman\u0131m Burcu, her zaman oradayd\u0131; e\u011fer Dr. \u00d6zt\u00fcrk&#8217;e bir \u015fey sormak istesem ya da Dr. bana bir \u015fey anlatmak istese, yard\u0131mc\u0131 oluyordu. \u0130stanbul&#8217;daki 10 g\u00fcnl\u00fck kald\u0131\u011f\u0131m s\u00fcre boyunca \u00e7ok say\u0131da di\u015f randevum oldu. Hi\u00e7bir zaman genel anesteziye ihtiyac\u0131m olmad\u0131. Korkum, ne yaz\u0131k ki hala tam olarak ge\u00e7memi\u015f olsa da, her zaman Dr. \u00d6zt\u00fcrk&#8217;\u00fcn ellerinde g\u00fcvende hissettim. Ayr\u0131ca, a\u011fr\u0131lar da her zaman dayan\u0131labilir seviyedeydi. Sorular\u0131m ve endi\u015felerim konusunda da her zaman anlay\u0131\u015f g\u00f6sterildi. \u015eimdi a\u011f\u0131z\u0131mda 25 yeni beyaz zirkonyum ta\u00e7 ve iki az\u0131 di\u015fim eksik. Ayr\u0131ca art\u0131k gece koruma ama\u00e7l\u0131 bir \u00e7ene pla\u011f\u0131m da var. Sonu\u00e7tan son derece memnun ve mutluyum. Bu klini\u011fi ve MedicalTravel&#8217;den Bay Kara&#8217;y\u0131 g\u00f6n\u00fclden herkese tavsiye ediyorum. Tekrar \u00e7ok te\u015fekk\u00fcr ederim! Karin Schafer \u00d6nceki rapor Bir sonraki rapor<\/p>\n","protected":false},"author":4,"featured_media":0,"parent":4587,"menu_order":0,"comment_status":"closed","ping_status":"closed","template":"","meta":{"_joinchat":[],"footnotes":""},"class_list":["post-4733","page","type-page","status-publish","hentry"],"acf":[],"_links":{"self":[{"href":"https:\/\/medicaltravel.ch\/tr\/wp-json\/wp\/v2\/pages\/4733","targetHints":{"allow":["GET"]}}],"collection":[{"href":"https:\/\/medicaltravel.ch\/tr\/wp-json\/wp\/v2\/pages"}],"about":[{"href":"https:\/\/medicaltravel.ch\/tr\/wp-json\/wp\/v2\/types\/page"}],"author":[{"embeddable":true,"href":"https:\/\/medicaltravel.ch\/tr\/wp-json\/wp\/v2\/users\/4"}],"replies":[{"embeddable":true,"href":"https:\/\/medicaltravel.ch\/tr\/wp-json\/wp\/v2\/comments?post=4733"}],"version-history":[{"count":0,"href":"https:\/\/medicaltravel.ch\/tr\/wp-json\/wp\/v2\/pages\/4733\/revisions"}],"up":[{"embeddable":true,"href":"https:\/\/medicaltravel.ch\/tr\/wp-json\/wp\/v2\/pages\/4587"}],"wp:attachment":[{"href":"https:\/\/medicaltravel.ch\/tr\/wp-json\/wp\/v2\/media?parent=4733"}],"curies":[{"name":"wp","href":"https:\/\/api.w.org\/{rel}","templated":true}]}}