{"id":4735,"date":"2025-09-23T17:17:07","date_gmt":"2025-09-23T16:17:07","guid":{"rendered":"https:\/\/medicaltravel.ch\/hasta-raporlari\/erfahrungsberichte-empfehlungen-behandlungen-beurteilung-tuerkei-istanbul\/istanbuldaki-liposuksiyonum\/"},"modified":"2026-01-12T19:02:32","modified_gmt":"2026-01-12T18:02:32","slug":"istanbuldaki-liposuksiyonum","status":"publish","type":"page","link":"https:\/\/medicaltravel.ch\/tr\/hasta-raporlari\/referanslar-tavsiyeler-tedaviler-degerlendirmeler-turkiye-istanbul\/istanbuldaki-liposuksiyonum\/","title":{"rendered":"\u0130STANBUL&#8217;DAK\u0130 L\u0130POSUKS\u0130YONUM"},"content":{"rendered":"\n<p>\u0130STANBUL&#8217;DAK\u0130 L\u0130POSUKS\u0130YONUM \u2013 \u200b\u200b5 \u015eubat 2018 Pazartesi Raporu<\/p>\n\n\n\n<p>\u0130stanbul&#8217;da liposuction i\u00e7in ge\u00e7irdi\u011fim g\u00fcnler<\/p>\n\n\n\n<p>G\u00f6r\u00fcn\u00fc\u015fe g\u00f6re karar\u0131n\u0131z\u0131 verdikten sonra her \u015fey h\u0131zla ilerlemi\u015f. MedicalTravel ile s\u00fcrecinize ba\u015flam\u0131\u015fs\u0131n\u0131z. Peki, \u0130stanbul\u2019daki liposuction s\u00fcreciniz nas\u0131l ge\u00e7ti? \u0130lk izlenimleriniz nelerdi?<\/p>\n\n\n\n<p>7 Ocak 2018, Pazar.<br>Z\u00fcrih Havaalan\u0131&#8217;na do\u011fru yola \u00e7\u0131kt\u0131k. U\u00e7u\u015fumuz saat 11:45&#8217;teydi. \u0130stanbul&#8217;a yakla\u015f\u0131k 17:00&#8217;de (zaman fark\u0131 nedeniyle) vard\u0131k. Annem de bana mental destek olmak i\u00e7in yan\u0131mdayd\u0131.<br>\u0130stanbul&#8217;a varman\u0131z nas\u0131l ge\u00e7ti? \u0130lk izlenimleriniz nas\u0131ld\u0131?   <\/p>\n\n\n\n<p>Havaalan\u0131na vard\u0131\u011f\u0131n\u0131zda, valizlerinizi ald\u0131ktan sonra Acibadem\u2019in yard\u0131m masas\u0131na y\u00f6neldiniz. \u0130ki kad\u0131n \u00e7ok nazik bir \u015fekilde kar\u015f\u0131lam\u0131\u015f ve k\u0131sa bir s\u00fcre beklemenizi istemi\u015fler. 10 dakika i\u00e7inde ise sizi arabaya al\u0131p Levent Oteli&#8217;ne do\u011fru yola \u00e7\u0131km\u0131\u015fs\u0131n\u0131z.<br>Otele var\u0131nca nas\u0131l bir ortamla kar\u015f\u0131la\u015ft\u0131n\u0131z? \u0130yi bir ba\u015flang\u0131\u00e7 oldu mu?  <\/p>\n\n\n\n<p>Seyahatten biraz yorgun olarak odaya yerle\u015ftiniz. Pek ola\u011fan\u00fcst\u00fc bir \u015fey yoktu ama her \u015fey temiz ve bak\u0131ml\u0131yd\u0131. Ameliyat \u00f6ncesi son gece&#8230; Ger\u00e7ekten b\u00fcy\u00fck bir ad\u0131m at\u0131yorsunuz. O gece nas\u0131l hissettiniz? Biraz heyecan, belki de biraz gerginlik? <\/p>\n\n\n\n<p>8 Ocak 2018, Pazartesi.<br>Saat 7:15&#8217;te al\u0131n\u0131p hastaneye g\u00f6t\u00fcr\u00fclmemiz gerekiyordu, ama 7:00&#8217;de odaya telefon geldi ve s\u00fcr\u00fcc\u00fcn\u00fcn \u00e7oktan orada oldu\u011fu s\u00f6ylendi. Saat 7:30&#8217;da Acibadem Taksim Hastanesi&#8217;ne vard\u0131k. \u0130lk izlenim: VAY! San\u0131r\u0131m \u0130svi\u00e7re&#8217;de b\u00f6yle modern bir hastane bulmak i\u00e7in uzun s\u00fcre aramak gerekirdi.<br>Ger\u00e7ekten \u00e7ok etkileyici bir ba\u015flang\u0131\u00e7 olmu\u015f. Hastanenin atmosferi nas\u0131l? Her \u015fey bekledi\u011finiz gibi miydi?   <\/p>\n\n\n\n<p>Sinirli bir \u015fekilde, i\u015flemler ba\u015flayana kadar beklediniz. O s\u0131rada Kati ile tan\u0131\u015ft\u0131n\u0131z, terc\u00fcman\u0131n\u0131z. \u0130\u015flemleri hallettikten sonra odaya ge\u00e7tiniz. Tek ki\u015filik oda, son derece modern ve \u00e7ok g\u00fczelmi\u015f. Zaman zaman \u00e7e\u015fitli insanlar geldi: birisi kan almay\u0131, bir di\u011feri ameliyat k\u0131yafetini getirmeyi, bir di\u011feri de anesteziyi haz\u0131rlamay\u0131 \u00fcstlenmi\u015fti. En son ise, ameliyat\u0131 yapacak olan Dr. Tatlidede geldi.<br>Odada ge\u00e7irdi\u011finiz zaman nas\u0131l ge\u00e7ti? Haz\u0131rl\u0131klar nas\u0131l ilerliyordu?    <\/p>\n\n\n\n<p>Ve sonra v\u00fccudunuzda renkler belirmeye ba\u015flad\u0131. Hangi b\u00f6lgelerin i\u015flem g\u00f6rece\u011fi belirlenip etraf\u0131nda daireler ve \u00e7izgiler \u00e7izildi. Olduk\u00e7a fazla \u00e7izim yap\u0131ld\u0131 \u00e7\u00fcnk\u00fc s\u0131rt, bel, kar\u0131n ve uyluklar\u0131n\u0131zda i\u015flem yap\u0131lacakt\u0131. Sonras\u0131nda ise, nihayet i\u015flem ba\u015flayana kadar beklemeye ba\u015flad\u0131n\u0131z.<br>O anki duygular\u0131n\u0131z nas\u0131ld\u0131? Biraz gerginlik, belki de merak m\u0131?  <\/p>\n\n\n\n<p>Saat 11:30 civar\u0131nda nihayet i\u015flem ba\u015flad\u0131, ve art\u0131k daha ince bir hayata do\u011fru yolculu\u011funuz ger\u00e7ekten ba\u015flam\u0131\u015ft\u0131. Saat 17:30&#8217;da ise her \u015fey bitmi\u015fti ve &#8220;anestezi sayesinde&#8221; hi\u00e7bir \u015fey hissetmemi\u015fsiniz. O gece hastanede kald\u0131n\u0131z, annem de sizinle birlikte odada bir yatak kanepeye uzan\u0131p yan\u0131n\u0131zda kald\u0131.<br>Nas\u0131l hissediyordunuz, \u00e7ok mu yorgundunuz yoksa biraz rahatlama m\u0131? Annenizin yan\u0131n\u0131zda olmas\u0131 size nas\u0131l hissettirdi? <\/p>\n\n\n\n<p>9 Ocak 2018, Sal\u0131.<br>Gece biraz zor ge\u00e7ti, pek uyuyamad\u0131m. Oturmak ya da kalkmak pek favori aktivitelerim aras\u0131nda de\u011fildi. Daha \u00e7ok a\u011fr\u0131l\u0131yd\u0131 ve pek de rahatlat\u0131c\u0131 de\u011fildi, ama ne derler, g\u00fczellik ac\u0131 \u00e7ekmeyi gerektirir.<br>Ger\u00e7ekten zorlay\u0131c\u0131 bir s\u00fcre\u00e7ti, de\u011fil mi? Ama sonunda o zahmetin kar\u015f\u0131l\u0131\u011f\u0131n\u0131 alaca\u011f\u0131n\u0131z\u0131 biliyordunuz. O anlarda en \u00e7ok zorland\u0131\u011f\u0131n\u0131z \u015fey neydi?  <\/p>\n\n\n\n<p>Saat 10&#8217;daki ziyaretin ard\u0131ndan otele d\u00f6nmemize izin verildi. Sevgili Kati bizim i\u00e7in bir taksi ayarlad\u0131 ve taksi 20 dakika sonra geldi.  <\/p>\n\n\n\n<p>Otele d\u00f6nd\u00fc\u011f\u00fcmde sadece uzanmak istedim. \u00c7\u00fcnk\u00fc yatmak, a\u011fr\u0131s\u0131z en rahat pozisyondu.<br>Dola\u015f\u0131m\u0131m\u0131 biraz d\u00fczene sokmak i\u00e7in yak\u0131nlardaki al\u0131\u015fveri\u015f merkezine gidip biraz al\u0131\u015fveri\u015f yapmaya karar verdik.<br>Yava\u015f\u00e7a y\u00fcr\u00fcyebiliyorum, ama sadece yava\u015f\u00e7a. <\/p>\n\n\n\n<p>Kahvalt\u0131 ve ak\u015fam yeme\u011fimizi otelde yedik. \u00c7ar\u015famba ve Per\u015fembe g\u00fcnlerini otelde ge\u00e7irdik ve oradan birka\u00e7 yer gezmeye gittik. \u00d6rne\u011fin, metroyla Taksim Meydan\u0131&#8217;na gittik ve biraz da \u00e7ar\u015f\u0131y\u0131 gezdik.  <\/p>\n\n\n\n<p>12 Ocak 2018, Cuma<br>D\u00f6n\u00fc\u015f u\u00e7u\u015fumdan \u00f6nce Dr. Tatlidede ile son kontrol\u00fcm yap\u0131ld\u0131. Sonu\u00e7tan \u00e7ok memnundu ve Cumartesi g\u00fcn\u00fc d\u00f6n\u00fc\u015f u\u00e7u\u015fu i\u00e7in onay verdi. <\/p>\n\n\n\n<p>13 Ocak 2018, Cumartesi<br>D\u00f6n\u00fc\u015f u\u00e7u\u015fumuz ak\u015fam 21:00 civar\u0131ndayd\u0131. Otelden havaalan\u0131na transferimiz saat 17:30&#8217;da oldu. Oday\u0131 ise saat 12:00&#8217;de terk etmemiz gerekiyordu. San\u0131r\u0131m bu seyahatle ilgili s\u00f6yleyebilece\u011fim tek olumsuz \u015fey buydu. \u00c7\u00fcnk\u00fc 12:00&#8217;den 17:30&#8217;a kadar lobide oturup beklemek ger\u00e7ekten uzun bir s\u00fcreydi ve oturmak da olduk\u00e7a zordu. Bizim gibi ak\u015fam u\u00e7anlar i\u00e7in, cumartesi g\u00fcn\u00fc odan\u0131n t\u00fcm g\u00fcn boyunca kullan\u0131labilmesi \u00e7ok daha iyi olurdu.     <\/p>\n\n\n\n<p>T\u00fcm seyahat tam bir ba\u015far\u0131yd\u0131 ve sonu\u00e7tan fazlas\u0131yla memnunum. Harika g\u00f6r\u00fcn\u00fcyor ve \u0130stanbul&#8217;da bir estetik operasyonu ge\u00e7irmeyi d\u00fc\u015f\u00fcnen herkese, bu \u015f\u00fcphelerin tamamen yersiz oldu\u011funu s\u00f6yleyebilirim. Estetik bir operasyona girmeyi d\u00fc\u015f\u00fcnen herkese bunu kesinlikle \u00f6neririm. <\/p>\n\n\n\n<p>Sevgiler,<br>Selina Zwinggi<\/p>\n\n\n\n<div class=\"wp-block-group is-layout-grid wp-container-core-group-is-layout-baef362d wp-block-group-is-layout-grid\">\n<p><a href=\"https:\/\/medicaltravel.at\/home\/agb\/\" data-type=\"page\" data-id=\"2191\" rel=\"nofollow noopener\" target=\"_blank\"><\/a><a href=\"https:\/\/medicaltravel.ch\/tr\/hasta-raporlari\/referanslar-tavsiyeler-tedaviler-degerlendirmeler-turkiye-istanbul\/istanbuldaki-porselen-kaplama-tedavim\/\" data-type=\"link\" data-id=\"https:\/\/medicaltravel.ch\/tr\/hasta-raporlari\/referanslar-tavsiyeler-tedaviler-degerlendirmeler-turkiye-istanbul\/istanbuldaki-porselen-kaplama-tedavim\/\">\u00d6nceki rapor<\/a><\/p>\n\n\n\n<p class=\"has-text-align-right wp-container-content-5e2576f9\"><a href=\"https:\/\/medicaltravel.at\/home\/impressum\/\" data-type=\"page\" data-id=\"2193\" rel=\"nofollow noopener\" target=\"_blank\"><\/a><a href=\"https:\/\/medicaltravel.at\/home\/berichte-von-patienten\/erfahrungsberichte\/erfahrungsbericht-zahnbehandlung-in-istanbul\/\" data-type=\"page\" data-id=\"981\" rel=\"nofollow noopener\" target=\"_blank\"><\/a><a href=\"https:\/\/medicaltravel.ch\/tr\/hasta-raporlari\/referanslar-tavsiyeler-tedaviler-degerlendirmeler-turkiye-istanbul\/istanbuldaki-meme-ameliyatim\/\" data-type=\"link\" data-id=\"https:\/\/medicaltravel.ch\/tr\/hasta-raporlari\/referanslar-tavsiyeler-tedaviler-degerlendirmeler-turkiye-istanbul\/istanbuldaki-meme-ameliyatim\/\">Bir sonraki rapor<\/a><\/p>\n<\/div>\n","protected":false},"excerpt":{"rendered":"<p>\u0130STANBUL&#8217;DAK\u0130 L\u0130POSUKS\u0130YONUM \u2013 \u200b\u200b5 \u015eubat 2018 Pazartesi Raporu \u0130stanbul&#8217;da liposuction i\u00e7in ge\u00e7irdi\u011fim g\u00fcnler G\u00f6r\u00fcn\u00fc\u015fe g\u00f6re karar\u0131n\u0131z\u0131 verdikten sonra her \u015fey h\u0131zla ilerlemi\u015f. MedicalTravel ile s\u00fcrecinize ba\u015flam\u0131\u015fs\u0131n\u0131z. Peki, \u0130stanbul\u2019daki liposuction s\u00fcreciniz nas\u0131l ge\u00e7ti? \u0130lk izlenimleriniz nelerdi? 7 Ocak 2018, Pazar.Z\u00fcrih Havaalan\u0131&#8217;na do\u011fru yola \u00e7\u0131kt\u0131k. U\u00e7u\u015fumuz saat 11:45&#8217;teydi. \u0130stanbul&#8217;a yakla\u015f\u0131k 17:00&#8217;de (zaman fark\u0131 nedeniyle) vard\u0131k. Annem de bana mental destek olmak i\u00e7in yan\u0131mdayd\u0131.\u0130stanbul&#8217;a varman\u0131z nas\u0131l ge\u00e7ti? \u0130lk izlenimleriniz nas\u0131ld\u0131? Havaalan\u0131na vard\u0131\u011f\u0131n\u0131zda, valizlerinizi ald\u0131ktan sonra Acibadem\u2019in yard\u0131m masas\u0131na y\u00f6neldiniz. \u0130ki kad\u0131n \u00e7ok nazik bir \u015fekilde kar\u015f\u0131lam\u0131\u015f ve k\u0131sa bir s\u00fcre beklemenizi istemi\u015fler. 10 dakika i\u00e7inde ise sizi arabaya al\u0131p Levent Oteli&#8217;ne do\u011fru yola \u00e7\u0131km\u0131\u015fs\u0131n\u0131z.Otele var\u0131nca nas\u0131l bir ortamla kar\u015f\u0131la\u015ft\u0131n\u0131z? \u0130yi bir ba\u015flang\u0131\u00e7 oldu mu? Seyahatten biraz yorgun olarak odaya yerle\u015ftiniz. Pek ola\u011fan\u00fcst\u00fc bir \u015fey yoktu ama her \u015fey temiz ve bak\u0131ml\u0131yd\u0131. Ameliyat \u00f6ncesi son gece&#8230; Ger\u00e7ekten b\u00fcy\u00fck bir ad\u0131m at\u0131yorsunuz. O gece nas\u0131l hissettiniz? Biraz heyecan, belki de biraz gerginlik? 8 Ocak 2018, Pazartesi.Saat 7:15&#8217;te al\u0131n\u0131p hastaneye g\u00f6t\u00fcr\u00fclmemiz gerekiyordu, ama 7:00&#8217;de odaya telefon geldi ve s\u00fcr\u00fcc\u00fcn\u00fcn \u00e7oktan orada oldu\u011fu s\u00f6ylendi. Saat 7:30&#8217;da Acibadem Taksim Hastanesi&#8217;ne vard\u0131k. \u0130lk izlenim: VAY! San\u0131r\u0131m \u0130svi\u00e7re&#8217;de b\u00f6yle modern bir hastane bulmak i\u00e7in uzun s\u00fcre aramak gerekirdi.Ger\u00e7ekten \u00e7ok etkileyici bir ba\u015flang\u0131\u00e7 olmu\u015f. Hastanenin atmosferi nas\u0131l? Her \u015fey bekledi\u011finiz gibi miydi? Sinirli bir \u015fekilde, i\u015flemler ba\u015flayana kadar beklediniz. O s\u0131rada Kati ile tan\u0131\u015ft\u0131n\u0131z, terc\u00fcman\u0131n\u0131z. \u0130\u015flemleri hallettikten sonra odaya ge\u00e7tiniz. Tek ki\u015filik oda, son derece modern ve \u00e7ok g\u00fczelmi\u015f. Zaman zaman \u00e7e\u015fitli insanlar geldi: birisi kan almay\u0131, bir di\u011feri ameliyat k\u0131yafetini getirmeyi, bir di\u011feri de anesteziyi haz\u0131rlamay\u0131 \u00fcstlenmi\u015fti. En son ise, ameliyat\u0131 yapacak olan Dr. Tatlidede geldi.Odada ge\u00e7irdi\u011finiz zaman nas\u0131l ge\u00e7ti? Haz\u0131rl\u0131klar nas\u0131l ilerliyordu? Ve sonra v\u00fccudunuzda renkler belirmeye ba\u015flad\u0131. Hangi b\u00f6lgelerin i\u015flem g\u00f6rece\u011fi belirlenip etraf\u0131nda daireler ve \u00e7izgiler \u00e7izildi. Olduk\u00e7a fazla \u00e7izim yap\u0131ld\u0131 \u00e7\u00fcnk\u00fc s\u0131rt, bel, kar\u0131n ve uyluklar\u0131n\u0131zda i\u015flem yap\u0131lacakt\u0131. Sonras\u0131nda ise, nihayet i\u015flem ba\u015flayana kadar beklemeye ba\u015flad\u0131n\u0131z.O anki duygular\u0131n\u0131z nas\u0131ld\u0131? Biraz gerginlik, belki de merak m\u0131? Saat 11:30 civar\u0131nda nihayet i\u015flem ba\u015flad\u0131, ve art\u0131k daha ince bir hayata do\u011fru yolculu\u011funuz ger\u00e7ekten ba\u015flam\u0131\u015ft\u0131. Saat 17:30&#8217;da ise her \u015fey bitmi\u015fti ve &#8220;anestezi sayesinde&#8221; hi\u00e7bir \u015fey hissetmemi\u015fsiniz. O gece hastanede kald\u0131n\u0131z, annem de sizinle birlikte odada bir yatak kanepeye uzan\u0131p yan\u0131n\u0131zda kald\u0131.Nas\u0131l hissediyordunuz, \u00e7ok mu yorgundunuz yoksa biraz rahatlama m\u0131? Annenizin yan\u0131n\u0131zda olmas\u0131 size nas\u0131l hissettirdi? 9 Ocak 2018, Sal\u0131.Gece biraz zor ge\u00e7ti, pek uyuyamad\u0131m. Oturmak ya da kalkmak pek favori aktivitelerim aras\u0131nda de\u011fildi. Daha \u00e7ok a\u011fr\u0131l\u0131yd\u0131 ve pek de rahatlat\u0131c\u0131 de\u011fildi, ama ne derler, g\u00fczellik ac\u0131 \u00e7ekmeyi gerektirir.Ger\u00e7ekten zorlay\u0131c\u0131 bir s\u00fcre\u00e7ti, de\u011fil mi? Ama sonunda o zahmetin kar\u015f\u0131l\u0131\u011f\u0131n\u0131 alaca\u011f\u0131n\u0131z\u0131 biliyordunuz. O anlarda en \u00e7ok zorland\u0131\u011f\u0131n\u0131z \u015fey neydi? Saat 10&#8217;daki ziyaretin ard\u0131ndan otele d\u00f6nmemize izin verildi. Sevgili Kati bizim i\u00e7in bir taksi ayarlad\u0131 ve taksi 20 dakika sonra geldi. Otele d\u00f6nd\u00fc\u011f\u00fcmde sadece uzanmak istedim. \u00c7\u00fcnk\u00fc yatmak, a\u011fr\u0131s\u0131z en rahat pozisyondu.Dola\u015f\u0131m\u0131m\u0131 biraz d\u00fczene sokmak i\u00e7in yak\u0131nlardaki al\u0131\u015fveri\u015f merkezine gidip biraz al\u0131\u015fveri\u015f yapmaya karar verdik.Yava\u015f\u00e7a y\u00fcr\u00fcyebiliyorum, ama sadece yava\u015f\u00e7a. Kahvalt\u0131 ve ak\u015fam yeme\u011fimizi otelde yedik. \u00c7ar\u015famba ve Per\u015fembe g\u00fcnlerini otelde ge\u00e7irdik ve oradan birka\u00e7 yer gezmeye gittik. \u00d6rne\u011fin, metroyla Taksim Meydan\u0131&#8217;na gittik ve biraz da \u00e7ar\u015f\u0131y\u0131 gezdik. 12 Ocak 2018, CumaD\u00f6n\u00fc\u015f u\u00e7u\u015fumdan \u00f6nce Dr. Tatlidede ile son kontrol\u00fcm yap\u0131ld\u0131. Sonu\u00e7tan \u00e7ok memnundu ve Cumartesi g\u00fcn\u00fc d\u00f6n\u00fc\u015f u\u00e7u\u015fu i\u00e7in onay verdi. 13 Ocak 2018, CumartesiD\u00f6n\u00fc\u015f u\u00e7u\u015fumuz ak\u015fam 21:00 civar\u0131ndayd\u0131. Otelden havaalan\u0131na transferimiz saat 17:30&#8217;da oldu. Oday\u0131 ise saat 12:00&#8217;de terk etmemiz gerekiyordu. San\u0131r\u0131m bu seyahatle ilgili s\u00f6yleyebilece\u011fim tek olumsuz \u015fey buydu. \u00c7\u00fcnk\u00fc 12:00&#8217;den 17:30&#8217;a kadar lobide oturup beklemek ger\u00e7ekten uzun bir s\u00fcreydi ve oturmak da olduk\u00e7a zordu. Bizim gibi ak\u015fam u\u00e7anlar i\u00e7in, cumartesi g\u00fcn\u00fc odan\u0131n t\u00fcm g\u00fcn boyunca kullan\u0131labilmesi \u00e7ok daha iyi olurdu. T\u00fcm seyahat tam bir ba\u015far\u0131yd\u0131 ve sonu\u00e7tan fazlas\u0131yla memnunum. Harika g\u00f6r\u00fcn\u00fcyor ve \u0130stanbul&#8217;da bir estetik operasyonu ge\u00e7irmeyi d\u00fc\u015f\u00fcnen herkese, bu \u015f\u00fcphelerin tamamen yersiz oldu\u011funu s\u00f6yleyebilirim. Estetik bir operasyona girmeyi d\u00fc\u015f\u00fcnen herkese bunu kesinlikle \u00f6neririm. Sevgiler,Selina Zwinggi \u00d6nceki rapor Bir sonraki rapor<\/p>\n","protected":false},"author":4,"featured_media":0,"parent":4587,"menu_order":0,"comment_status":"closed","ping_status":"closed","template":"","meta":{"_joinchat":[],"footnotes":""},"class_list":["post-4735","page","type-page","status-publish","hentry"],"acf":[],"_links":{"self":[{"href":"https:\/\/medicaltravel.ch\/tr\/wp-json\/wp\/v2\/pages\/4735","targetHints":{"allow":["GET"]}}],"collection":[{"href":"https:\/\/medicaltravel.ch\/tr\/wp-json\/wp\/v2\/pages"}],"about":[{"href":"https:\/\/medicaltravel.ch\/tr\/wp-json\/wp\/v2\/types\/page"}],"author":[{"embeddable":true,"href":"https:\/\/medicaltravel.ch\/tr\/wp-json\/wp\/v2\/users\/4"}],"replies":[{"embeddable":true,"href":"https:\/\/medicaltravel.ch\/tr\/wp-json\/wp\/v2\/comments?post=4735"}],"version-history":[{"count":3,"href":"https:\/\/medicaltravel.ch\/tr\/wp-json\/wp\/v2\/pages\/4735\/revisions"}],"predecessor-version":[{"id":6433,"href":"https:\/\/medicaltravel.ch\/tr\/wp-json\/wp\/v2\/pages\/4735\/revisions\/6433"}],"up":[{"embeddable":true,"href":"https:\/\/medicaltravel.ch\/tr\/wp-json\/wp\/v2\/pages\/4587"}],"wp:attachment":[{"href":"https:\/\/medicaltravel.ch\/tr\/wp-json\/wp\/v2\/media?parent=4735"}],"curies":[{"name":"wp","href":"https:\/\/api.w.org\/{rel}","templated":true}]}}