{"id":4738,"date":"2025-09-23T17:30:02","date_gmt":"2025-09-23T16:30:02","guid":{"rendered":"https:\/\/medicaltravel.ch\/hasta-raporlari\/erfahrungsberichte-empfehlungen-behandlungen-beurteilung-tuerkei-istanbul\/istanbulda-burun-tedavim-deneyim-raporu-burun-ameliyati-tuerkiye-3-kasim-2016-persembe-tarihli-rapor\/"},"modified":"2026-01-12T19:13:59","modified_gmt":"2026-01-12T18:13:59","slug":"istanbulda-burun-tedavim-deneyim-raporu-burun-ameliyati-tuerkiye-3-kasim-2016-persembe-tarihli-rapor","status":"publish","type":"page","link":"https:\/\/medicaltravel.ch\/tr\/hasta-raporlari\/referanslar-tavsiyeler-tedaviler-degerlendirmeler-turkiye-istanbul\/istanbulda-burun-tedavim-deneyim-raporu-burun-ameliyati-tuerkiye-3-kasim-2016-persembe-tarihli-rapor\/","title":{"rendered":"\u0130STANBUL&#8217;DA BURUN TEDAV\u0130M &#8211; DENEY\u0130M RAPORU BURUN AMEL\u0130YATI T\u00fcrkiye &#8211; 3 Kas\u0131m 2016 Per\u015fembe tarihli rapor"},"content":{"rendered":"\n<p>\u0130STANBUL&#8217;DA BURUN TEDAV\u0130M &#8211; DENEY\u0130M RAPORU BURUN AMEL\u0130YATI T\u00fcrkiye &#8211; 3 Kas\u0131m 2016 Per\u015fembe tarihli rapor<\/p>\n\n\n\n<figure class=\"wp-block-image size-full\"><img decoding=\"async\" width=\"68\" height=\"90\" src=\"https:\/\/medicaltravel.ch\/wp-content\/uploads\/2025\/09\/csm_Fotolia_47228584_L_Nase_6f664a7d10.jpg\" alt=\"\" class=\"wp-image-759\"\/><\/figure>\n\n\n\n<p>Anlad\u0131m, \u0130svi\u00e7re&#8217;deki y\u00fcksek fiyatlar sizi bu d\u00fc\u015f\u00fcnceden uzakla\u015ft\u0131rm\u0131\u015f. Peki, alternatif olarak ba\u015fka se\u00e7enekler arad\u0131n\u0131z m\u0131, yoksa tamamen iptal mi ettiniz? <\/p>\n\n\n\n<p>Bu ger\u00e7ekten ilgin\u00e7 bir yolculuk ba\u015flang\u0131c\u0131 olmu\u015f. Arkada\u015f\u0131n\u0131z\u0131n g\u00f6z lazer tedavisi, sizi de alternatif bir \u00e7\u00f6z\u00fcm aray\u0131\u015f\u0131na itmi\u015f. Medical Travel ile g\u00f6r\u00fc\u015fme yapmak, s\u00fcreci daha net bir \u015fekilde anlaman\u0131z\u0131 sa\u011flam\u0131\u015f. Peki, o g\u00f6r\u00fc\u015fme sonras\u0131 kendinizi nas\u0131l hissettiniz? S\u00fcre\u00e7 hakk\u0131nda daha fazla g\u00fcven duydunuz mu?  <\/p>\n\n\n\n<p>G\u00f6r\u00fcn\u00fc\u015fe g\u00f6re MedicalTravel ile s\u00fcre\u00e7 \u00e7ok sorunsuz ilerlemi\u015f. Karar\u0131n\u0131z\u0131 vermek biraz zaman alm\u0131\u015f ama sonunda her \u015fey netle\u015fmi\u015f. Peki, operasyon \u00f6ncesi haz\u0131rl\u0131klar nas\u0131l ge\u00e7ti? Her \u015fey bekledi\u011finiz gibi miydi? <\/p>\n\n\n\n<p>Be\u015f ay sonra, operasyondan bir g\u00fcn \u00f6nce \u0130stanbul&#8217;a geldim, havaalan\u0131ndan al\u0131nd\u0131k ve do\u011frudan otele g\u00f6t\u00fcr\u00fcld\u00fck. Havaalan\u0131-otel-hastane transferleri tamamen organize edilmi\u015fti. Hastaneye vard\u0131\u011f\u0131mda do\u011frudan tek ki\u015filik odam\u0131za al\u0131nd\u0131m. Baz\u0131 tetkikler yap\u0131ld\u0131 ve \u00e7e\u015fitli anketler dolduruldu. Sonras\u0131nda beklememiz gerekti, yakla\u015f\u0131k 5 saat sonra doktorumla tekrar konu\u015fabildim ve ard\u0131ndan do\u011frudan ameliyat salonuna al\u0131nd\u0131m.    <\/p>\n\n\n\n<p>Yakla\u015f\u0131k 4 saat sonra odama d\u00f6nd\u00fcm. Neyse ki a\u011fr\u0131m yoktu ve \u015fartlara g\u00f6re gayet iyi hissediyordum. Hem\u015fireler \u00e7ok iyi ilgilendiler. \u015eiddetli \u015fi\u015fliklerle m\u00fccadele etti\u011fim i\u00e7in doktorum, hastanede 2 gece daha kalmam\u0131 \u00f6nerdi; \u00e7\u00fcnk\u00fc burada daha iyi bak\u0131m alabilece\u011fimi ve \u015fi\u015fliklerin 3. g\u00fcne kadar daha da k\u00f6t\u00fcle\u015febilece\u011fini d\u00fc\u015f\u00fcnd\u00fc. Ne yaz\u0131k ki bu da do\u011fruydu. Hastanede bir gece daha kalmak hi\u00e7 sorun olmad\u0131. \u0130yi bir \u015fekilde bak\u0131ld\u0131m ve hatta refakat\u00e7im de yemekle ikram edildi.      <\/p>\n\n\n\n<p>g\u00fcn doktorumla randevum vard\u0131, tamponlar\u0131 \u00e7\u0131karmak i\u00e7in ve d\u00f6n\u00fc\u015f g\u00fcn\u00fcmde al\u00e7\u0131 \u00e7\u0131kt\u0131, diki\u015flerim al\u0131nd\u0131. O zaman aynada kendimi inceleyebildim. O anda sevin\u00e7 duyamad\u0131m, \u00e7\u00fcnk\u00fc her \u015fey hala \u015fi\u015fti ve morluklarla doluydu. Doktorum yeni bir al\u00e7\u0131 yapt\u0131 ve bunu bir hafta sonra evde kendim \u00e7\u0131karabilece\u011fimi s\u00f6yledi.   <\/p>\n\n\n\n<p>Ameliyat\u0131n \u00fczerinden 2 hafta ge\u00e7tikten sonra, burnumu tekrar aynada inceleyebildim ama \u015fok oldum ve hen\u00fcz buna tam olarak al\u0131\u015famad\u0131m. Burun s\u0131rt\u0131m ve burun ucum hala \u015fi\u015fti ve sertti. G\u00f6z altlar\u0131mda da hafif morluklarla m\u00fccadele ediyordum.  <\/p>\n\n\n\n<p>Bug\u00fcn, ameliyat\u0131m\u0131n \u00fczerinden 4 hafta ge\u00e7ti. Yava\u015f yava\u015f burnuma al\u0131\u015ft\u0131m. Burnum art\u0131k g\u00fcnl\u00fck hayata uygun bir g\u00f6r\u00fcn\u00fcme sahip. Ancak insan kendisiyle daha ele\u015ftirmen oldu\u011fu i\u00e7in, hala beni rahats\u0131z eden baz\u0131 \u015feyler var, bunlar da tabii ki en az 3 ay s\u00fcrecek olan \u015fi\u015fliklerle ilgili (ama bunlar\u0131 sadece kendi ele\u015ftirel g\u00f6z\u00fcm fark ediyor). Yine de, burun \u015fimdi ameliyat \u00f6ncesine g\u00f6re \u00e7ok daha iyi g\u00f6r\u00fcn\u00fcyor.    <\/p>\n\n\n\n<p>Herhangi bir soru veya endi\u015fem oldu\u011funda, doktoruma e-posta yoluyla ula\u015fabiliyorum. \u00c7ok h\u0131zl\u0131 yan\u0131t veriyor ve sorular\u0131ma cevap vermek i\u00e7in her zaman haz\u0131r. <\/p>\n\n\n\n<p>\u015eu an sab\u0131rl\u0131 olmam gerekiyor, iyile\u015fme s\u00fcrecimi bekleyip nihai sonucu g\u00f6rebilmek i\u00e7in. \ud83d\ude42<\/p>\n\n\n\n<p>Herhangi bir zamanda tekrar T\u00fcrkiye&#8217;de bir operasyon yapt\u0131r\u0131r\u0131m, herkes \u00e7ok nazik ve ilgiliydi. Ayr\u0131ca, \u0130stanbul&#8217;daki s\u00fcre zarf\u0131nda MedicalTravel&#8217;a da her zaman ula\u015fabildim. <\/p>\n\n\n\n<p>\u00c7ok te\u015fekk\u00fcr ederim. J. Heer <\/p>\n\n\n\n<div class=\"wp-block-group is-layout-grid wp-container-core-group-is-layout-baef362d wp-block-group-is-layout-grid\">\n<p><a href=\"https:\/\/medicaltravel.at\/home\/agb\/\" data-type=\"page\" data-id=\"2191\" rel=\"nofollow noopener\" target=\"_blank\"><\/a><a href=\"https:\/\/medicaltravel.ch\/tr\/hasta-raporlari\/referanslar-tavsiyeler-tedaviler-degerlendirmeler-turkiye-istanbul\/istanbulda-sac-ekimi-deneyim-raporu-28-aralik-2016-carsamba-tarihli-rapor\/\" data-type=\"link\" data-id=\"https:\/\/medicaltravel.ch\/tr\/hasta-raporlari\/referanslar-tavsiyeler-tedaviler-degerlendirmeler-turkiye-istanbul\/istanbulda-sac-ekimi-deneyim-raporu-28-aralik-2016-carsamba-tarihli-rapor\/\">\u00d6nceki rapor<\/a><\/p>\n\n\n\n<p class=\"has-text-align-right wp-container-content-5e2576f9\"><a href=\"https:\/\/medicaltravel.at\/home\/impressum\/\" data-type=\"page\" data-id=\"2193\" rel=\"nofollow noopener\" target=\"_blank\"><\/a><a href=\"https:\/\/medicaltravel.at\/home\/berichte-von-patienten\/erfahrungsberichte\/erfahrungsbericht-zahnbehandlung-in-istanbul\/\" data-type=\"page\" data-id=\"981\" rel=\"nofollow noopener\" target=\"_blank\"><\/a><a href=\"https:\/\/medicaltravel.ch\/tr\/hasta-raporlari\/referanslar-tavsiyeler-tedaviler-degerlendirmeler-turkiye-istanbul\/antalyada-goez-kapagi-kaldirma-deneyim-raporu-31-ekim-2016-pazartesi-tarihli-rapor\/\" data-type=\"link\" data-id=\"https:\/\/medicaltravel.ch\/tr\/hasta-raporlari\/referanslar-tavsiyeler-tedaviler-degerlendirmeler-turkiye-istanbul\/antalyada-goez-kapagi-kaldirma-deneyim-raporu-31-ekim-2016-pazartesi-tarihli-rapor\/\">Bir sonraki<a href=\"https:\/\/medicaltravel.ch\/tr\/hasta-raporlari\/referanslar-tavsiyeler-tedaviler-degerlendirmeler-turkiye-istanbul\/antalyada-goez-kapagi-kaldirma-deneyim-raporu-31-ekim-2016-pazartesi-tarihli-rapor\/\" data-type=\"link\" data-id=\"https:\/\/medicaltravel.ch\/tr\/hasta-raporlari\/referanslar-tavsiyeler-tedaviler-degerlendirmeler-turkiye-istanbul\/antalyada-goez-kapagi-kaldirma-deneyim-raporu-31-ekim-2016-pazartesi-tarihli-rapor\/\"><\/a>rapor<\/a><\/p>\n<\/div>\n","protected":false},"excerpt":{"rendered":"<p>\u0130STANBUL&#8217;DA BURUN TEDAV\u0130M &#8211; DENEY\u0130M RAPORU BURUN AMEL\u0130YATI T\u00fcrkiye &#8211; 3 Kas\u0131m 2016 Per\u015fembe tarihli rapor Anlad\u0131m, \u0130svi\u00e7re&#8217;deki y\u00fcksek fiyatlar sizi bu d\u00fc\u015f\u00fcnceden uzakla\u015ft\u0131rm\u0131\u015f. Peki, alternatif olarak ba\u015fka se\u00e7enekler arad\u0131n\u0131z m\u0131, yoksa tamamen iptal mi ettiniz? Bu ger\u00e7ekten ilgin\u00e7 bir yolculuk ba\u015flang\u0131c\u0131 olmu\u015f. Arkada\u015f\u0131n\u0131z\u0131n g\u00f6z lazer tedavisi, sizi de alternatif bir \u00e7\u00f6z\u00fcm aray\u0131\u015f\u0131na itmi\u015f. Medical Travel ile g\u00f6r\u00fc\u015fme yapmak, s\u00fcreci daha net bir \u015fekilde anlaman\u0131z\u0131 sa\u011flam\u0131\u015f. Peki, o g\u00f6r\u00fc\u015fme sonras\u0131 kendinizi nas\u0131l hissettiniz? S\u00fcre\u00e7 hakk\u0131nda daha fazla g\u00fcven duydunuz mu? G\u00f6r\u00fcn\u00fc\u015fe g\u00f6re MedicalTravel ile s\u00fcre\u00e7 \u00e7ok sorunsuz ilerlemi\u015f. Karar\u0131n\u0131z\u0131 vermek biraz zaman alm\u0131\u015f ama sonunda her \u015fey netle\u015fmi\u015f. Peki, operasyon \u00f6ncesi haz\u0131rl\u0131klar nas\u0131l ge\u00e7ti? Her \u015fey bekledi\u011finiz gibi miydi? Be\u015f ay sonra, operasyondan bir g\u00fcn \u00f6nce \u0130stanbul&#8217;a geldim, havaalan\u0131ndan al\u0131nd\u0131k ve do\u011frudan otele g\u00f6t\u00fcr\u00fcld\u00fck. Havaalan\u0131-otel-hastane transferleri tamamen organize edilmi\u015fti. Hastaneye vard\u0131\u011f\u0131mda do\u011frudan tek ki\u015filik odam\u0131za al\u0131nd\u0131m. Baz\u0131 tetkikler yap\u0131ld\u0131 ve \u00e7e\u015fitli anketler dolduruldu. Sonras\u0131nda beklememiz gerekti, yakla\u015f\u0131k 5 saat sonra doktorumla tekrar konu\u015fabildim ve ard\u0131ndan do\u011frudan ameliyat salonuna al\u0131nd\u0131m. Yakla\u015f\u0131k 4 saat sonra odama d\u00f6nd\u00fcm. Neyse ki a\u011fr\u0131m yoktu ve \u015fartlara g\u00f6re gayet iyi hissediyordum. Hem\u015fireler \u00e7ok iyi ilgilendiler. \u015eiddetli \u015fi\u015fliklerle m\u00fccadele etti\u011fim i\u00e7in doktorum, hastanede 2 gece daha kalmam\u0131 \u00f6nerdi; \u00e7\u00fcnk\u00fc burada daha iyi bak\u0131m alabilece\u011fimi ve \u015fi\u015fliklerin 3. g\u00fcne kadar daha da k\u00f6t\u00fcle\u015febilece\u011fini d\u00fc\u015f\u00fcnd\u00fc. Ne yaz\u0131k ki bu da do\u011fruydu. Hastanede bir gece daha kalmak hi\u00e7 sorun olmad\u0131. \u0130yi bir \u015fekilde bak\u0131ld\u0131m ve hatta refakat\u00e7im de yemekle ikram edildi. g\u00fcn doktorumla randevum vard\u0131, tamponlar\u0131 \u00e7\u0131karmak i\u00e7in ve d\u00f6n\u00fc\u015f g\u00fcn\u00fcmde al\u00e7\u0131 \u00e7\u0131kt\u0131, diki\u015flerim al\u0131nd\u0131. O zaman aynada kendimi inceleyebildim. O anda sevin\u00e7 duyamad\u0131m, \u00e7\u00fcnk\u00fc her \u015fey hala \u015fi\u015fti ve morluklarla doluydu. Doktorum yeni bir al\u00e7\u0131 yapt\u0131 ve bunu bir hafta sonra evde kendim \u00e7\u0131karabilece\u011fimi s\u00f6yledi. Ameliyat\u0131n \u00fczerinden 2 hafta ge\u00e7tikten sonra, burnumu tekrar aynada inceleyebildim ama \u015fok oldum ve hen\u00fcz buna tam olarak al\u0131\u015famad\u0131m. Burun s\u0131rt\u0131m ve burun ucum hala \u015fi\u015fti ve sertti. G\u00f6z altlar\u0131mda da hafif morluklarla m\u00fccadele ediyordum. Bug\u00fcn, ameliyat\u0131m\u0131n \u00fczerinden 4 hafta ge\u00e7ti. Yava\u015f yava\u015f burnuma al\u0131\u015ft\u0131m. Burnum art\u0131k g\u00fcnl\u00fck hayata uygun bir g\u00f6r\u00fcn\u00fcme sahip. Ancak insan kendisiyle daha ele\u015ftirmen oldu\u011fu i\u00e7in, hala beni rahats\u0131z eden baz\u0131 \u015feyler var, bunlar da tabii ki en az 3 ay s\u00fcrecek olan \u015fi\u015fliklerle ilgili (ama bunlar\u0131 sadece kendi ele\u015ftirel g\u00f6z\u00fcm fark ediyor). Yine de, burun \u015fimdi ameliyat \u00f6ncesine g\u00f6re \u00e7ok daha iyi g\u00f6r\u00fcn\u00fcyor. Herhangi bir soru veya endi\u015fem oldu\u011funda, doktoruma e-posta yoluyla ula\u015fabiliyorum. \u00c7ok h\u0131zl\u0131 yan\u0131t veriyor ve sorular\u0131ma cevap vermek i\u00e7in her zaman haz\u0131r. \u015eu an sab\u0131rl\u0131 olmam gerekiyor, iyile\u015fme s\u00fcrecimi bekleyip nihai sonucu g\u00f6rebilmek i\u00e7in. \ud83d\ude42 Herhangi bir zamanda tekrar T\u00fcrkiye&#8217;de bir operasyon yapt\u0131r\u0131r\u0131m, herkes \u00e7ok nazik ve ilgiliydi. Ayr\u0131ca, \u0130stanbul&#8217;daki s\u00fcre zarf\u0131nda MedicalTravel&#8217;a da her zaman ula\u015fabildim. \u00c7ok te\u015fekk\u00fcr ederim. J. Heer \u00d6nceki rapor Bir sonrakirapor<\/p>\n","protected":false},"author":4,"featured_media":0,"parent":4587,"menu_order":0,"comment_status":"closed","ping_status":"closed","template":"","meta":{"_joinchat":[],"footnotes":""},"class_list":["post-4738","page","type-page","status-publish","hentry"],"acf":[],"_links":{"self":[{"href":"https:\/\/medicaltravel.ch\/tr\/wp-json\/wp\/v2\/pages\/4738","targetHints":{"allow":["GET"]}}],"collection":[{"href":"https:\/\/medicaltravel.ch\/tr\/wp-json\/wp\/v2\/pages"}],"about":[{"href":"https:\/\/medicaltravel.ch\/tr\/wp-json\/wp\/v2\/types\/page"}],"author":[{"embeddable":true,"href":"https:\/\/medicaltravel.ch\/tr\/wp-json\/wp\/v2\/users\/4"}],"replies":[{"embeddable":true,"href":"https:\/\/medicaltravel.ch\/tr\/wp-json\/wp\/v2\/comments?post=4738"}],"version-history":[{"count":0,"href":"https:\/\/medicaltravel.ch\/tr\/wp-json\/wp\/v2\/pages\/4738\/revisions"}],"up":[{"embeddable":true,"href":"https:\/\/medicaltravel.ch\/tr\/wp-json\/wp\/v2\/pages\/4587"}],"wp:attachment":[{"href":"https:\/\/medicaltravel.ch\/tr\/wp-json\/wp\/v2\/media?parent=4738"}],"curies":[{"name":"wp","href":"https:\/\/api.w.org\/{rel}","templated":true}]}}