{"id":4740,"date":"2025-09-23T17:11:25","date_gmt":"2025-09-23T16:11:25","guid":{"rendered":"https:\/\/medicaltravel.ch\/hasta-raporlari\/erfahrungsberichte-empfehlungen-behandlungen-beurteilung-tuerkei-istanbul\/istanbulda-gecirdigim-burun-ameliyatim-hasta-raporu-13-kasim-2018-sali-tarihli-rapor\/"},"modified":"2026-01-12T18:54:54","modified_gmt":"2026-01-12T17:54:54","slug":"istanbulda-gecirdigim-burun-ameliyatim-hasta-raporu-13-kasim-2018-sali-tarihli-rapor","status":"publish","type":"page","link":"https:\/\/medicaltravel.ch\/tr\/hasta-raporlari\/referanslar-tavsiyeler-tedaviler-degerlendirmeler-turkiye-istanbul\/istanbulda-gecirdigim-burun-ameliyatim-hasta-raporu-13-kasim-2018-sali-tarihli-rapor\/","title":{"rendered":"\u0130STANBUL&#8217;DA GE\u00c7\u0130RD\u0130\u011e\u0130M BURUN AMEL\u0130YATIM: HASTA RAPORU \u2013 13 Kas\u0131m 2018 Sal\u0131 tarihli rapor"},"content":{"rendered":"\n<p>\u0130STANBUL&#8217;DA GE\u00c7\u0130RD\u0130\u011e\u0130M BURUN AMEL\u0130YATIM: HASTA RAPORU \u2013 13 Kas\u0131m 2018 Sal\u0131 tarihli rapor<\/p>\n\n\n\n<p>\u0130nternette farkl\u0131 estetik kliniklerini ara\u015ft\u0131rd\u0131ktan sonra, MedicalTravel&#8217;in web sitesi beni en \u00e7ok etkileyen site oldu.<\/p>\n\n\n\n<p>Burun ucu esteti\u011fiyle ilgileniyordum. Dan\u0131\u015fmanl\u0131k almak i\u00e7in, tedavi edici doktorum Profes\u00f6r Ersoy ile Zug&#8217;da Say\u0131n Kara arac\u0131l\u0131\u011f\u0131yla ki\u015fisel bir g\u00f6r\u00fc\u015fme yapma f\u0131rsat\u0131m oldu. <\/p>\n\n\n\n<p>G\u00f6r\u00fc\u015fmeden sonra, bunu bir kez daha d\u00fc\u015f\u00fcnmek i\u00e7in biraz zamana ihtiyac\u0131m oldu.<\/p>\n\n\n\n<p>Onay\u0131m\u0131n ard\u0131ndan, Say\u0131n Kara t\u00fcm seyahatimi organize etti; u\u00e7ak, otel, hastane konaklamas\u0131 ve terc\u00fcman.<\/p>\n\n\n\n<p>Bu konuda hi\u00e7bir \u015feyle u\u011fra\u015fmak zorunda kalmad\u0131\u011f\u0131m i\u00e7in \u00e7ok memnundum. Ve her \u015fey m\u00fckemmel bir \u015fekilde yolunda gitti. <\/p>\n\n\n\n<p>Her zaman otelden \u00e7ok zaman\u0131nda al\u0131nd\u0131m. Otel m\u00fckemmeldi, \u00e7ok geni\u015f odalar ve harika bir kahvalt\u0131 sunuluyordu. <\/p>\n\n\n\n<p>Ameliyat hastanede sorunsuz ge\u00e7ti. Ameliyat sonras\u0131 bir gece hastanede kald\u0131m, bu tam anlam\u0131yla genel anesteziden sonra gerekliydi. Oda \u00e7ok g\u00fczeldi ve tamamen temizdi.  <\/p>\n\n\n\n<p>\u0130lk yedi g\u00fcn boyunca burun al\u00e7\u0131yla kaplanm\u0131\u015ft\u0131. Bir hafta sonra al\u00e7\u0131 \u00e7\u0131kar\u0131ld\u0131 ve yerine \u00f6zel bir bant yap\u0131\u015ft\u0131r\u0131ld\u0131. T\u00fcm diki\u015fler al\u0131nd\u0131.  <\/p>\n\n\n\n<p>Bant\u0131n \u00e7\u0131kar\u0131lmas\u0131ndan sonra burun birka\u00e7 g\u00fcn daha olduk\u00e7a \u015fi\u015fti ve nihai sonu\u00e7 beklemeye al\u0131nd\u0131. Sonu\u00e7 hemen g\u00f6r\u00fcnmedi\u011fi i\u00e7in ba\u015fta biraz hayal k\u0131r\u0131kl\u0131\u011f\u0131na u\u011frad\u0131m. <\/p>\n\n\n\n<p>Ama \u015fimdi, \u0130stanbul&#8217;dan alt\u0131 hafta sonra, \u00e7ok memnunum ve burnumun ger\u00e7ekten daha ince oldu\u011funu net bir \u015fekilde g\u00f6rebiliyorum.<\/p>\n\n\n\n<p>Ameliyat sonras\u0131 bana antibiyotik ve a\u011fr\u0131 kesiciler verildi, bunlar\u0131 ayr\u0131 olarak \u00f6dedim. Genel olarak, her \u015fey \u00e7ok iyi organize edilmi\u015fti ve tamamen profesyoneldi. <\/p>\n\n\n\n<p>Benim i\u00e7in ameliyat buna de\u011fdi.<\/p>\n\n\n\n<p>Sayg\u0131lar\u0131mla<\/p>\n\n\n\n<p>Claudia Rudolf<\/p>\n\n\n\n<div class=\"wp-block-group is-layout-grid wp-container-core-group-is-layout-baef362d wp-block-group-is-layout-grid\">\n<p><a href=\"https:\/\/medicaltravel.at\/home\/agb\/\" data-type=\"page\" data-id=\"2191\" rel=\"nofollow noopener\" target=\"_blank\"><\/a><a href=\"https:\/\/medicaltravel.ch\/tr\/hasta-raporlari\/referanslar-tavsiyeler-tedaviler-degerlendirmeler-turkiye-istanbul\/deneyim-raporu-istanbulda-meme-bueyuetme-5-subat-2019-sali-tarihli-rapor\/\" data-type=\"link\" data-id=\"https:\/\/medicaltravel.ch\/tr\/hasta-raporlari\/referanslar-tavsiyeler-tedaviler-degerlendirmeler-turkiye-istanbul\/deneyim-raporu-istanbulda-meme-bueyuetme-5-subat-2019-sali-tarihli-rapor\/\">\u00d6nceki rapor<\/a><\/p>\n\n\n\n<p class=\"has-text-align-right wp-container-content-5e2576f9\"><a href=\"https:\/\/medicaltravel.at\/home\/impressum\/\" data-type=\"page\" data-id=\"2193\" rel=\"nofollow noopener\" target=\"_blank\"><\/a><a href=\"https:\/\/medicaltravel.at\/home\/berichte-von-patienten\/erfahrungsberichte\/erfahrungsbericht-zahnbehandlung-in-istanbul\/\" data-type=\"page\" data-id=\"981\" rel=\"nofollow noopener\" target=\"_blank\"><\/a><a href=\"https:\/\/medicaltravel.ch\/tr\/hasta-raporlari\/referanslar-tavsiyeler-tedaviler-degerlendirmeler-turkiye-istanbul\/istanbuldaki-dis-tedavim-deneyim-raporu\/\" data-type=\"link\" data-id=\"https:\/\/medicaltravel.ch\/tr\/hasta-raporlari\/referanslar-tavsiyeler-tedaviler-degerlendirmeler-turkiye-istanbul\/istanbuldaki-dis-tedavim-deneyim-raporu\/\">Bir sonraki rapor<\/a><\/p>\n<\/div>\n\n\n\n<p><\/p>\n","protected":false},"excerpt":{"rendered":"<p>\u0130STANBUL&#8217;DA GE\u00c7\u0130RD\u0130\u011e\u0130M BURUN AMEL\u0130YATIM: HASTA RAPORU \u2013 13 Kas\u0131m 2018 Sal\u0131 tarihli rapor \u0130nternette farkl\u0131 estetik kliniklerini ara\u015ft\u0131rd\u0131ktan sonra, MedicalTravel&#8217;in web sitesi beni en \u00e7ok etkileyen site oldu. Burun ucu esteti\u011fiyle ilgileniyordum. Dan\u0131\u015fmanl\u0131k almak i\u00e7in, tedavi edici doktorum Profes\u00f6r Ersoy ile Zug&#8217;da Say\u0131n Kara arac\u0131l\u0131\u011f\u0131yla ki\u015fisel bir g\u00f6r\u00fc\u015fme yapma f\u0131rsat\u0131m oldu. G\u00f6r\u00fc\u015fmeden sonra, bunu bir kez daha d\u00fc\u015f\u00fcnmek i\u00e7in biraz zamana ihtiyac\u0131m oldu. Onay\u0131m\u0131n ard\u0131ndan, Say\u0131n Kara t\u00fcm seyahatimi organize etti; u\u00e7ak, otel, hastane konaklamas\u0131 ve terc\u00fcman. Bu konuda hi\u00e7bir \u015feyle u\u011fra\u015fmak zorunda kalmad\u0131\u011f\u0131m i\u00e7in \u00e7ok memnundum. Ve her \u015fey m\u00fckemmel bir \u015fekilde yolunda gitti. Her zaman otelden \u00e7ok zaman\u0131nda al\u0131nd\u0131m. Otel m\u00fckemmeldi, \u00e7ok geni\u015f odalar ve harika bir kahvalt\u0131 sunuluyordu. Ameliyat hastanede sorunsuz ge\u00e7ti. Ameliyat sonras\u0131 bir gece hastanede kald\u0131m, bu tam anlam\u0131yla genel anesteziden sonra gerekliydi. Oda \u00e7ok g\u00fczeldi ve tamamen temizdi. \u0130lk yedi g\u00fcn boyunca burun al\u00e7\u0131yla kaplanm\u0131\u015ft\u0131. Bir hafta sonra al\u00e7\u0131 \u00e7\u0131kar\u0131ld\u0131 ve yerine \u00f6zel bir bant yap\u0131\u015ft\u0131r\u0131ld\u0131. T\u00fcm diki\u015fler al\u0131nd\u0131. Bant\u0131n \u00e7\u0131kar\u0131lmas\u0131ndan sonra burun birka\u00e7 g\u00fcn daha olduk\u00e7a \u015fi\u015fti ve nihai sonu\u00e7 beklemeye al\u0131nd\u0131. Sonu\u00e7 hemen g\u00f6r\u00fcnmedi\u011fi i\u00e7in ba\u015fta biraz hayal k\u0131r\u0131kl\u0131\u011f\u0131na u\u011frad\u0131m. Ama \u015fimdi, \u0130stanbul&#8217;dan alt\u0131 hafta sonra, \u00e7ok memnunum ve burnumun ger\u00e7ekten daha ince oldu\u011funu net bir \u015fekilde g\u00f6rebiliyorum. Ameliyat sonras\u0131 bana antibiyotik ve a\u011fr\u0131 kesiciler verildi, bunlar\u0131 ayr\u0131 olarak \u00f6dedim. Genel olarak, her \u015fey \u00e7ok iyi organize edilmi\u015fti ve tamamen profesyoneldi. Benim i\u00e7in ameliyat buna de\u011fdi. Sayg\u0131lar\u0131mla Claudia Rudolf \u00d6nceki rapor Bir sonraki rapor<\/p>\n","protected":false},"author":4,"featured_media":0,"parent":4587,"menu_order":0,"comment_status":"closed","ping_status":"closed","template":"","meta":{"_joinchat":[],"footnotes":""},"class_list":["post-4740","page","type-page","status-publish","hentry"],"acf":[],"_links":{"self":[{"href":"https:\/\/medicaltravel.ch\/tr\/wp-json\/wp\/v2\/pages\/4740","targetHints":{"allow":["GET"]}}],"collection":[{"href":"https:\/\/medicaltravel.ch\/tr\/wp-json\/wp\/v2\/pages"}],"about":[{"href":"https:\/\/medicaltravel.ch\/tr\/wp-json\/wp\/v2\/types\/page"}],"author":[{"embeddable":true,"href":"https:\/\/medicaltravel.ch\/tr\/wp-json\/wp\/v2\/users\/4"}],"replies":[{"embeddable":true,"href":"https:\/\/medicaltravel.ch\/tr\/wp-json\/wp\/v2\/comments?post=4740"}],"version-history":[{"count":2,"href":"https:\/\/medicaltravel.ch\/tr\/wp-json\/wp\/v2\/pages\/4740\/revisions"}],"predecessor-version":[{"id":6374,"href":"https:\/\/medicaltravel.ch\/tr\/wp-json\/wp\/v2\/pages\/4740\/revisions\/6374"}],"up":[{"embeddable":true,"href":"https:\/\/medicaltravel.ch\/tr\/wp-json\/wp\/v2\/pages\/4587"}],"wp:attachment":[{"href":"https:\/\/medicaltravel.ch\/tr\/wp-json\/wp\/v2\/media?parent=4740"}],"curies":[{"name":"wp","href":"https:\/\/api.w.org\/{rel}","templated":true}]}}