{"id":4742,"date":"2025-09-23T17:23:33","date_gmt":"2025-09-23T16:23:33","guid":{"rendered":"https:\/\/medicaltravel.ch\/hasta-raporlari\/erfahrungsberichte-empfehlungen-behandlungen-beurteilung-tuerkei-istanbul\/istanbulda-burun-duezeltme-islemim\/"},"modified":"2026-01-12T19:05:24","modified_gmt":"2026-01-12T18:05:24","slug":"istanbulda-burun-duezeltme-islemim","status":"publish","type":"page","link":"https:\/\/medicaltravel.ch\/tr\/hasta-raporlari\/referanslar-tavsiyeler-tedaviler-degerlendirmeler-turkiye-istanbul\/istanbulda-burun-duezeltme-islemim\/","title":{"rendered":"\u0130STANBUL&#8217;DA BURUN D\u00dcZELTME \u0130\u015eLEM\u0130M"},"content":{"rendered":"\n<p>\u0130STANBUL&#8217;DA BURUN D\u00dcZELTME AMEL\u0130YATIM &#8211; 4 Eyl\u00fcl 2017 Pazartesi Raporu<\/p>\n\n\n\n<p>Nasen OP am 24. Juli 2017<\/p>\n\n\n\n<p>Burada burun ameliyat\u0131yla ilgili deneyimimi payla\u015f\u0131yorum.<\/p>\n\n\n\n<p>Ac\u0131badem hastanesi servisi beni her zaman zaman\u0131nda ald\u0131 ve \u00e7ok memnun kald\u0131m.<\/p>\n\n\n\n<p>Internet \u00fczerinden MedicalTravel&#8217;i buldum, daha \u00f6nce hi\u00e7 duymam\u0131\u015ft\u0131m. Burada, ameliyat\u0131 yapacak doktorla tan\u0131\u015f\u0131p her \u015feyi detayl\u0131 bir \u015fekilde konu\u015fabilmek bence harika bir \u015fey, \u00e7\u00fcnk\u00fc b\u00f6ylece g\u00fcven olu\u015fturulmu\u015f oluyor. Sonu\u00e7ta insan kolayca ameliyat olmaya karar vermez, bu y\u00fczden g\u00f6r\u00fc\u015fme ve planlama randevusunu \u00e7ok faydal\u0131 buldum.  <\/p>\n\n\n\n<p>Ameliyat\u0131m da gayet iyi ge\u00e7ti, sonras\u0131nda hi\u00e7bir a\u011fr\u0131m olmad\u0131 \u00e7\u00fcnk\u00fc a\u011fr\u0131 kesicilerle ilgilenilmi\u015fti. Hastanedeki t\u00fcm hizmeti \u00e7ok be\u011fendim; hem\u015fireler s\u00fcrekli yan\u0131mdayd\u0131lar ve her zaman \u00e7ok dikkatliydiler. Maslak&#8217;taki Acibadem, ger\u00e7ekten \u00e7ok modern bir hastane ve olduk\u00e7a bak\u0131ml\u0131. <\/p>\n\n\n\n<p>Burnumla ilgili ameliyat konusunda biraz korkum ve \u00e7ok heyecan\u0131m vard\u0131 ama her \u015fey harika gitti ve ameliyat sonras\u0131 asl\u0131nda kendimi \u00e7ok iyi hissettim. Ameliyat \u00f6ncesinde doktorum Dr. S. Yazar&#8217;\u0131 g\u00f6r\u00fcp her \u015feyi bir kez daha detayl\u0131 \u015fekilde konu\u015fabilmek, korkumu biraz olsun azaltt\u0131. <\/p>\n\n\n\n<p>MedicalTravel&#8217;i kesinlikle tavsiye ediyorum. \u0130stanbul&#8217;daki otelimiz Le Meridien, Etiler&#8217;deydi, yani hastaneye \u00e7ok yak\u0131n bir konumdayd\u0131. Ger\u00e7ekten harika bir oteldi.  <\/p>\n\n\n\n<p>Hastaneden al\u0131nma hizmeti, her zaman otelimden zaman\u0131nda al\u0131nd\u0131m ve ameliyat sonras\u0131 yine otelime geri g\u00f6t\u00fcr\u00fcld\u00fcm. Yani ger\u00e7ekten m\u00fckemmel bir hizmetti. <\/p>\n\n\n\n<p>Acibadem Hastanesi&#8217;nden Tolga, beni her zaman kar\u015f\u0131layan, her \u015feyi a\u00e7\u0131klayan ve organize eden ki\u015fiydi. Her zaman ula\u015f\u0131labilirdi ve \u00e7ok yard\u0131mc\u0131yd\u0131. Bu sayede hi\u00e7 uzun s\u00fcre beklemedim. Her \u015fey \u00e7ok iyi organize edilmi\u015fti.  <\/p>\n\n\n\n<p>\u0130stanbul&#8217;daki hava s\u0131cakl\u0131klar\u0131 olduk\u00e7a y\u00fcksek oldu\u011fu i\u00e7in, ameliyat sonras\u0131 y\u00fcz\u00fcm \u00e7ok \u015fi\u015fmi\u015f ve morarm\u0131\u015ft\u0131, bu y\u00fczden dikkatli olmam gerekiyordu. Ancak otelden ald\u0131\u011f\u0131m so\u011futucu pedler ve buzlarla iyi bir \u015fekilde so\u011futma yaparak, \u015fi\u015flikler 4-5 g\u00fcn i\u00e7inde \u00e7ok azald\u0131. Yani yaz ortas\u0131nda bile burun ameliyat\u0131 olduk\u00e7a rahat yap\u0131labilir. Bug\u00fcn, burun ameliyat\u0131m\u0131n \u00fczerinden 6 hafta ge\u00e7ti ve sonu\u00e7tan \u00e7ok memnunum. \u00c7o\u011fu \u015fi\u015flik ge\u00e7ti, hala biraz s\u00fcm\u00fck birikiyor ama \u00e7ok daha iyi hissediyorum. Burunla normal \u015fekilde nefes alabiliyorum ve neredeyse hi\u00e7 kabuk olu\u015fmuyor. Tabii ki burun i\u00e7 duvar\u0131 hala biraz \u015fi\u015f, ancak doktoruma g\u00f6re burnun tamamen iyile\u015fmesi 6 ay veya hatta 1 y\u0131l s\u00fcrebilir.      <\/p>\n\n\n\n<p>Organizasyon i\u00e7in MedicalTravel&#8217;a ve t\u00fcm t\u0131bbi ekibe te\u015fekk\u00fcr ederim.<\/p>\n\n\n\n<p>Sayg\u0131lar\u0131mla<\/p>\n\n\n\n<p>Yildiz Sinekli<\/p>\n\n\n\n<div class=\"wp-block-group is-layout-grid wp-container-core-group-is-layout-baef362d wp-block-group-is-layout-grid\">\n<p><a href=\"https:\/\/medicaltravel.at\/home\/agb\/\" data-type=\"page\" data-id=\"2191\" rel=\"nofollow noopener\" target=\"_blank\"><\/a><a href=\"https:\/\/medicaltravel.ch\/tr\/hasta-raporlari\/referanslar-tavsiyeler-tedaviler-degerlendirmeler-turkiye-istanbul\/antalyada-uygulanan-ortodontik-tedaviye-iliskin-hasta-raporu\/\" data-type=\"link\" data-id=\"https:\/\/medicaltravel.ch\/tr\/hasta-raporlari\/referanslar-tavsiyeler-tedaviler-degerlendirmeler-turkiye-istanbul\/antalyada-uygulanan-ortodontik-tedaviye-iliskin-hasta-raporu\/\">\u00d6nceki rapor<\/a><\/p>\n\n\n\n<p class=\"has-text-align-right wp-container-content-5e2576f9\"><a href=\"https:\/\/medicaltravel.at\/home\/impressum\/\" data-type=\"page\" data-id=\"2193\" rel=\"nofollow noopener\" target=\"_blank\"><\/a><a href=\"https:\/\/medicaltravel.at\/home\/berichte-von-patienten\/erfahrungsberichte\/erfahrungsbericht-zahnbehandlung-in-istanbul\/\" data-type=\"page\" data-id=\"981\" rel=\"nofollow noopener\" target=\"_blank\"><\/a><a href=\"https:\/\/medicaltravel.ch\/tr\/hasta-raporlari\/referanslar-tavsiyeler-tedaviler-degerlendirmeler-turkiye-istanbul\/istanbuldaki-dis-taci-tedavim\/\" data-type=\"link\" data-id=\"https:\/\/medicaltravel.ch\/tr\/hasta-raporlari\/referanslar-tavsiyeler-tedaviler-degerlendirmeler-turkiye-istanbul\/istanbuldaki-dis-taci-tedavim\/\">Bir sonraki rapor<\/a><\/p>\n<\/div>\n","protected":false},"excerpt":{"rendered":"<p>\u0130STANBUL&#8217;DA BURUN D\u00dcZELTME AMEL\u0130YATIM &#8211; 4 Eyl\u00fcl 2017 Pazartesi Raporu Nasen OP am 24. Juli 2017 Burada burun ameliyat\u0131yla ilgili deneyimimi payla\u015f\u0131yorum. Ac\u0131badem hastanesi servisi beni her zaman zaman\u0131nda ald\u0131 ve \u00e7ok memnun kald\u0131m. Internet \u00fczerinden MedicalTravel&#8217;i buldum, daha \u00f6nce hi\u00e7 duymam\u0131\u015ft\u0131m. Burada, ameliyat\u0131 yapacak doktorla tan\u0131\u015f\u0131p her \u015feyi detayl\u0131 bir \u015fekilde konu\u015fabilmek bence harika bir \u015fey, \u00e7\u00fcnk\u00fc b\u00f6ylece g\u00fcven olu\u015fturulmu\u015f oluyor. Sonu\u00e7ta insan kolayca ameliyat olmaya karar vermez, bu y\u00fczden g\u00f6r\u00fc\u015fme ve planlama randevusunu \u00e7ok faydal\u0131 buldum. Ameliyat\u0131m da gayet iyi ge\u00e7ti, sonras\u0131nda hi\u00e7bir a\u011fr\u0131m olmad\u0131 \u00e7\u00fcnk\u00fc a\u011fr\u0131 kesicilerle ilgilenilmi\u015fti. Hastanedeki t\u00fcm hizmeti \u00e7ok be\u011fendim; hem\u015fireler s\u00fcrekli yan\u0131mdayd\u0131lar ve her zaman \u00e7ok dikkatliydiler. Maslak&#8217;taki Acibadem, ger\u00e7ekten \u00e7ok modern bir hastane ve olduk\u00e7a bak\u0131ml\u0131. Burnumla ilgili ameliyat konusunda biraz korkum ve \u00e7ok heyecan\u0131m vard\u0131 ama her \u015fey harika gitti ve ameliyat sonras\u0131 asl\u0131nda kendimi \u00e7ok iyi hissettim. Ameliyat \u00f6ncesinde doktorum Dr. S. Yazar&#8217;\u0131 g\u00f6r\u00fcp her \u015feyi bir kez daha detayl\u0131 \u015fekilde konu\u015fabilmek, korkumu biraz olsun azaltt\u0131. MedicalTravel&#8217;i kesinlikle tavsiye ediyorum. \u0130stanbul&#8217;daki otelimiz Le Meridien, Etiler&#8217;deydi, yani hastaneye \u00e7ok yak\u0131n bir konumdayd\u0131. Ger\u00e7ekten harika bir oteldi. Hastaneden al\u0131nma hizmeti, her zaman otelimden zaman\u0131nda al\u0131nd\u0131m ve ameliyat sonras\u0131 yine otelime geri g\u00f6t\u00fcr\u00fcld\u00fcm. Yani ger\u00e7ekten m\u00fckemmel bir hizmetti. Acibadem Hastanesi&#8217;nden Tolga, beni her zaman kar\u015f\u0131layan, her \u015feyi a\u00e7\u0131klayan ve organize eden ki\u015fiydi. Her zaman ula\u015f\u0131labilirdi ve \u00e7ok yard\u0131mc\u0131yd\u0131. Bu sayede hi\u00e7 uzun s\u00fcre beklemedim. Her \u015fey \u00e7ok iyi organize edilmi\u015fti. \u0130stanbul&#8217;daki hava s\u0131cakl\u0131klar\u0131 olduk\u00e7a y\u00fcksek oldu\u011fu i\u00e7in, ameliyat sonras\u0131 y\u00fcz\u00fcm \u00e7ok \u015fi\u015fmi\u015f ve morarm\u0131\u015ft\u0131, bu y\u00fczden dikkatli olmam gerekiyordu. Ancak otelden ald\u0131\u011f\u0131m so\u011futucu pedler ve buzlarla iyi bir \u015fekilde so\u011futma yaparak, \u015fi\u015flikler 4-5 g\u00fcn i\u00e7inde \u00e7ok azald\u0131. Yani yaz ortas\u0131nda bile burun ameliyat\u0131 olduk\u00e7a rahat yap\u0131labilir. Bug\u00fcn, burun ameliyat\u0131m\u0131n \u00fczerinden 6 hafta ge\u00e7ti ve sonu\u00e7tan \u00e7ok memnunum. \u00c7o\u011fu \u015fi\u015flik ge\u00e7ti, hala biraz s\u00fcm\u00fck birikiyor ama \u00e7ok daha iyi hissediyorum. Burunla normal \u015fekilde nefes alabiliyorum ve neredeyse hi\u00e7 kabuk olu\u015fmuyor. Tabii ki burun i\u00e7 duvar\u0131 hala biraz \u015fi\u015f, ancak doktoruma g\u00f6re burnun tamamen iyile\u015fmesi 6 ay veya hatta 1 y\u0131l s\u00fcrebilir. Organizasyon i\u00e7in MedicalTravel&#8217;a ve t\u00fcm t\u0131bbi ekibe te\u015fekk\u00fcr ederim. Sayg\u0131lar\u0131mla Yildiz Sinekli \u00d6nceki rapor Bir sonraki rapor<\/p>\n","protected":false},"author":4,"featured_media":0,"parent":4587,"menu_order":0,"comment_status":"closed","ping_status":"closed","template":"","meta":{"_joinchat":[],"footnotes":""},"class_list":["post-4742","page","type-page","status-publish","hentry"],"acf":[],"_links":{"self":[{"href":"https:\/\/medicaltravel.ch\/tr\/wp-json\/wp\/v2\/pages\/4742","targetHints":{"allow":["GET"]}}],"collection":[{"href":"https:\/\/medicaltravel.ch\/tr\/wp-json\/wp\/v2\/pages"}],"about":[{"href":"https:\/\/medicaltravel.ch\/tr\/wp-json\/wp\/v2\/types\/page"}],"author":[{"embeddable":true,"href":"https:\/\/medicaltravel.ch\/tr\/wp-json\/wp\/v2\/users\/4"}],"replies":[{"embeddable":true,"href":"https:\/\/medicaltravel.ch\/tr\/wp-json\/wp\/v2\/comments?post=4742"}],"version-history":[{"count":0,"href":"https:\/\/medicaltravel.ch\/tr\/wp-json\/wp\/v2\/pages\/4742\/revisions"}],"up":[{"embeddable":true,"href":"https:\/\/medicaltravel.ch\/tr\/wp-json\/wp\/v2\/pages\/4587"}],"wp:attachment":[{"href":"https:\/\/medicaltravel.ch\/tr\/wp-json\/wp\/v2\/media?parent=4742"}],"curies":[{"name":"wp","href":"https:\/\/api.w.org\/{rel}","templated":true}]}}