{"id":4744,"date":"2025-09-23T17:16:27","date_gmt":"2025-09-23T16:16:27","guid":{"rendered":"https:\/\/medicaltravel.ch\/hasta-raporlari\/erfahrungsberichte-empfehlungen-behandlungen-beurteilung-tuerkei-istanbul\/istanbuldaki-porselen-kaplama-tedavim\/"},"modified":"2026-01-12T19:02:06","modified_gmt":"2026-01-12T18:02:06","slug":"istanbuldaki-porselen-kaplama-tedavim","status":"publish","type":"page","link":"https:\/\/medicaltravel.ch\/tr\/hasta-raporlari\/referanslar-tavsiyeler-tedaviler-degerlendirmeler-turkiye-istanbul\/istanbuldaki-porselen-kaplama-tedavim\/","title":{"rendered":"\u0130stanbul&#8217;daki porselen kaplama tedavim"},"content":{"rendered":"\n<p>\u0130stanbul&#8217;daki porselen kaplama tedavim &#8211; 7 \u015eubat 2018 \u00c7ar\u015famba tarihli rapor<\/p>\n\n\n\n<p>Hi\u00e7bir zaman di\u015flerimden memnun de\u011fildim ve g\u00fcl\u00fc\u015f\u00fcn bir insan i\u00e7in \u00e7ok \u00f6nemli oldu\u011funu d\u00fc\u015f\u00fcn\u00fcyorum, bu y\u00fczden birka\u00e7 y\u0131ld\u0131r bir \u00e7\u00f6z\u00fcm ar\u0131yordum. Benim i\u00e7in en h\u0131zl\u0131, en g\u00fczel ve en kolay \u00e7\u00f6z\u00fcm, veneer&#8217;lerdi. \u015eimdi sadece en iyi fiyat-performans oran\u0131n\u0131 nerede bulabilece\u011fimi ke\u015ffetmem gerekiyordu. \u0130svi\u00e7re&#8217;de veneer&#8217;ler neredeyse imkans\u0131z fiyatlara sahip ve yurtd\u0131\u015f\u0131nda di\u015f yapt\u0131rmak bir risk olu\u015fturuyor.   <\/p>\n\n\n\n<p>Farkl\u0131 yerlerde ara\u015ft\u0131rma yapt\u0131m, ancak bir t\u00fcrl\u00fc tam olarak ikna olamad\u0131m. Ta ki MedicalTravel&#8217;in sitesine rastlayana kadar. \u015eimdiye kadar T\u00fcrkiye hakk\u0131nda g\u00fczellik operasyonlar\u0131 ve di\u015f tedavileri konusunda sadece iyi \u015feyler duydum ve okudum. T\u00fcrkiye&#8217;de tedavi olmak ve \u0130svi\u00e7re&#8217;den destek almak, harika bir fikir!   <\/p>\n\n\n\n<p>H\u0131zl\u0131ca Say\u0131n Kara ile ileti\u015fime ge\u00e7tim ve Zug&#8217;da bir dan\u0131\u015fmanl\u0131k g\u00f6r\u00fc\u015fmesi ayarlad\u0131m. Arkada\u015f\u0131m da bana e\u015flik etti, \u00e7\u00fcnk\u00fc o da benim fikrime \u00e7ok ikna olmu\u015ftu. Di\u015f hekimi ve terc\u00fcman ikisi de \u00e7ok nazikti ve bize her \u015feyi \u00e7ok iyi a\u00e7\u0131klad\u0131lar.  <\/p>\n\n\n\n<p>Yani, Kas\u0131m ay\u0131nda seyahatimizi rezervasyon yapt\u0131k. T\u00fcrkiye&#8217;ye vard\u0131\u011f\u0131m\u0131zda, havaalan\u0131nda bizi kar\u015f\u0131lad\u0131lar ve otelimize g\u00f6t\u00fcrd\u00fcler. Ertesi sabah, tekrar otelden al\u0131nd\u0131k ve Acibadem Hastanesi&#8217;ne g\u00f6t\u00fcr\u00fcld\u00fck. Orada terc\u00fcman bizi kar\u015f\u0131lad\u0131 ve i\u015flem s\u00fcrecini bize a\u00e7\u0131klad\u0131.   <\/p>\n\n\n\n<p>Di\u015flerimiz tedavi edildikten sonra bir \u00f6l\u00e7\u00fc al\u0131nd\u0131 ve bu laboratuvara g\u00f6nderildi. Ard\u0131ndan ge\u00e7ici di\u015flerimizi ald\u0131k. Tedavi a\u011fr\u0131s\u0131zd\u0131 \u00e7\u00fcnk\u00fc tabii ki her \u015fey uyu\u015fturulmu\u015ftu. Sonras\u0131nda birka\u00e7 g\u00fcn \u0130stanbul&#8217;u ke\u015ffetmek i\u00e7in serbest zaman\u0131m\u0131z oldu. Yemekler, insanlar, al\u0131\u015fveri\u015f, turistik yerler ve otel, her \u015fey bize \u00e7ok ho\u015f geldi.    <\/p>\n\n\n\n<p>Per\u015fembe g\u00fcn\u00fc tekrar hastaneye gittik ve yap\u0131lan veneer&#8217;leri denedik, her \u015feyin uyup uymad\u0131\u011f\u0131n\u0131 kontrol ettik. Ard\u0131ndan, veneer&#8217;ler laboratuvara geri g\u00f6nderildi, ayarlamalar yap\u0131ld\u0131 ve parlat\u0131ld\u0131. Cuma g\u00fcn\u00fc ise, veneer&#8217;lerim nihayet di\u015flerime yap\u0131\u015ft\u0131r\u0131lmaya ba\u015fland\u0131. Bu i\u015flem de yine uyu\u015fturma alt\u0131nda yap\u0131ld\u0131\u011f\u0131 i\u00e7in hi\u00e7bir a\u011fr\u0131 hissetmedim.    <\/p>\n\n\n\n<p>Veneer&#8217;lerimi ilk kez aynada g\u00f6rd\u00fc\u011f\u00fcmde \u00e7ok mutlu oldum. B\u00f6yle g\u00fczel bir sonu\u00e7 hi\u00e7 beklemiyordum! Di\u015f hekimimiz \u00d6zge \u00d6zt\u00fcrk ger\u00e7ekten harika bir i\u015f \u00e7\u0131kard\u0131. \u00c7ok sempatik ve i\u015fini sevdi\u011fi belli, ayr\u0131ca veneer&#8217;leri s\u0131k\u00e7a yap\u0131yor. Sonu\u00e7 ger\u00e7ekten gurur duyulacak bir seviyede. Ayr\u0131ca \u0130ngilizce de konu\u015fabiliyor, tabii ki terc\u00fcman her zaman yan\u0131m\u0131zdayd\u0131.      <\/p>\n\n\n\n<p>Ertesi g\u00fcn tekrar gittik, veneer&#8217;lerin nas\u0131l hissettirdi\u011fini s\u00f6yledik ve onlar\u0131 biraz daha parlatmak i\u00e7in ayarlama yap\u0131ld\u0131. Bende ayr\u0131ca di\u015f g\u0131c\u0131rdatma problemi oldu\u011fu i\u00e7in, gece pla\u011f\u0131 yap\u0131labilmesi i\u00e7in di\u015flerimden bir \u00f6l\u00e7\u00fc al\u0131nd\u0131. Pazar g\u00fcn\u00fc ise tekrar havaalan\u0131na g\u00f6t\u00fcr\u00fcld\u00fck ve \u0130svi\u00e7re&#8217;ye geri d\u00f6nd\u00fck.  <\/p>\n\n\n\n<p>Ben ve arkada\u015f\u0131m, MedicalTravel&#8217;da veneer yapt\u0131rmay\u0131 se\u00e7ti\u011fimize ger\u00e7ekten \u00e7ok memnunuz. Art\u0131k g\u00fcl\u00fc\u015f\u00fcm\u00fc ger\u00e7ekten severek g\u00f6steriyorum ve s\u0131k\u00e7a di\u015flerim hakk\u0131nda \u00f6vg\u00fcler al\u0131yorum, \u00e7\u00fcnk\u00fc \u00e7ok g\u00fczel ve do\u011fal g\u00f6r\u00fcn\u00fcyorlar. MedicalTravel&#8217;\u0131 kesinlikle herkese tavsiye ederim. Kesinlikle tekrar \u0130stanbul&#8217;a gidip orada tatil yapaca\u011f\u0131z ve kesinlikle di\u015f hekimimiz \u00d6zge \u00d6zt\u00fcrk&#8217;\u00fc ziyaret edece\u011fiz!   <\/p>\n\n\n\n<p>L. Spori<\/p>\n\n\n\n<div class=\"wp-block-group is-layout-grid wp-container-core-group-is-layout-baef362d wp-block-group-is-layout-grid\">\n<p><a href=\"https:\/\/medicaltravel.at\/home\/agb\/\" data-type=\"page\" data-id=\"2191\" rel=\"nofollow noopener\" target=\"_blank\"><\/a><a href=\"https:\/\/medicaltravel.ch\/tr\/hasta-raporlari\/referanslar-tavsiyeler-tedaviler-degerlendirmeler-turkiye-istanbul\/istanbuldaki-porselen-kaplama-tedavim\/\" data-type=\"link\" data-id=\"https:\/\/medicaltravel.ch\/tr\/hasta-raporlari\/referanslar-tavsiyeler-tedaviler-degerlendirmeler-turkiye-istanbul\/istanbuldaki-porselen-kaplama-tedavim\/\">\u00d6nceki rapor<\/a><\/p>\n\n\n\n<p class=\"has-text-align-right wp-container-content-5e2576f9\"><a href=\"https:\/\/medicaltravel.at\/home\/impressum\/\" data-type=\"page\" data-id=\"2193\" rel=\"nofollow noopener\" target=\"_blank\"><\/a><a href=\"https:\/\/medicaltravel.at\/home\/berichte-von-patienten\/erfahrungsberichte\/erfahrungsbericht-zahnbehandlung-in-istanbul\/\" data-type=\"page\" data-id=\"981\" rel=\"nofollow noopener\" target=\"_blank\"><\/a><a href=\"https:\/\/medicaltravel.ch\/tr\/hasta-raporlari\/referanslar-tavsiyeler-tedaviler-degerlendirmeler-turkiye-istanbul\/istanbuldaki-liposuksiyonum\/\" data-type=\"link\" data-id=\"https:\/\/medicaltravel.ch\/tr\/hasta-raporlari\/referanslar-tavsiyeler-tedaviler-degerlendirmeler-turkiye-istanbul\/istanbuldaki-liposuksiyonum\/\">Bir sonraki rapor<\/a><\/p>\n<\/div>\n","protected":false},"excerpt":{"rendered":"<p>\u0130stanbul&#8217;daki porselen kaplama tedavim &#8211; 7 \u015eubat 2018 \u00c7ar\u015famba tarihli rapor Hi\u00e7bir zaman di\u015flerimden memnun de\u011fildim ve g\u00fcl\u00fc\u015f\u00fcn bir insan i\u00e7in \u00e7ok \u00f6nemli oldu\u011funu d\u00fc\u015f\u00fcn\u00fcyorum, bu y\u00fczden birka\u00e7 y\u0131ld\u0131r bir \u00e7\u00f6z\u00fcm ar\u0131yordum. Benim i\u00e7in en h\u0131zl\u0131, en g\u00fczel ve en kolay \u00e7\u00f6z\u00fcm, veneer&#8217;lerdi. \u015eimdi sadece en iyi fiyat-performans oran\u0131n\u0131 nerede bulabilece\u011fimi ke\u015ffetmem gerekiyordu. \u0130svi\u00e7re&#8217;de veneer&#8217;ler neredeyse imkans\u0131z fiyatlara sahip ve yurtd\u0131\u015f\u0131nda di\u015f yapt\u0131rmak bir risk olu\u015fturuyor. Farkl\u0131 yerlerde ara\u015ft\u0131rma yapt\u0131m, ancak bir t\u00fcrl\u00fc tam olarak ikna olamad\u0131m. Ta ki MedicalTravel&#8217;in sitesine rastlayana kadar. \u015eimdiye kadar T\u00fcrkiye hakk\u0131nda g\u00fczellik operasyonlar\u0131 ve di\u015f tedavileri konusunda sadece iyi \u015feyler duydum ve okudum. T\u00fcrkiye&#8217;de tedavi olmak ve \u0130svi\u00e7re&#8217;den destek almak, harika bir fikir! H\u0131zl\u0131ca Say\u0131n Kara ile ileti\u015fime ge\u00e7tim ve Zug&#8217;da bir dan\u0131\u015fmanl\u0131k g\u00f6r\u00fc\u015fmesi ayarlad\u0131m. Arkada\u015f\u0131m da bana e\u015flik etti, \u00e7\u00fcnk\u00fc o da benim fikrime \u00e7ok ikna olmu\u015ftu. Di\u015f hekimi ve terc\u00fcman ikisi de \u00e7ok nazikti ve bize her \u015feyi \u00e7ok iyi a\u00e7\u0131klad\u0131lar. Yani, Kas\u0131m ay\u0131nda seyahatimizi rezervasyon yapt\u0131k. T\u00fcrkiye&#8217;ye vard\u0131\u011f\u0131m\u0131zda, havaalan\u0131nda bizi kar\u015f\u0131lad\u0131lar ve otelimize g\u00f6t\u00fcrd\u00fcler. Ertesi sabah, tekrar otelden al\u0131nd\u0131k ve Acibadem Hastanesi&#8217;ne g\u00f6t\u00fcr\u00fcld\u00fck. Orada terc\u00fcman bizi kar\u015f\u0131lad\u0131 ve i\u015flem s\u00fcrecini bize a\u00e7\u0131klad\u0131. Di\u015flerimiz tedavi edildikten sonra bir \u00f6l\u00e7\u00fc al\u0131nd\u0131 ve bu laboratuvara g\u00f6nderildi. Ard\u0131ndan ge\u00e7ici di\u015flerimizi ald\u0131k. Tedavi a\u011fr\u0131s\u0131zd\u0131 \u00e7\u00fcnk\u00fc tabii ki her \u015fey uyu\u015fturulmu\u015ftu. Sonras\u0131nda birka\u00e7 g\u00fcn \u0130stanbul&#8217;u ke\u015ffetmek i\u00e7in serbest zaman\u0131m\u0131z oldu. Yemekler, insanlar, al\u0131\u015fveri\u015f, turistik yerler ve otel, her \u015fey bize \u00e7ok ho\u015f geldi. Per\u015fembe g\u00fcn\u00fc tekrar hastaneye gittik ve yap\u0131lan veneer&#8217;leri denedik, her \u015feyin uyup uymad\u0131\u011f\u0131n\u0131 kontrol ettik. Ard\u0131ndan, veneer&#8217;ler laboratuvara geri g\u00f6nderildi, ayarlamalar yap\u0131ld\u0131 ve parlat\u0131ld\u0131. Cuma g\u00fcn\u00fc ise, veneer&#8217;lerim nihayet di\u015flerime yap\u0131\u015ft\u0131r\u0131lmaya ba\u015fland\u0131. Bu i\u015flem de yine uyu\u015fturma alt\u0131nda yap\u0131ld\u0131\u011f\u0131 i\u00e7in hi\u00e7bir a\u011fr\u0131 hissetmedim. Veneer&#8217;lerimi ilk kez aynada g\u00f6rd\u00fc\u011f\u00fcmde \u00e7ok mutlu oldum. B\u00f6yle g\u00fczel bir sonu\u00e7 hi\u00e7 beklemiyordum! Di\u015f hekimimiz \u00d6zge \u00d6zt\u00fcrk ger\u00e7ekten harika bir i\u015f \u00e7\u0131kard\u0131. \u00c7ok sempatik ve i\u015fini sevdi\u011fi belli, ayr\u0131ca veneer&#8217;leri s\u0131k\u00e7a yap\u0131yor. Sonu\u00e7 ger\u00e7ekten gurur duyulacak bir seviyede. Ayr\u0131ca \u0130ngilizce de konu\u015fabiliyor, tabii ki terc\u00fcman her zaman yan\u0131m\u0131zdayd\u0131. Ertesi g\u00fcn tekrar gittik, veneer&#8217;lerin nas\u0131l hissettirdi\u011fini s\u00f6yledik ve onlar\u0131 biraz daha parlatmak i\u00e7in ayarlama yap\u0131ld\u0131. Bende ayr\u0131ca di\u015f g\u0131c\u0131rdatma problemi oldu\u011fu i\u00e7in, gece pla\u011f\u0131 yap\u0131labilmesi i\u00e7in di\u015flerimden bir \u00f6l\u00e7\u00fc al\u0131nd\u0131. Pazar g\u00fcn\u00fc ise tekrar havaalan\u0131na g\u00f6t\u00fcr\u00fcld\u00fck ve \u0130svi\u00e7re&#8217;ye geri d\u00f6nd\u00fck. Ben ve arkada\u015f\u0131m, MedicalTravel&#8217;da veneer yapt\u0131rmay\u0131 se\u00e7ti\u011fimize ger\u00e7ekten \u00e7ok memnunuz. Art\u0131k g\u00fcl\u00fc\u015f\u00fcm\u00fc ger\u00e7ekten severek g\u00f6steriyorum ve s\u0131k\u00e7a di\u015flerim hakk\u0131nda \u00f6vg\u00fcler al\u0131yorum, \u00e7\u00fcnk\u00fc \u00e7ok g\u00fczel ve do\u011fal g\u00f6r\u00fcn\u00fcyorlar. MedicalTravel&#8217;\u0131 kesinlikle herkese tavsiye ederim. Kesinlikle tekrar \u0130stanbul&#8217;a gidip orada tatil yapaca\u011f\u0131z ve kesinlikle di\u015f hekimimiz \u00d6zge \u00d6zt\u00fcrk&#8217;\u00fc ziyaret edece\u011fiz! L. Spori \u00d6nceki rapor Bir sonraki rapor<\/p>\n","protected":false},"author":4,"featured_media":0,"parent":4587,"menu_order":0,"comment_status":"closed","ping_status":"closed","template":"","meta":{"_joinchat":[],"footnotes":""},"class_list":["post-4744","page","type-page","status-publish","hentry"],"acf":[],"_links":{"self":[{"href":"https:\/\/medicaltravel.ch\/tr\/wp-json\/wp\/v2\/pages\/4744","targetHints":{"allow":["GET"]}}],"collection":[{"href":"https:\/\/medicaltravel.ch\/tr\/wp-json\/wp\/v2\/pages"}],"about":[{"href":"https:\/\/medicaltravel.ch\/tr\/wp-json\/wp\/v2\/types\/page"}],"author":[{"embeddable":true,"href":"https:\/\/medicaltravel.ch\/tr\/wp-json\/wp\/v2\/users\/4"}],"replies":[{"embeddable":true,"href":"https:\/\/medicaltravel.ch\/tr\/wp-json\/wp\/v2\/comments?post=4744"}],"version-history":[{"count":4,"href":"https:\/\/medicaltravel.ch\/tr\/wp-json\/wp\/v2\/pages\/4744\/revisions"}],"predecessor-version":[{"id":6432,"href":"https:\/\/medicaltravel.ch\/tr\/wp-json\/wp\/v2\/pages\/4744\/revisions\/6432"}],"up":[{"embeddable":true,"href":"https:\/\/medicaltravel.ch\/tr\/wp-json\/wp\/v2\/pages\/4587"}],"wp:attachment":[{"href":"https:\/\/medicaltravel.ch\/tr\/wp-json\/wp\/v2\/media?parent=4744"}],"curies":[{"name":"wp","href":"https:\/\/api.w.org\/{rel}","templated":true}]}}