{"id":4748,"date":"2025-09-23T17:24:44","date_gmt":"2025-09-23T16:24:44","guid":{"rendered":"https:\/\/medicaltravel.ch\/hasta-raporlari\/erfahrungsberichte-empfehlungen-behandlungen-beurteilung-tuerkei-istanbul\/istanbuldaki-kaplama-tedavim\/"},"modified":"2026-01-12T19:06:42","modified_gmt":"2026-01-12T18:06:42","slug":"istanbuldaki-kaplama-tedavim","status":"publish","type":"page","link":"https:\/\/medicaltravel.ch\/tr\/hasta-raporlari\/referanslar-tavsiyeler-tedaviler-degerlendirmeler-turkiye-istanbul\/istanbuldaki-kaplama-tedavim\/","title":{"rendered":"\u0130STANBUL&#8217;DAK\u0130 KAPLAMA TEDAV\u0130M"},"content":{"rendered":"\n<p>\u0130STANBUL&#8217;DAK\u0130 KAPLAMA TEDAV\u0130M \u2013 9 Temmuz 2017 Pazar G\u00fcn\u00fc Raporu<\/p>\n\n\n\n<p>Ocak 2017&#8217;de Zug&#8217;da, \u0130stanbul&#8217;da di\u015f tedavisi i\u00e7in Dr. \u00d6zt\u00fcrk ile bir dan\u0131\u015fmanl\u0131k g\u00f6r\u00fc\u015fmesindeydim. \u00c7ok nazik ve kompetentti. <\/p>\n\n\n\n<p>Kay\u0131t ve dan\u0131\u015fmanl\u0131k firmas\u0131yla ileti\u015fim kurma s\u00fcreci Say\u0131n Kara ile m\u00fckemmel ge\u00e7ti! \u00c7ok nazik, yard\u0131mc\u0131 ve h\u0131zl\u0131lard\u0131. <\/p>\n\n\n\n<p>Onay\u0131m\u0131 verdikten k\u0131sa bir s\u00fcre sonra, seyahatimle ilgili t\u00fcm \u00f6nemli bilgiler ve belgeler taraf\u0131ma iletildi.<\/p>\n\n\n\n<p>Al\u0131\u015f servisi beni havaalan\u0131nda kar\u015f\u0131lad\u0131. Gidi\u015f-d\u00f6n\u00fc\u015f transferi \u00e7ok rahat ve ho\u015ftu. <\/p>\n\n\n\n<p>Hastanede \u00e7ok nazik bir \u015fekilde kar\u015f\u0131land\u0131m. T\u00fcrk\u00e7e konu\u015fabiliyorum ama o kadar iyi de\u011fil, bu y\u00fczden her zaman bir terc\u00fcman\u0131m vard\u0131. Di\u015f hekimi Dr. \u00d6zt\u00fcrk de \u00e7ok iyi \u0130ngilizce konu\u015fuyor.  <\/p>\n\n\n\n<p>Tedavi s\u00fcrecini ve sonraki ad\u0131mlar\u0131 bana ayr\u0131nt\u0131l\u0131 ve sab\u0131rl\u0131 bir \u015fekilde a\u00e7\u0131klad\u0131 ve isteklerimi dikkate ald\u0131.<\/p>\n\n\n\n<p>Di\u015flerim t\u00f6rp\u00fclenip \u00f6l\u00e7\u00fcler al\u0131nd\u0131ktan sonra ge\u00e7ici di\u015flerim tak\u0131ld\u0131. \u00c7ar\u015famba ve Per\u015fembe g\u00fcnleri veneer&#8217;lerin denemesi yap\u0131ld\u0131, arada bir de k\u00f6k tedavisi uyguland\u0131. Hi\u00e7bir a\u011fr\u0131 hissetmedim ve her \u015fey harika bir \u015fekilde ge\u00e7ti! <\/p>\n\n\n\n<p>Cuma g\u00fcn\u00fc nihayet veneer&#8217;ler tak\u0131ld\u0131. Cumartesi g\u00fcn\u00fc ise d\u00f6n\u00fc\u015f u\u00e7u\u015fum vard\u0131. <\/p>\n\n\n\n<p>Ve sonu\u00e7 tek kelimeyle M\u00dcKEMMEL!<\/p>\n\n\n\n<p>Her zaman tekrar MedicalTravel \u00fczerinden rezervasyon yapar ve \u0130stanbul&#8217;da Dr. \u00d6zt\u00fcrk&#8217;ten tedavi al\u0131r\u0131m, kesinlikle herkese de tavsiye ederim!<\/p>\n\n\n\n<p>MedicalTravel&#8217;in sorunsuz ve m\u00fckemmel hizmeti i\u00e7in \u00e7ok te\u015fekk\u00fcr ederim!<\/p>\n\n\n\n<p>Ke\u015fke birka\u00e7 y\u0131l \u00f6nce di\u015flerimi Dr. \u00d6zt\u00fcrk&#8217;e yapt\u0131rsayd\u0131m, daha da iyi olurdu.<\/p>\n\n\n\n<p>Sayg\u0131lar\u0131mla<\/p>\n\n\n\n<p>Canan Kuk<\/p>\n\n\n\n<div class=\"wp-block-group is-layout-grid wp-container-core-group-is-layout-baef362d wp-block-group-is-layout-grid\">\n<p><a href=\"https:\/\/medicaltravel.at\/home\/agb\/\" data-type=\"page\" data-id=\"2191\" rel=\"nofollow noopener\" target=\"_blank\"><\/a><a href=\"https:\/\/medicaltravel.ch\/tr\/hasta-raporlari\/referanslar-tavsiyeler-tedaviler-degerlendirmeler-turkiye-istanbul\/istanbuldaki-dis-taci-tedavim\/\" data-type=\"link\" data-id=\"https:\/\/medicaltravel.ch\/tr\/hasta-raporlari\/referanslar-tavsiyeler-tedaviler-degerlendirmeler-turkiye-istanbul\/istanbuldaki-dis-taci-tedavim\/\">\u00d6nceki rapor<\/a><\/p>\n\n\n\n<p class=\"has-text-align-right wp-container-content-5e2576f9\"><a href=\"https:\/\/medicaltravel.at\/home\/impressum\/\" data-type=\"page\" data-id=\"2193\" rel=\"nofollow noopener\" target=\"_blank\"><\/a><a href=\"https:\/\/medicaltravel.at\/home\/berichte-von-patienten\/erfahrungsberichte\/erfahrungsbericht-zahnbehandlung-in-istanbul\/\" data-type=\"page\" data-id=\"981\" rel=\"nofollow noopener\" target=\"_blank\"><\/a><a href=\"https:\/\/medicaltravel.ch\/tr\/hasta-raporlari\/referanslar-tavsiyeler-tedaviler-degerlendirmeler-turkiye-istanbul\/deneyim-raporu-istanbul-tuerkiyede-goez-kapagi-kaldirma\/\" data-type=\"link\" data-id=\"https:\/\/medicaltravel.ch\/tr\/hasta-raporlari\/referanslar-tavsiyeler-tedaviler-degerlendirmeler-turkiye-istanbul\/deneyim-raporu-istanbul-tuerkiyede-goez-kapagi-kaldirma\/\">Bir sonraki rapor<\/a><\/p>\n<\/div>\n","protected":false},"excerpt":{"rendered":"<p>\u0130STANBUL&#8217;DAK\u0130 KAPLAMA TEDAV\u0130M \u2013 9 Temmuz 2017 Pazar G\u00fcn\u00fc Raporu Ocak 2017&#8217;de Zug&#8217;da, \u0130stanbul&#8217;da di\u015f tedavisi i\u00e7in Dr. \u00d6zt\u00fcrk ile bir dan\u0131\u015fmanl\u0131k g\u00f6r\u00fc\u015fmesindeydim. \u00c7ok nazik ve kompetentti. Kay\u0131t ve dan\u0131\u015fmanl\u0131k firmas\u0131yla ileti\u015fim kurma s\u00fcreci Say\u0131n Kara ile m\u00fckemmel ge\u00e7ti! \u00c7ok nazik, yard\u0131mc\u0131 ve h\u0131zl\u0131lard\u0131. Onay\u0131m\u0131 verdikten k\u0131sa bir s\u00fcre sonra, seyahatimle ilgili t\u00fcm \u00f6nemli bilgiler ve belgeler taraf\u0131ma iletildi. Al\u0131\u015f servisi beni havaalan\u0131nda kar\u015f\u0131lad\u0131. Gidi\u015f-d\u00f6n\u00fc\u015f transferi \u00e7ok rahat ve ho\u015ftu. Hastanede \u00e7ok nazik bir \u015fekilde kar\u015f\u0131land\u0131m. T\u00fcrk\u00e7e konu\u015fabiliyorum ama o kadar iyi de\u011fil, bu y\u00fczden her zaman bir terc\u00fcman\u0131m vard\u0131. Di\u015f hekimi Dr. \u00d6zt\u00fcrk de \u00e7ok iyi \u0130ngilizce konu\u015fuyor. Tedavi s\u00fcrecini ve sonraki ad\u0131mlar\u0131 bana ayr\u0131nt\u0131l\u0131 ve sab\u0131rl\u0131 bir \u015fekilde a\u00e7\u0131klad\u0131 ve isteklerimi dikkate ald\u0131. Di\u015flerim t\u00f6rp\u00fclenip \u00f6l\u00e7\u00fcler al\u0131nd\u0131ktan sonra ge\u00e7ici di\u015flerim tak\u0131ld\u0131. \u00c7ar\u015famba ve Per\u015fembe g\u00fcnleri veneer&#8217;lerin denemesi yap\u0131ld\u0131, arada bir de k\u00f6k tedavisi uyguland\u0131. Hi\u00e7bir a\u011fr\u0131 hissetmedim ve her \u015fey harika bir \u015fekilde ge\u00e7ti! Cuma g\u00fcn\u00fc nihayet veneer&#8217;ler tak\u0131ld\u0131. Cumartesi g\u00fcn\u00fc ise d\u00f6n\u00fc\u015f u\u00e7u\u015fum vard\u0131. Ve sonu\u00e7 tek kelimeyle M\u00dcKEMMEL! Her zaman tekrar MedicalTravel \u00fczerinden rezervasyon yapar ve \u0130stanbul&#8217;da Dr. \u00d6zt\u00fcrk&#8217;ten tedavi al\u0131r\u0131m, kesinlikle herkese de tavsiye ederim! MedicalTravel&#8217;in sorunsuz ve m\u00fckemmel hizmeti i\u00e7in \u00e7ok te\u015fekk\u00fcr ederim! Ke\u015fke birka\u00e7 y\u0131l \u00f6nce di\u015flerimi Dr. \u00d6zt\u00fcrk&#8217;e yapt\u0131rsayd\u0131m, daha da iyi olurdu. Sayg\u0131lar\u0131mla Canan Kuk \u00d6nceki rapor Bir sonraki rapor<\/p>\n","protected":false},"author":4,"featured_media":0,"parent":4587,"menu_order":0,"comment_status":"closed","ping_status":"closed","template":"","meta":{"_joinchat":[],"footnotes":""},"class_list":["post-4748","page","type-page","status-publish","hentry"],"acf":[],"_links":{"self":[{"href":"https:\/\/medicaltravel.ch\/tr\/wp-json\/wp\/v2\/pages\/4748","targetHints":{"allow":["GET"]}}],"collection":[{"href":"https:\/\/medicaltravel.ch\/tr\/wp-json\/wp\/v2\/pages"}],"about":[{"href":"https:\/\/medicaltravel.ch\/tr\/wp-json\/wp\/v2\/types\/page"}],"author":[{"embeddable":true,"href":"https:\/\/medicaltravel.ch\/tr\/wp-json\/wp\/v2\/users\/4"}],"replies":[{"embeddable":true,"href":"https:\/\/medicaltravel.ch\/tr\/wp-json\/wp\/v2\/comments?post=4748"}],"version-history":[{"count":0,"href":"https:\/\/medicaltravel.ch\/tr\/wp-json\/wp\/v2\/pages\/4748\/revisions"}],"up":[{"embeddable":true,"href":"https:\/\/medicaltravel.ch\/tr\/wp-json\/wp\/v2\/pages\/4587"}],"wp:attachment":[{"href":"https:\/\/medicaltravel.ch\/tr\/wp-json\/wp\/v2\/media?parent=4748"}],"curies":[{"name":"wp","href":"https:\/\/api.w.org\/{rel}","templated":true}]}}