{"id":4750,"date":"2025-09-23T17:09:22","date_gmt":"2025-09-23T16:09:22","guid":{"rendered":"https:\/\/medicaltravel.ch\/hasta-raporlari\/erfahrungsberichte-empfehlungen-behandlungen-beurteilung-tuerkei-istanbul\/istanbul-dis-kliniginde-gecirdigim-dis-tedavim\/"},"modified":"2026-01-12T18:53:03","modified_gmt":"2026-01-12T17:53:03","slug":"istanbul-dis-kliniginde-gecirdigim-dis-tedavim","status":"publish","type":"page","link":"https:\/\/medicaltravel.ch\/tr\/hasta-raporlari\/referanslar-tavsiyeler-tedaviler-degerlendirmeler-turkiye-istanbul\/istanbul-dis-kliniginde-gecirdigim-dis-tedavim\/","title":{"rendered":"\u0130stanbul di\u015f klini\u011finde ge\u00e7irdi\u011fim di\u015f tedavim"},"content":{"rendered":"\n<p>\u0130stanbul&#8217;daki ACIBADEM Hastanesi&#8217;ndeki di\u015f tedavim \u2013 19 Mart 2019 Sal\u0131 raporu<br>Ba\u015fard\u0131m!!<\/p>\n\n\n\n<p>1 Mart 2019&#8217;da, \u00fc\u00e7\u00fcnc\u00fc \u0130stanbul ziyaretimin ard\u0131ndan komple di\u015f tedavemden geri d\u00f6nd\u00fcm.<\/p>\n\n\n\n<p>Medical Travel&#8217;in Zug&#8217;da d\u00fczenledi\u011fi \u00f6n muayene sonras\u0131nda, ACIBADEM Hastanesi&#8217;nden Dr. \u00d6zt\u00fcrk taraf\u0131ndan \u0130stanbul&#8217;daki di\u015f klini\u011fine ilk kez 2 y\u0131l \u00f6nce tedavi i\u00e7in gitmi\u015ftim. Havaalan\u0131na vard\u0131\u011f\u0131n\u0131zda, Acibadem&#8217;in \u00f6zel transfer hizmetiyle sizi kar\u015f\u0131l\u0131yorlar ve otele g\u00f6t\u00fcr\u00fcyorlar. Ayn\u0131 \u015fekilde, her tedavi randevusu i\u00e7in otelden al\u0131n\u0131yor ve tedavi sonras\u0131 tekrar otele geri g\u00f6t\u00fcr\u00fcl\u00fcyorsunuz.  <\/p>\n\n\n\n<p>\u0130mplantlar\u0131n iyile\u015fmesinin ard\u0131ndan son kronlar\u0131m\u0131 takt\u0131rabildim. Dr. \u00d6zt\u00fcrk taraf\u0131ndan yap\u0131lan her tedavi tamamen a\u011fr\u0131s\u0131z ge\u00e7ti ve hi\u00e7bir \u015fikayetim olmad\u0131. Ayr\u0131ca, di\u015flerimin t\u00fcm yenileme s\u00fcreci komplikasyonsuz bir \u015fekilde ilerledi. Tedavi ad\u0131mlar\u0131 hakk\u0131nda her zaman ayr\u0131nt\u0131l\u0131 bilgi ald\u0131m. Sorular\u0131m oldu\u011funda, di\u015f hekimim her zaman bana profesyonel ve do\u011fru cevaplar verdi. Sonu\u00e7 beni tamamen memnun etti ve ger\u00e7ekten g\u00f6r\u00fclmeye de\u011fer. \u00c7ok mutluyum ve yurtd\u0131\u015f\u0131nda (\u0130stanbul) bu tedavileri yapt\u0131rma karar\u0131m\u0131n hi\u00e7 pi\u015fmanl\u0131k yaratmad\u0131\u011f\u0131n\u0131 s\u00f6yleyebilirim.      <\/p>\n\n\n\n<p>Birisi di\u015flerini nas\u0131l ve nerede yapt\u0131raca\u011f\u0131 konusunda karars\u0131zsa, MedicalTravel ve \u0130stanbul&#8217;daki Acibadem Klinik&#8217;ini kesinlikle tavsiye ederim! Burada y\u00fcksek d\u00fczeyde uzmanl\u0131k ve s\u0131cak bir misafirperverlik g\u00fcnl\u00fck hayat\u0131n bir par\u00e7as\u0131. Ayr\u0131ca, tedavi aralar\u0131nda canl\u0131 \u015fehirde dola\u015fmak, al\u0131\u015fveri\u015f yapmak veya k\u00fclt\u00fcrel geziler yapmak gibi \u00e7ok say\u0131da se\u00e7enek sunuluyor. <\/p>\n\n\n\n<p>Her \u015fey i\u00e7in \u00e7ok te\u015fekk\u00fcr ederim ve t\u00fcm ekibe s\u0131cak selamlar!<\/p>\n\n\n\n<p>Albert Bretscher<\/p>\n\n\n\n<div class=\"wp-block-group is-layout-grid wp-container-core-group-is-layout-baef362d wp-block-group-is-layout-grid\">\n<p><a href=\"https:\/\/medicaltravel.at\/home\/agb\/\" data-type=\"page\" data-id=\"2191\" rel=\"nofollow noopener\" target=\"_blank\"><\/a><a href=\"https:\/\/medicaltravel.ch\/tr\/hasta-raporlari\/referanslar-tavsiyeler-tedaviler-degerlendirmeler-turkiye-istanbul\/istanbuldaki-bir-dis-kliniginin-degerlendirmesi\/\" data-type=\"link\" data-id=\"https:\/\/medicaltravel.ch\/tr\/hasta-raporlari\/referanslar-tavsiyeler-tedaviler-degerlendirmeler-turkiye-istanbul\/istanbuldaki-bir-dis-kliniginin-degerlendirmesi\/\">\u00d6nceki rapor<\/a><\/p>\n\n\n\n<p class=\"has-text-align-right wp-container-content-5e2576f9\"><a href=\"https:\/\/medicaltravel.at\/home\/impressum\/\" data-type=\"page\" data-id=\"2193\" rel=\"nofollow noopener\" target=\"_blank\"><\/a><a href=\"https:\/\/medicaltravel.at\/home\/berichte-von-patienten\/erfahrungsberichte\/erfahrungsbericht-zahnbehandlung-in-istanbul\/\" data-type=\"page\" data-id=\"981\" rel=\"nofollow noopener\" target=\"_blank\"><\/a><a href=\"https:\/\/medicaltravel.ch\/tr\/hasta-raporlari\/referanslar-tavsiyeler-tedaviler-degerlendirmeler-turkiye-istanbul\/istanbulda-sac-ekimi-deneyim-raporu-15-subat-2019-cuma-tarihli-rapor\/\" data-type=\"link\" data-id=\"https:\/\/medicaltravel.ch\/tr\/hasta-raporlari\/referanslar-tavsiyeler-tedaviler-degerlendirmeler-turkiye-istanbul\/istanbulda-sac-ekimi-deneyim-raporu-15-subat-2019-cuma-tarihli-rapor\/\">Bir sonraki rapor<\/a><\/p>\n<\/div>\n","protected":false},"excerpt":{"rendered":"<p>\u0130stanbul&#8217;daki ACIBADEM Hastanesi&#8217;ndeki di\u015f tedavim \u2013 19 Mart 2019 Sal\u0131 raporuBa\u015fard\u0131m!! 1 Mart 2019&#8217;da, \u00fc\u00e7\u00fcnc\u00fc \u0130stanbul ziyaretimin ard\u0131ndan komple di\u015f tedavemden geri d\u00f6nd\u00fcm. Medical Travel&#8217;in Zug&#8217;da d\u00fczenledi\u011fi \u00f6n muayene sonras\u0131nda, ACIBADEM Hastanesi&#8217;nden Dr. \u00d6zt\u00fcrk taraf\u0131ndan \u0130stanbul&#8217;daki di\u015f klini\u011fine ilk kez 2 y\u0131l \u00f6nce tedavi i\u00e7in gitmi\u015ftim. Havaalan\u0131na vard\u0131\u011f\u0131n\u0131zda, Acibadem&#8217;in \u00f6zel transfer hizmetiyle sizi kar\u015f\u0131l\u0131yorlar ve otele g\u00f6t\u00fcr\u00fcyorlar. Ayn\u0131 \u015fekilde, her tedavi randevusu i\u00e7in otelden al\u0131n\u0131yor ve tedavi sonras\u0131 tekrar otele geri g\u00f6t\u00fcr\u00fcl\u00fcyorsunuz. \u0130mplantlar\u0131n iyile\u015fmesinin ard\u0131ndan son kronlar\u0131m\u0131 takt\u0131rabildim. Dr. \u00d6zt\u00fcrk taraf\u0131ndan yap\u0131lan her tedavi tamamen a\u011fr\u0131s\u0131z ge\u00e7ti ve hi\u00e7bir \u015fikayetim olmad\u0131. Ayr\u0131ca, di\u015flerimin t\u00fcm yenileme s\u00fcreci komplikasyonsuz bir \u015fekilde ilerledi. Tedavi ad\u0131mlar\u0131 hakk\u0131nda her zaman ayr\u0131nt\u0131l\u0131 bilgi ald\u0131m. Sorular\u0131m oldu\u011funda, di\u015f hekimim her zaman bana profesyonel ve do\u011fru cevaplar verdi. Sonu\u00e7 beni tamamen memnun etti ve ger\u00e7ekten g\u00f6r\u00fclmeye de\u011fer. \u00c7ok mutluyum ve yurtd\u0131\u015f\u0131nda (\u0130stanbul) bu tedavileri yapt\u0131rma karar\u0131m\u0131n hi\u00e7 pi\u015fmanl\u0131k yaratmad\u0131\u011f\u0131n\u0131 s\u00f6yleyebilirim. Birisi di\u015flerini nas\u0131l ve nerede yapt\u0131raca\u011f\u0131 konusunda karars\u0131zsa, MedicalTravel ve \u0130stanbul&#8217;daki Acibadem Klinik&#8217;ini kesinlikle tavsiye ederim! Burada y\u00fcksek d\u00fczeyde uzmanl\u0131k ve s\u0131cak bir misafirperverlik g\u00fcnl\u00fck hayat\u0131n bir par\u00e7as\u0131. Ayr\u0131ca, tedavi aralar\u0131nda canl\u0131 \u015fehirde dola\u015fmak, al\u0131\u015fveri\u015f yapmak veya k\u00fclt\u00fcrel geziler yapmak gibi \u00e7ok say\u0131da se\u00e7enek sunuluyor. Her \u015fey i\u00e7in \u00e7ok te\u015fekk\u00fcr ederim ve t\u00fcm ekibe s\u0131cak selamlar! Albert Bretscher \u00d6nceki rapor Bir sonraki rapor<\/p>\n","protected":false},"author":4,"featured_media":0,"parent":4587,"menu_order":0,"comment_status":"closed","ping_status":"closed","template":"","meta":{"_joinchat":[],"footnotes":""},"class_list":["post-4750","page","type-page","status-publish","hentry"],"acf":[],"_links":{"self":[{"href":"https:\/\/medicaltravel.ch\/tr\/wp-json\/wp\/v2\/pages\/4750","targetHints":{"allow":["GET"]}}],"collection":[{"href":"https:\/\/medicaltravel.ch\/tr\/wp-json\/wp\/v2\/pages"}],"about":[{"href":"https:\/\/medicaltravel.ch\/tr\/wp-json\/wp\/v2\/types\/page"}],"author":[{"embeddable":true,"href":"https:\/\/medicaltravel.ch\/tr\/wp-json\/wp\/v2\/users\/4"}],"replies":[{"embeddable":true,"href":"https:\/\/medicaltravel.ch\/tr\/wp-json\/wp\/v2\/comments?post=4750"}],"version-history":[{"count":2,"href":"https:\/\/medicaltravel.ch\/tr\/wp-json\/wp\/v2\/pages\/4750\/revisions"}],"predecessor-version":[{"id":6371,"href":"https:\/\/medicaltravel.ch\/tr\/wp-json\/wp\/v2\/pages\/4750\/revisions\/6371"}],"up":[{"embeddable":true,"href":"https:\/\/medicaltravel.ch\/tr\/wp-json\/wp\/v2\/pages\/4587"}],"wp:attachment":[{"href":"https:\/\/medicaltravel.ch\/tr\/wp-json\/wp\/v2\/media?parent=4750"}],"curies":[{"name":"wp","href":"https:\/\/api.w.org\/{rel}","templated":true}]}}