{"id":4752,"date":"2025-09-23T17:35:13","date_gmt":"2025-09-23T16:35:13","guid":{"rendered":"https:\/\/medicaltravel.ch\/hasta-raporlari\/erfahrungsberichte-empfehlungen-behandlungen-beurteilung-tuerkei-istanbul\/istanbulda-nisan-2016da-gecirdigim-dis-tedavim-11-mayis-2016-carsamba-tarihli-rapor\/"},"modified":"2026-01-12T19:17:54","modified_gmt":"2026-01-12T18:17:54","slug":"istanbulda-nisan-2016da-gecirdigim-dis-tedavim-11-mayis-2016-carsamba-tarihli-rapor","status":"publish","type":"page","link":"https:\/\/medicaltravel.ch\/tr\/hasta-raporlari\/referanslar-tavsiyeler-tedaviler-degerlendirmeler-turkiye-istanbul\/istanbulda-nisan-2016da-gecirdigim-dis-tedavim-11-mayis-2016-carsamba-tarihli-rapor\/","title":{"rendered":"\u0130stanbul&#8217;da Nisan 2016&#8217;da ge\u00e7irdi\u011fim di\u015f tedavim \u2013 11 May\u0131s 2016 \u00c7ar\u015famba tarihli rapor"},"content":{"rendered":"\n<p>\u0130stanbul&#8217;da Nisan 2016&#8217;da ge\u00e7irdi\u011fim di\u015f tedavim \u2013 11 May\u0131s 2016 \u00c7ar\u015famba tarihli rapor<\/p>\n\n\n\n<p>Angebote aus dem Ausland k\u00f6nnen tats\u00e4chlich zuerst Skepsis hervorrufen, das geht vielen so. Ich hatte auch viele Fragen zu den Abl\u00e4ufen und ob man wirklich vertrauen kann. Zwei Wochen lang habe ich \u00fcberlegt, ob ich mich bei Medical Travel anmelden sollte oder nicht. Letztlich konnte mich mein Wunsch nach sch\u00f6neren Z\u00e4hnen nicht davon abhalten. Also meldete ich mich bei Herrn Kara f\u00fcr ein Gespr\u00e4ch an.    <\/p>\n\n\n\n<p>Dan\u0131\u015fma:<br>\u0130svi\u00e7re&#8217;de bir dan\u0131\u015fmanl\u0131k alma f\u0131rsat\u0131m oldu. G\u00f6r\u00fc\u015fmede Dr. Kara ve doktor han\u0131m vard\u0131. Doktor han\u0131m di\u015flerimi hemen inceledi ve profesyonel de\u011ferlendirmesini yapt\u0131. Dr. Kara, bunu Almanca olarak a\u00e7\u0131k ve anla\u015f\u0131l\u0131r bir \u015fekilde terc\u00fcme etti ve t\u00fcm sorular\u0131ma yan\u0131t verdi. Bu g\u00f6r\u00fc\u015fme ve hem doktorun hem de Dr. Kara&#8217;n\u0131n profesyonel tavr\u0131 sayesinde t\u00fcm \u015f\u00fcphelerim h\u0131zla giderildi. G\u00f6r\u00fc\u015fmenin hemen sonras\u0131nda seyahati ba\u015flatmak i\u00e7in baz\u0131 \u00f6zel i\u015fleri hallettim.     <\/p>\n\n\n\n<p>U\u00e7u\u015f ve Otel:<br>Harika bir deneyimdi. Saatlerce internette otel ve u\u00e7u\u015f aramak yerine bana 3 \u00f6neri sunuldu. T\u00fcm oteller yak\u0131nd\u0131. Benim otelim sadece 300 metre uzakl\u0131ktayd\u0131 ve y\u00fcr\u00fcyerek kolayca ula\u015f\u0131labiliyordu. Otel, vaatlerini \u00e7ok iyi bir \u015fekilde yerine getiriyor. Temiz, d\u00fczenli ve her zaman bana kar\u015f\u0131 naziktiler. Ayr\u0131ca olduk\u00e7a uygun fiyatl\u0131yd\u0131. Her zaman yeniden rezervasyon yapmaya de\u011fer.       <\/p>\n\n\n\n<p>U\u00e7u\u015f Gecikmesi:<br>Maalesef sabah u\u00e7u\u015fumu ka\u00e7\u0131rd\u0131m ve \u00f6\u011fleden sonras\u0131na tekrar rezervasyon yapmam gerekti. Sadece bir telefon g\u00f6r\u00fc\u015fmesiyle her \u015fey yeniden organize edildi, ger\u00e7ekten harikayd\u0131. H\u0131zl\u0131 m\u00fcdahale beni \u00e7ok etkiledi.  <\/p>\n\n\n\n<p>Tedavi:<br>Gecikmeme ra\u011fmen, h\u0131zl\u0131 bir \u015fekilde bir terc\u00fcman bulmay\u0131 ba\u015fard\u0131lar. Tedaviye ertesi g\u00fcn ba\u015fland\u0131. \u0130lk olarak r\u00f6ntgen \u00e7ekildi ve ard\u0131ndan di\u015flerim doktor taraf\u0131ndan tekrar incelendi. Terc\u00fcman ve doktorla birlikte her \u015feyi yeniden g\u00f6zden ge\u00e7irip s\u00fcreci konu\u015ftuk. Bir implant yap\u0131lmas\u0131 gerekti. Birka\u00e7 saat s\u00fcrece\u011fini ve ac\u0131 i\u00e7inde ge\u00e7ece\u011fini d\u00fc\u015f\u00fcnd\u00fcm. Ama yan\u0131ld\u0131m. Doktor, 30 dakika i\u00e7inde i\u015fini bitirdi. \u0130nanas\u0131m gelmedi ama hi\u00e7 a\u011fr\u0131 hissetmedim. H\u0130\u00c7 A\u011eRI!!! Ger\u00e7ekten m\u00fckemmel bir i\u015f \u00e7\u0131kard\u0131lar. Gen\u00e7 doktor tamamen g\u00fcvenimi kazand\u0131. Gelecek ay tekrar Ac\u0131badem Hastanesi&#8217;ni ziyaret edece\u011fim ve di\u015flerimi tamamlataca\u011f\u0131m. \u015eimdiden heyecanlan\u0131yorum. U\u00e7u\u015f g\u00fcn\u00fcn\u00fc sab\u0131rs\u0131zl\u0131kla bekliyorum.             <\/p>\n\n\n\n<p>Fiyatlar:<br>Fiyatlar konusunda ger\u00e7ekten hi\u00e7bir \u015fikayetim yok. Harika bir hastane, harika fiyatlar. \u0130svi\u00e7re&#8217;deki maliyetlerin sadece k\u00fc\u00e7\u00fck bir k\u0131sm\u0131. Hangi tedavi olursa olsun, \u0130svi\u00e7re ile kar\u015f\u0131la\u015ft\u0131r\u0131ld\u0131\u011f\u0131nda \u00e7ok b\u00fcy\u00fck tasarruf f\u0131rsatlar\u0131 var. B\u0130R DAHA ASLA \u0130SV\u0130\u00c7RE&#8217;DE D\u0130\u015e TEDAV\u0130S\u0130 YAPTIRMAM!     <\/p>\n\n\n\n<p>\u0130stanbul \u015eehri:<br>Gen\u00e7 ya\u015f\u0131mda bir\u00e7ok \u00fclkede bulundum. Fransa, \u0130talya, \u0130spanya, Portekiz ya da Yunanistan fark etmez. Hi\u00e7biri \u0130stanbul\u2019a yakla\u015famaz. Ne kadar b\u00fcy\u00fcleyici bir \u015fehir. B\u00f6yle g\u00fczel bir \u015fehir, \u00e7ok iyi yemekler ve ger\u00e7ekten nefes kesici turistik yerlerle, kesinlikle daha s\u0131k ziyaret edece\u011fim. Ayr\u0131ca al\u0131\u015fveri\u015f yapmak i\u00e7in de \u00e7ok tavsiye ederim.      <\/p>\n\n\n\n<p>Sonu\u00e7:<br>T\u00fcrkiye = Harika<br>\u0130svi\u00e7re = Hayal K\u0131r\u0131kl\u0131\u011f\u0131<\/p>\n\n\n\n<p>Her a\u00e7\u0131dan T\u00fcrkiye&#8217;yi tedavi konusunda \u00f6nde g\u00f6r\u00fcyorum. Ho\u015f\u00e7a kal \u0130svi\u00e7re, di\u015flerimi T\u00fcrkiye&#8217;de yapt\u0131raca\u011f\u0131m. <\/p>\n\n\n\n<p>11.05.2016<br>Ensar Reis<\/p>\n\n\n\n<div class=\"wp-block-group is-layout-grid wp-container-core-group-is-layout-baef362d wp-block-group-is-layout-grid\">\n<p><a href=\"https:\/\/medicaltravel.at\/home\/agb\/\" data-type=\"page\" data-id=\"2191\" rel=\"nofollow noopener\" target=\"_blank\"><\/a><a href=\"https:\/\/medicaltravel.ch\/tr\/hasta-raporlari\/referanslar-tavsiyeler-tedaviler-degerlendirmeler-turkiye-istanbul\/deneyim-raporu-istanbulda-meme-bueyuetme-ameliyati-tuerkiye-12-mayis-2016-persembe-tarihli-rapor\/\" data-type=\"link\" data-id=\"https:\/\/medicaltravel.ch\/tr\/hasta-raporlari\/referanslar-tavsiyeler-tedaviler-degerlendirmeler-turkiye-istanbul\/deneyim-raporu-istanbulda-meme-bueyuetme-ameliyati-tuerkiye-12-mayis-2016-persembe-tarihli-rapor\/\">\u00d6nceki rapor<\/a><\/p>\n\n\n\n<p class=\"has-text-align-right wp-container-content-5e2576f9\"><a href=\"https:\/\/medicaltravel.at\/home\/impressum\/\" data-type=\"page\" data-id=\"2193\" rel=\"nofollow noopener\" target=\"_blank\"><\/a><a href=\"https:\/\/medicaltravel.at\/home\/berichte-von-patienten\/erfahrungsberichte\/erfahrungsbericht-zahnbehandlung-in-istanbul\/\" data-type=\"page\" data-id=\"981\" rel=\"nofollow noopener\" target=\"_blank\"><\/a><a href=\"https:\/\/medicaltravel.ch\/tr\/hasta-raporlari\/referanslar-tavsiyeler-tedaviler-degerlendirmeler-turkiye-istanbul\/istanbulda-gercekten-bir-prenses-gibi-muamele-goerduem-istanbulda-ortodontik-tedavi-22-nisan-2016-cuma-tarihli-rapor\/\" data-type=\"link\" data-id=\"https:\/\/medicaltravel.ch\/tr\/hasta-raporlari\/referanslar-tavsiyeler-tedaviler-degerlendirmeler-turkiye-istanbul\/istanbulda-gercekten-bir-prenses-gibi-muamele-goerduem-istanbulda-ortodontik-tedavi-22-nisan-2016-cuma-tarihli-rapor\/\">Bir sonraki rapor<\/a><\/p>\n<\/div>\n","protected":false},"excerpt":{"rendered":"<p>\u0130stanbul&#8217;da Nisan 2016&#8217;da ge\u00e7irdi\u011fim di\u015f tedavim \u2013 11 May\u0131s 2016 \u00c7ar\u015famba tarihli rapor Angebote aus dem Ausland k\u00f6nnen tats\u00e4chlich zuerst Skepsis hervorrufen, das geht vielen so. Ich hatte auch viele Fragen zu den Abl\u00e4ufen und ob man wirklich vertrauen kann. Zwei Wochen lang habe ich \u00fcberlegt, ob ich mich bei Medical Travel anmelden sollte oder nicht. Letztlich konnte mich mein Wunsch nach sch\u00f6neren Z\u00e4hnen nicht davon abhalten. Also meldete ich mich bei Herrn Kara f\u00fcr ein Gespr\u00e4ch an. Dan\u0131\u015fma:\u0130svi\u00e7re&#8217;de bir dan\u0131\u015fmanl\u0131k alma f\u0131rsat\u0131m oldu. G\u00f6r\u00fc\u015fmede Dr. Kara ve doktor han\u0131m vard\u0131. Doktor han\u0131m di\u015flerimi hemen inceledi ve profesyonel de\u011ferlendirmesini yapt\u0131. Dr. Kara, bunu Almanca olarak a\u00e7\u0131k ve anla\u015f\u0131l\u0131r bir \u015fekilde terc\u00fcme etti ve t\u00fcm sorular\u0131ma yan\u0131t verdi. Bu g\u00f6r\u00fc\u015fme ve hem doktorun hem de Dr. Kara&#8217;n\u0131n profesyonel tavr\u0131 sayesinde t\u00fcm \u015f\u00fcphelerim h\u0131zla giderildi. G\u00f6r\u00fc\u015fmenin hemen sonras\u0131nda seyahati ba\u015flatmak i\u00e7in baz\u0131 \u00f6zel i\u015fleri hallettim. U\u00e7u\u015f ve Otel:Harika bir deneyimdi. Saatlerce internette otel ve u\u00e7u\u015f aramak yerine bana 3 \u00f6neri sunuldu. T\u00fcm oteller yak\u0131nd\u0131. Benim otelim sadece 300 metre uzakl\u0131ktayd\u0131 ve y\u00fcr\u00fcyerek kolayca ula\u015f\u0131labiliyordu. Otel, vaatlerini \u00e7ok iyi bir \u015fekilde yerine getiriyor. Temiz, d\u00fczenli ve her zaman bana kar\u015f\u0131 naziktiler. Ayr\u0131ca olduk\u00e7a uygun fiyatl\u0131yd\u0131. Her zaman yeniden rezervasyon yapmaya de\u011fer. U\u00e7u\u015f Gecikmesi:Maalesef sabah u\u00e7u\u015fumu ka\u00e7\u0131rd\u0131m ve \u00f6\u011fleden sonras\u0131na tekrar rezervasyon yapmam gerekti. Sadece bir telefon g\u00f6r\u00fc\u015fmesiyle her \u015fey yeniden organize edildi, ger\u00e7ekten harikayd\u0131. H\u0131zl\u0131 m\u00fcdahale beni \u00e7ok etkiledi. Tedavi:Gecikmeme ra\u011fmen, h\u0131zl\u0131 bir \u015fekilde bir terc\u00fcman bulmay\u0131 ba\u015fard\u0131lar. Tedaviye ertesi g\u00fcn ba\u015fland\u0131. \u0130lk olarak r\u00f6ntgen \u00e7ekildi ve ard\u0131ndan di\u015flerim doktor taraf\u0131ndan tekrar incelendi. Terc\u00fcman ve doktorla birlikte her \u015feyi yeniden g\u00f6zden ge\u00e7irip s\u00fcreci konu\u015ftuk. Bir implant yap\u0131lmas\u0131 gerekti. Birka\u00e7 saat s\u00fcrece\u011fini ve ac\u0131 i\u00e7inde ge\u00e7ece\u011fini d\u00fc\u015f\u00fcnd\u00fcm. Ama yan\u0131ld\u0131m. Doktor, 30 dakika i\u00e7inde i\u015fini bitirdi. \u0130nanas\u0131m gelmedi ama hi\u00e7 a\u011fr\u0131 hissetmedim. H\u0130\u00c7 A\u011eRI!!! Ger\u00e7ekten m\u00fckemmel bir i\u015f \u00e7\u0131kard\u0131lar. Gen\u00e7 doktor tamamen g\u00fcvenimi kazand\u0131. Gelecek ay tekrar Ac\u0131badem Hastanesi&#8217;ni ziyaret edece\u011fim ve di\u015flerimi tamamlataca\u011f\u0131m. \u015eimdiden heyecanlan\u0131yorum. U\u00e7u\u015f g\u00fcn\u00fcn\u00fc sab\u0131rs\u0131zl\u0131kla bekliyorum. Fiyatlar:Fiyatlar konusunda ger\u00e7ekten hi\u00e7bir \u015fikayetim yok. Harika bir hastane, harika fiyatlar. \u0130svi\u00e7re&#8217;deki maliyetlerin sadece k\u00fc\u00e7\u00fck bir k\u0131sm\u0131. Hangi tedavi olursa olsun, \u0130svi\u00e7re ile kar\u015f\u0131la\u015ft\u0131r\u0131ld\u0131\u011f\u0131nda \u00e7ok b\u00fcy\u00fck tasarruf f\u0131rsatlar\u0131 var. B\u0130R DAHA ASLA \u0130SV\u0130\u00c7RE&#8217;DE D\u0130\u015e TEDAV\u0130S\u0130 YAPTIRMAM! \u0130stanbul \u015eehri:Gen\u00e7 ya\u015f\u0131mda bir\u00e7ok \u00fclkede bulundum. Fransa, \u0130talya, \u0130spanya, Portekiz ya da Yunanistan fark etmez. Hi\u00e7biri \u0130stanbul\u2019a yakla\u015famaz. Ne kadar b\u00fcy\u00fcleyici bir \u015fehir. B\u00f6yle g\u00fczel bir \u015fehir, \u00e7ok iyi yemekler ve ger\u00e7ekten nefes kesici turistik yerlerle, kesinlikle daha s\u0131k ziyaret edece\u011fim. Ayr\u0131ca al\u0131\u015fveri\u015f yapmak i\u00e7in de \u00e7ok tavsiye ederim. Sonu\u00e7:T\u00fcrkiye = Harika\u0130svi\u00e7re = Hayal K\u0131r\u0131kl\u0131\u011f\u0131 Her a\u00e7\u0131dan T\u00fcrkiye&#8217;yi tedavi konusunda \u00f6nde g\u00f6r\u00fcyorum. Ho\u015f\u00e7a kal \u0130svi\u00e7re, di\u015flerimi T\u00fcrkiye&#8217;de yapt\u0131raca\u011f\u0131m. 11.05.2016Ensar Reis \u00d6nceki rapor Bir sonraki rapor<\/p>\n","protected":false},"author":4,"featured_media":0,"parent":4587,"menu_order":0,"comment_status":"closed","ping_status":"closed","template":"","meta":{"_joinchat":[],"footnotes":""},"class_list":["post-4752","page","type-page","status-publish","hentry"],"acf":[],"_links":{"self":[{"href":"https:\/\/medicaltravel.ch\/tr\/wp-json\/wp\/v2\/pages\/4752","targetHints":{"allow":["GET"]}}],"collection":[{"href":"https:\/\/medicaltravel.ch\/tr\/wp-json\/wp\/v2\/pages"}],"about":[{"href":"https:\/\/medicaltravel.ch\/tr\/wp-json\/wp\/v2\/types\/page"}],"author":[{"embeddable":true,"href":"https:\/\/medicaltravel.ch\/tr\/wp-json\/wp\/v2\/users\/4"}],"replies":[{"embeddable":true,"href":"https:\/\/medicaltravel.ch\/tr\/wp-json\/wp\/v2\/comments?post=4752"}],"version-history":[{"count":0,"href":"https:\/\/medicaltravel.ch\/tr\/wp-json\/wp\/v2\/pages\/4752\/revisions"}],"up":[{"embeddable":true,"href":"https:\/\/medicaltravel.ch\/tr\/wp-json\/wp\/v2\/pages\/4587"}],"wp:attachment":[{"href":"https:\/\/medicaltravel.ch\/tr\/wp-json\/wp\/v2\/media?parent=4752"}],"curies":[{"name":"wp","href":"https:\/\/api.w.org\/{rel}","templated":true}]}}