{"id":4755,"date":"2025-09-23T17:12:09","date_gmt":"2025-09-23T16:12:09","guid":{"rendered":"https:\/\/medicaltravel.ch\/hasta-raporlari\/erfahrungsberichte-empfehlungen-behandlungen-beurteilung-tuerkei-istanbul\/istanbuldaki-dis-tedavim-deneyim-raporu\/"},"modified":"2026-01-12T18:55:37","modified_gmt":"2026-01-12T17:55:37","slug":"istanbuldaki-dis-tedavim-deneyim-raporu","status":"publish","type":"page","link":"https:\/\/medicaltravel.ch\/tr\/hasta-raporlari\/referanslar-tavsiyeler-tedaviler-degerlendirmeler-turkiye-istanbul\/istanbuldaki-dis-tedavim-deneyim-raporu\/","title":{"rendered":"\u0130STANBUL&#8217;DAK\u0130 D\u0130\u015e TEDAV\u0130M &#8211; DENEY\u0130M RAPORU"},"content":{"rendered":"\n<p>\u0130STANBUL&#8217;DAK\u0130 D\u0130\u015e TEDAV\u0130M &#8211; DENEY\u0130M RAPORU &#8211; 12 Kas\u0131m 2018 Pazartesi tarihli rapor<\/p>\n\n\n\n<p>Bir y\u0131l \u00f6nce e\u015fimin Ac\u0131badem Hastanesi&#8217;nde \u0130stanbul&#8217;da Dr. \u00d6zt\u00fcrk taraf\u0131ndan yap\u0131lan \u00e7ok tatmin edici di\u015f tedavisinin ard\u0131ndan, ben de y\u0131llar\u0131n etkisiyle eskimi\u015f di\u015flerimi &#8220;yeniletmeye&#8221; karar verdim.<\/p>\n\n\n\n<p>5 ay \u00f6nce Ac\u0131badem Hastanesi&#8217;nde \u0130stanbul&#8217;da 6 implant yapt\u0131rd\u0131m. Her \u015fey iyile\u015ftikten sonra, MedicalTravel&#8217;dan Mr. Kara&#8217;n\u0131n plan\u0131na g\u00f6re bir kez daha \u0130stanbul&#8217;a seyahat ettik. M\u00fc\u015fteri odakl\u0131 olarak, \u0130stanbul Havaalan\u0131&#8217;nda Ac\u0131badem taksi servisi taraf\u0131ndan kar\u015f\u0131land\u0131k ve otele g\u00f6t\u00fcr\u00fcld\u00fck.  <\/p>\n\n\n\n<p>Ertesi sabah, Ac\u0131badem Hastanesi&#8217;nin di\u015f kliniklerinde bizi \u00e7ok s\u0131cak bir \u015fekilde kar\u015f\u0131lad\u0131lar. Tak\u0131lacak olan kronlar i\u00e7in ilk i\u015flemleri yapmak ad\u0131na di\u015f hekimi koltu\u011funda biraz daha uzun s\u00fcre oturmam gerekti. <\/p>\n\n\n\n<p>Dr. \u00d6zt\u00fcrk&#8217;\u00fcn son derece profesyonel ve hassas \u00e7al\u0131\u015fma tarz\u0131 sayesinde saatler h\u0131zla ge\u00e7ti.<\/p>\n\n\n\n<p>Bir haftal\u0131k klinik aran\u0131n ard\u0131ndan, bu zaman\u0131 g\u00fczel \u0130stanbul&#8217;da gezerek bolca de\u011ferlendirdik. Kronlar tamamland\u0131 ve mevcut di\u015flerime ve implantlara yeni kronlar\u0131n yerle\u015ftirilmesine ba\u015flanabildi. Dr. \u00d6zt\u00fcrk, s\u00fcrekli olarak bana aynada kontrol yapmam\u0131 sa\u011flad\u0131.<\/p>\n\n\n\n<p>Sonu\u00e7, tam anlam\u0131yla memnuniyetimi kazand\u0131.<\/p>\n\n\n\n<p>Di\u015flerini nas\u0131l yapt\u0131raca\u011f\u0131 konusunda karars\u0131z olan birine, MedicalTravel ve \u0130stanbul&#8217;daki Ac\u0131badem Klinik&#8217;ini i\u00e7tenlikle tavsiye ederim. T\u00fcm ekibe sevgilerimi g\u00f6nderiyorum! <\/p>\n\n\n\n<p>Albert Bretscher, 09.11.2018<\/p>\n\n\n\n<div class=\"wp-block-group is-layout-grid wp-container-core-group-is-layout-baef362d wp-block-group-is-layout-grid\">\n<p><a href=\"https:\/\/medicaltravel.at\/home\/agb\/\" data-type=\"page\" data-id=\"2191\" rel=\"nofollow noopener\" target=\"_blank\"><\/a><a href=\"https:\/\/medicaltravel.ch\/tr\/hasta-raporlari\/referanslar-tavsiyeler-tedaviler-degerlendirmeler-turkiye-istanbul\/istanbulda-gecirdigim-burun-ameliyatim-hasta-raporu-13-kasim-2018-sali-tarihli-rapor\/\" data-type=\"link\" data-id=\"https:\/\/medicaltravel.ch\/tr\/hasta-raporlari\/referanslar-tavsiyeler-tedaviler-degerlendirmeler-turkiye-istanbul\/istanbulda-gecirdigim-burun-ameliyatim-hasta-raporu-13-kasim-2018-sali-tarihli-rapor\/\">\u00d6nceki rapor<\/a><\/p>\n\n\n\n<p class=\"has-text-align-right wp-container-content-5e2576f9\"><a href=\"https:\/\/medicaltravel.at\/home\/impressum\/\" data-type=\"page\" data-id=\"2193\" rel=\"nofollow noopener\" target=\"_blank\"><\/a><a href=\"https:\/\/medicaltravel.at\/home\/berichte-von-patienten\/erfahrungsberichte\/erfahrungsbericht-zahnbehandlung-in-istanbul\/\" data-type=\"page\" data-id=\"981\" rel=\"nofollow noopener\" target=\"_blank\"><\/a><a href=\"https:\/\/medicaltravel.ch\/tr\/hasta-raporlari\/referanslar-tavsiyeler-tedaviler-degerlendirmeler-turkiye-istanbul\/istanbulda-goez-kapagi-kaldirma-ve-otolog-yag-enjeksiyonu-islemim\/\" data-type=\"link\" data-id=\"https:\/\/medicaltravel.ch\/tr\/hasta-raporlari\/referanslar-tavsiyeler-tedaviler-degerlendirmeler-turkiye-istanbul\/istanbulda-goez-kapagi-kaldirma-ve-otolog-yag-enjeksiyonu-islemim\/\">Bir sonraki rapor<\/a><\/p>\n<\/div>\n","protected":false},"excerpt":{"rendered":"<p>\u0130STANBUL&#8217;DAK\u0130 D\u0130\u015e TEDAV\u0130M &#8211; DENEY\u0130M RAPORU &#8211; 12 Kas\u0131m 2018 Pazartesi tarihli rapor Bir y\u0131l \u00f6nce e\u015fimin Ac\u0131badem Hastanesi&#8217;nde \u0130stanbul&#8217;da Dr. \u00d6zt\u00fcrk taraf\u0131ndan yap\u0131lan \u00e7ok tatmin edici di\u015f tedavisinin ard\u0131ndan, ben de y\u0131llar\u0131n etkisiyle eskimi\u015f di\u015flerimi &#8220;yeniletmeye&#8221; karar verdim. 5 ay \u00f6nce Ac\u0131badem Hastanesi&#8217;nde \u0130stanbul&#8217;da 6 implant yapt\u0131rd\u0131m. Her \u015fey iyile\u015ftikten sonra, MedicalTravel&#8217;dan Mr. Kara&#8217;n\u0131n plan\u0131na g\u00f6re bir kez daha \u0130stanbul&#8217;a seyahat ettik. M\u00fc\u015fteri odakl\u0131 olarak, \u0130stanbul Havaalan\u0131&#8217;nda Ac\u0131badem taksi servisi taraf\u0131ndan kar\u015f\u0131land\u0131k ve otele g\u00f6t\u00fcr\u00fcld\u00fck. Ertesi sabah, Ac\u0131badem Hastanesi&#8217;nin di\u015f kliniklerinde bizi \u00e7ok s\u0131cak bir \u015fekilde kar\u015f\u0131lad\u0131lar. Tak\u0131lacak olan kronlar i\u00e7in ilk i\u015flemleri yapmak ad\u0131na di\u015f hekimi koltu\u011funda biraz daha uzun s\u00fcre oturmam gerekti. Dr. \u00d6zt\u00fcrk&#8217;\u00fcn son derece profesyonel ve hassas \u00e7al\u0131\u015fma tarz\u0131 sayesinde saatler h\u0131zla ge\u00e7ti. Bir haftal\u0131k klinik aran\u0131n ard\u0131ndan, bu zaman\u0131 g\u00fczel \u0130stanbul&#8217;da gezerek bolca de\u011ferlendirdik. Kronlar tamamland\u0131 ve mevcut di\u015flerime ve implantlara yeni kronlar\u0131n yerle\u015ftirilmesine ba\u015flanabildi. Dr. \u00d6zt\u00fcrk, s\u00fcrekli olarak bana aynada kontrol yapmam\u0131 sa\u011flad\u0131. Sonu\u00e7, tam anlam\u0131yla memnuniyetimi kazand\u0131. Di\u015flerini nas\u0131l yapt\u0131raca\u011f\u0131 konusunda karars\u0131z olan birine, MedicalTravel ve \u0130stanbul&#8217;daki Ac\u0131badem Klinik&#8217;ini i\u00e7tenlikle tavsiye ederim. T\u00fcm ekibe sevgilerimi g\u00f6nderiyorum! Albert Bretscher, 09.11.2018 \u00d6nceki rapor Bir sonraki rapor<\/p>\n","protected":false},"author":4,"featured_media":0,"parent":4587,"menu_order":0,"comment_status":"closed","ping_status":"closed","template":"","meta":{"_joinchat":[],"footnotes":""},"class_list":["post-4755","page","type-page","status-publish","hentry"],"acf":[],"_links":{"self":[{"href":"https:\/\/medicaltravel.ch\/tr\/wp-json\/wp\/v2\/pages\/4755","targetHints":{"allow":["GET"]}}],"collection":[{"href":"https:\/\/medicaltravel.ch\/tr\/wp-json\/wp\/v2\/pages"}],"about":[{"href":"https:\/\/medicaltravel.ch\/tr\/wp-json\/wp\/v2\/types\/page"}],"author":[{"embeddable":true,"href":"https:\/\/medicaltravel.ch\/tr\/wp-json\/wp\/v2\/users\/4"}],"replies":[{"embeddable":true,"href":"https:\/\/medicaltravel.ch\/tr\/wp-json\/wp\/v2\/comments?post=4755"}],"version-history":[{"count":6,"href":"https:\/\/medicaltravel.ch\/tr\/wp-json\/wp\/v2\/pages\/4755\/revisions"}],"predecessor-version":[{"id":6376,"href":"https:\/\/medicaltravel.ch\/tr\/wp-json\/wp\/v2\/pages\/4755\/revisions\/6376"}],"up":[{"embeddable":true,"href":"https:\/\/medicaltravel.ch\/tr\/wp-json\/wp\/v2\/pages\/4587"}],"wp:attachment":[{"href":"https:\/\/medicaltravel.ch\/tr\/wp-json\/wp\/v2\/media?parent=4755"}],"curies":[{"name":"wp","href":"https:\/\/api.w.org\/{rel}","templated":true}]}}