{"id":4761,"date":"2025-09-23T17:22:14","date_gmt":"2025-09-23T16:22:14","guid":{"rendered":"https:\/\/medicaltravel.ch\/hasta-raporlari\/erfahrungsberichte-empfehlungen-behandlungen-beurteilung-tuerkei-istanbul\/istanbuldaki-dis-kaplama-tedavimden-tamamen-memnun-kaldim\/"},"modified":"2026-01-12T19:04:28","modified_gmt":"2026-01-12T18:04:28","slug":"istanbuldaki-dis-kaplama-tedavimden-tamamen-memnun-kaldim","status":"publish","type":"page","link":"https:\/\/medicaltravel.ch\/tr\/hasta-raporlari\/referanslar-tavsiyeler-tedaviler-degerlendirmeler-turkiye-istanbul\/istanbuldaki-dis-kaplama-tedavimden-tamamen-memnun-kaldim\/","title":{"rendered":"\u0130stanbul&#8217;daki di\u015f kaplama tedavimden tamamen memnun kald\u0131m!"},"content":{"rendered":"\n<p>\u0130stanbul&#8217;daki di\u015f kaplama tedavimden tamamen memnun kald\u0131m! \u2013 12 Ekim 2017 Per\u015fembe tarihli rapor<\/p>\n\n\n\n<p>Bir s\u00fcredir di\u015flerimi yapt\u0131rmay\u0131 d\u00fc\u015f\u00fcn\u00fcyordum. Ancak \u0130svi\u00e7re&#8217;deki y\u00fcksek maliyetler beni bundan al\u0131koydu. <\/p>\n\n\n\n<p>E\u015fim arac\u0131l\u0131\u011f\u0131yla MedicalTravel hakk\u0131nda bilgi edindim. Web sitesini inceledikten sonra, Dr. med. O. \u00d6zt\u00fcrk&#8217;ten bir teklif almay\u0131 tercih ettim.<\/p>\n\n\n\n<p>\u00d6n muayene s\u0131ras\u0131nda, Dr. \u00d6zt\u00fcrk&#8217;\u00fcn y\u00fcksek uzmanl\u0131\u011f\u0131 beni tamamen ikna etti.<\/p>\n\n\n\n<p>Eyl\u00fcl 2017&#8217;nin ba\u015f\u0131nda, e\u015fim ve kay\u0131nvalidemle birlikte \u0130stanbul&#8217;a seyahat ettim. Ac\u0131badem Klini\u011fi&#8217;nde, \u00f6nerilen tedavi i\u00e7in Dr. med. dent. \u00d6zt\u00fcrk&#8217;\u00fcn di\u015f hekimi koltu\u011funa oturdum.  <\/p>\n\n\n\n<p>Yeni di\u015flerimin (22 adet) sonucu beni tamamen tatmin etti. Dr. \u00d6zt\u00fcrk, \u0130svi\u00e7re&#8217;deki bir sonraki ziyaretimde di\u015flerimi tekrar kontrol etti. <\/p>\n\n\n\n<p>Her \u015fey yolunda, ki bunu bir ay sonra da s\u00f6yleyebilirim. Bu tedaviyi her zaman tekrar yapt\u0131r\u0131r\u0131m, ya da ba\u015fka bir deyi\u015fle, tamamen mutlu ve memnunum. <\/p>\n\n\n\n<p>Ruth Bretscher<\/p>\n\n\n\n<div class=\"wp-block-group is-layout-grid wp-container-core-group-is-layout-baef362d wp-block-group-is-layout-grid\">\n<p><a href=\"https:\/\/medicaltravel.at\/home\/agb\/\" data-type=\"page\" data-id=\"2191\" rel=\"nofollow noopener\" target=\"_blank\"><\/a><a href=\"https:\/\/medicaltravel.ch\/tr\/hasta-raporlari\/referanslar-tavsiyeler-tedaviler-degerlendirmeler-turkiye-istanbul\/disci-korkunuz-mu-var-istanbulda-unutun\/\" data-type=\"link\" data-id=\"https:\/\/medicaltravel.ch\/tr\/hasta-raporlari\/referanslar-tavsiyeler-tedaviler-degerlendirmeler-turkiye-istanbul\/disci-korkunuz-mu-var-istanbulda-unutun\/\">\u00d6nceki rapor<\/a><\/p>\n\n\n\n<p class=\"has-text-align-right wp-container-content-5e2576f9\"><a href=\"https:\/\/medicaltravel.at\/home\/impressum\/\" data-type=\"page\" data-id=\"2193\" rel=\"nofollow noopener\" target=\"_blank\"><\/a><a href=\"https:\/\/medicaltravel.at\/home\/berichte-von-patienten\/erfahrungsberichte\/erfahrungsbericht-zahnbehandlung-in-istanbul\/\" data-type=\"page\" data-id=\"981\" rel=\"nofollow noopener\" target=\"_blank\"><\/a><a href=\"https:\/\/medicaltravel.ch\/tr\/hasta-raporlari\/referanslar-tavsiyeler-tedaviler-degerlendirmeler-turkiye-istanbul\/antalyada-uygulanan-ortodontik-tedaviye-iliskin-hasta-raporu\/\" data-type=\"link\" data-id=\"https:\/\/medicaltravel.ch\/tr\/hasta-raporlari\/referanslar-tavsiyeler-tedaviler-degerlendirmeler-turkiye-istanbul\/antalyada-uygulanan-ortodontik-tedaviye-iliskin-hasta-raporu\/\">Bir sonraki rapor<\/a><\/p>\n<\/div>\n","protected":false},"excerpt":{"rendered":"<p>\u0130stanbul&#8217;daki di\u015f kaplama tedavimden tamamen memnun kald\u0131m! \u2013 12 Ekim 2017 Per\u015fembe tarihli rapor Bir s\u00fcredir di\u015flerimi yapt\u0131rmay\u0131 d\u00fc\u015f\u00fcn\u00fcyordum. Ancak \u0130svi\u00e7re&#8217;deki y\u00fcksek maliyetler beni bundan al\u0131koydu. E\u015fim arac\u0131l\u0131\u011f\u0131yla MedicalTravel hakk\u0131nda bilgi edindim. Web sitesini inceledikten sonra, Dr. med. O. \u00d6zt\u00fcrk&#8217;ten bir teklif almay\u0131 tercih ettim. \u00d6n muayene s\u0131ras\u0131nda, Dr. \u00d6zt\u00fcrk&#8217;\u00fcn y\u00fcksek uzmanl\u0131\u011f\u0131 beni tamamen ikna etti. Eyl\u00fcl 2017&#8217;nin ba\u015f\u0131nda, e\u015fim ve kay\u0131nvalidemle birlikte \u0130stanbul&#8217;a seyahat ettim. Ac\u0131badem Klini\u011fi&#8217;nde, \u00f6nerilen tedavi i\u00e7in Dr. med. dent. \u00d6zt\u00fcrk&#8217;\u00fcn di\u015f hekimi koltu\u011funa oturdum. Yeni di\u015flerimin (22 adet) sonucu beni tamamen tatmin etti. Dr. \u00d6zt\u00fcrk, \u0130svi\u00e7re&#8217;deki bir sonraki ziyaretimde di\u015flerimi tekrar kontrol etti. Her \u015fey yolunda, ki bunu bir ay sonra da s\u00f6yleyebilirim. Bu tedaviyi her zaman tekrar yapt\u0131r\u0131r\u0131m, ya da ba\u015fka bir deyi\u015fle, tamamen mutlu ve memnunum. Ruth Bretscher \u00d6nceki rapor Bir sonraki rapor<\/p>\n","protected":false},"author":4,"featured_media":0,"parent":4587,"menu_order":0,"comment_status":"closed","ping_status":"closed","template":"","meta":{"_joinchat":[],"footnotes":""},"class_list":["post-4761","page","type-page","status-publish","hentry"],"acf":[],"_links":{"self":[{"href":"https:\/\/medicaltravel.ch\/tr\/wp-json\/wp\/v2\/pages\/4761","targetHints":{"allow":["GET"]}}],"collection":[{"href":"https:\/\/medicaltravel.ch\/tr\/wp-json\/wp\/v2\/pages"}],"about":[{"href":"https:\/\/medicaltravel.ch\/tr\/wp-json\/wp\/v2\/types\/page"}],"author":[{"embeddable":true,"href":"https:\/\/medicaltravel.ch\/tr\/wp-json\/wp\/v2\/users\/4"}],"replies":[{"embeddable":true,"href":"https:\/\/medicaltravel.ch\/tr\/wp-json\/wp\/v2\/comments?post=4761"}],"version-history":[{"count":0,"href":"https:\/\/medicaltravel.ch\/tr\/wp-json\/wp\/v2\/pages\/4761\/revisions"}],"up":[{"embeddable":true,"href":"https:\/\/medicaltravel.ch\/tr\/wp-json\/wp\/v2\/pages\/4587"}],"wp:attachment":[{"href":"https:\/\/medicaltravel.ch\/tr\/wp-json\/wp\/v2\/media?parent=4761"}],"curies":[{"name":"wp","href":"https:\/\/api.w.org\/{rel}","templated":true}]}}