{"id":4763,"date":"2025-09-23T16:46:11","date_gmt":"2025-09-23T15:46:11","guid":{"rendered":"https:\/\/medicaltravel.ch\/hasta-raporlari\/erfahrungsberichte-empfehlungen-behandlungen-beurteilung-tuerkei-istanbul\/hasta-raporu-istanbul-tuerkiyede-meme-ameliyati\/"},"modified":"2026-01-12T17:52:03","modified_gmt":"2026-01-12T16:52:03","slug":"hasta-raporu-istanbul-tuerkiyede-meme-ameliyati","status":"publish","type":"page","link":"https:\/\/medicaltravel.ch\/tr\/hasta-raporlari\/referanslar-tavsiyeler-tedaviler-degerlendirmeler-turkiye-istanbul\/hasta-raporu-istanbul-tuerkiyede-meme-ameliyati\/","title":{"rendered":"HASTA RAPORU: \u0130STANBUL, T\u00dcRK\u0130YE&#8217;DE MEME AMEL\u0130YATI"},"content":{"rendered":"\n<p><strong>HASTA RAPORU: \u0130STANBUL, T\u00dcRK\u0130YE&#8217;DE MEME AMEL\u0130YATI <\/strong><\/p>\n\n\n\n<p>Herkese merhaba.<\/p>\n\n\n\n<p>Ocak ay\u0131 sonunda, <a href=\"https:\/\/medicaltravel.ch\/wp-content\/uploads\/2025\/09\/Lebenslauf_Assoc_Prof_Dr_Oguz-Kayiran.pdf\" data-type=\"link\" data-id=\"https:\/\/medicaltravel.ch\/wp-content\/uploads\/2025\/09\/Lebenslauf_Assoc_Prof_Dr_Oguz-Kayiran.pdf\">Dr. Oguz Kay\u0131ran&#8217;da<\/a> bir <a href=\"https:\/\/medicaltravel.ch\/tr\/kozmetik-cerrahi\/tedavi-yelpazesi\/goegues-bueyuetme-goegues-implantlari-istanbul-tuerkiye-antalya-izmir\/\" data-type=\"page\" data-id=\"90\">g\u00f6\u011f\u00fcs b\u00fcy\u00fctme<\/a> ameliyat\u0131 ge\u00e7irdim ve sonu\u00e7tan \u00e7ok memnun kald\u0131m. Ameliyat\u0131n yan\u0131 s\u0131ra, her \u015fey etraf\u0131nda da m\u00fckemmel bir \u015fekilde organize edilmi\u015fti. T\u00fcm ilgili ki\u015filer \u00e7ok esnek, nazik ve her soruma h\u0131zl\u0131 ve profesyonel bir \u015fekilde yan\u0131t verdiler.  <\/p>\n\n\n\n<p>T\u00fcm s\u00fcre\u00e7 boyunca kendimi \u00e7ok iyi hissettim ve bug\u00fcnk\u00fc bilgimle ayn\u0131 \u015fekilde tekrar yapt\u0131rmay\u0131 kesinlikle tercih ederim. Kesinlikle tavsiye ederim!<\/p>\n\n\n\n<p>N. De Icco<\/p>\n\n\n\n<div class=\"wp-block-group is-layout-grid wp-container-core-group-is-layout-baef362d wp-block-group-is-layout-grid\">\n<p><a href=\"https:\/\/medicaltravel.at\/home\/agb\/\" data-type=\"page\" data-id=\"2191\" rel=\"nofollow noopener\" target=\"_blank\"><\/a><a href=\"https:\/\/medicaltravel.ch\/tr\/hasta-raporlari\/referanslar-tavsiyeler-tedaviler-degerlendirmeler-turkiye-istanbul\/istanbuldaki-dis-tedavimle-ilgili-deneyimim\/\" data-type=\"link\" data-id=\"https:\/\/medicaltravel.ch\/tr\/hasta-raporlari\/referanslar-tavsiyeler-tedaviler-degerlendirmeler-turkiye-istanbul\/istanbuldaki-dis-tedavimle-ilgili-deneyimim\/\">\u00d6nceki rapor<\/a><\/p>\n\n\n\n<p class=\"has-text-align-right wp-container-content-5e2576f9\"><a href=\"https:\/\/medicaltravel.at\/home\/impressum\/\" data-type=\"page\" data-id=\"2193\" rel=\"nofollow noopener\" target=\"_blank\"><\/a><a href=\"https:\/\/medicaltravel.at\/home\/berichte-von-patienten\/erfahrungsberichte\/erfahrungsbericht-zahnbehandlung-in-istanbul\/\" data-type=\"page\" data-id=\"981\" rel=\"nofollow noopener\" target=\"_blank\"><\/a><a href=\"https:\/\/medicaltravel.ch\/tr\/hasta-raporlari\/referanslar-tavsiyeler-tedaviler-degerlendirmeler-turkiye-istanbul\/deneyim-raporu-istanbulda-meme-bueyuetme-tuerkiye\/\" data-type=\"link\" data-id=\"https:\/\/medicaltravel.ch\/tr\/hasta-raporlari\/referanslar-tavsiyeler-tedaviler-degerlendirmeler-turkiye-istanbul\/deneyim-raporu-istanbulda-meme-bueyuetme-tuerkiye\/\">Bir sonraki rapor<\/a><\/p>\n<\/div>\n","protected":false},"excerpt":{"rendered":"<p>HASTA RAPORU: \u0130STANBUL, T\u00dcRK\u0130YE&#8217;DE MEME AMEL\u0130YATI Herkese merhaba. Ocak ay\u0131 sonunda, Dr. Oguz Kay\u0131ran&#8217;da bir g\u00f6\u011f\u00fcs b\u00fcy\u00fctme ameliyat\u0131 ge\u00e7irdim ve sonu\u00e7tan \u00e7ok memnun kald\u0131m. Ameliyat\u0131n yan\u0131 s\u0131ra, her \u015fey etraf\u0131nda da m\u00fckemmel bir \u015fekilde organize edilmi\u015fti. T\u00fcm ilgili ki\u015filer \u00e7ok esnek, nazik ve her soruma h\u0131zl\u0131 ve profesyonel bir \u015fekilde yan\u0131t verdiler. T\u00fcm s\u00fcre\u00e7 boyunca kendimi \u00e7ok iyi hissettim ve bug\u00fcnk\u00fc bilgimle ayn\u0131 \u015fekilde tekrar yapt\u0131rmay\u0131 kesinlikle tercih ederim. Kesinlikle tavsiye ederim! N. De Icco \u00d6nceki rapor Bir sonraki rapor<\/p>\n","protected":false},"author":4,"featured_media":0,"parent":4587,"menu_order":0,"comment_status":"closed","ping_status":"closed","template":"","meta":{"_joinchat":[],"footnotes":""},"class_list":["post-4763","page","type-page","status-publish","hentry"],"acf":[],"_links":{"self":[{"href":"https:\/\/medicaltravel.ch\/tr\/wp-json\/wp\/v2\/pages\/4763","targetHints":{"allow":["GET"]}}],"collection":[{"href":"https:\/\/medicaltravel.ch\/tr\/wp-json\/wp\/v2\/pages"}],"about":[{"href":"https:\/\/medicaltravel.ch\/tr\/wp-json\/wp\/v2\/types\/page"}],"author":[{"embeddable":true,"href":"https:\/\/medicaltravel.ch\/tr\/wp-json\/wp\/v2\/users\/4"}],"replies":[{"embeddable":true,"href":"https:\/\/medicaltravel.ch\/tr\/wp-json\/wp\/v2\/comments?post=4763"}],"version-history":[{"count":3,"href":"https:\/\/medicaltravel.ch\/tr\/wp-json\/wp\/v2\/pages\/4763\/revisions"}],"predecessor-version":[{"id":6357,"href":"https:\/\/medicaltravel.ch\/tr\/wp-json\/wp\/v2\/pages\/4763\/revisions\/6357"}],"up":[{"embeddable":true,"href":"https:\/\/medicaltravel.ch\/tr\/wp-json\/wp\/v2\/pages\/4587"}],"wp:attachment":[{"href":"https:\/\/medicaltravel.ch\/tr\/wp-json\/wp\/v2\/media?parent=4763"}],"curies":[{"name":"wp","href":"https:\/\/api.w.org\/{rel}","templated":true}]}}