{"id":4767,"date":"2025-09-23T17:51:39","date_gmt":"2025-09-23T16:51:39","guid":{"rendered":"https:\/\/medicaltravel.ch\/hasta-raporlari\/erfahrungsberichte-empfehlungen-behandlungen-beurteilung-tuerkei-istanbul\/istanbulda-yapilan-rinoplasti-ile-ilgili-hasta-raporu\/"},"modified":"2026-01-12T18:51:00","modified_gmt":"2026-01-12T17:51:00","slug":"istanbulda-yapilan-rinoplasti-ile-ilgili-hasta-raporu","status":"publish","type":"page","link":"https:\/\/medicaltravel.ch\/tr\/hasta-raporlari\/referanslar-tavsiyeler-tedaviler-degerlendirmeler-turkiye-istanbul\/istanbulda-yapilan-rinoplasti-ile-ilgili-hasta-raporu\/","title":{"rendered":"\u0130stanbul&#8217;da yap\u0131lan rinoplasti ile ilgili hasta raporu"},"content":{"rendered":"\n<p><strong>Ekim 2019&#8217;da \u0130stanbul&#8217;da yapt\u0131rd\u0131\u011f\u0131m burun esteti\u011fi ameliyat\u0131m.<\/strong><\/p>\n\n\n\n<p>Anlad\u0131m, burun \u015fekliniz uzun s\u00fcredir sizi rahats\u0131z ediyordu ve \u0130svi\u00e7re&#8217;de bir ameliyat\u0131n \u00e7ok pahal\u0131 olmas\u0131ndan dolay\u0131 alternatif bir \u00e7\u00f6z\u00fcm aramaya karar verdiniz. \u0130stanbul&#8217;da bir \u00e7\u00f6z\u00fcm bulmu\u015f olman\u0131z harika! Peki, o s\u00fcre\u00e7te neler ya\u015fad\u0131n\u0131z?<\/p>\n\n\n\n<p><a href=\"https:\/\/medicaltravel.ch\/tr\/\" data-type=\"page\" data-id=\"6\">MedicalTravel&#8217;\u0131 <\/a>internet \u00fczerinden k\u0131sa bir ara\u015ft\u0131rma sonucu bulmu\u015f olman\u0131z ger\u00e7ekten iyi bir \u015fans. Yak\u0131n\u0131n\u0131zda dan\u0131\u015fmanl\u0131k g\u00f6r\u00fc\u015fmeleri yap\u0131ld\u0131\u011f\u0131n\u0131 g\u00f6rmek sizi de \u015fa\u015f\u0131rtm\u0131\u015f olmal\u0131. G\u00f6r\u00fc\u015fme s\u0131ras\u0131nda Dr. S\u00fckr\u00fc Yazar\u2019\u0131n ve terc\u00fcman\u0131n da yer almas\u0131, s\u00fcrecin ne kadar profesyonel ve anla\u015f\u0131l\u0131r oldu\u011funu g\u00f6steriyor. Doktorun ameliyat s\u00fcreci, olas\u0131 komplikasyonlar ve di\u011fer detaylar hakk\u0131nda sizi bilgilendirmesi \u00e7ok \u00f6nemli. Ayr\u0131ca, foto\u011fraf \u00e7ekimi ve burun muayenesiyle, tedavi \u00f6ncesi her \u015feyin do\u011fru \u015fekilde de\u011ferlendirilmesi de \u00e7ok yerinde bir yakla\u015f\u0131m. Sonraki ad\u0131mlar nas\u0131l ilerledi?    <\/p>\n\n\n\n<p>Bu karar \u00e7ok \u00f6nemli oldu\u011fu i\u00e7in biraz zaman ay\u0131rman\u0131z \u00e7ok do\u011fal. Bu s\u00fcre\u00e7te, Mr. Kara&#8217;n\u0131n size destek vermesi ve sorular\u0131n\u0131z\u0131 yan\u0131tlamas\u0131, do\u011fru karar\u0131 vermenizde size yard\u0131mc\u0131 olmu\u015f olmal\u0131. Geri d\u00f6n\u00fcp karar\u0131n\u0131z\u0131 verirken kendinizi g\u00fcvende hissetmi\u015f olman\u0131z, her \u015feyin do\u011fru y\u00f6nde ilerledi\u011fini g\u00f6steriyor. Peki, sonunda neye karar verdiniz? <\/p>\n\n\n\n<p>Karar\u0131n\u0131z\u0131 verdi\u011finizde, seyahat ve operasyonun \u00e7ok h\u0131zl\u0131 bir \u015fekilde planlanmas\u0131 ger\u00e7ekten \u00e7ok iyi bir deneyim olmal\u0131. T\u00fcm detaylar\u0131n size h\u0131zl\u0131ca iletilmesi ve her t\u00fcrl\u00fc sorunun h\u0131zla \u00e7\u00f6z\u00fclmesi, organizasyonun ne kadar profesyonel oldu\u011funu g\u00f6steriyor. Her \u015feyin sizin istedi\u011finiz gibi olmas\u0131, bu s\u00fcre\u00e7te rahat ve g\u00fcvende hissetmenizi sa\u011flam\u0131\u015f olmal\u0131. Seyahat ve operasyon hakk\u0131nda en \u00e7ok hangi detaylar sizi memnun etti?  <\/p>\n\n\n\n<p>Birka\u00e7 ay sonra, seyahatiniz i\u00e7in \u0130stanbul&#8217;a e\u015finizle birlikte u\u00e7tunuz ve her \u015feyin sorunsuz bir \u015fekilde i\u015flemesi ger\u00e7ekten rahatlat\u0131c\u0131 olmal\u0131. MedicalTravel\u2019\u0131n bir g\u00fcn \u00f6nceden t\u00fcm transport ve di\u011fer detaylarla ilgili sizi bilgilendirmesi de olduk\u00e7a profesyonel bir yakla\u015f\u0131m. Seyahatiniz boyunca neler ya\u015fad\u0131n\u0131z? \u0130stanbul\u2019a var\u0131nca her \u015fey nas\u0131l gitti? <\/p>\n\n\n\n<p>Ba\u015fvurabilece\u011fim Acibadem Helppoint, g\u00fcmr\u00fck kontrol\u00fcnden hemen sonra yer al\u0131yordu ve kolayca bulunabiliyordu. Bizi g\u00fcler y\u00fczle kar\u015f\u0131lad\u0131lar ve direkt olarak otelimize g\u00f6t\u00fcrd\u00fcler. <\/p>\n\n\n\n<p>Orada bir gece kald\u0131k ve ertesi g\u00fcn saat 6.00&#8217;da al\u0131nd\u0131m ve hastaneye g\u00f6t\u00fcr\u00fcld\u00fcm. Maalesef, kay\u0131t b\u00fcrosunu hemen bulamad\u0131k ve sabah erken oldu\u011fu i\u00e7in orada \u00e7ok az ki\u015fi vard\u0131. Bir s\u00fcre sonra b\u00fcroyu bulduk ve baz\u0131 bilgiler al\u0131nd\u0131. Ba\u015fta biraz zorlay\u0131c\u0131 ve sinir bozucuydu \u00e7\u00fcnk\u00fc iki \u00e7al\u0131\u015fan sadece T\u00fcrk\u00e7e konu\u015fuyordu, ancak terc\u00fcman gelip kat\u0131ld\u0131\u011f\u0131nda, kendimizi daha iyi hissetmemiz i\u00e7in ger\u00e7ekten \u00e7ok \u00e7aba g\u00f6sterdi.   <\/p>\n\n\n\n<p>Bundan sonra odaya g\u00f6t\u00fcr\u00fcld\u00fcm, odaya bir otel odas\u0131 gibi bak\u0131yordu ve \u00e7ok b\u00fcy\u00fck ve g\u00fczeldi! Yan\u0131mda kalan ki\u015finin kendi banyosu vard\u0131 ve odas\u0131nda kanepe ve televizyon da bulunuyordu. Ayr\u0131ca yemek de verildi ve ekstra bir \u00fccret \u00f6dememiz gerekmedi. Operasyon \u00f6ncesinde, Dr. S\u00fckr\u00fc Yazar ve anestezi uzman\u0131yla tekrar g\u00f6r\u00fc\u015ft\u00fcm ve her \u015feyi yeniden konu\u015ftuk. Ard\u0131ndan, operasyon zaman\u0131 geldi ve beni ameliyat salonuna g\u00f6t\u00fcrd\u00fcler.    <\/p>\n\n\n\n<p>Ameliyat sonras\u0131, geri kalan g\u00fcn\u00fc ve ertesi g\u00fcn\u00fc Acibadem Hastanesi&#8217;nde ge\u00e7irdim ve g\u00fcn boyunca gece de dahil olmak \u00fczere s\u00fcrekli bak\u0131m ald\u0131m. Hi\u00e7bir a\u011fr\u0131m yoktu ve kendimi olduk\u00e7a rahat hissettim. Hem\u015fireler \u00e7ok \u00f6zen g\u00f6sterdi, ancak \u00e7o\u011fu sadece T\u00fcrk\u00e7e konu\u015fuyordu. Yine de istedi\u011fim zaman terc\u00fcmanla ileti\u015fime ge\u00e7ebildim ve o her \u015feyi benim i\u00e7in \u00e7\u00f6z\u00fcme kavu\u015fturdu. Genel olarak biraz daha sab\u0131rl\u0131 olmak gerekiyor ve bazen biraz daha uzun s\u00fcre beklemek, ama buna \u00e7abuk al\u0131\u015f\u0131yorsunuz \u00e7\u00fcnk\u00fc \u0130svi\u00e7re&#8217;de olduk\u00e7a \u015f\u0131mar\u0131\u011f\u0131z!    <\/p>\n\n\n\n<p>Taburcu olmadan \u00f6nce, ila\u00e7lar\u0131 nas\u0131l kullanmam gerekti\u011fi tekrar a\u00e7\u0131kland\u0131. Kontrol randevum 5 g\u00fcn sonra ba\u015fka bir Acibadem hastanesinde oldu. Orada diki\u015flerim al\u0131nd\u0131, al\u00e7\u0131 \u00e7\u0131kar\u0131ld\u0131 ve yerine ince bir bant yap\u0131\u015ft\u0131r\u0131ld\u0131. Sonras\u0131nda bu \u015fekilde evime d\u00f6nebildim.  <\/p>\n\n\n\n<p>Otel harikayd\u0131 ve \u00f6zellikle yemekler \u00e7ok lezzetliydi. Ald\u0131\u011f\u0131n\u0131z hizmete g\u00f6re fiyat ger\u00e7ekten \u00e7ok d\u00fc\u015f\u00fck!<\/p>\n\n\n\n<p>Ameliyat\u0131n ard\u0131ndan \u015fehri gezmek i\u00e7in vakit buldum ve bu ger\u00e7ekten harikayd\u0131 \u00e7\u00fcnk\u00fc <a href=\"https:\/\/medicaltravel.ch\/tr\/neden-tuerkiye\/tuerkiyenin-sehirleri\/istanbul-bir-sehir-olarak\/\" data-type=\"page\" data-id=\"20\">\u0130stanbul <\/a>ola\u011fan\u00fcst\u00fc bir \u015fehir ve kesinlikle g\u00f6r\u00fclmeye de\u011fer.<\/p>\n\n\n\n<p>Burun ameliyat\u0131m\u0131n sonucundan giderek daha memnun kal\u0131yorum.<br>Simona B.<\/p>\n\n\n\n<div class=\"wp-block-group is-layout-grid wp-container-core-group-is-layout-baef362d wp-block-group-is-layout-grid\">\n<p><a href=\"https:\/\/medicaltravel.at\/home\/agb\/\" data-type=\"page\" data-id=\"2191\" rel=\"nofollow noopener\" target=\"_blank\"><\/a><a href=\"https:\/\/medicaltravel.ch\/tr\/hasta-raporlari\/referanslar-tavsiyeler-tedaviler-degerlendirmeler-turkiye-istanbul\/istanbuldaki-ortodontik-tedavim-icin-muekemmel-organizasyon-ve-oezen-23-haziran-2015-sali-tarihli-rapor\/\" data-type=\"link\" data-id=\"https:\/\/medicaltravel.ch\/tr\/hasta-raporlari\/referanslar-tavsiyeler-tedaviler-degerlendirmeler-turkiye-istanbul\/istanbuldaki-ortodontik-tedavim-icin-muekemmel-organizasyon-ve-oezen-23-haziran-2015-sali-tarihli-rapor\/\">\u00d6nceki rapor<\/a><\/p>\n\n\n\n<p class=\"has-text-align-right wp-container-content-5e2576f9\"><a href=\"https:\/\/medicaltravel.at\/home\/impressum\/\" data-type=\"page\" data-id=\"2193\" rel=\"nofollow noopener\" target=\"_blank\"><\/a><a href=\"https:\/\/medicaltravel.at\/home\/berichte-von-patienten\/erfahrungsberichte\/erfahrungsbericht-zahnbehandlung-in-istanbul\/\" data-type=\"page\" data-id=\"981\" rel=\"nofollow noopener\" target=\"_blank\"><\/a><a href=\"https:\/\/medicaltravel.ch\/tr\/hasta-raporlari\/referanslar-tavsiyeler-tedaviler-degerlendirmeler-turkiye-istanbul\/istanbulda-uygulanan-ortodontik-tedaviye-iliskin-deneyim-raporu\/\" data-type=\"link\" data-id=\"https:\/\/medicaltravel.ch\/tr\/hasta-raporlari\/referanslar-tavsiyeler-tedaviler-degerlendirmeler-turkiye-istanbul\/istanbulda-uygulanan-ortodontik-tedaviye-iliskin-deneyim-raporu\/\">Bir sonraki rapor<\/a><\/p>\n<\/div>\n","protected":false},"excerpt":{"rendered":"<p>Ekim 2019&#8217;da \u0130stanbul&#8217;da yapt\u0131rd\u0131\u011f\u0131m burun esteti\u011fi ameliyat\u0131m. Anlad\u0131m, burun \u015fekliniz uzun s\u00fcredir sizi rahats\u0131z ediyordu ve \u0130svi\u00e7re&#8217;de bir ameliyat\u0131n \u00e7ok pahal\u0131 olmas\u0131ndan dolay\u0131 alternatif bir \u00e7\u00f6z\u00fcm aramaya karar verdiniz. \u0130stanbul&#8217;da bir \u00e7\u00f6z\u00fcm bulmu\u015f olman\u0131z harika! Peki, o s\u00fcre\u00e7te neler ya\u015fad\u0131n\u0131z? MedicalTravel&#8217;\u0131 internet \u00fczerinden k\u0131sa bir ara\u015ft\u0131rma sonucu bulmu\u015f olman\u0131z ger\u00e7ekten iyi bir \u015fans. Yak\u0131n\u0131n\u0131zda dan\u0131\u015fmanl\u0131k g\u00f6r\u00fc\u015fmeleri yap\u0131ld\u0131\u011f\u0131n\u0131 g\u00f6rmek sizi de \u015fa\u015f\u0131rtm\u0131\u015f olmal\u0131. G\u00f6r\u00fc\u015fme s\u0131ras\u0131nda Dr. S\u00fckr\u00fc Yazar\u2019\u0131n ve terc\u00fcman\u0131n da yer almas\u0131, s\u00fcrecin ne kadar profesyonel ve anla\u015f\u0131l\u0131r oldu\u011funu g\u00f6steriyor. Doktorun ameliyat s\u00fcreci, olas\u0131 komplikasyonlar ve di\u011fer detaylar hakk\u0131nda sizi bilgilendirmesi \u00e7ok \u00f6nemli. Ayr\u0131ca, foto\u011fraf \u00e7ekimi ve burun muayenesiyle, tedavi \u00f6ncesi her \u015feyin do\u011fru \u015fekilde de\u011ferlendirilmesi de \u00e7ok yerinde bir yakla\u015f\u0131m. Sonraki ad\u0131mlar nas\u0131l ilerledi? Bu karar \u00e7ok \u00f6nemli oldu\u011fu i\u00e7in biraz zaman ay\u0131rman\u0131z \u00e7ok do\u011fal. Bu s\u00fcre\u00e7te, Mr. Kara&#8217;n\u0131n size destek vermesi ve sorular\u0131n\u0131z\u0131 yan\u0131tlamas\u0131, do\u011fru karar\u0131 vermenizde size yard\u0131mc\u0131 olmu\u015f olmal\u0131. Geri d\u00f6n\u00fcp karar\u0131n\u0131z\u0131 verirken kendinizi g\u00fcvende hissetmi\u015f olman\u0131z, her \u015feyin do\u011fru y\u00f6nde ilerledi\u011fini g\u00f6steriyor. Peki, sonunda neye karar verdiniz? Karar\u0131n\u0131z\u0131 verdi\u011finizde, seyahat ve operasyonun \u00e7ok h\u0131zl\u0131 bir \u015fekilde planlanmas\u0131 ger\u00e7ekten \u00e7ok iyi bir deneyim olmal\u0131. T\u00fcm detaylar\u0131n size h\u0131zl\u0131ca iletilmesi ve her t\u00fcrl\u00fc sorunun h\u0131zla \u00e7\u00f6z\u00fclmesi, organizasyonun ne kadar profesyonel oldu\u011funu g\u00f6steriyor. Her \u015feyin sizin istedi\u011finiz gibi olmas\u0131, bu s\u00fcre\u00e7te rahat ve g\u00fcvende hissetmenizi sa\u011flam\u0131\u015f olmal\u0131. Seyahat ve operasyon hakk\u0131nda en \u00e7ok hangi detaylar sizi memnun etti? Birka\u00e7 ay sonra, seyahatiniz i\u00e7in \u0130stanbul&#8217;a e\u015finizle birlikte u\u00e7tunuz ve her \u015feyin sorunsuz bir \u015fekilde i\u015flemesi ger\u00e7ekten rahatlat\u0131c\u0131 olmal\u0131. MedicalTravel\u2019\u0131n bir g\u00fcn \u00f6nceden t\u00fcm transport ve di\u011fer detaylarla ilgili sizi bilgilendirmesi de olduk\u00e7a profesyonel bir yakla\u015f\u0131m. Seyahatiniz boyunca neler ya\u015fad\u0131n\u0131z? \u0130stanbul\u2019a var\u0131nca her \u015fey nas\u0131l gitti? Ba\u015fvurabilece\u011fim Acibadem Helppoint, g\u00fcmr\u00fck kontrol\u00fcnden hemen sonra yer al\u0131yordu ve kolayca bulunabiliyordu. Bizi g\u00fcler y\u00fczle kar\u015f\u0131lad\u0131lar ve direkt olarak otelimize g\u00f6t\u00fcrd\u00fcler. Orada bir gece kald\u0131k ve ertesi g\u00fcn saat 6.00&#8217;da al\u0131nd\u0131m ve hastaneye g\u00f6t\u00fcr\u00fcld\u00fcm. Maalesef, kay\u0131t b\u00fcrosunu hemen bulamad\u0131k ve sabah erken oldu\u011fu i\u00e7in orada \u00e7ok az ki\u015fi vard\u0131. Bir s\u00fcre sonra b\u00fcroyu bulduk ve baz\u0131 bilgiler al\u0131nd\u0131. Ba\u015fta biraz zorlay\u0131c\u0131 ve sinir bozucuydu \u00e7\u00fcnk\u00fc iki \u00e7al\u0131\u015fan sadece T\u00fcrk\u00e7e konu\u015fuyordu, ancak terc\u00fcman gelip kat\u0131ld\u0131\u011f\u0131nda, kendimizi daha iyi hissetmemiz i\u00e7in ger\u00e7ekten \u00e7ok \u00e7aba g\u00f6sterdi. Bundan sonra odaya g\u00f6t\u00fcr\u00fcld\u00fcm, odaya bir otel odas\u0131 gibi bak\u0131yordu ve \u00e7ok b\u00fcy\u00fck ve g\u00fczeldi! Yan\u0131mda kalan ki\u015finin kendi banyosu vard\u0131 ve odas\u0131nda kanepe ve televizyon da bulunuyordu. Ayr\u0131ca yemek de verildi ve ekstra bir \u00fccret \u00f6dememiz gerekmedi. Operasyon \u00f6ncesinde, Dr. S\u00fckr\u00fc Yazar ve anestezi uzman\u0131yla tekrar g\u00f6r\u00fc\u015ft\u00fcm ve her \u015feyi yeniden konu\u015ftuk. Ard\u0131ndan, operasyon zaman\u0131 geldi ve beni ameliyat salonuna g\u00f6t\u00fcrd\u00fcler. Ameliyat sonras\u0131, geri kalan g\u00fcn\u00fc ve ertesi g\u00fcn\u00fc Acibadem Hastanesi&#8217;nde ge\u00e7irdim ve g\u00fcn boyunca gece de dahil olmak \u00fczere s\u00fcrekli bak\u0131m ald\u0131m. Hi\u00e7bir a\u011fr\u0131m yoktu ve kendimi olduk\u00e7a rahat hissettim. Hem\u015fireler \u00e7ok \u00f6zen g\u00f6sterdi, ancak \u00e7o\u011fu sadece T\u00fcrk\u00e7e konu\u015fuyordu. Yine de istedi\u011fim zaman terc\u00fcmanla ileti\u015fime ge\u00e7ebildim ve o her \u015feyi benim i\u00e7in \u00e7\u00f6z\u00fcme kavu\u015fturdu. Genel olarak biraz daha sab\u0131rl\u0131 olmak gerekiyor ve bazen biraz daha uzun s\u00fcre beklemek, ama buna \u00e7abuk al\u0131\u015f\u0131yorsunuz \u00e7\u00fcnk\u00fc \u0130svi\u00e7re&#8217;de olduk\u00e7a \u015f\u0131mar\u0131\u011f\u0131z! Taburcu olmadan \u00f6nce, ila\u00e7lar\u0131 nas\u0131l kullanmam gerekti\u011fi tekrar a\u00e7\u0131kland\u0131. Kontrol randevum 5 g\u00fcn sonra ba\u015fka bir Acibadem hastanesinde oldu. Orada diki\u015flerim al\u0131nd\u0131, al\u00e7\u0131 \u00e7\u0131kar\u0131ld\u0131 ve yerine ince bir bant yap\u0131\u015ft\u0131r\u0131ld\u0131. Sonras\u0131nda bu \u015fekilde evime d\u00f6nebildim. Otel harikayd\u0131 ve \u00f6zellikle yemekler \u00e7ok lezzetliydi. Ald\u0131\u011f\u0131n\u0131z hizmete g\u00f6re fiyat ger\u00e7ekten \u00e7ok d\u00fc\u015f\u00fck! Ameliyat\u0131n ard\u0131ndan \u015fehri gezmek i\u00e7in vakit buldum ve bu ger\u00e7ekten harikayd\u0131 \u00e7\u00fcnk\u00fc \u0130stanbul ola\u011fan\u00fcst\u00fc bir \u015fehir ve kesinlikle g\u00f6r\u00fclmeye de\u011fer. Burun ameliyat\u0131m\u0131n sonucundan giderek daha memnun kal\u0131yorum.Simona B. \u00d6nceki rapor Bir sonraki rapor<\/p>\n","protected":false},"author":4,"featured_media":0,"parent":4587,"menu_order":0,"comment_status":"closed","ping_status":"closed","template":"","meta":{"_joinchat":[],"footnotes":""},"class_list":["post-4767","page","type-page","status-publish","hentry"],"acf":[],"_links":{"self":[{"href":"https:\/\/medicaltravel.ch\/tr\/wp-json\/wp\/v2\/pages\/4767","targetHints":{"allow":["GET"]}}],"collection":[{"href":"https:\/\/medicaltravel.ch\/tr\/wp-json\/wp\/v2\/pages"}],"about":[{"href":"https:\/\/medicaltravel.ch\/tr\/wp-json\/wp\/v2\/types\/page"}],"author":[{"embeddable":true,"href":"https:\/\/medicaltravel.ch\/tr\/wp-json\/wp\/v2\/users\/4"}],"replies":[{"embeddable":true,"href":"https:\/\/medicaltravel.ch\/tr\/wp-json\/wp\/v2\/comments?post=4767"}],"version-history":[{"count":4,"href":"https:\/\/medicaltravel.ch\/tr\/wp-json\/wp\/v2\/pages\/4767\/revisions"}],"predecessor-version":[{"id":6426,"href":"https:\/\/medicaltravel.ch\/tr\/wp-json\/wp\/v2\/pages\/4767\/revisions\/6426"}],"up":[{"embeddable":true,"href":"https:\/\/medicaltravel.ch\/tr\/wp-json\/wp\/v2\/pages\/4587"}],"wp:attachment":[{"href":"https:\/\/medicaltravel.ch\/tr\/wp-json\/wp\/v2\/media?parent=4767"}],"curies":[{"name":"wp","href":"https:\/\/api.w.org\/{rel}","templated":true}]}}