{"id":4769,"date":"2025-09-23T16:13:49","date_gmt":"2025-09-23T15:13:49","guid":{"rendered":"https:\/\/medicaltravel.ch\/hasta-raporlari\/erfahrungsberichte-empfehlungen-behandlungen-beurteilung-tuerkei-istanbul\/hasta-raporu-hasta-deneyimi-degerlendirme-rinoplasti-istanbul-tuerkiye\/"},"modified":"2026-01-12T17:15:27","modified_gmt":"2026-01-12T16:15:27","slug":"hasta-raporu-hasta-deneyimi-degerlendirme-rinoplasti-istanbul-tuerkiye","status":"publish","type":"page","link":"https:\/\/medicaltravel.ch\/tr\/hasta-raporlari\/referanslar-tavsiyeler-tedaviler-degerlendirmeler-turkiye-istanbul\/hasta-raporu-hasta-deneyimi-degerlendirme-rinoplasti-istanbul-tuerkiye\/","title":{"rendered":"Hasta raporu, hasta deneyimi, de\u011ferlendirme, rinoplasti \u0130stanbul, T\u00fcrkiye"},"content":{"rendered":"\n<p><strong><u>\u0130stanbul, T\u00fcrkiye&#8217;deki burun ameliyat\u0131m\u0131n de\u011ferlendirmesi<\/u><\/strong><\/p>\n\n\n\n<p>\u0130stanbul&#8217;daki Nasen-OP hasta raporu<\/p>\n\n\n\n<p>Daha \u00f6nce <a href=\"https:\/\/medicaltravel.ch\/tr\/\" data-type=\"page\" data-id=\"6\">MedicalTravel <\/a>gibi bir hizmetten haberdar de\u011fildim ve \u0130stanbul\u2019daki burun ameliyat\u0131m\u0131 nas\u0131l planlayaca\u011f\u0131m\u0131 tam olarak bilmiyordum. Bu durum, yurt d\u0131\u015f\u0131nda bir operasyon yapt\u0131rma d\u00fc\u015f\u00fcncemi neredeyse engelleyecekti \u00e7\u00fcnk\u00fc bir \u015feylerin ters gitmesinden korkuyordum. Ama uzun bir s\u00fcre internette ara\u015ft\u0131rma yapt\u0131ktan sonra, bir \u015fekilde MedicalTravel ile kar\u015f\u0131la\u015ft\u0131m.  <\/p>\n\n\n\n<p>Bunun hakk\u0131nda biraz ara\u015ft\u0131rma yap\u0131p, k\u0131sa s\u00fcre sonra bir dan\u0131\u015fmanl\u0131k randevusu ayarlad\u0131m. En g\u00fczel yan\u0131, tedavi edici doktorla \u00f6nce Zug\u2019da y\u00fcz y\u00fcze g\u00f6r\u00fc\u015fme f\u0131rsat\u0131n\u0131n olmas\u0131yd\u0131. Bu, korkular\u0131m\u0131 hafifletmeye yard\u0131mc\u0131 oldu ve doktor hakk\u0131nda \u00f6nceden bilgi edinme imk\u00e2n\u0131m oldu. Kim oldu\u011funu, deneyimlerini ve di\u011fer bilgileri \u00f6\u011frenmek g\u00fcven vericiydi. Sonu\u00e7ta, burun gibi \u00f6nemli bir konuda, rastgele bir doktora ba\u015fvurmak do\u011fru olmaz.  <\/p>\n\n\n\n<p>K\u0131sa s\u00fcre sonra t\u00fcm masraflar\u0131 i\u00e7eren bir teklif ald\u0131m. Sonunda, u\u00e7u\u015fla birlikte toplamda CHF 4360.- \u00f6dedim. \u0130svi\u00e7re&#8217;deki fiyatlar\u0131 bildi\u011finizde, bence olduk\u00e7a uygun bir fiyat. Teklifi h\u0131zl\u0131ca kabul ettim \u00e7\u00fcnk\u00fc her \u015fey benim i\u00e7in uygundu.    <\/p>\n\n\n\n<p>\u0130stanbul havaalan\u0131na vard\u0131\u011f\u0131m\u0131zda, indikten hemen sonra tan\u0131mad\u0131\u011f\u0131m bir numaradan nereye gitmem gerekti\u011fiyle ilgili bir mesaj ald\u0131m, hatta bir foto\u011fraf da g\u00f6nderildi. Havaalan\u0131nda \u00f6nce gitmemiz gereken bir nokta vard\u0131. Orada kimlik bilgilerimiz al\u0131nd\u0131. Ard\u0131ndan, s\u00fcr\u00fcc\u00fc geldi ve bizi \u00f6n muayene i\u00e7in hastaneye, sonras\u0131nda ise otele g\u00f6t\u00fcrd\u00fc.   <\/p>\n\n\n\n<p>Ertesi g\u00fcn hemen operasyon ger\u00e7ekle\u015fti. S\u00fcr\u00fcc\u00fc bizi tam zaman\u0131nda ald\u0131. \u0130lk olarak karde\u015fim i\u015flem g\u00f6rd\u00fc, ard\u0131ndan ise s\u0131ra bana geldi. Her \u015fey sorunsuz ge\u00e7ti. Ayr\u0131ca her zaman yan\u0131m\u0131zda bir terc\u00fcman vard\u0131, \u00e7\u00fcnk\u00fc T\u00fcrk\u00e7e bilmeyen biri i\u00e7in ger\u00e7ekten \u00e7ok faydal\u0131 oluyordu. Hastanede maalesef herkes \u00e7ok iyi \u0130ngilizce konu\u015fam\u0131yordu, sadece benim tedavimi yapan doktor d\u0131\u015f\u0131nda.    <\/p>\n\n\n\n<p>Bana inan\u0131n, bu doktor tam olarak ne yapt\u0131\u011f\u0131n\u0131 biliyor. Sonu\u00e7tan inan\u0131lmaz derecede memnunum ve hayat\u0131m\u0131n en b\u00fcy\u00fck ac\u0131lar\u0131n\u0131 \u00e7ekmi\u015f olsam da, yine de teredd\u00fct etmeden ayn\u0131 i\u015flemi tekrar yapt\u0131r\u0131r\u0131m! <\/p>\n\n\n\n<p>Genel olarak her \u015fey ger\u00e7ekten m\u00fckemmel bir \u015fekilde planlanm\u0131\u015ft\u0131. 3\u00fcm\u00fcz (karde\u015fim de burun ameliyat\u0131 oldu, arkada\u015f\u0131m ise sa\u00e7 ekimi yapt\u0131rd\u0131) belirtti\u011fimiz tarihte operasyon randevusu alm\u0131\u015f olmam\u0131z bizi \u00e7ok mutlu etti. O hafta, hep birlikte tatil yapabilece\u011fimiz tek haftayd\u0131. Hi\u00e7bir \u015feyle u\u011fra\u015fmak zorunda kalmad\u0131k ve herhangi bir sorun oldu\u011funda yazabilece\u011fimiz her zaman bir ki\u015fi vard\u0131. \u0130ster MedicalTravel, ister terc\u00fcman, ya da doktorun asistan\u0131 olsun, her zaman destek ald\u0131k.    <\/p>\n\n\n\n<p>Ama burun ameliyat\u0131 yapt\u0131rmay\u0131 d\u00fc\u015f\u00fcnen herkese bir tavsiye olarak\u2026 Bunu yaln\u0131z yapmay\u0131n. En iyisi, bir aile \u00fcyesi ya da bir arkada\u015f\u0131n\u0131z\u0131 yan\u0131n\u0131za al\u0131n, ama kesinlikle burun ameliyat\u0131 yapt\u0131rmam\u0131\u015f biri olsun. Ger\u00e7ekten hi\u00e7 enerjim yoktu ve b\u00fcy\u00fck ac\u0131lar \u00e7ekiyordum. E\u011fer bir g\u00fcn hastanede kald\u0131ktan sonra taburcu ediliyorsan\u0131z (bu normalmi\u015f), biri yan\u0131n\u0131zda olup size destek oldu\u011funda ger\u00e7ekten \u00e7ok mutlu oluyorsunuz.   <\/p>\n\n\n\n<p>Sayg\u0131lar\u0131mla,<br>Sydney Michel<\/p>\n\n\n\n<div class=\"wp-block-group is-layout-grid wp-container-core-group-is-layout-baef362d wp-block-group-is-layout-grid\">\n<p><a href=\"https:\/\/medicaltravel.at\/home\/agb\/\" data-type=\"page\" data-id=\"2191\" rel=\"nofollow noopener\" target=\"_blank\"><\/a><a href=\"https:\/\/medicaltravel.ch\/tr\/hasta-raporlari\/referanslar-tavsiyeler-tedaviler-degerlendirmeler-turkiye-istanbul\/antalya-dis-klinigi-hasta-yorumu\/\" data-type=\"link\" data-id=\"https:\/\/medicaltravel.ch\/tr\/hasta-raporlari\/referanslar-tavsiyeler-tedaviler-degerlendirmeler-turkiye-istanbul\/antalya-dis-klinigi-hasta-yorumu\/\">\u00d6nceki rapor<\/a><\/p>\n\n\n\n<p class=\"has-text-align-right wp-container-content-5e2576f9\"><a href=\"https:\/\/medicaltravel.at\/home\/impressum\/\" data-type=\"page\" data-id=\"2193\" rel=\"nofollow noopener\" target=\"_blank\"><\/a><a href=\"https:\/\/medicaltravel.at\/home\/berichte-von-patienten\/erfahrungsberichte\/erfahrungsbericht-zahnbehandlung-in-istanbul\/\" data-type=\"page\" data-id=\"981\" rel=\"nofollow noopener\" target=\"_blank\"><\/a><a href=\"https:\/\/medicaltravel.ch\/tr\/hasta-raporlari\/referanslar-tavsiyeler-tedaviler-degerlendirmeler-turkiye-istanbul\/hasta-raporu-hasta-deneyimi-dis-hekiminin-degerlendirmesi-side-manavgat-antalya-tuerkiye\/\" data-type=\"link\" data-id=\"https:\/\/medicaltravel.ch\/tr\/hasta-raporlari\/referanslar-tavsiyeler-tedaviler-degerlendirmeler-turkiye-istanbul\/hasta-raporu-hasta-deneyimi-dis-hekiminin-degerlendirmesi-side-manavgat-antalya-tuerkiye\/\">Bir sonraki rapor<\/a><\/p>\n<\/div>\n","protected":false},"excerpt":{"rendered":"<p>\u0130stanbul, T\u00fcrkiye&#8217;deki burun ameliyat\u0131m\u0131n de\u011ferlendirmesi \u0130stanbul&#8217;daki Nasen-OP hasta raporu Daha \u00f6nce MedicalTravel gibi bir hizmetten haberdar de\u011fildim ve \u0130stanbul\u2019daki burun ameliyat\u0131m\u0131 nas\u0131l planlayaca\u011f\u0131m\u0131 tam olarak bilmiyordum. Bu durum, yurt d\u0131\u015f\u0131nda bir operasyon yapt\u0131rma d\u00fc\u015f\u00fcncemi neredeyse engelleyecekti \u00e7\u00fcnk\u00fc bir \u015feylerin ters gitmesinden korkuyordum. Ama uzun bir s\u00fcre internette ara\u015ft\u0131rma yapt\u0131ktan sonra, bir \u015fekilde MedicalTravel ile kar\u015f\u0131la\u015ft\u0131m. Bunun hakk\u0131nda biraz ara\u015ft\u0131rma yap\u0131p, k\u0131sa s\u00fcre sonra bir dan\u0131\u015fmanl\u0131k randevusu ayarlad\u0131m. En g\u00fczel yan\u0131, tedavi edici doktorla \u00f6nce Zug\u2019da y\u00fcz y\u00fcze g\u00f6r\u00fc\u015fme f\u0131rsat\u0131n\u0131n olmas\u0131yd\u0131. Bu, korkular\u0131m\u0131 hafifletmeye yard\u0131mc\u0131 oldu ve doktor hakk\u0131nda \u00f6nceden bilgi edinme imk\u00e2n\u0131m oldu. Kim oldu\u011funu, deneyimlerini ve di\u011fer bilgileri \u00f6\u011frenmek g\u00fcven vericiydi. Sonu\u00e7ta, burun gibi \u00f6nemli bir konuda, rastgele bir doktora ba\u015fvurmak do\u011fru olmaz. K\u0131sa s\u00fcre sonra t\u00fcm masraflar\u0131 i\u00e7eren bir teklif ald\u0131m. Sonunda, u\u00e7u\u015fla birlikte toplamda CHF 4360.- \u00f6dedim. \u0130svi\u00e7re&#8217;deki fiyatlar\u0131 bildi\u011finizde, bence olduk\u00e7a uygun bir fiyat. Teklifi h\u0131zl\u0131ca kabul ettim \u00e7\u00fcnk\u00fc her \u015fey benim i\u00e7in uygundu. \u0130stanbul havaalan\u0131na vard\u0131\u011f\u0131m\u0131zda, indikten hemen sonra tan\u0131mad\u0131\u011f\u0131m bir numaradan nereye gitmem gerekti\u011fiyle ilgili bir mesaj ald\u0131m, hatta bir foto\u011fraf da g\u00f6nderildi. Havaalan\u0131nda \u00f6nce gitmemiz gereken bir nokta vard\u0131. Orada kimlik bilgilerimiz al\u0131nd\u0131. Ard\u0131ndan, s\u00fcr\u00fcc\u00fc geldi ve bizi \u00f6n muayene i\u00e7in hastaneye, sonras\u0131nda ise otele g\u00f6t\u00fcrd\u00fc. Ertesi g\u00fcn hemen operasyon ger\u00e7ekle\u015fti. S\u00fcr\u00fcc\u00fc bizi tam zaman\u0131nda ald\u0131. \u0130lk olarak karde\u015fim i\u015flem g\u00f6rd\u00fc, ard\u0131ndan ise s\u0131ra bana geldi. Her \u015fey sorunsuz ge\u00e7ti. Ayr\u0131ca her zaman yan\u0131m\u0131zda bir terc\u00fcman vard\u0131, \u00e7\u00fcnk\u00fc T\u00fcrk\u00e7e bilmeyen biri i\u00e7in ger\u00e7ekten \u00e7ok faydal\u0131 oluyordu. Hastanede maalesef herkes \u00e7ok iyi \u0130ngilizce konu\u015fam\u0131yordu, sadece benim tedavimi yapan doktor d\u0131\u015f\u0131nda. Bana inan\u0131n, bu doktor tam olarak ne yapt\u0131\u011f\u0131n\u0131 biliyor. Sonu\u00e7tan inan\u0131lmaz derecede memnunum ve hayat\u0131m\u0131n en b\u00fcy\u00fck ac\u0131lar\u0131n\u0131 \u00e7ekmi\u015f olsam da, yine de teredd\u00fct etmeden ayn\u0131 i\u015flemi tekrar yapt\u0131r\u0131r\u0131m! Genel olarak her \u015fey ger\u00e7ekten m\u00fckemmel bir \u015fekilde planlanm\u0131\u015ft\u0131. 3\u00fcm\u00fcz (karde\u015fim de burun ameliyat\u0131 oldu, arkada\u015f\u0131m ise sa\u00e7 ekimi yapt\u0131rd\u0131) belirtti\u011fimiz tarihte operasyon randevusu alm\u0131\u015f olmam\u0131z bizi \u00e7ok mutlu etti. O hafta, hep birlikte tatil yapabilece\u011fimiz tek haftayd\u0131. Hi\u00e7bir \u015feyle u\u011fra\u015fmak zorunda kalmad\u0131k ve herhangi bir sorun oldu\u011funda yazabilece\u011fimiz her zaman bir ki\u015fi vard\u0131. \u0130ster MedicalTravel, ister terc\u00fcman, ya da doktorun asistan\u0131 olsun, her zaman destek ald\u0131k. Ama burun ameliyat\u0131 yapt\u0131rmay\u0131 d\u00fc\u015f\u00fcnen herkese bir tavsiye olarak\u2026 Bunu yaln\u0131z yapmay\u0131n. En iyisi, bir aile \u00fcyesi ya da bir arkada\u015f\u0131n\u0131z\u0131 yan\u0131n\u0131za al\u0131n, ama kesinlikle burun ameliyat\u0131 yapt\u0131rmam\u0131\u015f biri olsun. Ger\u00e7ekten hi\u00e7 enerjim yoktu ve b\u00fcy\u00fck ac\u0131lar \u00e7ekiyordum. E\u011fer bir g\u00fcn hastanede kald\u0131ktan sonra taburcu ediliyorsan\u0131z (bu normalmi\u015f), biri yan\u0131n\u0131zda olup size destek oldu\u011funda ger\u00e7ekten \u00e7ok mutlu oluyorsunuz. Sayg\u0131lar\u0131mla,Sydney Michel \u00d6nceki rapor Bir sonraki rapor<\/p>\n","protected":false},"author":4,"featured_media":0,"parent":4587,"menu_order":0,"comment_status":"closed","ping_status":"closed","template":"","meta":{"_joinchat":[],"footnotes":""},"class_list":["post-4769","page","type-page","status-publish","hentry"],"acf":[],"_links":{"self":[{"href":"https:\/\/medicaltravel.ch\/tr\/wp-json\/wp\/v2\/pages\/4769","targetHints":{"allow":["GET"]}}],"collection":[{"href":"https:\/\/medicaltravel.ch\/tr\/wp-json\/wp\/v2\/pages"}],"about":[{"href":"https:\/\/medicaltravel.ch\/tr\/wp-json\/wp\/v2\/types\/page"}],"author":[{"embeddable":true,"href":"https:\/\/medicaltravel.ch\/tr\/wp-json\/wp\/v2\/users\/4"}],"replies":[{"embeddable":true,"href":"https:\/\/medicaltravel.ch\/tr\/wp-json\/wp\/v2\/comments?post=4769"}],"version-history":[{"count":0,"href":"https:\/\/medicaltravel.ch\/tr\/wp-json\/wp\/v2\/pages\/4769\/revisions"}],"up":[{"embeddable":true,"href":"https:\/\/medicaltravel.ch\/tr\/wp-json\/wp\/v2\/pages\/4587"}],"wp:attachment":[{"href":"https:\/\/medicaltravel.ch\/tr\/wp-json\/wp\/v2\/media?parent=4769"}],"curies":[{"name":"wp","href":"https:\/\/api.w.org\/{rel}","templated":true}]}}