{"id":4771,"date":"2025-09-23T16:18:34","date_gmt":"2025-09-23T15:18:34","guid":{"rendered":"https:\/\/medicaltravel.ch\/hasta-raporlari\/erfahrungsberichte-empfehlungen-behandlungen-beurteilung-tuerkei-istanbul\/hasta-raporu-hasta-deneyimi-dis-hekiminin-degerlendirmesi-side-manavgat-antalya-tuerkiye\/"},"modified":"2026-01-12T17:16:31","modified_gmt":"2026-01-12T16:16:31","slug":"hasta-raporu-hasta-deneyimi-dis-hekiminin-degerlendirmesi-side-manavgat-antalya-tuerkiye","status":"publish","type":"page","link":"https:\/\/medicaltravel.ch\/tr\/hasta-raporlari\/referanslar-tavsiyeler-tedaviler-degerlendirmeler-turkiye-istanbul\/hasta-raporu-hasta-deneyimi-dis-hekiminin-degerlendirmesi-side-manavgat-antalya-tuerkiye\/","title":{"rendered":"Hasta raporu, hasta deneyimi, di\u015f hekiminin de\u011ferlendirmesi Side Manavgat Antalya T\u00fcrkiye"},"content":{"rendered":"\n<p><strong><u>Side Manavgat \u2013 T\u00fcrkiye&#8217;de ortodontik tedavimle ilgili hasta raporu<\/u><\/strong><\/p>\n\n\n\n<p>T\u00fcrkiye&#8217;deki di\u015f tedavisiyle ilgili ki\u015fisel deneyimim.<\/p>\n\n\n\n<p>Yurt d\u0131\u015f\u0131nda <a href=\"https:\/\/medicaltravel.ch\/tr\/disci-gezileri\/dis-tedavileri-dis-turizmi-tuerkiyeye-dis-gezileri\/\" data-type=\"page\" data-id=\"30\">di\u015f tedavisi organize<\/a> eden <a href=\"https:\/\/medicaltravel.ch\/tr\/\" data-type=\"page\" data-id=\"6\">MedicalTravel <\/a>\u015firketini internette buldum. Ancak bu \u015firket sadece di\u015f tedavisiyle s\u0131n\u0131rl\u0131 de\u011fil. <a href=\"https:\/\/medicaltravel.ch\/tr\/\" data-type=\"page\" data-id=\"6\">\u0130svi\u00e7re merkezli<\/a> oldu\u011fu i\u00e7in ilgimi \u00e7ekti. \u0130yi bir web siteleri var, her \u015fey basit tutulmu\u015f. Ger\u00e7ekten takdir etti\u011fim \u015fey ise <a href=\"https:\/\/wa.me\/41787373541\" target=\"_blank\" rel=\"noreferrer noopener nofollow\">WhatsApp <\/a>\u00fczerinden, telefonla ve e<a href=\"http:\/\/info@medicaltravel.net\/\" target=\"_blank\" rel=\"noreferrer noopener nofollow\">-postayla<\/a> da ileti\u015fim kurabiliyor olman\u0131z.     <\/p>\n\n\n\n<p>\u00c7ocuklu\u011fumdan beri \u00e7\u00fcr\u00fcklerle m\u00fccadele ediyorum. O zamanlar di\u015f ipi yoktu ve \u00e7ocukken her \u015feyin do\u011fru yap\u0131ld\u0131\u011f\u0131ndan da pek dikkat edilmezdi. Amalgam dolgu, bunun do\u011fal bir sonucu oldu. Ancak bunlardan kurtulmak istiyorum, bu y\u00fczden onlar\u0131 seramik kronlarla de\u011fi\u015ftirmeye karar verdim.   <\/p>\n\n\n\n<p>\u0130svi\u00e7re&#8217;de di\u015f tedavi maliyetleri olduk\u00e7a y\u00fcksek ve Almanya&#8217;daki gibi di\u015f sigortas\u0131 bizde yok. Bir di\u015f kronu i\u00e7in 1500 ila 1800 Sfr. aras\u0131nda \u00f6deme yap\u0131l\u0131yor.<\/p>\n\n\n\n<p>Bu y\u00fczden tedavi i\u00e7in yurt d\u0131\u015f\u0131nda yapt\u0131rmaya karar verdim. Macaristan veya Polonya benim i\u00e7in \u00e7ok bilinmedik yerlerdi. Ama T\u00fcrkiye&#8217;yi \u00e7ok iyi biliyorum, \u00f6zellikle de g\u00fcneyini tatil yeri olarak. Zaten Nisan ay\u0131nda oraya bir seyahat plan\u0131m vard\u0131, bu y\u00fczden MedicalTravel&#8217;a <a href=\"https:\/\/medicaltravel.ch\/tr\/disci-gezileri\/dis-klinikleri\/manavgat-sidedeki-dis-klinigi\/\" data-type=\"page\" data-id=\"54\">Side<\/a>, <a href=\"https:\/\/medicaltravel.ch\/tr\/neden-tuerkiye\/tuerkiyenin-sehirleri\/antalya-sehri\/\" data-type=\"page\" data-id=\"24\">Antalya <\/a>ya da <a href=\"https:\/\/medicaltravel.ch\/tr\/disci-gezileri\/dis-klinikleri\/manavgat-sidedeki-dis-klinigi\/\" data-type=\"page\" data-id=\"54\">Manavgat&#8217;ta <\/a>bir di\u015f hekimi ayarlay\u0131p ayarlayamayacaklar\u0131n\u0131 sordum, randevu dahil. Hi\u00e7bir sorun olmadan bunu organize ettiler ve hatta se\u00e7im yapmam\u0131 sa\u011flad\u0131lar. Manavgat&#8217;\u0131 se\u00e7tim \u00e7\u00fcnk\u00fc otelime en yak\u0131n olan yer buras\u0131yd\u0131.       <\/p>\n\n\n\n<p>MedicalTravel&#8217;dan klinik, gezilecek yerler, klini\u011fe ula\u015f\u0131m, \u00f6deme ve tedavi tarihleri gibi bir\u00e7ok bilgi ald\u0131m. Ayr\u0131ca, kronlar\u0131n fiyat\u0131 da netle\u015ftirildi. \u0130svi\u00e7re&#8217;de \u00f6deyece\u011fim \u00fccretin bir k\u0131sm\u0131 kadar bir bedeldi. Ayr\u0131ca, \u00fccretsiz olarak bir terc\u00fcman da sa\u011fland\u0131.  <\/p>\n\n\n\n<p>T\u00fcrkiye&#8217;ye vard\u0131\u011f\u0131mda bir hat\u0131rlatma e-postas\u0131 ald\u0131m. Ayr\u0131ca, <a href=\"https:\/\/medicaltravel.ch\/tr\/disci-gezileri\/dis-klinikleri\/manavgat-sidedeki-dis-klinigi\/\" data-type=\"page\" data-id=\"54\">Manavgat&#8217;taki Veske Klinik<\/a> de bana ula\u015ft\u0131. \u0130lk kez taksiyle gitmeyi tercih ettim ve \u015fof\u00f6r 20 Euro kar\u015f\u0131l\u0131\u011f\u0131nda beni g\u00fcvenle g\u00f6t\u00fcrd\u00fc. Oraya vard\u0131\u011f\u0131mda, m\u00fckemmel Almanca konu\u015fan terc\u00fcman beni kar\u015f\u0131lad\u0131. Tam zaman\u0131nda, r\u00f6ntgene al\u0131nmam sa\u011fland\u0131. Kontrol amac\u0131yla panoramik r\u00f6ntgen \u00e7ekildi.    <\/p>\n\n\n\n<p>Sonras\u0131nda di\u015f hekimiyle, taleplerimi g\u00f6r\u00fc\u015fmek i\u00e7in odas\u0131na ge\u00e7tim. \u0130yi derecede \u0130ngilizce konu\u015fuyordu ve asl\u0131nda terc\u00fcmana gerek bile yoktu. Hatta Basel\u2019de bir s\u00fcre \u00e7al\u0131\u015ft\u0131\u011f\u0131n\u0131 s\u00f6yledi, Straumann firmas\u0131nda. Ba\u015flang\u0131\u00e7ta sadece 2 zirkonyum kron yapt\u0131rmay\u0131 d\u00fc\u015f\u00fcn\u00fcyordum ama her \u015feyin ne kadar profesyonel bir \u015fekilde ilerledi\u011fini g\u00f6r\u00fcnce 4 kron yapt\u0131rmaya karar verdim. R\u00f6ntgen dahil her \u015fey i\u00e7in 1200 Euro sabit fiyat belirlendi.      <\/p>\n\n\n\n<p>Hi\u00e7bir i\u011fne yap\u0131lmad\u0131, bunun yerine di\u015flere hassasiyetlerini almas\u0131 i\u00e7in bir di\u015f plakas\u0131 arac\u0131l\u0131\u011f\u0131yla jel uyguland\u0131. Bu y\u00f6ntem, bildi\u011fim i\u011fnelerden \u00e7ok daha rahatt\u0131. <\/p>\n\n\n\n<p>Hemen ard\u0131ndan tedavi edilecek di\u015fler z\u0131mparalanarak, kronlar i\u00e7in bilgisayarda 3D y\u00f6ntemiyle tarama yap\u0131ld\u0131. Hi\u00e7bir a\u011fr\u0131 hissetmedim, jel ger\u00e7ekten \u00e7ok etkiliydi. <\/p>\n\n\n\n<p>\u00dc\u00e7 g\u00fcn sonra, sipari\u015f etti\u011fim haz\u0131r kronlar\u0131 takt\u0131rabilece\u011fimi s\u00f6ylediler. Biraz daha z\u0131mparaland\u0131 ve parlat\u0131ld\u0131. <\/p>\n\n\n\n<p>Bana, e\u011fer bir \u015fey do\u011fru gitmezse, istedi\u011fim zaman tekrar gelebilece\u011fim s\u00f6ylendi.<\/p>\n\n\n\n<p><strong>\u015eimdi tedavi 4 hafta ge\u00e7ti ve hi\u00e7bir problemim olmad\u0131.<\/strong><\/p>\n\n\n\n<p><strong>Tedavi tam anlam\u0131yla b\u00fcy\u00fck bir ba\u015far\u0131yd\u0131!<br><\/strong><br>G. Sch\u00f6pges, 57 ya\u015f\u0131nda.<\/p>\n\n\n\n<div class=\"wp-block-group is-layout-grid wp-container-core-group-is-layout-baef362d wp-block-group-is-layout-grid\">\n<p><a href=\"https:\/\/medicaltravel.at\/home\/agb\/\" data-type=\"page\" data-id=\"2191\" rel=\"nofollow noopener\" target=\"_blank\"><\/a><a href=\"https:\/\/medicaltravel.ch\/tr\/hasta-raporlari\/referanslar-tavsiyeler-tedaviler-degerlendirmeler-turkiye-istanbul\/hasta-raporu-hasta-deneyimi-degerlendirme-rinoplasti-istanbul-tuerkiye\/\" data-type=\"link\" data-id=\"https:\/\/medicaltravel.ch\/tr\/hasta-raporlari\/referanslar-tavsiyeler-tedaviler-degerlendirmeler-turkiye-istanbul\/hasta-raporu-hasta-deneyimi-degerlendirme-rinoplasti-istanbul-tuerkiye\/\">\u00d6nceki rapor<\/a><\/p>\n\n\n\n<p class=\"has-text-align-right wp-container-content-5e2576f9\"><a href=\"https:\/\/medicaltravel.at\/home\/impressum\/\" data-type=\"page\" data-id=\"2193\" rel=\"nofollow noopener\" target=\"_blank\"><\/a><a href=\"https:\/\/medicaltravel.at\/home\/berichte-von-patienten\/erfahrungsberichte\/erfahrungsbericht-zahnbehandlung-in-istanbul\/\" data-type=\"page\" data-id=\"981\" rel=\"nofollow noopener\" target=\"_blank\"><\/a><a href=\"https:\/\/medicaltravel.ch\/tr\/hasta-raporlari\/referanslar-tavsiyeler-tedaviler-degerlendirmeler-turkiye-istanbul\/hasta-raporu-hasta-deneyimi-dis-hekimi-izmir\/\" data-type=\"link\" data-id=\"https:\/\/medicaltravel.ch\/tr\/hasta-raporlari\/referanslar-tavsiyeler-tedaviler-degerlendirmeler-turkiye-istanbul\/hasta-raporu-hasta-deneyimi-dis-hekimi-izmir\/\">Bir sonraki rapor<\/a><\/p>\n<\/div>\n","protected":false},"excerpt":{"rendered":"<p>Side Manavgat \u2013 T\u00fcrkiye&#8217;de ortodontik tedavimle ilgili hasta raporu T\u00fcrkiye&#8217;deki di\u015f tedavisiyle ilgili ki\u015fisel deneyimim. Yurt d\u0131\u015f\u0131nda di\u015f tedavisi organize eden MedicalTravel \u015firketini internette buldum. Ancak bu \u015firket sadece di\u015f tedavisiyle s\u0131n\u0131rl\u0131 de\u011fil. \u0130svi\u00e7re merkezli oldu\u011fu i\u00e7in ilgimi \u00e7ekti. \u0130yi bir web siteleri var, her \u015fey basit tutulmu\u015f. Ger\u00e7ekten takdir etti\u011fim \u015fey ise WhatsApp \u00fczerinden, telefonla ve e-postayla da ileti\u015fim kurabiliyor olman\u0131z. \u00c7ocuklu\u011fumdan beri \u00e7\u00fcr\u00fcklerle m\u00fccadele ediyorum. O zamanlar di\u015f ipi yoktu ve \u00e7ocukken her \u015feyin do\u011fru yap\u0131ld\u0131\u011f\u0131ndan da pek dikkat edilmezdi. Amalgam dolgu, bunun do\u011fal bir sonucu oldu. Ancak bunlardan kurtulmak istiyorum, bu y\u00fczden onlar\u0131 seramik kronlarla de\u011fi\u015ftirmeye karar verdim. \u0130svi\u00e7re&#8217;de di\u015f tedavi maliyetleri olduk\u00e7a y\u00fcksek ve Almanya&#8217;daki gibi di\u015f sigortas\u0131 bizde yok. Bir di\u015f kronu i\u00e7in 1500 ila 1800 Sfr. aras\u0131nda \u00f6deme yap\u0131l\u0131yor. Bu y\u00fczden tedavi i\u00e7in yurt d\u0131\u015f\u0131nda yapt\u0131rmaya karar verdim. Macaristan veya Polonya benim i\u00e7in \u00e7ok bilinmedik yerlerdi. Ama T\u00fcrkiye&#8217;yi \u00e7ok iyi biliyorum, \u00f6zellikle de g\u00fcneyini tatil yeri olarak. Zaten Nisan ay\u0131nda oraya bir seyahat plan\u0131m vard\u0131, bu y\u00fczden MedicalTravel&#8217;a Side, Antalya ya da Manavgat&#8217;ta bir di\u015f hekimi ayarlay\u0131p ayarlayamayacaklar\u0131n\u0131 sordum, randevu dahil. Hi\u00e7bir sorun olmadan bunu organize ettiler ve hatta se\u00e7im yapmam\u0131 sa\u011flad\u0131lar. Manavgat&#8217;\u0131 se\u00e7tim \u00e7\u00fcnk\u00fc otelime en yak\u0131n olan yer buras\u0131yd\u0131. MedicalTravel&#8217;dan klinik, gezilecek yerler, klini\u011fe ula\u015f\u0131m, \u00f6deme ve tedavi tarihleri gibi bir\u00e7ok bilgi ald\u0131m. Ayr\u0131ca, kronlar\u0131n fiyat\u0131 da netle\u015ftirildi. \u0130svi\u00e7re&#8217;de \u00f6deyece\u011fim \u00fccretin bir k\u0131sm\u0131 kadar bir bedeldi. Ayr\u0131ca, \u00fccretsiz olarak bir terc\u00fcman da sa\u011fland\u0131. T\u00fcrkiye&#8217;ye vard\u0131\u011f\u0131mda bir hat\u0131rlatma e-postas\u0131 ald\u0131m. Ayr\u0131ca, Manavgat&#8217;taki Veske Klinik de bana ula\u015ft\u0131. \u0130lk kez taksiyle gitmeyi tercih ettim ve \u015fof\u00f6r 20 Euro kar\u015f\u0131l\u0131\u011f\u0131nda beni g\u00fcvenle g\u00f6t\u00fcrd\u00fc. Oraya vard\u0131\u011f\u0131mda, m\u00fckemmel Almanca konu\u015fan terc\u00fcman beni kar\u015f\u0131lad\u0131. Tam zaman\u0131nda, r\u00f6ntgene al\u0131nmam sa\u011fland\u0131. Kontrol amac\u0131yla panoramik r\u00f6ntgen \u00e7ekildi. Sonras\u0131nda di\u015f hekimiyle, taleplerimi g\u00f6r\u00fc\u015fmek i\u00e7in odas\u0131na ge\u00e7tim. \u0130yi derecede \u0130ngilizce konu\u015fuyordu ve asl\u0131nda terc\u00fcmana gerek bile yoktu. Hatta Basel\u2019de bir s\u00fcre \u00e7al\u0131\u015ft\u0131\u011f\u0131n\u0131 s\u00f6yledi, Straumann firmas\u0131nda. Ba\u015flang\u0131\u00e7ta sadece 2 zirkonyum kron yapt\u0131rmay\u0131 d\u00fc\u015f\u00fcn\u00fcyordum ama her \u015feyin ne kadar profesyonel bir \u015fekilde ilerledi\u011fini g\u00f6r\u00fcnce 4 kron yapt\u0131rmaya karar verdim. R\u00f6ntgen dahil her \u015fey i\u00e7in 1200 Euro sabit fiyat belirlendi. Hi\u00e7bir i\u011fne yap\u0131lmad\u0131, bunun yerine di\u015flere hassasiyetlerini almas\u0131 i\u00e7in bir di\u015f plakas\u0131 arac\u0131l\u0131\u011f\u0131yla jel uyguland\u0131. Bu y\u00f6ntem, bildi\u011fim i\u011fnelerden \u00e7ok daha rahatt\u0131. Hemen ard\u0131ndan tedavi edilecek di\u015fler z\u0131mparalanarak, kronlar i\u00e7in bilgisayarda 3D y\u00f6ntemiyle tarama yap\u0131ld\u0131. Hi\u00e7bir a\u011fr\u0131 hissetmedim, jel ger\u00e7ekten \u00e7ok etkiliydi. \u00dc\u00e7 g\u00fcn sonra, sipari\u015f etti\u011fim haz\u0131r kronlar\u0131 takt\u0131rabilece\u011fimi s\u00f6ylediler. Biraz daha z\u0131mparaland\u0131 ve parlat\u0131ld\u0131. Bana, e\u011fer bir \u015fey do\u011fru gitmezse, istedi\u011fim zaman tekrar gelebilece\u011fim s\u00f6ylendi. \u015eimdi tedavi 4 hafta ge\u00e7ti ve hi\u00e7bir problemim olmad\u0131. Tedavi tam anlam\u0131yla b\u00fcy\u00fck bir ba\u015far\u0131yd\u0131!G. Sch\u00f6pges, 57 ya\u015f\u0131nda. \u00d6nceki rapor Bir sonraki rapor<\/p>\n","protected":false},"author":4,"featured_media":0,"parent":4587,"menu_order":0,"comment_status":"closed","ping_status":"closed","template":"","meta":{"_joinchat":[],"footnotes":""},"class_list":["post-4771","page","type-page","status-publish","hentry"],"acf":[],"_links":{"self":[{"href":"https:\/\/medicaltravel.ch\/tr\/wp-json\/wp\/v2\/pages\/4771","targetHints":{"allow":["GET"]}}],"collection":[{"href":"https:\/\/medicaltravel.ch\/tr\/wp-json\/wp\/v2\/pages"}],"about":[{"href":"https:\/\/medicaltravel.ch\/tr\/wp-json\/wp\/v2\/types\/page"}],"author":[{"embeddable":true,"href":"https:\/\/medicaltravel.ch\/tr\/wp-json\/wp\/v2\/users\/4"}],"replies":[{"embeddable":true,"href":"https:\/\/medicaltravel.ch\/tr\/wp-json\/wp\/v2\/comments?post=4771"}],"version-history":[{"count":0,"href":"https:\/\/medicaltravel.ch\/tr\/wp-json\/wp\/v2\/pages\/4771\/revisions"}],"up":[{"embeddable":true,"href":"https:\/\/medicaltravel.ch\/tr\/wp-json\/wp\/v2\/pages\/4587"}],"wp:attachment":[{"href":"https:\/\/medicaltravel.ch\/tr\/wp-json\/wp\/v2\/media?parent=4771"}],"curies":[{"name":"wp","href":"https:\/\/api.w.org\/{rel}","templated":true}]}}