{"id":4775,"date":"2025-09-23T16:24:20","date_gmt":"2025-09-23T15:24:20","guid":{"rendered":"https:\/\/medicaltravel.ch\/hasta-raporlari\/erfahrungsberichte-empfehlungen-behandlungen-beurteilung-tuerkei-istanbul\/hasta-raporu-hasta-deneyimi-dis-hekimi-antalya\/"},"modified":"2026-01-12T17:18:29","modified_gmt":"2026-01-12T16:18:29","slug":"hasta-raporu-hasta-deneyimi-dis-hekimi-antalya","status":"publish","type":"page","link":"https:\/\/medicaltravel.ch\/tr\/hasta-raporlari\/referanslar-tavsiyeler-tedaviler-degerlendirmeler-turkiye-istanbul\/hasta-raporu-hasta-deneyimi-dis-hekimi-antalya\/","title":{"rendered":"Hasta raporu Hasta deneyimi Di\u015f Hekimi Antalya"},"content":{"rendered":"\n<p><strong><u>Antalya, T\u00fcrkiye&#8217;deki ortodontik tedavi deneyimim<\/u><\/strong><\/p>\n\n\n\n<p>Herkese merhaba<\/p>\n\n\n\n<p>Ben Jenny, 24 ya\u015f\u0131nday\u0131m, hayat\u0131m boyunca di\u015flerimle s\u00fcrekli problemler ya\u015fad\u0131m. Art\u0131k kendimi iyi hissetmiyordum, s\u00fcrekli a\u011fr\u0131lar\u0131m vard\u0131 ve \u0130svi\u00e7re&#8217;deki di\u015f hekimlerinden \u00e7ok y\u00fcksek faturalar geliyordu. Di\u015flerimi her zaman bak\u0131m\u0131n\u0131 yaparak f\u0131r\u00e7alad\u0131m, di\u015f teli takt\u0131rd\u0131m ve benzeri \u015feyler yapt\u0131m ama ne yaz\u0131k ki, di\u015flerimde s\u00fcrekli iltihap olu\u015ftu ve k\u00f6k tedavileri de bir i\u015fe yaramad\u0131.  <\/p>\n\n\n\n<p>D\u0131\u015f g\u00f6r\u00fcn\u00fc\u015f\u00fc a\u00e7\u0131s\u0131ndan asl\u0131nda memnundum. Di\u015flerimin tamamen beyaz veya her biri ayn\u0131 \u015fekilde \u015fekillendirilmi\u015f olmas\u0131na gerek yoktu, ama ac\u0131lar\u0131mdan kurtulmak istiyordum. Ayr\u0131ca s\u00fcrekli olarak so\u011fuk hissi de \u00e7ok rahats\u0131z ediciydi ve bu da bana \u00e7ok fazla a\u011fr\u0131 veriyordu. Burada \u0130svi\u00e7re\u2019de tedavi edilemeyecek bir di\u015fim \u00e7ekilmek zorunda kald\u0131\u011f\u0131nda, bir bo\u015fluk olu\u015ftu ve bana bir implant i\u00e7in \u0130svi\u00e7re\u2019den bir teklif geldi. O teklifi g\u00f6rd\u00fc\u011f\u00fcmde, sadece bir di\u015f i\u00e7in bu kadar para veremeyece\u011fimi hemen anlad\u0131m.    <\/p>\n\n\n\n<p>Bu y\u00fczden internetten ara\u015ft\u0131rmaya ba\u015flad\u0131m; acaba yurt d\u0131\u015f\u0131na gitsem nas\u0131l olurdu diye. B\u00f6ylece <a href=\"https:\/\/medicaltravel.ch\/tr\/\" data-type=\"page\" data-id=\"6\">MedicalTravel\u2019\u0131n <\/a>web sitesine rastlad\u0131m ve onlarla ileti\u015fime ge\u00e7tim. Hemen \u00e7ok nazik bir \u015fekilde dan\u0131\u015fmanl\u0131k ald\u0131m ve hem kendim hem de karde\u015fim i\u00e7in Z\u00fcrich\u2019de r\u00f6ntgen randevusu ald\u0131k. Randevu \u00e7ok h\u0131zl\u0131 ge\u00e7ti. Bizlere ne istedi\u011fimiz soruldu, ard\u0131ndan kontrol yap\u0131ld\u0131. Sonras\u0131nda e-posta ile baz\u0131 teklifler ald\u0131k, bunlar\u0131 inceledik ve herhangi bir sorumuz oldu\u011funda her zaman e-posta, <a href=\"https:\/\/wa.me\/41787373541\" rel=\"nofollow noopener\" target=\"_blank\">WhatsApp <\/a>ya da telefonla MedicalTravel ile ileti\u015fime ge\u00e7ebilece\u011fimizi s\u00f6ylediler. Di\u015f tedavisini <a href=\"https:\/\/medicaltravel.ch\/tr\/neden-tuerkiye\/tuerkiyenin-sehirleri\/antalya-sehri\/\" data-type=\"page\" data-id=\"24\">Antalya<\/a>, T\u00fcrkiye\u2019de yapt\u0131rmaya karar verdik, ama biraz temkinliydik \u00e7\u00fcnk\u00fc yabanc\u0131 bir \u00fclke; dili bilmiyoruz vs. Ancak MedicalTravel bu korkular\u0131m\u0131z\u0131 ortadan kald\u0131rd\u0131. Her \u015feyi organize ettiler, u\u00e7u\u015fu, oteli ve t\u00fcm transferleri. Ayr\u0131ca yan\u0131m\u0131zda bir refakat\u00e7i almak istedik ve refakat\u00e7imiz i\u00e7in de her \u015fey d\u00fczenlendi.        <strong>Bu, b\u00fcy\u00fck bir \u00f6vg\u00fc.<\/strong><\/p>\n\n\n\n<p>Bu y\u00fczden internetten ara\u015ft\u0131rmaya ba\u015flad\u0131m; acaba yurt d\u0131\u015f\u0131na gitsem nas\u0131l olurdu diye. B\u00f6ylece MedicalTravel\u2019\u0131n web sitesine rastlad\u0131m ve onlarla ileti\u015fime ge\u00e7tim. Hemen \u00e7ok nazik bir \u015fekilde dan\u0131\u015fmanl\u0131k ald\u0131m ve hem kendim hem de karde\u015fim i\u00e7in Z\u00fcrich\u2019de r\u00f6ntgen randevusu ald\u0131k. Randevu \u00e7ok h\u0131zl\u0131 ge\u00e7ti. Bizlere ne istedi\u011fimiz soruldu, ard\u0131ndan kontrol yap\u0131ld\u0131. Sonras\u0131nda e-posta ile baz\u0131 teklifler ald\u0131k, bunlar\u0131 inceledik ve herhangi bir sorumuz oldu\u011funda her zaman e-posta, WhatsApp ya da telefonla MedicalTravel ile ileti\u015fime ge\u00e7ebilece\u011fimizi s\u00f6ylediler. <a href=\"https:\/\/medicaltravel.ch\/tr\/disci-gezileri\/dis-klinikleri\/antalyada-dis-klinigi\/\" data-type=\"page\" data-id=\"52\">Di\u015f tedavisini<\/a> Antalya, T\u00fcrkiye\u2019de yapt\u0131rmaya karar verdik, ama biraz temkinliydik \u00e7\u00fcnk\u00fc yabanc\u0131 bir \u00fclke; dili bilmiyoruz vs. Ancak MedicalTravel bu korkular\u0131m\u0131z\u0131 ortadan kald\u0131rd\u0131. Her \u015feyi organize ettiler, u\u00e7u\u015fu, oteli ve t\u00fcm transferleri. Ayr\u0131ca yan\u0131m\u0131zda bir refakat\u00e7i almak istedik ve refakat\u00e7imiz i\u00e7in de her \u015fey d\u00fczenlendi. <\/p>\n\n\n\n<p>Klinikte her tedavi s\u0131ras\u0131nda yan\u0131m\u0131zda olan bir terc\u00fcman\u0131m\u0131z vard\u0131, fakat di\u015f hekimleri de bizimle ileti\u015fim kurmak i\u00e7in b\u00fcy\u00fck \u00e7aba harcad\u0131lar, ger\u00e7ekten \u00e7ok sevimli insanlard\u0131.<\/p>\n\n\n\n<p>Sonu\u00e7 olarak \u015funu s\u00f6yleyebilirim: Korkman\u0131za gerek yok \u00e7\u00fcnk\u00fc MedicalTravel her zaman ula\u015f\u0131labilir, bir \u015fey olursa yard\u0131mc\u0131 olurlar. Hemen tekrar gitmek isterdim. \u00c7ok be\u011fendim, fakat unutmamak gerekir ki her tedavi bir miktar a\u011fr\u0131 getirir. A\u011fr\u0131lar oluyor ama orada da \u00e7ok iyi bir \u015fekilde ilgileniliyor, en iyi \u015fekilde olabilmeniz i\u00e7in her \u015fey d\u00fc\u015f\u00fcn\u00fcl\u00fcyor ve hi\u00e7bir \u015fey eksik olmuyor.  <\/p>\n\n\n\n<p>Bu yaz\u0131yla, di\u015f problemleri ya da ba\u015fka sa\u011fl\u0131k sorunlar\u0131 olan ama maddi imk\u00e2ns\u0131zl\u0131klar y\u00fcz\u00fcnden teredd\u00fct ya\u015fayan insanlara ula\u015fmak istiyorum; ger\u00e7ekten korkman\u0131za gerek yok. Sadece ilk ad\u0131m\u0131 atmaya cesaret etmeniz gerekiyor. Geri kalan\u0131n\u0131 MedicalTravel sizin i\u00e7in halleder.  <\/p>\n\n\n\n<p>Sayg\u0131lar\u0131mla,<br>Jenny Weibel, art\u0131k her zaman g\u00fcl\u00fcmsemesini g\u00f6sterecek.<\/p>\n\n\n\n<div class=\"wp-block-group is-layout-grid wp-container-core-group-is-layout-baef362d wp-block-group-is-layout-grid\">\n<p><a href=\"https:\/\/medicaltravel.at\/home\/agb\/\" data-type=\"page\" data-id=\"2191\" rel=\"nofollow noopener\" target=\"_blank\"><\/a><a href=\"https:\/\/medicaltravel.ch\/tr\/hasta-raporlari\/referanslar-tavsiyeler-tedaviler-degerlendirmeler-turkiye-istanbul\/hasta-raporu-hasta-deneyimi-dis-hekimi-izmir\/\" data-type=\"link\" data-id=\"https:\/\/medicaltravel.ch\/tr\/hasta-raporlari\/referanslar-tavsiyeler-tedaviler-degerlendirmeler-turkiye-istanbul\/hasta-raporu-hasta-deneyimi-dis-hekimi-izmir\/\">\u00d6nceki rapor<\/a><\/p>\n\n\n\n<p class=\"has-text-align-right wp-container-content-5e2576f9\"><a href=\"https:\/\/medicaltravel.at\/home\/impressum\/\" data-type=\"page\" data-id=\"2193\" rel=\"nofollow noopener\" target=\"_blank\"><\/a><a href=\"https:\/\/medicaltravel.at\/home\/berichte-von-patienten\/erfahrungsberichte\/erfahrungsbericht-zahnbehandlung-in-istanbul\/\" data-type=\"page\" data-id=\"981\" rel=\"nofollow noopener\" target=\"_blank\"><\/a><a href=\"https:\/\/medicaltravel.ch\/tr\/hasta-raporlari\/referanslar-tavsiyeler-tedaviler-degerlendirmeler-turkiye-istanbul\/oeneri-antalyada-dis-tedavisi-deneyimi\/\" data-type=\"link\" data-id=\"https:\/\/medicaltravel.ch\/tr\/hasta-raporlari\/referanslar-tavsiyeler-tedaviler-degerlendirmeler-turkiye-istanbul\/oeneri-antalyada-dis-tedavisi-deneyimi\/\">Bir sonraki rapor<\/a><\/p>\n<\/div>\n\n\n\n<p><\/p>\n","protected":false},"excerpt":{"rendered":"<p>Antalya, T\u00fcrkiye&#8217;deki ortodontik tedavi deneyimim Herkese merhaba Ben Jenny, 24 ya\u015f\u0131nday\u0131m, hayat\u0131m boyunca di\u015flerimle s\u00fcrekli problemler ya\u015fad\u0131m. Art\u0131k kendimi iyi hissetmiyordum, s\u00fcrekli a\u011fr\u0131lar\u0131m vard\u0131 ve \u0130svi\u00e7re&#8217;deki di\u015f hekimlerinden \u00e7ok y\u00fcksek faturalar geliyordu. Di\u015flerimi her zaman bak\u0131m\u0131n\u0131 yaparak f\u0131r\u00e7alad\u0131m, di\u015f teli takt\u0131rd\u0131m ve benzeri \u015feyler yapt\u0131m ama ne yaz\u0131k ki, di\u015flerimde s\u00fcrekli iltihap olu\u015ftu ve k\u00f6k tedavileri de bir i\u015fe yaramad\u0131. D\u0131\u015f g\u00f6r\u00fcn\u00fc\u015f\u00fc a\u00e7\u0131s\u0131ndan asl\u0131nda memnundum. Di\u015flerimin tamamen beyaz veya her biri ayn\u0131 \u015fekilde \u015fekillendirilmi\u015f olmas\u0131na gerek yoktu, ama ac\u0131lar\u0131mdan kurtulmak istiyordum. Ayr\u0131ca s\u00fcrekli olarak so\u011fuk hissi de \u00e7ok rahats\u0131z ediciydi ve bu da bana \u00e7ok fazla a\u011fr\u0131 veriyordu. Burada \u0130svi\u00e7re\u2019de tedavi edilemeyecek bir di\u015fim \u00e7ekilmek zorunda kald\u0131\u011f\u0131nda, bir bo\u015fluk olu\u015ftu ve bana bir implant i\u00e7in \u0130svi\u00e7re\u2019den bir teklif geldi. O teklifi g\u00f6rd\u00fc\u011f\u00fcmde, sadece bir di\u015f i\u00e7in bu kadar para veremeyece\u011fimi hemen anlad\u0131m. Bu y\u00fczden internetten ara\u015ft\u0131rmaya ba\u015flad\u0131m; acaba yurt d\u0131\u015f\u0131na gitsem nas\u0131l olurdu diye. B\u00f6ylece MedicalTravel\u2019\u0131n web sitesine rastlad\u0131m ve onlarla ileti\u015fime ge\u00e7tim. Hemen \u00e7ok nazik bir \u015fekilde dan\u0131\u015fmanl\u0131k ald\u0131m ve hem kendim hem de karde\u015fim i\u00e7in Z\u00fcrich\u2019de r\u00f6ntgen randevusu ald\u0131k. Randevu \u00e7ok h\u0131zl\u0131 ge\u00e7ti. Bizlere ne istedi\u011fimiz soruldu, ard\u0131ndan kontrol yap\u0131ld\u0131. Sonras\u0131nda e-posta ile baz\u0131 teklifler ald\u0131k, bunlar\u0131 inceledik ve herhangi bir sorumuz oldu\u011funda her zaman e-posta, WhatsApp ya da telefonla MedicalTravel ile ileti\u015fime ge\u00e7ebilece\u011fimizi s\u00f6ylediler. Di\u015f tedavisini Antalya, T\u00fcrkiye\u2019de yapt\u0131rmaya karar verdik, ama biraz temkinliydik \u00e7\u00fcnk\u00fc yabanc\u0131 bir \u00fclke; dili bilmiyoruz vs. Ancak MedicalTravel bu korkular\u0131m\u0131z\u0131 ortadan kald\u0131rd\u0131. Her \u015feyi organize ettiler, u\u00e7u\u015fu, oteli ve t\u00fcm transferleri. Ayr\u0131ca yan\u0131m\u0131zda bir refakat\u00e7i almak istedik ve refakat\u00e7imiz i\u00e7in de her \u015fey d\u00fczenlendi. Bu, b\u00fcy\u00fck bir \u00f6vg\u00fc. Bu y\u00fczden internetten ara\u015ft\u0131rmaya ba\u015flad\u0131m; acaba yurt d\u0131\u015f\u0131na gitsem nas\u0131l olurdu diye. B\u00f6ylece MedicalTravel\u2019\u0131n web sitesine rastlad\u0131m ve onlarla ileti\u015fime ge\u00e7tim. Hemen \u00e7ok nazik bir \u015fekilde dan\u0131\u015fmanl\u0131k ald\u0131m ve hem kendim hem de karde\u015fim i\u00e7in Z\u00fcrich\u2019de r\u00f6ntgen randevusu ald\u0131k. Randevu \u00e7ok h\u0131zl\u0131 ge\u00e7ti. Bizlere ne istedi\u011fimiz soruldu, ard\u0131ndan kontrol yap\u0131ld\u0131. Sonras\u0131nda e-posta ile baz\u0131 teklifler ald\u0131k, bunlar\u0131 inceledik ve herhangi bir sorumuz oldu\u011funda her zaman e-posta, WhatsApp ya da telefonla MedicalTravel ile ileti\u015fime ge\u00e7ebilece\u011fimizi s\u00f6ylediler. Di\u015f tedavisini Antalya, T\u00fcrkiye\u2019de yapt\u0131rmaya karar verdik, ama biraz temkinliydik \u00e7\u00fcnk\u00fc yabanc\u0131 bir \u00fclke; dili bilmiyoruz vs. Ancak MedicalTravel bu korkular\u0131m\u0131z\u0131 ortadan kald\u0131rd\u0131. Her \u015feyi organize ettiler, u\u00e7u\u015fu, oteli ve t\u00fcm transferleri. Ayr\u0131ca yan\u0131m\u0131zda bir refakat\u00e7i almak istedik ve refakat\u00e7imiz i\u00e7in de her \u015fey d\u00fczenlendi. Klinikte her tedavi s\u0131ras\u0131nda yan\u0131m\u0131zda olan bir terc\u00fcman\u0131m\u0131z vard\u0131, fakat di\u015f hekimleri de bizimle ileti\u015fim kurmak i\u00e7in b\u00fcy\u00fck \u00e7aba harcad\u0131lar, ger\u00e7ekten \u00e7ok sevimli insanlard\u0131. Sonu\u00e7 olarak \u015funu s\u00f6yleyebilirim: Korkman\u0131za gerek yok \u00e7\u00fcnk\u00fc MedicalTravel her zaman ula\u015f\u0131labilir, bir \u015fey olursa yard\u0131mc\u0131 olurlar. Hemen tekrar gitmek isterdim. \u00c7ok be\u011fendim, fakat unutmamak gerekir ki her tedavi bir miktar a\u011fr\u0131 getirir. A\u011fr\u0131lar oluyor ama orada da \u00e7ok iyi bir \u015fekilde ilgileniliyor, en iyi \u015fekilde olabilmeniz i\u00e7in her \u015fey d\u00fc\u015f\u00fcn\u00fcl\u00fcyor ve hi\u00e7bir \u015fey eksik olmuyor. Bu yaz\u0131yla, di\u015f problemleri ya da ba\u015fka sa\u011fl\u0131k sorunlar\u0131 olan ama maddi imk\u00e2ns\u0131zl\u0131klar y\u00fcz\u00fcnden teredd\u00fct ya\u015fayan insanlara ula\u015fmak istiyorum; ger\u00e7ekten korkman\u0131za gerek yok. Sadece ilk ad\u0131m\u0131 atmaya cesaret etmeniz gerekiyor. Geri kalan\u0131n\u0131 MedicalTravel sizin i\u00e7in halleder. Sayg\u0131lar\u0131mla,Jenny Weibel, art\u0131k her zaman g\u00fcl\u00fcmsemesini g\u00f6sterecek. \u00d6nceki rapor Bir sonraki rapor<\/p>\n","protected":false},"author":4,"featured_media":0,"parent":4587,"menu_order":0,"comment_status":"closed","ping_status":"closed","template":"","meta":{"_joinchat":[],"footnotes":""},"class_list":["post-4775","page","type-page","status-publish","hentry"],"acf":[],"_links":{"self":[{"href":"https:\/\/medicaltravel.ch\/tr\/wp-json\/wp\/v2\/pages\/4775","targetHints":{"allow":["GET"]}}],"collection":[{"href":"https:\/\/medicaltravel.ch\/tr\/wp-json\/wp\/v2\/pages"}],"about":[{"href":"https:\/\/medicaltravel.ch\/tr\/wp-json\/wp\/v2\/types\/page"}],"author":[{"embeddable":true,"href":"https:\/\/medicaltravel.ch\/tr\/wp-json\/wp\/v2\/users\/4"}],"replies":[{"embeddable":true,"href":"https:\/\/medicaltravel.ch\/tr\/wp-json\/wp\/v2\/comments?post=4775"}],"version-history":[{"count":0,"href":"https:\/\/medicaltravel.ch\/tr\/wp-json\/wp\/v2\/pages\/4775\/revisions"}],"up":[{"embeddable":true,"href":"https:\/\/medicaltravel.ch\/tr\/wp-json\/wp\/v2\/pages\/4587"}],"wp:attachment":[{"href":"https:\/\/medicaltravel.ch\/tr\/wp-json\/wp\/v2\/media?parent=4775"}],"curies":[{"name":"wp","href":"https:\/\/api.w.org\/{rel}","templated":true}]}}